{"id":6514,"date":"2025-07-24T12:03:51","date_gmt":"2025-07-24T10:03:51","guid":{"rendered":"https:\/\/www.narconon.online\/?page_id=6514"},"modified":"2025-07-24T12:08:41","modified_gmt":"2025-07-24T10:08:41","slug":"ce-sunt-medicamentele-eliberate-pe-baza-de-reteta-utilizate-gresit","status":"publish","type":"page","link":"https:\/\/www.narconon.online\/ro\/glosar\/ce-sunt-medicamentele-eliberate-pe-baza-de-reteta-utilizate-gresit\/","title":{"rendered":"Ce sunt medicamentele eliberate pe baz\u0103 de re\u021bet\u0103 utilizate abuziv?"},"content":{"rendered":"<div data-elementor-type=\"wp-page\" data-elementor-id=\"6514\" class=\"elementor elementor-6514\" data-elementor-post-type=\"page\">\n\t\t\t\t<div class=\"elementor-element elementor-element-14d08559 e-flex e-con-boxed e-con e-parent\" data-id=\"14d08559\" data-element_type=\"container\" data-e-type=\"container\">\n\t\t\t\t\t<div class=\"e-con-inner\">\n\t\t<div class=\"elementor-element elementor-element-1cae676 e-grid e-con-full e-con e-child\" data-id=\"1cae676\" data-element_type=\"container\" data-e-type=\"container\">\n\t\t\t\t<div class=\"elementor-element elementor-element-ddfcbba elementor-widget elementor-widget-text-editor\" data-id=\"ddfcbba\" data-element_type=\"widget\" data-e-type=\"widget\" data-widget_type=\"text-editor.default\">\n\t\t\t\t<div class=\"elementor-widget-container\">\n\t\t\t\t\t\t\t\t\t<p data-start=\"352\" data-end=\"521\"><strong data-start=\"352\" data-end=\"382\">Medicamente eliberate pe baz\u0103 de re\u021bet\u0103 utilizate \u00een mod necorespunz\u0103tor<\/strong> sunt medicamente care sunt <strong data-start=\"408\" data-end=\"485\">luate f\u0103r\u0103 prescrip\u021bie medical\u0103, \u00een doze mai mari sau din motive nemedicale<\/strong>-de multe ori pentru a se droga sau a se auto-medica.<\/p>\n<p data-start=\"523\" data-end=\"733\">Acestea includ <strong data-start=\"537\" data-end=\"629\">analgezice (opioide), sedative (cum ar fi benzodiazepinele) \u0219i stimulente (cum ar fi medicamentele ADHD)<\/strong>. Chiar dac\u0103 sunt produse legal, aceste medicamente pot fi la fel de periculoase ca substan\u021bele ilegale atunci c\u00e2nd sunt utilizate \u00een mod abuziv.<\/p>\n<p data-start=\"735\" data-end=\"875\">Utilizarea abuziv\u0103 poate duce la <strong data-start=\"754\" data-end=\"815\">dependen\u021b\u0103, supradoz\u0103, probleme de s\u0103n\u0103tate mintal\u0103 \u0219i chiar deces<\/strong>, \u00een special atunci c\u00e2nd este combinat cu alcool sau alte substan\u021be.<\/p>\t\t\t\t\t\t\t\t<\/div>\n\t\t\t\t<\/div>\n\t\t\t\t<div class=\"elementor-element elementor-element-8f955ba elementor-widget elementor-widget-image\" data-id=\"8f955ba\" data-element_type=\"widget\" data-e-type=\"widget\" data-widget_type=\"image.default\">\n\t\t\t\t<div class=\"elementor-widget-container\">\n\t\t\t\t\t\t\t\t\t\t\t\t\t\t\t<img fetchpriority=\"high\" decoding=\"async\" width=\"1392\" height=\"752\" src=\"https:\/\/www.narconon.online\/wp-content\/uploads\/2025\/07\/freepik__scattered-prescription-pill-bottles-with-labels-re__69448.webp\" class=\"attachment-full size-full wp-image-6516\" alt=\"medicamente eliberate pe baz\u0103 de re\u021bet\u0103 utilizate \u00een mod necorespunz\u0103tor, inclusiv pastile, comprimate zdrobite \u0219i recipiente deschise\" srcset=\"https:\/\/www.narconon.online\/wp-content\/uploads\/2025\/07\/freepik__scattered-prescription-pill-bottles-with-labels-re__69448.webp 1392w, https:\/\/www.narconon.online\/wp-content\/uploads\/2025\/07\/freepik__scattered-prescription-pill-bottles-with-labels-re__69448-300x162.webp 300w, https:\/\/www.narconon.online\/wp-content\/uploads\/2025\/07\/freepik__scattered-prescription-pill-bottles-with-labels-re__69448-1024x553.webp 1024w, https:\/\/www.narconon.online\/wp-content\/uploads\/2025\/07\/freepik__scattered-prescription-pill-bottles-with-labels-re__69448-768x415.webp 768w, https:\/\/www.narconon.online\/wp-content\/uploads\/2025\/07\/freepik__scattered-prescription-pill-bottles-with-labels-re__69448-18x10.webp 18w\" sizes=\"(max-width: 1392px) 100vw, 1392px\" \/>\t\t\t\t\t\t\t\t\t\t\t\t\t\t\t<\/div>\n\t\t\t\t<\/div>\n\t\t\t\t<\/div>\n\t\t\t\t\t<\/div>\n\t\t\t\t<\/div>\n\t\t<div class=\"elementor-element elementor-element-064fdba e-flex e-con-boxed e-con e-parent\" data-id=\"064fdba\" data-element_type=\"container\" data-e-type=\"container\">\n\t\t\t\t\t<div class=\"e-con-inner\">\n\t\t<div class=\"elementor-element elementor-element-ecec8f5 e-grid e-con-full e-con e-child\" data-id=\"ecec8f5\" data-element_type=\"container\" data-e-type=\"container\">\n\t\t\t\t<div class=\"elementor-element elementor-element-0f0e55c elementor-widget elementor-widget-text-editor\" data-id=\"0f0e55c\" data-element_type=\"widget\" data-e-type=\"widget\" data-widget_type=\"text-editor.default\">\n\t\t\t\t<div class=\"elementor-widget-container\">\n\t\t\t\t\t\t\t\t\t<h3 id=\"h-related-terms\" class=\"wp-block-heading\">\ud83e\udde0 Termeni \u00eenrudi\u021bi<\/h3>\n<ul>\n<li data-start=\"920\" data-end=\"981\">\n<p data-start=\"922\" data-end=\"981\"><a class=\"\" href=\"\/ro\/glosar\/ce-sunt-medicamentele-eliberate-pe-baza-de-reteta\/\" rel=\"noopener\" data-start=\"922\" data-end=\"981\">Medicamente pe baz\u0103 de re\u021bet\u0103<\/a><\/p>\n<\/li>\n<li data-start=\"982\" data-end=\"1021\">\n<p data-start=\"984\" data-end=\"1021\"><a class=\"\" href=\"\/ro\/glosar\/ce-este-subutex\/\" rel=\"noopener\" data-start=\"984\" data-end=\"1021\">Subutex<\/a><\/p>\n<\/li>\n<li data-start=\"1022\" data-end=\"1077\">\n<p data-start=\"1024\" data-end=\"1077\"><a class=\"\" href=\"\/ro\/glosar\/ce-sunt-benzodiazepinele\/\" rel=\"noopener\" data-start=\"1024\" data-end=\"1077\">Benzodiazepine<\/a><\/p>\n<\/li>\n<li data-start=\"1022\" data-end=\"1077\"><a href=\"https:\/\/www.narconon.online\/ro\/glosar\/\">Glosar de termeni<\/a><\/li>\n<\/ul>\t\t\t\t\t\t\t\t<\/div>\n\t\t\t\t<\/div>\n\t\t\t\t<div class=\"elementor-element elementor-element-03e5102 elementor-widget elementor-widget-text-editor\" data-id=\"03e5102\" data-element_type=\"widget\" data-e-type=\"widget\" data-widget_type=\"text-editor.default\">\n\t\t\t\t<div class=\"elementor-widget-container\">\n\t\t\t\t\t\t\t\t\t<p id=\"h-related-terms\" class=\"wp-block-heading\">\ud83d\udc49 Afla\u021bi mai multe despre prevenire:<br \/><a class=\"\" href=\"https:\/\/www.narcononeurope.dk\/en\/drug-abuse\/\" target=\"_blank\" rel=\"noopener\">Narconon Europe - Ajutor pentru abuzul de droguri<\/a><\/p>\n<p><!-- \/wp:list-item --><\/p>\n<p><!-- \/wp:list --><!-- wp:paragraph --><\/p>\n<p>\ud83d\udc49 Pentru mai mult con\u021binut educa\u021bional, consulta\u021bi site-ul nostru <a class=\"\" href=\"https:\/\/www.narconon.online\/ro\/materiale-de-prevenire-a-consumului-de-droguri\/\">Materiale pentru educa\u021bia \u0219i prevenirea consumului de droguri<\/a><\/p>\t\t\t\t\t\t\t\t<\/div>\n\t\t\t\t<\/div>\n\t\t\t\t<\/div>\n\t\t\t\t<div class=\"elementor-element elementor-element-1497776 elementor-widget elementor-widget-heading\" data-id=\"1497776\" data-element_type=\"widget\" data-e-type=\"widget\" data-widget_type=\"heading.default\">\n\t\t\t\t<div class=\"elementor-widget-container\">\n\t\t\t\t\t<h2 class=\"elementor-heading-title elementor-size-default\">\u2753 \u00centreb\u0103ri frecvente - Ce sunt medicamentele eliberate pe baz\u0103 de re\u021bet\u0103 utilizate abuziv?<\/h2>\t\t\t\t<\/div>\n\t\t\t\t<\/div>\n\t\t\t\t<div class=\"elementor-element elementor-element-a24ee80 elementor-widget elementor-widget-text-editor\" data-id=\"a24ee80\" data-element_type=\"widget\" data-e-type=\"widget\" data-widget_type=\"text-editor.default\">\n\t\t\t\t<div class=\"elementor-widget-container\">\n\t\t\t\t\t\t\t\t\t<p data-start=\"1264\" data-end=\"1398\"><strong data-start=\"1264\" data-end=\"1311\">1. Ce se consider\u0103 abuz de medicamente eliberate pe baz\u0103 de re\u021bet\u0103?<\/strong><br data-start=\"1311\" data-end=\"1314\" \/>Luarea unui medicament f\u0103r\u0103 prescrip\u021bie medical\u0103, \u00een doze mai mari sau \u00een scopuri recreative.<\/p>\n<p data-start=\"1400\" data-end=\"1522\"><strong data-start=\"1400\" data-end=\"1453\">2. Care re\u021bete sunt cel mai frecvent utilizate \u00een mod abuziv?<\/strong><br data-start=\"1453\" data-end=\"1456\" \/>Opioide, benzodiazepine \u0219i stimulente precum Adderall sau Ritalin.<\/p>\n<p data-start=\"1524\" data-end=\"1673\"><strong data-start=\"1524\" data-end=\"1578\">3. De ce este periculos consumul abuziv dac\u0103 drogurile sunt legale?<\/strong><br data-start=\"1578\" data-end=\"1581\" \/>Acestea pot provoca totu\u0219i supradozaj, dependen\u021b\u0103 sau efecte secundare periculoase atunci c\u00e2nd nu sunt luate \u00een mod corespunz\u0103tor.<\/p>\n<p data-start=\"1675\" data-end=\"1799\"><strong data-start=\"1675\" data-end=\"1727\">4. Cum arat\u0103 medicamentele eliberate pe baz\u0103 de re\u021bet\u0103 utilizate \u00een mod necorespunz\u0103tor?<\/strong><br data-start=\"1727\" data-end=\"1730\" \/>De obicei, pastile sau capsule, uneori zdrobite \u00een pulbere sau injectate.<\/p>\n<p data-start=\"1801\" data-end=\"1921\"><strong data-start=\"1801\" data-end=\"1836\">5. Cum poate fi prevenit\u0103 utilizarea abuziv\u0103?<\/strong><br data-start=\"1836\" data-end=\"1839\" \/>Asigura\u021bi medicamentele, evita\u021bi partajarea \u0219i educa\u021bi cu privire la riscurile utiliz\u0103rii non-medicale.<\/p>\t\t\t\t\t\t\t\t<\/div>\n\t\t\t\t<\/div>\n\t\t\t\t<div class=\"elementor-element elementor-element-3c88435 elementor-widget elementor-widget-html\" data-id=\"3c88435\" data-element_type=\"widget\" data-e-type=\"widget\" data-widget_type=\"html.default\">\n\t\t\t\t<div class=\"elementor-widget-container\">\n\t\t\t\t\t<script type=\"application\/ld+json\">{\n    \"@context\": \"https:\\\/\\\/schema.org\",\n    \"@type\": \"WebPage\",\n    \"name\": \"What are Misused Prescription Drugs?\",\n    \"headline\": \"What are Misused Prescription Drugs?\",\n    \"url\": \"https:\\\/\\\/www.narconon.online\\\/glossary\\\/what-are-misused-prescription-drugs\\\/\",\n    \"description\": \"Misused prescription drugs are legally made medications taken without proper guidance. Learn the risks, examples, and how to avoid misuse.\",\n    \"datePublished\": \"2025-07-24\",\n    \"dateModified\": \"2025-07-24\",\n    \"inLanguage\": \"en\",\n    \"publisher\": {\n        \"@type\": \"Organization\",\n        \"name\": \"Narconon Europe\",\n        \"url\": \"https:\\\/\\\/www.narcononeurope.dk\"\n    },\n    \"author\": {\n        \"@type\": \"Person\",\n        \"name\": \"Jacky Buensoz\"\n    },\n    \"mainEntity\": {\n        \"@type\": \"FAQPage\",\n        \"mainEntity\": [\n            {\n                \"@type\": \"Question\",\n                \"name\": \"What counts as prescription drug misuse?\",\n                \"acceptedAnswer\": {\n                    \"@type\": \"Answer\",\n                    \"text\": \"Taking a drug without a prescription, in larger doses, or for recreational purposes.\"\n                }\n            },\n            {\n                \"@type\": \"Question\",\n                \"name\": \"Which prescriptions are most commonly misused?\",\n                \"acceptedAnswer\": {\n                    \"@type\": \"Answer\",\n                    \"text\": \"Opioids, benzodiazepines, and stimulants like Adderall or Ritalin.\"\n                }\n            },\n            {\n                \"@type\": \"Question\",\n                \"name\": \"Why is misuse dangerous if the drugs are legal?\",\n                \"acceptedAnswer\": {\n                    \"@type\": \"Answer\",\n                    \"text\": \"They can still cause overdose, addiction, or dangerous side effects when not taken properly.\"\n                }\n            },\n            {\n                \"@type\": \"Question\",\n                \"name\": \"What do misused prescription drugs look like?\",\n                \"acceptedAnswer\": {\n                    \"@type\": \"Answer\",\n                    \"text\": \"Usually pills or capsules, sometimes crushed into powder or injected.\"\n                }\n            },\n            {\n                \"@type\": \"Question\",\n                \"name\": \"How can misuse be prevented?\",\n                \"acceptedAnswer\": {\n                    \"@type\": \"Answer\",\n                    \"text\": \"Secure medications, avoid sharing, and educate about the risks of non-medical use.\"\n                }\n            }\n        ]\n    }\n}<\/script>\r\n\t\t\t\t<\/div>\n\t\t\t\t<\/div>\n\t\t\t\t\t<\/div>\n\t\t\t\t<\/div>\n\t\t\t\t<\/div>","protected":false},"excerpt":{"rendered":"<p>Misused prescription drugs are medications that are taken without a prescription, in higher doses, or for non-medical reasons\u2014often to get [&hellip;]<\/p>","protected":false},"author":43,"featured_media":0,"parent":5868,"menu_order":0,"comment_status":"closed","ping_status":"closed","template":"","meta":{"_acf_changed":false,"site-sidebar-layout":"default","site-content-layout":"","ast-site-content-layout":"default","site-content-style":"default","site-sidebar-style":"default","ast-global-header-display":"","ast-banner-title-visibility":"","ast-main-header-display":"","ast-hfb-above-header-display":"","ast-hfb-below-header-display":"","ast-hfb-mobile-header-display":"","site-post-title":"","ast-breadcrumbs-content":"","ast-featured-img":"","footer-sml-layout":"","ast-disable-related-posts":"","theme-transparent-header-meta":"","adv-header-id-meta":"","stick-header-meta":"","header-above-stick-meta":"","header-main-stick-meta":"","header-below-stick-meta":"","astra-migrate-meta-layouts":"default","ast-page-background-enabled":"default","ast-page-background-meta":{"desktop":{"background-color":"var(--ast-global-color-5)","background-image":"","background-repeat":"repeat","background-position":"center center","background-size":"auto","background-attachment":"scroll","background-type":"","background-media":"","overlay-type":"","overlay-color":"","overlay-opacity":"","overlay-gradient":""},"tablet":{"background-color":"","background-image":"","background-repeat":"repeat","background-position":"center center","background-size":"auto","background-attachment":"scroll","background-type":"","background-media":"","overlay-type":"","overlay-color":"","overlay-opacity":"","overlay-gradient":""},"mobile":{"background-color":"","background-image":"","background-repeat":"repeat","background-position":"center center","background-size":"auto","background-attachment":"scroll","background-type":"","background-media":"","overlay-type":"","overlay-color":"","overlay-opacity":"","overlay-gradient":""}},"ast-content-background-meta":{"desktop":{"background-color":"var(--ast-global-color-4)","background-image":"","background-repeat":"repeat","background-position":"center center","background-size":"auto","background-attachment":"scroll","background-type":"","background-media":"","overlay-type":"","overlay-color":"","overlay-opacity":"","overlay-gradient":""},"tablet":{"background-color":"var(--ast-global-color-4)","background-image":"","background-repeat":"repeat","background-position":"center center","background-size":"auto","background-attachment":"scroll","background-type":"","background-media":"","overlay-type":"","overlay-color":"","overlay-opacity":"","overlay-gradient":""},"mobile":{"background-color":"var(--ast-global-color-4)","background-image":"","background-repeat":"repeat","background-position":"center center","background-size":"auto","background-attachment":"scroll","background-type":"","background-media":"","overlay-type":"","overlay-color":"","overlay-opacity":"","overlay-gradient":""}},"footnotes":""},"class_list":["post-6514","page","type-page","status-publish","hentry"],"acf":[],"yoast_head":"<!-- This site is optimized with the Yoast SEO Premium plugin v26.6 (Yoast SEO v26.6) - https:\/\/yoast.com\/wordpress\/plugins\/seo\/ -->\n<title>What Are Misused Prescription Drugs and Their Risks<\/title>\n<meta name=\"description\" content=\"Understand what are misused prescription drugs and their impact on health and safety. Learn more about prevention and risks.\" \/>\n<meta name=\"robots\" content=\"index, follow, max-snippet:-1, max-image-preview:large, max-video-preview:-1\" \/>\n<link rel=\"canonical\" href=\"https:\/\/www.narconon.online\/ro\/glosar\/ce-sunt-medicamentele-eliberate-pe-baza-de-reteta-utilizate-gresit\/\" \/>\n<meta property=\"og:locale\" content=\"ro_RO\" \/>\n<meta property=\"og:type\" content=\"article\" \/>\n<meta property=\"og:title\" content=\"What are Misused Prescription Drugs?\" \/>\n<meta property=\"og:description\" content=\"Understand what are misused prescription drugs and their impact on health and safety. Learn more about prevention and risks.\" \/>\n<meta property=\"og:url\" content=\"https:\/\/www.narconon.online\/ro\/glosar\/ce-sunt-medicamentele-eliberate-pe-baza-de-reteta-utilizate-gresit\/\" \/>\n<meta property=\"og:site_name\" content=\"Narconon Europe\" \/>\n<meta property=\"article:publisher\" content=\"https:\/\/www.facebook.com\/narcononeu\" \/>\n<meta property=\"article:modified_time\" content=\"2025-07-24T10:08:41+00:00\" \/>\n<meta property=\"og:image\" content=\"https:\/\/www.narconon.online\/wp-content\/uploads\/2025\/07\/freepik__scattered-prescription-pill-bottles-with-labels-re__69448.webp\" \/>\n<meta name=\"twitter:card\" content=\"summary_large_image\" \/>\n<meta name=\"twitter:site\" content=\"@NARCONONEurope\" \/>\n<meta name=\"twitter:label1\" content=\"Timp estimat pentru citire\" \/>\n\t<meta name=\"twitter:data1\" content=\"2 minute\" \/>\n<script type=\"application\/ld+json\" class=\"yoast-schema-graph\">{\"@context\":\"https:\/\/schema.org\",\"@graph\":[{\"@type\":\"WebPage\",\"@id\":\"https:\/\/www.narconon.online\/glossary\/what-are-misused-prescription-drugs\/\",\"url\":\"https:\/\/www.narconon.online\/glossary\/what-are-misused-prescription-drugs\/\",\"name\":\"What Are Misused Prescription Drugs and Their Risks\",\"isPartOf\":{\"@id\":\"https:\/\/www.narconon.online\/#website\"},\"primaryImageOfPage\":{\"@id\":\"https:\/\/www.narconon.online\/glossary\/what-are-misused-prescription-drugs\/#primaryimage\"},\"image\":{\"@id\":\"https:\/\/www.narconon.online\/glossary\/what-are-misused-prescription-drugs\/#primaryimage\"},\"thumbnailUrl\":\"https:\/\/www.narconon.online\/wp-content\/uploads\/2025\/07\/freepik__scattered-prescription-pill-bottles-with-labels-re__69448.webp\",\"datePublished\":\"2025-07-24T10:03:51+00:00\",\"dateModified\":\"2025-07-24T10:08:41+00:00\",\"description\":\"Understand what are misused prescription drugs and their impact on health and safety. Learn more about prevention and risks.\",\"breadcrumb\":{\"@id\":\"https:\/\/www.narconon.online\/glossary\/what-are-misused-prescription-drugs\/#breadcrumb\"},\"inLanguage\":\"ro-RO\",\"potentialAction\":[{\"@type\":\"ReadAction\",\"target\":[\"https:\/\/www.narconon.online\/glossary\/what-are-misused-prescription-drugs\/\"]}]},{\"@type\":\"ImageObject\",\"inLanguage\":\"ro-RO\",\"@id\":\"https:\/\/www.narconon.online\/glossary\/what-are-misused-prescription-drugs\/#primaryimage\",\"url\":\"https:\/\/www.narconon.online\/wp-content\/uploads\/2025\/07\/freepik__scattered-prescription-pill-bottles-with-labels-re__69448.webp\",\"contentUrl\":\"https:\/\/www.narconon.online\/wp-content\/uploads\/2025\/07\/freepik__scattered-prescription-pill-bottles-with-labels-re__69448.webp\"},{\"@type\":\"BreadcrumbList\",\"@id\":\"https:\/\/www.narconon.online\/glossary\/what-are-misused-prescription-drugs\/#breadcrumb\",\"itemListElement\":[{\"@type\":\"ListItem\",\"position\":1,\"name\":\"Home\",\"item\":\"https:\/\/www.narconon.online\/\"},{\"@type\":\"ListItem\",\"position\":2,\"name\":\"Glossary of Drug Terms and Definitions\",\"item\":\"https:\/\/www.narconon.online\/glossary\/\"},{\"@type\":\"ListItem\",\"position\":3,\"name\":\"What are Misused Prescription Drugs?\"}]},{\"@type\":\"WebSite\",\"@id\":\"https:\/\/www.narconon.online\/#website\",\"url\":\"https:\/\/www.narconon.online\/\",\"name\":\"Narconon Europe\",\"description\":\"Drug Free For Good\",\"publisher\":{\"@id\":\"https:\/\/www.narconon.online\/#organization\"},\"potentialAction\":[{\"@type\":\"SearchAction\",\"target\":{\"@type\":\"EntryPoint\",\"urlTemplate\":\"https:\/\/www.narconon.online\/?s={search_term_string}\"},\"query-input\":{\"@type\":\"PropertyValueSpecification\",\"valueRequired\":true,\"valueName\":\"search_term_string\"}}],\"inLanguage\":\"ro-RO\"},{\"@type\":\"Organization\",\"@id\":\"https:\/\/www.narconon.online\/#organization\",\"name\":\"Narconon Europe\",\"url\":\"https:\/\/www.narconon.online\/\",\"logo\":{\"@type\":\"ImageObject\",\"inLanguage\":\"ro-RO\",\"@id\":\"https:\/\/www.narconon.online\/#\/schema\/logo\/image\/\",\"url\":\"https:\/\/www.narconon.online\/wp-content\/uploads\/2025\/03\/Logo-Narconon-Europe-2.png\",\"contentUrl\":\"https:\/\/www.narconon.online\/wp-content\/uploads\/2025\/03\/Logo-Narconon-Europe-2.png\",\"width\":2000,\"height\":707,\"caption\":\"Narconon Europe\"},\"image\":{\"@id\":\"https:\/\/www.narconon.online\/#\/schema\/logo\/image\/\"},\"sameAs\":[\"https:\/\/www.facebook.com\/narcononeu\",\"https:\/\/x.com\/NARCONONEurope\",\"https:\/\/www.instagram.com\/narconon.europe\/\",\"https:\/\/www.youtube.com\/channel\/UCNUxvhoqZZCAxXCYO4K7MvA\",\"https:\/\/www.tiktok.com\/@narconon.europe\"]}]}<\/script>\n<!-- \/ Yoast SEO Premium plugin. -->","yoast_head_json":{"title":"Care sunt medicamentele eliberate pe baz\u0103 de re\u021bet\u0103 utilizate abuziv \u0219i care sunt riscurile lor","description":"\u00cen\u021belege\u021bi care sunt medicamentele eliberate pe baz\u0103 de prescrip\u021bie medical\u0103 utilizate gre\u0219it \u0219i impactul acestora asupra s\u0103n\u0103t\u0103\u021bii \u0219i siguran\u021bei. Afla\u021bi mai multe despre prevenire \u0219i riscuri.","robots":{"index":"index","follow":"follow","max-snippet":"max-snippet:-1","max-image-preview":"max-image-preview:large","max-video-preview":"max-video-preview:-1"},"canonical":"https:\/\/www.narconon.online\/ro\/glosar\/ce-sunt-medicamentele-eliberate-pe-baza-de-reteta-utilizate-gresit\/","og_locale":"ro_RO","og_type":"article","og_title":"What are Misused Prescription Drugs?","og_description":"Understand what are misused prescription drugs and their impact on health and safety. Learn more about prevention and risks.","og_url":"https:\/\/www.narconon.online\/ro\/glosar\/ce-sunt-medicamentele-eliberate-pe-baza-de-reteta-utilizate-gresit\/","og_site_name":"Narconon Europe","article_publisher":"https:\/\/www.facebook.com\/narcononeu","article_modified_time":"2025-07-24T10:08:41+00:00","og_image":[{"url":"https:\/\/www.narconon.online\/wp-content\/uploads\/2025\/07\/freepik__scattered-prescription-pill-bottles-with-labels-re__69448.webp","type":"","width":"","height":""}],"twitter_card":"summary_large_image","twitter_site":"@NARCONONEurope","twitter_misc":{"Timp estimat pentru citire":"2 minute"},"schema":{"@context":"https:\/\/schema.org","@graph":[{"@type":"WebPage","@id":"https:\/\/www.narconon.online\/glossary\/what-are-misused-prescription-drugs\/","url":"https:\/\/www.narconon.online\/glossary\/what-are-misused-prescription-drugs\/","name":"Care sunt medicamentele eliberate pe baz\u0103 de re\u021bet\u0103 utilizate abuziv \u0219i care sunt riscurile lor","isPartOf":{"@id":"https:\/\/www.narconon.online\/#website"},"primaryImageOfPage":{"@id":"https:\/\/www.narconon.online\/glossary\/what-are-misused-prescription-drugs\/#primaryimage"},"image":{"@id":"https:\/\/www.narconon.online\/glossary\/what-are-misused-prescription-drugs\/#primaryimage"},"thumbnailUrl":"https:\/\/www.narconon.online\/wp-content\/uploads\/2025\/07\/freepik__scattered-prescription-pill-bottles-with-labels-re__69448.webp","datePublished":"2025-07-24T10:03:51+00:00","dateModified":"2025-07-24T10:08:41+00:00","description":"\u00cen\u021belege\u021bi care sunt medicamentele eliberate pe baz\u0103 de prescrip\u021bie medical\u0103 utilizate gre\u0219it \u0219i impactul acestora asupra s\u0103n\u0103t\u0103\u021bii \u0219i siguran\u021bei. Afla\u021bi mai multe despre prevenire \u0219i riscuri.","breadcrumb":{"@id":"https:\/\/www.narconon.online\/glossary\/what-are-misused-prescription-drugs\/#breadcrumb"},"inLanguage":"ro-RO","potentialAction":[{"@type":"ReadAction","target":["https:\/\/www.narconon.online\/glossary\/what-are-misused-prescription-drugs\/"]}]},{"@type":"ImageObject","inLanguage":"ro-RO","@id":"https:\/\/www.narconon.online\/glossary\/what-are-misused-prescription-drugs\/#primaryimage","url":"https:\/\/www.narconon.online\/wp-content\/uploads\/2025\/07\/freepik__scattered-prescription-pill-bottles-with-labels-re__69448.webp","contentUrl":"https:\/\/www.narconon.online\/wp-content\/uploads\/2025\/07\/freepik__scattered-prescription-pill-bottles-with-labels-re__69448.webp"},{"@type":"BreadcrumbList","@id":"https:\/\/www.narconon.online\/glossary\/what-are-misused-prescription-drugs\/#breadcrumb","itemListElement":[{"@type":"ListItem","position":1,"name":"Home","item":"https:\/\/www.narconon.online\/"},{"@type":"ListItem","position":2,"name":"Glossary of Drug Terms and Definitions","item":"https:\/\/www.narconon.online\/glossary\/"},{"@type":"ListItem","position":3,"name":"What are Misused Prescription Drugs?"}]},{"@type":"WebSite","@id":"https:\/\/www.narconon.online\/#website","url":"https:\/\/www.narconon.online\/","name":"Narconon Europa","description":"F\u0103r\u0103 droguri pentru totdeauna","publisher":{"@id":"https:\/\/www.narconon.online\/#organization"},"potentialAction":[{"@type":"SearchAction","target":{"@type":"EntryPoint","urlTemplate":"https:\/\/www.narconon.online\/?s={search_term_string}"},"query-input":{"@type":"PropertyValueSpecification","valueRequired":true,"valueName":"search_term_string"}}],"inLanguage":"ro-RO"},{"@type":"Organization","@id":"https:\/\/www.narconon.online\/#organization","name":"Narconon Europa","url":"https:\/\/www.narconon.online\/","logo":{"@type":"ImageObject","inLanguage":"ro-RO","@id":"https:\/\/www.narconon.online\/#\/schema\/logo\/image\/","url":"https:\/\/www.narconon.online\/wp-content\/uploads\/2025\/03\/Logo-Narconon-Europe-2.png","contentUrl":"https:\/\/www.narconon.online\/wp-content\/uploads\/2025\/03\/Logo-Narconon-Europe-2.png","width":2000,"height":707,"caption":"Narconon Europe"},"image":{"@id":"https:\/\/www.narconon.online\/#\/schema\/logo\/image\/"},"sameAs":["https:\/\/www.facebook.com\/narcononeu","https:\/\/x.com\/NARCONONEurope","https:\/\/www.instagram.com\/narconon.europe\/","https:\/\/www.youtube.com\/channel\/UCNUxvhoqZZCAxXCYO4K7MvA","https:\/\/www.tiktok.com\/@narconon.europe"]}]}},"_links":{"self":[{"href":"https:\/\/www.narconon.online\/ro\/wp-json\/wp\/v2\/pages\/6514","targetHints":{"allow":["GET"]}}],"collection":[{"href":"https:\/\/www.narconon.online\/ro\/wp-json\/wp\/v2\/pages"}],"about":[{"href":"https:\/\/www.narconon.online\/ro\/wp-json\/wp\/v2\/types\/page"}],"author":[{"embeddable":true,"href":"https:\/\/www.narconon.online\/ro\/wp-json\/wp\/v2\/users\/43"}],"replies":[{"embeddable":true,"href":"https:\/\/www.narconon.online\/ro\/wp-json\/wp\/v2\/comments?post=6514"}],"version-history":[{"count":6,"href":"https:\/\/www.narconon.online\/ro\/wp-json\/wp\/v2\/pages\/6514\/revisions"}],"predecessor-version":[{"id":6521,"href":"https:\/\/www.narconon.online\/ro\/wp-json\/wp\/v2\/pages\/6514\/revisions\/6521"}],"up":[{"embeddable":true,"href":"https:\/\/www.narconon.online\/ro\/wp-json\/wp\/v2\/pages\/5868"}],"wp:attachment":[{"href":"https:\/\/www.narconon.online\/ro\/wp-json\/wp\/v2\/media?parent=6514"}],"curies":[{"name":"wp","href":"https:\/\/api.w.org\/{rel}","templated":true}]}}