{"id":6490,"date":"2025-07-24T11:44:28","date_gmt":"2025-07-24T09:44:28","guid":{"rendered":"https:\/\/www.narconon.online\/?page_id=6490"},"modified":"2025-07-24T11:46:59","modified_gmt":"2025-07-24T09:46:59","slug":"ce-sunt-nps","status":"publish","type":"page","link":"https:\/\/www.narconon.online\/ro\/glosar\/ce-sunt-nps\/","title":{"rendered":"Ce sunt noile substan\u021be psihoactive (NPS)?"},"content":{"rendered":"<div data-elementor-type=\"wp-page\" data-elementor-id=\"6490\" class=\"elementor elementor-6490\" data-elementor-post-type=\"page\">\n\t\t\t\t<div class=\"elementor-element elementor-element-14d08559 e-flex e-con-boxed e-con e-parent\" data-id=\"14d08559\" data-element_type=\"container\" data-e-type=\"container\">\n\t\t\t\t\t<div class=\"e-con-inner\">\n\t\t<div class=\"elementor-element elementor-element-1cae676 e-grid e-con-full e-con e-child\" data-id=\"1cae676\" data-element_type=\"container\" data-e-type=\"container\">\n\t\t\t\t<div class=\"elementor-element elementor-element-ddfcbba elementor-widget elementor-widget-text-editor\" data-id=\"ddfcbba\" data-element_type=\"widget\" data-e-type=\"widget\" data-widget_type=\"text-editor.default\">\n\t\t\t\t<div class=\"elementor-widget-container\">\n\t\t\t\t\t\t\t\t\t<p data-start=\"308\" data-end=\"497\"><strong data-start=\"308\" data-end=\"345\">Substan\u021be psihoactive noi (NPS)<\/strong> sunt medicamente create \u00een laborator concepute pentru a <strong data-start=\"380\" data-end=\"427\">imit\u0103 efectele substan\u021belor tradi\u021bionale<\/strong> cum ar fi canabisul, cocaina sau ecstasy - evit\u00e2nd \u00een acela\u0219i timp restric\u021biile legale.<\/p>\n<p data-start=\"499\" data-end=\"691\">Aceste substan\u021be sunt v\u00e2ndute sub denumiri precum <strong data-start=\"542\" data-end=\"586\">\"s\u0103ruri de baie\", \"Spice\" sau \"droguri legale\".<\/strong> Compozi\u021bia lor chimic\u0103 este adesea modificat\u0103 u\u0219or pentru a ocoli legisla\u021bia, ceea ce le face greu de detectat \u0219i de reglementat.<\/p>\n<p data-start=\"693\" data-end=\"851\">Deoarece NPS sunt rareori testate pentru siguran\u021b\u0103, <strong data-start=\"735\" data-end=\"762\">acestea prezint\u0103 riscuri grave<\/strong>, inclusiv convulsii, psihoz\u0103, insuficien\u021b\u0103 cardiac\u0103 \u0219i moarte subit\u0103 - chiar \u0219i dup\u0103 o singur\u0103 utilizare.<\/p>\t\t\t\t\t\t\t\t<\/div>\n\t\t\t\t<\/div>\n\t\t\t\t<div class=\"elementor-element elementor-element-8f955ba elementor-widget elementor-widget-image\" data-id=\"8f955ba\" data-element_type=\"widget\" data-e-type=\"widget\" data-widget_type=\"image.default\">\n\t\t\t\t<div class=\"elementor-widget-container\">\n\t\t\t\t\t\t\t\t\t\t\t\t\t\t\t<img fetchpriority=\"high\" decoding=\"async\" width=\"1392\" height=\"752\" src=\"https:\/\/www.narconon.online\/wp-content\/uploads\/2025\/07\/freepik__closeup-of-a-colorful-legal-highs-packet-labeled-b__69445.webp\" class=\"attachment-full size-full wp-image-6492\" alt=\"Diverse produse NPS, cum ar fi s\u0103rurile de baie, pastilele \u0219i drogurile sintetice pe baz\u0103 de plante v\u00e2ndute ca droguri legale\" srcset=\"https:\/\/www.narconon.online\/wp-content\/uploads\/2025\/07\/freepik__closeup-of-a-colorful-legal-highs-packet-labeled-b__69445.webp 1392w, https:\/\/www.narconon.online\/wp-content\/uploads\/2025\/07\/freepik__closeup-of-a-colorful-legal-highs-packet-labeled-b__69445-300x162.webp 300w, https:\/\/www.narconon.online\/wp-content\/uploads\/2025\/07\/freepik__closeup-of-a-colorful-legal-highs-packet-labeled-b__69445-1024x553.webp 1024w, https:\/\/www.narconon.online\/wp-content\/uploads\/2025\/07\/freepik__closeup-of-a-colorful-legal-highs-packet-labeled-b__69445-768x415.webp 768w, https:\/\/www.narconon.online\/wp-content\/uploads\/2025\/07\/freepik__closeup-of-a-colorful-legal-highs-packet-labeled-b__69445-18x10.webp 18w\" sizes=\"(max-width: 1392px) 100vw, 1392px\" \/>\t\t\t\t\t\t\t\t\t\t\t\t\t\t\t<\/div>\n\t\t\t\t<\/div>\n\t\t\t\t<\/div>\n\t\t\t\t\t<\/div>\n\t\t\t\t<\/div>\n\t\t<div class=\"elementor-element elementor-element-064fdba e-flex e-con-boxed e-con e-parent\" data-id=\"064fdba\" data-element_type=\"container\" data-e-type=\"container\">\n\t\t\t\t\t<div class=\"e-con-inner\">\n\t\t<div class=\"elementor-element elementor-element-ecec8f5 e-grid e-con-full e-con e-child\" data-id=\"ecec8f5\" data-element_type=\"container\" data-e-type=\"container\">\n\t\t\t\t<div class=\"elementor-element elementor-element-0f0e55c elementor-widget elementor-widget-text-editor\" data-id=\"0f0e55c\" data-element_type=\"widget\" data-e-type=\"widget\" data-widget_type=\"text-editor.default\">\n\t\t\t\t<div class=\"elementor-widget-container\">\n\t\t\t\t\t\t\t\t\t<h3 id=\"h-related-terms\" class=\"wp-block-heading\">\ud83e\udde0 Termeni \u00eenrudi\u021bi<\/h3>\n<ul data-spread=\"false\" data-pm-slice=\"3 3 []\">\n<li><a href=\"https:\/\/www.narconon.online\/ro\/glosar\/ce-sunt-sarurile-de-baie\/\">S\u0103ruri de baie<\/a><\/li>\n<li><a href=\"https:\/\/www.narconon.online\/ro\/glosar\/ce-este-condimentul\/\">Condimente<\/a><\/li>\n<li>\n<p><a href=\"https:\/\/www.narconon.online\/ro\/glosar\/ce-sunt-drogurile-de-designer\/\">Droguri de concep\u021bie<\/a><\/p>\n<\/li>\n<li>\n<p><a href=\"https:\/\/www.narconon.online\/ro\/glosar\/\">Indice glosar<\/a><\/p>\n<\/li>\n<\/ul>\t\t\t\t\t\t\t\t<\/div>\n\t\t\t\t<\/div>\n\t\t\t\t<div class=\"elementor-element elementor-element-03e5102 elementor-widget elementor-widget-text-editor\" data-id=\"03e5102\" data-element_type=\"widget\" data-e-type=\"widget\" data-widget_type=\"text-editor.default\">\n\t\t\t\t<div class=\"elementor-widget-container\">\n\t\t\t\t\t\t\t\t\t<p id=\"h-related-terms\" class=\"wp-block-heading\">\ud83d\udc49 Afla\u021bi mai multe despre prevenire:<br \/><a class=\"\" href=\"https:\/\/www.narcononeurope.dk\/en\/drug-abuse\/\" target=\"_blank\" rel=\"noopener\">Narconon Europe - Ajutor pentru abuzul de droguri<\/a><\/p>\n<p><!-- \/wp:list-item --><\/p>\n<p><!-- \/wp:list --><!-- wp:paragraph --><\/p>\n<p>\ud83d\udc49 Pentru mai mult con\u021binut educa\u021bional, consulta\u021bi site-ul nostru <a class=\"\" href=\"https:\/\/www.narconon.online\/ro\/materiale-de-prevenire-a-consumului-de-droguri\/\">Materiale pentru educa\u021bia \u0219i prevenirea consumului de droguri<\/a><\/p>\t\t\t\t\t\t\t\t<\/div>\n\t\t\t\t<\/div>\n\t\t\t\t<\/div>\n\t\t\t\t<div class=\"elementor-element elementor-element-1497776 elementor-widget elementor-widget-heading\" data-id=\"1497776\" data-element_type=\"widget\" data-e-type=\"widget\" data-widget_type=\"heading.default\">\n\t\t\t\t<div class=\"elementor-widget-container\">\n\t\t\t\t\t<h2 class=\"elementor-heading-title elementor-size-default\">\u2753 \u00centreb\u0103ri frecvente - Ce sunt NPS?<\/h2>\t\t\t\t<\/div>\n\t\t\t\t<\/div>\n\t\t\t\t<div class=\"elementor-element elementor-element-a24ee80 elementor-widget elementor-widget-text-editor\" data-id=\"a24ee80\" data-element_type=\"widget\" data-e-type=\"widget\" data-widget_type=\"text-editor.default\">\n\t\t\t\t<div class=\"elementor-widget-container\">\n\t\t\t\t\t\t\t\t\t<p data-start=\"1195\" data-end=\"1311\"><strong data-start=\"1195\" data-end=\"1224\">1. Pentru ce sunt utilizate NPS?<\/strong><br data-start=\"1224\" data-end=\"1227\" \/>Acestea sunt adesea comercializate ca alternative legale la drogurile ilegale, utilizate \u00een scop recrea\u021bional.<\/p>\n<p data-start=\"1313\" data-end=\"1431\"><strong data-start=\"1313\" data-end=\"1342\">2. De ce sunt periculoase NPS?<\/strong><br data-start=\"1342\" data-end=\"1345\" \/>Ingredientele lor se schimb\u0103 constant, ceea ce le face imprevizibile \u0219i poten\u021bial mortale.<\/p>\n<p data-start=\"1433\" data-end=\"1542\"><strong data-start=\"1433\" data-end=\"1462\">3. Cum arat\u0103 NPS?<\/strong><br data-start=\"1462\" data-end=\"1465\" \/>Acestea se prezint\u0103 sub form\u0103 de pulberi, pastile, cristale sau ierburi uscate pulverizate cu substan\u021be chimice.<\/p>\n<p data-start=\"1544\" data-end=\"1653\"><strong data-start=\"1544\" data-end=\"1565\">4. NPS sunt legale?<\/strong><br data-start=\"1565\" data-end=\"1568\" \/>Majoritatea sunt acum interzise \u00een Europa, dar apar mereu noi variante pentru a evita reglement\u0103rile.<\/p>\n<p data-start=\"1655\" data-end=\"1770\"><strong data-start=\"1655\" data-end=\"1697\">5. Cum poate cineva s\u0103 se protejeze de NPS?<\/strong><br data-start=\"1697\" data-end=\"1700\" \/>Evita\u021bi orice produse neetichetate sau \"legal high\" v\u00e2ndute online sau \u00een magazine.<\/p>\t\t\t\t\t\t\t\t<\/div>\n\t\t\t\t<\/div>\n\t\t\t\t<div class=\"elementor-element elementor-element-3c88435 elementor-widget elementor-widget-html\" data-id=\"3c88435\" data-element_type=\"widget\" data-e-type=\"widget\" data-widget_type=\"html.default\">\n\t\t\t\t<div class=\"elementor-widget-container\">\n\t\t\t\t\t<script type=\"application\/ld+json\">{\n    \"@context\": \"https:\\\/\\\/schema.org\",\n    \"@type\": \"WebPage\",\n    \"name\": \"What are New Psychoactive Substances (NPS)?\",\n    \"headline\": \"What are New Psychoactive Substances (NPS)?\",\n    \"url\": \"https:\\\/\\\/www.narconon.online\\\/glossary\\\/what-are-nps\\\/\",\n    \"description\": \"NPS are synthetic drugs designed to imitate illegal substances. Learn what they are, why they\\u2019re dangerous, and how to recognize them.\",\n    \"datePublished\": \"2025-07-24\",\n    \"dateModified\": \"2025-07-24\",\n    \"inLanguage\": \"en\",\n    \"publisher\": {\n        \"@type\": \"Organization\",\n        \"name\": \"Narconon Europe\",\n        \"url\": \"https:\\\/\\\/www.narcononeurope.dk\"\n    },\n    \"author\": {\n        \"@type\": \"Person\",\n        \"name\": \"Jacky Buensoz\"\n    },\n    \"mainEntity\": {\n        \"@type\": \"FAQPage\",\n        \"mainEntity\": [\n            {\n                \"@type\": \"Question\",\n                \"name\": \"What are NPS used for?\",\n                \"acceptedAnswer\": {\n                    \"@type\": \"Answer\",\n                    \"text\": \"They are often marketed as legal alternatives to illegal drugs, used recreationally.\"\n                }\n            },\n            {\n                \"@type\": \"Question\",\n                \"name\": \"Why are NPS dangerous?\",\n                \"acceptedAnswer\": {\n                    \"@type\": \"Answer\",\n                    \"text\": \"Their ingredients constantly change, making them unpredictable and potentially deadly.\"\n                }\n            },\n            {\n                \"@type\": \"Question\",\n                \"name\": \"What do NPS look like?\",\n                \"acceptedAnswer\": {\n                    \"@type\": \"Answer\",\n                    \"text\": \"They come as powders, pills, crystals, or dried herbs sprayed with chemicals.\"\n                }\n            },\n            {\n                \"@type\": \"Question\",\n                \"name\": \"Are NPS legal?\",\n                \"acceptedAnswer\": {\n                    \"@type\": \"Answer\",\n                    \"text\": \"Most are now banned in Europe, but new variations keep appearing to avoid regulation.\"\n                }\n            },\n            {\n                \"@type\": \"Question\",\n                \"name\": \"How can someone stay safe from NPS?\",\n                \"acceptedAnswer\": {\n                    \"@type\": \"Answer\",\n                    \"text\": \"Avoid any unlabelled or \\u201clegal high\\u201d products sold online or in shops.\"\n                }\n            }\n        ]\n    }\n}<\/script>\r\n\t\t\t\t<\/div>\n\t\t\t\t<\/div>\n\t\t\t\t\t<\/div>\n\t\t\t\t<\/div>\n\t\t\t\t<\/div>","protected":false},"excerpt":{"rendered":"<p>New Psychoactive Substances (NPS) are lab-created drugs designed to mimic the effects of traditional substances like cannabis, cocaine, or ecstasy\u2014while [&hellip;]<\/p>","protected":false},"author":43,"featured_media":0,"parent":5868,"menu_order":0,"comment_status":"closed","ping_status":"closed","template":"","meta":{"_acf_changed":false,"site-sidebar-layout":"default","site-content-layout":"","ast-site-content-layout":"default","site-content-style":"default","site-sidebar-style":"default","ast-global-header-display":"","ast-banner-title-visibility":"","ast-main-header-display":"","ast-hfb-above-header-display":"","ast-hfb-below-header-display":"","ast-hfb-mobile-header-display":"","site-post-title":"","ast-breadcrumbs-content":"","ast-featured-img":"","footer-sml-layout":"","ast-disable-related-posts":"","theme-transparent-header-meta":"","adv-header-id-meta":"","stick-header-meta":"","header-above-stick-meta":"","header-main-stick-meta":"","header-below-stick-meta":"","astra-migrate-meta-layouts":"default","ast-page-background-enabled":"default","ast-page-background-meta":{"desktop":{"background-color":"var(--ast-global-color-5)","background-image":"","background-repeat":"repeat","background-position":"center center","background-size":"auto","background-attachment":"scroll","background-type":"","background-media":"","overlay-type":"","overlay-color":"","overlay-opacity":"","overlay-gradient":""},"tablet":{"background-color":"","background-image":"","background-repeat":"repeat","background-position":"center center","background-size":"auto","background-attachment":"scroll","background-type":"","background-media":"","overlay-type":"","overlay-color":"","overlay-opacity":"","overlay-gradient":""},"mobile":{"background-color":"","background-image":"","background-repeat":"repeat","background-position":"center center","background-size":"auto","background-attachment":"scroll","background-type":"","background-media":"","overlay-type":"","overlay-color":"","overlay-opacity":"","overlay-gradient":""}},"ast-content-background-meta":{"desktop":{"background-color":"var(--ast-global-color-4)","background-image":"","background-repeat":"repeat","background-position":"center center","background-size":"auto","background-attachment":"scroll","background-type":"","background-media":"","overlay-type":"","overlay-color":"","overlay-opacity":"","overlay-gradient":""},"tablet":{"background-color":"var(--ast-global-color-4)","background-image":"","background-repeat":"repeat","background-position":"center center","background-size":"auto","background-attachment":"scroll","background-type":"","background-media":"","overlay-type":"","overlay-color":"","overlay-opacity":"","overlay-gradient":""},"mobile":{"background-color":"var(--ast-global-color-4)","background-image":"","background-repeat":"repeat","background-position":"center center","background-size":"auto","background-attachment":"scroll","background-type":"","background-media":"","overlay-type":"","overlay-color":"","overlay-opacity":"","overlay-gradient":""}},"footnotes":""},"class_list":["post-6490","page","type-page","status-publish","hentry"],"acf":[],"yoast_head":"<!-- This site is optimized with the Yoast SEO Premium plugin v26.6 (Yoast SEO v26.6) - https:\/\/yoast.com\/wordpress\/plugins\/seo\/ -->\n<title>What Are NPS and Their Dangers Explained<\/title>\n<meta name=\"description\" content=\"Discover what are NPS and their risks. Learn about new psychoactive substances and their dangerous effects on health.\" \/>\n<meta name=\"robots\" content=\"index, follow, max-snippet:-1, max-image-preview:large, max-video-preview:-1\" \/>\n<link rel=\"canonical\" href=\"https:\/\/www.narconon.online\/ro\/glosar\/ce-sunt-nps\/\" \/>\n<meta property=\"og:locale\" content=\"ro_RO\" \/>\n<meta property=\"og:type\" content=\"article\" \/>\n<meta property=\"og:title\" content=\"What are New Psychoactive Substances (NPS)?\" \/>\n<meta property=\"og:description\" content=\"Discover what are NPS and their risks. Learn about new psychoactive substances and their dangerous effects on health.\" \/>\n<meta property=\"og:url\" content=\"https:\/\/www.narconon.online\/ro\/glosar\/ce-sunt-nps\/\" \/>\n<meta property=\"og:site_name\" content=\"Narconon Europe\" \/>\n<meta property=\"article:publisher\" content=\"https:\/\/www.facebook.com\/narcononeu\" \/>\n<meta property=\"article:modified_time\" content=\"2025-07-24T09:46:59+00:00\" \/>\n<meta property=\"og:image\" content=\"https:\/\/www.narconon.online\/wp-content\/uploads\/2025\/07\/freepik__closeup-of-a-colorful-legal-highs-packet-labeled-b__69445.webp\" \/>\n<meta name=\"twitter:card\" content=\"summary_large_image\" \/>\n<meta name=\"twitter:site\" content=\"@NARCONONEurope\" \/>\n<meta name=\"twitter:label1\" content=\"Timp estimat pentru citire\" \/>\n\t<meta name=\"twitter:data1\" content=\"2 minute\" \/>\n<script type=\"application\/ld+json\" class=\"yoast-schema-graph\">{\"@context\":\"https:\/\/schema.org\",\"@graph\":[{\"@type\":\"WebPage\",\"@id\":\"https:\/\/www.narconon.online\/glossary\/what-are-nps\/\",\"url\":\"https:\/\/www.narconon.online\/glossary\/what-are-nps\/\",\"name\":\"What Are NPS and Their Dangers Explained\",\"isPartOf\":{\"@id\":\"https:\/\/www.narconon.online\/#website\"},\"primaryImageOfPage\":{\"@id\":\"https:\/\/www.narconon.online\/glossary\/what-are-nps\/#primaryimage\"},\"image\":{\"@id\":\"https:\/\/www.narconon.online\/glossary\/what-are-nps\/#primaryimage\"},\"thumbnailUrl\":\"https:\/\/www.narconon.online\/wp-content\/uploads\/2025\/07\/freepik__closeup-of-a-colorful-legal-highs-packet-labeled-b__69445.webp\",\"datePublished\":\"2025-07-24T09:44:28+00:00\",\"dateModified\":\"2025-07-24T09:46:59+00:00\",\"description\":\"Discover what are NPS and their risks. Learn about new psychoactive substances and their dangerous effects on health.\",\"breadcrumb\":{\"@id\":\"https:\/\/www.narconon.online\/glossary\/what-are-nps\/#breadcrumb\"},\"inLanguage\":\"ro-RO\",\"potentialAction\":[{\"@type\":\"ReadAction\",\"target\":[\"https:\/\/www.narconon.online\/glossary\/what-are-nps\/\"]}]},{\"@type\":\"ImageObject\",\"inLanguage\":\"ro-RO\",\"@id\":\"https:\/\/www.narconon.online\/glossary\/what-are-nps\/#primaryimage\",\"url\":\"https:\/\/www.narconon.online\/wp-content\/uploads\/2025\/07\/freepik__closeup-of-a-colorful-legal-highs-packet-labeled-b__69445.webp\",\"contentUrl\":\"https:\/\/www.narconon.online\/wp-content\/uploads\/2025\/07\/freepik__closeup-of-a-colorful-legal-highs-packet-labeled-b__69445.webp\"},{\"@type\":\"BreadcrumbList\",\"@id\":\"https:\/\/www.narconon.online\/glossary\/what-are-nps\/#breadcrumb\",\"itemListElement\":[{\"@type\":\"ListItem\",\"position\":1,\"name\":\"Home\",\"item\":\"https:\/\/www.narconon.online\/\"},{\"@type\":\"ListItem\",\"position\":2,\"name\":\"Glossary of Drug Terms and Definitions\",\"item\":\"https:\/\/www.narconon.online\/glossary\/\"},{\"@type\":\"ListItem\",\"position\":3,\"name\":\"What are New Psychoactive Substances (NPS)?\"}]},{\"@type\":\"WebSite\",\"@id\":\"https:\/\/www.narconon.online\/#website\",\"url\":\"https:\/\/www.narconon.online\/\",\"name\":\"Narconon Europe\",\"description\":\"Drug Free For Good\",\"publisher\":{\"@id\":\"https:\/\/www.narconon.online\/#organization\"},\"potentialAction\":[{\"@type\":\"SearchAction\",\"target\":{\"@type\":\"EntryPoint\",\"urlTemplate\":\"https:\/\/www.narconon.online\/?s={search_term_string}\"},\"query-input\":{\"@type\":\"PropertyValueSpecification\",\"valueRequired\":true,\"valueName\":\"search_term_string\"}}],\"inLanguage\":\"ro-RO\"},{\"@type\":\"Organization\",\"@id\":\"https:\/\/www.narconon.online\/#organization\",\"name\":\"Narconon Europe\",\"url\":\"https:\/\/www.narconon.online\/\",\"logo\":{\"@type\":\"ImageObject\",\"inLanguage\":\"ro-RO\",\"@id\":\"https:\/\/www.narconon.online\/#\/schema\/logo\/image\/\",\"url\":\"https:\/\/www.narconon.online\/wp-content\/uploads\/2025\/03\/Logo-Narconon-Europe-2.png\",\"contentUrl\":\"https:\/\/www.narconon.online\/wp-content\/uploads\/2025\/03\/Logo-Narconon-Europe-2.png\",\"width\":2000,\"height\":707,\"caption\":\"Narconon Europe\"},\"image\":{\"@id\":\"https:\/\/www.narconon.online\/#\/schema\/logo\/image\/\"},\"sameAs\":[\"https:\/\/www.facebook.com\/narcononeu\",\"https:\/\/x.com\/NARCONONEurope\",\"https:\/\/www.instagram.com\/narconon.europe\/\",\"https:\/\/www.youtube.com\/channel\/UCNUxvhoqZZCAxXCYO4K7MvA\",\"https:\/\/www.tiktok.com\/@narconon.europe\"]}]}<\/script>\n<!-- \/ Yoast SEO Premium plugin. -->","yoast_head_json":{"title":"Ce sunt NPS \u0219i pericolele lor explicate","description":"Descoperi\u021bi ce sunt NPS \u0219i care sunt riscurile lor. Afla\u021bi despre noile substan\u021be psihoactive \u0219i efectele lor periculoase asupra s\u0103n\u0103t\u0103\u021bii.","robots":{"index":"index","follow":"follow","max-snippet":"max-snippet:-1","max-image-preview":"max-image-preview:large","max-video-preview":"max-video-preview:-1"},"canonical":"https:\/\/www.narconon.online\/ro\/glosar\/ce-sunt-nps\/","og_locale":"ro_RO","og_type":"article","og_title":"What are New Psychoactive Substances (NPS)?","og_description":"Discover what are NPS and their risks. Learn about new psychoactive substances and their dangerous effects on health.","og_url":"https:\/\/www.narconon.online\/ro\/glosar\/ce-sunt-nps\/","og_site_name":"Narconon Europe","article_publisher":"https:\/\/www.facebook.com\/narcononeu","article_modified_time":"2025-07-24T09:46:59+00:00","og_image":[{"url":"https:\/\/www.narconon.online\/wp-content\/uploads\/2025\/07\/freepik__closeup-of-a-colorful-legal-highs-packet-labeled-b__69445.webp","type":"","width":"","height":""}],"twitter_card":"summary_large_image","twitter_site":"@NARCONONEurope","twitter_misc":{"Timp estimat pentru citire":"2 minute"},"schema":{"@context":"https:\/\/schema.org","@graph":[{"@type":"WebPage","@id":"https:\/\/www.narconon.online\/glossary\/what-are-nps\/","url":"https:\/\/www.narconon.online\/glossary\/what-are-nps\/","name":"Ce sunt NPS \u0219i pericolele lor explicate","isPartOf":{"@id":"https:\/\/www.narconon.online\/#website"},"primaryImageOfPage":{"@id":"https:\/\/www.narconon.online\/glossary\/what-are-nps\/#primaryimage"},"image":{"@id":"https:\/\/www.narconon.online\/glossary\/what-are-nps\/#primaryimage"},"thumbnailUrl":"https:\/\/www.narconon.online\/wp-content\/uploads\/2025\/07\/freepik__closeup-of-a-colorful-legal-highs-packet-labeled-b__69445.webp","datePublished":"2025-07-24T09:44:28+00:00","dateModified":"2025-07-24T09:46:59+00:00","description":"Descoperi\u021bi ce sunt NPS \u0219i care sunt riscurile lor. Afla\u021bi despre noile substan\u021be psihoactive \u0219i efectele lor periculoase asupra s\u0103n\u0103t\u0103\u021bii.","breadcrumb":{"@id":"https:\/\/www.narconon.online\/glossary\/what-are-nps\/#breadcrumb"},"inLanguage":"ro-RO","potentialAction":[{"@type":"ReadAction","target":["https:\/\/www.narconon.online\/glossary\/what-are-nps\/"]}]},{"@type":"ImageObject","inLanguage":"ro-RO","@id":"https:\/\/www.narconon.online\/glossary\/what-are-nps\/#primaryimage","url":"https:\/\/www.narconon.online\/wp-content\/uploads\/2025\/07\/freepik__closeup-of-a-colorful-legal-highs-packet-labeled-b__69445.webp","contentUrl":"https:\/\/www.narconon.online\/wp-content\/uploads\/2025\/07\/freepik__closeup-of-a-colorful-legal-highs-packet-labeled-b__69445.webp"},{"@type":"BreadcrumbList","@id":"https:\/\/www.narconon.online\/glossary\/what-are-nps\/#breadcrumb","itemListElement":[{"@type":"ListItem","position":1,"name":"Home","item":"https:\/\/www.narconon.online\/"},{"@type":"ListItem","position":2,"name":"Glossary of Drug Terms and Definitions","item":"https:\/\/www.narconon.online\/glossary\/"},{"@type":"ListItem","position":3,"name":"What are New Psychoactive Substances (NPS)?"}]},{"@type":"WebSite","@id":"https:\/\/www.narconon.online\/#website","url":"https:\/\/www.narconon.online\/","name":"Narconon Europa","description":"F\u0103r\u0103 droguri pentru totdeauna","publisher":{"@id":"https:\/\/www.narconon.online\/#organization"},"potentialAction":[{"@type":"SearchAction","target":{"@type":"EntryPoint","urlTemplate":"https:\/\/www.narconon.online\/?s={search_term_string}"},"query-input":{"@type":"PropertyValueSpecification","valueRequired":true,"valueName":"search_term_string"}}],"inLanguage":"ro-RO"},{"@type":"Organization","@id":"https:\/\/www.narconon.online\/#organization","name":"Narconon Europa","url":"https:\/\/www.narconon.online\/","logo":{"@type":"ImageObject","inLanguage":"ro-RO","@id":"https:\/\/www.narconon.online\/#\/schema\/logo\/image\/","url":"https:\/\/www.narconon.online\/wp-content\/uploads\/2025\/03\/Logo-Narconon-Europe-2.png","contentUrl":"https:\/\/www.narconon.online\/wp-content\/uploads\/2025\/03\/Logo-Narconon-Europe-2.png","width":2000,"height":707,"caption":"Narconon Europe"},"image":{"@id":"https:\/\/www.narconon.online\/#\/schema\/logo\/image\/"},"sameAs":["https:\/\/www.facebook.com\/narcononeu","https:\/\/x.com\/NARCONONEurope","https:\/\/www.instagram.com\/narconon.europe\/","https:\/\/www.youtube.com\/channel\/UCNUxvhoqZZCAxXCYO4K7MvA","https:\/\/www.tiktok.com\/@narconon.europe"]}]}},"_links":{"self":[{"href":"https:\/\/www.narconon.online\/ro\/wp-json\/wp\/v2\/pages\/6490","targetHints":{"allow":["GET"]}}],"collection":[{"href":"https:\/\/www.narconon.online\/ro\/wp-json\/wp\/v2\/pages"}],"about":[{"href":"https:\/\/www.narconon.online\/ro\/wp-json\/wp\/v2\/types\/page"}],"author":[{"embeddable":true,"href":"https:\/\/www.narconon.online\/ro\/wp-json\/wp\/v2\/users\/43"}],"replies":[{"embeddable":true,"href":"https:\/\/www.narconon.online\/ro\/wp-json\/wp\/v2\/comments?post=6490"}],"version-history":[{"count":6,"href":"https:\/\/www.narconon.online\/ro\/wp-json\/wp\/v2\/pages\/6490\/revisions"}],"predecessor-version":[{"id":6497,"href":"https:\/\/www.narconon.online\/ro\/wp-json\/wp\/v2\/pages\/6490\/revisions\/6497"}],"up":[{"embeddable":true,"href":"https:\/\/www.narconon.online\/ro\/wp-json\/wp\/v2\/pages\/5868"}],"wp:attachment":[{"href":"https:\/\/www.narconon.online\/ro\/wp-json\/wp\/v2\/media?parent=6490"}],"curies":[{"name":"wp","href":"https:\/\/api.w.org\/{rel}","templated":true}]}}