{"id":6482,"date":"2025-07-24T11:38:30","date_gmt":"2025-07-24T09:38:30","guid":{"rendered":"https:\/\/www.narconon.online\/?page_id=6482"},"modified":"2025-07-24T11:40:32","modified_gmt":"2025-07-24T09:40:32","slug":"ce-sunt-canabinoizii","status":"publish","type":"page","link":"https:\/\/www.narconon.online\/ro\/glosar\/ce-sunt-canabinoizii\/","title":{"rendered":"Ce sunt canabinoizii?"},"content":{"rendered":"<div data-elementor-type=\"wp-page\" data-elementor-id=\"6482\" class=\"elementor elementor-6482\" data-elementor-post-type=\"page\">\n\t\t\t\t<div class=\"elementor-element elementor-element-14d08559 e-flex e-con-boxed e-con e-parent\" data-id=\"14d08559\" data-element_type=\"container\" data-e-type=\"container\">\n\t\t\t\t\t<div class=\"e-con-inner\">\n\t\t<div class=\"elementor-element elementor-element-1cae676 e-grid e-con-full e-con e-child\" data-id=\"1cae676\" data-element_type=\"container\" data-e-type=\"container\">\n\t\t\t\t<div class=\"elementor-element elementor-element-ddfcbba elementor-widget elementor-widget-text-editor\" data-id=\"ddfcbba\" data-element_type=\"widget\" data-e-type=\"widget\" data-widget_type=\"text-editor.default\">\n\t\t\t\t<div class=\"elementor-widget-container\">\n\t\t\t\t\t\t\t\t\t<p data-start=\"284\" data-end=\"419\"><strong data-start=\"284\" data-end=\"300\">Canabinoizi<\/strong> sunt compu\u0219i care <strong data-start=\"320\" data-end=\"364\">ac\u021bioneaz\u0103 asupra sistemului endocannabinoid al organismului<\/strong>, influen\u021b\u00e2nd starea de spirit, memoria, apetitul \u0219i coordonarea.<\/p>\n<p data-start=\"421\" data-end=\"663\">Acestea se g\u0103sesc \u00een mod natural \u00een planta de canabis - cum ar fi <strong data-start=\"476\" data-end=\"483\">THC<\/strong> (care provoac\u0103 un \"high\") \u0219i <strong data-start=\"512\" data-end=\"519\">CBD<\/strong> (care nu este psihoactiv). Exist\u0103, de asemenea <strong data-start=\"564\" data-end=\"590\">canabinoizi sintetici<\/strong>, precum \"Spice\" sau \"K2\", care sunt produse de om \u0219i pot fi mult mai periculoase.<\/p>\n<p data-start=\"665\" data-end=\"825\">\u00cen timp ce unele canabinoide sunt utilizate \u00een scopuri medicale, <strong data-start=\"709\" data-end=\"788\">abuzul poate duce la dependen\u021b\u0103, probleme de s\u0103n\u0103tate mintal\u0103 sau efecte secundare severe<\/strong>, \u00een special cu versiunile sintetice.<\/p>\t\t\t\t\t\t\t\t<\/div>\n\t\t\t\t<\/div>\n\t\t\t\t<div class=\"elementor-element elementor-element-8f955ba elementor-widget elementor-widget-image\" data-id=\"8f955ba\" data-element_type=\"widget\" data-e-type=\"widget\" data-widget_type=\"image.default\">\n\t\t\t\t<div class=\"elementor-widget-container\">\n\t\t\t\t\t\t\t\t\t\t\t\t\t\t\t<img fetchpriority=\"high\" decoding=\"async\" width=\"1392\" height=\"752\" src=\"https:\/\/www.narconon.online\/wp-content\/uploads\/2025\/07\/freepik__a-collection-of-cannabinoid-products-dried-cannabi__69444.webp\" class=\"attachment-full size-full wp-image-6484\" alt=\"Exemple de canabinoizi, inclusiv muguri de marijuana, cartu\u0219e de vape \u0219i pache\u021bel sintetic Spice\" srcset=\"https:\/\/www.narconon.online\/wp-content\/uploads\/2025\/07\/freepik__a-collection-of-cannabinoid-products-dried-cannabi__69444.webp 1392w, https:\/\/www.narconon.online\/wp-content\/uploads\/2025\/07\/freepik__a-collection-of-cannabinoid-products-dried-cannabi__69444-300x162.webp 300w, https:\/\/www.narconon.online\/wp-content\/uploads\/2025\/07\/freepik__a-collection-of-cannabinoid-products-dried-cannabi__69444-1024x553.webp 1024w, https:\/\/www.narconon.online\/wp-content\/uploads\/2025\/07\/freepik__a-collection-of-cannabinoid-products-dried-cannabi__69444-768x415.webp 768w, https:\/\/www.narconon.online\/wp-content\/uploads\/2025\/07\/freepik__a-collection-of-cannabinoid-products-dried-cannabi__69444-18x10.webp 18w\" sizes=\"(max-width: 1392px) 100vw, 1392px\" \/>\t\t\t\t\t\t\t\t\t\t\t\t\t\t\t<\/div>\n\t\t\t\t<\/div>\n\t\t\t\t<\/div>\n\t\t\t\t\t<\/div>\n\t\t\t\t<\/div>\n\t\t<div class=\"elementor-element elementor-element-064fdba e-flex e-con-boxed e-con e-parent\" data-id=\"064fdba\" data-element_type=\"container\" data-e-type=\"container\">\n\t\t\t\t\t<div class=\"e-con-inner\">\n\t\t<div class=\"elementor-element elementor-element-ecec8f5 e-grid e-con-full e-con e-child\" data-id=\"ecec8f5\" data-element_type=\"container\" data-e-type=\"container\">\n\t\t\t\t<div class=\"elementor-element elementor-element-0f0e55c elementor-widget elementor-widget-text-editor\" data-id=\"0f0e55c\" data-element_type=\"widget\" data-e-type=\"widget\" data-widget_type=\"text-editor.default\">\n\t\t\t\t<div class=\"elementor-widget-container\">\n\t\t\t\t\t\t\t\t\t<h3 id=\"h-related-terms\" class=\"wp-block-heading\">\ud83e\udde0 Termeni \u00eenrudi\u021bi<\/h3>\n<ul data-spread=\"false\" data-pm-slice=\"3 3 []\">\n<li><a href=\"https:\/\/www.narconon.online\/ro\/glosar\/ce-este-marijuana\/\">Marijuana<\/a><\/li>\n<li><a href=\"https:\/\/www.narconon.online\/ro\/glosar\/ce-este-condimentul\/\">Condimente<\/a><\/li>\n<li>\n<p><a href=\"https:\/\/www.narconon.online\/ro\/glosar\/ce-este-vapatul\/\">Vaping<\/a><\/p>\n<\/li>\n<li>\n<p><a href=\"https:\/\/www.narconon.online\/ro\/glosar\/\">Indice glosar<\/a><\/p>\n<\/li>\n<\/ul>\t\t\t\t\t\t\t\t<\/div>\n\t\t\t\t<\/div>\n\t\t\t\t<div class=\"elementor-element elementor-element-03e5102 elementor-widget elementor-widget-text-editor\" data-id=\"03e5102\" data-element_type=\"widget\" data-e-type=\"widget\" data-widget_type=\"text-editor.default\">\n\t\t\t\t<div class=\"elementor-widget-container\">\n\t\t\t\t\t\t\t\t\t<p id=\"h-related-terms\" class=\"wp-block-heading\">\ud83d\udc49 Afla\u021bi mai multe despre prevenire:<br \/><a class=\"\" href=\"https:\/\/www.narcononeurope.dk\/en\/drug-abuse\/\" target=\"_blank\" rel=\"noopener\">Narconon Europe - Ajutor pentru abuzul de droguri<\/a><\/p>\n<p><!-- \/wp:list-item --><\/p>\n<p><!-- \/wp:list --><!-- wp:paragraph --><\/p>\n<p>\ud83d\udc49 Pentru mai mult con\u021binut educa\u021bional, consulta\u021bi site-ul nostru <a class=\"\" href=\"https:\/\/www.narconon.online\/ro\/materiale-de-prevenire-a-consumului-de-droguri\/\">Materiale pentru educa\u021bia \u0219i prevenirea consumului de droguri<\/a><\/p>\t\t\t\t\t\t\t\t<\/div>\n\t\t\t\t<\/div>\n\t\t\t\t<\/div>\n\t\t\t\t<div class=\"elementor-element elementor-element-1497776 elementor-widget elementor-widget-heading\" data-id=\"1497776\" data-element_type=\"widget\" data-e-type=\"widget\" data-widget_type=\"heading.default\">\n\t\t\t\t<div class=\"elementor-widget-container\">\n\t\t\t\t\t<h2 class=\"elementor-heading-title elementor-size-default\">\u2753 \u00centreb\u0103ri frecvente - Ce sunt canabinoizii?<\/h2>\t\t\t\t<\/div>\n\t\t\t\t<\/div>\n\t\t\t\t<div class=\"elementor-element elementor-element-a24ee80 elementor-widget elementor-widget-text-editor\" data-id=\"a24ee80\" data-element_type=\"widget\" data-e-type=\"widget\" data-widget_type=\"text-editor.default\">\n\t\t\t\t<div class=\"elementor-widget-container\">\n\t\t\t\t\t\t\t\t\t<p data-start=\"1160\" data-end=\"1289\"><strong data-start=\"1160\" data-end=\"1198\">1. Pentru ce sunt utilizate canabinoidele?<\/strong><br data-start=\"1198\" data-end=\"1201\" \/>Acestea sunt utilizate pentru ameliorarea durerii, reducerea anxiet\u0103\u021bii, stimularea apetitului sau inducerea relax\u0103rii.<\/p>\n<p data-start=\"1291\" data-end=\"1422\"><strong data-start=\"1291\" data-end=\"1339\">2. De ce sunt periculoase canabinoidele sintetice?<\/strong><br data-start=\"1339\" data-end=\"1342\" \/>Acestea pot provoca convulsii, paranoia, halucina\u021bii \u0219i chiar moartea \u00een unele cazuri.<\/p>\n<p data-start=\"1424\" data-end=\"1566\"><strong data-start=\"1424\" data-end=\"1462\">3. Cum arat\u0103 canabinoizii?<\/strong><br data-start=\"1462\" data-end=\"1465\" \/>Acestea pot ap\u0103rea sub form\u0103 de material vegetal uscat (pentru fumat), uleiuri sau pulberi sintetice pulverizate pe ierburi.<\/p>\n<p data-start=\"1568\" data-end=\"1689\"><strong data-start=\"1568\" data-end=\"1602\">4. Sunt toate canabinoidele legale?<\/strong><br data-start=\"1602\" data-end=\"1605\" \/>Nu. THC este reglementat \u00een multe \u021b\u0103ri, iar canabinoidele sintetice sunt adesea interzise.<\/p>\n<p data-start=\"1691\" data-end=\"1828\"><strong data-start=\"1691\" data-end=\"1730\">5. Cum s\u0103 reducem riscurile canabinoidelor?<\/strong><br data-start=\"1730\" data-end=\"1733\" \/>Evita\u021bi produsele nereglementate sau sintetice \u0219i fi\u021bi precau\u021bi cu tulpinile sau concentratele cu con\u021binut ridicat de THC.<\/p>\t\t\t\t\t\t\t\t<\/div>\n\t\t\t\t<\/div>\n\t\t\t\t<div class=\"elementor-element elementor-element-3c88435 elementor-widget elementor-widget-html\" data-id=\"3c88435\" data-element_type=\"widget\" data-e-type=\"widget\" data-widget_type=\"html.default\">\n\t\t\t\t<div class=\"elementor-widget-container\">\n\t\t\t\t\t<script type=\"application\/ld+json\">{\n    \"@context\": \"https:\\\/\\\/schema.org\",\n    \"@type\": \"WebPage\",\n    \"name\": \"What are Cannabinoids?\",\n    \"headline\": \"What are Cannabinoids?\",\n    \"url\": \"https:\\\/\\\/www.narconon.online\\\/glossary\\\/what-are-cannabinoids\\\/\",\n    \"description\": \"Cannabinoids affect the brain and body through the endocannabinoid system. Learn the difference between THC, CBD, and synthetic cannabinoids.\",\n    \"datePublished\": \"2025-07-24\",\n    \"dateModified\": \"2025-07-24\",\n    \"inLanguage\": \"en\",\n    \"publisher\": {\n        \"@type\": \"Organization\",\n        \"name\": \"Narconon Europe\",\n        \"url\": \"https:\\\/\\\/www.narcononeurope.dk\"\n    },\n    \"author\": {\n        \"@type\": \"Person\",\n        \"name\": \"Jacky Buensoz\"\n    },\n    \"mainEntity\": {\n        \"@type\": \"FAQPage\",\n        \"mainEntity\": [\n            {\n                \"@type\": \"Question\",\n                \"name\": \"What are cannabinoids used for?\",\n                \"acceptedAnswer\": {\n                    \"@type\": \"Answer\",\n                    \"text\": \"They are used to relieve pain, reduce anxiety, stimulate appetite, or induce relaxation.\"\n                }\n            },\n            {\n                \"@type\": \"Question\",\n                \"name\": \"Why are synthetic cannabinoids dangerous?\",\n                \"acceptedAnswer\": {\n                    \"@type\": \"Answer\",\n                    \"text\": \"They can cause seizures, paranoia, hallucinations, and even death in some cases.\"\n                }\n            },\n            {\n                \"@type\": \"Question\",\n                \"name\": \"What do cannabinoids look like?\",\n                \"acceptedAnswer\": {\n                    \"@type\": \"Answer\",\n                    \"text\": \"They may appear as dried plant material (for smoking), oils, or synthetic powders sprayed onto herbs.\"\n                }\n            },\n            {\n                \"@type\": \"Question\",\n                \"name\": \"Are all cannabinoids legal?\",\n                \"acceptedAnswer\": {\n                    \"@type\": \"Answer\",\n                    \"text\": \"No. THC is regulated in many countries, and synthetic cannabinoids are often banned.\"\n                }\n            },\n            {\n                \"@type\": \"Question\",\n                \"name\": \"How to reduce cannabinoid risks?\",\n                \"acceptedAnswer\": {\n                    \"@type\": \"Answer\",\n                    \"text\": \"Avoid unregulated or synthetic products, and be cautious with high-THC strains or concentrates.\"\n                }\n            }\n        ]\n    }\n}<\/script>\r\n\t\t\t\t<\/div>\n\t\t\t\t<\/div>\n\t\t\t\t\t<\/div>\n\t\t\t\t<\/div>\n\t\t\t\t<\/div>","protected":false},"excerpt":{"rendered":"<p>Cannabinoids are compounds that act on the body\u2019s endocannabinoid system, influencing mood, memory, appetite, and coordination. They are found naturally [&hellip;]<\/p>","protected":false},"author":43,"featured_media":0,"parent":5868,"menu_order":0,"comment_status":"closed","ping_status":"closed","template":"","meta":{"_acf_changed":false,"site-sidebar-layout":"default","site-content-layout":"","ast-site-content-layout":"default","site-content-style":"default","site-sidebar-style":"default","ast-global-header-display":"","ast-banner-title-visibility":"","ast-main-header-display":"","ast-hfb-above-header-display":"","ast-hfb-below-header-display":"","ast-hfb-mobile-header-display":"","site-post-title":"","ast-breadcrumbs-content":"","ast-featured-img":"","footer-sml-layout":"","ast-disable-related-posts":"","theme-transparent-header-meta":"","adv-header-id-meta":"","stick-header-meta":"","header-above-stick-meta":"","header-main-stick-meta":"","header-below-stick-meta":"","astra-migrate-meta-layouts":"default","ast-page-background-enabled":"default","ast-page-background-meta":{"desktop":{"background-color":"var(--ast-global-color-5)","background-image":"","background-repeat":"repeat","background-position":"center center","background-size":"auto","background-attachment":"scroll","background-type":"","background-media":"","overlay-type":"","overlay-color":"","overlay-opacity":"","overlay-gradient":""},"tablet":{"background-color":"","background-image":"","background-repeat":"repeat","background-position":"center center","background-size":"auto","background-attachment":"scroll","background-type":"","background-media":"","overlay-type":"","overlay-color":"","overlay-opacity":"","overlay-gradient":""},"mobile":{"background-color":"","background-image":"","background-repeat":"repeat","background-position":"center center","background-size":"auto","background-attachment":"scroll","background-type":"","background-media":"","overlay-type":"","overlay-color":"","overlay-opacity":"","overlay-gradient":""}},"ast-content-background-meta":{"desktop":{"background-color":"var(--ast-global-color-4)","background-image":"","background-repeat":"repeat","background-position":"center center","background-size":"auto","background-attachment":"scroll","background-type":"","background-media":"","overlay-type":"","overlay-color":"","overlay-opacity":"","overlay-gradient":""},"tablet":{"background-color":"var(--ast-global-color-4)","background-image":"","background-repeat":"repeat","background-position":"center center","background-size":"auto","background-attachment":"scroll","background-type":"","background-media":"","overlay-type":"","overlay-color":"","overlay-opacity":"","overlay-gradient":""},"mobile":{"background-color":"var(--ast-global-color-4)","background-image":"","background-repeat":"repeat","background-position":"center center","background-size":"auto","background-attachment":"scroll","background-type":"","background-media":"","overlay-type":"","overlay-color":"","overlay-opacity":"","overlay-gradient":""}},"footnotes":""},"class_list":["post-6482","page","type-page","status-publish","hentry"],"acf":[],"yoast_head":"<!-- This site is optimized with the Yoast SEO Premium plugin v26.6 (Yoast SEO v26.6) - https:\/\/yoast.com\/wordpress\/plugins\/seo\/ -->\n<title>What Are Cannabinoids and Their Effects<\/title>\n<meta name=\"description\" content=\"Uncover what are cannabinoids and their influence on your health. Understand the uses and risks associated with cannabinoids.\" \/>\n<meta name=\"robots\" content=\"index, follow, max-snippet:-1, max-image-preview:large, max-video-preview:-1\" \/>\n<link rel=\"canonical\" href=\"https:\/\/www.narconon.online\/ro\/glosar\/ce-sunt-canabinoizii\/\" \/>\n<meta property=\"og:locale\" content=\"ro_RO\" \/>\n<meta property=\"og:type\" content=\"article\" \/>\n<meta property=\"og:title\" content=\"What are Cannabinoids?\" \/>\n<meta property=\"og:description\" content=\"Uncover what are cannabinoids and their influence on your health. Understand the uses and risks associated with cannabinoids.\" \/>\n<meta property=\"og:url\" content=\"https:\/\/www.narconon.online\/ro\/glosar\/ce-sunt-canabinoizii\/\" \/>\n<meta property=\"og:site_name\" content=\"Narconon Europe\" \/>\n<meta property=\"article:publisher\" content=\"https:\/\/www.facebook.com\/narcononeu\" \/>\n<meta property=\"article:modified_time\" content=\"2025-07-24T09:40:32+00:00\" \/>\n<meta property=\"og:image\" content=\"https:\/\/www.narconon.online\/wp-content\/uploads\/2025\/07\/freepik__a-collection-of-cannabinoid-products-dried-cannabi__69444.webp\" \/>\n<meta name=\"twitter:card\" content=\"summary_large_image\" \/>\n<meta name=\"twitter:site\" content=\"@NARCONONEurope\" \/>\n<meta name=\"twitter:label1\" content=\"Timp estimat pentru citire\" \/>\n\t<meta name=\"twitter:data1\" content=\"2 minute\" \/>\n<script type=\"application\/ld+json\" class=\"yoast-schema-graph\">{\"@context\":\"https:\/\/schema.org\",\"@graph\":[{\"@type\":\"WebPage\",\"@id\":\"https:\/\/www.narconon.online\/glossary\/what-are-cannabinoids\/\",\"url\":\"https:\/\/www.narconon.online\/glossary\/what-are-cannabinoids\/\",\"name\":\"What Are Cannabinoids and Their Effects\",\"isPartOf\":{\"@id\":\"https:\/\/www.narconon.online\/#website\"},\"primaryImageOfPage\":{\"@id\":\"https:\/\/www.narconon.online\/glossary\/what-are-cannabinoids\/#primaryimage\"},\"image\":{\"@id\":\"https:\/\/www.narconon.online\/glossary\/what-are-cannabinoids\/#primaryimage\"},\"thumbnailUrl\":\"https:\/\/www.narconon.online\/wp-content\/uploads\/2025\/07\/freepik__a-collection-of-cannabinoid-products-dried-cannabi__69444.webp\",\"datePublished\":\"2025-07-24T09:38:30+00:00\",\"dateModified\":\"2025-07-24T09:40:32+00:00\",\"description\":\"Uncover what are cannabinoids and their influence on your health. Understand the uses and risks associated with cannabinoids.\",\"breadcrumb\":{\"@id\":\"https:\/\/www.narconon.online\/glossary\/what-are-cannabinoids\/#breadcrumb\"},\"inLanguage\":\"ro-RO\",\"potentialAction\":[{\"@type\":\"ReadAction\",\"target\":[\"https:\/\/www.narconon.online\/glossary\/what-are-cannabinoids\/\"]}]},{\"@type\":\"ImageObject\",\"inLanguage\":\"ro-RO\",\"@id\":\"https:\/\/www.narconon.online\/glossary\/what-are-cannabinoids\/#primaryimage\",\"url\":\"https:\/\/www.narconon.online\/wp-content\/uploads\/2025\/07\/freepik__a-collection-of-cannabinoid-products-dried-cannabi__69444.webp\",\"contentUrl\":\"https:\/\/www.narconon.online\/wp-content\/uploads\/2025\/07\/freepik__a-collection-of-cannabinoid-products-dried-cannabi__69444.webp\"},{\"@type\":\"BreadcrumbList\",\"@id\":\"https:\/\/www.narconon.online\/glossary\/what-are-cannabinoids\/#breadcrumb\",\"itemListElement\":[{\"@type\":\"ListItem\",\"position\":1,\"name\":\"Home\",\"item\":\"https:\/\/www.narconon.online\/\"},{\"@type\":\"ListItem\",\"position\":2,\"name\":\"Glossary of Drug Terms and Definitions\",\"item\":\"https:\/\/www.narconon.online\/glossary\/\"},{\"@type\":\"ListItem\",\"position\":3,\"name\":\"What are Cannabinoids?\"}]},{\"@type\":\"WebSite\",\"@id\":\"https:\/\/www.narconon.online\/#website\",\"url\":\"https:\/\/www.narconon.online\/\",\"name\":\"Narconon Europe\",\"description\":\"Drug Free For Good\",\"publisher\":{\"@id\":\"https:\/\/www.narconon.online\/#organization\"},\"potentialAction\":[{\"@type\":\"SearchAction\",\"target\":{\"@type\":\"EntryPoint\",\"urlTemplate\":\"https:\/\/www.narconon.online\/?s={search_term_string}\"},\"query-input\":{\"@type\":\"PropertyValueSpecification\",\"valueRequired\":true,\"valueName\":\"search_term_string\"}}],\"inLanguage\":\"ro-RO\"},{\"@type\":\"Organization\",\"@id\":\"https:\/\/www.narconon.online\/#organization\",\"name\":\"Narconon Europe\",\"url\":\"https:\/\/www.narconon.online\/\",\"logo\":{\"@type\":\"ImageObject\",\"inLanguage\":\"ro-RO\",\"@id\":\"https:\/\/www.narconon.online\/#\/schema\/logo\/image\/\",\"url\":\"https:\/\/www.narconon.online\/wp-content\/uploads\/2025\/03\/Logo-Narconon-Europe-2.png\",\"contentUrl\":\"https:\/\/www.narconon.online\/wp-content\/uploads\/2025\/03\/Logo-Narconon-Europe-2.png\",\"width\":2000,\"height\":707,\"caption\":\"Narconon Europe\"},\"image\":{\"@id\":\"https:\/\/www.narconon.online\/#\/schema\/logo\/image\/\"},\"sameAs\":[\"https:\/\/www.facebook.com\/narcononeu\",\"https:\/\/x.com\/NARCONONEurope\",\"https:\/\/www.instagram.com\/narconon.europe\/\",\"https:\/\/www.youtube.com\/channel\/UCNUxvhoqZZCAxXCYO4K7MvA\",\"https:\/\/www.tiktok.com\/@narconon.europe\"]}]}<\/script>\n<!-- \/ Yoast SEO Premium plugin. -->","yoast_head_json":{"title":"Ce sunt canabinoizii \u0219i efectele lor","description":"Descoperi\u021bi ce sunt canabinoizii \u0219i influen\u021ba lor asupra s\u0103n\u0103t\u0103\u021bii dumneavoastr\u0103. \u00cen\u021belege\u021bi utiliz\u0103rile \u0219i riscurile asociate canabinoizilor.","robots":{"index":"index","follow":"follow","max-snippet":"max-snippet:-1","max-image-preview":"max-image-preview:large","max-video-preview":"max-video-preview:-1"},"canonical":"https:\/\/www.narconon.online\/ro\/glosar\/ce-sunt-canabinoizii\/","og_locale":"ro_RO","og_type":"article","og_title":"What are Cannabinoids?","og_description":"Uncover what are cannabinoids and their influence on your health. Understand the uses and risks associated with cannabinoids.","og_url":"https:\/\/www.narconon.online\/ro\/glosar\/ce-sunt-canabinoizii\/","og_site_name":"Narconon Europe","article_publisher":"https:\/\/www.facebook.com\/narcononeu","article_modified_time":"2025-07-24T09:40:32+00:00","og_image":[{"url":"https:\/\/www.narconon.online\/wp-content\/uploads\/2025\/07\/freepik__a-collection-of-cannabinoid-products-dried-cannabi__69444.webp","type":"","width":"","height":""}],"twitter_card":"summary_large_image","twitter_site":"@NARCONONEurope","twitter_misc":{"Timp estimat pentru citire":"2 minute"},"schema":{"@context":"https:\/\/schema.org","@graph":[{"@type":"WebPage","@id":"https:\/\/www.narconon.online\/glossary\/what-are-cannabinoids\/","url":"https:\/\/www.narconon.online\/glossary\/what-are-cannabinoids\/","name":"Ce sunt canabinoizii \u0219i efectele lor","isPartOf":{"@id":"https:\/\/www.narconon.online\/#website"},"primaryImageOfPage":{"@id":"https:\/\/www.narconon.online\/glossary\/what-are-cannabinoids\/#primaryimage"},"image":{"@id":"https:\/\/www.narconon.online\/glossary\/what-are-cannabinoids\/#primaryimage"},"thumbnailUrl":"https:\/\/www.narconon.online\/wp-content\/uploads\/2025\/07\/freepik__a-collection-of-cannabinoid-products-dried-cannabi__69444.webp","datePublished":"2025-07-24T09:38:30+00:00","dateModified":"2025-07-24T09:40:32+00:00","description":"Descoperi\u021bi ce sunt canabinoizii \u0219i influen\u021ba lor asupra s\u0103n\u0103t\u0103\u021bii dumneavoastr\u0103. \u00cen\u021belege\u021bi utiliz\u0103rile \u0219i riscurile asociate canabinoizilor.","breadcrumb":{"@id":"https:\/\/www.narconon.online\/glossary\/what-are-cannabinoids\/#breadcrumb"},"inLanguage":"ro-RO","potentialAction":[{"@type":"ReadAction","target":["https:\/\/www.narconon.online\/glossary\/what-are-cannabinoids\/"]}]},{"@type":"ImageObject","inLanguage":"ro-RO","@id":"https:\/\/www.narconon.online\/glossary\/what-are-cannabinoids\/#primaryimage","url":"https:\/\/www.narconon.online\/wp-content\/uploads\/2025\/07\/freepik__a-collection-of-cannabinoid-products-dried-cannabi__69444.webp","contentUrl":"https:\/\/www.narconon.online\/wp-content\/uploads\/2025\/07\/freepik__a-collection-of-cannabinoid-products-dried-cannabi__69444.webp"},{"@type":"BreadcrumbList","@id":"https:\/\/www.narconon.online\/glossary\/what-are-cannabinoids\/#breadcrumb","itemListElement":[{"@type":"ListItem","position":1,"name":"Home","item":"https:\/\/www.narconon.online\/"},{"@type":"ListItem","position":2,"name":"Glossary of Drug Terms and Definitions","item":"https:\/\/www.narconon.online\/glossary\/"},{"@type":"ListItem","position":3,"name":"What are Cannabinoids?"}]},{"@type":"WebSite","@id":"https:\/\/www.narconon.online\/#website","url":"https:\/\/www.narconon.online\/","name":"Narconon Europa","description":"F\u0103r\u0103 droguri pentru totdeauna","publisher":{"@id":"https:\/\/www.narconon.online\/#organization"},"potentialAction":[{"@type":"SearchAction","target":{"@type":"EntryPoint","urlTemplate":"https:\/\/www.narconon.online\/?s={search_term_string}"},"query-input":{"@type":"PropertyValueSpecification","valueRequired":true,"valueName":"search_term_string"}}],"inLanguage":"ro-RO"},{"@type":"Organization","@id":"https:\/\/www.narconon.online\/#organization","name":"Narconon Europa","url":"https:\/\/www.narconon.online\/","logo":{"@type":"ImageObject","inLanguage":"ro-RO","@id":"https:\/\/www.narconon.online\/#\/schema\/logo\/image\/","url":"https:\/\/www.narconon.online\/wp-content\/uploads\/2025\/03\/Logo-Narconon-Europe-2.png","contentUrl":"https:\/\/www.narconon.online\/wp-content\/uploads\/2025\/03\/Logo-Narconon-Europe-2.png","width":2000,"height":707,"caption":"Narconon Europe"},"image":{"@id":"https:\/\/www.narconon.online\/#\/schema\/logo\/image\/"},"sameAs":["https:\/\/www.facebook.com\/narcononeu","https:\/\/x.com\/NARCONONEurope","https:\/\/www.instagram.com\/narconon.europe\/","https:\/\/www.youtube.com\/channel\/UCNUxvhoqZZCAxXCYO4K7MvA","https:\/\/www.tiktok.com\/@narconon.europe"]}]}},"_links":{"self":[{"href":"https:\/\/www.narconon.online\/ro\/wp-json\/wp\/v2\/pages\/6482","targetHints":{"allow":["GET"]}}],"collection":[{"href":"https:\/\/www.narconon.online\/ro\/wp-json\/wp\/v2\/pages"}],"about":[{"href":"https:\/\/www.narconon.online\/ro\/wp-json\/wp\/v2\/types\/page"}],"author":[{"embeddable":true,"href":"https:\/\/www.narconon.online\/ro\/wp-json\/wp\/v2\/users\/43"}],"replies":[{"embeddable":true,"href":"https:\/\/www.narconon.online\/ro\/wp-json\/wp\/v2\/comments?post=6482"}],"version-history":[{"count":6,"href":"https:\/\/www.narconon.online\/ro\/wp-json\/wp\/v2\/pages\/6482\/revisions"}],"predecessor-version":[{"id":6489,"href":"https:\/\/www.narconon.online\/ro\/wp-json\/wp\/v2\/pages\/6482\/revisions\/6489"}],"up":[{"embeddable":true,"href":"https:\/\/www.narconon.online\/ro\/wp-json\/wp\/v2\/pages\/5868"}],"wp:attachment":[{"href":"https:\/\/www.narconon.online\/ro\/wp-json\/wp\/v2\/media?parent=6482"}],"curies":[{"name":"wp","href":"https:\/\/api.w.org\/{rel}","templated":true}]}}