{"id":6105,"date":"2025-07-23T16:32:16","date_gmt":"2025-07-23T14:32:16","guid":{"rendered":"https:\/\/www.narconon.online\/?page_id=6105"},"modified":"2025-07-24T15:07:13","modified_gmt":"2025-07-24T13:07:13","slug":"ce-este-flashback-ul-2","status":"publish","type":"page","link":"https:\/\/www.narconon.online\/ro\/glosar\/ce-este-flashback-ul-2\/","title":{"rendered":"Ce este Flashback?"},"content":{"rendered":"<div data-elementor-type=\"wp-page\" data-elementor-id=\"6105\" class=\"elementor elementor-6105\" data-elementor-post-type=\"page\">\n\t\t\t\t<div class=\"elementor-element elementor-element-14d08559 e-flex e-con-boxed e-con e-parent\" data-id=\"14d08559\" data-element_type=\"container\" data-e-type=\"container\">\n\t\t\t\t\t<div class=\"e-con-inner\">\n\t\t<div class=\"elementor-element elementor-element-1cae676 e-grid e-con-full e-con e-child\" data-id=\"1cae676\" data-element_type=\"container\" data-e-type=\"container\">\n\t\t\t\t<div class=\"elementor-element elementor-element-ddfcbba elementor-widget elementor-widget-text-editor\" data-id=\"ddfcbba\" data-element_type=\"widget\" data-e-type=\"widget\" data-widget_type=\"text-editor.default\">\n\t\t\t\t<div class=\"elementor-widget-container\">\n\t\t\t\t\t\t\t\t\t<p data-start=\"229\" data-end=\"479\"><strong data-start=\"229\" data-end=\"279\">Un flashback este o revenire brusc\u0103 a efectelor drogurilor<\/strong> mult timp dup\u0103 ce substan\u021ba a p\u0103r\u0103sit corpul. Se simte ca <strong data-start=\"338\" data-end=\"370\">retr\u0103irea unei p\u0103r\u021bi a unei c\u0103l\u0103torii cu droguri<\/strong>, chiar dac\u0103 persoana este treaz\u0103. Flashback-urile sunt cel mai adesea legate de <strong data-start=\"441\" data-end=\"478\">halucinogene precum LSD sau ecstasy<\/strong>.<\/p>\n<p data-start=\"481\" data-end=\"722\">Acestea pot provoca <strong data-start=\"496\" data-end=\"538\">distorsiuni vizuale, senza\u021bii ciudate<\/strong>, sau emo\u021bii intense - adesea f\u0103r\u0103 avertisment. Factorii declan\u0219atori pot include <strong data-start=\"604\" data-end=\"640\">stres, oboseal\u0103, lumini puternice<\/strong>, sau anumite sunete. O persoan\u0103 se poate sim\u021bi confuz\u0103 sau dezorientat\u0103 \u00een timpul episodului.<\/p>\n<p data-start=\"724\" data-end=\"953\">Flashback-urile pot fi <strong data-start=\"742\" data-end=\"772\">deranjante \u0219i care distrag aten\u021bia<\/strong>, \u00een special \u00een public sau \u00een timp ce fac ceva important. De\u0219i nu sunt d\u0103un\u0103toare din punct de vedere fizic, ele pot face mai dificil\u0103 concentrarea, calmarea sau sentimentul de siguran\u021b\u0103 \u00een mediul \u00eenconjur\u0103tor.<\/p>\t\t\t\t\t\t\t\t<\/div>\n\t\t\t\t<\/div>\n\t\t\t\t<div class=\"elementor-element elementor-element-8f955ba elementor-widget elementor-widget-image\" data-id=\"8f955ba\" data-element_type=\"widget\" data-e-type=\"widget\" data-widget_type=\"image.default\">\n\t\t\t\t<div class=\"elementor-widget-container\">\n\t\t\t\t\t\t\t\t\t\t\t\t\t\t\t<img fetchpriority=\"high\" decoding=\"async\" width=\"1392\" height=\"752\" src=\"https:\/\/www.narconon.online\/wp-content\/uploads\/2025\/07\/freepik__interior-of-a-dim-silent-living-room-at-night-a-yo__41441.webp\" class=\"attachment-full size-full wp-image-6090\" alt=\"Persoan\u0103 care experimenteaz\u0103 distorsiuni vizuale stratificate \u0219i halucina\u021bii cu neon \u00eentr-o camer\u0103 deformat\u0103, simboliz\u00e2nd un flashback al drogurilor halucinogene\" srcset=\"https:\/\/www.narconon.online\/wp-content\/uploads\/2025\/07\/freepik__interior-of-a-dim-silent-living-room-at-night-a-yo__41441.webp 1392w, https:\/\/www.narconon.online\/wp-content\/uploads\/2025\/07\/freepik__interior-of-a-dim-silent-living-room-at-night-a-yo__41441-300x162.webp 300w, https:\/\/www.narconon.online\/wp-content\/uploads\/2025\/07\/freepik__interior-of-a-dim-silent-living-room-at-night-a-yo__41441-1024x553.webp 1024w, https:\/\/www.narconon.online\/wp-content\/uploads\/2025\/07\/freepik__interior-of-a-dim-silent-living-room-at-night-a-yo__41441-768x415.webp 768w, https:\/\/www.narconon.online\/wp-content\/uploads\/2025\/07\/freepik__interior-of-a-dim-silent-living-room-at-night-a-yo__41441-18x10.webp 18w\" sizes=\"(max-width: 1392px) 100vw, 1392px\" \/>\t\t\t\t\t\t\t\t\t\t\t\t\t\t\t<\/div>\n\t\t\t\t<\/div>\n\t\t\t\t<\/div>\n\t\t\t\t\t<\/div>\n\t\t\t\t<\/div>\n\t\t<div class=\"elementor-element elementor-element-064fdba e-flex e-con-boxed e-con e-parent\" data-id=\"064fdba\" data-element_type=\"container\" data-e-type=\"container\">\n\t\t\t\t\t<div class=\"e-con-inner\">\n\t\t<div class=\"elementor-element elementor-element-ecec8f5 e-grid e-con-full e-con e-child\" data-id=\"ecec8f5\" data-element_type=\"container\" data-e-type=\"container\">\n\t\t\t\t<div class=\"elementor-element elementor-element-0f0e55c elementor-widget elementor-widget-text-editor\" data-id=\"0f0e55c\" data-element_type=\"widget\" data-e-type=\"widget\" data-widget_type=\"text-editor.default\">\n\t\t\t\t<div class=\"elementor-widget-container\">\n\t\t\t\t\t\t\t\t\t<h3 id=\"h-related-terms\" class=\"wp-block-heading\">\ud83e\udde0 Termeni \u00eenrudi\u021bi<\/h3>\n<ul data-spread=\"false\" data-pm-slice=\"3 3 []\">\n<li><a href=\"https:\/\/www.narconon.online\/ro\/glosar\/ce-este-lsd\/\">LSD<\/a><\/li>\n<li><a href=\"https:\/\/www.narconon.online\/ro\/glosar\/ce-sunt-sarurile-de-baie\/\">S\u0103ruri de baie<\/a><\/li>\n<li>\n<p><a href=\"https:\/\/www.narconon.online\/ro\/glosar\/ce-sunt-halucinogenele\/\">Halucinogene<\/a><\/p>\n<\/li>\n<li>\n<p><a href=\"https:\/\/www.narconon.online\/ro\/glosar\/\">Indice glosar<\/a><\/p>\n<\/li>\n<\/ul>\t\t\t\t\t\t\t\t<\/div>\n\t\t\t\t<\/div>\n\t\t\t\t<div class=\"elementor-element elementor-element-03e5102 elementor-widget elementor-widget-text-editor\" data-id=\"03e5102\" data-element_type=\"widget\" data-e-type=\"widget\" data-widget_type=\"text-editor.default\">\n\t\t\t\t<div class=\"elementor-widget-container\">\n\t\t\t\t\t\t\t\t\t<p id=\"h-related-terms\" class=\"wp-block-heading\">\ud83d\udc49 Afla\u021bi mai multe despre prevenire:<br \/><a class=\"\" href=\"https:\/\/www.narcononeurope.dk\/en\/drug-abuse\/\" target=\"_blank\" rel=\"noopener\">Narconon Europe - Ajutor pentru abuzul de droguri<\/a><\/p>\n<p><!-- \/wp:list-item --><\/p>\n<p><!-- \/wp:list --><!-- wp:paragraph --><\/p>\n<p>\ud83d\udc49 Pentru mai mult con\u021binut educa\u021bional, consulta\u021bi site-ul nostru <a class=\"\" href=\"https:\/\/www.narconon.online\/ro\/materiale-de-prevenire-a-consumului-de-droguri\/\">Materiale pentru educa\u021bia \u0219i prevenirea consumului de droguri<\/a><\/p>\t\t\t\t\t\t\t\t<\/div>\n\t\t\t\t<\/div>\n\t\t\t\t<\/div>\n\t\t\t\t<div class=\"elementor-element elementor-element-1497776 elementor-widget elementor-widget-heading\" data-id=\"1497776\" data-element_type=\"widget\" data-e-type=\"widget\" data-widget_type=\"heading.default\">\n\t\t\t\t<div class=\"elementor-widget-container\">\n\t\t\t\t\t<h2 class=\"elementor-heading-title elementor-size-default\">\u2753\u00centreb\u0103ri frecvente despre Flashback<\/h2>\t\t\t\t<\/div>\n\t\t\t\t<\/div>\n\t\t\t\t<div class=\"elementor-element elementor-element-a24ee80 elementor-widget elementor-widget-text-editor\" data-id=\"a24ee80\" data-element_type=\"widget\" data-e-type=\"widget\" data-widget_type=\"text-editor.default\">\n\t\t\t\t<div class=\"elementor-widget-container\">\n\t\t\t\t\t\t\t\t\t<p data-start=\"1263\" data-end=\"1372\"><strong data-start=\"1263\" data-end=\"1297\">1. Pentru ce este folosit flashback-ul?<\/strong><br data-start=\"1297\" data-end=\"1300\" \/>Nu este utilizat \u00een mod inten\u021bionat - este o recuren\u021b\u0103 nedorit\u0103 a efectelor medicamentelor.<\/p>\n<p data-start=\"1374\" data-end=\"1513\"><strong data-start=\"1374\" data-end=\"1408\">2. De ce este periculos flashback-ul?<\/strong><br data-start=\"1408\" data-end=\"1411\" \/>Poate provoca confuzie, team\u0103, panic\u0103 sau stres emo\u021bional, \u00een special \u00een situa\u021bii publice sau nesigure.<\/p>\n<p data-start=\"1515\" data-end=\"1642\"><strong data-start=\"1515\" data-end=\"1545\">3. Cum arat\u0103?<\/strong><br data-start=\"1545\" data-end=\"1548\" \/>Se simte ca \u0219i cum ai retr\u0103i p\u0103r\u021bi ale unei c\u0103l\u0103torii cu droguri: schimb\u0103ri vizuale, sim\u021buri distorsionate sau schimb\u0103ri de dispozi\u021bie.<\/p>\n<p data-start=\"1644\" data-end=\"1790\"><strong data-start=\"1644\" data-end=\"1694\">4. Poate cineva s\u0103 aib\u0103 un flashback f\u0103r\u0103 droguri?<\/strong><br data-start=\"1694\" data-end=\"1697\" \/>Da, flashback-urile apar f\u0103r\u0103 reutilizarea drogului - uneori declan\u0219ate de stres sau de indicii senzoriale.<\/p>\n<p data-start=\"1792\" data-end=\"1923\"><strong data-start=\"1792\" data-end=\"1832\">5. Cum poate cineva s\u0103 evite flashback-urile?<\/strong><br data-start=\"1832\" data-end=\"1835\" \/>Evita\u021bi halucinogenele, reduce\u021bi stresul, dormi\u021bi suficient \u0219i c\u0103uta\u021bi ajutor dac\u0103 simptomele persist\u0103.<\/p>\t\t\t\t\t\t\t\t<\/div>\n\t\t\t\t<\/div>\n\t\t\t\t<div class=\"elementor-element elementor-element-3c88435 elementor-widget elementor-widget-html\" data-id=\"3c88435\" data-element_type=\"widget\" data-e-type=\"widget\" data-widget_type=\"html.default\">\n\t\t\t\t<div class=\"elementor-widget-container\">\n\t\t\t\t\t<script type=\"application\/ld+json\">{\n    \"@context\": \"https:\\\/\\\/schema.org\",\n    \"@type\": \"WebPage\",\n    \"name\": \"What is Flashback?\",\n    \"url\": \"https:\\\/\\\/www.narconon.online\\\/glossary\\\/what-is-flashback\\\/\",\n    \"description\": \"A flashback is a sudden return of drug effects even when sober. Learn what it feels like, what triggers it, and how to prevent disturbing episodes.\",\n    \"datePublished\": \"2025-07-23\",\n    \"publisher\": {\n        \"@type\": \"Organization\",\n        \"name\": \"Narconon Europe\",\n        \"url\": \"https:\\\/\\\/www.narcononeurope.dk\"\n    },\n    \"mainEntity\": {\n        \"@type\": \"FAQPage\",\n        \"mainEntity\": [\n            {\n                \"@type\": \"Question\",\n                \"name\": \"What is flashback used for?\",\n                \"acceptedAnswer\": {\n                    \"@type\": \"Answer\",\n                    \"text\": \"It\\u2019s not used intentionally\\u2014it\\u2019s an unwanted recurrence of drug effects.\"\n                }\n            },\n            {\n                \"@type\": \"Question\",\n                \"name\": \"Why is flashback dangerous?\",\n                \"acceptedAnswer\": {\n                    \"@type\": \"Answer\",\n                    \"text\": \"It can cause confusion, fear, panic, or emotional distress, especially in public or unsafe situations.\"\n                }\n            },\n            {\n                \"@type\": \"Question\",\n                \"name\": \"What does it look like?\",\n                \"acceptedAnswer\": {\n                    \"@type\": \"Answer\",\n                    \"text\": \"It feels like reliving parts of a drug trip: visual changes, distorted senses, or mood swings.\"\n                }\n            },\n            {\n                \"@type\": \"Question\",\n                \"name\": \"Can someone have a flashback without drugs?\",\n                \"acceptedAnswer\": {\n                    \"@type\": \"Answer\",\n                    \"text\": \"Yes, flashbacks occur without reusing the drug\\u2014sometimes triggered by stress or sensory cues.\"\n                }\n            },\n            {\n                \"@type\": \"Question\",\n                \"name\": \"How can someone avoid flashbacks?\",\n                \"acceptedAnswer\": {\n                    \"@type\": \"Answer\",\n                    \"text\": \"Avoid hallucinogens, reduce stress, get enough sleep, and seek help if symptoms persist.\"\n                }\n            }\n        ]\n    }\n}<\/script>\r\n\t\t\t\t<\/div>\n\t\t\t\t<\/div>\n\t\t\t\t\t<\/div>\n\t\t\t\t<\/div>\n\t\t\t\t<\/div>","protected":false},"excerpt":{"rendered":"<p>A flashback is a sudden return of drug effects long after the substance has left the body. It feels like [&hellip;]<\/p>","protected":false},"author":43,"featured_media":0,"parent":5868,"menu_order":0,"comment_status":"closed","ping_status":"closed","template":"","meta":{"_acf_changed":false,"site-sidebar-layout":"default","site-content-layout":"","ast-site-content-layout":"default","site-content-style":"default","site-sidebar-style":"default","ast-global-header-display":"","ast-banner-title-visibility":"","ast-main-header-display":"","ast-hfb-above-header-display":"","ast-hfb-below-header-display":"","ast-hfb-mobile-header-display":"","site-post-title":"","ast-breadcrumbs-content":"","ast-featured-img":"","footer-sml-layout":"","ast-disable-related-posts":"","theme-transparent-header-meta":"","adv-header-id-meta":"","stick-header-meta":"","header-above-stick-meta":"","header-main-stick-meta":"","header-below-stick-meta":"","astra-migrate-meta-layouts":"default","ast-page-background-enabled":"default","ast-page-background-meta":{"desktop":{"background-color":"var(--ast-global-color-5)","background-image":"","background-repeat":"repeat","background-position":"center center","background-size":"auto","background-attachment":"scroll","background-type":"","background-media":"","overlay-type":"","overlay-color":"","overlay-opacity":"","overlay-gradient":""},"tablet":{"background-color":"","background-image":"","background-repeat":"repeat","background-position":"center center","background-size":"auto","background-attachment":"scroll","background-type":"","background-media":"","overlay-type":"","overlay-color":"","overlay-opacity":"","overlay-gradient":""},"mobile":{"background-color":"","background-image":"","background-repeat":"repeat","background-position":"center center","background-size":"auto","background-attachment":"scroll","background-type":"","background-media":"","overlay-type":"","overlay-color":"","overlay-opacity":"","overlay-gradient":""}},"ast-content-background-meta":{"desktop":{"background-color":"var(--ast-global-color-4)","background-image":"","background-repeat":"repeat","background-position":"center center","background-size":"auto","background-attachment":"scroll","background-type":"","background-media":"","overlay-type":"","overlay-color":"","overlay-opacity":"","overlay-gradient":""},"tablet":{"background-color":"var(--ast-global-color-4)","background-image":"","background-repeat":"repeat","background-position":"center center","background-size":"auto","background-attachment":"scroll","background-type":"","background-media":"","overlay-type":"","overlay-color":"","overlay-opacity":"","overlay-gradient":""},"mobile":{"background-color":"var(--ast-global-color-4)","background-image":"","background-repeat":"repeat","background-position":"center center","background-size":"auto","background-attachment":"scroll","background-type":"","background-media":"","overlay-type":"","overlay-color":"","overlay-opacity":"","overlay-gradient":""}},"footnotes":""},"class_list":["post-6105","page","type-page","status-publish","hentry"],"acf":[],"yoast_head":"<!-- This site is optimized with the Yoast SEO Premium plugin v26.6 (Yoast SEO v26.6) - https:\/\/yoast.com\/wordpress\/plugins\/seo\/ -->\n<title>What Is Flashback and Its Effects on Users?<\/title>\n<meta name=\"description\" content=\"Uncover what is flashback and how psychedelic drugs can lead to unpredictable effects including hallucinations and severe health risks.\" \/>\n<meta name=\"robots\" content=\"index, follow, max-snippet:-1, max-image-preview:large, max-video-preview:-1\" \/>\n<link rel=\"canonical\" href=\"https:\/\/www.narconon.online\/ro\/glosar\/ce-este-flashback-ul-2\/\" \/>\n<meta property=\"og:locale\" content=\"ro_RO\" \/>\n<meta property=\"og:type\" content=\"article\" \/>\n<meta property=\"og:title\" content=\"What is Flashback?\" \/>\n<meta property=\"og:description\" content=\"Uncover what is flashback and how psychedelic drugs can lead to unpredictable effects including hallucinations and severe health risks.\" \/>\n<meta property=\"og:url\" content=\"https:\/\/www.narconon.online\/ro\/glosar\/ce-este-flashback-ul-2\/\" \/>\n<meta property=\"og:site_name\" content=\"Narconon Europe\" \/>\n<meta property=\"article:publisher\" content=\"https:\/\/www.facebook.com\/narcononeu\" \/>\n<meta property=\"article:modified_time\" content=\"2025-07-24T13:07:13+00:00\" \/>\n<meta property=\"og:image\" content=\"https:\/\/www.narconon.online\/wp-content\/uploads\/2025\/07\/freepik__interior-of-a-dim-silent-living-room-at-night-a-yo__41441.webp\" \/>\n\t<meta property=\"og:image:width\" content=\"1392\" \/>\n\t<meta property=\"og:image:height\" content=\"752\" \/>\n\t<meta property=\"og:image:type\" content=\"image\/webp\" \/>\n<meta name=\"twitter:card\" content=\"summary_large_image\" \/>\n<meta name=\"twitter:site\" content=\"@NARCONONEurope\" \/>\n<meta name=\"twitter:label1\" content=\"Timp estimat pentru citire\" \/>\n\t<meta name=\"twitter:data1\" content=\"2 minute\" \/>\n<script type=\"application\/ld+json\" class=\"yoast-schema-graph\">{\"@context\":\"https:\/\/schema.org\",\"@graph\":[{\"@type\":\"WebPage\",\"@id\":\"https:\/\/www.narconon.online\/glossary\/what-is-flashbacks\/\",\"url\":\"https:\/\/www.narconon.online\/glossary\/what-is-flashbacks\/\",\"name\":\"What Is Flashback and Its Effects on Users?\",\"isPartOf\":{\"@id\":\"https:\/\/www.narconon.online\/#website\"},\"primaryImageOfPage\":{\"@id\":\"https:\/\/www.narconon.online\/glossary\/what-is-flashbacks\/#primaryimage\"},\"image\":{\"@id\":\"https:\/\/www.narconon.online\/glossary\/what-is-flashbacks\/#primaryimage\"},\"thumbnailUrl\":\"https:\/\/www.narconon.online\/wp-content\/uploads\/2025\/07\/freepik__interior-of-a-dim-silent-living-room-at-night-a-yo__41441.webp\",\"datePublished\":\"2025-07-23T14:32:16+00:00\",\"dateModified\":\"2025-07-24T13:07:13+00:00\",\"description\":\"Uncover what is flashback and how psychedelic drugs can lead to unpredictable effects including hallucinations and severe health risks.\",\"breadcrumb\":{\"@id\":\"https:\/\/www.narconon.online\/glossary\/what-is-flashbacks\/#breadcrumb\"},\"inLanguage\":\"ro-RO\",\"potentialAction\":[{\"@type\":\"ReadAction\",\"target\":[\"https:\/\/www.narconon.online\/glossary\/what-is-flashbacks\/\"]}]},{\"@type\":\"ImageObject\",\"inLanguage\":\"ro-RO\",\"@id\":\"https:\/\/www.narconon.online\/glossary\/what-is-flashbacks\/#primaryimage\",\"url\":\"https:\/\/www.narconon.online\/wp-content\/uploads\/2025\/07\/freepik__interior-of-a-dim-silent-living-room-at-night-a-yo__41441.webp\",\"contentUrl\":\"https:\/\/www.narconon.online\/wp-content\/uploads\/2025\/07\/freepik__interior-of-a-dim-silent-living-room-at-night-a-yo__41441.webp\"},{\"@type\":\"BreadcrumbList\",\"@id\":\"https:\/\/www.narconon.online\/glossary\/what-is-flashbacks\/#breadcrumb\",\"itemListElement\":[{\"@type\":\"ListItem\",\"position\":1,\"name\":\"Home\",\"item\":\"https:\/\/www.narconon.online\/\"},{\"@type\":\"ListItem\",\"position\":2,\"name\":\"Glossary of Drug Terms and Definitions\",\"item\":\"https:\/\/www.narconon.online\/glossary\/\"},{\"@type\":\"ListItem\",\"position\":3,\"name\":\"What is Flashback?\"}]},{\"@type\":\"WebSite\",\"@id\":\"https:\/\/www.narconon.online\/#website\",\"url\":\"https:\/\/www.narconon.online\/\",\"name\":\"Narconon Europe\",\"description\":\"Drug Free For Good\",\"publisher\":{\"@id\":\"https:\/\/www.narconon.online\/#organization\"},\"potentialAction\":[{\"@type\":\"SearchAction\",\"target\":{\"@type\":\"EntryPoint\",\"urlTemplate\":\"https:\/\/www.narconon.online\/?s={search_term_string}\"},\"query-input\":{\"@type\":\"PropertyValueSpecification\",\"valueRequired\":true,\"valueName\":\"search_term_string\"}}],\"inLanguage\":\"ro-RO\"},{\"@type\":\"Organization\",\"@id\":\"https:\/\/www.narconon.online\/#organization\",\"name\":\"Narconon Europe\",\"url\":\"https:\/\/www.narconon.online\/\",\"logo\":{\"@type\":\"ImageObject\",\"inLanguage\":\"ro-RO\",\"@id\":\"https:\/\/www.narconon.online\/#\/schema\/logo\/image\/\",\"url\":\"https:\/\/www.narconon.online\/wp-content\/uploads\/2025\/03\/Logo-Narconon-Europe-2.png\",\"contentUrl\":\"https:\/\/www.narconon.online\/wp-content\/uploads\/2025\/03\/Logo-Narconon-Europe-2.png\",\"width\":2000,\"height\":707,\"caption\":\"Narconon Europe\"},\"image\":{\"@id\":\"https:\/\/www.narconon.online\/#\/schema\/logo\/image\/\"},\"sameAs\":[\"https:\/\/www.facebook.com\/narcononeu\",\"https:\/\/x.com\/NARCONONEurope\",\"https:\/\/www.instagram.com\/narconon.europe\/\",\"https:\/\/www.youtube.com\/channel\/UCNUxvhoqZZCAxXCYO4K7MvA\",\"https:\/\/www.tiktok.com\/@narconon.europe\"]}]}<\/script>\n<!-- \/ Yoast SEO Premium plugin. -->","yoast_head_json":{"title":"Ce este flashback-ul \u0219i efectele sale asupra utilizatorilor?","description":"Descoperi\u021bi ce este flashback-ul \u0219i cum drogurile psihedelice pot duce la efecte imprevizibile, inclusiv halucina\u021bii \u0219i riscuri grave pentru s\u0103n\u0103tate.","robots":{"index":"index","follow":"follow","max-snippet":"max-snippet:-1","max-image-preview":"max-image-preview:large","max-video-preview":"max-video-preview:-1"},"canonical":"https:\/\/www.narconon.online\/ro\/glosar\/ce-este-flashback-ul-2\/","og_locale":"ro_RO","og_type":"article","og_title":"What is Flashback?","og_description":"Uncover what is flashback and how psychedelic drugs can lead to unpredictable effects including hallucinations and severe health risks.","og_url":"https:\/\/www.narconon.online\/ro\/glosar\/ce-este-flashback-ul-2\/","og_site_name":"Narconon Europe","article_publisher":"https:\/\/www.facebook.com\/narcononeu","article_modified_time":"2025-07-24T13:07:13+00:00","og_image":[{"width":1392,"height":752,"url":"https:\/\/www.narconon.online\/wp-content\/uploads\/2025\/07\/freepik__interior-of-a-dim-silent-living-room-at-night-a-yo__41441.webp","type":"image\/webp"}],"twitter_card":"summary_large_image","twitter_site":"@NARCONONEurope","twitter_misc":{"Timp estimat pentru citire":"2 minute"},"schema":{"@context":"https:\/\/schema.org","@graph":[{"@type":"WebPage","@id":"https:\/\/www.narconon.online\/glossary\/what-is-flashbacks\/","url":"https:\/\/www.narconon.online\/glossary\/what-is-flashbacks\/","name":"Ce este flashback-ul \u0219i efectele sale asupra utilizatorilor?","isPartOf":{"@id":"https:\/\/www.narconon.online\/#website"},"primaryImageOfPage":{"@id":"https:\/\/www.narconon.online\/glossary\/what-is-flashbacks\/#primaryimage"},"image":{"@id":"https:\/\/www.narconon.online\/glossary\/what-is-flashbacks\/#primaryimage"},"thumbnailUrl":"https:\/\/www.narconon.online\/wp-content\/uploads\/2025\/07\/freepik__interior-of-a-dim-silent-living-room-at-night-a-yo__41441.webp","datePublished":"2025-07-23T14:32:16+00:00","dateModified":"2025-07-24T13:07:13+00:00","description":"Descoperi\u021bi ce este flashback-ul \u0219i cum drogurile psihedelice pot duce la efecte imprevizibile, inclusiv halucina\u021bii \u0219i riscuri grave pentru s\u0103n\u0103tate.","breadcrumb":{"@id":"https:\/\/www.narconon.online\/glossary\/what-is-flashbacks\/#breadcrumb"},"inLanguage":"ro-RO","potentialAction":[{"@type":"ReadAction","target":["https:\/\/www.narconon.online\/glossary\/what-is-flashbacks\/"]}]},{"@type":"ImageObject","inLanguage":"ro-RO","@id":"https:\/\/www.narconon.online\/glossary\/what-is-flashbacks\/#primaryimage","url":"https:\/\/www.narconon.online\/wp-content\/uploads\/2025\/07\/freepik__interior-of-a-dim-silent-living-room-at-night-a-yo__41441.webp","contentUrl":"https:\/\/www.narconon.online\/wp-content\/uploads\/2025\/07\/freepik__interior-of-a-dim-silent-living-room-at-night-a-yo__41441.webp"},{"@type":"BreadcrumbList","@id":"https:\/\/www.narconon.online\/glossary\/what-is-flashbacks\/#breadcrumb","itemListElement":[{"@type":"ListItem","position":1,"name":"Home","item":"https:\/\/www.narconon.online\/"},{"@type":"ListItem","position":2,"name":"Glossary of Drug Terms and Definitions","item":"https:\/\/www.narconon.online\/glossary\/"},{"@type":"ListItem","position":3,"name":"What is Flashback?"}]},{"@type":"WebSite","@id":"https:\/\/www.narconon.online\/#website","url":"https:\/\/www.narconon.online\/","name":"Narconon Europa","description":"F\u0103r\u0103 droguri pentru totdeauna","publisher":{"@id":"https:\/\/www.narconon.online\/#organization"},"potentialAction":[{"@type":"SearchAction","target":{"@type":"EntryPoint","urlTemplate":"https:\/\/www.narconon.online\/?s={search_term_string}"},"query-input":{"@type":"PropertyValueSpecification","valueRequired":true,"valueName":"search_term_string"}}],"inLanguage":"ro-RO"},{"@type":"Organization","@id":"https:\/\/www.narconon.online\/#organization","name":"Narconon Europa","url":"https:\/\/www.narconon.online\/","logo":{"@type":"ImageObject","inLanguage":"ro-RO","@id":"https:\/\/www.narconon.online\/#\/schema\/logo\/image\/","url":"https:\/\/www.narconon.online\/wp-content\/uploads\/2025\/03\/Logo-Narconon-Europe-2.png","contentUrl":"https:\/\/www.narconon.online\/wp-content\/uploads\/2025\/03\/Logo-Narconon-Europe-2.png","width":2000,"height":707,"caption":"Narconon Europe"},"image":{"@id":"https:\/\/www.narconon.online\/#\/schema\/logo\/image\/"},"sameAs":["https:\/\/www.facebook.com\/narcononeu","https:\/\/x.com\/NARCONONEurope","https:\/\/www.instagram.com\/narconon.europe\/","https:\/\/www.youtube.com\/channel\/UCNUxvhoqZZCAxXCYO4K7MvA","https:\/\/www.tiktok.com\/@narconon.europe"]}]}},"_links":{"self":[{"href":"https:\/\/www.narconon.online\/ro\/wp-json\/wp\/v2\/pages\/6105","targetHints":{"allow":["GET"]}}],"collection":[{"href":"https:\/\/www.narconon.online\/ro\/wp-json\/wp\/v2\/pages"}],"about":[{"href":"https:\/\/www.narconon.online\/ro\/wp-json\/wp\/v2\/types\/page"}],"author":[{"embeddable":true,"href":"https:\/\/www.narconon.online\/ro\/wp-json\/wp\/v2\/users\/43"}],"replies":[{"embeddable":true,"href":"https:\/\/www.narconon.online\/ro\/wp-json\/wp\/v2\/comments?post=6105"}],"version-history":[{"count":9,"href":"https:\/\/www.narconon.online\/ro\/wp-json\/wp\/v2\/pages\/6105\/revisions"}],"predecessor-version":[{"id":6567,"href":"https:\/\/www.narconon.online\/ro\/wp-json\/wp\/v2\/pages\/6105\/revisions\/6567"}],"up":[{"embeddable":true,"href":"https:\/\/www.narconon.online\/ro\/wp-json\/wp\/v2\/pages\/5868"}],"wp:attachment":[{"href":"https:\/\/www.narconon.online\/ro\/wp-json\/wp\/v2\/media?parent=6105"}],"curies":[{"name":"wp","href":"https:\/\/api.w.org\/{rel}","templated":true}]}}