{"id":6070,"date":"2025-07-23T15:52:52","date_gmt":"2025-07-23T13:52:52","guid":{"rendered":"https:\/\/www.narconon.online\/?page_id=6070"},"modified":"2025-07-24T08:56:47","modified_gmt":"2025-07-24T06:56:47","slug":"ce-este-cocaina","status":"publish","type":"page","link":"https:\/\/www.narconon.online\/ro\/glosar\/ce-este-cocaina\/","title":{"rendered":"Ce este cocaina?"},"content":{"rendered":"<div data-elementor-type=\"wp-page\" data-elementor-id=\"6070\" class=\"elementor elementor-6070\" data-elementor-post-type=\"page\">\n\t\t\t\t<div class=\"elementor-element elementor-element-14d08559 e-flex e-con-boxed e-con e-parent\" data-id=\"14d08559\" data-element_type=\"container\" data-e-type=\"container\">\n\t\t\t\t\t<div class=\"e-con-inner\">\n\t\t<div class=\"elementor-element elementor-element-1cae676 e-grid e-con-full e-con e-child\" data-id=\"1cae676\" data-element_type=\"container\" data-e-type=\"container\">\n\t\t\t\t<div class=\"elementor-element elementor-element-ddfcbba elementor-widget elementor-widget-text-editor\" data-id=\"ddfcbba\" data-element_type=\"widget\" data-e-type=\"widget\" data-widget_type=\"text-editor.default\">\n\t\t\t\t<div class=\"elementor-widget-container\">\n\t\t\t\t\t\t\t\t\t<p data-start=\"284\" data-end=\"476\"><strong data-start=\"284\" data-end=\"324\">Cocaina este un drog stimulent puternic<\/strong> ob\u021binut\u0103 din frunzele plantei coca. Aceasta este ilegal\u0103 \u00een majoritatea \u021b\u0103rilor \u0219i este utilizat\u0103 \u00een scopuri recrea\u021bionale pentru efectele sale euforice \u0219i energizante de scurt\u0103 durat\u0103.<\/p>\n<p data-start=\"478\" data-end=\"738\">Cocaina se prezint\u0103 de obicei sub form\u0103 de <strong data-start=\"505\" data-end=\"533\">pulbere cristalin\u0103 alb\u0103<\/strong> \u0219i este <strong data-start=\"541\" data-end=\"595\">inhalate, frecate pe gingii sau dizolvate \u0219i injectate<\/strong>. O form\u0103 fumabil\u0103 de cocain\u0103 se nume\u0219te <strong data-start=\"634\" data-end=\"643\">fisur\u0103<\/strong>. Aceasta cauzeaz\u0103 <strong data-start=\"655\" data-end=\"696\">vigilen\u021b\u0103 crescut\u0103, apetit redus<\/strong>, \u0219i <strong data-start=\"702\" data-end=\"737\">sentimente de putere sau \u00eencredere<\/strong>.<\/p>\n<p data-start=\"740\" data-end=\"942\">Cu toate acestea, cocaina duce \u0219i la <strong data-start=\"771\" data-end=\"810\">dependen\u021b\u0103, paranoia, probleme cardiace<\/strong>, \u0219i <strong data-start=\"816\" data-end=\"836\">comportament violent<\/strong>. Efectele sale dispar rapid, \u00eemping\u00e2nd utilizatorii s\u0103 ia mai mult, ceea ce cre\u0219te riscul de <strong data-start=\"920\" data-end=\"941\">supradozaj sau deces<\/strong>.<\/p>\t\t\t\t\t\t\t\t<\/div>\n\t\t\t\t<\/div>\n\t\t\t\t<div class=\"elementor-element elementor-element-8f955ba elementor-widget elementor-widget-image\" data-id=\"8f955ba\" data-element_type=\"widget\" data-e-type=\"widget\" data-widget_type=\"image.default\">\n\t\t\t\t<div class=\"elementor-widget-container\">\n\t\t\t\t\t\t\t\t\t\t\t\t\t\t\t<img fetchpriority=\"high\" decoding=\"async\" width=\"1392\" height=\"752\" src=\"https:\/\/www.narconon.online\/wp-content\/uploads\/2025\/07\/freepik__white-cocaine-powder-next-to-euro-banknote-and-pla__41438.webp\" class=\"attachment-full size-full wp-image-6072\" alt=\"Pudr\u0103 alb\u0103 de cocain\u0103 l\u00e2ng\u0103 bancnot\u0103 euro \u0219i pung\u0103 de plastic pe fundal alb\" srcset=\"https:\/\/www.narconon.online\/wp-content\/uploads\/2025\/07\/freepik__white-cocaine-powder-next-to-euro-banknote-and-pla__41438.webp 1392w, https:\/\/www.narconon.online\/wp-content\/uploads\/2025\/07\/freepik__white-cocaine-powder-next-to-euro-banknote-and-pla__41438-300x162.webp 300w, https:\/\/www.narconon.online\/wp-content\/uploads\/2025\/07\/freepik__white-cocaine-powder-next-to-euro-banknote-and-pla__41438-1024x553.webp 1024w, https:\/\/www.narconon.online\/wp-content\/uploads\/2025\/07\/freepik__white-cocaine-powder-next-to-euro-banknote-and-pla__41438-768x415.webp 768w, https:\/\/www.narconon.online\/wp-content\/uploads\/2025\/07\/freepik__white-cocaine-powder-next-to-euro-banknote-and-pla__41438-18x10.webp 18w\" sizes=\"(max-width: 1392px) 100vw, 1392px\" \/>\t\t\t\t\t\t\t\t\t\t\t\t\t\t\t<\/div>\n\t\t\t\t<\/div>\n\t\t\t\t<\/div>\n\t\t\t\t\t<\/div>\n\t\t\t\t<\/div>\n\t\t<div class=\"elementor-element elementor-element-064fdba e-flex e-con-boxed e-con e-parent\" data-id=\"064fdba\" data-element_type=\"container\" data-e-type=\"container\">\n\t\t\t\t\t<div class=\"e-con-inner\">\n\t\t<div class=\"elementor-element elementor-element-ecec8f5 e-grid e-con-full e-con e-child\" data-id=\"ecec8f5\" data-element_type=\"container\" data-e-type=\"container\">\n\t\t\t\t<div class=\"elementor-element elementor-element-0f0e55c elementor-widget elementor-widget-text-editor\" data-id=\"0f0e55c\" data-element_type=\"widget\" data-e-type=\"widget\" data-widget_type=\"text-editor.default\">\n\t\t\t\t<div class=\"elementor-widget-container\">\n\t\t\t\t\t\t\t\t\t<h3 id=\"h-related-terms\" class=\"wp-block-heading\">\ud83e\udde0 Termeni \u00eenrudi\u021bi<\/h3>\n<ul data-spread=\"false\" data-pm-slice=\"3 3 []\">\n<li><a href=\"https:\/\/www.narconon.online\/ro\/glosar\/ce-este-crack-ul\/\">Crack<\/a><\/li>\n<li><a href=\"https:\/\/www.narconon.online\/ro\/glosar\/ce-sunt-stimulentele\/\">Stimulente<\/a><\/li>\n<li>\n<p><a href=\"https:\/\/www.narconon.online\/ro\/glosar\/ce-este-supradozajul\/\">Supradozaj<\/a><\/p>\n<\/li>\n<li>\n<p><a href=\"https:\/\/www.narconon.online\/ro\/glosar\/\">Indice glosar<\/a><\/p>\n<\/li>\n<\/ul>\t\t\t\t\t\t\t\t<\/div>\n\t\t\t\t<\/div>\n\t\t\t\t<div class=\"elementor-element elementor-element-03e5102 elementor-widget elementor-widget-text-editor\" data-id=\"03e5102\" data-element_type=\"widget\" data-e-type=\"widget\" data-widget_type=\"text-editor.default\">\n\t\t\t\t<div class=\"elementor-widget-container\">\n\t\t\t\t\t\t\t\t\t<p id=\"h-related-terms\" class=\"wp-block-heading\">\ud83d\udc49 Afla\u021bi mai multe despre prevenire:<br \/><a class=\"\" href=\"https:\/\/www.narcononeurope.dk\/en\/drug-abuse\/\" target=\"_blank\" rel=\"noopener\">Narconon Europe - Ajutor pentru abuzul de droguri<\/a><\/p>\n<p><!-- \/wp:list-item --><\/p>\n<p><!-- \/wp:list --><!-- wp:paragraph --><\/p>\n<p>\ud83d\udc49 Pentru mai mult con\u021binut educa\u021bional, consulta\u021bi site-ul nostru <a class=\"\" href=\"https:\/\/www.narconon.online\/ro\/materiale-de-prevenire-a-consumului-de-droguri\/\">Materiale pentru educa\u021bia \u0219i prevenirea consumului de droguri<\/a><\/p>\t\t\t\t\t\t\t\t<\/div>\n\t\t\t\t<\/div>\n\t\t\t\t<\/div>\n\t\t\t\t<div class=\"elementor-element elementor-element-1497776 elementor-widget elementor-widget-heading\" data-id=\"1497776\" data-element_type=\"widget\" data-e-type=\"widget\" data-widget_type=\"heading.default\">\n\t\t\t\t<div class=\"elementor-widget-container\">\n\t\t\t\t\t<h2 class=\"elementor-heading-title elementor-size-default\">\u2753\u00centreb\u0103ri frecvente despre cocain\u0103<\/h2>\t\t\t\t<\/div>\n\t\t\t\t<\/div>\n\t\t\t\t<div class=\"elementor-element elementor-element-a24ee80 elementor-widget elementor-widget-text-editor\" data-id=\"a24ee80\" data-element_type=\"widget\" data-e-type=\"widget\" data-widget_type=\"text-editor.default\">\n\t\t\t\t<div class=\"elementor-widget-container\">\n\t\t\t\t\t\t\t\t\t<p data-start=\"1211\" data-end=\"1315\"><strong data-start=\"1211\" data-end=\"1243\">1. Pentru ce este utilizat\u0103 cocaina?<\/strong><br data-start=\"1243\" data-end=\"1246\" \/>\u00cen mod ilegal, este folosit pentru o senza\u021bie de high rapid, energie crescut\u0103 \u0219i euforie.<\/p>\n<p data-start=\"1317\" data-end=\"1422\"><strong data-start=\"1317\" data-end=\"1349\">2. De ce este cocaina periculoas\u0103?<\/strong><br data-start=\"1349\" data-end=\"1352\" \/>Poate provoca dependen\u021b\u0103, atac de cord, accident vascular cerebral \u0219i comportament agresiv.<\/p>\n<p data-start=\"1424\" data-end=\"1540\"><strong data-start=\"1424\" data-end=\"1454\">3. Cum arat\u0103?<\/strong><br data-start=\"1454\" data-end=\"1457\" \/>Se prezint\u0103 sub form\u0103 de pudr\u0103 alb\u0103 fin\u0103, uneori ambalat\u0103 \u00een ambalaje de plastic sau \u00een pungi mici.<\/p>\n<p data-start=\"1542\" data-end=\"1660\"><strong data-start=\"1542\" data-end=\"1585\">4. Poate cineva s\u0103-l ia f\u0103r\u0103 s\u0103 \u0219tie?<\/strong><br data-start=\"1585\" data-end=\"1588\" \/>Da, poate fi amestecat\u0103 \u00een alte substan\u021be f\u0103r\u0103 ca utilizatorul s\u0103 fie con\u0219tient de acest lucru.<\/p>\n<p data-start=\"1662\" data-end=\"1793\"><strong data-start=\"1662\" data-end=\"1699\">5. Cum poate cineva s\u0103 evite cocaina?<\/strong><br data-start=\"1699\" data-end=\"1702\" \/>Evita\u021bi pulberile necunoscute, sta\u021bi departe de mediile \u00een care se consum\u0103 droguri \u0219i c\u0103uta\u021bi o educa\u021bie fiabil\u0103.<\/p>\t\t\t\t\t\t\t\t<\/div>\n\t\t\t\t<\/div>\n\t\t\t\t<div class=\"elementor-element elementor-element-3c88435 elementor-widget elementor-widget-html\" data-id=\"3c88435\" data-element_type=\"widget\" data-e-type=\"widget\" data-widget_type=\"html.default\">\n\t\t\t\t<div class=\"elementor-widget-container\">\n\t\t\t\t\t<script type=\"application\/ld+json\">{\n    \"@context\": \"https:\\\/\\\/schema.org\",\n    \"@type\": \"WebPage\",\n    \"name\": \"What is Cocaine?\",\n    \"url\": \"https:\\\/\\\/www.narconon.online\\\/glossary\\\/what-is-cocaine\\\/\",\n    \"description\": \"Cocaine is a powerful illegal stimulant drug. Learn what it looks like, how it affects the body, and why it\\u2019s addictive and dangerous.\",\n    \"datePublished\": \"2025-07-23\",\n    \"publisher\": {\n        \"@type\": \"Organization\",\n        \"name\": \"Narconon Europe\",\n        \"url\": \"https:\\\/\\\/www.narcononeurope.dk\"\n    },\n    \"mainEntity\": {\n        \"@type\": \"FAQPage\",\n        \"mainEntity\": [\n            {\n                \"@type\": \"Question\",\n                \"name\": \"What is cocaine used for?\",\n                \"acceptedAnswer\": {\n                    \"@type\": \"Answer\",\n                    \"text\": \"Illegally, it's used for a fast high, increased energy, and euphoria.\"\n                }\n            },\n            {\n                \"@type\": \"Question\",\n                \"name\": \"Why is cocaine dangerous?\",\n                \"acceptedAnswer\": {\n                    \"@type\": \"Answer\",\n                    \"text\": \"It can cause addiction, heart attack, stroke, and aggressive behavior.\"\n                }\n            },\n            {\n                \"@type\": \"Question\",\n                \"name\": \"What does it look like?\",\n                \"acceptedAnswer\": {\n                    \"@type\": \"Answer\",\n                    \"text\": \"It appears as a fine white powder, sometimes packed in plastic wraps or small bags.\"\n                }\n            },\n            {\n                \"@type\": \"Question\",\n                \"name\": \"Can someone take it without knowing?\",\n                \"acceptedAnswer\": {\n                    \"@type\": \"Answer\",\n                    \"text\": \"Yes, it can be mixed into other substances without the user's awareness.\"\n                }\n            },\n            {\n                \"@type\": \"Question\",\n                \"name\": \"How can someone avoid cocaine?\",\n                \"acceptedAnswer\": {\n                    \"@type\": \"Answer\",\n                    \"text\": \"Avoid unknown powders, stay away from drug-using environments, and seek reliable education.\"\n                }\n            }\n        ]\n    }\n}<\/script>\r\n\t\t\t\t<\/div>\n\t\t\t\t<\/div>\n\t\t\t\t\t<\/div>\n\t\t\t\t<\/div>\n\t\t\t\t<\/div>","protected":false},"excerpt":{"rendered":"<p>Cocaine is a powerful stimulant drug made from the leaves of the coca plant. It is illegal in most countries [&hellip;]<\/p>","protected":false},"author":43,"featured_media":0,"parent":5868,"menu_order":0,"comment_status":"closed","ping_status":"closed","template":"","meta":{"_acf_changed":false,"site-sidebar-layout":"default","site-content-layout":"","ast-site-content-layout":"default","site-content-style":"default","site-sidebar-style":"default","ast-global-header-display":"","ast-banner-title-visibility":"","ast-main-header-display":"","ast-hfb-above-header-display":"","ast-hfb-below-header-display":"","ast-hfb-mobile-header-display":"","site-post-title":"","ast-breadcrumbs-content":"","ast-featured-img":"","footer-sml-layout":"","ast-disable-related-posts":"","theme-transparent-header-meta":"","adv-header-id-meta":"","stick-header-meta":"","header-above-stick-meta":"","header-main-stick-meta":"","header-below-stick-meta":"","astra-migrate-meta-layouts":"default","ast-page-background-enabled":"default","ast-page-background-meta":{"desktop":{"background-color":"var(--ast-global-color-5)","background-image":"","background-repeat":"repeat","background-position":"center center","background-size":"auto","background-attachment":"scroll","background-type":"","background-media":"","overlay-type":"","overlay-color":"","overlay-opacity":"","overlay-gradient":""},"tablet":{"background-color":"","background-image":"","background-repeat":"repeat","background-position":"center center","background-size":"auto","background-attachment":"scroll","background-type":"","background-media":"","overlay-type":"","overlay-color":"","overlay-opacity":"","overlay-gradient":""},"mobile":{"background-color":"","background-image":"","background-repeat":"repeat","background-position":"center center","background-size":"auto","background-attachment":"scroll","background-type":"","background-media":"","overlay-type":"","overlay-color":"","overlay-opacity":"","overlay-gradient":""}},"ast-content-background-meta":{"desktop":{"background-color":"var(--ast-global-color-4)","background-image":"","background-repeat":"repeat","background-position":"center center","background-size":"auto","background-attachment":"scroll","background-type":"","background-media":"","overlay-type":"","overlay-color":"","overlay-opacity":"","overlay-gradient":""},"tablet":{"background-color":"var(--ast-global-color-4)","background-image":"","background-repeat":"repeat","background-position":"center center","background-size":"auto","background-attachment":"scroll","background-type":"","background-media":"","overlay-type":"","overlay-color":"","overlay-opacity":"","overlay-gradient":""},"mobile":{"background-color":"var(--ast-global-color-4)","background-image":"","background-repeat":"repeat","background-position":"center center","background-size":"auto","background-attachment":"scroll","background-type":"","background-media":"","overlay-type":"","overlay-color":"","overlay-opacity":"","overlay-gradient":""}},"footnotes":""},"class_list":["post-6070","page","type-page","status-publish","hentry"],"acf":[],"yoast_head":"<!-- This site is optimized with the Yoast SEO Premium plugin v26.6 (Yoast SEO v26.6) - https:\/\/yoast.com\/wordpress\/plugins\/seo\/ -->\n<title>What Is Cocaine: Understanding Its Risks<\/title>\n<meta name=\"description\" content=\"Discover what is cocaine and its effects on the body and mind. Learn about the risks and implications of cocaine use.\" \/>\n<meta name=\"robots\" content=\"index, follow, max-snippet:-1, max-image-preview:large, max-video-preview:-1\" \/>\n<link rel=\"canonical\" href=\"https:\/\/www.narconon.online\/ro\/glosar\/ce-este-cocaina\/\" \/>\n<meta property=\"og:locale\" content=\"ro_RO\" \/>\n<meta property=\"og:type\" content=\"article\" \/>\n<meta property=\"og:title\" content=\"What is Cocaine?\" \/>\n<meta property=\"og:description\" content=\"Discover what is cocaine and its effects on the body and mind. Learn about the risks and implications of cocaine use.\" \/>\n<meta property=\"og:url\" content=\"https:\/\/www.narconon.online\/ro\/glosar\/ce-este-cocaina\/\" \/>\n<meta property=\"og:site_name\" content=\"Narconon Europe\" \/>\n<meta property=\"article:publisher\" content=\"https:\/\/www.facebook.com\/narcononeu\" \/>\n<meta property=\"article:modified_time\" content=\"2025-07-24T06:56:47+00:00\" \/>\n<meta property=\"og:image\" content=\"https:\/\/www.narconon.online\/wp-content\/uploads\/2025\/07\/freepik__white-cocaine-powder-next-to-euro-banknote-and-pla__41438.webp\" \/>\n\t<meta property=\"og:image:width\" content=\"1392\" \/>\n\t<meta property=\"og:image:height\" content=\"752\" \/>\n\t<meta property=\"og:image:type\" content=\"image\/webp\" \/>\n<meta name=\"twitter:card\" content=\"summary_large_image\" \/>\n<meta name=\"twitter:site\" content=\"@NARCONONEurope\" \/>\n<meta name=\"twitter:label1\" content=\"Timp estimat pentru citire\" \/>\n\t<meta name=\"twitter:data1\" content=\"2 minute\" \/>\n<script type=\"application\/ld+json\" class=\"yoast-schema-graph\">{\"@context\":\"https:\/\/schema.org\",\"@graph\":[{\"@type\":\"WebPage\",\"@id\":\"https:\/\/www.narconon.online\/glossary\/what-is-cocaine\/\",\"url\":\"https:\/\/www.narconon.online\/glossary\/what-is-cocaine\/\",\"name\":\"What Is Cocaine: Understanding Its Risks\",\"isPartOf\":{\"@id\":\"https:\/\/www.narconon.online\/#website\"},\"primaryImageOfPage\":{\"@id\":\"https:\/\/www.narconon.online\/glossary\/what-is-cocaine\/#primaryimage\"},\"image\":{\"@id\":\"https:\/\/www.narconon.online\/glossary\/what-is-cocaine\/#primaryimage\"},\"thumbnailUrl\":\"https:\/\/www.narconon.online\/wp-content\/uploads\/2025\/07\/freepik__white-cocaine-powder-next-to-euro-banknote-and-pla__41438.webp\",\"datePublished\":\"2025-07-23T13:52:52+00:00\",\"dateModified\":\"2025-07-24T06:56:47+00:00\",\"description\":\"Discover what is cocaine and its effects on the body and mind. Learn about the risks and implications of cocaine use.\",\"breadcrumb\":{\"@id\":\"https:\/\/www.narconon.online\/glossary\/what-is-cocaine\/#breadcrumb\"},\"inLanguage\":\"ro-RO\",\"potentialAction\":[{\"@type\":\"ReadAction\",\"target\":[\"https:\/\/www.narconon.online\/glossary\/what-is-cocaine\/\"]}]},{\"@type\":\"ImageObject\",\"inLanguage\":\"ro-RO\",\"@id\":\"https:\/\/www.narconon.online\/glossary\/what-is-cocaine\/#primaryimage\",\"url\":\"https:\/\/www.narconon.online\/wp-content\/uploads\/2025\/07\/freepik__white-cocaine-powder-next-to-euro-banknote-and-pla__41438.webp\",\"contentUrl\":\"https:\/\/www.narconon.online\/wp-content\/uploads\/2025\/07\/freepik__white-cocaine-powder-next-to-euro-banknote-and-pla__41438.webp\"},{\"@type\":\"BreadcrumbList\",\"@id\":\"https:\/\/www.narconon.online\/glossary\/what-is-cocaine\/#breadcrumb\",\"itemListElement\":[{\"@type\":\"ListItem\",\"position\":1,\"name\":\"Home\",\"item\":\"https:\/\/www.narconon.online\/\"},{\"@type\":\"ListItem\",\"position\":2,\"name\":\"Glossary of Drug Terms and Definitions\",\"item\":\"https:\/\/www.narconon.online\/glossary\/\"},{\"@type\":\"ListItem\",\"position\":3,\"name\":\"What is Cocaine?\"}]},{\"@type\":\"WebSite\",\"@id\":\"https:\/\/www.narconon.online\/#website\",\"url\":\"https:\/\/www.narconon.online\/\",\"name\":\"Narconon Europe\",\"description\":\"Drug Free For Good\",\"publisher\":{\"@id\":\"https:\/\/www.narconon.online\/#organization\"},\"potentialAction\":[{\"@type\":\"SearchAction\",\"target\":{\"@type\":\"EntryPoint\",\"urlTemplate\":\"https:\/\/www.narconon.online\/?s={search_term_string}\"},\"query-input\":{\"@type\":\"PropertyValueSpecification\",\"valueRequired\":true,\"valueName\":\"search_term_string\"}}],\"inLanguage\":\"ro-RO\"},{\"@type\":\"Organization\",\"@id\":\"https:\/\/www.narconon.online\/#organization\",\"name\":\"Narconon Europe\",\"url\":\"https:\/\/www.narconon.online\/\",\"logo\":{\"@type\":\"ImageObject\",\"inLanguage\":\"ro-RO\",\"@id\":\"https:\/\/www.narconon.online\/#\/schema\/logo\/image\/\",\"url\":\"https:\/\/www.narconon.online\/wp-content\/uploads\/2025\/03\/Logo-Narconon-Europe-2.png\",\"contentUrl\":\"https:\/\/www.narconon.online\/wp-content\/uploads\/2025\/03\/Logo-Narconon-Europe-2.png\",\"width\":2000,\"height\":707,\"caption\":\"Narconon Europe\"},\"image\":{\"@id\":\"https:\/\/www.narconon.online\/#\/schema\/logo\/image\/\"},\"sameAs\":[\"https:\/\/www.facebook.com\/narcononeu\",\"https:\/\/x.com\/NARCONONEurope\",\"https:\/\/www.instagram.com\/narconon.europe\/\",\"https:\/\/www.youtube.com\/channel\/UCNUxvhoqZZCAxXCYO4K7MvA\",\"https:\/\/www.tiktok.com\/@narconon.europe\"]}]}<\/script>\n<!-- \/ Yoast SEO Premium plugin. -->","yoast_head_json":{"title":"Ce este cocaina: \u00cen\u021belegerea riscurilor sale","description":"Descoperi\u021bi ce este cocaina \u0219i efectele sale asupra corpului \u0219i min\u021bii. Afla\u021bi despre riscurile \u0219i implica\u021biile consumului de cocain\u0103.","robots":{"index":"index","follow":"follow","max-snippet":"max-snippet:-1","max-image-preview":"max-image-preview:large","max-video-preview":"max-video-preview:-1"},"canonical":"https:\/\/www.narconon.online\/ro\/glosar\/ce-este-cocaina\/","og_locale":"ro_RO","og_type":"article","og_title":"What is Cocaine?","og_description":"Discover what is cocaine and its effects on the body and mind. Learn about the risks and implications of cocaine use.","og_url":"https:\/\/www.narconon.online\/ro\/glosar\/ce-este-cocaina\/","og_site_name":"Narconon Europe","article_publisher":"https:\/\/www.facebook.com\/narcononeu","article_modified_time":"2025-07-24T06:56:47+00:00","og_image":[{"width":1392,"height":752,"url":"https:\/\/www.narconon.online\/wp-content\/uploads\/2025\/07\/freepik__white-cocaine-powder-next-to-euro-banknote-and-pla__41438.webp","type":"image\/webp"}],"twitter_card":"summary_large_image","twitter_site":"@NARCONONEurope","twitter_misc":{"Timp estimat pentru citire":"2 minute"},"schema":{"@context":"https:\/\/schema.org","@graph":[{"@type":"WebPage","@id":"https:\/\/www.narconon.online\/glossary\/what-is-cocaine\/","url":"https:\/\/www.narconon.online\/glossary\/what-is-cocaine\/","name":"Ce este cocaina: \u00cen\u021belegerea riscurilor sale","isPartOf":{"@id":"https:\/\/www.narconon.online\/#website"},"primaryImageOfPage":{"@id":"https:\/\/www.narconon.online\/glossary\/what-is-cocaine\/#primaryimage"},"image":{"@id":"https:\/\/www.narconon.online\/glossary\/what-is-cocaine\/#primaryimage"},"thumbnailUrl":"https:\/\/www.narconon.online\/wp-content\/uploads\/2025\/07\/freepik__white-cocaine-powder-next-to-euro-banknote-and-pla__41438.webp","datePublished":"2025-07-23T13:52:52+00:00","dateModified":"2025-07-24T06:56:47+00:00","description":"Descoperi\u021bi ce este cocaina \u0219i efectele sale asupra corpului \u0219i min\u021bii. Afla\u021bi despre riscurile \u0219i implica\u021biile consumului de cocain\u0103.","breadcrumb":{"@id":"https:\/\/www.narconon.online\/glossary\/what-is-cocaine\/#breadcrumb"},"inLanguage":"ro-RO","potentialAction":[{"@type":"ReadAction","target":["https:\/\/www.narconon.online\/glossary\/what-is-cocaine\/"]}]},{"@type":"ImageObject","inLanguage":"ro-RO","@id":"https:\/\/www.narconon.online\/glossary\/what-is-cocaine\/#primaryimage","url":"https:\/\/www.narconon.online\/wp-content\/uploads\/2025\/07\/freepik__white-cocaine-powder-next-to-euro-banknote-and-pla__41438.webp","contentUrl":"https:\/\/www.narconon.online\/wp-content\/uploads\/2025\/07\/freepik__white-cocaine-powder-next-to-euro-banknote-and-pla__41438.webp"},{"@type":"BreadcrumbList","@id":"https:\/\/www.narconon.online\/glossary\/what-is-cocaine\/#breadcrumb","itemListElement":[{"@type":"ListItem","position":1,"name":"Home","item":"https:\/\/www.narconon.online\/"},{"@type":"ListItem","position":2,"name":"Glossary of Drug Terms and Definitions","item":"https:\/\/www.narconon.online\/glossary\/"},{"@type":"ListItem","position":3,"name":"What is Cocaine?"}]},{"@type":"WebSite","@id":"https:\/\/www.narconon.online\/#website","url":"https:\/\/www.narconon.online\/","name":"Narconon Europa","description":"F\u0103r\u0103 droguri pentru totdeauna","publisher":{"@id":"https:\/\/www.narconon.online\/#organization"},"potentialAction":[{"@type":"SearchAction","target":{"@type":"EntryPoint","urlTemplate":"https:\/\/www.narconon.online\/?s={search_term_string}"},"query-input":{"@type":"PropertyValueSpecification","valueRequired":true,"valueName":"search_term_string"}}],"inLanguage":"ro-RO"},{"@type":"Organization","@id":"https:\/\/www.narconon.online\/#organization","name":"Narconon Europa","url":"https:\/\/www.narconon.online\/","logo":{"@type":"ImageObject","inLanguage":"ro-RO","@id":"https:\/\/www.narconon.online\/#\/schema\/logo\/image\/","url":"https:\/\/www.narconon.online\/wp-content\/uploads\/2025\/03\/Logo-Narconon-Europe-2.png","contentUrl":"https:\/\/www.narconon.online\/wp-content\/uploads\/2025\/03\/Logo-Narconon-Europe-2.png","width":2000,"height":707,"caption":"Narconon Europe"},"image":{"@id":"https:\/\/www.narconon.online\/#\/schema\/logo\/image\/"},"sameAs":["https:\/\/www.facebook.com\/narcononeu","https:\/\/x.com\/NARCONONEurope","https:\/\/www.instagram.com\/narconon.europe\/","https:\/\/www.youtube.com\/channel\/UCNUxvhoqZZCAxXCYO4K7MvA","https:\/\/www.tiktok.com\/@narconon.europe"]}]}},"_links":{"self":[{"href":"https:\/\/www.narconon.online\/ro\/wp-json\/wp\/v2\/pages\/6070","targetHints":{"allow":["GET"]}}],"collection":[{"href":"https:\/\/www.narconon.online\/ro\/wp-json\/wp\/v2\/pages"}],"about":[{"href":"https:\/\/www.narconon.online\/ro\/wp-json\/wp\/v2\/types\/page"}],"author":[{"embeddable":true,"href":"https:\/\/www.narconon.online\/ro\/wp-json\/wp\/v2\/users\/43"}],"replies":[{"embeddable":true,"href":"https:\/\/www.narconon.online\/ro\/wp-json\/wp\/v2\/comments?post=6070"}],"version-history":[{"count":13,"href":"https:\/\/www.narconon.online\/ro\/wp-json\/wp\/v2\/pages\/6070\/revisions"}],"predecessor-version":[{"id":6425,"href":"https:\/\/www.narconon.online\/ro\/wp-json\/wp\/v2\/pages\/6070\/revisions\/6425"}],"up":[{"embeddable":true,"href":"https:\/\/www.narconon.online\/ro\/wp-json\/wp\/v2\/pages\/5868"}],"wp:attachment":[{"href":"https:\/\/www.narconon.online\/ro\/wp-json\/wp\/v2\/media?parent=6070"}],"curies":[{"name":"wp","href":"https:\/\/api.w.org\/{rel}","templated":true}]}}