{"id":6011,"date":"2025-07-23T13:53:16","date_gmt":"2025-07-23T11:53:16","guid":{"rendered":"https:\/\/www.narconon.online\/?page_id=6011"},"modified":"2025-07-24T16:19:42","modified_gmt":"2025-07-24T14:19:42","slug":"ce-sunt-inhalantii","status":"publish","type":"page","link":"https:\/\/www.narconon.online\/ro\/glosar\/ce-sunt-inhalantii\/","title":{"rendered":"Ce sunt inhalan\u021bii?"},"content":{"rendered":"<div data-elementor-type=\"wp-page\" data-elementor-id=\"6011\" class=\"elementor elementor-6011\" data-elementor-post-type=\"page\">\n\t\t\t\t<div class=\"elementor-element elementor-element-14d08559 e-flex e-con-boxed e-con e-parent\" data-id=\"14d08559\" data-element_type=\"container\" data-e-type=\"container\">\n\t\t\t\t\t<div class=\"e-con-inner\">\n\t\t<div class=\"elementor-element elementor-element-1cae676 e-grid e-con-full e-con e-child\" data-id=\"1cae676\" data-element_type=\"container\" data-e-type=\"container\">\n\t\t\t\t<div class=\"elementor-element elementor-element-ddfcbba elementor-widget elementor-widget-text-editor\" data-id=\"ddfcbba\" data-element_type=\"widget\" data-e-type=\"widget\" data-widget_type=\"text-editor.default\">\n\t\t\t\t<div class=\"elementor-widget-container\">\n\t\t\t\t\t\t\t\t\t<p data-start=\"350\" data-end=\"559\">Inhalantele sunt <strong data-start=\"364\" data-end=\"387\">substan\u021be chimice<\/strong> care produc efecte psihoactive atunci c\u00e2nd sunt inhalate. Acestea se g\u0103sesc \u00een produse obi\u0219nuite de uz casnic sau industrial, cum ar fi <strong data-start=\"500\" data-end=\"558\">lipici, vopsea spray, lichid pentru brichete sau solven\u021bi de cur\u0103\u021bare<\/strong>.<\/p>\n<p data-start=\"561\" data-end=\"821\">Spre deosebire de majoritatea drogurilor, inhalantele nu sunt luate pentru a trata durerea sau pentru recreere - ele sunt <strong data-start=\"647\" data-end=\"658\">utilizate gre\u0219it<\/strong> deoarece vaporii lor pot crea un efect rapid \u0219i intens. Acest efect dureaz\u0103 doar c\u00e2teva minute, ceea ce \u00eei determin\u0103 pe unii utilizatori s\u0103 repete inhalarea de mai multe ori \u00eentr-o singur\u0103 sesiune.<\/p>\n<p data-start=\"823\" data-end=\"996\">Inhalantele pot provoca <strong data-start=\"843\" data-end=\"908\">dureri de cap, ame\u021beli, grea\u021b\u0103, confuzie sau chiar moarte subit\u0103<\/strong>. Utilizarea regulat\u0103 poate duce la leziuni ale creierului, pierderi de memorie sau probleme ale sistemului nervos pe termen lung.<\/p>\t\t\t\t\t\t\t\t<\/div>\n\t\t\t\t<\/div>\n\t\t\t\t<div class=\"elementor-element elementor-element-8f955ba elementor-widget elementor-widget-image\" data-id=\"8f955ba\" data-element_type=\"widget\" data-e-type=\"widget\" data-widget_type=\"image.default\">\n\t\t\t\t<div class=\"elementor-widget-container\">\n\t\t\t\t\t\t\t\t\t\t\t\t\t\t\t<img fetchpriority=\"high\" decoding=\"async\" width=\"1392\" height=\"752\" src=\"https:\/\/www.narconon.online\/wp-content\/uploads\/2025\/07\/freepik__a-grouped-layout-of-common-household-products-spra__41432.webp\" class=\"attachment-full size-full wp-image-6016\" alt=\"Produse de uz casnic, cum ar fi lipiciul \u0219i spray-urile, prezentate ca exemple de inhalan\u021bi periculo\u0219i pe fundal alb\" srcset=\"https:\/\/www.narconon.online\/wp-content\/uploads\/2025\/07\/freepik__a-grouped-layout-of-common-household-products-spra__41432.webp 1392w, https:\/\/www.narconon.online\/wp-content\/uploads\/2025\/07\/freepik__a-grouped-layout-of-common-household-products-spra__41432-300x162.webp 300w, https:\/\/www.narconon.online\/wp-content\/uploads\/2025\/07\/freepik__a-grouped-layout-of-common-household-products-spra__41432-1024x553.webp 1024w, https:\/\/www.narconon.online\/wp-content\/uploads\/2025\/07\/freepik__a-grouped-layout-of-common-household-products-spra__41432-768x415.webp 768w, https:\/\/www.narconon.online\/wp-content\/uploads\/2025\/07\/freepik__a-grouped-layout-of-common-household-products-spra__41432-18x10.webp 18w\" sizes=\"(max-width: 1392px) 100vw, 1392px\" \/>\t\t\t\t\t\t\t\t\t\t\t\t\t\t\t<\/div>\n\t\t\t\t<\/div>\n\t\t\t\t<\/div>\n\t\t\t\t\t<\/div>\n\t\t\t\t<\/div>\n\t\t<div class=\"elementor-element elementor-element-064fdba e-flex e-con-boxed e-con e-parent\" data-id=\"064fdba\" data-element_type=\"container\" data-e-type=\"container\">\n\t\t\t\t\t<div class=\"e-con-inner\">\n\t\t<div class=\"elementor-element elementor-element-ecec8f5 e-grid e-con-full e-con e-child\" data-id=\"ecec8f5\" data-element_type=\"container\" data-e-type=\"container\">\n\t\t\t\t<div class=\"elementor-element elementor-element-0f0e55c elementor-widget elementor-widget-text-editor\" data-id=\"0f0e55c\" data-element_type=\"widget\" data-e-type=\"widget\" data-widget_type=\"text-editor.default\">\n\t\t\t\t<div class=\"elementor-widget-container\">\n\t\t\t\t\t\t\t\t\t<h3 id=\"h-related-terms\" class=\"wp-block-heading\">\ud83e\udde0 Termeni \u00eenrudi\u021bi<\/h3>\n<ul>\n<li data-start=\"1025\" data-end=\"1074\">\n<p data-start=\"1027\" data-end=\"1074\"><a class=\"cursor-pointer\" rel=\"noopener\" data-start=\"1027\" data-end=\"1072\">Droguri sintetice<\/a><\/p>\n<\/li>\n<li data-start=\"1075\" data-end=\"1110\">\n<p data-start=\"1077\" data-end=\"1110\"><a class=\"\" href=\"\/ro\/glosar\/overdose\/\" rel=\"noopener\" data-start=\"1077\" data-end=\"1108\">Supradozaj<\/a><\/p>\n<\/li>\n<li data-start=\"1194\" data-end=\"1224\">\n<p data-start=\"1196\" data-end=\"1224\"><a class=\"\" href=\"\/ro\/glosar\/\" rel=\"noopener\" data-start=\"1196\" data-end=\"1224\">Indice glosar<\/a><\/p>\n<\/li>\n<\/ul>\t\t\t\t\t\t\t\t<\/div>\n\t\t\t\t<\/div>\n\t\t\t\t<div class=\"elementor-element elementor-element-03e5102 elementor-widget elementor-widget-text-editor\" data-id=\"03e5102\" data-element_type=\"widget\" data-e-type=\"widget\" data-widget_type=\"text-editor.default\">\n\t\t\t\t<div class=\"elementor-widget-container\">\n\t\t\t\t\t\t\t\t\t<p id=\"h-related-terms\" class=\"wp-block-heading\">\ud83d\udc49 Afla\u021bi mai multe despre prevenire:<br \/><a class=\"\" href=\"https:\/\/www.narcononeurope.dk\/en\/drug-abuse\/\" target=\"_blank\" rel=\"noopener\">Narconon Europe - Ajutor pentru abuzul de droguri<\/a><\/p>\n<p><!-- \/wp:list-item --><\/p>\n<p><!-- \/wp:list --><!-- wp:paragraph --><\/p>\n<p>\ud83d\udc49 Pentru mai mult con\u021binut educa\u021bional, consulta\u021bi site-ul nostru <a class=\"\" href=\"https:\/\/www.narconon.online\/ro\/materiale-de-prevenire-a-consumului-de-droguri\/\">Materiale pentru educa\u021bia \u0219i prevenirea consumului de droguri<\/a><\/p>\t\t\t\t\t\t\t\t<\/div>\n\t\t\t\t<\/div>\n\t\t\t\t<\/div>\n\t\t\t\t<div class=\"elementor-element elementor-element-1497776 elementor-widget elementor-widget-heading\" data-id=\"1497776\" data-element_type=\"widget\" data-e-type=\"widget\" data-widget_type=\"heading.default\">\n\t\t\t\t<div class=\"elementor-widget-container\">\n\t\t\t\t\t<h2 class=\"elementor-heading-title elementor-size-default\">\u2753\u00centreb\u0103ri frecvente despre inhalan\u021bi<\/h2>\t\t\t\t<\/div>\n\t\t\t\t<\/div>\n\t\t\t\t<div class=\"elementor-element elementor-element-a24ee80 elementor-widget elementor-widget-text-editor\" data-id=\"a24ee80\" data-element_type=\"widget\" data-e-type=\"widget\" data-widget_type=\"text-editor.default\">\n\t\t\t\t<div class=\"elementor-widget-container\">\n\t\t\t\t\t\t\t\t\t<p data-start=\"1380\" data-end=\"1513\"><strong data-start=\"1380\" data-end=\"1415\">1. Pentru ce sunt utilizate inhalantele?<\/strong><br data-start=\"1415\" data-end=\"1418\" \/>Acestea sunt, de obicei, produse de zi cu zi care nu sunt destinate consumului de droguri, dar care sunt utilizate \u00een mod abuziv pentru vaporii lor.<\/p>\n<p data-start=\"1515\" data-end=\"1632\"><strong data-start=\"1515\" data-end=\"1550\">2. De ce sunt periculoase inhalantele?<\/strong><br data-start=\"1550\" data-end=\"1553\" \/>Acestea pot provoca leziuni cerebrale, b\u0103t\u0103i neregulate ale inimii, sufocare sau moarte subit\u0103.<\/p>\n<p data-start=\"1634\" data-end=\"1771\"><strong data-start=\"1634\" data-end=\"1669\">3. Cum arat\u0103 inhalan\u021bii?<\/strong><br data-start=\"1669\" data-end=\"1672\" \/>Spray-uri, sticle de lipici, cartu\u0219e de benzin\u0103 \u0219i produse chimice de cur\u0103\u021bare - produse legale utilizate \u00een mod abuziv ca droguri.<\/p>\n<p data-start=\"1773\" data-end=\"1877\"><strong data-start=\"1773\" data-end=\"1807\">4. Inhalantele pot crea dependen\u021b\u0103?<\/strong><br data-start=\"1807\" data-end=\"1810\" \/>Da. Unii utilizatori devin dependen\u021bi din punct de vedere psihologic, \u00een special adolescen\u021bii.<\/p>\n<p data-start=\"1879\" data-end=\"2012\"><strong data-start=\"1879\" data-end=\"1918\">5. Cum poate cineva s\u0103 evite inhalan\u021bii?<\/strong><br data-start=\"1918\" data-end=\"1921\" \/>Depozita\u021bi substan\u021bele chimice \u00een siguran\u021b\u0103, nu adulmeca\u021bi substan\u021be necunoscute \u0219i fi\u021bi aten\u021bi la primele semne de utilizare.<\/p>\t\t\t\t\t\t\t\t<\/div>\n\t\t\t\t<\/div>\n\t\t\t\t<div class=\"elementor-element elementor-element-3c88435 elementor-widget elementor-widget-html\" data-id=\"3c88435\" data-element_type=\"widget\" data-e-type=\"widget\" data-widget_type=\"html.default\">\n\t\t\t\t<div class=\"elementor-widget-container\">\n\t\t\t\t\t<script type=\"application\/ld+json\">{\n    \"@context\": \"https:\\\/\\\/schema.org\",\n    \"@type\": \"WebPage\",\n    \"name\": \"What are Inhalants?\",\n    \"url\": \"https:\\\/\\\/www.narconon.online\\\/glossary\\\/what-are-inhalants\\\/\",\n    \"description\": \"Inhalants are chemical substances misused for their vapors. Learn what they are, how they affect the brain, and why they are dangerous.\",\n    \"datePublished\": \"2025-07-23\",\n    \"publisher\": {\n        \"@type\": \"Organization\",\n        \"name\": \"Narconon Europe\",\n        \"url\": \"https:\\\/\\\/www.narcononeurope.dk\"\n    },\n    \"mainEntity\": {\n        \"@type\": \"FAQPage\",\n        \"mainEntity\": [\n            {\n                \"@type\": \"Question\",\n                \"name\": \"What are inhalants used for?\",\n                \"acceptedAnswer\": {\n                    \"@type\": \"Answer\",\n                    \"text\": \"They are usually everyday products not intended for drug use, but are misused for their vapors.\"\n                }\n            },\n            {\n                \"@type\": \"Question\",\n                \"name\": \"Why are inhalants dangerous?\",\n                \"acceptedAnswer\": {\n                    \"@type\": \"Answer\",\n                    \"text\": \"They can cause brain damage, irregular heartbeat, suffocation, or sudden death.\"\n                }\n            },\n            {\n                \"@type\": \"Question\",\n                \"name\": \"What do inhalants look like?\",\n                \"acceptedAnswer\": {\n                    \"@type\": \"Answer\",\n                    \"text\": \"Spray cans, glue bottles, gas cartridges, and cleaning chemicals \\u2014 legal products misused as drugs.\"\n                }\n            },\n            {\n                \"@type\": \"Question\",\n                \"name\": \"Can inhalants be addictive?\",\n                \"acceptedAnswer\": {\n                    \"@type\": \"Answer\",\n                    \"text\": \"Yes. Some users become psychologically dependent, especially teens.\"\n                }\n            },\n            {\n                \"@type\": \"Question\",\n                \"name\": \"How can someone avoid inhalants?\",\n                \"acceptedAnswer\": {\n                    \"@type\": \"Answer\",\n                    \"text\": \"Store chemicals safely, don\\u2019t sniff unknown substances, and be aware of early signs of use.\"\n                }\n            }\n        ]\n    }\n}<\/script>\r\n\t\t\t\t<\/div>\n\t\t\t\t<\/div>\n\t\t\t\t\t<\/div>\n\t\t\t\t<\/div>\n\t\t\t\t<\/div>","protected":false},"excerpt":{"rendered":"<p>Inhalants are chemical substances that produce mind-altering effects when inhaled. They are found in common household or industrial products like [&hellip;]<\/p>","protected":false},"author":43,"featured_media":0,"parent":5868,"menu_order":0,"comment_status":"closed","ping_status":"closed","template":"","meta":{"_acf_changed":false,"site-sidebar-layout":"default","site-content-layout":"","ast-site-content-layout":"default","site-content-style":"default","site-sidebar-style":"default","ast-global-header-display":"","ast-banner-title-visibility":"","ast-main-header-display":"","ast-hfb-above-header-display":"","ast-hfb-below-header-display":"","ast-hfb-mobile-header-display":"","site-post-title":"","ast-breadcrumbs-content":"","ast-featured-img":"","footer-sml-layout":"","ast-disable-related-posts":"","theme-transparent-header-meta":"","adv-header-id-meta":"","stick-header-meta":"","header-above-stick-meta":"","header-main-stick-meta":"","header-below-stick-meta":"","astra-migrate-meta-layouts":"default","ast-page-background-enabled":"default","ast-page-background-meta":{"desktop":{"background-color":"var(--ast-global-color-5)","background-image":"","background-repeat":"repeat","background-position":"center center","background-size":"auto","background-attachment":"scroll","background-type":"","background-media":"","overlay-type":"","overlay-color":"","overlay-opacity":"","overlay-gradient":""},"tablet":{"background-color":"","background-image":"","background-repeat":"repeat","background-position":"center center","background-size":"auto","background-attachment":"scroll","background-type":"","background-media":"","overlay-type":"","overlay-color":"","overlay-opacity":"","overlay-gradient":""},"mobile":{"background-color":"","background-image":"","background-repeat":"repeat","background-position":"center center","background-size":"auto","background-attachment":"scroll","background-type":"","background-media":"","overlay-type":"","overlay-color":"","overlay-opacity":"","overlay-gradient":""}},"ast-content-background-meta":{"desktop":{"background-color":"var(--ast-global-color-4)","background-image":"","background-repeat":"repeat","background-position":"center center","background-size":"auto","background-attachment":"scroll","background-type":"","background-media":"","overlay-type":"","overlay-color":"","overlay-opacity":"","overlay-gradient":""},"tablet":{"background-color":"var(--ast-global-color-4)","background-image":"","background-repeat":"repeat","background-position":"center center","background-size":"auto","background-attachment":"scroll","background-type":"","background-media":"","overlay-type":"","overlay-color":"","overlay-opacity":"","overlay-gradient":""},"mobile":{"background-color":"var(--ast-global-color-4)","background-image":"","background-repeat":"repeat","background-position":"center center","background-size":"auto","background-attachment":"scroll","background-type":"","background-media":"","overlay-type":"","overlay-color":"","overlay-opacity":"","overlay-gradient":""}},"footnotes":""},"class_list":["post-6011","page","type-page","status-publish","hentry"],"acf":[],"yoast_head":"<!-- This site is optimized with the Yoast SEO Premium plugin v26.6 (Yoast SEO v26.6) - https:\/\/yoast.com\/wordpress\/plugins\/seo\/ -->\n<title>What Are Inhalants: Understanding Their Dangers<\/title>\n<meta name=\"description\" content=\"Explore what are inhalants and their effects. Learn about common household products that pose serious health risks.\" \/>\n<meta name=\"robots\" content=\"index, follow, max-snippet:-1, max-image-preview:large, max-video-preview:-1\" \/>\n<link rel=\"canonical\" href=\"https:\/\/www.narconon.online\/ro\/glosar\/ce-sunt-inhalantii\/\" \/>\n<meta property=\"og:locale\" content=\"ro_RO\" \/>\n<meta property=\"og:type\" content=\"article\" \/>\n<meta property=\"og:title\" content=\"What are Inhalants?\" \/>\n<meta property=\"og:description\" content=\"Explore what are inhalants and their effects. Learn about common household products that pose serious health risks.\" \/>\n<meta property=\"og:url\" content=\"https:\/\/www.narconon.online\/ro\/glosar\/ce-sunt-inhalantii\/\" \/>\n<meta property=\"og:site_name\" content=\"Narconon Europe\" \/>\n<meta property=\"article:publisher\" content=\"https:\/\/www.facebook.com\/narcononeu\" \/>\n<meta property=\"article:modified_time\" content=\"2025-07-24T14:19:42+00:00\" \/>\n<meta property=\"og:image\" content=\"https:\/\/www.narconon.online\/wp-content\/uploads\/2025\/07\/freepik__a-grouped-layout-of-common-household-products-spra__41432.webp\" \/>\n\t<meta property=\"og:image:width\" content=\"1392\" \/>\n\t<meta property=\"og:image:height\" content=\"752\" \/>\n\t<meta property=\"og:image:type\" content=\"image\/webp\" \/>\n<meta name=\"twitter:card\" content=\"summary_large_image\" \/>\n<meta name=\"twitter:site\" content=\"@NARCONONEurope\" \/>\n<meta name=\"twitter:label1\" content=\"Timp estimat pentru citire\" \/>\n\t<meta name=\"twitter:data1\" content=\"2 minute\" \/>\n<script type=\"application\/ld+json\" class=\"yoast-schema-graph\">{\"@context\":\"https:\/\/schema.org\",\"@graph\":[{\"@type\":\"WebPage\",\"@id\":\"https:\/\/www.narconon.online\/glossary\/what-are-inhalants\/\",\"url\":\"https:\/\/www.narconon.online\/glossary\/what-are-inhalants\/\",\"name\":\"What Are Inhalants: Understanding Their Dangers\",\"isPartOf\":{\"@id\":\"https:\/\/www.narconon.online\/#website\"},\"primaryImageOfPage\":{\"@id\":\"https:\/\/www.narconon.online\/glossary\/what-are-inhalants\/#primaryimage\"},\"image\":{\"@id\":\"https:\/\/www.narconon.online\/glossary\/what-are-inhalants\/#primaryimage\"},\"thumbnailUrl\":\"https:\/\/www.narconon.online\/wp-content\/uploads\/2025\/07\/freepik__a-grouped-layout-of-common-household-products-spra__41432.webp\",\"datePublished\":\"2025-07-23T11:53:16+00:00\",\"dateModified\":\"2025-07-24T14:19:42+00:00\",\"description\":\"Explore what are inhalants and their effects. Learn about common household products that pose serious health risks.\",\"breadcrumb\":{\"@id\":\"https:\/\/www.narconon.online\/glossary\/what-are-inhalants\/#breadcrumb\"},\"inLanguage\":\"ro-RO\",\"potentialAction\":[{\"@type\":\"ReadAction\",\"target\":[\"https:\/\/www.narconon.online\/glossary\/what-are-inhalants\/\"]}]},{\"@type\":\"ImageObject\",\"inLanguage\":\"ro-RO\",\"@id\":\"https:\/\/www.narconon.online\/glossary\/what-are-inhalants\/#primaryimage\",\"url\":\"https:\/\/www.narconon.online\/wp-content\/uploads\/2025\/07\/freepik__a-grouped-layout-of-common-household-products-spra__41432.webp\",\"contentUrl\":\"https:\/\/www.narconon.online\/wp-content\/uploads\/2025\/07\/freepik__a-grouped-layout-of-common-household-products-spra__41432.webp\"},{\"@type\":\"BreadcrumbList\",\"@id\":\"https:\/\/www.narconon.online\/glossary\/what-are-inhalants\/#breadcrumb\",\"itemListElement\":[{\"@type\":\"ListItem\",\"position\":1,\"name\":\"Home\",\"item\":\"https:\/\/www.narconon.online\/\"},{\"@type\":\"ListItem\",\"position\":2,\"name\":\"Glossary of Drug Terms and Definitions\",\"item\":\"https:\/\/www.narconon.online\/glossary\/\"},{\"@type\":\"ListItem\",\"position\":3,\"name\":\"What are Inhalants?\"}]},{\"@type\":\"WebSite\",\"@id\":\"https:\/\/www.narconon.online\/#website\",\"url\":\"https:\/\/www.narconon.online\/\",\"name\":\"Narconon Europe\",\"description\":\"Drug Free For Good\",\"publisher\":{\"@id\":\"https:\/\/www.narconon.online\/#organization\"},\"potentialAction\":[{\"@type\":\"SearchAction\",\"target\":{\"@type\":\"EntryPoint\",\"urlTemplate\":\"https:\/\/www.narconon.online\/?s={search_term_string}\"},\"query-input\":{\"@type\":\"PropertyValueSpecification\",\"valueRequired\":true,\"valueName\":\"search_term_string\"}}],\"inLanguage\":\"ro-RO\"},{\"@type\":\"Organization\",\"@id\":\"https:\/\/www.narconon.online\/#organization\",\"name\":\"Narconon Europe\",\"url\":\"https:\/\/www.narconon.online\/\",\"logo\":{\"@type\":\"ImageObject\",\"inLanguage\":\"ro-RO\",\"@id\":\"https:\/\/www.narconon.online\/#\/schema\/logo\/image\/\",\"url\":\"https:\/\/www.narconon.online\/wp-content\/uploads\/2025\/03\/Logo-Narconon-Europe-2.png\",\"contentUrl\":\"https:\/\/www.narconon.online\/wp-content\/uploads\/2025\/03\/Logo-Narconon-Europe-2.png\",\"width\":2000,\"height\":707,\"caption\":\"Narconon Europe\"},\"image\":{\"@id\":\"https:\/\/www.narconon.online\/#\/schema\/logo\/image\/\"},\"sameAs\":[\"https:\/\/www.facebook.com\/narcononeu\",\"https:\/\/x.com\/NARCONONEurope\",\"https:\/\/www.instagram.com\/narconon.europe\/\",\"https:\/\/www.youtube.com\/channel\/UCNUxvhoqZZCAxXCYO4K7MvA\",\"https:\/\/www.tiktok.com\/@narconon.europe\"]}]}<\/script>\n<!-- \/ Yoast SEO Premium plugin. -->","yoast_head_json":{"title":"Ce sunt inhalan\u021bii: \u00cen\u021belegerea pericolelor lor","description":"Explora\u021bi ce sunt inhalan\u021bii \u0219i efectele lor. Afla\u021bi despre produsele de uz casnic obi\u0219nuite care prezint\u0103 riscuri grave pentru s\u0103n\u0103tate.","robots":{"index":"index","follow":"follow","max-snippet":"max-snippet:-1","max-image-preview":"max-image-preview:large","max-video-preview":"max-video-preview:-1"},"canonical":"https:\/\/www.narconon.online\/ro\/glosar\/ce-sunt-inhalantii\/","og_locale":"ro_RO","og_type":"article","og_title":"What are Inhalants?","og_description":"Explore what are inhalants and their effects. Learn about common household products that pose serious health risks.","og_url":"https:\/\/www.narconon.online\/ro\/glosar\/ce-sunt-inhalantii\/","og_site_name":"Narconon Europe","article_publisher":"https:\/\/www.facebook.com\/narcononeu","article_modified_time":"2025-07-24T14:19:42+00:00","og_image":[{"width":1392,"height":752,"url":"https:\/\/www.narconon.online\/wp-content\/uploads\/2025\/07\/freepik__a-grouped-layout-of-common-household-products-spra__41432.webp","type":"image\/webp"}],"twitter_card":"summary_large_image","twitter_site":"@NARCONONEurope","twitter_misc":{"Timp estimat pentru citire":"2 minute"},"schema":{"@context":"https:\/\/schema.org","@graph":[{"@type":"WebPage","@id":"https:\/\/www.narconon.online\/glossary\/what-are-inhalants\/","url":"https:\/\/www.narconon.online\/glossary\/what-are-inhalants\/","name":"Ce sunt inhalan\u021bii: \u00cen\u021belegerea pericolelor lor","isPartOf":{"@id":"https:\/\/www.narconon.online\/#website"},"primaryImageOfPage":{"@id":"https:\/\/www.narconon.online\/glossary\/what-are-inhalants\/#primaryimage"},"image":{"@id":"https:\/\/www.narconon.online\/glossary\/what-are-inhalants\/#primaryimage"},"thumbnailUrl":"https:\/\/www.narconon.online\/wp-content\/uploads\/2025\/07\/freepik__a-grouped-layout-of-common-household-products-spra__41432.webp","datePublished":"2025-07-23T11:53:16+00:00","dateModified":"2025-07-24T14:19:42+00:00","description":"Explora\u021bi ce sunt inhalan\u021bii \u0219i efectele lor. Afla\u021bi despre produsele de uz casnic obi\u0219nuite care prezint\u0103 riscuri grave pentru s\u0103n\u0103tate.","breadcrumb":{"@id":"https:\/\/www.narconon.online\/glossary\/what-are-inhalants\/#breadcrumb"},"inLanguage":"ro-RO","potentialAction":[{"@type":"ReadAction","target":["https:\/\/www.narconon.online\/glossary\/what-are-inhalants\/"]}]},{"@type":"ImageObject","inLanguage":"ro-RO","@id":"https:\/\/www.narconon.online\/glossary\/what-are-inhalants\/#primaryimage","url":"https:\/\/www.narconon.online\/wp-content\/uploads\/2025\/07\/freepik__a-grouped-layout-of-common-household-products-spra__41432.webp","contentUrl":"https:\/\/www.narconon.online\/wp-content\/uploads\/2025\/07\/freepik__a-grouped-layout-of-common-household-products-spra__41432.webp"},{"@type":"BreadcrumbList","@id":"https:\/\/www.narconon.online\/glossary\/what-are-inhalants\/#breadcrumb","itemListElement":[{"@type":"ListItem","position":1,"name":"Home","item":"https:\/\/www.narconon.online\/"},{"@type":"ListItem","position":2,"name":"Glossary of Drug Terms and Definitions","item":"https:\/\/www.narconon.online\/glossary\/"},{"@type":"ListItem","position":3,"name":"What are Inhalants?"}]},{"@type":"WebSite","@id":"https:\/\/www.narconon.online\/#website","url":"https:\/\/www.narconon.online\/","name":"Narconon Europa","description":"F\u0103r\u0103 droguri pentru totdeauna","publisher":{"@id":"https:\/\/www.narconon.online\/#organization"},"potentialAction":[{"@type":"SearchAction","target":{"@type":"EntryPoint","urlTemplate":"https:\/\/www.narconon.online\/?s={search_term_string}"},"query-input":{"@type":"PropertyValueSpecification","valueRequired":true,"valueName":"search_term_string"}}],"inLanguage":"ro-RO"},{"@type":"Organization","@id":"https:\/\/www.narconon.online\/#organization","name":"Narconon Europa","url":"https:\/\/www.narconon.online\/","logo":{"@type":"ImageObject","inLanguage":"ro-RO","@id":"https:\/\/www.narconon.online\/#\/schema\/logo\/image\/","url":"https:\/\/www.narconon.online\/wp-content\/uploads\/2025\/03\/Logo-Narconon-Europe-2.png","contentUrl":"https:\/\/www.narconon.online\/wp-content\/uploads\/2025\/03\/Logo-Narconon-Europe-2.png","width":2000,"height":707,"caption":"Narconon Europe"},"image":{"@id":"https:\/\/www.narconon.online\/#\/schema\/logo\/image\/"},"sameAs":["https:\/\/www.facebook.com\/narcononeu","https:\/\/x.com\/NARCONONEurope","https:\/\/www.instagram.com\/narconon.europe\/","https:\/\/www.youtube.com\/channel\/UCNUxvhoqZZCAxXCYO4K7MvA","https:\/\/www.tiktok.com\/@narconon.europe"]}]}},"_links":{"self":[{"href":"https:\/\/www.narconon.online\/ro\/wp-json\/wp\/v2\/pages\/6011","targetHints":{"allow":["GET"]}}],"collection":[{"href":"https:\/\/www.narconon.online\/ro\/wp-json\/wp\/v2\/pages"}],"about":[{"href":"https:\/\/www.narconon.online\/ro\/wp-json\/wp\/v2\/types\/page"}],"author":[{"embeddable":true,"href":"https:\/\/www.narconon.online\/ro\/wp-json\/wp\/v2\/users\/43"}],"replies":[{"embeddable":true,"href":"https:\/\/www.narconon.online\/ro\/wp-json\/wp\/v2\/comments?post=6011"}],"version-history":[{"count":16,"href":"https:\/\/www.narconon.online\/ro\/wp-json\/wp\/v2\/pages\/6011\/revisions"}],"predecessor-version":[{"id":6576,"href":"https:\/\/www.narconon.online\/ro\/wp-json\/wp\/v2\/pages\/6011\/revisions\/6576"}],"up":[{"embeddable":true,"href":"https:\/\/www.narconon.online\/ro\/wp-json\/wp\/v2\/pages\/5868"}],"wp:attachment":[{"href":"https:\/\/www.narconon.online\/ro\/wp-json\/wp\/v2\/media?parent=6011"}],"curies":[{"name":"wp","href":"https:\/\/api.w.org\/{rel}","templated":true}]}}