{"id":5939,"date":"2025-07-23T11:05:57","date_gmt":"2025-07-23T09:05:57","guid":{"rendered":"https:\/\/www.narconon.online\/?page_id=5939"},"modified":"2025-07-24T16:53:21","modified_gmt":"2025-07-24T14:53:21","slug":"ce-este-xanax","status":"publish","type":"page","link":"https:\/\/www.narconon.online\/ro\/glosar\/ce-este-xanax\/","title":{"rendered":"Ce este Xanax?"},"content":{"rendered":"<div data-elementor-type=\"wp-page\" data-elementor-id=\"5939\" class=\"elementor elementor-5939\" data-elementor-post-type=\"page\">\n\t\t\t\t<div class=\"elementor-element elementor-element-14d08559 e-flex e-con-boxed e-con e-parent\" data-id=\"14d08559\" data-element_type=\"container\" data-e-type=\"container\">\n\t\t\t\t\t<div class=\"e-con-inner\">\n\t\t<div class=\"elementor-element elementor-element-1cae676 e-grid e-con-full e-con e-child\" data-id=\"1cae676\" data-element_type=\"container\" data-e-type=\"container\">\n\t\t\t\t<div class=\"elementor-element elementor-element-ddfcbba elementor-widget elementor-widget-text-editor\" data-id=\"ddfcbba\" data-element_type=\"widget\" data-e-type=\"widget\" data-widget_type=\"text-editor.default\">\n\t\t\t\t<div class=\"elementor-widget-container\">\n\t\t\t\t\t\t\t\t\t<p data-start=\"324\" data-end=\"505\">Xanax este un <strong data-start=\"335\" data-end=\"356\">medicament pe baz\u0103 de prescrip\u021bie medical\u0103<\/strong> utilizat pentru tratarea anxiet\u0103\u021bii \u0219i a tulbur\u0103rilor de panic\u0103. Acesta apar\u021bine unei clase de substan\u021be numite <strong data-start=\"443\" data-end=\"462\">benzodiazepine<\/strong>, care au un efect calmant asupra creierului.<\/p>\n<p data-start=\"507\" data-end=\"697\">Atunci c\u00e2nd este administrat corect sub supraveghere medical\u0103, Xanax poate ajuta la reducerea anxiet\u0103\u021bii. Cu toate acestea, este, de asemenea, una dintre cele mai <strong data-start=\"622\" data-end=\"652\">medicamente eliberate pe baz\u0103 de re\u021bet\u0103 utilizate \u00een mod necorespunz\u0103tor<\/strong> datorit\u0103 efectelor sale rapide \u0219i relaxante.<\/p>\n<p data-start=\"699\" data-end=\"936\">Persoanele care abuzeaz\u0103 de Xanax pot zdrobi comprimatele, le pot amesteca cu alcool sau pot lua doze mari pentru a se sim\u021bi amor\u021bite sau sedate. \u00cen timp, acest lucru poate duce la <strong data-start=\"841\" data-end=\"886\">dependen\u021b\u0103, probleme de memorie \u0219i supradozaj<\/strong>, \u00een special atunci c\u00e2nd este combinat cu alte depresive.<\/p>\t\t\t\t\t\t\t\t<\/div>\n\t\t\t\t<\/div>\n\t\t\t\t<div class=\"elementor-element elementor-element-8f955ba elementor-widget elementor-widget-image\" data-id=\"8f955ba\" data-element_type=\"widget\" data-e-type=\"widget\" data-widget_type=\"image.default\">\n\t\t\t\t<div class=\"elementor-widget-container\">\n\t\t\t\t\t\t\t\t\t\t\t\t\t\t\t<img fetchpriority=\"high\" decoding=\"async\" width=\"1392\" height=\"752\" src=\"https:\/\/www.narconon.online\/wp-content\/uploads\/2025\/07\/freepik__a-clean-layout-showing-a-xanax-pill-strip-with-whi__82269.webp\" class=\"attachment-full size-full wp-image-5946\" alt=\"Pastilele pe baz\u0103 de re\u021bet\u0103 Xanax \u0219i paharul cu alcool ilustreaz\u0103 riscul de abuz\" srcset=\"https:\/\/www.narconon.online\/wp-content\/uploads\/2025\/07\/freepik__a-clean-layout-showing-a-xanax-pill-strip-with-whi__82269.webp 1392w, https:\/\/www.narconon.online\/wp-content\/uploads\/2025\/07\/freepik__a-clean-layout-showing-a-xanax-pill-strip-with-whi__82269-300x162.webp 300w, https:\/\/www.narconon.online\/wp-content\/uploads\/2025\/07\/freepik__a-clean-layout-showing-a-xanax-pill-strip-with-whi__82269-1024x553.webp 1024w, https:\/\/www.narconon.online\/wp-content\/uploads\/2025\/07\/freepik__a-clean-layout-showing-a-xanax-pill-strip-with-whi__82269-768x415.webp 768w, https:\/\/www.narconon.online\/wp-content\/uploads\/2025\/07\/freepik__a-clean-layout-showing-a-xanax-pill-strip-with-whi__82269-18x10.webp 18w\" sizes=\"(max-width: 1392px) 100vw, 1392px\" \/>\t\t\t\t\t\t\t\t\t\t\t\t\t\t\t<\/div>\n\t\t\t\t<\/div>\n\t\t\t\t<\/div>\n\t\t\t\t\t<\/div>\n\t\t\t\t<\/div>\n\t\t<div class=\"elementor-element elementor-element-064fdba e-flex e-con-boxed e-con e-parent\" data-id=\"064fdba\" data-element_type=\"container\" data-e-type=\"container\">\n\t\t\t\t\t<div class=\"e-con-inner\">\n\t\t<div class=\"elementor-element elementor-element-ecec8f5 e-grid e-con-full e-con e-child\" data-id=\"ecec8f5\" data-element_type=\"container\" data-e-type=\"container\">\n\t\t\t\t<div class=\"elementor-element elementor-element-0f0e55c elementor-widget elementor-widget-text-editor\" data-id=\"0f0e55c\" data-element_type=\"widget\" data-e-type=\"widget\" data-widget_type=\"text-editor.default\">\n\t\t\t\t<div class=\"elementor-widget-container\">\n\t\t\t\t\t\t\t\t\t<h3 id=\"h-related-terms\" class=\"wp-block-heading\">\ud83e\udde0 Termeni \u00eenrudi\u021bi<\/h3>\n<ul>\n<li style=\"list-style-type: none;\" data-start=\"1053\" data-end=\"1096\">\n<ul>\n<li data-start=\"965\" data-end=\"1014\">\n<p data-start=\"967\" data-end=\"1014\"><a class=\"cursor-pointer\" rel=\"noopener\" data-start=\"967\" data-end=\"1012\">Benzodiazepine<\/a><\/p>\n<\/li>\n<li data-start=\"965\" data-end=\"1014\"><a href=\"https:\/\/www.narconon.online\/ro\/glosar\/ce-sunt-depresivele\/\">Depresive<\/a><\/li>\n<li data-start=\"1015\" data-end=\"1050\">\n<p data-start=\"1017\" data-end=\"1050\"><a class=\"cursor-pointer\" href=\"https:\/\/www.narconon.online\/ro\/glosar\/ce-este-tranchilizantul\/\" rel=\"noopener\" data-start=\"1017\" data-end=\"1048\">Tranchilizante<\/a><\/p>\n<\/li>\n<li data-start=\"1134\" data-end=\"1164\">\n<p data-start=\"1136\" data-end=\"1164\"><a class=\"\" href=\"\/ro\/glosar\/\" rel=\"noopener\" data-start=\"1136\" data-end=\"1164\">Indice glosar<\/a><\/p>\n<\/li>\n<\/ul>\n<\/li>\n<\/ul>\t\t\t\t\t\t\t\t<\/div>\n\t\t\t\t<\/div>\n\t\t\t\t<div class=\"elementor-element elementor-element-03e5102 elementor-widget elementor-widget-text-editor\" data-id=\"03e5102\" data-element_type=\"widget\" data-e-type=\"widget\" data-widget_type=\"text-editor.default\">\n\t\t\t\t<div class=\"elementor-widget-container\">\n\t\t\t\t\t\t\t\t\t<p id=\"h-related-terms\" class=\"wp-block-heading\">\ud83d\udc49 Afla\u021bi mai multe despre prevenire:<br \/><a class=\"\" href=\"https:\/\/www.narcononeurope.dk\/en\/drug-abuse\/\" target=\"_blank\" rel=\"noopener\">Narconon Europe - Ajutor pentru abuzul de droguri<\/a><\/p>\n<p><!-- \/wp:list-item --><\/p>\n<p><!-- \/wp:list --><!-- wp:paragraph --><\/p>\n<p>\ud83d\udc49 Pentru mai mult con\u021binut educa\u021bional, consulta\u021bi site-ul nostru <a class=\"\" href=\"https:\/\/www.narconon.online\/ro\/materiale-de-prevenire-a-consumului-de-droguri\/\">Materiale pentru educa\u021bia \u0219i prevenirea consumului de droguri<\/a><\/p>\t\t\t\t\t\t\t\t<\/div>\n\t\t\t\t<\/div>\n\t\t\t\t<\/div>\n\t\t\t\t<div class=\"elementor-element elementor-element-1497776 elementor-widget elementor-widget-heading\" data-id=\"1497776\" data-element_type=\"widget\" data-e-type=\"widget\" data-widget_type=\"heading.default\">\n\t\t\t\t<div class=\"elementor-widget-container\">\n\t\t\t\t\t<h2 class=\"elementor-heading-title elementor-size-default\">\u2753\u00centreb\u0103ri frecvente despre Xanax<\/h2>\t\t\t\t<\/div>\n\t\t\t\t<\/div>\n\t\t\t\t<div class=\"elementor-element elementor-element-a24ee80 elementor-widget elementor-widget-text-editor\" data-id=\"a24ee80\" data-element_type=\"widget\" data-e-type=\"widget\" data-widget_type=\"text-editor.default\">\n\t\t\t\t<div class=\"elementor-widget-container\">\n\t\t\t\t\t\t\t\t\t<p data-start=\"1316\" data-end=\"1403\"><strong data-start=\"1316\" data-end=\"1346\">1. Pentru ce este utilizat Xanax?<\/strong><br data-start=\"1346\" data-end=\"1349\" \/>Este prescris pentru a trata anxietatea \u0219i tulbur\u0103rile de panic\u0103.<\/p>\n<p data-start=\"1405\" data-end=\"1530\"><strong data-start=\"1405\" data-end=\"1435\">2. De ce este Xanax periculos?<\/strong><br data-start=\"1435\" data-end=\"1438\" \/>Acesta poate crea dependen\u021b\u0103 \u0219i poate fi periculos atunci c\u00e2nd este utilizat \u00een mod abuziv sau amestecat cu alte depresive precum alcoolul.<\/p>\n<p data-start=\"1532\" data-end=\"1642\"><strong data-start=\"1532\" data-end=\"1565\">3. Cum arat\u0103 Xanax?<\/strong><br data-start=\"1565\" data-end=\"1568\" \/>De obicei, tablete albe, ovale sau dreptunghiulare, cu numere sau marcaje.<\/p>\n<p data-start=\"1644\" data-end=\"1780\"><strong data-start=\"1644\" data-end=\"1702\">4. Pute\u021bi deveni dependent de Xanax f\u0103r\u0103 s\u0103 v\u0103 da\u021bi seama?<\/strong><br data-start=\"1702\" data-end=\"1705\" \/>Da. Chiar \u0219i abuzul pe termen scurt poate duce la dependen\u021b\u0103 \u0219i simptome de sevraj.<\/p>\n<p data-start=\"1782\" data-end=\"1913\"><strong data-start=\"1782\" data-end=\"1826\">5. Cum poate cineva s\u0103 evite abuzul de Xanax?<\/strong><br data-start=\"1826\" data-end=\"1829\" \/>Lua\u021bi-o numai sub supraveghere medical\u0103 \u0219i nu o amesteca\u021bi niciodat\u0103 cu alcool sau alte medicamente.<\/p>\t\t\t\t\t\t\t\t<\/div>\n\t\t\t\t<\/div>\n\t\t\t\t<div class=\"elementor-element elementor-element-3c88435 elementor-widget elementor-widget-html\" data-id=\"3c88435\" data-element_type=\"widget\" data-e-type=\"widget\" data-widget_type=\"html.default\">\n\t\t\t\t<div class=\"elementor-widget-container\">\n\t\t\t\t\t<script type=\"application\/ld+json\">{\n    \"@context\": \"https:\\\/\\\/schema.org\",\n    \"@type\": \"WebPage\",\n    \"name\": \"What is Xanax?\",\n    \"url\": \"https:\\\/\\\/www.narconon.online\\\/glossary\\\/what-is-xanax\\\/\",\n    \"description\": \"Xanax is a prescription drug used for anxiety, but it's often misused. Learn what Xanax looks like, how it's used, and its addiction risks.\",\n    \"datePublished\": \"2025-07-23\",\n    \"publisher\": {\n        \"@type\": \"Organization\",\n        \"name\": \"Narconon Europe\",\n        \"url\": \"https:\\\/\\\/www.narcononeurope.dk\"\n    },\n    \"mainEntity\": {\n        \"@type\": \"FAQPage\",\n        \"mainEntity\": [\n            {\n                \"@type\": \"Question\",\n                \"name\": \"What is Xanax used for?\",\n                \"acceptedAnswer\": {\n                    \"@type\": \"Answer\",\n                    \"text\": \"It is prescribed to treat anxiety and panic disorders.\"\n                }\n            },\n            {\n                \"@type\": \"Question\",\n                \"name\": \"Why is Xanax dangerous?\",\n                \"acceptedAnswer\": {\n                    \"@type\": \"Answer\",\n                    \"text\": \"It can be addictive and dangerous when misused or mixed with other depressants like alcohol.\"\n                }\n            },\n            {\n                \"@type\": \"Question\",\n                \"name\": \"What does Xanax look like?\",\n                \"acceptedAnswer\": {\n                    \"@type\": \"Answer\",\n                    \"text\": \"Usually white, oval or rectangular tablets with numbers or brand markings.\"\n                }\n            },\n            {\n                \"@type\": \"Question\",\n                \"name\": \"Can you get addicted to Xanax without realizing it?\",\n                \"acceptedAnswer\": {\n                    \"@type\": \"Answer\",\n                    \"text\": \"Yes. Even short-term misuse can lead to dependency and withdrawal symptoms.\"\n                }\n            },\n            {\n                \"@type\": \"Question\",\n                \"name\": \"How can someone avoid misusing Xanax?\",\n                \"acceptedAnswer\": {\n                    \"@type\": \"Answer\",\n                    \"text\": \"Only take it under medical supervision and never mix it with alcohol or other drugs.\"\n                }\n            }\n        ]\n    }\n}<\/script>\r\n\t\t\t\t<\/div>\n\t\t\t\t<\/div>\n\t\t\t\t\t<\/div>\n\t\t\t\t<\/div>\n\t\t\t\t<\/div>","protected":false},"excerpt":{"rendered":"<p>Xanax is a prescription drug used to treat anxiety and panic disorders. It belongs to a class of substances called [&hellip;]<\/p>","protected":false},"author":43,"featured_media":0,"parent":5868,"menu_order":0,"comment_status":"closed","ping_status":"closed","template":"","meta":{"_acf_changed":false,"site-sidebar-layout":"default","site-content-layout":"","ast-site-content-layout":"default","site-content-style":"default","site-sidebar-style":"default","ast-global-header-display":"","ast-banner-title-visibility":"","ast-main-header-display":"","ast-hfb-above-header-display":"","ast-hfb-below-header-display":"","ast-hfb-mobile-header-display":"","site-post-title":"","ast-breadcrumbs-content":"","ast-featured-img":"","footer-sml-layout":"","ast-disable-related-posts":"","theme-transparent-header-meta":"","adv-header-id-meta":"","stick-header-meta":"","header-above-stick-meta":"","header-main-stick-meta":"","header-below-stick-meta":"","astra-migrate-meta-layouts":"default","ast-page-background-enabled":"default","ast-page-background-meta":{"desktop":{"background-color":"var(--ast-global-color-5)","background-image":"","background-repeat":"repeat","background-position":"center center","background-size":"auto","background-attachment":"scroll","background-type":"","background-media":"","overlay-type":"","overlay-color":"","overlay-opacity":"","overlay-gradient":""},"tablet":{"background-color":"","background-image":"","background-repeat":"repeat","background-position":"center center","background-size":"auto","background-attachment":"scroll","background-type":"","background-media":"","overlay-type":"","overlay-color":"","overlay-opacity":"","overlay-gradient":""},"mobile":{"background-color":"","background-image":"","background-repeat":"repeat","background-position":"center center","background-size":"auto","background-attachment":"scroll","background-type":"","background-media":"","overlay-type":"","overlay-color":"","overlay-opacity":"","overlay-gradient":""}},"ast-content-background-meta":{"desktop":{"background-color":"var(--ast-global-color-4)","background-image":"","background-repeat":"repeat","background-position":"center center","background-size":"auto","background-attachment":"scroll","background-type":"","background-media":"","overlay-type":"","overlay-color":"","overlay-opacity":"","overlay-gradient":""},"tablet":{"background-color":"var(--ast-global-color-4)","background-image":"","background-repeat":"repeat","background-position":"center center","background-size":"auto","background-attachment":"scroll","background-type":"","background-media":"","overlay-type":"","overlay-color":"","overlay-opacity":"","overlay-gradient":""},"mobile":{"background-color":"var(--ast-global-color-4)","background-image":"","background-repeat":"repeat","background-position":"center center","background-size":"auto","background-attachment":"scroll","background-type":"","background-media":"","overlay-type":"","overlay-color":"","overlay-opacity":"","overlay-gradient":""}},"footnotes":""},"class_list":["post-5939","page","type-page","status-publish","hentry"],"acf":[],"yoast_head":"<!-- This site is optimized with the Yoast SEO Premium plugin v26.6 (Yoast SEO v26.6) - https:\/\/yoast.com\/wordpress\/plugins\/seo\/ -->\n<title>What is Xanax and How Does it Work?<\/title>\n<meta name=\"description\" content=\"Find out what is Xanax and how it is used for anxiety and panic disorders. Learn about its effects and potential risks.\" \/>\n<meta name=\"robots\" content=\"index, follow, max-snippet:-1, max-image-preview:large, max-video-preview:-1\" \/>\n<link rel=\"canonical\" href=\"https:\/\/www.narconon.online\/ro\/glosar\/ce-este-xanax\/\" \/>\n<meta property=\"og:locale\" content=\"ro_RO\" \/>\n<meta property=\"og:type\" content=\"article\" \/>\n<meta property=\"og:title\" content=\"What is Xanax?\" \/>\n<meta property=\"og:description\" content=\"Find out what is Xanax and how it is used for anxiety and panic disorders. Learn about its effects and potential risks.\" \/>\n<meta property=\"og:url\" content=\"https:\/\/www.narconon.online\/ro\/glosar\/ce-este-xanax\/\" \/>\n<meta property=\"og:site_name\" content=\"Narconon Europe\" \/>\n<meta property=\"article:publisher\" content=\"https:\/\/www.facebook.com\/narcononeu\" \/>\n<meta property=\"article:modified_time\" content=\"2025-07-24T14:53:21+00:00\" \/>\n<meta property=\"og:image\" content=\"https:\/\/www.narconon.online\/wp-content\/uploads\/2025\/07\/freepik__a-clean-layout-showing-a-xanax-pill-strip-with-whi__82269.webp\" \/>\n\t<meta property=\"og:image:width\" content=\"1392\" \/>\n\t<meta property=\"og:image:height\" content=\"752\" \/>\n\t<meta property=\"og:image:type\" content=\"image\/webp\" \/>\n<meta name=\"twitter:card\" content=\"summary_large_image\" \/>\n<meta name=\"twitter:site\" content=\"@NARCONONEurope\" \/>\n<meta name=\"twitter:label1\" content=\"Timp estimat pentru citire\" \/>\n\t<meta name=\"twitter:data1\" content=\"2 minute\" \/>\n<script type=\"application\/ld+json\" class=\"yoast-schema-graph\">{\"@context\":\"https:\/\/schema.org\",\"@graph\":[{\"@type\":\"WebPage\",\"@id\":\"https:\/\/www.narconon.online\/glossary\/what-is-xanax\/\",\"url\":\"https:\/\/www.narconon.online\/glossary\/what-is-xanax\/\",\"name\":\"What is Xanax and How Does it Work?\",\"isPartOf\":{\"@id\":\"https:\/\/www.narconon.online\/#website\"},\"primaryImageOfPage\":{\"@id\":\"https:\/\/www.narconon.online\/glossary\/what-is-xanax\/#primaryimage\"},\"image\":{\"@id\":\"https:\/\/www.narconon.online\/glossary\/what-is-xanax\/#primaryimage\"},\"thumbnailUrl\":\"https:\/\/www.narconon.online\/wp-content\/uploads\/2025\/07\/freepik__a-clean-layout-showing-a-xanax-pill-strip-with-whi__82269.webp\",\"datePublished\":\"2025-07-23T09:05:57+00:00\",\"dateModified\":\"2025-07-24T14:53:21+00:00\",\"description\":\"Find out what is Xanax and how it is used for anxiety and panic disorders. Learn about its effects and potential risks.\",\"breadcrumb\":{\"@id\":\"https:\/\/www.narconon.online\/glossary\/what-is-xanax\/#breadcrumb\"},\"inLanguage\":\"ro-RO\",\"potentialAction\":[{\"@type\":\"ReadAction\",\"target\":[\"https:\/\/www.narconon.online\/glossary\/what-is-xanax\/\"]}]},{\"@type\":\"ImageObject\",\"inLanguage\":\"ro-RO\",\"@id\":\"https:\/\/www.narconon.online\/glossary\/what-is-xanax\/#primaryimage\",\"url\":\"https:\/\/www.narconon.online\/wp-content\/uploads\/2025\/07\/freepik__a-clean-layout-showing-a-xanax-pill-strip-with-whi__82269.webp\",\"contentUrl\":\"https:\/\/www.narconon.online\/wp-content\/uploads\/2025\/07\/freepik__a-clean-layout-showing-a-xanax-pill-strip-with-whi__82269.webp\"},{\"@type\":\"BreadcrumbList\",\"@id\":\"https:\/\/www.narconon.online\/glossary\/what-is-xanax\/#breadcrumb\",\"itemListElement\":[{\"@type\":\"ListItem\",\"position\":1,\"name\":\"Home\",\"item\":\"https:\/\/www.narconon.online\/\"},{\"@type\":\"ListItem\",\"position\":2,\"name\":\"Glossary of Drug Terms and Definitions\",\"item\":\"https:\/\/www.narconon.online\/glossary\/\"},{\"@type\":\"ListItem\",\"position\":3,\"name\":\"What is Xanax?\"}]},{\"@type\":\"WebSite\",\"@id\":\"https:\/\/www.narconon.online\/#website\",\"url\":\"https:\/\/www.narconon.online\/\",\"name\":\"Narconon Europe\",\"description\":\"Drug Free For Good\",\"publisher\":{\"@id\":\"https:\/\/www.narconon.online\/#organization\"},\"potentialAction\":[{\"@type\":\"SearchAction\",\"target\":{\"@type\":\"EntryPoint\",\"urlTemplate\":\"https:\/\/www.narconon.online\/?s={search_term_string}\"},\"query-input\":{\"@type\":\"PropertyValueSpecification\",\"valueRequired\":true,\"valueName\":\"search_term_string\"}}],\"inLanguage\":\"ro-RO\"},{\"@type\":\"Organization\",\"@id\":\"https:\/\/www.narconon.online\/#organization\",\"name\":\"Narconon Europe\",\"url\":\"https:\/\/www.narconon.online\/\",\"logo\":{\"@type\":\"ImageObject\",\"inLanguage\":\"ro-RO\",\"@id\":\"https:\/\/www.narconon.online\/#\/schema\/logo\/image\/\",\"url\":\"https:\/\/www.narconon.online\/wp-content\/uploads\/2025\/03\/Logo-Narconon-Europe-2.png\",\"contentUrl\":\"https:\/\/www.narconon.online\/wp-content\/uploads\/2025\/03\/Logo-Narconon-Europe-2.png\",\"width\":2000,\"height\":707,\"caption\":\"Narconon Europe\"},\"image\":{\"@id\":\"https:\/\/www.narconon.online\/#\/schema\/logo\/image\/\"},\"sameAs\":[\"https:\/\/www.facebook.com\/narcononeu\",\"https:\/\/x.com\/NARCONONEurope\",\"https:\/\/www.instagram.com\/narconon.europe\/\",\"https:\/\/www.youtube.com\/channel\/UCNUxvhoqZZCAxXCYO4K7MvA\",\"https:\/\/www.tiktok.com\/@narconon.europe\"]}]}<\/script>\n<!-- \/ Yoast SEO Premium plugin. -->","yoast_head_json":{"title":"Ce este Xanax \u0219i cum func\u021bioneaz\u0103?","description":"Afla\u021bi ce este Xanax \u0219i cum este utilizat pentru tulbur\u0103rile de anxietate \u0219i panic\u0103. Afla\u021bi despre efectele \u0219i riscurile sale poten\u021biale.","robots":{"index":"index","follow":"follow","max-snippet":"max-snippet:-1","max-image-preview":"max-image-preview:large","max-video-preview":"max-video-preview:-1"},"canonical":"https:\/\/www.narconon.online\/ro\/glosar\/ce-este-xanax\/","og_locale":"ro_RO","og_type":"article","og_title":"What is Xanax?","og_description":"Find out what is Xanax and how it is used for anxiety and panic disorders. Learn about its effects and potential risks.","og_url":"https:\/\/www.narconon.online\/ro\/glosar\/ce-este-xanax\/","og_site_name":"Narconon Europe","article_publisher":"https:\/\/www.facebook.com\/narcononeu","article_modified_time":"2025-07-24T14:53:21+00:00","og_image":[{"width":1392,"height":752,"url":"https:\/\/www.narconon.online\/wp-content\/uploads\/2025\/07\/freepik__a-clean-layout-showing-a-xanax-pill-strip-with-whi__82269.webp","type":"image\/webp"}],"twitter_card":"summary_large_image","twitter_site":"@NARCONONEurope","twitter_misc":{"Timp estimat pentru citire":"2 minute"},"schema":{"@context":"https:\/\/schema.org","@graph":[{"@type":"WebPage","@id":"https:\/\/www.narconon.online\/glossary\/what-is-xanax\/","url":"https:\/\/www.narconon.online\/glossary\/what-is-xanax\/","name":"Ce este Xanax \u0219i cum func\u021bioneaz\u0103?","isPartOf":{"@id":"https:\/\/www.narconon.online\/#website"},"primaryImageOfPage":{"@id":"https:\/\/www.narconon.online\/glossary\/what-is-xanax\/#primaryimage"},"image":{"@id":"https:\/\/www.narconon.online\/glossary\/what-is-xanax\/#primaryimage"},"thumbnailUrl":"https:\/\/www.narconon.online\/wp-content\/uploads\/2025\/07\/freepik__a-clean-layout-showing-a-xanax-pill-strip-with-whi__82269.webp","datePublished":"2025-07-23T09:05:57+00:00","dateModified":"2025-07-24T14:53:21+00:00","description":"Afla\u021bi ce este Xanax \u0219i cum este utilizat pentru tulbur\u0103rile de anxietate \u0219i panic\u0103. Afla\u021bi despre efectele \u0219i riscurile sale poten\u021biale.","breadcrumb":{"@id":"https:\/\/www.narconon.online\/glossary\/what-is-xanax\/#breadcrumb"},"inLanguage":"ro-RO","potentialAction":[{"@type":"ReadAction","target":["https:\/\/www.narconon.online\/glossary\/what-is-xanax\/"]}]},{"@type":"ImageObject","inLanguage":"ro-RO","@id":"https:\/\/www.narconon.online\/glossary\/what-is-xanax\/#primaryimage","url":"https:\/\/www.narconon.online\/wp-content\/uploads\/2025\/07\/freepik__a-clean-layout-showing-a-xanax-pill-strip-with-whi__82269.webp","contentUrl":"https:\/\/www.narconon.online\/wp-content\/uploads\/2025\/07\/freepik__a-clean-layout-showing-a-xanax-pill-strip-with-whi__82269.webp"},{"@type":"BreadcrumbList","@id":"https:\/\/www.narconon.online\/glossary\/what-is-xanax\/#breadcrumb","itemListElement":[{"@type":"ListItem","position":1,"name":"Home","item":"https:\/\/www.narconon.online\/"},{"@type":"ListItem","position":2,"name":"Glossary of Drug Terms and Definitions","item":"https:\/\/www.narconon.online\/glossary\/"},{"@type":"ListItem","position":3,"name":"What is Xanax?"}]},{"@type":"WebSite","@id":"https:\/\/www.narconon.online\/#website","url":"https:\/\/www.narconon.online\/","name":"Narconon Europa","description":"F\u0103r\u0103 droguri pentru totdeauna","publisher":{"@id":"https:\/\/www.narconon.online\/#organization"},"potentialAction":[{"@type":"SearchAction","target":{"@type":"EntryPoint","urlTemplate":"https:\/\/www.narconon.online\/?s={search_term_string}"},"query-input":{"@type":"PropertyValueSpecification","valueRequired":true,"valueName":"search_term_string"}}],"inLanguage":"ro-RO"},{"@type":"Organization","@id":"https:\/\/www.narconon.online\/#organization","name":"Narconon Europa","url":"https:\/\/www.narconon.online\/","logo":{"@type":"ImageObject","inLanguage":"ro-RO","@id":"https:\/\/www.narconon.online\/#\/schema\/logo\/image\/","url":"https:\/\/www.narconon.online\/wp-content\/uploads\/2025\/03\/Logo-Narconon-Europe-2.png","contentUrl":"https:\/\/www.narconon.online\/wp-content\/uploads\/2025\/03\/Logo-Narconon-Europe-2.png","width":2000,"height":707,"caption":"Narconon Europe"},"image":{"@id":"https:\/\/www.narconon.online\/#\/schema\/logo\/image\/"},"sameAs":["https:\/\/www.facebook.com\/narcononeu","https:\/\/x.com\/NARCONONEurope","https:\/\/www.instagram.com\/narconon.europe\/","https:\/\/www.youtube.com\/channel\/UCNUxvhoqZZCAxXCYO4K7MvA","https:\/\/www.tiktok.com\/@narconon.europe"]}]}},"_links":{"self":[{"href":"https:\/\/www.narconon.online\/ro\/wp-json\/wp\/v2\/pages\/5939","targetHints":{"allow":["GET"]}}],"collection":[{"href":"https:\/\/www.narconon.online\/ro\/wp-json\/wp\/v2\/pages"}],"about":[{"href":"https:\/\/www.narconon.online\/ro\/wp-json\/wp\/v2\/types\/page"}],"author":[{"embeddable":true,"href":"https:\/\/www.narconon.online\/ro\/wp-json\/wp\/v2\/users\/43"}],"replies":[{"embeddable":true,"href":"https:\/\/www.narconon.online\/ro\/wp-json\/wp\/v2\/comments?post=5939"}],"version-history":[{"count":16,"href":"https:\/\/www.narconon.online\/ro\/wp-json\/wp\/v2\/pages\/5939\/revisions"}],"predecessor-version":[{"id":6606,"href":"https:\/\/www.narconon.online\/ro\/wp-json\/wp\/v2\/pages\/5939\/revisions\/6606"}],"up":[{"embeddable":true,"href":"https:\/\/www.narconon.online\/ro\/wp-json\/wp\/v2\/pages\/5868"}],"wp:attachment":[{"href":"https:\/\/www.narconon.online\/ro\/wp-json\/wp\/v2\/media?parent=5939"}],"curies":[{"name":"wp","href":"https:\/\/api.w.org\/{rel}","templated":true}]}}