{"id":3159,"date":"2025-06-02T09:11:19","date_gmt":"2025-06-02T09:11:19","guid":{"rendered":"https:\/\/www.narconon.online\/?page_id=3159"},"modified":"2025-07-07T13:54:34","modified_gmt":"2025-07-07T11:54:34","slug":"videoclipuri-educative-privind-drogurile","status":"publish","type":"page","link":"https:\/\/www.narconon.online\/ro\/biblioteca-video-narconon\/videoclipuri-educative-privind-drogurile\/","title":{"rendered":"Videoclipuri educative privind drogurile: \u00cenv\u0103\u021ba\u021bi, \u00een\u021belege\u021bi, preveni\u021bi"},"content":{"rendered":"<div data-elementor-type=\"wp-page\" data-elementor-id=\"3159\" class=\"elementor elementor-3159\" data-elementor-post-type=\"page\">\n\t\t\t\t<div class=\"elementor-element elementor-element-775816f e-flex e-con-boxed e-con e-parent\" data-id=\"775816f\" data-element_type=\"container\" data-e-type=\"container\">\n\t\t\t\t\t<div class=\"e-con-inner\">\n\t\t\t\t<div class=\"elementor-element elementor-element-632ca38 elementor-widget elementor-widget-text-editor\" data-id=\"632ca38\" data-element_type=\"widget\" data-e-type=\"widget\" data-widget_type=\"text-editor.default\">\n\t\t\t\t<div class=\"elementor-widget-container\">\n\t\t\t\t\t\t\t\t\t<p>Aceast\u0103 list\u0103 de redare este spa\u021biul t\u0103u pentru a \u00een\u021belege, reflecta \u0219i ac\u021biona. Prin videoclipuri scurte \u0219i puternice, oferim sfaturi \u0219i educa\u021bie din via\u021ba real\u0103 - nu doar despre consumul de substan\u021be, ci \u0219i despre alegeri, presiune, claritate mental\u0103 \u0219i fidelitate fa\u021b\u0103 de tine \u00eensu\u021bi. Fie c\u0103 sunte\u021bi un adolescent, un p\u0103rinte, un profesor sau cineva care \u00eencearc\u0103 s\u0103 ajute un prieten, aceste mesaje sunt aici pentru a v\u0103 informa \u0219i responsabiliza. Pentru c\u0103 adev\u0103rata prevenire \u00eencepe cu educa\u021bia \u0219i cu a \u0219ti ce s\u0103 faci atunci c\u00e2nd conteaz\u0103. \u00cenva\u021b\u0103. \u00cemp\u0103rt\u0103\u0219i\u021bi. Face\u021bi o diferen\u021b\u0103. \u00centr-adev\u0103r, videoclipurile noastre educative privind drogurile urm\u0103resc s\u0103 v\u0103 ofere cuno\u0219tin\u021be esen\u021biale.<\/p>\t\t\t\t\t\t\t\t<\/div>\n\t\t\t\t<\/div>\n\t\t<div class=\"elementor-element elementor-element-4938272 e-grid e-con-full e-con e-child\" data-id=\"4938272\" data-element_type=\"container\" data-e-type=\"container\">\n\t\t\t\t<div class=\"elementor-element elementor-element-62f3e4e elementor-widget elementor-widget-html\" data-id=\"62f3e4e\" data-element_type=\"widget\" data-e-type=\"widget\" data-widget_type=\"html.default\">\n\t\t\t\t<div class=\"elementor-widget-container\">\n\t\t\t\t\t<div class=\"video-9-16-container\">\r\n    <iframe\r\n        src=\"https:\/\/www.youtube.com\/embed\/g_kmhvDtUUY?si=uDnPmK9FKG75XKg7\"\r\n        title=\"Player video YouTube\"\r\n        frameborder=\"0\"\r\n        allow=\"accelerometer; autoplay; clipboard-write; encrypted-media; gyroscope; picture-in-picture; web-share\"\r\n        referrerpolicy=\"strict-origin-when-cross-origin\"\r\n        allowfullscreen\r\n><\/iframe>\r\n<\/div>\t\t\t\t<\/div>\n\t\t\t\t<\/div>\n\t\t\t\t<div class=\"elementor-element elementor-element-9ef6da0 elementor-widget elementor-widget-html\" data-id=\"9ef6da0\" data-element_type=\"widget\" data-e-type=\"widget\" data-widget_type=\"html.default\">\n\t\t\t\t<div class=\"elementor-widget-container\">\n\t\t\t\t\t<div class=\"video-9-16-container\">\r\n    <iframe\r\n        src=\"https:\/\/www.youtube.com\/embed\/tdqv2yWkzp8?si=OdHxUSdeBnnGMqWN\"\r\n        title=\"Player video YouTube\"\r\n        frameborder=\"0\"\r\n        allow=\"accelerometer; autoplay; clipboard-write; encrypted-media; gyroscope; picture-in-picture; web-share\"\r\n        referrerpolicy=\"strict-origin-when-cross-origin\"\r\n        allowfullscreen\r\n><\/iframe>\r\n<\/div>\t\t\t\t<\/div>\n\t\t\t\t<\/div>\n\t\t\t\t<div class=\"elementor-element elementor-element-412500f elementor-widget elementor-widget-html\" data-id=\"412500f\" data-element_type=\"widget\" data-e-type=\"widget\" data-widget_type=\"html.default\">\n\t\t\t\t<div class=\"elementor-widget-container\">\n\t\t\t\t\t<div class=\"video-9-16-container\">\r\n    <iframe\r\n        src=\"https:\/\/www.youtube.com\/embed\/l54a2dddu6U?si=J9g_qcVDntISO9fk\"\r\n        title=\"Player video YouTube\"\r\n        frameborder=\"0\"\r\n        allow=\"accelerometer; autoplay; clipboard-write; encrypted-media; gyroscope; picture-in-picture; web-share\"\r\n        referrerpolicy=\"strict-origin-when-cross-origin\"\r\n        allowfullscreen\r\n><\/iframe>\r\n<\/div>\t\t\t\t<\/div>\n\t\t\t\t<\/div>\n\t\t\t\t<div class=\"elementor-element elementor-element-060c8b0 elementor-widget elementor-widget-html\" data-id=\"060c8b0\" data-element_type=\"widget\" data-e-type=\"widget\" data-widget_type=\"html.default\">\n\t\t\t\t<div class=\"elementor-widget-container\">\n\t\t\t\t\t<div class=\"video-9-16-container\">\r\n    <iframe\r\n        src=\"https:\/\/www.youtube.com\/embed\/aW_dL_ncECg?si=zWzHFfYL00HtnICv\"\r\n        title=\"Player video YouTube\"\r\n        frameborder=\"0\"\r\n        allow=\"accelerometer; autoplay; clipboard-write; encrypted-media; gyroscope; picture-in-picture; web-share\"\r\n        referrerpolicy=\"strict-origin-when-cross-origin\"\r\n        allowfullscreen\r\n><\/iframe>\r\n<\/div>\t\t\t\t<\/div>\n\t\t\t\t<\/div>\n\t\t\t\t<div class=\"elementor-element elementor-element-e120734 elementor-widget elementor-widget-html\" data-id=\"e120734\" data-element_type=\"widget\" data-e-type=\"widget\" data-widget_type=\"html.default\">\n\t\t\t\t<div class=\"elementor-widget-container\">\n\t\t\t\t\t<div class=\"video-9-16-container\">\r\n    <iframe\r\n        src=\"https:\/\/www.youtube.com\/embed\/QwHC2Qr8cig?si=8SNPa3lg5yDNYKGa\"\r\n        title=\"Player video YouTube\"\r\n        frameborder=\"0\"\r\n        allow=\"accelerometer; autoplay; clipboard-write; encrypted-media; gyroscope; picture-in-picture; web-share\"\r\n        referrerpolicy=\"strict-origin-when-cross-origin\"\r\n        allowfullscreen\r\n><\/iframe>\r\n<\/div>\t\t\t\t<\/div>\n\t\t\t\t<\/div>\n\t\t\t\t<div class=\"elementor-element elementor-element-48786f9 elementor-widget elementor-widget-html\" data-id=\"48786f9\" data-element_type=\"widget\" data-e-type=\"widget\" data-widget_type=\"html.default\">\n\t\t\t\t<div class=\"elementor-widget-container\">\n\t\t\t\t\t<div class=\"video-9-16-container\">\r\n    <iframe\r\n        src=\"https:\/\/www.youtube.com\/embed\/6DTd9cVU_5g?si=csEbvhtlXFPuEWqV\"\r\n        title=\"Player video YouTube\"\r\n        frameborder=\"0\"\r\n        allow=\"accelerometer; autoplay; clipboard-write; encrypted-media; gyroscope; picture-in-picture; web-share\"\r\n        referrerpolicy=\"strict-origin-when-cross-origin\"\r\n        allowfullscreen\r\n><\/iframe>\r\n<\/div>\t\t\t\t<\/div>\n\t\t\t\t<\/div>\n\t\t\t\t<div class=\"elementor-element elementor-element-9d24f0c elementor-widget elementor-widget-html\" data-id=\"9d24f0c\" data-element_type=\"widget\" data-e-type=\"widget\" data-widget_type=\"html.default\">\n\t\t\t\t<div class=\"elementor-widget-container\">\n\t\t\t\t\t<div class=\"video-9-16-container\">\r\n    <iframe\r\n        src=\"https:\/\/www.youtube.com\/embed\/OIYOzLLulM8?si=2yaUTUCy9vDCPjVO\"\r\n        title=\"Player video YouTube\"\r\n        frameborder=\"0\"\r\n        allow=\"accelerometer; autoplay; clipboard-write; encrypted-media; gyroscope; picture-in-picture; web-share\"\r\n        referrerpolicy=\"strict-origin-when-cross-origin\"\r\n        allowfullscreen\r\n><\/iframe>\r\n<\/div>\t\t\t\t<\/div>\n\t\t\t\t<\/div>\n\t\t\t\t<div class=\"elementor-element elementor-element-64d39bb elementor-widget elementor-widget-html\" data-id=\"64d39bb\" data-element_type=\"widget\" data-e-type=\"widget\" data-widget_type=\"html.default\">\n\t\t\t\t<div class=\"elementor-widget-container\">\n\t\t\t\t\t<div class=\"video-9-16-container\">\r\n    <iframe\r\n        src=\"https:\/\/www.youtube.com\/embed\/TSOyssagbWo?si=P_xHlYM80D2FTaaX\"\r\n        title=\"Player video YouTube\"\r\n        frameborder=\"0\"\r\n        allow=\"accelerometer; autoplay; clipboard-write; encrypted-media; gyroscope; picture-in-picture; web-share\"\r\n        referrerpolicy=\"strict-origin-when-cross-origin\"\r\n        allowfullscreen\r\n><\/iframe>\r\n<\/div>\t\t\t\t<\/div>\n\t\t\t\t<\/div>\n\t\t\t\t<div class=\"elementor-element elementor-element-a44d559 elementor-widget elementor-widget-html\" data-id=\"a44d559\" data-element_type=\"widget\" data-e-type=\"widget\" data-widget_type=\"html.default\">\n\t\t\t\t<div class=\"elementor-widget-container\">\n\t\t\t\t\t<div class=\"video-9-16-container\">\r\n    <iframe\r\n        src=\"https:\/\/www.youtube.com\/embed\/TKIobf76QME?si=5V7UFviPk8yOPImd\"\r\n        title=\"Player video YouTube\"\r\n        frameborder=\"0\"\r\n        allow=\"accelerometer; autoplay; clipboard-write; encrypted-media; gyroscope; picture-in-picture; web-share\"\r\n        referrerpolicy=\"strict-origin-when-cross-origin\"\r\n        allowfullscreen\r\n><\/iframe>\r\n<\/div>\t\t\t\t<\/div>\n\t\t\t\t<\/div>\n\t\t\t\t<div class=\"elementor-element elementor-element-da647de elementor-widget elementor-widget-html\" data-id=\"da647de\" data-element_type=\"widget\" data-e-type=\"widget\" data-widget_type=\"html.default\">\n\t\t\t\t<div class=\"elementor-widget-container\">\n\t\t\t\t\t<div class=\"video-9-16-container\">\r\n    <iframe\r\n        src=\"https:\/\/www.youtube.com\/embed\/kZowbh4p10I?si=d4BglCfufsUZbScm\"\r\n        title=\"Player video YouTube\"\r\n        frameborder=\"0\"\r\n        allow=\"accelerometer; autoplay; clipboard-write; encrypted-media; gyroscope; picture-in-picture; web-share\"\r\n        referrerpolicy=\"strict-origin-when-cross-origin\"\r\n        allowfullscreen\r\n><\/iframe>\r\n<\/div>\t\t\t\t<\/div>\n\t\t\t\t<\/div>\n\t\t\t\t<div class=\"elementor-element elementor-element-efec862 elementor-widget elementor-widget-html\" data-id=\"efec862\" data-element_type=\"widget\" data-e-type=\"widget\" data-widget_type=\"html.default\">\n\t\t\t\t<div class=\"elementor-widget-container\">\n\t\t\t\t\t<div class=\"video-9-16-container\">\r\n    <iframe\r\n        src=\"https:\/\/www.youtube.com\/embed\/nS4jhnbzmzc?si=AhcTog0fucojqwXo\"\r\n        title=\"Player video YouTube\"\r\n        frameborder=\"0\"\r\n        allow=\"accelerometer; autoplay; clipboard-write; encrypted-media; gyroscope; picture-in-picture; web-share\"\r\n        referrerpolicy=\"strict-origin-when-cross-origin\"\r\n        allowfullscreen\r\n><\/iframe>\r\n<\/div>\t\t\t\t<\/div>\n\t\t\t\t<\/div>\n\t\t\t\t<div class=\"elementor-element elementor-element-2026c7c elementor-widget elementor-widget-html\" data-id=\"2026c7c\" data-element_type=\"widget\" data-e-type=\"widget\" data-widget_type=\"html.default\">\n\t\t\t\t<div class=\"elementor-widget-container\">\n\t\t\t\t\t<div class=\"video-9-16-container\">\r\n    <iframe\r\n        src=\"https:\/\/www.youtube.com\/embed\/pjB0dV7A0wo?si=HiqlLatoIDcHFbUv\"\r\n        title=\"Player video YouTube\"\r\n        frameborder=\"0\"\r\n        allow=\"accelerometer; autoplay; clipboard-write; encrypted-media; gyroscope; picture-in-picture; web-share\"\r\n        referrerpolicy=\"strict-origin-when-cross-origin\"\r\n        allowfullscreen\r\n><\/iframe>\r\n<\/div>\t\t\t\t<\/div>\n\t\t\t\t<\/div>\n\t\t\t\t<div class=\"elementor-element elementor-element-c19d805 elementor-widget elementor-widget-html\" data-id=\"c19d805\" data-element_type=\"widget\" data-e-type=\"widget\" data-widget_type=\"html.default\">\n\t\t\t\t<div class=\"elementor-widget-container\">\n\t\t\t\t\t<div class=\"video-9-16-container\">\r\n    <iframe\r\n        src=\"https:\/\/www.youtube.com\/embed\/2PAzTIu2LKE?si=JVZ-vItaUsmXMmZm\"\r\n        title=\"Player video YouTube\"\r\n        frameborder=\"0\"\r\n        allow=\"accelerometer; autoplay; clipboard-write; encrypted-media; gyroscope; picture-in-picture; web-share\"\r\n        referrerpolicy=\"strict-origin-when-cross-origin\"\r\n        allowfullscreen\r\n><\/iframe>\r\n<\/div>\t\t\t\t<\/div>\n\t\t\t\t<\/div>\n\t\t\t\t<\/div>\n\t\t\t\t\t<\/div>\n\t\t\t\t<\/div>\n\t\t\t\t<\/div>","protected":false},"excerpt":{"rendered":"<p>This playlist is your space to understand, reflect, and act. Through short, powerful videos, we offer real-life advice and education\u2014not [&hellip;]<\/p>","protected":false},"author":2,"featured_media":0,"parent":3179,"menu_order":0,"comment_status":"closed","ping_status":"closed","template":"","meta":{"_acf_changed":false,"site-sidebar-layout":"no-sidebar","site-content-layout":"","ast-site-content-layout":"full-width-container","site-content-style":"default","site-sidebar-style":"default","ast-global-header-display":"","ast-banner-title-visibility":"","ast-main-header-display":"","ast-hfb-above-header-display":"","ast-hfb-below-header-display":"","ast-hfb-mobile-header-display":"","site-post-title":"disabled","ast-breadcrumbs-content":"","ast-featured-img":"disabled","footer-sml-layout":"","ast-disable-related-posts":"","theme-transparent-header-meta":"","adv-header-id-meta":"","stick-header-meta":"","header-above-stick-meta":"","header-main-stick-meta":"","header-below-stick-meta":"","astra-migrate-meta-layouts":"default","ast-page-background-enabled":"default","ast-page-background-meta":{"desktop":{"background-color":"var(--ast-global-color-5)","background-image":"","background-repeat":"repeat","background-position":"center center","background-size":"auto","background-attachment":"scroll","background-type":"","background-media":"","overlay-type":"","overlay-color":"","overlay-opacity":"","overlay-gradient":""},"tablet":{"background-color":"","background-image":"","background-repeat":"repeat","background-position":"center center","background-size":"auto","background-attachment":"scroll","background-type":"","background-media":"","overlay-type":"","overlay-color":"","overlay-opacity":"","overlay-gradient":""},"mobile":{"background-color":"","background-image":"","background-repeat":"repeat","background-position":"center center","background-size":"auto","background-attachment":"scroll","background-type":"","background-media":"","overlay-type":"","overlay-color":"","overlay-opacity":"","overlay-gradient":""}},"ast-content-background-meta":{"desktop":{"background-color":"var(--ast-global-color-4)","background-image":"","background-repeat":"repeat","background-position":"center center","background-size":"auto","background-attachment":"scroll","background-type":"","background-media":"","overlay-type":"","overlay-color":"","overlay-opacity":"","overlay-gradient":""},"tablet":{"background-color":"var(--ast-global-color-4)","background-image":"","background-repeat":"repeat","background-position":"center center","background-size":"auto","background-attachment":"scroll","background-type":"","background-media":"","overlay-type":"","overlay-color":"","overlay-opacity":"","overlay-gradient":""},"mobile":{"background-color":"var(--ast-global-color-4)","background-image":"","background-repeat":"repeat","background-position":"center center","background-size":"auto","background-attachment":"scroll","background-type":"","background-media":"","overlay-type":"","overlay-color":"","overlay-opacity":"","overlay-gradient":""}},"footnotes":""},"class_list":["post-3159","page","type-page","status-publish","hentry"],"acf":[],"yoast_head":"<!-- This site is optimized with the Yoast SEO Premium plugin v26.6 (Yoast SEO v26.6) - https:\/\/yoast.com\/wordpress\/plugins\/seo\/ -->\n<title>Drug Education Videos: Learn, Understand, Prevent<\/title>\n<meta name=\"description\" content=\"Explore our Drug Education Videos for real-life advice on substance use, choices, and prevention. Empower yourself.\" \/>\n<meta name=\"robots\" content=\"index, follow, max-snippet:-1, max-image-preview:large, max-video-preview:-1\" \/>\n<link rel=\"canonical\" href=\"https:\/\/www.narconon.online\/ro\/biblioteca-video-narconon\/videoclipuri-educative-privind-drogurile\/\" \/>\n<meta property=\"og:locale\" content=\"ro_RO\" \/>\n<meta property=\"og:type\" content=\"article\" \/>\n<meta property=\"og:title\" content=\"Drug Education Videos: Learn, Understand, Prevent\" \/>\n<meta property=\"og:description\" content=\"Explore our Drug Education Videos for real-life advice on substance use, choices, and prevention. Empower yourself.\" \/>\n<meta property=\"og:url\" content=\"https:\/\/www.narconon.online\/ro\/biblioteca-video-narconon\/videoclipuri-educative-privind-drogurile\/\" \/>\n<meta property=\"og:site_name\" content=\"Narconon Europe\" \/>\n<meta property=\"article:publisher\" content=\"https:\/\/www.facebook.com\/narcononeu\" \/>\n<meta property=\"article:modified_time\" content=\"2025-07-07T11:54:34+00:00\" \/>\n<meta property=\"og:image\" content=\"https:\/\/www.narconon.online\/wp-content\/uploads\/2025\/05\/freepik__a-professional-photorealistic-image-of-a-friendly-__61433.webp\" \/>\n\t<meta property=\"og:image:width\" content=\"1408\" \/>\n\t<meta property=\"og:image:height\" content=\"768\" \/>\n\t<meta property=\"og:image:type\" content=\"image\/webp\" \/>\n<meta name=\"twitter:card\" content=\"summary_large_image\" \/>\n<meta name=\"twitter:site\" content=\"@NARCONONEurope\" \/>\n<meta name=\"twitter:label1\" content=\"Timp estimat pentru citire\" \/>\n\t<meta name=\"twitter:data1\" content=\"1 minut\" \/>\n<script type=\"application\/ld+json\" class=\"yoast-schema-graph\">{\"@context\":\"https:\/\/schema.org\",\"@graph\":[{\"@type\":\"WebPage\",\"@id\":\"https:\/\/www.narconon.online\/narconon-video-library\/drug-education-videos\/\",\"url\":\"https:\/\/www.narconon.online\/narconon-video-library\/drug-education-videos\/\",\"name\":\"Drug Education Videos: Learn, Understand, Prevent\",\"isPartOf\":{\"@id\":\"https:\/\/www.narconon.online\/#website\"},\"datePublished\":\"2025-06-02T09:11:19+00:00\",\"dateModified\":\"2025-07-07T11:54:34+00:00\",\"description\":\"Explore our Drug Education Videos for real-life advice on substance use, choices, and prevention. Empower yourself.\",\"breadcrumb\":{\"@id\":\"https:\/\/www.narconon.online\/narconon-video-library\/drug-education-videos\/#breadcrumb\"},\"inLanguage\":\"ro-RO\",\"potentialAction\":[{\"@type\":\"ReadAction\",\"target\":[\"https:\/\/www.narconon.online\/narconon-video-library\/drug-education-videos\/\"]}]},{\"@type\":\"BreadcrumbList\",\"@id\":\"https:\/\/www.narconon.online\/narconon-video-library\/drug-education-videos\/#breadcrumb\",\"itemListElement\":[{\"@type\":\"ListItem\",\"position\":1,\"name\":\"Home\",\"item\":\"https:\/\/www.narconon.online\/\"},{\"@type\":\"ListItem\",\"position\":2,\"name\":\"Narconon Video Library\",\"item\":\"https:\/\/www.narconon.online\/narconon-video-library\/\"},{\"@type\":\"ListItem\",\"position\":3,\"name\":\"Drug Education Videos: Learn, Understand, Prevent\"}]},{\"@type\":\"WebSite\",\"@id\":\"https:\/\/www.narconon.online\/#website\",\"url\":\"https:\/\/www.narconon.online\/\",\"name\":\"Narconon Europe\",\"description\":\"Drug Free For Good\",\"publisher\":{\"@id\":\"https:\/\/www.narconon.online\/#organization\"},\"potentialAction\":[{\"@type\":\"SearchAction\",\"target\":{\"@type\":\"EntryPoint\",\"urlTemplate\":\"https:\/\/www.narconon.online\/?s={search_term_string}\"},\"query-input\":{\"@type\":\"PropertyValueSpecification\",\"valueRequired\":true,\"valueName\":\"search_term_string\"}}],\"inLanguage\":\"ro-RO\"},{\"@type\":\"Organization\",\"@id\":\"https:\/\/www.narconon.online\/#organization\",\"name\":\"Narconon Europe\",\"url\":\"https:\/\/www.narconon.online\/\",\"logo\":{\"@type\":\"ImageObject\",\"inLanguage\":\"ro-RO\",\"@id\":\"https:\/\/www.narconon.online\/#\/schema\/logo\/image\/\",\"url\":\"https:\/\/www.narconon.online\/wp-content\/uploads\/2025\/03\/Logo-Narconon-Europe-2.png\",\"contentUrl\":\"https:\/\/www.narconon.online\/wp-content\/uploads\/2025\/03\/Logo-Narconon-Europe-2.png\",\"width\":2000,\"height\":707,\"caption\":\"Narconon Europe\"},\"image\":{\"@id\":\"https:\/\/www.narconon.online\/#\/schema\/logo\/image\/\"},\"sameAs\":[\"https:\/\/www.facebook.com\/narcononeu\",\"https:\/\/x.com\/NARCONONEurope\",\"https:\/\/www.instagram.com\/narconon.europe\/\",\"https:\/\/www.youtube.com\/channel\/UCNUxvhoqZZCAxXCYO4K7MvA\",\"https:\/\/www.tiktok.com\/@narconon.europe\"]}]}<\/script>\n<!-- \/ Yoast SEO Premium plugin. -->","yoast_head_json":{"title":"Videoclipuri educative privind drogurile: \u00cenv\u0103\u021ba\u021bi, \u00een\u021belege\u021bi, preveni\u021bi","description":"Explora\u021bi videoclipurile noastre educative privind drogurile pentru sfaturi reale privind consumul de substan\u021be, alegerile \u0219i prevenirea. \u00cemputernice\u0219te-te.","robots":{"index":"index","follow":"follow","max-snippet":"max-snippet:-1","max-image-preview":"max-image-preview:large","max-video-preview":"max-video-preview:-1"},"canonical":"https:\/\/www.narconon.online\/ro\/biblioteca-video-narconon\/videoclipuri-educative-privind-drogurile\/","og_locale":"ro_RO","og_type":"article","og_title":"Drug Education Videos: Learn, Understand, Prevent","og_description":"Explore our Drug Education Videos for real-life advice on substance use, choices, and prevention. Empower yourself.","og_url":"https:\/\/www.narconon.online\/ro\/biblioteca-video-narconon\/videoclipuri-educative-privind-drogurile\/","og_site_name":"Narconon Europe","article_publisher":"https:\/\/www.facebook.com\/narcononeu","article_modified_time":"2025-07-07T11:54:34+00:00","og_image":[{"width":1408,"height":768,"url":"https:\/\/www.narconon.online\/wp-content\/uploads\/2025\/05\/freepik__a-professional-photorealistic-image-of-a-friendly-__61433.webp","type":"image\/webp"}],"twitter_card":"summary_large_image","twitter_site":"@NARCONONEurope","twitter_misc":{"Timp estimat pentru citire":"1 minut"},"schema":{"@context":"https:\/\/schema.org","@graph":[{"@type":"WebPage","@id":"https:\/\/www.narconon.online\/narconon-video-library\/drug-education-videos\/","url":"https:\/\/www.narconon.online\/narconon-video-library\/drug-education-videos\/","name":"Videoclipuri educative privind drogurile: \u00cenv\u0103\u021ba\u021bi, \u00een\u021belege\u021bi, preveni\u021bi","isPartOf":{"@id":"https:\/\/www.narconon.online\/#website"},"datePublished":"2025-06-02T09:11:19+00:00","dateModified":"2025-07-07T11:54:34+00:00","description":"Explora\u021bi videoclipurile noastre educative privind drogurile pentru sfaturi reale privind consumul de substan\u021be, alegerile \u0219i prevenirea. \u00cemputernice\u0219te-te.","breadcrumb":{"@id":"https:\/\/www.narconon.online\/narconon-video-library\/drug-education-videos\/#breadcrumb"},"inLanguage":"ro-RO","potentialAction":[{"@type":"ReadAction","target":["https:\/\/www.narconon.online\/narconon-video-library\/drug-education-videos\/"]}]},{"@type":"BreadcrumbList","@id":"https:\/\/www.narconon.online\/narconon-video-library\/drug-education-videos\/#breadcrumb","itemListElement":[{"@type":"ListItem","position":1,"name":"Home","item":"https:\/\/www.narconon.online\/"},{"@type":"ListItem","position":2,"name":"Narconon Video Library","item":"https:\/\/www.narconon.online\/narconon-video-library\/"},{"@type":"ListItem","position":3,"name":"Drug Education Videos: Learn, Understand, Prevent"}]},{"@type":"WebSite","@id":"https:\/\/www.narconon.online\/#website","url":"https:\/\/www.narconon.online\/","name":"Narconon Europa","description":"F\u0103r\u0103 droguri pentru totdeauna","publisher":{"@id":"https:\/\/www.narconon.online\/#organization"},"potentialAction":[{"@type":"SearchAction","target":{"@type":"EntryPoint","urlTemplate":"https:\/\/www.narconon.online\/?s={search_term_string}"},"query-input":{"@type":"PropertyValueSpecification","valueRequired":true,"valueName":"search_term_string"}}],"inLanguage":"ro-RO"},{"@type":"Organization","@id":"https:\/\/www.narconon.online\/#organization","name":"Narconon Europa","url":"https:\/\/www.narconon.online\/","logo":{"@type":"ImageObject","inLanguage":"ro-RO","@id":"https:\/\/www.narconon.online\/#\/schema\/logo\/image\/","url":"https:\/\/www.narconon.online\/wp-content\/uploads\/2025\/03\/Logo-Narconon-Europe-2.png","contentUrl":"https:\/\/www.narconon.online\/wp-content\/uploads\/2025\/03\/Logo-Narconon-Europe-2.png","width":2000,"height":707,"caption":"Narconon Europe"},"image":{"@id":"https:\/\/www.narconon.online\/#\/schema\/logo\/image\/"},"sameAs":["https:\/\/www.facebook.com\/narcononeu","https:\/\/x.com\/NARCONONEurope","https:\/\/www.instagram.com\/narconon.europe\/","https:\/\/www.youtube.com\/channel\/UCNUxvhoqZZCAxXCYO4K7MvA","https:\/\/www.tiktok.com\/@narconon.europe"]}]}},"_links":{"self":[{"href":"https:\/\/www.narconon.online\/ro\/wp-json\/wp\/v2\/pages\/3159","targetHints":{"allow":["GET"]}}],"collection":[{"href":"https:\/\/www.narconon.online\/ro\/wp-json\/wp\/v2\/pages"}],"about":[{"href":"https:\/\/www.narconon.online\/ro\/wp-json\/wp\/v2\/types\/page"}],"author":[{"embeddable":true,"href":"https:\/\/www.narconon.online\/ro\/wp-json\/wp\/v2\/users\/2"}],"replies":[{"embeddable":true,"href":"https:\/\/www.narconon.online\/ro\/wp-json\/wp\/v2\/comments?post=3159"}],"version-history":[{"count":20,"href":"https:\/\/www.narconon.online\/ro\/wp-json\/wp\/v2\/pages\/3159\/revisions"}],"predecessor-version":[{"id":5352,"href":"https:\/\/www.narconon.online\/ro\/wp-json\/wp\/v2\/pages\/3159\/revisions\/5352"}],"up":[{"embeddable":true,"href":"https:\/\/www.narconon.online\/ro\/wp-json\/wp\/v2\/pages\/3179"}],"wp:attachment":[{"href":"https:\/\/www.narconon.online\/ro\/wp-json\/wp\/v2\/media?parent=3159"}],"curies":[{"name":"wp","href":"https:\/\/api.w.org\/{rel}","templated":true}]}}