{"id":6413,"date":"2025-07-24T08:50:18","date_gmt":"2025-07-24T06:50:18","guid":{"rendered":"https:\/\/www.narconon.online\/?page_id=6413"},"modified":"2025-07-24T09:28:49","modified_gmt":"2025-07-24T07:28:49","slug":"hva-er-sentralstimulerende-midler","status":"publish","type":"page","link":"https:\/\/www.narconon.online\/nb\/ordliste\/hva-er-sentralstimulerende-midler\/","title":{"rendered":"Hva er sentralstimulerende midler?"},"content":{"rendered":"<div data-elementor-type=\"wp-page\" data-elementor-id=\"6413\" class=\"elementor elementor-6413\" data-elementor-post-type=\"page\">\n\t\t\t\t<div class=\"elementor-element elementor-element-14d08559 e-flex e-con-boxed e-con e-parent\" data-id=\"14d08559\" data-element_type=\"container\" data-e-type=\"container\">\n\t\t\t\t\t<div class=\"e-con-inner\">\n\t\t<div class=\"elementor-element elementor-element-1cae676 e-grid e-con-full e-con e-child\" data-id=\"1cae676\" data-element_type=\"container\" data-e-type=\"container\">\n\t\t\t\t<div class=\"elementor-element elementor-element-ddfcbba elementor-widget elementor-widget-text-editor\" data-id=\"ddfcbba\" data-element_type=\"widget\" data-e-type=\"widget\" data-widget_type=\"text-editor.default\">\n\t\t\t\t<div class=\"elementor-widget-container\">\n\t\t\t\t\t\t\t\t\t<p data-start=\"426\" data-end=\"564\"><strong data-start=\"426\" data-end=\"440\">Stimulerende midler<\/strong> er en klasse legemidler som <strong data-start=\"467\" data-end=\"510\">\u00f8ke aktiviteten i hjernen og kroppen<\/strong>. De \u00f8ker midlertidig \u00e5rv\u00e5kenhet, fokus og energi.<\/p>\n<p data-start=\"566\" data-end=\"800\">De finnes i b\u00e5de <strong data-start=\"592\" data-end=\"619\">lovlige og ulovlige former<\/strong>. Reseptbelagte sentralstimulerende midler som Adderall eller Ritalin brukes mot ADHD eller narkolepsi, mens illegale stoffer som kokain eller metamfetamin ofte misbrukes p\u00e5 grunn av sin euforiserende effekt.<\/p>\n<p data-start=\"802\" data-end=\"948\">Mens medisinske sentralstimulerende midler er nyttige under tilsyn, <strong data-start=\"857\" data-end=\"947\">Misbruk kan f\u00f8re til avhengighet, hjerteproblemer, paranoia og andre alvorlige helserisikoer<\/strong>.<\/p>\t\t\t\t\t\t\t\t<\/div>\n\t\t\t\t<\/div>\n\t\t\t\t<div class=\"elementor-element elementor-element-8f955ba elementor-widget elementor-widget-image\" data-id=\"8f955ba\" data-element_type=\"widget\" data-e-type=\"widget\" data-widget_type=\"image.default\">\n\t\t\t\t<div class=\"elementor-widget-container\">\n\t\t\t\t\t\t\t\t\t\t\t\t\t\t\t<img fetchpriority=\"high\" decoding=\"async\" width=\"1392\" height=\"752\" src=\"https:\/\/www.narconon.online\/wp-content\/uploads\/2025\/07\/freepik__a-closeup-of-various-stimulant-drugs-on-a-white-ba__41822.webp\" class=\"attachment-full size-full wp-image-6415\" alt=\"Vanlige former for sentralstimulerende midler, inkludert piller, hvitt pulver og crystal meth\" srcset=\"https:\/\/www.narconon.online\/wp-content\/uploads\/2025\/07\/freepik__a-closeup-of-various-stimulant-drugs-on-a-white-ba__41822.webp 1392w, https:\/\/www.narconon.online\/wp-content\/uploads\/2025\/07\/freepik__a-closeup-of-various-stimulant-drugs-on-a-white-ba__41822-300x162.webp 300w, https:\/\/www.narconon.online\/wp-content\/uploads\/2025\/07\/freepik__a-closeup-of-various-stimulant-drugs-on-a-white-ba__41822-1024x553.webp 1024w, https:\/\/www.narconon.online\/wp-content\/uploads\/2025\/07\/freepik__a-closeup-of-various-stimulant-drugs-on-a-white-ba__41822-768x415.webp 768w, https:\/\/www.narconon.online\/wp-content\/uploads\/2025\/07\/freepik__a-closeup-of-various-stimulant-drugs-on-a-white-ba__41822-18x10.webp 18w\" sizes=\"(max-width: 1392px) 100vw, 1392px\" \/>\t\t\t\t\t\t\t\t\t\t\t\t\t\t\t<\/div>\n\t\t\t\t<\/div>\n\t\t\t\t<\/div>\n\t\t\t\t\t<\/div>\n\t\t\t\t<\/div>\n\t\t<div class=\"elementor-element elementor-element-064fdba e-flex e-con-boxed e-con e-parent\" data-id=\"064fdba\" data-element_type=\"container\" data-e-type=\"container\">\n\t\t\t\t\t<div class=\"e-con-inner\">\n\t\t<div class=\"elementor-element elementor-element-ecec8f5 e-grid e-con-full e-con e-child\" data-id=\"ecec8f5\" data-element_type=\"container\" data-e-type=\"container\">\n\t\t\t\t<div class=\"elementor-element elementor-element-0f0e55c elementor-widget elementor-widget-text-editor\" data-id=\"0f0e55c\" data-element_type=\"widget\" data-e-type=\"widget\" data-widget_type=\"text-editor.default\">\n\t\t\t\t<div class=\"elementor-widget-container\">\n\t\t\t\t\t\t\t\t\t<h3 id=\"h-related-terms\" class=\"wp-block-heading\">\ud83e\udde0 Relaterte begreper<\/h3>\n<ul data-spread=\"false\" data-pm-slice=\"3 3 []\">\n<li><a href=\"https:\/\/www.narconon.online\/nb\/ordliste\/hva-er-metamfetamin\/\">Metamfetamin<\/a><\/li>\n<li><a href=\"https:\/\/www.narconon.online\/nb\/ordliste\/hva-er-kokain\/\">Kokain<\/a><\/li>\n<li>\n<p><a href=\"https:\/\/www.narconon.online\/nb\/ordliste\/hva-er-amfetamin\/\">Amfetamin<\/a><\/p>\n<\/li>\n<li>\n<p><a href=\"https:\/\/www.narconon.online\/nb\/ordliste\/\">Ordlisteindeks<\/a><\/p>\n<\/li>\n<\/ul>\t\t\t\t\t\t\t\t<\/div>\n\t\t\t\t<\/div>\n\t\t\t\t<div class=\"elementor-element elementor-element-03e5102 elementor-widget elementor-widget-text-editor\" data-id=\"03e5102\" data-element_type=\"widget\" data-e-type=\"widget\" data-widget_type=\"text-editor.default\">\n\t\t\t\t<div class=\"elementor-widget-container\">\n\t\t\t\t\t\t\t\t\t<p id=\"h-related-terms\" class=\"wp-block-heading\">\ud83d\udc49 L\u00e6r mer om forebygging:<br \/><a class=\"\" href=\"https:\/\/www.narcononeurope.dk\/en\/drug-abuse\/\" target=\"_blank\" rel=\"noopener\">Narconon Europa - hjelp mot stoffmisbruk<\/a><\/p>\n<p><!-- \/wp:list-item --><\/p>\n<p><!-- \/wp:list --><!-- wp:paragraph --><\/p>\n<p>\ud83d\udc49 For mer pedagogisk innhold, se v\u00e5r <a class=\"\" href=\"https:\/\/www.narconon.online\/nb\/materiell-for-forebygging-av-narkotikaproblemer\/\">Oppl\u00e6rings- og forebyggingsmateriell om narkotika<\/a><\/p>\t\t\t\t\t\t\t\t<\/div>\n\t\t\t\t<\/div>\n\t\t\t\t<\/div>\n\t\t\t\t<div class=\"elementor-element elementor-element-1497776 elementor-widget elementor-widget-heading\" data-id=\"1497776\" data-element_type=\"widget\" data-e-type=\"widget\" data-widget_type=\"heading.default\">\n\t\t\t\t<div class=\"elementor-widget-container\">\n\t\t\t\t\t<h2 class=\"elementor-heading-title elementor-size-default\">\u2753 FAQ - Hva er sentralstimulerende midler?<\/h2>\t\t\t\t<\/div>\n\t\t\t\t<\/div>\n\t\t\t\t<div class=\"elementor-element elementor-element-a24ee80 elementor-widget elementor-widget-text-editor\" data-id=\"a24ee80\" data-element_type=\"widget\" data-e-type=\"widget\" data-widget_type=\"text-editor.default\">\n\t\t\t\t<div class=\"elementor-widget-container\">\n\t\t\t\t\t\t\t\t\t<p data-start=\"200\" data-end=\"337\"><strong data-start=\"200\" data-end=\"236\">1. Hva brukes sentralstimulerende midler til?<\/strong><br data-start=\"236\" data-end=\"239\" \/>De brukes ofte for \u00e5 behandle ADHD eller narkolepsi, men misbrukes ogs\u00e5 for \u00e5 holde seg v\u00e5ken eller f\u00f8le seg energisk.<\/p>\n<p data-start=\"339\" data-end=\"455\"><strong data-start=\"339\" data-end=\"375\">2. Hvorfor er sentralstimulerende midler farlige?<\/strong><br data-start=\"375\" data-end=\"378\" \/>Misbruk kan for\u00e5rsake hjerteproblemer, h\u00f8yt blodtrykk, angst og avhengighet.<\/p>\n<p data-start=\"457\" data-end=\"565\"><strong data-start=\"457\" data-end=\"493\">3. Hvordan ser sentralstimulerende midler ut?<\/strong><br data-start=\"493\" data-end=\"496\" \/>De kan se ut som piller, pulver eller krystaller, avhengig av type.<\/p>\n<p data-start=\"567\" data-end=\"693\"><strong data-start=\"567\" data-end=\"613\">4. Kan man bli avhengig av sentralstimulerende midler?<\/strong><br data-start=\"613\" data-end=\"616\" \/>Ja. Regelmessig misbruk kan raskt f\u00f8re til psykisk og fysisk avhengighet.<\/p>\n<p data-start=\"695\" data-end=\"834\"><strong data-start=\"695\" data-end=\"741\">5. Hvordan kan man unng\u00e5 misbruk av sentralstimulerende midler?<\/strong><br data-start=\"741\" data-end=\"744\" \/>Ta dem kun under medisinsk tilsyn. Unng\u00e5 ikke-forskrevet bruk eller deling av medisiner.<\/p>\t\t\t\t\t\t\t\t<\/div>\n\t\t\t\t<\/div>\n\t\t\t\t<div class=\"elementor-element elementor-element-3c88435 elementor-widget elementor-widget-html\" data-id=\"3c88435\" data-element_type=\"widget\" data-e-type=\"widget\" data-widget_type=\"html.default\">\n\t\t\t\t<div class=\"elementor-widget-container\">\n\t\t\t\t\t<script type=\"application\/ld+json\">{\n    \"@context\": \"https:\\\/\\\/schema.org\",\n    \"@type\": \"WebPage\",\n    \"name\": \"What are Stimulants?\",\n    \"headline\": \"What are Stimulants?\",\n    \"url\": \"https:\\\/\\\/www.narconon.online\\\/glossary\\\/what-are-stimulants\\\/\",\n    \"description\": \"Stimulants are drugs that increase brain and body activity. Learn what stimulants are, their uses, risks, and how to prevent misuse.\",\n    \"datePublished\": \"2025-07-24\",\n    \"dateModified\": \"2025-07-24\",\n    \"inLanguage\": \"en\",\n    \"publisher\": {\n        \"@type\": \"Organization\",\n        \"name\": \"Narconon Europe\",\n        \"url\": \"https:\\\/\\\/www.narcononeurope.dk\"\n    },\n    \"author\": {\n        \"@type\": \"Person\",\n        \"name\": \"Jacky Buensoz\"\n    },\n    \"mainEntity\": {\n        \"@type\": \"FAQPage\",\n        \"mainEntity\": [\n            {\n                \"@type\": \"Question\",\n                \"name\": \"What are stimulants used for?\",\n                \"acceptedAnswer\": {\n                    \"@type\": \"Answer\",\n                    \"text\": \"They are often used to treat ADHD or narcolepsy, but also misused to stay awake or feel energized.\"\n                }\n            },\n            {\n                \"@type\": \"Question\",\n                \"name\": \"Why are stimulants dangerous?\",\n                \"acceptedAnswer\": {\n                    \"@type\": \"Answer\",\n                    \"text\": \"Abuse can cause heart problems, high blood pressure, anxiety, and dependence.\"\n                }\n            },\n            {\n                \"@type\": \"Question\",\n                \"name\": \"What do stimulants look like?\",\n                \"acceptedAnswer\": {\n                    \"@type\": \"Answer\",\n                    \"text\": \"They may appear as pills, powders, or crystals depending on the type.\"\n                }\n            },\n            {\n                \"@type\": \"Question\",\n                \"name\": \"Can someone get addicted to stimulants?\",\n                \"acceptedAnswer\": {\n                    \"@type\": \"Answer\",\n                    \"text\": \"Yes. Regular misuse can quickly lead to psychological and physical addiction.\"\n                }\n            },\n            {\n                \"@type\": \"Question\",\n                \"name\": \"How can someone avoid stimulant misuse?\",\n                \"acceptedAnswer\": {\n                    \"@type\": \"Answer\",\n                    \"text\": \"Only take them under medical supervision. Avoid non-prescribed use or sharing medications.\"\n                }\n            }\n        ]\n    }\n}<\/script>\r\n\t\t\t\t<\/div>\n\t\t\t\t<\/div>\n\t\t\t\t\t<\/div>\n\t\t\t\t<\/div>\n\t\t\t\t<\/div>","protected":false},"excerpt":{"rendered":"<p>Stimulants are a class of drugs that increase activity in the brain and body. They temporarily boost alertness, focus, and [&hellip;]<\/p>","protected":false},"author":43,"featured_media":0,"parent":5868,"menu_order":0,"comment_status":"closed","ping_status":"closed","template":"","meta":{"_acf_changed":false,"site-sidebar-layout":"default","site-content-layout":"","ast-site-content-layout":"default","site-content-style":"default","site-sidebar-style":"default","ast-global-header-display":"","ast-banner-title-visibility":"","ast-main-header-display":"","ast-hfb-above-header-display":"","ast-hfb-below-header-display":"","ast-hfb-mobile-header-display":"","site-post-title":"","ast-breadcrumbs-content":"","ast-featured-img":"","footer-sml-layout":"","ast-disable-related-posts":"","theme-transparent-header-meta":"","adv-header-id-meta":"","stick-header-meta":"","header-above-stick-meta":"","header-main-stick-meta":"","header-below-stick-meta":"","astra-migrate-meta-layouts":"default","ast-page-background-enabled":"default","ast-page-background-meta":{"desktop":{"background-color":"var(--ast-global-color-5)","background-image":"","background-repeat":"repeat","background-position":"center center","background-size":"auto","background-attachment":"scroll","background-type":"","background-media":"","overlay-type":"","overlay-color":"","overlay-opacity":"","overlay-gradient":""},"tablet":{"background-color":"","background-image":"","background-repeat":"repeat","background-position":"center center","background-size":"auto","background-attachment":"scroll","background-type":"","background-media":"","overlay-type":"","overlay-color":"","overlay-opacity":"","overlay-gradient":""},"mobile":{"background-color":"","background-image":"","background-repeat":"repeat","background-position":"center center","background-size":"auto","background-attachment":"scroll","background-type":"","background-media":"","overlay-type":"","overlay-color":"","overlay-opacity":"","overlay-gradient":""}},"ast-content-background-meta":{"desktop":{"background-color":"var(--ast-global-color-4)","background-image":"","background-repeat":"repeat","background-position":"center center","background-size":"auto","background-attachment":"scroll","background-type":"","background-media":"","overlay-type":"","overlay-color":"","overlay-opacity":"","overlay-gradient":""},"tablet":{"background-color":"var(--ast-global-color-4)","background-image":"","background-repeat":"repeat","background-position":"center center","background-size":"auto","background-attachment":"scroll","background-type":"","background-media":"","overlay-type":"","overlay-color":"","overlay-opacity":"","overlay-gradient":""},"mobile":{"background-color":"var(--ast-global-color-4)","background-image":"","background-repeat":"repeat","background-position":"center center","background-size":"auto","background-attachment":"scroll","background-type":"","background-media":"","overlay-type":"","overlay-color":"","overlay-opacity":"","overlay-gradient":""}},"footnotes":""},"class_list":["post-6413","page","type-page","status-publish","hentry"],"acf":[],"yoast_head":"<!-- This site is optimized with the Yoast SEO Premium plugin v26.6 (Yoast SEO v26.6) - https:\/\/yoast.com\/wordpress\/plugins\/seo\/ -->\n<title>What Are Stimulants and How Do They Work?<\/title>\n<meta name=\"description\" content=\"Learn what are stimulants and their effects on the brain and body, from prescription use to dangerous misuse.\" \/>\n<meta name=\"robots\" content=\"index, follow, max-snippet:-1, max-image-preview:large, max-video-preview:-1\" \/>\n<link rel=\"canonical\" href=\"https:\/\/www.narconon.online\/nb\/ordliste\/hva-er-sentralstimulerende-midler\/\" \/>\n<meta property=\"og:locale\" content=\"nb_NO\" \/>\n<meta property=\"og:type\" content=\"article\" \/>\n<meta property=\"og:title\" content=\"What are Stimulants?\" \/>\n<meta property=\"og:description\" content=\"Learn what are stimulants and their effects on the brain and body, from prescription use to dangerous misuse.\" \/>\n<meta property=\"og:url\" content=\"https:\/\/www.narconon.online\/nb\/ordliste\/hva-er-sentralstimulerende-midler\/\" \/>\n<meta property=\"og:site_name\" content=\"Narconon Europe\" \/>\n<meta property=\"article:publisher\" content=\"https:\/\/www.facebook.com\/narcononeu\" \/>\n<meta property=\"article:modified_time\" content=\"2025-07-24T07:28:49+00:00\" \/>\n<meta property=\"og:image\" content=\"https:\/\/www.narconon.online\/wp-content\/uploads\/2025\/07\/freepik__a-closeup-of-various-stimulant-drugs-on-a-white-ba__41822.webp\" \/>\n<meta name=\"twitter:card\" content=\"summary_large_image\" \/>\n<meta name=\"twitter:site\" content=\"@NARCONONEurope\" \/>\n<meta name=\"twitter:label1\" content=\"Ansl. lesetid\" \/>\n\t<meta name=\"twitter:data1\" content=\"2 minutter\" \/>\n<script type=\"application\/ld+json\" class=\"yoast-schema-graph\">{\"@context\":\"https:\/\/schema.org\",\"@graph\":[{\"@type\":\"WebPage\",\"@id\":\"https:\/\/www.narconon.online\/glossary\/what-are-stimulants\/\",\"url\":\"https:\/\/www.narconon.online\/glossary\/what-are-stimulants\/\",\"name\":\"What Are Stimulants and How Do They Work?\",\"isPartOf\":{\"@id\":\"https:\/\/www.narconon.online\/#website\"},\"primaryImageOfPage\":{\"@id\":\"https:\/\/www.narconon.online\/glossary\/what-are-stimulants\/#primaryimage\"},\"image\":{\"@id\":\"https:\/\/www.narconon.online\/glossary\/what-are-stimulants\/#primaryimage\"},\"thumbnailUrl\":\"https:\/\/www.narconon.online\/wp-content\/uploads\/2025\/07\/freepik__a-closeup-of-various-stimulant-drugs-on-a-white-ba__41822.webp\",\"datePublished\":\"2025-07-24T06:50:18+00:00\",\"dateModified\":\"2025-07-24T07:28:49+00:00\",\"description\":\"Learn what are stimulants and their effects on the brain and body, from prescription use to dangerous misuse.\",\"breadcrumb\":{\"@id\":\"https:\/\/www.narconon.online\/glossary\/what-are-stimulants\/#breadcrumb\"},\"inLanguage\":\"nb-NO\",\"potentialAction\":[{\"@type\":\"ReadAction\",\"target\":[\"https:\/\/www.narconon.online\/glossary\/what-are-stimulants\/\"]}]},{\"@type\":\"ImageObject\",\"inLanguage\":\"nb-NO\",\"@id\":\"https:\/\/www.narconon.online\/glossary\/what-are-stimulants\/#primaryimage\",\"url\":\"https:\/\/www.narconon.online\/wp-content\/uploads\/2025\/07\/freepik__a-closeup-of-various-stimulant-drugs-on-a-white-ba__41822.webp\",\"contentUrl\":\"https:\/\/www.narconon.online\/wp-content\/uploads\/2025\/07\/freepik__a-closeup-of-various-stimulant-drugs-on-a-white-ba__41822.webp\"},{\"@type\":\"BreadcrumbList\",\"@id\":\"https:\/\/www.narconon.online\/glossary\/what-are-stimulants\/#breadcrumb\",\"itemListElement\":[{\"@type\":\"ListItem\",\"position\":1,\"name\":\"Home\",\"item\":\"https:\/\/www.narconon.online\/\"},{\"@type\":\"ListItem\",\"position\":2,\"name\":\"Glossary of Drug Terms and Definitions\",\"item\":\"https:\/\/www.narconon.online\/glossary\/\"},{\"@type\":\"ListItem\",\"position\":3,\"name\":\"What are Stimulants?\"}]},{\"@type\":\"WebSite\",\"@id\":\"https:\/\/www.narconon.online\/#website\",\"url\":\"https:\/\/www.narconon.online\/\",\"name\":\"Narconon Europe\",\"description\":\"Drug Free For Good\",\"publisher\":{\"@id\":\"https:\/\/www.narconon.online\/#organization\"},\"potentialAction\":[{\"@type\":\"SearchAction\",\"target\":{\"@type\":\"EntryPoint\",\"urlTemplate\":\"https:\/\/www.narconon.online\/?s={search_term_string}\"},\"query-input\":{\"@type\":\"PropertyValueSpecification\",\"valueRequired\":true,\"valueName\":\"search_term_string\"}}],\"inLanguage\":\"nb-NO\"},{\"@type\":\"Organization\",\"@id\":\"https:\/\/www.narconon.online\/#organization\",\"name\":\"Narconon Europe\",\"url\":\"https:\/\/www.narconon.online\/\",\"logo\":{\"@type\":\"ImageObject\",\"inLanguage\":\"nb-NO\",\"@id\":\"https:\/\/www.narconon.online\/#\/schema\/logo\/image\/\",\"url\":\"https:\/\/www.narconon.online\/wp-content\/uploads\/2025\/03\/Logo-Narconon-Europe-2.png\",\"contentUrl\":\"https:\/\/www.narconon.online\/wp-content\/uploads\/2025\/03\/Logo-Narconon-Europe-2.png\",\"width\":2000,\"height\":707,\"caption\":\"Narconon Europe\"},\"image\":{\"@id\":\"https:\/\/www.narconon.online\/#\/schema\/logo\/image\/\"},\"sameAs\":[\"https:\/\/www.facebook.com\/narcononeu\",\"https:\/\/x.com\/NARCONONEurope\",\"https:\/\/www.instagram.com\/narconon.europe\/\",\"https:\/\/www.youtube.com\/channel\/UCNUxvhoqZZCAxXCYO4K7MvA\",\"https:\/\/www.tiktok.com\/@narconon.europe\"]}]}<\/script>\n<!-- \/ Yoast SEO Premium plugin. -->","yoast_head_json":{"title":"Hva er sentralstimulerende midler og hvordan virker de?","description":"L\u00e6r hva sentralstimulerende midler er og hvilke effekter de har p\u00e5 hjernen og kroppen, fra reseptbelagt bruk til farlig misbruk.","robots":{"index":"index","follow":"follow","max-snippet":"max-snippet:-1","max-image-preview":"max-image-preview:large","max-video-preview":"max-video-preview:-1"},"canonical":"https:\/\/www.narconon.online\/nb\/ordliste\/hva-er-sentralstimulerende-midler\/","og_locale":"nb_NO","og_type":"article","og_title":"What are Stimulants?","og_description":"Learn what are stimulants and their effects on the brain and body, from prescription use to dangerous misuse.","og_url":"https:\/\/www.narconon.online\/nb\/ordliste\/hva-er-sentralstimulerende-midler\/","og_site_name":"Narconon Europe","article_publisher":"https:\/\/www.facebook.com\/narcononeu","article_modified_time":"2025-07-24T07:28:49+00:00","og_image":[{"url":"https:\/\/www.narconon.online\/wp-content\/uploads\/2025\/07\/freepik__a-closeup-of-various-stimulant-drugs-on-a-white-ba__41822.webp","type":"","width":"","height":""}],"twitter_card":"summary_large_image","twitter_site":"@NARCONONEurope","twitter_misc":{"Ansl. lesetid":"2 minutter"},"schema":{"@context":"https:\/\/schema.org","@graph":[{"@type":"WebPage","@id":"https:\/\/www.narconon.online\/glossary\/what-are-stimulants\/","url":"https:\/\/www.narconon.online\/glossary\/what-are-stimulants\/","name":"Hva er sentralstimulerende midler og hvordan virker de?","isPartOf":{"@id":"https:\/\/www.narconon.online\/#website"},"primaryImageOfPage":{"@id":"https:\/\/www.narconon.online\/glossary\/what-are-stimulants\/#primaryimage"},"image":{"@id":"https:\/\/www.narconon.online\/glossary\/what-are-stimulants\/#primaryimage"},"thumbnailUrl":"https:\/\/www.narconon.online\/wp-content\/uploads\/2025\/07\/freepik__a-closeup-of-various-stimulant-drugs-on-a-white-ba__41822.webp","datePublished":"2025-07-24T06:50:18+00:00","dateModified":"2025-07-24T07:28:49+00:00","description":"L\u00e6r hva sentralstimulerende midler er og hvilke effekter de har p\u00e5 hjernen og kroppen, fra reseptbelagt bruk til farlig misbruk.","breadcrumb":{"@id":"https:\/\/www.narconon.online\/glossary\/what-are-stimulants\/#breadcrumb"},"inLanguage":"nb-NO","potentialAction":[{"@type":"ReadAction","target":["https:\/\/www.narconon.online\/glossary\/what-are-stimulants\/"]}]},{"@type":"ImageObject","inLanguage":"nb-NO","@id":"https:\/\/www.narconon.online\/glossary\/what-are-stimulants\/#primaryimage","url":"https:\/\/www.narconon.online\/wp-content\/uploads\/2025\/07\/freepik__a-closeup-of-various-stimulant-drugs-on-a-white-ba__41822.webp","contentUrl":"https:\/\/www.narconon.online\/wp-content\/uploads\/2025\/07\/freepik__a-closeup-of-various-stimulant-drugs-on-a-white-ba__41822.webp"},{"@type":"BreadcrumbList","@id":"https:\/\/www.narconon.online\/glossary\/what-are-stimulants\/#breadcrumb","itemListElement":[{"@type":"ListItem","position":1,"name":"Home","item":"https:\/\/www.narconon.online\/"},{"@type":"ListItem","position":2,"name":"Glossary of Drug Terms and Definitions","item":"https:\/\/www.narconon.online\/glossary\/"},{"@type":"ListItem","position":3,"name":"What are Stimulants?"}]},{"@type":"WebSite","@id":"https:\/\/www.narconon.online\/#website","url":"https:\/\/www.narconon.online\/","name":"Narconon Europa","description":"Dopingfri for godt","publisher":{"@id":"https:\/\/www.narconon.online\/#organization"},"potentialAction":[{"@type":"SearchAction","target":{"@type":"EntryPoint","urlTemplate":"https:\/\/www.narconon.online\/?s={search_term_string}"},"query-input":{"@type":"PropertyValueSpecification","valueRequired":true,"valueName":"search_term_string"}}],"inLanguage":"nb-NO"},{"@type":"Organization","@id":"https:\/\/www.narconon.online\/#organization","name":"Narconon Europa","url":"https:\/\/www.narconon.online\/","logo":{"@type":"ImageObject","inLanguage":"nb-NO","@id":"https:\/\/www.narconon.online\/#\/schema\/logo\/image\/","url":"https:\/\/www.narconon.online\/wp-content\/uploads\/2025\/03\/Logo-Narconon-Europe-2.png","contentUrl":"https:\/\/www.narconon.online\/wp-content\/uploads\/2025\/03\/Logo-Narconon-Europe-2.png","width":2000,"height":707,"caption":"Narconon Europe"},"image":{"@id":"https:\/\/www.narconon.online\/#\/schema\/logo\/image\/"},"sameAs":["https:\/\/www.facebook.com\/narcononeu","https:\/\/x.com\/NARCONONEurope","https:\/\/www.instagram.com\/narconon.europe\/","https:\/\/www.youtube.com\/channel\/UCNUxvhoqZZCAxXCYO4K7MvA","https:\/\/www.tiktok.com\/@narconon.europe"]}]}},"_links":{"self":[{"href":"https:\/\/www.narconon.online\/nb\/wp-json\/wp\/v2\/pages\/6413","targetHints":{"allow":["GET"]}}],"collection":[{"href":"https:\/\/www.narconon.online\/nb\/wp-json\/wp\/v2\/pages"}],"about":[{"href":"https:\/\/www.narconon.online\/nb\/wp-json\/wp\/v2\/types\/page"}],"author":[{"embeddable":true,"href":"https:\/\/www.narconon.online\/nb\/wp-json\/wp\/v2\/users\/43"}],"replies":[{"embeddable":true,"href":"https:\/\/www.narconon.online\/nb\/wp-json\/wp\/v2\/comments?post=6413"}],"version-history":[{"count":10,"href":"https:\/\/www.narconon.online\/nb\/wp-json\/wp\/v2\/pages\/6413\/revisions"}],"predecessor-version":[{"id":6438,"href":"https:\/\/www.narconon.online\/nb\/wp-json\/wp\/v2\/pages\/6413\/revisions\/6438"}],"up":[{"embeddable":true,"href":"https:\/\/www.narconon.online\/nb\/wp-json\/wp\/v2\/pages\/5868"}],"wp:attachment":[{"href":"https:\/\/www.narconon.online\/nb\/wp-json\/wp\/v2\/media?parent=6413"}],"curies":[{"name":"wp","href":"https:\/\/api.w.org\/{rel}","templated":true}]}}