{"id":5966,"date":"2025-07-23T11:46:17","date_gmt":"2025-07-23T09:46:17","guid":{"rendered":"https:\/\/www.narconon.online\/?page_id=5966"},"modified":"2025-07-23T18:20:37","modified_gmt":"2025-07-23T16:20:37","slug":"hva-er-ecstasy","status":"publish","type":"page","link":"https:\/\/www.narconon.online\/nb\/ordliste\/hva-er-ecstasy\/","title":{"rendered":"Hva er ecstasy?"},"content":{"rendered":"<div data-elementor-type=\"wp-page\" data-elementor-id=\"5966\" class=\"elementor elementor-5966\" data-elementor-post-type=\"page\">\n\t\t\t\t<div class=\"elementor-element elementor-element-14d08559 e-flex e-con-boxed e-con e-parent\" data-id=\"14d08559\" data-element_type=\"container\" data-e-type=\"container\">\n\t\t\t\t\t<div class=\"e-con-inner\">\n\t\t<div class=\"elementor-element elementor-element-1cae676 e-grid e-con-full e-con e-child\" data-id=\"1cae676\" data-element_type=\"container\" data-e-type=\"container\">\n\t\t\t\t<div class=\"elementor-element elementor-element-ddfcbba elementor-widget elementor-widget-text-editor\" data-id=\"ddfcbba\" data-element_type=\"widget\" data-e-type=\"widget\" data-widget_type=\"text-editor.default\">\n\t\t\t\t<div class=\"elementor-widget-container\">\n\t\t\t\t\t\t\t\t\t<p data-start=\"330\" data-end=\"562\">Ecstasy er <strong data-start=\"345\" data-end=\"369\">gatenavn for MDMA<\/strong>er et syntetisk stoff som virker b\u00e5de stimulerende og hallusinogent. Det \u00f8ker energi, glede og f\u00f8lelsesmessig n\u00e6rhet, og brukes derfor ofte p\u00e5 fester, klubber og musikkfestivaler.<\/p>\n<p data-start=\"564\" data-end=\"827\">Det meste ecstasy selges som <strong data-start=\"588\" data-end=\"615\">sm\u00e5, fargerike nettbrett<\/strong> med logoer eller design stemplet p\u00e5. Det kan ogs\u00e5 komme i form av pulver eller kapsler. Selv om brukerne ofte tror det er trygt, blandes ecstasy ofte med <strong data-start=\"765\" data-end=\"792\">andre ukjente kjemikalier<\/strong>og gj\u00f8r effekten uforutsigbar.<\/p>\n<p data-start=\"829\" data-end=\"989\">MDMA kan for\u00e5rsake <strong data-start=\"844\" data-end=\"911\">dehydrering, overoppheting, hjerteproblemer, angst eller forvirring<\/strong>. Noen brukere kan oppleve et krasj eller depresjon i dagene etter at de har tatt det.<\/p>\t\t\t\t\t\t\t\t<\/div>\n\t\t\t\t<\/div>\n\t\t\t\t<div class=\"elementor-element elementor-element-8f955ba elementor-widget elementor-widget-image\" data-id=\"8f955ba\" data-element_type=\"widget\" data-e-type=\"widget\" data-widget_type=\"image.default\">\n\t\t\t\t<div class=\"elementor-widget-container\">\n\t\t\t\t\t\t\t\t\t\t\t\t\t\t\t<img fetchpriority=\"high\" decoding=\"async\" width=\"1392\" height=\"752\" src=\"https:\/\/www.narconon.online\/wp-content\/uploads\/2025\/07\/freepik__a-collection-of-bright-colorful-tablets-with-vario__82272.webp\" class=\"attachment-full size-full wp-image-5970\" alt=\"Fargerike ecstasytabletter med logoer p\u00e5 en ren, hvit flate, en knust tablett viser pulver\" srcset=\"https:\/\/www.narconon.online\/wp-content\/uploads\/2025\/07\/freepik__a-collection-of-bright-colorful-tablets-with-vario__82272.webp 1392w, https:\/\/www.narconon.online\/wp-content\/uploads\/2025\/07\/freepik__a-collection-of-bright-colorful-tablets-with-vario__82272-300x162.webp 300w, https:\/\/www.narconon.online\/wp-content\/uploads\/2025\/07\/freepik__a-collection-of-bright-colorful-tablets-with-vario__82272-1024x553.webp 1024w, https:\/\/www.narconon.online\/wp-content\/uploads\/2025\/07\/freepik__a-collection-of-bright-colorful-tablets-with-vario__82272-768x415.webp 768w, https:\/\/www.narconon.online\/wp-content\/uploads\/2025\/07\/freepik__a-collection-of-bright-colorful-tablets-with-vario__82272-18x10.webp 18w\" sizes=\"(max-width: 1392px) 100vw, 1392px\" \/>\t\t\t\t\t\t\t\t\t\t\t\t\t\t\t<\/div>\n\t\t\t\t<\/div>\n\t\t\t\t<\/div>\n\t\t\t\t\t<\/div>\n\t\t\t\t<\/div>\n\t\t<div class=\"elementor-element elementor-element-064fdba e-flex e-con-boxed e-con e-parent\" data-id=\"064fdba\" data-element_type=\"container\" data-e-type=\"container\">\n\t\t\t\t\t<div class=\"e-con-inner\">\n\t\t<div class=\"elementor-element elementor-element-ecec8f5 e-grid e-con-full e-con e-child\" data-id=\"ecec8f5\" data-element_type=\"container\" data-e-type=\"container\">\n\t\t\t\t<div class=\"elementor-element elementor-element-0f0e55c elementor-widget elementor-widget-text-editor\" data-id=\"0f0e55c\" data-element_type=\"widget\" data-e-type=\"widget\" data-widget_type=\"text-editor.default\">\n\t\t\t\t<div class=\"elementor-widget-container\">\n\t\t\t\t\t\t\t\t\t<h3 id=\"h-related-terms\" class=\"wp-block-heading\">\ud83e\udde0 Relaterte begreper<\/h3>\n<ul>\n<li data-start=\"1018\" data-end=\"1055\">\n<p data-start=\"1020\" data-end=\"1055\"><a class=\"cursor-pointer\" rel=\"noopener\" data-start=\"1020\" data-end=\"1053\">Stimulerende<\/a><\/p>\n<\/li>\n<li data-start=\"1056\" data-end=\"1091\">\n<p data-start=\"1058\" data-end=\"1091\"><a class=\"\" href=\"\/nb\/ordliste\/overdose\/\" rel=\"noopener\" data-start=\"1058\" data-end=\"1089\">Overdose<\/a><\/p>\n<\/li>\n<li data-start=\"1175\" data-end=\"1205\">\n<p data-start=\"1177\" data-end=\"1205\"><a class=\"\" href=\"\/nb\/ordliste\/\" rel=\"noopener\" data-start=\"1177\" data-end=\"1205\">Ordlisteindeks<\/a><\/p>\n<\/li>\n<\/ul>\t\t\t\t\t\t\t\t<\/div>\n\t\t\t\t<\/div>\n\t\t\t\t<div class=\"elementor-element elementor-element-03e5102 elementor-widget elementor-widget-text-editor\" data-id=\"03e5102\" data-element_type=\"widget\" data-e-type=\"widget\" data-widget_type=\"text-editor.default\">\n\t\t\t\t<div class=\"elementor-widget-container\">\n\t\t\t\t\t\t\t\t\t<p id=\"h-related-terms\" class=\"wp-block-heading\">\ud83d\udc49 L\u00e6r mer om forebygging:<br \/><a class=\"\" href=\"https:\/\/www.narcononeurope.dk\/en\/drug-abuse\/\" target=\"_blank\" rel=\"noopener\">Narconon Europa - hjelp mot stoffmisbruk<\/a><\/p>\n<p><!-- \/wp:list-item --><\/p>\n<p><!-- \/wp:list --><!-- wp:paragraph --><\/p>\n<p>\ud83d\udc49 For mer pedagogisk innhold, se v\u00e5r <a class=\"\" href=\"https:\/\/www.narconon.online\/nb\/materiell-for-forebygging-av-narkotikaproblemer\/\">Oppl\u00e6rings- og forebyggingsmateriell om narkotika<\/a><\/p>\t\t\t\t\t\t\t\t<\/div>\n\t\t\t\t<\/div>\n\t\t\t\t<\/div>\n\t\t\t\t<div class=\"elementor-element elementor-element-1497776 elementor-widget elementor-widget-heading\" data-id=\"1497776\" data-element_type=\"widget\" data-e-type=\"widget\" data-widget_type=\"heading.default\">\n\t\t\t\t<div class=\"elementor-widget-container\">\n\t\t\t\t\t<h2 class=\"elementor-heading-title elementor-size-default\">\u2753Ofte stilte sp\u00f8rsm\u00e5l om Spice<\/h2>\t\t\t\t<\/div>\n\t\t\t\t<\/div>\n\t\t\t\t<div class=\"elementor-element elementor-element-a24ee80 elementor-widget elementor-widget-text-editor\" data-id=\"a24ee80\" data-element_type=\"widget\" data-e-type=\"widget\" data-widget_type=\"text-editor.default\">\n\t\t\t\t<div class=\"elementor-widget-container\">\n\t\t\t\t\t\t\t\t\t<p data-start=\"1359\" data-end=\"1479\"><strong data-start=\"1359\" data-end=\"1391\">1. Hva brukes ecstasy til?<\/strong><br data-start=\"1391\" data-end=\"1394\" \/>Det brukes i rekreasjons\u00f8yemed for \u00e5 f\u00f8le seg mer energisk, euforisk og f\u00f8lelsesmessig tilkoblet.<\/p>\n<p data-start=\"1481\" data-end=\"1608\"><strong data-start=\"1481\" data-end=\"1513\">2. Hvorfor er ecstasy farlig?<\/strong><br data-start=\"1513\" data-end=\"1516\" \/>Ingrediensene er ofte ukjente, og det kan for\u00e5rsake overoppheting, angst eller hjerteproblemer.<\/p>\n<p data-start=\"1610\" data-end=\"1738\"><strong data-start=\"1610\" data-end=\"1645\">3. Hvordan ser ecstasy ut?<\/strong><br data-start=\"1645\" data-end=\"1648\" \/>Vanligvis sm\u00e5 tabletter med sterke farger og logoer, men det kan ogs\u00e5 v\u00e6re pulver eller kapsler.<\/p>\n<p data-start=\"1740\" data-end=\"1877\"><strong data-start=\"1740\" data-end=\"1779\">4. Kan noen ta en overdose av ecstasy?<\/strong><br data-start=\"1779\" data-end=\"1782\" \/>Ja. Hvis du tar for mye eller blander det med alkohol eller andre rusmidler, kan det f\u00f8re til alvorlige helserisikoer.<\/p>\n<p data-start=\"1879\" data-end=\"2000\"><strong data-start=\"1879\" data-end=\"1916\">5. Hvordan kan noen unng\u00e5 ecstasy?<\/strong><br data-start=\"1916\" data-end=\"1919\" \/>Unng\u00e5 ukjente piller p\u00e5 fester, og ta aldri stoffer fra ubekreftede kilder.<\/p>\t\t\t\t\t\t\t\t<\/div>\n\t\t\t\t<\/div>\n\t\t\t\t<div class=\"elementor-element elementor-element-3c88435 elementor-widget elementor-widget-html\" data-id=\"3c88435\" data-element_type=\"widget\" data-e-type=\"widget\" data-widget_type=\"html.default\">\n\t\t\t\t<div class=\"elementor-widget-container\">\n\t\t\t\t\t<script type=\"application\/ld+json\">{\n    \"@context\": \"https:\\\/\\\/schema.org\",\n    \"@type\": \"WebPage\",\n    \"name\": \"What is Ecstasy?\",\n    \"url\": \"https:\\\/\\\/www.narconon.online\\\/glossary\\\/what-is-ecstasy\\\/\",\n    \"description\": \"Ecstasy, also known as MDMA, is a synthetic drug often used at parties. Learn what it looks like, its effects, and why it\\u2019s dangerous.\",\n    \"datePublished\": \"2025-07-23\",\n    \"publisher\": {\n        \"@type\": \"Organization\",\n        \"name\": \"Narconon Europe\",\n        \"url\": \"https:\\\/\\\/www.narcononeurope.dk\"\n    },\n    \"mainEntity\": {\n        \"@type\": \"FAQPage\",\n        \"mainEntity\": [\n            {\n                \"@type\": \"Question\",\n                \"name\": \"What is ecstasy used for?\",\n                \"acceptedAnswer\": {\n                    \"@type\": \"Answer\",\n                    \"text\": \"It\\u2019s used recreationally to feel more energetic, euphoric, and emotionally connected.\"\n                }\n            },\n            {\n                \"@type\": \"Question\",\n                \"name\": \"Why is ecstasy dangerous?\",\n                \"acceptedAnswer\": {\n                    \"@type\": \"Answer\",\n                    \"text\": \"Its ingredients are often unknown, and it can cause overheating, anxiety, or heart problems.\"\n                }\n            },\n            {\n                \"@type\": \"Question\",\n                \"name\": \"What does ecstasy look like?\",\n                \"acceptedAnswer\": {\n                    \"@type\": \"Answer\",\n                    \"text\": \"Usually small tablets with bright colors and logos, but it can also be powder or capsules.\"\n                }\n            },\n            {\n                \"@type\": \"Question\",\n                \"name\": \"Can someone overdose on ecstasy?\",\n                \"acceptedAnswer\": {\n                    \"@type\": \"Answer\",\n                    \"text\": \"Yes. Taking too much or mixing it with alcohol or other drugs can lead to serious health risks.\"\n                }\n            },\n            {\n                \"@type\": \"Question\",\n                \"name\": \"How can someone avoid ecstasy?\",\n                \"acceptedAnswer\": {\n                    \"@type\": \"Answer\",\n                    \"text\": \"Avoid unknown pills at parties and never take substances from unverified sources.\"\n                }\n            }\n        ]\n    }\n}<\/script>\r\n\t\t\t\t<\/div>\n\t\t\t\t<\/div>\n\t\t\t\t\t<\/div>\n\t\t\t\t<\/div>\n\t\t\t\t<\/div>","protected":false},"excerpt":{"rendered":"<p>Ecstasy is the street name for MDMA, a synthetic drug that acts as both a stimulant and a hallucinogen. It [&hellip;]<\/p>","protected":false},"author":43,"featured_media":0,"parent":5868,"menu_order":0,"comment_status":"closed","ping_status":"closed","template":"","meta":{"_acf_changed":false,"site-sidebar-layout":"default","site-content-layout":"","ast-site-content-layout":"default","site-content-style":"default","site-sidebar-style":"default","ast-global-header-display":"","ast-banner-title-visibility":"","ast-main-header-display":"","ast-hfb-above-header-display":"","ast-hfb-below-header-display":"","ast-hfb-mobile-header-display":"","site-post-title":"","ast-breadcrumbs-content":"","ast-featured-img":"","footer-sml-layout":"","ast-disable-related-posts":"","theme-transparent-header-meta":"","adv-header-id-meta":"","stick-header-meta":"","header-above-stick-meta":"","header-main-stick-meta":"","header-below-stick-meta":"","astra-migrate-meta-layouts":"default","ast-page-background-enabled":"default","ast-page-background-meta":{"desktop":{"background-color":"var(--ast-global-color-5)","background-image":"","background-repeat":"repeat","background-position":"center center","background-size":"auto","background-attachment":"scroll","background-type":"","background-media":"","overlay-type":"","overlay-color":"","overlay-opacity":"","overlay-gradient":""},"tablet":{"background-color":"","background-image":"","background-repeat":"repeat","background-position":"center center","background-size":"auto","background-attachment":"scroll","background-type":"","background-media":"","overlay-type":"","overlay-color":"","overlay-opacity":"","overlay-gradient":""},"mobile":{"background-color":"","background-image":"","background-repeat":"repeat","background-position":"center center","background-size":"auto","background-attachment":"scroll","background-type":"","background-media":"","overlay-type":"","overlay-color":"","overlay-opacity":"","overlay-gradient":""}},"ast-content-background-meta":{"desktop":{"background-color":"var(--ast-global-color-4)","background-image":"","background-repeat":"repeat","background-position":"center center","background-size":"auto","background-attachment":"scroll","background-type":"","background-media":"","overlay-type":"","overlay-color":"","overlay-opacity":"","overlay-gradient":""},"tablet":{"background-color":"var(--ast-global-color-4)","background-image":"","background-repeat":"repeat","background-position":"center center","background-size":"auto","background-attachment":"scroll","background-type":"","background-media":"","overlay-type":"","overlay-color":"","overlay-opacity":"","overlay-gradient":""},"mobile":{"background-color":"var(--ast-global-color-4)","background-image":"","background-repeat":"repeat","background-position":"center center","background-size":"auto","background-attachment":"scroll","background-type":"","background-media":"","overlay-type":"","overlay-color":"","overlay-opacity":"","overlay-gradient":""}},"footnotes":""},"class_list":["post-5966","page","type-page","status-publish","hentry"],"acf":[],"yoast_head":"<!-- This site is optimized with the Yoast SEO Premium plugin v26.6 (Yoast SEO v26.6) - https:\/\/yoast.com\/wordpress\/plugins\/seo\/ -->\n<title>What is Ecstasy and How Does it Work?<\/title>\n<meta name=\"description\" content=\"Learn what is ecstasy and how it acts as a stimulant and hallucinogen. Discover its effects and risks associated with use.\" \/>\n<meta name=\"robots\" content=\"index, follow, max-snippet:-1, max-image-preview:large, max-video-preview:-1\" \/>\n<link rel=\"canonical\" href=\"https:\/\/www.narconon.online\/nb\/ordliste\/hva-er-ecstasy\/\" \/>\n<meta property=\"og:locale\" content=\"nb_NO\" \/>\n<meta property=\"og:type\" content=\"article\" \/>\n<meta property=\"og:title\" content=\"What is Ecstasy?\" \/>\n<meta property=\"og:description\" content=\"Learn what is ecstasy and how it acts as a stimulant and hallucinogen. Discover its effects and risks associated with use.\" \/>\n<meta property=\"og:url\" content=\"https:\/\/www.narconon.online\/nb\/ordliste\/hva-er-ecstasy\/\" \/>\n<meta property=\"og:site_name\" content=\"Narconon Europe\" \/>\n<meta property=\"article:publisher\" content=\"https:\/\/www.facebook.com\/narcononeu\" \/>\n<meta property=\"article:modified_time\" content=\"2025-07-23T16:20:37+00:00\" \/>\n<meta property=\"og:image\" content=\"https:\/\/www.narconon.online\/wp-content\/uploads\/2025\/07\/freepik__a-collection-of-bright-colorful-tablets-with-vario__82272.webp\" \/>\n<meta name=\"twitter:card\" content=\"summary_large_image\" \/>\n<meta name=\"twitter:site\" content=\"@NARCONONEurope\" \/>\n<meta name=\"twitter:label1\" content=\"Ansl. lesetid\" \/>\n\t<meta name=\"twitter:data1\" content=\"2 minutter\" \/>\n<script type=\"application\/ld+json\" class=\"yoast-schema-graph\">{\"@context\":\"https:\/\/schema.org\",\"@graph\":[{\"@type\":\"WebPage\",\"@id\":\"https:\/\/www.narconon.online\/glossary\/what-is-ecstasy\/\",\"url\":\"https:\/\/www.narconon.online\/glossary\/what-is-ecstasy\/\",\"name\":\"What is Ecstasy and How Does it Work?\",\"isPartOf\":{\"@id\":\"https:\/\/www.narconon.online\/#website\"},\"primaryImageOfPage\":{\"@id\":\"https:\/\/www.narconon.online\/glossary\/what-is-ecstasy\/#primaryimage\"},\"image\":{\"@id\":\"https:\/\/www.narconon.online\/glossary\/what-is-ecstasy\/#primaryimage\"},\"thumbnailUrl\":\"https:\/\/www.narconon.online\/wp-content\/uploads\/2025\/07\/freepik__a-collection-of-bright-colorful-tablets-with-vario__82272.webp\",\"datePublished\":\"2025-07-23T09:46:17+00:00\",\"dateModified\":\"2025-07-23T16:20:37+00:00\",\"description\":\"Learn what is ecstasy and how it acts as a stimulant and hallucinogen. Discover its effects and risks associated with use.\",\"breadcrumb\":{\"@id\":\"https:\/\/www.narconon.online\/glossary\/what-is-ecstasy\/#breadcrumb\"},\"inLanguage\":\"nb-NO\",\"potentialAction\":[{\"@type\":\"ReadAction\",\"target\":[\"https:\/\/www.narconon.online\/glossary\/what-is-ecstasy\/\"]}]},{\"@type\":\"ImageObject\",\"inLanguage\":\"nb-NO\",\"@id\":\"https:\/\/www.narconon.online\/glossary\/what-is-ecstasy\/#primaryimage\",\"url\":\"https:\/\/www.narconon.online\/wp-content\/uploads\/2025\/07\/freepik__a-collection-of-bright-colorful-tablets-with-vario__82272.webp\",\"contentUrl\":\"https:\/\/www.narconon.online\/wp-content\/uploads\/2025\/07\/freepik__a-collection-of-bright-colorful-tablets-with-vario__82272.webp\"},{\"@type\":\"BreadcrumbList\",\"@id\":\"https:\/\/www.narconon.online\/glossary\/what-is-ecstasy\/#breadcrumb\",\"itemListElement\":[{\"@type\":\"ListItem\",\"position\":1,\"name\":\"Home\",\"item\":\"https:\/\/www.narconon.online\/\"},{\"@type\":\"ListItem\",\"position\":2,\"name\":\"Glossary of Drug Terms and Definitions\",\"item\":\"https:\/\/www.narconon.online\/glossary\/\"},{\"@type\":\"ListItem\",\"position\":3,\"name\":\"What is Ecstasy?\"}]},{\"@type\":\"WebSite\",\"@id\":\"https:\/\/www.narconon.online\/#website\",\"url\":\"https:\/\/www.narconon.online\/\",\"name\":\"Narconon Europe\",\"description\":\"Drug Free For Good\",\"publisher\":{\"@id\":\"https:\/\/www.narconon.online\/#organization\"},\"potentialAction\":[{\"@type\":\"SearchAction\",\"target\":{\"@type\":\"EntryPoint\",\"urlTemplate\":\"https:\/\/www.narconon.online\/?s={search_term_string}\"},\"query-input\":{\"@type\":\"PropertyValueSpecification\",\"valueRequired\":true,\"valueName\":\"search_term_string\"}}],\"inLanguage\":\"nb-NO\"},{\"@type\":\"Organization\",\"@id\":\"https:\/\/www.narconon.online\/#organization\",\"name\":\"Narconon Europe\",\"url\":\"https:\/\/www.narconon.online\/\",\"logo\":{\"@type\":\"ImageObject\",\"inLanguage\":\"nb-NO\",\"@id\":\"https:\/\/www.narconon.online\/#\/schema\/logo\/image\/\",\"url\":\"https:\/\/www.narconon.online\/wp-content\/uploads\/2025\/03\/Logo-Narconon-Europe-2.png\",\"contentUrl\":\"https:\/\/www.narconon.online\/wp-content\/uploads\/2025\/03\/Logo-Narconon-Europe-2.png\",\"width\":2000,\"height\":707,\"caption\":\"Narconon Europe\"},\"image\":{\"@id\":\"https:\/\/www.narconon.online\/#\/schema\/logo\/image\/\"},\"sameAs\":[\"https:\/\/www.facebook.com\/narcononeu\",\"https:\/\/x.com\/NARCONONEurope\",\"https:\/\/www.instagram.com\/narconon.europe\/\",\"https:\/\/www.youtube.com\/channel\/UCNUxvhoqZZCAxXCYO4K7MvA\",\"https:\/\/www.tiktok.com\/@narconon.europe\"]}]}<\/script>\n<!-- \/ Yoast SEO Premium plugin. -->","yoast_head_json":{"title":"Hva er ecstasy og hvordan virker det?","description":"L\u00e6r hva ecstasy er og hvordan det virker stimulerende og hallusinogent. Oppdag virkningene og risikoen forbundet med bruk.","robots":{"index":"index","follow":"follow","max-snippet":"max-snippet:-1","max-image-preview":"max-image-preview:large","max-video-preview":"max-video-preview:-1"},"canonical":"https:\/\/www.narconon.online\/nb\/ordliste\/hva-er-ecstasy\/","og_locale":"nb_NO","og_type":"article","og_title":"What is Ecstasy?","og_description":"Learn what is ecstasy and how it acts as a stimulant and hallucinogen. Discover its effects and risks associated with use.","og_url":"https:\/\/www.narconon.online\/nb\/ordliste\/hva-er-ecstasy\/","og_site_name":"Narconon Europe","article_publisher":"https:\/\/www.facebook.com\/narcononeu","article_modified_time":"2025-07-23T16:20:37+00:00","og_image":[{"url":"https:\/\/www.narconon.online\/wp-content\/uploads\/2025\/07\/freepik__a-collection-of-bright-colorful-tablets-with-vario__82272.webp","type":"","width":"","height":""}],"twitter_card":"summary_large_image","twitter_site":"@NARCONONEurope","twitter_misc":{"Ansl. lesetid":"2 minutter"},"schema":{"@context":"https:\/\/schema.org","@graph":[{"@type":"WebPage","@id":"https:\/\/www.narconon.online\/glossary\/what-is-ecstasy\/","url":"https:\/\/www.narconon.online\/glossary\/what-is-ecstasy\/","name":"Hva er ecstasy og hvordan virker det?","isPartOf":{"@id":"https:\/\/www.narconon.online\/#website"},"primaryImageOfPage":{"@id":"https:\/\/www.narconon.online\/glossary\/what-is-ecstasy\/#primaryimage"},"image":{"@id":"https:\/\/www.narconon.online\/glossary\/what-is-ecstasy\/#primaryimage"},"thumbnailUrl":"https:\/\/www.narconon.online\/wp-content\/uploads\/2025\/07\/freepik__a-collection-of-bright-colorful-tablets-with-vario__82272.webp","datePublished":"2025-07-23T09:46:17+00:00","dateModified":"2025-07-23T16:20:37+00:00","description":"L\u00e6r hva ecstasy er og hvordan det virker stimulerende og hallusinogent. Oppdag virkningene og risikoen forbundet med bruk.","breadcrumb":{"@id":"https:\/\/www.narconon.online\/glossary\/what-is-ecstasy\/#breadcrumb"},"inLanguage":"nb-NO","potentialAction":[{"@type":"ReadAction","target":["https:\/\/www.narconon.online\/glossary\/what-is-ecstasy\/"]}]},{"@type":"ImageObject","inLanguage":"nb-NO","@id":"https:\/\/www.narconon.online\/glossary\/what-is-ecstasy\/#primaryimage","url":"https:\/\/www.narconon.online\/wp-content\/uploads\/2025\/07\/freepik__a-collection-of-bright-colorful-tablets-with-vario__82272.webp","contentUrl":"https:\/\/www.narconon.online\/wp-content\/uploads\/2025\/07\/freepik__a-collection-of-bright-colorful-tablets-with-vario__82272.webp"},{"@type":"BreadcrumbList","@id":"https:\/\/www.narconon.online\/glossary\/what-is-ecstasy\/#breadcrumb","itemListElement":[{"@type":"ListItem","position":1,"name":"Home","item":"https:\/\/www.narconon.online\/"},{"@type":"ListItem","position":2,"name":"Glossary of Drug Terms and Definitions","item":"https:\/\/www.narconon.online\/glossary\/"},{"@type":"ListItem","position":3,"name":"What is Ecstasy?"}]},{"@type":"WebSite","@id":"https:\/\/www.narconon.online\/#website","url":"https:\/\/www.narconon.online\/","name":"Narconon Europa","description":"Dopingfri for godt","publisher":{"@id":"https:\/\/www.narconon.online\/#organization"},"potentialAction":[{"@type":"SearchAction","target":{"@type":"EntryPoint","urlTemplate":"https:\/\/www.narconon.online\/?s={search_term_string}"},"query-input":{"@type":"PropertyValueSpecification","valueRequired":true,"valueName":"search_term_string"}}],"inLanguage":"nb-NO"},{"@type":"Organization","@id":"https:\/\/www.narconon.online\/#organization","name":"Narconon Europa","url":"https:\/\/www.narconon.online\/","logo":{"@type":"ImageObject","inLanguage":"nb-NO","@id":"https:\/\/www.narconon.online\/#\/schema\/logo\/image\/","url":"https:\/\/www.narconon.online\/wp-content\/uploads\/2025\/03\/Logo-Narconon-Europe-2.png","contentUrl":"https:\/\/www.narconon.online\/wp-content\/uploads\/2025\/03\/Logo-Narconon-Europe-2.png","width":2000,"height":707,"caption":"Narconon Europe"},"image":{"@id":"https:\/\/www.narconon.online\/#\/schema\/logo\/image\/"},"sameAs":["https:\/\/www.facebook.com\/narcononeu","https:\/\/x.com\/NARCONONEurope","https:\/\/www.instagram.com\/narconon.europe\/","https:\/\/www.youtube.com\/channel\/UCNUxvhoqZZCAxXCYO4K7MvA","https:\/\/www.tiktok.com\/@narconon.europe"]}]}},"_links":{"self":[{"href":"https:\/\/www.narconon.online\/nb\/wp-json\/wp\/v2\/pages\/5966","targetHints":{"allow":["GET"]}}],"collection":[{"href":"https:\/\/www.narconon.online\/nb\/wp-json\/wp\/v2\/pages"}],"about":[{"href":"https:\/\/www.narconon.online\/nb\/wp-json\/wp\/v2\/types\/page"}],"author":[{"embeddable":true,"href":"https:\/\/www.narconon.online\/nb\/wp-json\/wp\/v2\/users\/43"}],"replies":[{"embeddable":true,"href":"https:\/\/www.narconon.online\/nb\/wp-json\/wp\/v2\/comments?post=5966"}],"version-history":[{"count":10,"href":"https:\/\/www.narconon.online\/nb\/wp-json\/wp\/v2\/pages\/5966\/revisions"}],"predecessor-version":[{"id":6170,"href":"https:\/\/www.narconon.online\/nb\/wp-json\/wp\/v2\/pages\/5966\/revisions\/6170"}],"up":[{"embeddable":true,"href":"https:\/\/www.narconon.online\/nb\/wp-json\/wp\/v2\/pages\/5868"}],"wp:attachment":[{"href":"https:\/\/www.narconon.online\/nb\/wp-json\/wp\/v2\/media?parent=5966"}],"curies":[{"name":"wp","href":"https:\/\/api.w.org\/{rel}","templated":true}]}}