{"id":6366,"date":"2025-07-23T22:23:46","date_gmt":"2025-07-23T20:23:46","guid":{"rendered":"https:\/\/www.narconon.online\/?page_id=6366"},"modified":"2025-07-23T22:29:40","modified_gmt":"2025-07-23T20:29:40","slug":"che-cose-il-consumo-di-droga-da-parte-dei-giovani","status":"publish","type":"page","link":"https:\/\/www.narconon.online\/it\/glossario\/che-cose-il-consumo-di-droga-da-parte-dei-giovani\/","title":{"rendered":"Che cos'\u00e8 il consumo di droga da parte dei giovani?"},"content":{"rendered":"<div data-elementor-type=\"wp-page\" data-elementor-id=\"6366\" class=\"elementor elementor-6366\" data-elementor-post-type=\"page\">\n\t\t\t\t<div class=\"elementor-element elementor-element-14d08559 e-flex e-con-boxed e-con e-parent\" data-id=\"14d08559\" data-element_type=\"container\" data-e-type=\"container\">\n\t\t\t\t\t<div class=\"e-con-inner\">\n\t\t<div class=\"elementor-element elementor-element-1cae676 e-grid e-con-full e-con e-child\" data-id=\"1cae676\" data-element_type=\"container\" data-e-type=\"container\">\n\t\t\t\t<div class=\"elementor-element elementor-element-ddfcbba elementor-widget elementor-widget-text-editor\" data-id=\"ddfcbba\" data-element_type=\"widget\" data-e-type=\"widget\" data-widget_type=\"text-editor.default\">\n\t\t\t\t<div class=\"elementor-widget-container\">\n\t\t\t\t\t\t\t\t\t<p data-start=\"324\" data-end=\"545\"><strong data-start=\"324\" data-end=\"453\">L'uso di droghe da parte dei giovani si riferisce al consumo di droghe illegali, farmaci da prescrizione o alcol da parte di adolescenti o giovani adulti.<\/strong> Spesso inizia durante la sperimentazione, la pressione dei coetanei o per far fronte allo stress e alle emozioni.<\/p>\n<p data-start=\"547\" data-end=\"753\">I giovani sono particolarmente vulnerabili perch\u00e9 il loro cervello \u00e8 ancora in fase di sviluppo. L'uso di droghe in questa fase pu\u00f2 portare a <strong data-start=\"664\" data-end=\"727\">difficolt\u00e0 di apprendimento, problemi di salute mentale, comportamenti a rischio<\/strong>e la dipendenza a lungo termine.<\/p>\n<p data-start=\"755\" data-end=\"970\">Le sostanze comunemente utilizzate includono <strong data-start=\"788\" data-end=\"852\">marijuana, alcool, prodotti per il vaping, stimolanti da prescrizione<\/strong>e, sempre pi\u00f9 spesso, le droghe sintetiche. La prevenzione precoce e l'educazione onesta sono fondamentali per aiutare i giovani a fare scelte sicure.<\/p>\t\t\t\t\t\t\t\t<\/div>\n\t\t\t\t<\/div>\n\t\t\t\t<div class=\"elementor-element elementor-element-8f955ba elementor-widget elementor-widget-image\" data-id=\"8f955ba\" data-element_type=\"widget\" data-e-type=\"widget\" data-widget_type=\"image.default\">\n\t\t\t\t<div class=\"elementor-widget-container\">\n\t\t\t\t\t\t\t\t\t\t\t\t\t\t\t<img fetchpriority=\"high\" decoding=\"async\" width=\"1392\" height=\"752\" src=\"https:\/\/www.narconon.online\/wp-content\/uploads\/2025\/07\/freepik__group-of-teenagers-standing-outside-a-school-with-__80952.webp\" class=\"attachment-full size-full wp-image-6368\" alt=\"Adolescenti riuniti vicino alla scuola, uno con in mano una siringa o una pillola, che illustrano la pressione dei coetanei e il rischio di consumo di droghe da parte dei giovani\" srcset=\"https:\/\/www.narconon.online\/wp-content\/uploads\/2025\/07\/freepik__group-of-teenagers-standing-outside-a-school-with-__80952.webp 1392w, https:\/\/www.narconon.online\/wp-content\/uploads\/2025\/07\/freepik__group-of-teenagers-standing-outside-a-school-with-__80952-300x162.webp 300w, https:\/\/www.narconon.online\/wp-content\/uploads\/2025\/07\/freepik__group-of-teenagers-standing-outside-a-school-with-__80952-1024x553.webp 1024w, https:\/\/www.narconon.online\/wp-content\/uploads\/2025\/07\/freepik__group-of-teenagers-standing-outside-a-school-with-__80952-768x415.webp 768w, https:\/\/www.narconon.online\/wp-content\/uploads\/2025\/07\/freepik__group-of-teenagers-standing-outside-a-school-with-__80952-18x10.webp 18w\" sizes=\"(max-width: 1392px) 100vw, 1392px\" \/>\t\t\t\t\t\t\t\t\t\t\t\t\t\t\t<\/div>\n\t\t\t\t<\/div>\n\t\t\t\t<\/div>\n\t\t\t\t\t<\/div>\n\t\t\t\t<\/div>\n\t\t<div class=\"elementor-element elementor-element-064fdba e-flex e-con-boxed e-con e-parent\" data-id=\"064fdba\" data-element_type=\"container\" data-e-type=\"container\">\n\t\t\t\t\t<div class=\"e-con-inner\">\n\t\t<div class=\"elementor-element elementor-element-ecec8f5 e-grid e-con-full e-con e-child\" data-id=\"ecec8f5\" data-element_type=\"container\" data-e-type=\"container\">\n\t\t\t\t<div class=\"elementor-element elementor-element-0f0e55c elementor-widget elementor-widget-text-editor\" data-id=\"0f0e55c\" data-element_type=\"widget\" data-e-type=\"widget\" data-widget_type=\"text-editor.default\">\n\t\t\t\t<div class=\"elementor-widget-container\">\n\t\t\t\t\t\t\t\t\t<h3 id=\"h-related-terms\" class=\"wp-block-heading\">\ud83e\udde0 Termini correlati<\/h3>\n<ul data-spread=\"false\" data-pm-slice=\"3 3 []\">\n<li><a href=\"https:\/\/www.narconon.online\/it\/glossario\/cose-il-vaping\/\">Vaping<\/a><\/li>\n<li><a href=\"https:\/\/www.narconon.online\/it\/glossario\/cose-la-marijuana\/\">Marijuana<\/a><\/li>\n<li>\n<p><a href=\"https:\/\/www.narconon.online\/it\/materiali-di-prevenzione-per-leducazione-alle-droghe\/\">Materiali per l'educazione e la prevenzione delle droghe<\/a><\/p>\n<\/li>\n<li>\n<p><a href=\"https:\/\/www.narconon.online\/it\/glossario\/\">Indice del glossario<\/a><\/p>\n<\/li>\n<\/ul>\t\t\t\t\t\t\t\t<\/div>\n\t\t\t\t<\/div>\n\t\t\t\t<div class=\"elementor-element elementor-element-03e5102 elementor-widget elementor-widget-text-editor\" data-id=\"03e5102\" data-element_type=\"widget\" data-e-type=\"widget\" data-widget_type=\"text-editor.default\">\n\t\t\t\t<div class=\"elementor-widget-container\">\n\t\t\t\t\t\t\t\t\t<p id=\"h-related-terms\" class=\"wp-block-heading\">\ud83d\udc49 Per saperne di pi\u00f9 sulla prevenzione:<br \/><a class=\"\" href=\"https:\/\/www.narcononeurope.dk\/en\/drug-abuse\/\" target=\"_blank\" rel=\"noopener\">Narconon Europe - Aiuto per l'abuso di droga<\/a><\/p>\n<p><!-- \/wp:list-item --><\/p>\n<p><!-- \/wp:list --><!-- wp:paragraph --><\/p>\n<p>\ud83d\udc49 Per ulteriori contenuti didattici, consultate il nostro sito web <a class=\"\" href=\"https:\/\/www.narconon.online\/it\/materiali-di-prevenzione-per-leducazione-alle-droghe\/\">Materiali per l'educazione e la prevenzione delle droghe<\/a><\/p>\t\t\t\t\t\t\t\t<\/div>\n\t\t\t\t<\/div>\n\t\t\t\t<\/div>\n\t\t\t\t<div class=\"elementor-element elementor-element-1497776 elementor-widget elementor-widget-heading\" data-id=\"1497776\" data-element_type=\"widget\" data-e-type=\"widget\" data-widget_type=\"heading.default\">\n\t\t\t\t<div class=\"elementor-widget-container\">\n\t\t\t\t\t<h2 class=\"elementor-heading-title elementor-size-default\">Domande frequenti sull'uso di droghe da parte dei giovani<\/h2>\t\t\t\t<\/div>\n\t\t\t\t<\/div>\n\t\t\t\t<div class=\"elementor-element elementor-element-a24ee80 elementor-widget elementor-widget-text-editor\" data-id=\"a24ee80\" data-element_type=\"widget\" data-e-type=\"widget\" data-widget_type=\"text-editor.default\">\n\t\t\t\t<div class=\"elementor-widget-container\">\n\t\t\t\t\t\t\t\t\t<p data-start=\"1248\" data-end=\"1377\"><strong data-start=\"1248\" data-end=\"1287\">1. A cosa serve il consumo di droga da parte dei giovani?<\/strong><br data-start=\"1287\" data-end=\"1290\" \/>Non \u00e8 usato intenzionalmente: si riferisce al consumo di droga tra gli adolescenti e i giovani adulti.<\/p>\n<p data-start=\"1379\" data-end=\"1515\"><strong data-start=\"1379\" data-end=\"1418\">2. Perch\u00e9 il consumo di droga da parte dei giovani \u00e8 pericoloso?<\/strong><br data-start=\"1418\" data-end=\"1421\" \/>Perch\u00e9 influisce sullo sviluppo del cervello, sul processo decisionale e aumenta il rischio di dipendenza futura.<\/p>\n<p data-start=\"1517\" data-end=\"1634\"><strong data-start=\"1517\" data-end=\"1547\">3. Che aspetto ha?<\/strong><br data-start=\"1547\" data-end=\"1550\" \/>Cambiamenti di comportamento, segretezza, voti insufficienti e possesso di sostanze sconosciute.<\/p>\n<p data-start=\"1636\" data-end=\"1754\"><strong data-start=\"1636\" data-end=\"1677\">4. I giovani possono diventare rapidamente dipendenti?<\/strong><br data-start=\"1677\" data-end=\"1680\" \/>S\u00ec. I giovani consumatori possono sviluppare pi\u00f9 rapidamente la dipendenza a causa della vulnerabilit\u00e0 del cervello.<\/p>\n<p data-start=\"1756\" data-end=\"1892\"><strong data-start=\"1756\" data-end=\"1799\">5. Come si pu\u00f2 prevenire il consumo di droga da parte dei giovani?<\/strong><br data-start=\"1799\" data-end=\"1802\" \/>Con una comunicazione aperta, l'educazione scolastica, modelli di ruolo forti e sbocchi salutari.<\/p>\t\t\t\t\t\t\t\t<\/div>\n\t\t\t\t<\/div>\n\t\t\t\t<div class=\"elementor-element elementor-element-3c88435 elementor-widget elementor-widget-html\" data-id=\"3c88435\" data-element_type=\"widget\" data-e-type=\"widget\" data-widget_type=\"html.default\">\n\t\t\t\t<div class=\"elementor-widget-container\">\n\t\t\t\t\t<script type=\"application\/ld+json\">{\n    \"@context\": \"https:\\\/\\\/schema.org\",\n    \"@type\": \"WebPage\",\n    \"name\": \"What is Youth Drug Use?\",\n    \"url\": \"https:\\\/\\\/www.narconon.online\\\/glossary\\\/what-is-youth-drug-use\\\/\",\n    \"description\": \"Youth drug use means teens using drugs, alcohol, or medications. Learn the risks, warning signs, and how prevention starts early.\",\n    \"datePublished\": \"2025-07-23\",\n    \"publisher\": {\n        \"@type\": \"Organization\",\n        \"name\": \"Narconon Europe\",\n        \"url\": \"https:\\\/\\\/www.narcononeurope.dk\"\n    },\n    \"mainEntity\": {\n        \"@type\": \"FAQPage\",\n        \"mainEntity\": [\n            {\n                \"@type\": \"Question\",\n                \"name\": \"What is youth drug use used for?\",\n                \"acceptedAnswer\": {\n                    \"@type\": \"Answer\",\n                    \"text\": \"It\\u2019s not used intentionally\\u2014it refers to drug consumption among teens and young adults.\"\n                }\n            },\n            {\n                \"@type\": \"Question\",\n                \"name\": \"Why is youth drug use dangerous?\",\n                \"acceptedAnswer\": {\n                    \"@type\": \"Answer\",\n                    \"text\": \"Because it affects brain development, decision-making, and increases risk of future addiction.\"\n                }\n            },\n            {\n                \"@type\": \"Question\",\n                \"name\": \"What does it look like?\",\n                \"acceptedAnswer\": {\n                    \"@type\": \"Answer\",\n                    \"text\": \"Changes in behavior, secrecy, slipping grades, and possession of unknown substances.\"\n                }\n            },\n            {\n                \"@type\": \"Question\",\n                \"name\": \"Can youth become addicted quickly?\",\n                \"acceptedAnswer\": {\n                    \"@type\": \"Answer\",\n                    \"text\": \"Yes. Young users can develop dependence faster due to brain vulnerability.\"\n                }\n            },\n            {\n                \"@type\": \"Question\",\n                \"name\": \"How can youth drug use be prevented?\",\n                \"acceptedAnswer\": {\n                    \"@type\": \"Answer\",\n                    \"text\": \"With open communication, school education, strong role models, and healthy coping outlets.\"\n                }\n            }\n        ]\n    }\n}<\/script>\r\n\t\t\t\t<\/div>\n\t\t\t\t<\/div>\n\t\t\t\t\t<\/div>\n\t\t\t\t<\/div>\n\t\t\t\t<\/div>","protected":false},"excerpt":{"rendered":"<p>Youth drug use refers to the consumption of illegal drugs, prescription medications, or alcohol by teenagers or young adults. It [&hellip;]<\/p>","protected":false},"author":43,"featured_media":0,"parent":5868,"menu_order":0,"comment_status":"closed","ping_status":"closed","template":"","meta":{"_acf_changed":false,"site-sidebar-layout":"default","site-content-layout":"","ast-site-content-layout":"default","site-content-style":"default","site-sidebar-style":"default","ast-global-header-display":"","ast-banner-title-visibility":"","ast-main-header-display":"","ast-hfb-above-header-display":"","ast-hfb-below-header-display":"","ast-hfb-mobile-header-display":"","site-post-title":"","ast-breadcrumbs-content":"","ast-featured-img":"","footer-sml-layout":"","ast-disable-related-posts":"","theme-transparent-header-meta":"","adv-header-id-meta":"","stick-header-meta":"","header-above-stick-meta":"","header-main-stick-meta":"","header-below-stick-meta":"","astra-migrate-meta-layouts":"default","ast-page-background-enabled":"default","ast-page-background-meta":{"desktop":{"background-color":"var(--ast-global-color-5)","background-image":"","background-repeat":"repeat","background-position":"center center","background-size":"auto","background-attachment":"scroll","background-type":"","background-media":"","overlay-type":"","overlay-color":"","overlay-opacity":"","overlay-gradient":""},"tablet":{"background-color":"","background-image":"","background-repeat":"repeat","background-position":"center center","background-size":"auto","background-attachment":"scroll","background-type":"","background-media":"","overlay-type":"","overlay-color":"","overlay-opacity":"","overlay-gradient":""},"mobile":{"background-color":"","background-image":"","background-repeat":"repeat","background-position":"center center","background-size":"auto","background-attachment":"scroll","background-type":"","background-media":"","overlay-type":"","overlay-color":"","overlay-opacity":"","overlay-gradient":""}},"ast-content-background-meta":{"desktop":{"background-color":"var(--ast-global-color-4)","background-image":"","background-repeat":"repeat","background-position":"center center","background-size":"auto","background-attachment":"scroll","background-type":"","background-media":"","overlay-type":"","overlay-color":"","overlay-opacity":"","overlay-gradient":""},"tablet":{"background-color":"var(--ast-global-color-4)","background-image":"","background-repeat":"repeat","background-position":"center center","background-size":"auto","background-attachment":"scroll","background-type":"","background-media":"","overlay-type":"","overlay-color":"","overlay-opacity":"","overlay-gradient":""},"mobile":{"background-color":"var(--ast-global-color-4)","background-image":"","background-repeat":"repeat","background-position":"center center","background-size":"auto","background-attachment":"scroll","background-type":"","background-media":"","overlay-type":"","overlay-color":"","overlay-opacity":"","overlay-gradient":""}},"footnotes":""},"class_list":["post-6366","page","type-page","status-publish","hentry"],"acf":[],"yoast_head":"<!-- This site is optimized with the Yoast SEO Premium plugin v26.6 (Yoast SEO v26.6) - https:\/\/yoast.com\/wordpress\/plugins\/seo\/ -->\n<title>What Is Youth Drug Use and Its Consequences?<\/title>\n<meta name=\"description\" content=\"Understand what youth drug use involves and its impact on mental health, learning, and development during critical years.\" \/>\n<meta name=\"robots\" content=\"index, follow, max-snippet:-1, max-image-preview:large, max-video-preview:-1\" \/>\n<link rel=\"canonical\" href=\"https:\/\/www.narconon.online\/it\/glossario\/che-cose-il-consumo-di-droga-da-parte-dei-giovani\/\" \/>\n<meta property=\"og:locale\" content=\"it_IT\" \/>\n<meta property=\"og:type\" content=\"article\" \/>\n<meta property=\"og:title\" content=\"What is Youth Drug Use?\" \/>\n<meta property=\"og:description\" content=\"Understand what youth drug use involves and its impact on mental health, learning, and development during critical years.\" \/>\n<meta property=\"og:url\" content=\"https:\/\/www.narconon.online\/it\/glossario\/che-cose-il-consumo-di-droga-da-parte-dei-giovani\/\" \/>\n<meta property=\"og:site_name\" content=\"Narconon Europe\" \/>\n<meta property=\"article:publisher\" content=\"https:\/\/www.facebook.com\/narcononeu\" \/>\n<meta property=\"article:modified_time\" content=\"2025-07-23T20:29:40+00:00\" \/>\n<meta property=\"og:image\" content=\"https:\/\/www.narconon.online\/wp-content\/uploads\/2025\/07\/freepik__group-of-teenagers-standing-outside-a-school-with-__80952.webp\" \/>\n<meta name=\"twitter:card\" content=\"summary_large_image\" \/>\n<meta name=\"twitter:site\" content=\"@NARCONONEurope\" \/>\n<meta name=\"twitter:label1\" content=\"Tempo di lettura stimato\" \/>\n\t<meta name=\"twitter:data1\" content=\"2 minuti\" \/>\n<script type=\"application\/ld+json\" class=\"yoast-schema-graph\">{\"@context\":\"https:\/\/schema.org\",\"@graph\":[{\"@type\":\"WebPage\",\"@id\":\"https:\/\/www.narconon.online\/glossary\/what-is-youth-drug-use\/\",\"url\":\"https:\/\/www.narconon.online\/glossary\/what-is-youth-drug-use\/\",\"name\":\"What Is Youth Drug Use and Its Consequences?\",\"isPartOf\":{\"@id\":\"https:\/\/www.narconon.online\/#website\"},\"primaryImageOfPage\":{\"@id\":\"https:\/\/www.narconon.online\/glossary\/what-is-youth-drug-use\/#primaryimage\"},\"image\":{\"@id\":\"https:\/\/www.narconon.online\/glossary\/what-is-youth-drug-use\/#primaryimage\"},\"thumbnailUrl\":\"https:\/\/www.narconon.online\/wp-content\/uploads\/2025\/07\/freepik__group-of-teenagers-standing-outside-a-school-with-__80952.webp\",\"datePublished\":\"2025-07-23T20:23:46+00:00\",\"dateModified\":\"2025-07-23T20:29:40+00:00\",\"description\":\"Understand what youth drug use involves and its impact on mental health, learning, and development during critical years.\",\"breadcrumb\":{\"@id\":\"https:\/\/www.narconon.online\/glossary\/what-is-youth-drug-use\/#breadcrumb\"},\"inLanguage\":\"it-IT\",\"potentialAction\":[{\"@type\":\"ReadAction\",\"target\":[\"https:\/\/www.narconon.online\/glossary\/what-is-youth-drug-use\/\"]}]},{\"@type\":\"ImageObject\",\"inLanguage\":\"it-IT\",\"@id\":\"https:\/\/www.narconon.online\/glossary\/what-is-youth-drug-use\/#primaryimage\",\"url\":\"https:\/\/www.narconon.online\/wp-content\/uploads\/2025\/07\/freepik__group-of-teenagers-standing-outside-a-school-with-__80952.webp\",\"contentUrl\":\"https:\/\/www.narconon.online\/wp-content\/uploads\/2025\/07\/freepik__group-of-teenagers-standing-outside-a-school-with-__80952.webp\"},{\"@type\":\"BreadcrumbList\",\"@id\":\"https:\/\/www.narconon.online\/glossary\/what-is-youth-drug-use\/#breadcrumb\",\"itemListElement\":[{\"@type\":\"ListItem\",\"position\":1,\"name\":\"Home\",\"item\":\"https:\/\/www.narconon.online\/\"},{\"@type\":\"ListItem\",\"position\":2,\"name\":\"Glossary of Drug Terms and Definitions\",\"item\":\"https:\/\/www.narconon.online\/glossary\/\"},{\"@type\":\"ListItem\",\"position\":3,\"name\":\"What is Youth Drug Use?\"}]},{\"@type\":\"WebSite\",\"@id\":\"https:\/\/www.narconon.online\/#website\",\"url\":\"https:\/\/www.narconon.online\/\",\"name\":\"Narconon Europe\",\"description\":\"Drug Free For Good\",\"publisher\":{\"@id\":\"https:\/\/www.narconon.online\/#organization\"},\"potentialAction\":[{\"@type\":\"SearchAction\",\"target\":{\"@type\":\"EntryPoint\",\"urlTemplate\":\"https:\/\/www.narconon.online\/?s={search_term_string}\"},\"query-input\":{\"@type\":\"PropertyValueSpecification\",\"valueRequired\":true,\"valueName\":\"search_term_string\"}}],\"inLanguage\":\"it-IT\"},{\"@type\":\"Organization\",\"@id\":\"https:\/\/www.narconon.online\/#organization\",\"name\":\"Narconon Europe\",\"url\":\"https:\/\/www.narconon.online\/\",\"logo\":{\"@type\":\"ImageObject\",\"inLanguage\":\"it-IT\",\"@id\":\"https:\/\/www.narconon.online\/#\/schema\/logo\/image\/\",\"url\":\"https:\/\/www.narconon.online\/wp-content\/uploads\/2025\/03\/Logo-Narconon-Europe-2.png\",\"contentUrl\":\"https:\/\/www.narconon.online\/wp-content\/uploads\/2025\/03\/Logo-Narconon-Europe-2.png\",\"width\":2000,\"height\":707,\"caption\":\"Narconon Europe\"},\"image\":{\"@id\":\"https:\/\/www.narconon.online\/#\/schema\/logo\/image\/\"},\"sameAs\":[\"https:\/\/www.facebook.com\/narcononeu\",\"https:\/\/x.com\/NARCONONEurope\",\"https:\/\/www.instagram.com\/narconon.europe\/\",\"https:\/\/www.youtube.com\/channel\/UCNUxvhoqZZCAxXCYO4K7MvA\",\"https:\/\/www.tiktok.com\/@narconon.europe\"]}]}<\/script>\n<!-- \/ Yoast SEO Premium plugin. -->","yoast_head_json":{"title":"Che cos'\u00e8 l'uso di droghe da parte dei giovani e le sue conseguenze?","description":"Comprendere cosa comporta l'uso di droghe da parte dei giovani e il suo impatto sulla salute mentale, l'apprendimento e lo sviluppo durante gli anni critici.","robots":{"index":"index","follow":"follow","max-snippet":"max-snippet:-1","max-image-preview":"max-image-preview:large","max-video-preview":"max-video-preview:-1"},"canonical":"https:\/\/www.narconon.online\/it\/glossario\/che-cose-il-consumo-di-droga-da-parte-dei-giovani\/","og_locale":"it_IT","og_type":"article","og_title":"What is Youth Drug Use?","og_description":"Understand what youth drug use involves and its impact on mental health, learning, and development during critical years.","og_url":"https:\/\/www.narconon.online\/it\/glossario\/che-cose-il-consumo-di-droga-da-parte-dei-giovani\/","og_site_name":"Narconon Europe","article_publisher":"https:\/\/www.facebook.com\/narcononeu","article_modified_time":"2025-07-23T20:29:40+00:00","og_image":[{"url":"https:\/\/www.narconon.online\/wp-content\/uploads\/2025\/07\/freepik__group-of-teenagers-standing-outside-a-school-with-__80952.webp","type":"","width":"","height":""}],"twitter_card":"summary_large_image","twitter_site":"@NARCONONEurope","twitter_misc":{"Tempo di lettura stimato":"2 minuti"},"schema":{"@context":"https:\/\/schema.org","@graph":[{"@type":"WebPage","@id":"https:\/\/www.narconon.online\/glossary\/what-is-youth-drug-use\/","url":"https:\/\/www.narconon.online\/glossary\/what-is-youth-drug-use\/","name":"Che cos'\u00e8 l'uso di droghe da parte dei giovani e le sue conseguenze?","isPartOf":{"@id":"https:\/\/www.narconon.online\/#website"},"primaryImageOfPage":{"@id":"https:\/\/www.narconon.online\/glossary\/what-is-youth-drug-use\/#primaryimage"},"image":{"@id":"https:\/\/www.narconon.online\/glossary\/what-is-youth-drug-use\/#primaryimage"},"thumbnailUrl":"https:\/\/www.narconon.online\/wp-content\/uploads\/2025\/07\/freepik__group-of-teenagers-standing-outside-a-school-with-__80952.webp","datePublished":"2025-07-23T20:23:46+00:00","dateModified":"2025-07-23T20:29:40+00:00","description":"Comprendere cosa comporta l'uso di droghe da parte dei giovani e il suo impatto sulla salute mentale, l'apprendimento e lo sviluppo durante gli anni critici.","breadcrumb":{"@id":"https:\/\/www.narconon.online\/glossary\/what-is-youth-drug-use\/#breadcrumb"},"inLanguage":"it-IT","potentialAction":[{"@type":"ReadAction","target":["https:\/\/www.narconon.online\/glossary\/what-is-youth-drug-use\/"]}]},{"@type":"ImageObject","inLanguage":"it-IT","@id":"https:\/\/www.narconon.online\/glossary\/what-is-youth-drug-use\/#primaryimage","url":"https:\/\/www.narconon.online\/wp-content\/uploads\/2025\/07\/freepik__group-of-teenagers-standing-outside-a-school-with-__80952.webp","contentUrl":"https:\/\/www.narconon.online\/wp-content\/uploads\/2025\/07\/freepik__group-of-teenagers-standing-outside-a-school-with-__80952.webp"},{"@type":"BreadcrumbList","@id":"https:\/\/www.narconon.online\/glossary\/what-is-youth-drug-use\/#breadcrumb","itemListElement":[{"@type":"ListItem","position":1,"name":"Home","item":"https:\/\/www.narconon.online\/"},{"@type":"ListItem","position":2,"name":"Glossary of Drug Terms and Definitions","item":"https:\/\/www.narconon.online\/glossary\/"},{"@type":"ListItem","position":3,"name":"What is Youth Drug Use?"}]},{"@type":"WebSite","@id":"https:\/\/www.narconon.online\/#website","url":"https:\/\/www.narconon.online\/","name":"Narconon Europa","description":"Liberi dalla droga per sempre","publisher":{"@id":"https:\/\/www.narconon.online\/#organization"},"potentialAction":[{"@type":"SearchAction","target":{"@type":"EntryPoint","urlTemplate":"https:\/\/www.narconon.online\/?s={search_term_string}"},"query-input":{"@type":"PropertyValueSpecification","valueRequired":true,"valueName":"search_term_string"}}],"inLanguage":"it-IT"},{"@type":"Organization","@id":"https:\/\/www.narconon.online\/#organization","name":"Narconon Europa","url":"https:\/\/www.narconon.online\/","logo":{"@type":"ImageObject","inLanguage":"it-IT","@id":"https:\/\/www.narconon.online\/#\/schema\/logo\/image\/","url":"https:\/\/www.narconon.online\/wp-content\/uploads\/2025\/03\/Logo-Narconon-Europe-2.png","contentUrl":"https:\/\/www.narconon.online\/wp-content\/uploads\/2025\/03\/Logo-Narconon-Europe-2.png","width":2000,"height":707,"caption":"Narconon Europe"},"image":{"@id":"https:\/\/www.narconon.online\/#\/schema\/logo\/image\/"},"sameAs":["https:\/\/www.facebook.com\/narcononeu","https:\/\/x.com\/NARCONONEurope","https:\/\/www.instagram.com\/narconon.europe\/","https:\/\/www.youtube.com\/channel\/UCNUxvhoqZZCAxXCYO4K7MvA","https:\/\/www.tiktok.com\/@narconon.europe"]}]}},"_links":{"self":[{"href":"https:\/\/www.narconon.online\/it\/wp-json\/wp\/v2\/pages\/6366","targetHints":{"allow":["GET"]}}],"collection":[{"href":"https:\/\/www.narconon.online\/it\/wp-json\/wp\/v2\/pages"}],"about":[{"href":"https:\/\/www.narconon.online\/it\/wp-json\/wp\/v2\/types\/page"}],"author":[{"embeddable":true,"href":"https:\/\/www.narconon.online\/it\/wp-json\/wp\/v2\/users\/43"}],"replies":[{"embeddable":true,"href":"https:\/\/www.narconon.online\/it\/wp-json\/wp\/v2\/comments?post=6366"}],"version-history":[{"count":5,"href":"https:\/\/www.narconon.online\/it\/wp-json\/wp\/v2\/pages\/6366\/revisions"}],"predecessor-version":[{"id":6372,"href":"https:\/\/www.narconon.online\/it\/wp-json\/wp\/v2\/pages\/6366\/revisions\/6372"}],"up":[{"embeddable":true,"href":"https:\/\/www.narconon.online\/it\/wp-json\/wp\/v2\/pages\/5868"}],"wp:attachment":[{"href":"https:\/\/www.narconon.online\/it\/wp-json\/wp\/v2\/media?parent=6366"}],"curies":[{"name":"wp","href":"https:\/\/api.w.org\/{rel}","templated":true}]}}