{"id":6282,"date":"2025-07-23T20:58:39","date_gmt":"2025-07-23T18:58:39","guid":{"rendered":"https:\/\/www.narconon.online\/?page_id=6282"},"modified":"2025-07-24T16:25:15","modified_gmt":"2025-07-24T14:25:15","slug":"cose-loverdose","status":"publish","type":"page","link":"https:\/\/www.narconon.online\/it\/glossario\/cose-loverdose\/","title":{"rendered":"Che cos'\u00e8 l'overdose?"},"content":{"rendered":"<div data-elementor-type=\"wp-page\" data-elementor-id=\"6282\" class=\"elementor elementor-6282\" data-elementor-post-type=\"page\">\n\t\t\t\t<div class=\"elementor-element elementor-element-14d08559 e-flex e-con-boxed e-con e-parent\" data-id=\"14d08559\" data-element_type=\"container\" data-e-type=\"container\">\n\t\t\t\t\t<div class=\"e-con-inner\">\n\t\t<div class=\"elementor-element elementor-element-1cae676 e-grid e-con-full e-con e-child\" data-id=\"1cae676\" data-element_type=\"container\" data-e-type=\"container\">\n\t\t\t\t<div class=\"elementor-element elementor-element-ddfcbba elementor-widget elementor-widget-text-editor\" data-id=\"ddfcbba\" data-element_type=\"widget\" data-e-type=\"widget\" data-widget_type=\"text-editor.default\">\n\t\t\t\t<div class=\"elementor-widget-container\">\n\t\t\t\t\t\t\t\t\t<p data-start=\"298\" data-end=\"522\"><strong data-start=\"298\" data-end=\"359\">L'overdose si verifica quando si assume una quantit\u00e0 eccessiva di un farmaco.<\/strong>accidentalmente o di proposito. Questo sovraccarico pu\u00f2 <strong data-start=\"414\" data-end=\"433\">avvelenare il corpo<\/strong> e causare gravi danni o morte, soprattutto se il farmaco influisce sulla respirazione o sulla frequenza cardiaca.<\/p>\n<p data-start=\"524\" data-end=\"781\">Il sovradosaggio pu\u00f2 verificarsi con <strong data-start=\"549\" data-end=\"592\">farmaci da prescrizione, droghe illegali<\/strong>o una combinazione di sostanze come <strong data-start=\"630\" data-end=\"665\">oppioidi, alcol o stimolanti<\/strong>. I segni possono includere <strong data-start=\"685\" data-end=\"740\">incoscienza, respirazione lenta, convulsioni, vomito<\/strong>o una sfumatura blu sulle labbra o sulle dita.<\/p>\n<p data-start=\"783\" data-end=\"982\">Alcune overdose vengono eliminate con <strong data-start=\"816\" data-end=\"854\">farmaci di emergenza come il naloxone<\/strong>, ma altri richiedono un aiuto medico immediato. Agire rapidamente pu\u00f2 <strong data-start=\"915\" data-end=\"930\">salvare una vita<\/strong>Per questo motivo \u00e8 fondamentale conoscere i segnali di allarme.<\/p>\t\t\t\t\t\t\t\t<\/div>\n\t\t\t\t<\/div>\n\t\t\t\t<div class=\"elementor-element elementor-element-8f955ba elementor-widget elementor-widget-image\" data-id=\"8f955ba\" data-element_type=\"widget\" data-e-type=\"widget\" data-widget_type=\"image.default\">\n\t\t\t\t<div class=\"elementor-widget-container\">\n\t\t\t\t\t\t\t\t\t\t\t\t\t\t\t<img fetchpriority=\"high\" decoding=\"async\" width=\"1392\" height=\"752\" src=\"https:\/\/www.narconon.online\/wp-content\/uploads\/2025\/07\/freepik__a-dim-hospital-scene-showing-a-person-on-a-stretch__82510.webp\" class=\"attachment-full size-full wp-image-6284\" alt=\"Persona sottoposta a trattamento di emergenza per overdose con naloxone e maschera di ossigeno in ambiente ospedaliero\" srcset=\"https:\/\/www.narconon.online\/wp-content\/uploads\/2025\/07\/freepik__a-dim-hospital-scene-showing-a-person-on-a-stretch__82510.webp 1392w, https:\/\/www.narconon.online\/wp-content\/uploads\/2025\/07\/freepik__a-dim-hospital-scene-showing-a-person-on-a-stretch__82510-300x162.webp 300w, https:\/\/www.narconon.online\/wp-content\/uploads\/2025\/07\/freepik__a-dim-hospital-scene-showing-a-person-on-a-stretch__82510-1024x553.webp 1024w, https:\/\/www.narconon.online\/wp-content\/uploads\/2025\/07\/freepik__a-dim-hospital-scene-showing-a-person-on-a-stretch__82510-768x415.webp 768w, https:\/\/www.narconon.online\/wp-content\/uploads\/2025\/07\/freepik__a-dim-hospital-scene-showing-a-person-on-a-stretch__82510-18x10.webp 18w\" sizes=\"(max-width: 1392px) 100vw, 1392px\" \/>\t\t\t\t\t\t\t\t\t\t\t\t\t\t\t<\/div>\n\t\t\t\t<\/div>\n\t\t\t\t<\/div>\n\t\t\t\t\t<\/div>\n\t\t\t\t<\/div>\n\t\t<div class=\"elementor-element elementor-element-064fdba e-flex e-con-boxed e-con e-parent\" data-id=\"064fdba\" data-element_type=\"container\" data-e-type=\"container\">\n\t\t\t\t\t<div class=\"e-con-inner\">\n\t\t<div class=\"elementor-element elementor-element-ecec8f5 e-grid e-con-full e-con e-child\" data-id=\"ecec8f5\" data-element_type=\"container\" data-e-type=\"container\">\n\t\t\t\t<div class=\"elementor-element elementor-element-0f0e55c elementor-widget elementor-widget-text-editor\" data-id=\"0f0e55c\" data-element_type=\"widget\" data-e-type=\"widget\" data-widget_type=\"text-editor.default\">\n\t\t\t\t<div class=\"elementor-widget-container\">\n\t\t\t\t\t\t\t\t\t<h3 id=\"h-related-terms\" class=\"wp-block-heading\">\ud83e\udde0 Termini correlati<\/h3>\n<ul data-spread=\"false\" data-pm-slice=\"3 3 []\">\n<li><a href=\"https:\/\/www.narconon.online\/it\/glossario\/cose-il-fentanil\/\">Fentanil<\/a><\/li>\n<li><a href=\"https:\/\/www.narconon.online\/it\/glossario\/cose-leroina\/\">Eroina<\/a><\/li>\n<li>\n<p><a href=\"https:\/\/www.narconon.online\/it\/glossario\/cose-la-cocaina\/\">Cocaina<\/a><\/p>\n<\/li>\n<li>\n<p><a href=\"https:\/\/www.narconon.online\/it\/glossario\/\">Indice del glossario<\/a><\/p>\n<\/li>\n<\/ul>\t\t\t\t\t\t\t\t<\/div>\n\t\t\t\t<\/div>\n\t\t\t\t<div class=\"elementor-element elementor-element-03e5102 elementor-widget elementor-widget-text-editor\" data-id=\"03e5102\" data-element_type=\"widget\" data-e-type=\"widget\" data-widget_type=\"text-editor.default\">\n\t\t\t\t<div class=\"elementor-widget-container\">\n\t\t\t\t\t\t\t\t\t<p id=\"h-related-terms\" class=\"wp-block-heading\">\ud83d\udc49 Per saperne di pi\u00f9 sulla prevenzione:<br \/><a class=\"\" href=\"https:\/\/www.narcononeurope.dk\/en\/drug-abuse\/\" target=\"_blank\" rel=\"noopener\">Narconon Europe - Aiuto per l'abuso di droga<\/a><\/p>\n<p><!-- \/wp:list-item --><\/p>\n<p><!-- \/wp:list --><!-- wp:paragraph --><\/p>\n<p>\ud83d\udc49 Per ulteriori contenuti didattici, consultate il nostro sito web <a class=\"\" href=\"https:\/\/www.narconon.online\/it\/materiali-di-prevenzione-per-leducazione-alle-droghe\/\">Materiali per l'educazione e la prevenzione delle droghe<\/a><\/p>\t\t\t\t\t\t\t\t<\/div>\n\t\t\t\t<\/div>\n\t\t\t\t<\/div>\n\t\t\t\t<div class=\"elementor-element elementor-element-1497776 elementor-widget elementor-widget-heading\" data-id=\"1497776\" data-element_type=\"widget\" data-e-type=\"widget\" data-widget_type=\"heading.default\">\n\t\t\t\t<div class=\"elementor-widget-container\">\n\t\t\t\t\t<h2 class=\"elementor-heading-title elementor-size-default\">\u2753 Domande frequenti sull'overdose<\/h2>\t\t\t\t<\/div>\n\t\t\t\t<\/div>\n\t\t\t\t<div class=\"elementor-element elementor-element-a24ee80 elementor-widget elementor-widget-text-editor\" data-id=\"a24ee80\" data-element_type=\"widget\" data-e-type=\"widget\" data-widget_type=\"text-editor.default\">\n\t\t\t\t<div class=\"elementor-widget-container\">\n\t\t\t\t\t\t\t\t\t<p data-start=\"1254\" data-end=\"1380\"><strong data-start=\"1254\" data-end=\"1287\">1. A cosa serve il sovradosaggio?<\/strong><br data-start=\"1287\" data-end=\"1290\" \/>Non viene usata intenzionalmente: un'overdose \u00e8 una conseguenza dannosa o fatale dell'uso eccessivo di una droga.<\/p>\n<p data-start=\"1382\" data-end=\"1504\"><strong data-start=\"1382\" data-end=\"1415\">2. Perch\u00e9 il sovradosaggio \u00e8 pericoloso?<\/strong><br data-start=\"1415\" data-end=\"1418\" \/>Pu\u00f2 bloccare le funzioni vitali del corpo, come la respirazione o l'attivit\u00e0 cardiaca, causando la morte.<\/p>\n<p data-start=\"1506\" data-end=\"1646\"><strong data-start=\"1506\" data-end=\"1536\">3. Che aspetto ha?<\/strong><br data-start=\"1536\" data-end=\"1539\" \/>La persona pu\u00f2 essere incosciente, respirare lentamente o non respirare affatto, o mostrare segni come pelle fredda o labbra bluastre.<\/p>\n<p data-start=\"1648\" data-end=\"1782\"><strong data-start=\"1648\" data-end=\"1691\">4. Si pu\u00f2 andare in overdose di droghe legali?<\/strong><br data-start=\"1691\" data-end=\"1694\" \/>S\u00ec. Anche i farmaci da prescrizione o da banco possono causare un'overdose se assunti in modo improprio.<\/p>\n<p data-start=\"1784\" data-end=\"1917\"><strong data-start=\"1784\" data-end=\"1822\">5. Come si pu\u00f2 evitare un'overdose?<\/strong><br data-start=\"1822\" data-end=\"1825\" \/>Non mescolate mai le sostanze, seguite le indicazioni del medico e cercate aiuto al primo segno di difficolt\u00e0.<\/p>\t\t\t\t\t\t\t\t<\/div>\n\t\t\t\t<\/div>\n\t\t\t\t<div class=\"elementor-element elementor-element-3c88435 elementor-widget elementor-widget-html\" data-id=\"3c88435\" data-element_type=\"widget\" data-e-type=\"widget\" data-widget_type=\"html.default\">\n\t\t\t\t<div class=\"elementor-widget-container\">\n\t\t\t\t\t<script type=\"application\/ld+json\">{\n    \"@context\": \"https:\\\/\\\/schema.org\",\n    \"@type\": \"WebPage\",\n    \"name\": \"What is Overdose?\",\n    \"url\": \"https:\\\/\\\/www.narconon.online\\\/glossary\\\/what-is-overdose\\\/\",\n    \"description\": \"An overdose happens when too much of a drug harms the body or causes death. Learn the warning signs, causes, and life-saving actions.\",\n    \"datePublished\": \"2025-07-23\",\n    \"publisher\": {\n        \"@type\": \"Organization\",\n        \"name\": \"Narconon Europe\",\n        \"url\": \"https:\\\/\\\/www.narcononeurope.dk\"\n    },\n    \"mainEntity\": {\n        \"@type\": \"FAQPage\",\n        \"mainEntity\": [\n            {\n                \"@type\": \"Question\",\n                \"name\": \"What is overdose used for?\",\n                \"acceptedAnswer\": {\n                    \"@type\": \"Answer\",\n                    \"text\": \"It\\u2019s not used intentionally\\u2014an overdose is a harmful or fatal consequence of drug overuse.\"\n                }\n            },\n            {\n                \"@type\": \"Question\",\n                \"name\": \"Why is overdose dangerous?\",\n                \"acceptedAnswer\": {\n                    \"@type\": \"Answer\",\n                    \"text\": \"It can shut down vital body functions like breathing or heart activity, causing death.\"\n                }\n            },\n            {\n                \"@type\": \"Question\",\n                \"name\": \"What does it look like?\",\n                \"acceptedAnswer\": {\n                    \"@type\": \"Answer\",\n                    \"text\": \"The person may be unconscious, breathing slowly or not at all, or show signs like cold skin or bluish lips.\"\n                }\n            },\n            {\n                \"@type\": \"Question\",\n                \"name\": \"Can someone overdose on legal drugs?\",\n                \"acceptedAnswer\": {\n                    \"@type\": \"Answer\",\n                    \"text\": \"Yes. Even prescription or over-the-counter drugs can cause overdose if taken improperly.\"\n                }\n            },\n            {\n                \"@type\": \"Question\",\n                \"name\": \"How can someone avoid overdose?\",\n                \"acceptedAnswer\": {\n                    \"@type\": \"Answer\",\n                    \"text\": \"Never mix substances, follow medical directions, and seek help at the first sign of trouble.\"\n                }\n            }\n        ]\n    }\n}<\/script>\r\n\t\t\t\t<\/div>\n\t\t\t\t<\/div>\n\t\t\t\t\t<\/div>\n\t\t\t\t<\/div>\n\t\t\t\t<\/div>","protected":false},"excerpt":{"rendered":"<p>An overdose happens when someone takes too much of a drug, either accidentally or on purpose. This overload can poison [&hellip;]<\/p>","protected":false},"author":43,"featured_media":0,"parent":5868,"menu_order":0,"comment_status":"closed","ping_status":"closed","template":"","meta":{"_acf_changed":false,"site-sidebar-layout":"default","site-content-layout":"","ast-site-content-layout":"default","site-content-style":"default","site-sidebar-style":"default","ast-global-header-display":"","ast-banner-title-visibility":"","ast-main-header-display":"","ast-hfb-above-header-display":"","ast-hfb-below-header-display":"","ast-hfb-mobile-header-display":"","site-post-title":"","ast-breadcrumbs-content":"","ast-featured-img":"","footer-sml-layout":"","ast-disable-related-posts":"","theme-transparent-header-meta":"","adv-header-id-meta":"","stick-header-meta":"","header-above-stick-meta":"","header-main-stick-meta":"","header-below-stick-meta":"","astra-migrate-meta-layouts":"default","ast-page-background-enabled":"default","ast-page-background-meta":{"desktop":{"background-color":"var(--ast-global-color-5)","background-image":"","background-repeat":"repeat","background-position":"center center","background-size":"auto","background-attachment":"scroll","background-type":"","background-media":"","overlay-type":"","overlay-color":"","overlay-opacity":"","overlay-gradient":""},"tablet":{"background-color":"","background-image":"","background-repeat":"repeat","background-position":"center center","background-size":"auto","background-attachment":"scroll","background-type":"","background-media":"","overlay-type":"","overlay-color":"","overlay-opacity":"","overlay-gradient":""},"mobile":{"background-color":"","background-image":"","background-repeat":"repeat","background-position":"center center","background-size":"auto","background-attachment":"scroll","background-type":"","background-media":"","overlay-type":"","overlay-color":"","overlay-opacity":"","overlay-gradient":""}},"ast-content-background-meta":{"desktop":{"background-color":"var(--ast-global-color-4)","background-image":"","background-repeat":"repeat","background-position":"center center","background-size":"auto","background-attachment":"scroll","background-type":"","background-media":"","overlay-type":"","overlay-color":"","overlay-opacity":"","overlay-gradient":""},"tablet":{"background-color":"var(--ast-global-color-4)","background-image":"","background-repeat":"repeat","background-position":"center center","background-size":"auto","background-attachment":"scroll","background-type":"","background-media":"","overlay-type":"","overlay-color":"","overlay-opacity":"","overlay-gradient":""},"mobile":{"background-color":"var(--ast-global-color-4)","background-image":"","background-repeat":"repeat","background-position":"center center","background-size":"auto","background-attachment":"scroll","background-type":"","background-media":"","overlay-type":"","overlay-color":"","overlay-opacity":"","overlay-gradient":""}},"footnotes":""},"class_list":["post-6282","page","type-page","status-publish","hentry"],"acf":[],"yoast_head":"<!-- This site is optimized with the Yoast SEO Premium plugin v26.6 (Yoast SEO v26.6) - https:\/\/yoast.com\/wordpress\/plugins\/seo\/ -->\n<title>What Is Overdose? Signs and Effects Explained<\/title>\n<meta name=\"description\" content=\"Find out what is overdose and why quick action is essential. Recognize the symptoms and understand the importance of treatment.\" \/>\n<meta name=\"robots\" content=\"index, follow, max-snippet:-1, max-image-preview:large, max-video-preview:-1\" \/>\n<link rel=\"canonical\" href=\"https:\/\/www.narconon.online\/it\/glossario\/cose-loverdose\/\" \/>\n<meta property=\"og:locale\" content=\"it_IT\" \/>\n<meta property=\"og:type\" content=\"article\" \/>\n<meta property=\"og:title\" content=\"What is Overdose?\" \/>\n<meta property=\"og:description\" content=\"Find out what is overdose and why quick action is essential. Recognize the symptoms and understand the importance of treatment.\" \/>\n<meta property=\"og:url\" content=\"https:\/\/www.narconon.online\/it\/glossario\/cose-loverdose\/\" \/>\n<meta property=\"og:site_name\" content=\"Narconon Europe\" \/>\n<meta property=\"article:publisher\" content=\"https:\/\/www.facebook.com\/narcononeu\" \/>\n<meta property=\"article:modified_time\" content=\"2025-07-24T14:25:15+00:00\" \/>\n<meta property=\"og:image\" content=\"https:\/\/www.narconon.online\/wp-content\/uploads\/2025\/07\/freepik__a-dim-hospital-scene-showing-a-person-on-a-stretch__82510.webp\" \/>\n\t<meta property=\"og:image:width\" content=\"1392\" \/>\n\t<meta property=\"og:image:height\" content=\"752\" \/>\n\t<meta property=\"og:image:type\" content=\"image\/webp\" \/>\n<meta name=\"twitter:card\" content=\"summary_large_image\" \/>\n<meta name=\"twitter:site\" content=\"@NARCONONEurope\" \/>\n<meta name=\"twitter:label1\" content=\"Tempo di lettura stimato\" \/>\n\t<meta name=\"twitter:data1\" content=\"2 minuti\" \/>\n<script type=\"application\/ld+json\" class=\"yoast-schema-graph\">{\"@context\":\"https:\/\/schema.org\",\"@graph\":[{\"@type\":\"WebPage\",\"@id\":\"https:\/\/www.narconon.online\/glossary\/what-is-overdose\/\",\"url\":\"https:\/\/www.narconon.online\/glossary\/what-is-overdose\/\",\"name\":\"What Is Overdose? Signs and Effects Explained\",\"isPartOf\":{\"@id\":\"https:\/\/www.narconon.online\/#website\"},\"primaryImageOfPage\":{\"@id\":\"https:\/\/www.narconon.online\/glossary\/what-is-overdose\/#primaryimage\"},\"image\":{\"@id\":\"https:\/\/www.narconon.online\/glossary\/what-is-overdose\/#primaryimage\"},\"thumbnailUrl\":\"https:\/\/www.narconon.online\/wp-content\/uploads\/2025\/07\/freepik__a-dim-hospital-scene-showing-a-person-on-a-stretch__82510.webp\",\"datePublished\":\"2025-07-23T18:58:39+00:00\",\"dateModified\":\"2025-07-24T14:25:15+00:00\",\"description\":\"Find out what is overdose and why quick action is essential. Recognize the symptoms and understand the importance of treatment.\",\"breadcrumb\":{\"@id\":\"https:\/\/www.narconon.online\/glossary\/what-is-overdose\/#breadcrumb\"},\"inLanguage\":\"it-IT\",\"potentialAction\":[{\"@type\":\"ReadAction\",\"target\":[\"https:\/\/www.narconon.online\/glossary\/what-is-overdose\/\"]}]},{\"@type\":\"ImageObject\",\"inLanguage\":\"it-IT\",\"@id\":\"https:\/\/www.narconon.online\/glossary\/what-is-overdose\/#primaryimage\",\"url\":\"https:\/\/www.narconon.online\/wp-content\/uploads\/2025\/07\/freepik__a-dim-hospital-scene-showing-a-person-on-a-stretch__82510.webp\",\"contentUrl\":\"https:\/\/www.narconon.online\/wp-content\/uploads\/2025\/07\/freepik__a-dim-hospital-scene-showing-a-person-on-a-stretch__82510.webp\"},{\"@type\":\"BreadcrumbList\",\"@id\":\"https:\/\/www.narconon.online\/glossary\/what-is-overdose\/#breadcrumb\",\"itemListElement\":[{\"@type\":\"ListItem\",\"position\":1,\"name\":\"Home\",\"item\":\"https:\/\/www.narconon.online\/\"},{\"@type\":\"ListItem\",\"position\":2,\"name\":\"Glossary of Drug Terms and Definitions\",\"item\":\"https:\/\/www.narconon.online\/glossary\/\"},{\"@type\":\"ListItem\",\"position\":3,\"name\":\"What is Overdose?\"}]},{\"@type\":\"WebSite\",\"@id\":\"https:\/\/www.narconon.online\/#website\",\"url\":\"https:\/\/www.narconon.online\/\",\"name\":\"Narconon Europe\",\"description\":\"Drug Free For Good\",\"publisher\":{\"@id\":\"https:\/\/www.narconon.online\/#organization\"},\"potentialAction\":[{\"@type\":\"SearchAction\",\"target\":{\"@type\":\"EntryPoint\",\"urlTemplate\":\"https:\/\/www.narconon.online\/?s={search_term_string}\"},\"query-input\":{\"@type\":\"PropertyValueSpecification\",\"valueRequired\":true,\"valueName\":\"search_term_string\"}}],\"inLanguage\":\"it-IT\"},{\"@type\":\"Organization\",\"@id\":\"https:\/\/www.narconon.online\/#organization\",\"name\":\"Narconon Europe\",\"url\":\"https:\/\/www.narconon.online\/\",\"logo\":{\"@type\":\"ImageObject\",\"inLanguage\":\"it-IT\",\"@id\":\"https:\/\/www.narconon.online\/#\/schema\/logo\/image\/\",\"url\":\"https:\/\/www.narconon.online\/wp-content\/uploads\/2025\/03\/Logo-Narconon-Europe-2.png\",\"contentUrl\":\"https:\/\/www.narconon.online\/wp-content\/uploads\/2025\/03\/Logo-Narconon-Europe-2.png\",\"width\":2000,\"height\":707,\"caption\":\"Narconon Europe\"},\"image\":{\"@id\":\"https:\/\/www.narconon.online\/#\/schema\/logo\/image\/\"},\"sameAs\":[\"https:\/\/www.facebook.com\/narcononeu\",\"https:\/\/x.com\/NARCONONEurope\",\"https:\/\/www.instagram.com\/narconon.europe\/\",\"https:\/\/www.youtube.com\/channel\/UCNUxvhoqZZCAxXCYO4K7MvA\",\"https:\/\/www.tiktok.com\/@narconon.europe\"]}]}<\/script>\n<!-- \/ Yoast SEO Premium plugin. -->","yoast_head_json":{"title":"Cos'\u00e8 il sovradosaggio? Segni ed effetti spiegati","description":"Scoprite cos'\u00e8 l'overdose e perch\u00e9 \u00e8 essenziale un intervento rapido. Riconoscere i sintomi e capire l'importanza del trattamento.","robots":{"index":"index","follow":"follow","max-snippet":"max-snippet:-1","max-image-preview":"max-image-preview:large","max-video-preview":"max-video-preview:-1"},"canonical":"https:\/\/www.narconon.online\/it\/glossario\/cose-loverdose\/","og_locale":"it_IT","og_type":"article","og_title":"What is Overdose?","og_description":"Find out what is overdose and why quick action is essential. Recognize the symptoms and understand the importance of treatment.","og_url":"https:\/\/www.narconon.online\/it\/glossario\/cose-loverdose\/","og_site_name":"Narconon Europe","article_publisher":"https:\/\/www.facebook.com\/narcononeu","article_modified_time":"2025-07-24T14:25:15+00:00","og_image":[{"width":1392,"height":752,"url":"https:\/\/www.narconon.online\/wp-content\/uploads\/2025\/07\/freepik__a-dim-hospital-scene-showing-a-person-on-a-stretch__82510.webp","type":"image\/webp"}],"twitter_card":"summary_large_image","twitter_site":"@NARCONONEurope","twitter_misc":{"Tempo di lettura stimato":"2 minuti"},"schema":{"@context":"https:\/\/schema.org","@graph":[{"@type":"WebPage","@id":"https:\/\/www.narconon.online\/glossary\/what-is-overdose\/","url":"https:\/\/www.narconon.online\/glossary\/what-is-overdose\/","name":"Cos'\u00e8 il sovradosaggio? Segni ed effetti spiegati","isPartOf":{"@id":"https:\/\/www.narconon.online\/#website"},"primaryImageOfPage":{"@id":"https:\/\/www.narconon.online\/glossary\/what-is-overdose\/#primaryimage"},"image":{"@id":"https:\/\/www.narconon.online\/glossary\/what-is-overdose\/#primaryimage"},"thumbnailUrl":"https:\/\/www.narconon.online\/wp-content\/uploads\/2025\/07\/freepik__a-dim-hospital-scene-showing-a-person-on-a-stretch__82510.webp","datePublished":"2025-07-23T18:58:39+00:00","dateModified":"2025-07-24T14:25:15+00:00","description":"Scoprite cos'\u00e8 l'overdose e perch\u00e9 \u00e8 essenziale un intervento rapido. Riconoscere i sintomi e capire l'importanza del trattamento.","breadcrumb":{"@id":"https:\/\/www.narconon.online\/glossary\/what-is-overdose\/#breadcrumb"},"inLanguage":"it-IT","potentialAction":[{"@type":"ReadAction","target":["https:\/\/www.narconon.online\/glossary\/what-is-overdose\/"]}]},{"@type":"ImageObject","inLanguage":"it-IT","@id":"https:\/\/www.narconon.online\/glossary\/what-is-overdose\/#primaryimage","url":"https:\/\/www.narconon.online\/wp-content\/uploads\/2025\/07\/freepik__a-dim-hospital-scene-showing-a-person-on-a-stretch__82510.webp","contentUrl":"https:\/\/www.narconon.online\/wp-content\/uploads\/2025\/07\/freepik__a-dim-hospital-scene-showing-a-person-on-a-stretch__82510.webp"},{"@type":"BreadcrumbList","@id":"https:\/\/www.narconon.online\/glossary\/what-is-overdose\/#breadcrumb","itemListElement":[{"@type":"ListItem","position":1,"name":"Home","item":"https:\/\/www.narconon.online\/"},{"@type":"ListItem","position":2,"name":"Glossary of Drug Terms and Definitions","item":"https:\/\/www.narconon.online\/glossary\/"},{"@type":"ListItem","position":3,"name":"What is Overdose?"}]},{"@type":"WebSite","@id":"https:\/\/www.narconon.online\/#website","url":"https:\/\/www.narconon.online\/","name":"Narconon Europa","description":"Liberi dalla droga per sempre","publisher":{"@id":"https:\/\/www.narconon.online\/#organization"},"potentialAction":[{"@type":"SearchAction","target":{"@type":"EntryPoint","urlTemplate":"https:\/\/www.narconon.online\/?s={search_term_string}"},"query-input":{"@type":"PropertyValueSpecification","valueRequired":true,"valueName":"search_term_string"}}],"inLanguage":"it-IT"},{"@type":"Organization","@id":"https:\/\/www.narconon.online\/#organization","name":"Narconon Europa","url":"https:\/\/www.narconon.online\/","logo":{"@type":"ImageObject","inLanguage":"it-IT","@id":"https:\/\/www.narconon.online\/#\/schema\/logo\/image\/","url":"https:\/\/www.narconon.online\/wp-content\/uploads\/2025\/03\/Logo-Narconon-Europe-2.png","contentUrl":"https:\/\/www.narconon.online\/wp-content\/uploads\/2025\/03\/Logo-Narconon-Europe-2.png","width":2000,"height":707,"caption":"Narconon Europe"},"image":{"@id":"https:\/\/www.narconon.online\/#\/schema\/logo\/image\/"},"sameAs":["https:\/\/www.facebook.com\/narcononeu","https:\/\/x.com\/NARCONONEurope","https:\/\/www.instagram.com\/narconon.europe\/","https:\/\/www.youtube.com\/channel\/UCNUxvhoqZZCAxXCYO4K7MvA","https:\/\/www.tiktok.com\/@narconon.europe"]}]}},"_links":{"self":[{"href":"https:\/\/www.narconon.online\/it\/wp-json\/wp\/v2\/pages\/6282","targetHints":{"allow":["GET"]}}],"collection":[{"href":"https:\/\/www.narconon.online\/it\/wp-json\/wp\/v2\/pages"}],"about":[{"href":"https:\/\/www.narconon.online\/it\/wp-json\/wp\/v2\/types\/page"}],"author":[{"embeddable":true,"href":"https:\/\/www.narconon.online\/it\/wp-json\/wp\/v2\/users\/43"}],"replies":[{"embeddable":true,"href":"https:\/\/www.narconon.online\/it\/wp-json\/wp\/v2\/comments?post=6282"}],"version-history":[{"count":9,"href":"https:\/\/www.narconon.online\/it\/wp-json\/wp\/v2\/pages\/6282\/revisions"}],"predecessor-version":[{"id":6585,"href":"https:\/\/www.narconon.online\/it\/wp-json\/wp\/v2\/pages\/6282\/revisions\/6585"}],"up":[{"embeddable":true,"href":"https:\/\/www.narconon.online\/it\/wp-json\/wp\/v2\/pages\/5868"}],"wp:attachment":[{"href":"https:\/\/www.narconon.online\/it\/wp-json\/wp\/v2\/media?parent=6282"}],"curies":[{"name":"wp","href":"https:\/\/api.w.org\/{rel}","templated":true}]}}