{"id":6413,"date":"2025-07-24T08:50:18","date_gmt":"2025-07-24T06:50:18","guid":{"rendered":"https:\/\/www.narconon.online\/?page_id=6413"},"modified":"2025-07-24T09:28:49","modified_gmt":"2025-07-24T07:28:49","slug":"quest-ce-quun-stimulant","status":"publish","type":"page","link":"https:\/\/www.narconon.online\/fr\/glossaire\/quest-ce-quun-stimulant\/","title":{"rendered":"Qu'est-ce qu'un stimulant ?"},"content":{"rendered":"<div data-elementor-type=\"wp-page\" data-elementor-id=\"6413\" class=\"elementor elementor-6413\" data-elementor-post-type=\"page\">\n\t\t\t\t<div class=\"elementor-element elementor-element-14d08559 e-flex e-con-boxed e-con e-parent\" data-id=\"14d08559\" data-element_type=\"container\" data-e-type=\"container\">\n\t\t\t\t\t<div class=\"e-con-inner\">\n\t\t<div class=\"elementor-element elementor-element-1cae676 e-grid e-con-full e-con e-child\" data-id=\"1cae676\" data-element_type=\"container\" data-e-type=\"container\">\n\t\t\t\t<div class=\"elementor-element elementor-element-ddfcbba elementor-widget elementor-widget-text-editor\" data-id=\"ddfcbba\" data-element_type=\"widget\" data-e-type=\"widget\" data-widget_type=\"text-editor.default\">\n\t\t\t\t<div class=\"elementor-widget-container\">\n\t\t\t\t\t\t\t\t\t<p data-start=\"426\" data-end=\"564\"><strong data-start=\"426\" data-end=\"440\">Stimulants<\/strong> sont une classe de m\u00e9dicaments qui <strong data-start=\"467\" data-end=\"510\">augmenter l'activit\u00e9 du cerveau et du corps<\/strong>. Ils augmentent temporairement la vigilance, la concentration et l'\u00e9nergie.<\/p>\n<p data-start=\"566\" data-end=\"800\">On les trouve \u00e0 la fois dans <strong data-start=\"592\" data-end=\"619\">formes l\u00e9gales et ill\u00e9gales<\/strong>. Les stimulants prescrits comme l'Adderall ou la Ritaline sont utilis\u00e9s pour le TDAH ou la narcolepsie, tandis que les drogues ill\u00e9gales comme la coca\u00efne ou la m\u00e9thamph\u00e9tamine sont souvent utilis\u00e9es \u00e0 mauvais escient pour leurs effets euphorisants.<\/p>\n<p data-start=\"802\" data-end=\"948\">Les stimulants m\u00e9dicaux sont utiles sous surveillance, <strong data-start=\"857\" data-end=\"947\">L'abus peut entra\u00eener une d\u00e9pendance, des probl\u00e8mes cardiaques, une parano\u00efa et d'autres risques graves pour la sant\u00e9.<\/strong>.<\/p>\t\t\t\t\t\t\t\t<\/div>\n\t\t\t\t<\/div>\n\t\t\t\t<div class=\"elementor-element elementor-element-8f955ba elementor-widget elementor-widget-image\" data-id=\"8f955ba\" data-element_type=\"widget\" data-e-type=\"widget\" data-widget_type=\"image.default\">\n\t\t\t\t<div class=\"elementor-widget-container\">\n\t\t\t\t\t\t\t\t\t\t\t\t\t\t\t<img fetchpriority=\"high\" decoding=\"async\" width=\"1392\" height=\"752\" src=\"https:\/\/www.narconon.online\/wp-content\/uploads\/2025\/07\/freepik__a-closeup-of-various-stimulant-drugs-on-a-white-ba__41822.webp\" class=\"attachment-full size-full wp-image-6415\" alt=\"Formes courantes de stimulants, y compris les pilules, la poudre blanche et la m\u00e9thamph\u00e9tamine en cristaux.\" srcset=\"https:\/\/www.narconon.online\/wp-content\/uploads\/2025\/07\/freepik__a-closeup-of-various-stimulant-drugs-on-a-white-ba__41822.webp 1392w, https:\/\/www.narconon.online\/wp-content\/uploads\/2025\/07\/freepik__a-closeup-of-various-stimulant-drugs-on-a-white-ba__41822-300x162.webp 300w, https:\/\/www.narconon.online\/wp-content\/uploads\/2025\/07\/freepik__a-closeup-of-various-stimulant-drugs-on-a-white-ba__41822-1024x553.webp 1024w, https:\/\/www.narconon.online\/wp-content\/uploads\/2025\/07\/freepik__a-closeup-of-various-stimulant-drugs-on-a-white-ba__41822-768x415.webp 768w, https:\/\/www.narconon.online\/wp-content\/uploads\/2025\/07\/freepik__a-closeup-of-various-stimulant-drugs-on-a-white-ba__41822-18x10.webp 18w\" sizes=\"(max-width: 1392px) 100vw, 1392px\" \/>\t\t\t\t\t\t\t\t\t\t\t\t\t\t\t<\/div>\n\t\t\t\t<\/div>\n\t\t\t\t<\/div>\n\t\t\t\t\t<\/div>\n\t\t\t\t<\/div>\n\t\t<div class=\"elementor-element elementor-element-064fdba e-flex e-con-boxed e-con e-parent\" data-id=\"064fdba\" data-element_type=\"container\" data-e-type=\"container\">\n\t\t\t\t\t<div class=\"e-con-inner\">\n\t\t<div class=\"elementor-element elementor-element-ecec8f5 e-grid e-con-full e-con e-child\" data-id=\"ecec8f5\" data-element_type=\"container\" data-e-type=\"container\">\n\t\t\t\t<div class=\"elementor-element elementor-element-0f0e55c elementor-widget elementor-widget-text-editor\" data-id=\"0f0e55c\" data-element_type=\"widget\" data-e-type=\"widget\" data-widget_type=\"text-editor.default\">\n\t\t\t\t<div class=\"elementor-widget-container\">\n\t\t\t\t\t\t\t\t\t<h3 id=\"h-related-terms\" class=\"wp-block-heading\">\ud83e\udde0 Termes connexes<\/h3>\n<ul data-spread=\"false\" data-pm-slice=\"3 3 []\">\n<li><a href=\"https:\/\/www.narconon.online\/fr\/glossaire\/quest-ce-que-la-methamphetamine\/\">M\u00e9thamph\u00e9tamine<\/a><\/li>\n<li><a href=\"https:\/\/www.narconon.online\/fr\/glossaire\/quest-ce-que-la-cocaine\/\">Coca\u00efne<\/a><\/li>\n<li>\n<p><a href=\"https:\/\/www.narconon.online\/fr\/glossaire\/quest-ce-que-les-amphetamines\/\">Amph\u00e9tamines<\/a><\/p>\n<\/li>\n<li>\n<p><a href=\"https:\/\/www.narconon.online\/fr\/glossaire\/\">Index du glossaire<\/a><\/p>\n<\/li>\n<\/ul>\t\t\t\t\t\t\t\t<\/div>\n\t\t\t\t<\/div>\n\t\t\t\t<div class=\"elementor-element elementor-element-03e5102 elementor-widget elementor-widget-text-editor\" data-id=\"03e5102\" data-element_type=\"widget\" data-e-type=\"widget\" data-widget_type=\"text-editor.default\">\n\t\t\t\t<div class=\"elementor-widget-container\">\n\t\t\t\t\t\t\t\t\t<p id=\"h-related-terms\" class=\"wp-block-heading\">\ud83d\udc49 En savoir plus sur la pr\u00e9vention :<br \/><a class=\"\" href=\"https:\/\/www.narcononeurope.dk\/en\/drug-abuse\/\" target=\"_blank\" rel=\"noopener\">Narconon Europe - Aide aux toxicomanes<\/a><\/p>\n<p><!-- \/wp:list-item --><\/p>\n<p><!-- \/wp:list --><!-- wp:paragraph --><\/p>\n<p>\ud83d\udc49 Pour plus de contenu \u00e9ducatif, voir notre site web <a class=\"\" href=\"https:\/\/www.narconon.online\/fr\/materiel-de-prevention-de-leducation-a-la-drogue\/\">Mat\u00e9riel d'\u00e9ducation et de pr\u00e9vention en mati\u00e8re de drogues<\/a><\/p>\t\t\t\t\t\t\t\t<\/div>\n\t\t\t\t<\/div>\n\t\t\t\t<\/div>\n\t\t\t\t<div class=\"elementor-element elementor-element-1497776 elementor-widget elementor-widget-heading\" data-id=\"1497776\" data-element_type=\"widget\" data-e-type=\"widget\" data-widget_type=\"heading.default\">\n\t\t\t\t<div class=\"elementor-widget-container\">\n\t\t\t\t\t<h2 class=\"elementor-heading-title elementor-size-default\">\u2753 FAQ - Qu'est-ce qu'un stimulant ?<\/h2>\t\t\t\t<\/div>\n\t\t\t\t<\/div>\n\t\t\t\t<div class=\"elementor-element elementor-element-a24ee80 elementor-widget elementor-widget-text-editor\" data-id=\"a24ee80\" data-element_type=\"widget\" data-e-type=\"widget\" data-widget_type=\"text-editor.default\">\n\t\t\t\t<div class=\"elementor-widget-container\">\n\t\t\t\t\t\t\t\t\t<p data-start=\"200\" data-end=\"337\"><strong data-start=\"200\" data-end=\"236\">1. \u00c0 quoi servent les stimulants ?<\/strong><br data-start=\"236\" data-end=\"239\" \/>Ils sont souvent utilis\u00e9s pour traiter le TDAH ou la narcolepsie, mais ils sont \u00e9galement utilis\u00e9s \u00e0 mauvais escient pour rester \u00e9veill\u00e9 ou se sentir \u00e9nergique.<\/p>\n<p data-start=\"339\" data-end=\"455\"><strong data-start=\"339\" data-end=\"375\">2. Pourquoi les stimulants sont-ils dangereux ?<\/strong><br data-start=\"375\" data-end=\"378\" \/>L'abus peut entra\u00eener des probl\u00e8mes cardiaques, de l'hypertension, de l'anxi\u00e9t\u00e9 et une d\u00e9pendance.<\/p>\n<p data-start=\"457\" data-end=\"565\"><strong data-start=\"457\" data-end=\"493\">3. \u00c0 quoi ressemblent les stimulants ?<\/strong><br data-start=\"493\" data-end=\"496\" \/>Ils peuvent se pr\u00e9senter sous forme de pilules, de poudres ou de cristaux, selon le type.<\/p>\n<p data-start=\"567\" data-end=\"693\"><strong data-start=\"567\" data-end=\"613\">4. Peut-on devenir d\u00e9pendant des stimulants ?<\/strong><br data-start=\"613\" data-end=\"616\" \/>Oui. Un usage abusif r\u00e9gulier peut rapidement conduire \u00e0 une d\u00e9pendance psychologique et physique.<\/p>\n<p data-start=\"695\" data-end=\"834\"><strong data-start=\"695\" data-end=\"741\">5. Comment \u00e9viter l'abus de stimulants ?<\/strong><br data-start=\"741\" data-end=\"744\" \/>Ne les prenez que sous contr\u00f4le m\u00e9dical. \u00c9vitez l'utilisation non prescrite ou le partage de m\u00e9dicaments.<\/p>\t\t\t\t\t\t\t\t<\/div>\n\t\t\t\t<\/div>\n\t\t\t\t<div class=\"elementor-element elementor-element-3c88435 elementor-widget elementor-widget-html\" data-id=\"3c88435\" data-element_type=\"widget\" data-e-type=\"widget\" data-widget_type=\"html.default\">\n\t\t\t\t<div class=\"elementor-widget-container\">\n\t\t\t\t\t<script type=\"application\/ld+json\">{\n    \"@context\": \"https:\\\/\\\/schema.org\",\n    \"@type\": \"WebPage\",\n    \"name\": \"What are Stimulants?\",\n    \"headline\": \"What are Stimulants?\",\n    \"url\": \"https:\\\/\\\/www.narconon.online\\\/glossary\\\/what-are-stimulants\\\/\",\n    \"description\": \"Stimulants are drugs that increase brain and body activity. Learn what stimulants are, their uses, risks, and how to prevent misuse.\",\n    \"datePublished\": \"2025-07-24\",\n    \"dateModified\": \"2025-07-24\",\n    \"inLanguage\": \"en\",\n    \"publisher\": {\n        \"@type\": \"Organization\",\n        \"name\": \"Narconon Europe\",\n        \"url\": \"https:\\\/\\\/www.narcononeurope.dk\"\n    },\n    \"author\": {\n        \"@type\": \"Person\",\n        \"name\": \"Jacky Buensoz\"\n    },\n    \"mainEntity\": {\n        \"@type\": \"FAQPage\",\n        \"mainEntity\": [\n            {\n                \"@type\": \"Question\",\n                \"name\": \"What are stimulants used for?\",\n                \"acceptedAnswer\": {\n                    \"@type\": \"Answer\",\n                    \"text\": \"They are often used to treat ADHD or narcolepsy, but also misused to stay awake or feel energized.\"\n                }\n            },\n            {\n                \"@type\": \"Question\",\n                \"name\": \"Why are stimulants dangerous?\",\n                \"acceptedAnswer\": {\n                    \"@type\": \"Answer\",\n                    \"text\": \"Abuse can cause heart problems, high blood pressure, anxiety, and dependence.\"\n                }\n            },\n            {\n                \"@type\": \"Question\",\n                \"name\": \"What do stimulants look like?\",\n                \"acceptedAnswer\": {\n                    \"@type\": \"Answer\",\n                    \"text\": \"They may appear as pills, powders, or crystals depending on the type.\"\n                }\n            },\n            {\n                \"@type\": \"Question\",\n                \"name\": \"Can someone get addicted to stimulants?\",\n                \"acceptedAnswer\": {\n                    \"@type\": \"Answer\",\n                    \"text\": \"Yes. Regular misuse can quickly lead to psychological and physical addiction.\"\n                }\n            },\n            {\n                \"@type\": \"Question\",\n                \"name\": \"How can someone avoid stimulant misuse?\",\n                \"acceptedAnswer\": {\n                    \"@type\": \"Answer\",\n                    \"text\": \"Only take them under medical supervision. Avoid non-prescribed use or sharing medications.\"\n                }\n            }\n        ]\n    }\n}<\/script>\r\n\t\t\t\t<\/div>\n\t\t\t\t<\/div>\n\t\t\t\t\t<\/div>\n\t\t\t\t<\/div>\n\t\t\t\t<\/div>","protected":false},"excerpt":{"rendered":"<p>Les stimulants sont une classe de m\u00e9dicaments qui augmentent l'activit\u00e9 du cerveau et du corps. Ils augmentent temporairement la vigilance, la concentration et [...]<\/p>","protected":false},"author":43,"featured_media":0,"parent":5868,"menu_order":0,"comment_status":"closed","ping_status":"closed","template":"","meta":{"_acf_changed":false,"site-sidebar-layout":"default","site-content-layout":"","ast-site-content-layout":"default","site-content-style":"default","site-sidebar-style":"default","ast-global-header-display":"","ast-banner-title-visibility":"","ast-main-header-display":"","ast-hfb-above-header-display":"","ast-hfb-below-header-display":"","ast-hfb-mobile-header-display":"","site-post-title":"","ast-breadcrumbs-content":"","ast-featured-img":"","footer-sml-layout":"","ast-disable-related-posts":"","theme-transparent-header-meta":"","adv-header-id-meta":"","stick-header-meta":"","header-above-stick-meta":"","header-main-stick-meta":"","header-below-stick-meta":"","astra-migrate-meta-layouts":"default","ast-page-background-enabled":"default","ast-page-background-meta":{"desktop":{"background-color":"var(--ast-global-color-5)","background-image":"","background-repeat":"repeat","background-position":"center center","background-size":"auto","background-attachment":"scroll","background-type":"","background-media":"","overlay-type":"","overlay-color":"","overlay-opacity":"","overlay-gradient":""},"tablet":{"background-color":"","background-image":"","background-repeat":"repeat","background-position":"center center","background-size":"auto","background-attachment":"scroll","background-type":"","background-media":"","overlay-type":"","overlay-color":"","overlay-opacity":"","overlay-gradient":""},"mobile":{"background-color":"","background-image":"","background-repeat":"repeat","background-position":"center center","background-size":"auto","background-attachment":"scroll","background-type":"","background-media":"","overlay-type":"","overlay-color":"","overlay-opacity":"","overlay-gradient":""}},"ast-content-background-meta":{"desktop":{"background-color":"var(--ast-global-color-4)","background-image":"","background-repeat":"repeat","background-position":"center center","background-size":"auto","background-attachment":"scroll","background-type":"","background-media":"","overlay-type":"","overlay-color":"","overlay-opacity":"","overlay-gradient":""},"tablet":{"background-color":"var(--ast-global-color-4)","background-image":"","background-repeat":"repeat","background-position":"center center","background-size":"auto","background-attachment":"scroll","background-type":"","background-media":"","overlay-type":"","overlay-color":"","overlay-opacity":"","overlay-gradient":""},"mobile":{"background-color":"var(--ast-global-color-4)","background-image":"","background-repeat":"repeat","background-position":"center center","background-size":"auto","background-attachment":"scroll","background-type":"","background-media":"","overlay-type":"","overlay-color":"","overlay-opacity":"","overlay-gradient":""}},"footnotes":""},"class_list":["post-6413","page","type-page","status-publish","hentry"],"acf":[],"yoast_head":"<!-- This site is optimized with the Yoast SEO Premium plugin v26.6 (Yoast SEO v26.6) - https:\/\/yoast.com\/wordpress\/plugins\/seo\/ -->\n<title>What Are Stimulants and How Do They Work?<\/title>\n<meta name=\"description\" content=\"Learn what are stimulants and their effects on the brain and body, from prescription use to dangerous misuse.\" \/>\n<meta name=\"robots\" content=\"index, follow, max-snippet:-1, max-image-preview:large, max-video-preview:-1\" \/>\n<link rel=\"canonical\" href=\"https:\/\/www.narconon.online\/fr\/glossaire\/quest-ce-quun-stimulant\/\" \/>\n<meta property=\"og:locale\" content=\"fr_FR\" \/>\n<meta property=\"og:type\" content=\"article\" \/>\n<meta property=\"og:title\" content=\"What are Stimulants?\" \/>\n<meta property=\"og:description\" content=\"Learn what are stimulants and their effects on the brain and body, from prescription use to dangerous misuse.\" \/>\n<meta property=\"og:url\" content=\"https:\/\/www.narconon.online\/fr\/glossaire\/quest-ce-quun-stimulant\/\" \/>\n<meta property=\"og:site_name\" content=\"Narconon Europe\" \/>\n<meta property=\"article:publisher\" content=\"https:\/\/www.facebook.com\/narcononeu\" \/>\n<meta property=\"article:modified_time\" content=\"2025-07-24T07:28:49+00:00\" \/>\n<meta property=\"og:image\" content=\"https:\/\/www.narconon.online\/wp-content\/uploads\/2025\/07\/freepik__a-closeup-of-various-stimulant-drugs-on-a-white-ba__41822.webp\" \/>\n<meta name=\"twitter:card\" content=\"summary_large_image\" \/>\n<meta name=\"twitter:site\" content=\"@NARCONONEurope\" \/>\n<meta name=\"twitter:label1\" content=\"Dur\u00e9e de lecture estim\u00e9e\" \/>\n\t<meta name=\"twitter:data1\" content=\"2 minutes\" \/>\n<script type=\"application\/ld+json\" class=\"yoast-schema-graph\">{\"@context\":\"https:\/\/schema.org\",\"@graph\":[{\"@type\":\"WebPage\",\"@id\":\"https:\/\/www.narconon.online\/glossary\/what-are-stimulants\/\",\"url\":\"https:\/\/www.narconon.online\/glossary\/what-are-stimulants\/\",\"name\":\"What Are Stimulants and How Do They Work?\",\"isPartOf\":{\"@id\":\"https:\/\/www.narconon.online\/#website\"},\"primaryImageOfPage\":{\"@id\":\"https:\/\/www.narconon.online\/glossary\/what-are-stimulants\/#primaryimage\"},\"image\":{\"@id\":\"https:\/\/www.narconon.online\/glossary\/what-are-stimulants\/#primaryimage\"},\"thumbnailUrl\":\"https:\/\/www.narconon.online\/wp-content\/uploads\/2025\/07\/freepik__a-closeup-of-various-stimulant-drugs-on-a-white-ba__41822.webp\",\"datePublished\":\"2025-07-24T06:50:18+00:00\",\"dateModified\":\"2025-07-24T07:28:49+00:00\",\"description\":\"Learn what are stimulants and their effects on the brain and body, from prescription use to dangerous misuse.\",\"breadcrumb\":{\"@id\":\"https:\/\/www.narconon.online\/glossary\/what-are-stimulants\/#breadcrumb\"},\"inLanguage\":\"fr-FR\",\"potentialAction\":[{\"@type\":\"ReadAction\",\"target\":[\"https:\/\/www.narconon.online\/glossary\/what-are-stimulants\/\"]}]},{\"@type\":\"ImageObject\",\"inLanguage\":\"fr-FR\",\"@id\":\"https:\/\/www.narconon.online\/glossary\/what-are-stimulants\/#primaryimage\",\"url\":\"https:\/\/www.narconon.online\/wp-content\/uploads\/2025\/07\/freepik__a-closeup-of-various-stimulant-drugs-on-a-white-ba__41822.webp\",\"contentUrl\":\"https:\/\/www.narconon.online\/wp-content\/uploads\/2025\/07\/freepik__a-closeup-of-various-stimulant-drugs-on-a-white-ba__41822.webp\"},{\"@type\":\"BreadcrumbList\",\"@id\":\"https:\/\/www.narconon.online\/glossary\/what-are-stimulants\/#breadcrumb\",\"itemListElement\":[{\"@type\":\"ListItem\",\"position\":1,\"name\":\"Home\",\"item\":\"https:\/\/www.narconon.online\/\"},{\"@type\":\"ListItem\",\"position\":2,\"name\":\"Glossary of Drug Terms and Definitions\",\"item\":\"https:\/\/www.narconon.online\/glossary\/\"},{\"@type\":\"ListItem\",\"position\":3,\"name\":\"What are Stimulants?\"}]},{\"@type\":\"WebSite\",\"@id\":\"https:\/\/www.narconon.online\/#website\",\"url\":\"https:\/\/www.narconon.online\/\",\"name\":\"Narconon Europe\",\"description\":\"Drug Free For Good\",\"publisher\":{\"@id\":\"https:\/\/www.narconon.online\/#organization\"},\"potentialAction\":[{\"@type\":\"SearchAction\",\"target\":{\"@type\":\"EntryPoint\",\"urlTemplate\":\"https:\/\/www.narconon.online\/?s={search_term_string}\"},\"query-input\":{\"@type\":\"PropertyValueSpecification\",\"valueRequired\":true,\"valueName\":\"search_term_string\"}}],\"inLanguage\":\"fr-FR\"},{\"@type\":\"Organization\",\"@id\":\"https:\/\/www.narconon.online\/#organization\",\"name\":\"Narconon Europe\",\"url\":\"https:\/\/www.narconon.online\/\",\"logo\":{\"@type\":\"ImageObject\",\"inLanguage\":\"fr-FR\",\"@id\":\"https:\/\/www.narconon.online\/#\/schema\/logo\/image\/\",\"url\":\"https:\/\/www.narconon.online\/wp-content\/uploads\/2025\/03\/Logo-Narconon-Europe-2.png\",\"contentUrl\":\"https:\/\/www.narconon.online\/wp-content\/uploads\/2025\/03\/Logo-Narconon-Europe-2.png\",\"width\":2000,\"height\":707,\"caption\":\"Narconon Europe\"},\"image\":{\"@id\":\"https:\/\/www.narconon.online\/#\/schema\/logo\/image\/\"},\"sameAs\":[\"https:\/\/www.facebook.com\/narcononeu\",\"https:\/\/x.com\/NARCONONEurope\",\"https:\/\/www.instagram.com\/narconon.europe\/\",\"https:\/\/www.youtube.com\/channel\/UCNUxvhoqZZCAxXCYO4K7MvA\",\"https:\/\/www.tiktok.com\/@narconon.europe\"]}]}<\/script>\n<!-- \/ Yoast SEO Premium plugin. -->","yoast_head_json":{"title":"Que sont les stimulants et comment fonctionnent-ils ?","description":"Apprenez ce que sont les stimulants et leurs effets sur le cerveau et le corps, de la prescription \u00e0 l'abus dangereux.","robots":{"index":"index","follow":"follow","max-snippet":"max-snippet:-1","max-image-preview":"max-image-preview:large","max-video-preview":"max-video-preview:-1"},"canonical":"https:\/\/www.narconon.online\/fr\/glossaire\/quest-ce-quun-stimulant\/","og_locale":"fr_FR","og_type":"article","og_title":"What are Stimulants?","og_description":"Learn what are stimulants and their effects on the brain and body, from prescription use to dangerous misuse.","og_url":"https:\/\/www.narconon.online\/fr\/glossaire\/quest-ce-quun-stimulant\/","og_site_name":"Narconon Europe","article_publisher":"https:\/\/www.facebook.com\/narcononeu","article_modified_time":"2025-07-24T07:28:49+00:00","og_image":[{"url":"https:\/\/www.narconon.online\/wp-content\/uploads\/2025\/07\/freepik__a-closeup-of-various-stimulant-drugs-on-a-white-ba__41822.webp","type":"","width":"","height":""}],"twitter_card":"summary_large_image","twitter_site":"@NARCONONEurope","twitter_misc":{"Dur\u00e9e de lecture estim\u00e9e":"2 minutes"},"schema":{"@context":"https:\/\/schema.org","@graph":[{"@type":"WebPage","@id":"https:\/\/www.narconon.online\/glossary\/what-are-stimulants\/","url":"https:\/\/www.narconon.online\/glossary\/what-are-stimulants\/","name":"Que sont les stimulants et comment fonctionnent-ils ?","isPartOf":{"@id":"https:\/\/www.narconon.online\/#website"},"primaryImageOfPage":{"@id":"https:\/\/www.narconon.online\/glossary\/what-are-stimulants\/#primaryimage"},"image":{"@id":"https:\/\/www.narconon.online\/glossary\/what-are-stimulants\/#primaryimage"},"thumbnailUrl":"https:\/\/www.narconon.online\/wp-content\/uploads\/2025\/07\/freepik__a-closeup-of-various-stimulant-drugs-on-a-white-ba__41822.webp","datePublished":"2025-07-24T06:50:18+00:00","dateModified":"2025-07-24T07:28:49+00:00","description":"Apprenez ce que sont les stimulants et leurs effets sur le cerveau et le corps, de la prescription \u00e0 l'abus dangereux.","breadcrumb":{"@id":"https:\/\/www.narconon.online\/glossary\/what-are-stimulants\/#breadcrumb"},"inLanguage":"fr-FR","potentialAction":[{"@type":"ReadAction","target":["https:\/\/www.narconon.online\/glossary\/what-are-stimulants\/"]}]},{"@type":"ImageObject","inLanguage":"fr-FR","@id":"https:\/\/www.narconon.online\/glossary\/what-are-stimulants\/#primaryimage","url":"https:\/\/www.narconon.online\/wp-content\/uploads\/2025\/07\/freepik__a-closeup-of-various-stimulant-drugs-on-a-white-ba__41822.webp","contentUrl":"https:\/\/www.narconon.online\/wp-content\/uploads\/2025\/07\/freepik__a-closeup-of-various-stimulant-drugs-on-a-white-ba__41822.webp"},{"@type":"BreadcrumbList","@id":"https:\/\/www.narconon.online\/glossary\/what-are-stimulants\/#breadcrumb","itemListElement":[{"@type":"ListItem","position":1,"name":"Home","item":"https:\/\/www.narconon.online\/"},{"@type":"ListItem","position":2,"name":"Glossary of Drug Terms and Definitions","item":"https:\/\/www.narconon.online\/glossary\/"},{"@type":"ListItem","position":3,"name":"What are Stimulants?"}]},{"@type":"WebSite","@id":"https:\/\/www.narconon.online\/#website","url":"https:\/\/www.narconon.online\/","name":"Narconon Europe","description":"Lib\u00e9r\u00e9 de la drogue pour de bon","publisher":{"@id":"https:\/\/www.narconon.online\/#organization"},"potentialAction":[{"@type":"SearchAction","target":{"@type":"EntryPoint","urlTemplate":"https:\/\/www.narconon.online\/?s={search_term_string}"},"query-input":{"@type":"PropertyValueSpecification","valueRequired":true,"valueName":"search_term_string"}}],"inLanguage":"fr-FR"},{"@type":"Organization","@id":"https:\/\/www.narconon.online\/#organization","name":"Narconon Europe","url":"https:\/\/www.narconon.online\/","logo":{"@type":"ImageObject","inLanguage":"fr-FR","@id":"https:\/\/www.narconon.online\/#\/schema\/logo\/image\/","url":"https:\/\/www.narconon.online\/wp-content\/uploads\/2025\/03\/Logo-Narconon-Europe-2.png","contentUrl":"https:\/\/www.narconon.online\/wp-content\/uploads\/2025\/03\/Logo-Narconon-Europe-2.png","width":2000,"height":707,"caption":"Narconon Europe"},"image":{"@id":"https:\/\/www.narconon.online\/#\/schema\/logo\/image\/"},"sameAs":["https:\/\/www.facebook.com\/narcononeu","https:\/\/x.com\/NARCONONEurope","https:\/\/www.instagram.com\/narconon.europe\/","https:\/\/www.youtube.com\/channel\/UCNUxvhoqZZCAxXCYO4K7MvA","https:\/\/www.tiktok.com\/@narconon.europe"]}]}},"_links":{"self":[{"href":"https:\/\/www.narconon.online\/fr\/wp-json\/wp\/v2\/pages\/6413","targetHints":{"allow":["GET"]}}],"collection":[{"href":"https:\/\/www.narconon.online\/fr\/wp-json\/wp\/v2\/pages"}],"about":[{"href":"https:\/\/www.narconon.online\/fr\/wp-json\/wp\/v2\/types\/page"}],"author":[{"embeddable":true,"href":"https:\/\/www.narconon.online\/fr\/wp-json\/wp\/v2\/users\/43"}],"replies":[{"embeddable":true,"href":"https:\/\/www.narconon.online\/fr\/wp-json\/wp\/v2\/comments?post=6413"}],"version-history":[{"count":10,"href":"https:\/\/www.narconon.online\/fr\/wp-json\/wp\/v2\/pages\/6413\/revisions"}],"predecessor-version":[{"id":6438,"href":"https:\/\/www.narconon.online\/fr\/wp-json\/wp\/v2\/pages\/6413\/revisions\/6438"}],"up":[{"embeddable":true,"href":"https:\/\/www.narconon.online\/fr\/wp-json\/wp\/v2\/pages\/5868"}],"wp:attachment":[{"href":"https:\/\/www.narconon.online\/fr\/wp-json\/wp\/v2\/media?parent=6413"}],"curies":[{"name":"wp","href":"https:\/\/api.w.org\/{rel}","templated":true}]}}