{"id":6113,"date":"2025-07-23T17:09:14","date_gmt":"2025-07-23T15:09:14","guid":{"rendered":"https:\/\/www.narconon.online\/?page_id=6113"},"modified":"2025-07-24T15:05:39","modified_gmt":"2025-07-24T13:05:39","slug":"quest-ce-quune-articulation","status":"publish","type":"page","link":"https:\/\/www.narconon.online\/fr\/glossaire\/quest-ce-quune-articulation\/","title":{"rendered":"Qu'est-ce qu'une articulation ?"},"content":{"rendered":"<div data-elementor-type=\"wp-page\" data-elementor-id=\"6113\" class=\"elementor elementor-6113\" data-elementor-post-type=\"page\">\n\t\t\t\t<div class=\"elementor-element elementor-element-14d08559 e-flex e-con-boxed e-con e-parent\" data-id=\"14d08559\" data-element_type=\"container\" data-e-type=\"container\">\n\t\t\t\t\t<div class=\"e-con-inner\">\n\t\t<div class=\"elementor-element elementor-element-1cae676 e-grid e-con-full e-con e-child\" data-id=\"1cae676\" data-element_type=\"container\" data-e-type=\"container\">\n\t\t\t\t<div class=\"elementor-element elementor-element-ddfcbba elementor-widget elementor-widget-text-editor\" data-id=\"ddfcbba\" data-element_type=\"widget\" data-e-type=\"widget\" data-widget_type=\"text-editor.default\">\n\t\t\t\t<div class=\"elementor-widget-container\">\n\t\t\t\t\t\t\t\t\t<p data-start=\"283\" data-end=\"478\"><strong data-start=\"283\" data-end=\"343\">Un joint est une cigarette roul\u00e9e \u00e0 la main et remplie de marijuana.<\/strong>Il s'agit de la mani\u00e8re la plus courante et la plus reconnaissable de fumer du cannabis, souvent partag\u00e9e dans des contextes sociaux. C'est la mani\u00e8re la plus courante et la plus reconnaissable de fumer du cannabis, souvent partag\u00e9e dans un cadre social.<\/p>\n<p data-start=\"480\" data-end=\"712\">Les articulations varient en taille et en r\u00e9sistance et peuvent contenir <strong data-start=\"530\" data-end=\"572\">uniquement du cannabis ou \u00eatre m\u00e9lang\u00e9s \u00e0 du tabac<\/strong> (appel\u00e9 spliff). Ils sont g\u00e9n\u00e9ralement <strong data-start=\"611\" data-end=\"655\">roul\u00e9s \u00e0 la main ou \u00e0 l'aide d'une machine \u00e0 rouler<\/strong>Ils sont parfois munis d'un filtre en papier ou d'une b\u00e9quille \u00e0 l'une de leurs extr\u00e9mit\u00e9s.<\/p>\n<p data-start=\"714\" data-end=\"897\">Malgr\u00e9 leur apparence d\u00e9contract\u00e9e, les articulations peuvent entra\u00eener <strong data-start=\"766\" data-end=\"816\">d\u00e9pendance, troubles de la m\u00e9moire, probl\u00e8mes respiratoires<\/strong>et \u00e0 long terme <strong data-start=\"832\" data-end=\"856\">les probl\u00e8mes de sant\u00e9 mentale<\/strong>surtout chez les adolescents et les utilisateurs fr\u00e9quents.<\/p>\t\t\t\t\t\t\t\t<\/div>\n\t\t\t\t<\/div>\n\t\t\t\t<div class=\"elementor-element elementor-element-8f955ba elementor-widget elementor-widget-image\" data-id=\"8f955ba\" data-element_type=\"widget\" data-e-type=\"widget\" data-widget_type=\"image.default\">\n\t\t\t\t<div class=\"elementor-widget-container\">\n\t\t\t\t\t\t\t\t\t\t\t\t\t\t\t<img fetchpriority=\"high\" decoding=\"async\" width=\"1392\" height=\"752\" src=\"https:\/\/www.narconon.online\/wp-content\/uploads\/2025\/07\/freepik__joint__94169.webp\" class=\"attachment-full size-full wp-image-6116\" alt=\"Joint de marijuana roul\u00e9 reposant sur une surface en bois \u00e0 carreaux, entour\u00e9 de bourgeons de cannabis et de mat\u00e9riel v\u00e9g\u00e9tal \u00e9pars.\" srcset=\"https:\/\/www.narconon.online\/wp-content\/uploads\/2025\/07\/freepik__joint__94169.webp 1392w, https:\/\/www.narconon.online\/wp-content\/uploads\/2025\/07\/freepik__joint__94169-300x162.webp 300w, https:\/\/www.narconon.online\/wp-content\/uploads\/2025\/07\/freepik__joint__94169-1024x553.webp 1024w, https:\/\/www.narconon.online\/wp-content\/uploads\/2025\/07\/freepik__joint__94169-768x415.webp 768w, https:\/\/www.narconon.online\/wp-content\/uploads\/2025\/07\/freepik__joint__94169-18x10.webp 18w\" sizes=\"(max-width: 1392px) 100vw, 1392px\" \/>\t\t\t\t\t\t\t\t\t\t\t\t\t\t\t<\/div>\n\t\t\t\t<\/div>\n\t\t\t\t<\/div>\n\t\t\t\t\t<\/div>\n\t\t\t\t<\/div>\n\t\t<div class=\"elementor-element elementor-element-064fdba e-flex e-con-boxed e-con e-parent\" data-id=\"064fdba\" data-element_type=\"container\" data-e-type=\"container\">\n\t\t\t\t\t<div class=\"e-con-inner\">\n\t\t<div class=\"elementor-element elementor-element-ecec8f5 e-grid e-con-full e-con e-child\" data-id=\"ecec8f5\" data-element_type=\"container\" data-e-type=\"container\">\n\t\t\t\t<div class=\"elementor-element elementor-element-0f0e55c elementor-widget elementor-widget-text-editor\" data-id=\"0f0e55c\" data-element_type=\"widget\" data-e-type=\"widget\" data-widget_type=\"text-editor.default\">\n\t\t\t\t<div class=\"elementor-widget-container\">\n\t\t\t\t\t\t\t\t\t<h3 id=\"h-related-terms\" class=\"wp-block-heading\">\ud83e\udde0 Termes connexes<\/h3>\n<ul data-spread=\"false\" data-pm-slice=\"3 3 []\">\n<li><a href=\"https:\/\/www.narconon.online\/fr\/glossaire\/quest-ce-que-la-marijuana\/\">Marijuana<\/a><\/li>\n<li><a href=\"https:\/\/www.narconon.online\/fr\/glossaire\/quest-ce-que-le-vaping\/\">Vaping<\/a><\/li>\n<li>\n<p><a href=\"https:\/\/www.narconon.online\/fr\/glossaire\/quest-ce-que-les-cannabinoides\/\">Cannabino\u00efdes<\/a><\/p>\n<\/li>\n<li>\n<p><a href=\"https:\/\/www.narconon.online\/fr\/glossaire\/\">Index du glossaire<\/a><\/p>\n<\/li>\n<\/ul>\t\t\t\t\t\t\t\t<\/div>\n\t\t\t\t<\/div>\n\t\t\t\t<div class=\"elementor-element elementor-element-03e5102 elementor-widget elementor-widget-text-editor\" data-id=\"03e5102\" data-element_type=\"widget\" data-e-type=\"widget\" data-widget_type=\"text-editor.default\">\n\t\t\t\t<div class=\"elementor-widget-container\">\n\t\t\t\t\t\t\t\t\t<p id=\"h-related-terms\" class=\"wp-block-heading\">\ud83d\udc49 En savoir plus sur la pr\u00e9vention :<br \/><a class=\"\" href=\"https:\/\/www.narcononeurope.dk\/en\/drug-abuse\/\" target=\"_blank\" rel=\"noopener\">Narconon Europe - Aide aux toxicomanes<\/a><\/p>\n<p><!-- \/wp:list-item --><\/p>\n<p><!-- \/wp:list --><!-- wp:paragraph --><\/p>\n<p>\ud83d\udc49 Pour plus de contenu \u00e9ducatif, voir notre site web <a class=\"\" href=\"https:\/\/www.narconon.online\/fr\/materiel-de-prevention-de-leducation-a-la-drogue\/\">Mat\u00e9riel d'\u00e9ducation et de pr\u00e9vention en mati\u00e8re de drogues<\/a><\/p>\t\t\t\t\t\t\t\t<\/div>\n\t\t\t\t<\/div>\n\t\t\t\t<\/div>\n\t\t\t\t<div class=\"elementor-element elementor-element-1497776 elementor-widget elementor-widget-heading\" data-id=\"1497776\" data-element_type=\"widget\" data-e-type=\"widget\" data-widget_type=\"heading.default\">\n\t\t\t\t<div class=\"elementor-widget-container\">\n\t\t\t\t\t<h2 class=\"elementor-heading-title elementor-size-default\">Questions fr\u00e9quemment pos\u00e9es sur l'articulation<\/h2>\t\t\t\t<\/div>\n\t\t\t\t<\/div>\n\t\t\t\t<div class=\"elementor-element elementor-element-a24ee80 elementor-widget elementor-widget-text-editor\" data-id=\"a24ee80\" data-element_type=\"widget\" data-e-type=\"widget\" data-widget_type=\"text-editor.default\">\n\t\t\t\t<div class=\"elementor-widget-container\">\n\t\t\t\t\t\t\t\t\t<p data-start=\"1166\" data-end=\"1274\"><strong data-start=\"1166\" data-end=\"1196\">1. \u00c0 quoi sert l'articulation ?<\/strong><br data-start=\"1196\" data-end=\"1199\" \/>Il est utilis\u00e9 pour fumer de la marijuana \u00e0 des fins de relaxation, d'euphorie ou de socialisation.<\/p>\n<p data-start=\"1276\" data-end=\"1390\"><strong data-start=\"1276\" data-end=\"1306\">2. Pourquoi l'articulation est-elle dangereuse ?<\/strong><br data-start=\"1306\" data-end=\"1309\" \/>Elle peut entraver le d\u00e9veloppement du cerveau, affecter la m\u00e9moire et entra\u00eener une d\u00e9pendance au fil du temps.<\/p>\n<p data-start=\"1392\" data-end=\"1519\"><strong data-start=\"1392\" data-end=\"1422\">3. A quoi ressemble-t-il ?<\/strong><br data-start=\"1422\" data-end=\"1425\" \/>Cigarette fine et roul\u00e9e, g\u00e9n\u00e9ralement avec une odeur d'herbe distincte et souvent sans \u00e9tiquette de marque.<\/p>\n<p data-start=\"1521\" data-end=\"1651\"><strong data-start=\"1521\" data-end=\"1564\">4. Quelqu'un peut-il le prendre \u00e0 son insu ?<\/strong><br data-start=\"1564\" data-end=\"1567\" \/>Oui, surtout si la marijuana est m\u00e9lang\u00e9e \u00e0 des aliments ou transmise sans information claire.<\/p>\n<p data-start=\"1653\" data-end=\"1791\"><strong data-start=\"1653\" data-end=\"1689\">5. Comment \u00e9viter les joints ?<\/strong><br data-start=\"1689\" data-end=\"1692\" \/>Refusez les substances inconnues, \u00e9vitez de fumer et tenez-vous inform\u00e9 des effets du cannabis.<\/p>\t\t\t\t\t\t\t\t<\/div>\n\t\t\t\t<\/div>\n\t\t\t\t<div class=\"elementor-element elementor-element-3c88435 elementor-widget elementor-widget-html\" data-id=\"3c88435\" data-element_type=\"widget\" data-e-type=\"widget\" data-widget_type=\"html.default\">\n\t\t\t\t<div class=\"elementor-widget-container\">\n\t\t\t\t\t<script type=\"application\/ld+json\">{\n    \"@context\": \"https:\\\/\\\/schema.org\",\n    \"@type\": \"WebPage\",\n    \"name\": \"What is Joint?\",\n    \"url\": \"https:\\\/\\\/www.narconon.online\\\/glossary\\\/what-is-joint\\\/\",\n    \"description\": \"A joint is a rolled cigarette filled with marijuana. Learn how it\\u2019s used, what it looks like, and the health risks of cannabis smoking.\",\n    \"datePublished\": \"2025-07-23\",\n    \"publisher\": {\n        \"@type\": \"Organization\",\n        \"name\": \"Narconon Europe\",\n        \"url\": \"https:\\\/\\\/www.narcononeurope.dk\"\n    },\n    \"mainEntity\": {\n        \"@type\": \"FAQPage\",\n        \"mainEntity\": [\n            {\n                \"@type\": \"Question\",\n                \"name\": \"What is joint used for?\",\n                \"acceptedAnswer\": {\n                    \"@type\": \"Answer\",\n                    \"text\": \"It is used to smoke marijuana for relaxation, euphoria, or social purposes.\"\n                }\n            },\n            {\n                \"@type\": \"Question\",\n                \"name\": \"Why is joint dangerous?\",\n                \"acceptedAnswer\": {\n                    \"@type\": \"Answer\",\n                    \"text\": \"It can impair brain development, affect memory, and lead to dependency over time.\"\n                }\n            },\n            {\n                \"@type\": \"Question\",\n                \"name\": \"What does it look like?\",\n                \"acceptedAnswer\": {\n                    \"@type\": \"Answer\",\n                    \"text\": \"A slim, rolled cigarette usually with a distinct herbal smell and often without a brand label.\"\n                }\n            },\n            {\n                \"@type\": \"Question\",\n                \"name\": \"Can someone take it without knowing?\",\n                \"acceptedAnswer\": {\n                    \"@type\": \"Answer\",\n                    \"text\": \"Yes, especially if marijuana is mixed into food or passed without clear information.\"\n                }\n            },\n            {\n                \"@type\": \"Question\",\n                \"name\": \"How can someone avoid joints?\",\n                \"acceptedAnswer\": {\n                    \"@type\": \"Answer\",\n                    \"text\": \"Say no to unknown substances, avoid smoking environments, and stay informed about cannabis effects.\"\n                }\n            }\n        ]\n    }\n}<\/script>\r\n\t\t\t\t<\/div>\n\t\t\t\t<\/div>\n\t\t\t\t\t<\/div>\n\t\t\t\t<\/div>\n\t\t\t\t<\/div>","protected":false},"excerpt":{"rendered":"<p>A joint is a hand-rolled cigarette filled with marijuana, usually wrapped in thin rolling paper. It is the most common [&hellip;]<\/p>","protected":false},"author":43,"featured_media":0,"parent":5868,"menu_order":0,"comment_status":"closed","ping_status":"closed","template":"","meta":{"_acf_changed":false,"site-sidebar-layout":"default","site-content-layout":"","ast-site-content-layout":"default","site-content-style":"default","site-sidebar-style":"default","ast-global-header-display":"","ast-banner-title-visibility":"","ast-main-header-display":"","ast-hfb-above-header-display":"","ast-hfb-below-header-display":"","ast-hfb-mobile-header-display":"","site-post-title":"","ast-breadcrumbs-content":"","ast-featured-img":"","footer-sml-layout":"","ast-disable-related-posts":"","theme-transparent-header-meta":"","adv-header-id-meta":"","stick-header-meta":"","header-above-stick-meta":"","header-main-stick-meta":"","header-below-stick-meta":"","astra-migrate-meta-layouts":"default","ast-page-background-enabled":"default","ast-page-background-meta":{"desktop":{"background-color":"var(--ast-global-color-5)","background-image":"","background-repeat":"repeat","background-position":"center center","background-size":"auto","background-attachment":"scroll","background-type":"","background-media":"","overlay-type":"","overlay-color":"","overlay-opacity":"","overlay-gradient":""},"tablet":{"background-color":"","background-image":"","background-repeat":"repeat","background-position":"center center","background-size":"auto","background-attachment":"scroll","background-type":"","background-media":"","overlay-type":"","overlay-color":"","overlay-opacity":"","overlay-gradient":""},"mobile":{"background-color":"","background-image":"","background-repeat":"repeat","background-position":"center center","background-size":"auto","background-attachment":"scroll","background-type":"","background-media":"","overlay-type":"","overlay-color":"","overlay-opacity":"","overlay-gradient":""}},"ast-content-background-meta":{"desktop":{"background-color":"var(--ast-global-color-4)","background-image":"","background-repeat":"repeat","background-position":"center center","background-size":"auto","background-attachment":"scroll","background-type":"","background-media":"","overlay-type":"","overlay-color":"","overlay-opacity":"","overlay-gradient":""},"tablet":{"background-color":"var(--ast-global-color-4)","background-image":"","background-repeat":"repeat","background-position":"center center","background-size":"auto","background-attachment":"scroll","background-type":"","background-media":"","overlay-type":"","overlay-color":"","overlay-opacity":"","overlay-gradient":""},"mobile":{"background-color":"var(--ast-global-color-4)","background-image":"","background-repeat":"repeat","background-position":"center center","background-size":"auto","background-attachment":"scroll","background-type":"","background-media":"","overlay-type":"","overlay-color":"","overlay-opacity":"","overlay-gradient":""}},"footnotes":""},"class_list":["post-6113","page","type-page","status-publish","hentry"],"acf":[],"yoast_head":"<!-- This site is optimized with the Yoast SEO Premium plugin v26.6 (Yoast SEO v26.6) - https:\/\/yoast.com\/wordpress\/plugins\/seo\/ -->\n<title>What is Joint and Its Effects on Health?<\/title>\n<meta name=\"description\" content=\"What is joint? Uncover the definition and details of hand-rolled cigarettes filled with marijuana and their effects on health.\" \/>\n<meta name=\"robots\" content=\"index, follow, max-snippet:-1, max-image-preview:large, max-video-preview:-1\" \/>\n<link rel=\"canonical\" href=\"https:\/\/www.narconon.online\/fr\/glossaire\/quest-ce-quune-articulation\/\" \/>\n<meta property=\"og:locale\" content=\"fr_FR\" \/>\n<meta property=\"og:type\" content=\"article\" \/>\n<meta property=\"og:title\" content=\"What is Joint?\" \/>\n<meta property=\"og:description\" content=\"What is joint? Uncover the definition and details of hand-rolled cigarettes filled with marijuana and their effects on health.\" \/>\n<meta property=\"og:url\" content=\"https:\/\/www.narconon.online\/fr\/glossaire\/quest-ce-quune-articulation\/\" \/>\n<meta property=\"og:site_name\" content=\"Narconon Europe\" \/>\n<meta property=\"article:publisher\" content=\"https:\/\/www.facebook.com\/narcononeu\" \/>\n<meta property=\"article:modified_time\" content=\"2025-07-24T13:05:39+00:00\" \/>\n<meta property=\"og:image\" content=\"https:\/\/www.narconon.online\/wp-content\/uploads\/2025\/07\/freepik__joint__94169.webp\" \/>\n\t<meta property=\"og:image:width\" content=\"1392\" \/>\n\t<meta property=\"og:image:height\" content=\"752\" \/>\n\t<meta property=\"og:image:type\" content=\"image\/webp\" \/>\n<meta name=\"twitter:card\" content=\"summary_large_image\" \/>\n<meta name=\"twitter:site\" content=\"@NARCONONEurope\" \/>\n<meta name=\"twitter:label1\" content=\"Dur\u00e9e de lecture estim\u00e9e\" \/>\n\t<meta name=\"twitter:data1\" content=\"2 minutes\" \/>\n<script type=\"application\/ld+json\" class=\"yoast-schema-graph\">{\"@context\":\"https:\/\/schema.org\",\"@graph\":[{\"@type\":\"WebPage\",\"@id\":\"https:\/\/www.narconon.online\/glossary\/what-is-joint\/\",\"url\":\"https:\/\/www.narconon.online\/glossary\/what-is-joint\/\",\"name\":\"What is Joint and Its Effects on Health?\",\"isPartOf\":{\"@id\":\"https:\/\/www.narconon.online\/#website\"},\"primaryImageOfPage\":{\"@id\":\"https:\/\/www.narconon.online\/glossary\/what-is-joint\/#primaryimage\"},\"image\":{\"@id\":\"https:\/\/www.narconon.online\/glossary\/what-is-joint\/#primaryimage\"},\"thumbnailUrl\":\"https:\/\/www.narconon.online\/wp-content\/uploads\/2025\/07\/freepik__joint__94169.webp\",\"datePublished\":\"2025-07-23T15:09:14+00:00\",\"dateModified\":\"2025-07-24T13:05:39+00:00\",\"description\":\"What is joint? Uncover the definition and details of hand-rolled cigarettes filled with marijuana and their effects on health.\",\"breadcrumb\":{\"@id\":\"https:\/\/www.narconon.online\/glossary\/what-is-joint\/#breadcrumb\"},\"inLanguage\":\"fr-FR\",\"potentialAction\":[{\"@type\":\"ReadAction\",\"target\":[\"https:\/\/www.narconon.online\/glossary\/what-is-joint\/\"]}]},{\"@type\":\"ImageObject\",\"inLanguage\":\"fr-FR\",\"@id\":\"https:\/\/www.narconon.online\/glossary\/what-is-joint\/#primaryimage\",\"url\":\"https:\/\/www.narconon.online\/wp-content\/uploads\/2025\/07\/freepik__joint__94169.webp\",\"contentUrl\":\"https:\/\/www.narconon.online\/wp-content\/uploads\/2025\/07\/freepik__joint__94169.webp\"},{\"@type\":\"BreadcrumbList\",\"@id\":\"https:\/\/www.narconon.online\/glossary\/what-is-joint\/#breadcrumb\",\"itemListElement\":[{\"@type\":\"ListItem\",\"position\":1,\"name\":\"Home\",\"item\":\"https:\/\/www.narconon.online\/\"},{\"@type\":\"ListItem\",\"position\":2,\"name\":\"Glossary of Drug Terms and Definitions\",\"item\":\"https:\/\/www.narconon.online\/glossary\/\"},{\"@type\":\"ListItem\",\"position\":3,\"name\":\"What is Joint?\"}]},{\"@type\":\"WebSite\",\"@id\":\"https:\/\/www.narconon.online\/#website\",\"url\":\"https:\/\/www.narconon.online\/\",\"name\":\"Narconon Europe\",\"description\":\"Drug Free For Good\",\"publisher\":{\"@id\":\"https:\/\/www.narconon.online\/#organization\"},\"potentialAction\":[{\"@type\":\"SearchAction\",\"target\":{\"@type\":\"EntryPoint\",\"urlTemplate\":\"https:\/\/www.narconon.online\/?s={search_term_string}\"},\"query-input\":{\"@type\":\"PropertyValueSpecification\",\"valueRequired\":true,\"valueName\":\"search_term_string\"}}],\"inLanguage\":\"fr-FR\"},{\"@type\":\"Organization\",\"@id\":\"https:\/\/www.narconon.online\/#organization\",\"name\":\"Narconon Europe\",\"url\":\"https:\/\/www.narconon.online\/\",\"logo\":{\"@type\":\"ImageObject\",\"inLanguage\":\"fr-FR\",\"@id\":\"https:\/\/www.narconon.online\/#\/schema\/logo\/image\/\",\"url\":\"https:\/\/www.narconon.online\/wp-content\/uploads\/2025\/03\/Logo-Narconon-Europe-2.png\",\"contentUrl\":\"https:\/\/www.narconon.online\/wp-content\/uploads\/2025\/03\/Logo-Narconon-Europe-2.png\",\"width\":2000,\"height\":707,\"caption\":\"Narconon Europe\"},\"image\":{\"@id\":\"https:\/\/www.narconon.online\/#\/schema\/logo\/image\/\"},\"sameAs\":[\"https:\/\/www.facebook.com\/narcononeu\",\"https:\/\/x.com\/NARCONONEurope\",\"https:\/\/www.instagram.com\/narconon.europe\/\",\"https:\/\/www.youtube.com\/channel\/UCNUxvhoqZZCAxXCYO4K7MvA\",\"https:\/\/www.tiktok.com\/@narconon.europe\"]}]}<\/script>\n<!-- \/ Yoast SEO Premium plugin. -->","yoast_head_json":{"title":"Qu'est-ce que l'articulation et ses effets sur la sant\u00e9 ?","description":"Qu'est-ce qu'un joint ? D\u00e9couvrez la d\u00e9finition et les d\u00e9tails des cigarettes roul\u00e9es \u00e0 la main remplies de marijuana et leurs effets sur la sant\u00e9.","robots":{"index":"index","follow":"follow","max-snippet":"max-snippet:-1","max-image-preview":"max-image-preview:large","max-video-preview":"max-video-preview:-1"},"canonical":"https:\/\/www.narconon.online\/fr\/glossaire\/quest-ce-quune-articulation\/","og_locale":"fr_FR","og_type":"article","og_title":"What is Joint?","og_description":"What is joint? Uncover the definition and details of hand-rolled cigarettes filled with marijuana and their effects on health.","og_url":"https:\/\/www.narconon.online\/fr\/glossaire\/quest-ce-quune-articulation\/","og_site_name":"Narconon Europe","article_publisher":"https:\/\/www.facebook.com\/narcononeu","article_modified_time":"2025-07-24T13:05:39+00:00","og_image":[{"width":1392,"height":752,"url":"https:\/\/www.narconon.online\/wp-content\/uploads\/2025\/07\/freepik__joint__94169.webp","type":"image\/webp"}],"twitter_card":"summary_large_image","twitter_site":"@NARCONONEurope","twitter_misc":{"Dur\u00e9e de lecture estim\u00e9e":"2 minutes"},"schema":{"@context":"https:\/\/schema.org","@graph":[{"@type":"WebPage","@id":"https:\/\/www.narconon.online\/glossary\/what-is-joint\/","url":"https:\/\/www.narconon.online\/glossary\/what-is-joint\/","name":"Qu'est-ce que l'articulation et ses effets sur la sant\u00e9 ?","isPartOf":{"@id":"https:\/\/www.narconon.online\/#website"},"primaryImageOfPage":{"@id":"https:\/\/www.narconon.online\/glossary\/what-is-joint\/#primaryimage"},"image":{"@id":"https:\/\/www.narconon.online\/glossary\/what-is-joint\/#primaryimage"},"thumbnailUrl":"https:\/\/www.narconon.online\/wp-content\/uploads\/2025\/07\/freepik__joint__94169.webp","datePublished":"2025-07-23T15:09:14+00:00","dateModified":"2025-07-24T13:05:39+00:00","description":"Qu'est-ce qu'un joint ? D\u00e9couvrez la d\u00e9finition et les d\u00e9tails des cigarettes roul\u00e9es \u00e0 la main remplies de marijuana et leurs effets sur la sant\u00e9.","breadcrumb":{"@id":"https:\/\/www.narconon.online\/glossary\/what-is-joint\/#breadcrumb"},"inLanguage":"fr-FR","potentialAction":[{"@type":"ReadAction","target":["https:\/\/www.narconon.online\/glossary\/what-is-joint\/"]}]},{"@type":"ImageObject","inLanguage":"fr-FR","@id":"https:\/\/www.narconon.online\/glossary\/what-is-joint\/#primaryimage","url":"https:\/\/www.narconon.online\/wp-content\/uploads\/2025\/07\/freepik__joint__94169.webp","contentUrl":"https:\/\/www.narconon.online\/wp-content\/uploads\/2025\/07\/freepik__joint__94169.webp"},{"@type":"BreadcrumbList","@id":"https:\/\/www.narconon.online\/glossary\/what-is-joint\/#breadcrumb","itemListElement":[{"@type":"ListItem","position":1,"name":"Home","item":"https:\/\/www.narconon.online\/"},{"@type":"ListItem","position":2,"name":"Glossary of Drug Terms and Definitions","item":"https:\/\/www.narconon.online\/glossary\/"},{"@type":"ListItem","position":3,"name":"What is Joint?"}]},{"@type":"WebSite","@id":"https:\/\/www.narconon.online\/#website","url":"https:\/\/www.narconon.online\/","name":"Narconon Europe","description":"Lib\u00e9r\u00e9 de la drogue pour de bon","publisher":{"@id":"https:\/\/www.narconon.online\/#organization"},"potentialAction":[{"@type":"SearchAction","target":{"@type":"EntryPoint","urlTemplate":"https:\/\/www.narconon.online\/?s={search_term_string}"},"query-input":{"@type":"PropertyValueSpecification","valueRequired":true,"valueName":"search_term_string"}}],"inLanguage":"fr-FR"},{"@type":"Organization","@id":"https:\/\/www.narconon.online\/#organization","name":"Narconon Europe","url":"https:\/\/www.narconon.online\/","logo":{"@type":"ImageObject","inLanguage":"fr-FR","@id":"https:\/\/www.narconon.online\/#\/schema\/logo\/image\/","url":"https:\/\/www.narconon.online\/wp-content\/uploads\/2025\/03\/Logo-Narconon-Europe-2.png","contentUrl":"https:\/\/www.narconon.online\/wp-content\/uploads\/2025\/03\/Logo-Narconon-Europe-2.png","width":2000,"height":707,"caption":"Narconon Europe"},"image":{"@id":"https:\/\/www.narconon.online\/#\/schema\/logo\/image\/"},"sameAs":["https:\/\/www.facebook.com\/narcononeu","https:\/\/x.com\/NARCONONEurope","https:\/\/www.instagram.com\/narconon.europe\/","https:\/\/www.youtube.com\/channel\/UCNUxvhoqZZCAxXCYO4K7MvA","https:\/\/www.tiktok.com\/@narconon.europe"]}]}},"_links":{"self":[{"href":"https:\/\/www.narconon.online\/fr\/wp-json\/wp\/v2\/pages\/6113","targetHints":{"allow":["GET"]}}],"collection":[{"href":"https:\/\/www.narconon.online\/fr\/wp-json\/wp\/v2\/pages"}],"about":[{"href":"https:\/\/www.narconon.online\/fr\/wp-json\/wp\/v2\/types\/page"}],"author":[{"embeddable":true,"href":"https:\/\/www.narconon.online\/fr\/wp-json\/wp\/v2\/users\/43"}],"replies":[{"embeddable":true,"href":"https:\/\/www.narconon.online\/fr\/wp-json\/wp\/v2\/comments?post=6113"}],"version-history":[{"count":9,"href":"https:\/\/www.narconon.online\/fr\/wp-json\/wp\/v2\/pages\/6113\/revisions"}],"predecessor-version":[{"id":6564,"href":"https:\/\/www.narconon.online\/fr\/wp-json\/wp\/v2\/pages\/6113\/revisions\/6564"}],"up":[{"embeddable":true,"href":"https:\/\/www.narconon.online\/fr\/wp-json\/wp\/v2\/pages\/5868"}],"wp:attachment":[{"href":"https:\/\/www.narconon.online\/fr\/wp-json\/wp\/v2\/media?parent=6113"}],"curies":[{"name":"wp","href":"https:\/\/api.w.org\/{rel}","templated":true}]}}