{"id":6070,"date":"2025-07-23T15:52:52","date_gmt":"2025-07-23T13:52:52","guid":{"rendered":"https:\/\/www.narconon.online\/?page_id=6070"},"modified":"2025-07-24T08:56:47","modified_gmt":"2025-07-24T06:56:47","slug":"quest-ce-que-la-cocaine","status":"publish","type":"page","link":"https:\/\/www.narconon.online\/fr\/glossaire\/quest-ce-que-la-cocaine\/","title":{"rendered":"Qu'est-ce que la coca\u00efne ?"},"content":{"rendered":"<div data-elementor-type=\"wp-page\" data-elementor-id=\"6070\" class=\"elementor elementor-6070\" data-elementor-post-type=\"page\">\n\t\t\t\t<div class=\"elementor-element elementor-element-14d08559 e-flex e-con-boxed e-con e-parent\" data-id=\"14d08559\" data-element_type=\"container\" data-e-type=\"container\">\n\t\t\t\t\t<div class=\"e-con-inner\">\n\t\t<div class=\"elementor-element elementor-element-1cae676 e-grid e-con-full e-con e-child\" data-id=\"1cae676\" data-element_type=\"container\" data-e-type=\"container\">\n\t\t\t\t<div class=\"elementor-element elementor-element-ddfcbba elementor-widget elementor-widget-text-editor\" data-id=\"ddfcbba\" data-element_type=\"widget\" data-e-type=\"widget\" data-widget_type=\"text-editor.default\">\n\t\t\t\t<div class=\"elementor-widget-container\">\n\t\t\t\t\t\t\t\t\t<p data-start=\"284\" data-end=\"476\"><strong data-start=\"284\" data-end=\"324\">La coca\u00efne est un puissant stimulant<\/strong> fabriqu\u00e9 \u00e0 partir des feuilles de la plante de coca. Elle est ill\u00e9gale dans la plupart des pays et est utilis\u00e9e \u00e0 des fins r\u00e9cr\u00e9atives pour ses effets euphorisants et \u00e9nergisants de courte dur\u00e9e.<\/p>\n<p data-start=\"478\" data-end=\"738\">La coca\u00efne se pr\u00e9sente g\u00e9n\u00e9ralement sous forme de <strong data-start=\"505\" data-end=\"533\">poudre cristalline blanche<\/strong> et est <strong data-start=\"541\" data-end=\"595\">renifl\u00e9, frott\u00e9 sur les gencives, ou dissous et inject\u00e9<\/strong>. La forme fumable de la coca\u00efne est appel\u00e9e <strong data-start=\"634\" data-end=\"643\">fissure<\/strong>. Il provoque <strong data-start=\"655\" data-end=\"696\">augmentation de la vigilance, diminution de l'app\u00e9tit<\/strong>et <strong data-start=\"702\" data-end=\"737\">des sentiments de pouvoir ou de confiance<\/strong>.<\/p>\n<p data-start=\"740\" data-end=\"942\">Cependant, la coca\u00efne entra\u00eene \u00e9galement <strong data-start=\"771\" data-end=\"810\">d\u00e9pendance, parano\u00efa, probl\u00e8mes cardiaques<\/strong>et <strong data-start=\"816\" data-end=\"836\">comportement violent<\/strong>. Ses effets s'estompent rapidement, ce qui pousse les utilisateurs \u00e0 en consommer davantage, ce qui accro\u00eet le risque d'accident. <strong data-start=\"920\" data-end=\"941\">surdose ou d\u00e9c\u00e8s<\/strong>.<\/p>\t\t\t\t\t\t\t\t<\/div>\n\t\t\t\t<\/div>\n\t\t\t\t<div class=\"elementor-element elementor-element-8f955ba elementor-widget elementor-widget-image\" data-id=\"8f955ba\" data-element_type=\"widget\" data-e-type=\"widget\" data-widget_type=\"image.default\">\n\t\t\t\t<div class=\"elementor-widget-container\">\n\t\t\t\t\t\t\t\t\t\t\t\t\t\t\t<img fetchpriority=\"high\" decoding=\"async\" width=\"1392\" height=\"752\" src=\"https:\/\/www.narconon.online\/wp-content\/uploads\/2025\/07\/freepik__white-cocaine-powder-next-to-euro-banknote-and-pla__41438.webp\" class=\"attachment-full size-full wp-image-6072\" alt=\"Poudre de coca\u00efne blanche \u00e0 c\u00f4t\u00e9 d&#039;un billet d&#039;euro et d&#039;un sac en plastique sur fond blanc\" srcset=\"https:\/\/www.narconon.online\/wp-content\/uploads\/2025\/07\/freepik__white-cocaine-powder-next-to-euro-banknote-and-pla__41438.webp 1392w, https:\/\/www.narconon.online\/wp-content\/uploads\/2025\/07\/freepik__white-cocaine-powder-next-to-euro-banknote-and-pla__41438-300x162.webp 300w, https:\/\/www.narconon.online\/wp-content\/uploads\/2025\/07\/freepik__white-cocaine-powder-next-to-euro-banknote-and-pla__41438-1024x553.webp 1024w, https:\/\/www.narconon.online\/wp-content\/uploads\/2025\/07\/freepik__white-cocaine-powder-next-to-euro-banknote-and-pla__41438-768x415.webp 768w, https:\/\/www.narconon.online\/wp-content\/uploads\/2025\/07\/freepik__white-cocaine-powder-next-to-euro-banknote-and-pla__41438-18x10.webp 18w\" sizes=\"(max-width: 1392px) 100vw, 1392px\" \/>\t\t\t\t\t\t\t\t\t\t\t\t\t\t\t<\/div>\n\t\t\t\t<\/div>\n\t\t\t\t<\/div>\n\t\t\t\t\t<\/div>\n\t\t\t\t<\/div>\n\t\t<div class=\"elementor-element elementor-element-064fdba e-flex e-con-boxed e-con e-parent\" data-id=\"064fdba\" data-element_type=\"container\" data-e-type=\"container\">\n\t\t\t\t\t<div class=\"e-con-inner\">\n\t\t<div class=\"elementor-element elementor-element-ecec8f5 e-grid e-con-full e-con e-child\" data-id=\"ecec8f5\" data-element_type=\"container\" data-e-type=\"container\">\n\t\t\t\t<div class=\"elementor-element elementor-element-0f0e55c elementor-widget elementor-widget-text-editor\" data-id=\"0f0e55c\" data-element_type=\"widget\" data-e-type=\"widget\" data-widget_type=\"text-editor.default\">\n\t\t\t\t<div class=\"elementor-widget-container\">\n\t\t\t\t\t\t\t\t\t<h3 id=\"h-related-terms\" class=\"wp-block-heading\">\ud83e\udde0 Termes connexes<\/h3>\n<ul data-spread=\"false\" data-pm-slice=\"3 3 []\">\n<li><a href=\"https:\/\/www.narconon.online\/fr\/glossaire\/quest-ce-que-le-crack\/\">Fissure<\/a><\/li>\n<li><a href=\"https:\/\/www.narconon.online\/fr\/glossaire\/quest-ce-quun-stimulant\/\">Stimulants<\/a><\/li>\n<li>\n<p><a href=\"https:\/\/www.narconon.online\/fr\/glossaire\/quest-ce-que-loverdose\/\">Surdose<\/a><\/p>\n<\/li>\n<li>\n<p><a href=\"https:\/\/www.narconon.online\/fr\/glossaire\/\">Index du glossaire<\/a><\/p>\n<\/li>\n<\/ul>\t\t\t\t\t\t\t\t<\/div>\n\t\t\t\t<\/div>\n\t\t\t\t<div class=\"elementor-element elementor-element-03e5102 elementor-widget elementor-widget-text-editor\" data-id=\"03e5102\" data-element_type=\"widget\" data-e-type=\"widget\" data-widget_type=\"text-editor.default\">\n\t\t\t\t<div class=\"elementor-widget-container\">\n\t\t\t\t\t\t\t\t\t<p id=\"h-related-terms\" class=\"wp-block-heading\">\ud83d\udc49 En savoir plus sur la pr\u00e9vention :<br \/><a class=\"\" href=\"https:\/\/www.narcononeurope.dk\/en\/drug-abuse\/\" target=\"_blank\" rel=\"noopener\">Narconon Europe - Aide aux toxicomanes<\/a><\/p>\n<p><!-- \/wp:list-item --><\/p>\n<p><!-- \/wp:list --><!-- wp:paragraph --><\/p>\n<p>\ud83d\udc49 Pour plus de contenu \u00e9ducatif, voir notre site web <a class=\"\" href=\"https:\/\/www.narconon.online\/fr\/materiel-de-prevention-de-leducation-a-la-drogue\/\">Mat\u00e9riel d'\u00e9ducation et de pr\u00e9vention en mati\u00e8re de drogues<\/a><\/p>\t\t\t\t\t\t\t\t<\/div>\n\t\t\t\t<\/div>\n\t\t\t\t<\/div>\n\t\t\t\t<div class=\"elementor-element elementor-element-1497776 elementor-widget elementor-widget-heading\" data-id=\"1497776\" data-element_type=\"widget\" data-e-type=\"widget\" data-widget_type=\"heading.default\">\n\t\t\t\t<div class=\"elementor-widget-container\">\n\t\t\t\t\t<h2 class=\"elementor-heading-title elementor-size-default\">Questions fr\u00e9quemment pos\u00e9es sur la coca\u00efne<\/h2>\t\t\t\t<\/div>\n\t\t\t\t<\/div>\n\t\t\t\t<div class=\"elementor-element elementor-element-a24ee80 elementor-widget elementor-widget-text-editor\" data-id=\"a24ee80\" data-element_type=\"widget\" data-e-type=\"widget\" data-widget_type=\"text-editor.default\">\n\t\t\t\t<div class=\"elementor-widget-container\">\n\t\t\t\t\t\t\t\t\t<p data-start=\"1211\" data-end=\"1315\"><strong data-start=\"1211\" data-end=\"1243\">1. A quoi sert la coca\u00efne ?<\/strong><br data-start=\"1243\" data-end=\"1246\" \/>Dans l'ill\u00e9galit\u00e9, elle est utilis\u00e9e pour obtenir un high rapide, une \u00e9nergie accrue et de l'euphorie.<\/p>\n<p data-start=\"1317\" data-end=\"1422\"><strong data-start=\"1317\" data-end=\"1349\">2. Pourquoi la coca\u00efne est-elle dangereuse ?<\/strong><br data-start=\"1349\" data-end=\"1352\" \/>Il peut provoquer une d\u00e9pendance, une crise cardiaque, un accident vasculaire c\u00e9r\u00e9bral et un comportement agressif.<\/p>\n<p data-start=\"1424\" data-end=\"1540\"><strong data-start=\"1424\" data-end=\"1454\">3. A quoi ressemble-t-il ?<\/strong><br data-start=\"1454\" data-end=\"1457\" \/>Il se pr\u00e9sente sous la forme d'une fine poudre blanche, parfois emball\u00e9e dans un film plastique ou un petit sac.<\/p>\n<p data-start=\"1542\" data-end=\"1660\"><strong data-start=\"1542\" data-end=\"1585\">4. Quelqu'un peut-il le prendre \u00e0 son insu ?<\/strong><br data-start=\"1585\" data-end=\"1588\" \/>Oui, il peut \u00eatre m\u00e9lang\u00e9 \u00e0 d'autres substances \u00e0 l'insu de l'utilisateur.<\/p>\n<p data-start=\"1662\" data-end=\"1793\"><strong data-start=\"1662\" data-end=\"1699\">5. Comment \u00e9viter la coca\u00efne ?<\/strong><br data-start=\"1699\" data-end=\"1702\" \/>\u00c9vitez les poudres inconnues, tenez-vous \u00e0 l'\u00e9cart des milieux o\u00f9 l'on consomme de la drogue et cherchez \u00e0 obtenir une \u00e9ducation fiable.<\/p>\t\t\t\t\t\t\t\t<\/div>\n\t\t\t\t<\/div>\n\t\t\t\t<div class=\"elementor-element elementor-element-3c88435 elementor-widget elementor-widget-html\" data-id=\"3c88435\" data-element_type=\"widget\" data-e-type=\"widget\" data-widget_type=\"html.default\">\n\t\t\t\t<div class=\"elementor-widget-container\">\n\t\t\t\t\t<script type=\"application\/ld+json\">{\n    \"@context\": \"https:\\\/\\\/schema.org\",\n    \"@type\": \"WebPage\",\n    \"name\": \"What is Cocaine?\",\n    \"url\": \"https:\\\/\\\/www.narconon.online\\\/glossary\\\/what-is-cocaine\\\/\",\n    \"description\": \"Cocaine is a powerful illegal stimulant drug. Learn what it looks like, how it affects the body, and why it\\u2019s addictive and dangerous.\",\n    \"datePublished\": \"2025-07-23\",\n    \"publisher\": {\n        \"@type\": \"Organization\",\n        \"name\": \"Narconon Europe\",\n        \"url\": \"https:\\\/\\\/www.narcononeurope.dk\"\n    },\n    \"mainEntity\": {\n        \"@type\": \"FAQPage\",\n        \"mainEntity\": [\n            {\n                \"@type\": \"Question\",\n                \"name\": \"What is cocaine used for?\",\n                \"acceptedAnswer\": {\n                    \"@type\": \"Answer\",\n                    \"text\": \"Illegally, it's used for a fast high, increased energy, and euphoria.\"\n                }\n            },\n            {\n                \"@type\": \"Question\",\n                \"name\": \"Why is cocaine dangerous?\",\n                \"acceptedAnswer\": {\n                    \"@type\": \"Answer\",\n                    \"text\": \"It can cause addiction, heart attack, stroke, and aggressive behavior.\"\n                }\n            },\n            {\n                \"@type\": \"Question\",\n                \"name\": \"What does it look like?\",\n                \"acceptedAnswer\": {\n                    \"@type\": \"Answer\",\n                    \"text\": \"It appears as a fine white powder, sometimes packed in plastic wraps or small bags.\"\n                }\n            },\n            {\n                \"@type\": \"Question\",\n                \"name\": \"Can someone take it without knowing?\",\n                \"acceptedAnswer\": {\n                    \"@type\": \"Answer\",\n                    \"text\": \"Yes, it can be mixed into other substances without the user's awareness.\"\n                }\n            },\n            {\n                \"@type\": \"Question\",\n                \"name\": \"How can someone avoid cocaine?\",\n                \"acceptedAnswer\": {\n                    \"@type\": \"Answer\",\n                    \"text\": \"Avoid unknown powders, stay away from drug-using environments, and seek reliable education.\"\n                }\n            }\n        ]\n    }\n}<\/script>\r\n\t\t\t\t<\/div>\n\t\t\t\t<\/div>\n\t\t\t\t\t<\/div>\n\t\t\t\t<\/div>\n\t\t\t\t<\/div>","protected":false},"excerpt":{"rendered":"<p>Cocaine is a powerful stimulant drug made from the leaves of the coca plant. It is illegal in most countries [&hellip;]<\/p>","protected":false},"author":43,"featured_media":0,"parent":5868,"menu_order":0,"comment_status":"closed","ping_status":"closed","template":"","meta":{"_acf_changed":false,"site-sidebar-layout":"default","site-content-layout":"","ast-site-content-layout":"default","site-content-style":"default","site-sidebar-style":"default","ast-global-header-display":"","ast-banner-title-visibility":"","ast-main-header-display":"","ast-hfb-above-header-display":"","ast-hfb-below-header-display":"","ast-hfb-mobile-header-display":"","site-post-title":"","ast-breadcrumbs-content":"","ast-featured-img":"","footer-sml-layout":"","ast-disable-related-posts":"","theme-transparent-header-meta":"","adv-header-id-meta":"","stick-header-meta":"","header-above-stick-meta":"","header-main-stick-meta":"","header-below-stick-meta":"","astra-migrate-meta-layouts":"default","ast-page-background-enabled":"default","ast-page-background-meta":{"desktop":{"background-color":"var(--ast-global-color-5)","background-image":"","background-repeat":"repeat","background-position":"center center","background-size":"auto","background-attachment":"scroll","background-type":"","background-media":"","overlay-type":"","overlay-color":"","overlay-opacity":"","overlay-gradient":""},"tablet":{"background-color":"","background-image":"","background-repeat":"repeat","background-position":"center center","background-size":"auto","background-attachment":"scroll","background-type":"","background-media":"","overlay-type":"","overlay-color":"","overlay-opacity":"","overlay-gradient":""},"mobile":{"background-color":"","background-image":"","background-repeat":"repeat","background-position":"center center","background-size":"auto","background-attachment":"scroll","background-type":"","background-media":"","overlay-type":"","overlay-color":"","overlay-opacity":"","overlay-gradient":""}},"ast-content-background-meta":{"desktop":{"background-color":"var(--ast-global-color-4)","background-image":"","background-repeat":"repeat","background-position":"center center","background-size":"auto","background-attachment":"scroll","background-type":"","background-media":"","overlay-type":"","overlay-color":"","overlay-opacity":"","overlay-gradient":""},"tablet":{"background-color":"var(--ast-global-color-4)","background-image":"","background-repeat":"repeat","background-position":"center center","background-size":"auto","background-attachment":"scroll","background-type":"","background-media":"","overlay-type":"","overlay-color":"","overlay-opacity":"","overlay-gradient":""},"mobile":{"background-color":"var(--ast-global-color-4)","background-image":"","background-repeat":"repeat","background-position":"center center","background-size":"auto","background-attachment":"scroll","background-type":"","background-media":"","overlay-type":"","overlay-color":"","overlay-opacity":"","overlay-gradient":""}},"footnotes":""},"class_list":["post-6070","page","type-page","status-publish","hentry"],"acf":[],"yoast_head":"<!-- This site is optimized with the Yoast SEO Premium plugin v26.6 (Yoast SEO v26.6) - https:\/\/yoast.com\/wordpress\/plugins\/seo\/ -->\n<title>What Is Cocaine: Understanding Its Risks<\/title>\n<meta name=\"description\" content=\"Discover what is cocaine and its effects on the body and mind. Learn about the risks and implications of cocaine use.\" \/>\n<meta name=\"robots\" content=\"index, follow, max-snippet:-1, max-image-preview:large, max-video-preview:-1\" \/>\n<link rel=\"canonical\" href=\"https:\/\/www.narconon.online\/fr\/glossaire\/quest-ce-que-la-cocaine\/\" \/>\n<meta property=\"og:locale\" content=\"fr_FR\" \/>\n<meta property=\"og:type\" content=\"article\" \/>\n<meta property=\"og:title\" content=\"What is Cocaine?\" \/>\n<meta property=\"og:description\" content=\"Discover what is cocaine and its effects on the body and mind. Learn about the risks and implications of cocaine use.\" \/>\n<meta property=\"og:url\" content=\"https:\/\/www.narconon.online\/fr\/glossaire\/quest-ce-que-la-cocaine\/\" \/>\n<meta property=\"og:site_name\" content=\"Narconon Europe\" \/>\n<meta property=\"article:publisher\" content=\"https:\/\/www.facebook.com\/narcononeu\" \/>\n<meta property=\"article:modified_time\" content=\"2025-07-24T06:56:47+00:00\" \/>\n<meta property=\"og:image\" content=\"https:\/\/www.narconon.online\/wp-content\/uploads\/2025\/07\/freepik__white-cocaine-powder-next-to-euro-banknote-and-pla__41438.webp\" \/>\n\t<meta property=\"og:image:width\" content=\"1392\" \/>\n\t<meta property=\"og:image:height\" content=\"752\" \/>\n\t<meta property=\"og:image:type\" content=\"image\/webp\" \/>\n<meta name=\"twitter:card\" content=\"summary_large_image\" \/>\n<meta name=\"twitter:site\" content=\"@NARCONONEurope\" \/>\n<meta name=\"twitter:label1\" content=\"Dur\u00e9e de lecture estim\u00e9e\" \/>\n\t<meta name=\"twitter:data1\" content=\"2 minutes\" \/>\n<script type=\"application\/ld+json\" class=\"yoast-schema-graph\">{\"@context\":\"https:\/\/schema.org\",\"@graph\":[{\"@type\":\"WebPage\",\"@id\":\"https:\/\/www.narconon.online\/glossary\/what-is-cocaine\/\",\"url\":\"https:\/\/www.narconon.online\/glossary\/what-is-cocaine\/\",\"name\":\"What Is Cocaine: Understanding Its Risks\",\"isPartOf\":{\"@id\":\"https:\/\/www.narconon.online\/#website\"},\"primaryImageOfPage\":{\"@id\":\"https:\/\/www.narconon.online\/glossary\/what-is-cocaine\/#primaryimage\"},\"image\":{\"@id\":\"https:\/\/www.narconon.online\/glossary\/what-is-cocaine\/#primaryimage\"},\"thumbnailUrl\":\"https:\/\/www.narconon.online\/wp-content\/uploads\/2025\/07\/freepik__white-cocaine-powder-next-to-euro-banknote-and-pla__41438.webp\",\"datePublished\":\"2025-07-23T13:52:52+00:00\",\"dateModified\":\"2025-07-24T06:56:47+00:00\",\"description\":\"Discover what is cocaine and its effects on the body and mind. Learn about the risks and implications of cocaine use.\",\"breadcrumb\":{\"@id\":\"https:\/\/www.narconon.online\/glossary\/what-is-cocaine\/#breadcrumb\"},\"inLanguage\":\"fr-FR\",\"potentialAction\":[{\"@type\":\"ReadAction\",\"target\":[\"https:\/\/www.narconon.online\/glossary\/what-is-cocaine\/\"]}]},{\"@type\":\"ImageObject\",\"inLanguage\":\"fr-FR\",\"@id\":\"https:\/\/www.narconon.online\/glossary\/what-is-cocaine\/#primaryimage\",\"url\":\"https:\/\/www.narconon.online\/wp-content\/uploads\/2025\/07\/freepik__white-cocaine-powder-next-to-euro-banknote-and-pla__41438.webp\",\"contentUrl\":\"https:\/\/www.narconon.online\/wp-content\/uploads\/2025\/07\/freepik__white-cocaine-powder-next-to-euro-banknote-and-pla__41438.webp\"},{\"@type\":\"BreadcrumbList\",\"@id\":\"https:\/\/www.narconon.online\/glossary\/what-is-cocaine\/#breadcrumb\",\"itemListElement\":[{\"@type\":\"ListItem\",\"position\":1,\"name\":\"Home\",\"item\":\"https:\/\/www.narconon.online\/\"},{\"@type\":\"ListItem\",\"position\":2,\"name\":\"Glossary of Drug Terms and Definitions\",\"item\":\"https:\/\/www.narconon.online\/glossary\/\"},{\"@type\":\"ListItem\",\"position\":3,\"name\":\"What is Cocaine?\"}]},{\"@type\":\"WebSite\",\"@id\":\"https:\/\/www.narconon.online\/#website\",\"url\":\"https:\/\/www.narconon.online\/\",\"name\":\"Narconon Europe\",\"description\":\"Drug Free For Good\",\"publisher\":{\"@id\":\"https:\/\/www.narconon.online\/#organization\"},\"potentialAction\":[{\"@type\":\"SearchAction\",\"target\":{\"@type\":\"EntryPoint\",\"urlTemplate\":\"https:\/\/www.narconon.online\/?s={search_term_string}\"},\"query-input\":{\"@type\":\"PropertyValueSpecification\",\"valueRequired\":true,\"valueName\":\"search_term_string\"}}],\"inLanguage\":\"fr-FR\"},{\"@type\":\"Organization\",\"@id\":\"https:\/\/www.narconon.online\/#organization\",\"name\":\"Narconon Europe\",\"url\":\"https:\/\/www.narconon.online\/\",\"logo\":{\"@type\":\"ImageObject\",\"inLanguage\":\"fr-FR\",\"@id\":\"https:\/\/www.narconon.online\/#\/schema\/logo\/image\/\",\"url\":\"https:\/\/www.narconon.online\/wp-content\/uploads\/2025\/03\/Logo-Narconon-Europe-2.png\",\"contentUrl\":\"https:\/\/www.narconon.online\/wp-content\/uploads\/2025\/03\/Logo-Narconon-Europe-2.png\",\"width\":2000,\"height\":707,\"caption\":\"Narconon Europe\"},\"image\":{\"@id\":\"https:\/\/www.narconon.online\/#\/schema\/logo\/image\/\"},\"sameAs\":[\"https:\/\/www.facebook.com\/narcononeu\",\"https:\/\/x.com\/NARCONONEurope\",\"https:\/\/www.instagram.com\/narconon.europe\/\",\"https:\/\/www.youtube.com\/channel\/UCNUxvhoqZZCAxXCYO4K7MvA\",\"https:\/\/www.tiktok.com\/@narconon.europe\"]}]}<\/script>\n<!-- \/ Yoast SEO Premium plugin. -->","yoast_head_json":{"title":"Qu'est-ce que la coca\u00efne ? Comprendre ses risques","description":"D\u00e9couvrez ce qu'est la coca\u00efne et ses effets sur le corps et l'esprit. Apprendre les risques et les implications de la consommation de coca\u00efne.","robots":{"index":"index","follow":"follow","max-snippet":"max-snippet:-1","max-image-preview":"max-image-preview:large","max-video-preview":"max-video-preview:-1"},"canonical":"https:\/\/www.narconon.online\/fr\/glossaire\/quest-ce-que-la-cocaine\/","og_locale":"fr_FR","og_type":"article","og_title":"What is Cocaine?","og_description":"Discover what is cocaine and its effects on the body and mind. Learn about the risks and implications of cocaine use.","og_url":"https:\/\/www.narconon.online\/fr\/glossaire\/quest-ce-que-la-cocaine\/","og_site_name":"Narconon Europe","article_publisher":"https:\/\/www.facebook.com\/narcononeu","article_modified_time":"2025-07-24T06:56:47+00:00","og_image":[{"width":1392,"height":752,"url":"https:\/\/www.narconon.online\/wp-content\/uploads\/2025\/07\/freepik__white-cocaine-powder-next-to-euro-banknote-and-pla__41438.webp","type":"image\/webp"}],"twitter_card":"summary_large_image","twitter_site":"@NARCONONEurope","twitter_misc":{"Dur\u00e9e de lecture estim\u00e9e":"2 minutes"},"schema":{"@context":"https:\/\/schema.org","@graph":[{"@type":"WebPage","@id":"https:\/\/www.narconon.online\/glossary\/what-is-cocaine\/","url":"https:\/\/www.narconon.online\/glossary\/what-is-cocaine\/","name":"Qu'est-ce que la coca\u00efne ? Comprendre ses risques","isPartOf":{"@id":"https:\/\/www.narconon.online\/#website"},"primaryImageOfPage":{"@id":"https:\/\/www.narconon.online\/glossary\/what-is-cocaine\/#primaryimage"},"image":{"@id":"https:\/\/www.narconon.online\/glossary\/what-is-cocaine\/#primaryimage"},"thumbnailUrl":"https:\/\/www.narconon.online\/wp-content\/uploads\/2025\/07\/freepik__white-cocaine-powder-next-to-euro-banknote-and-pla__41438.webp","datePublished":"2025-07-23T13:52:52+00:00","dateModified":"2025-07-24T06:56:47+00:00","description":"D\u00e9couvrez ce qu'est la coca\u00efne et ses effets sur le corps et l'esprit. Apprendre les risques et les implications de la consommation de coca\u00efne.","breadcrumb":{"@id":"https:\/\/www.narconon.online\/glossary\/what-is-cocaine\/#breadcrumb"},"inLanguage":"fr-FR","potentialAction":[{"@type":"ReadAction","target":["https:\/\/www.narconon.online\/glossary\/what-is-cocaine\/"]}]},{"@type":"ImageObject","inLanguage":"fr-FR","@id":"https:\/\/www.narconon.online\/glossary\/what-is-cocaine\/#primaryimage","url":"https:\/\/www.narconon.online\/wp-content\/uploads\/2025\/07\/freepik__white-cocaine-powder-next-to-euro-banknote-and-pla__41438.webp","contentUrl":"https:\/\/www.narconon.online\/wp-content\/uploads\/2025\/07\/freepik__white-cocaine-powder-next-to-euro-banknote-and-pla__41438.webp"},{"@type":"BreadcrumbList","@id":"https:\/\/www.narconon.online\/glossary\/what-is-cocaine\/#breadcrumb","itemListElement":[{"@type":"ListItem","position":1,"name":"Home","item":"https:\/\/www.narconon.online\/"},{"@type":"ListItem","position":2,"name":"Glossary of Drug Terms and Definitions","item":"https:\/\/www.narconon.online\/glossary\/"},{"@type":"ListItem","position":3,"name":"What is Cocaine?"}]},{"@type":"WebSite","@id":"https:\/\/www.narconon.online\/#website","url":"https:\/\/www.narconon.online\/","name":"Narconon Europe","description":"Lib\u00e9r\u00e9 de la drogue pour de bon","publisher":{"@id":"https:\/\/www.narconon.online\/#organization"},"potentialAction":[{"@type":"SearchAction","target":{"@type":"EntryPoint","urlTemplate":"https:\/\/www.narconon.online\/?s={search_term_string}"},"query-input":{"@type":"PropertyValueSpecification","valueRequired":true,"valueName":"search_term_string"}}],"inLanguage":"fr-FR"},{"@type":"Organization","@id":"https:\/\/www.narconon.online\/#organization","name":"Narconon Europe","url":"https:\/\/www.narconon.online\/","logo":{"@type":"ImageObject","inLanguage":"fr-FR","@id":"https:\/\/www.narconon.online\/#\/schema\/logo\/image\/","url":"https:\/\/www.narconon.online\/wp-content\/uploads\/2025\/03\/Logo-Narconon-Europe-2.png","contentUrl":"https:\/\/www.narconon.online\/wp-content\/uploads\/2025\/03\/Logo-Narconon-Europe-2.png","width":2000,"height":707,"caption":"Narconon Europe"},"image":{"@id":"https:\/\/www.narconon.online\/#\/schema\/logo\/image\/"},"sameAs":["https:\/\/www.facebook.com\/narcononeu","https:\/\/x.com\/NARCONONEurope","https:\/\/www.instagram.com\/narconon.europe\/","https:\/\/www.youtube.com\/channel\/UCNUxvhoqZZCAxXCYO4K7MvA","https:\/\/www.tiktok.com\/@narconon.europe"]}]}},"_links":{"self":[{"href":"https:\/\/www.narconon.online\/fr\/wp-json\/wp\/v2\/pages\/6070","targetHints":{"allow":["GET"]}}],"collection":[{"href":"https:\/\/www.narconon.online\/fr\/wp-json\/wp\/v2\/pages"}],"about":[{"href":"https:\/\/www.narconon.online\/fr\/wp-json\/wp\/v2\/types\/page"}],"author":[{"embeddable":true,"href":"https:\/\/www.narconon.online\/fr\/wp-json\/wp\/v2\/users\/43"}],"replies":[{"embeddable":true,"href":"https:\/\/www.narconon.online\/fr\/wp-json\/wp\/v2\/comments?post=6070"}],"version-history":[{"count":13,"href":"https:\/\/www.narconon.online\/fr\/wp-json\/wp\/v2\/pages\/6070\/revisions"}],"predecessor-version":[{"id":6425,"href":"https:\/\/www.narconon.online\/fr\/wp-json\/wp\/v2\/pages\/6070\/revisions\/6425"}],"up":[{"embeddable":true,"href":"https:\/\/www.narconon.online\/fr\/wp-json\/wp\/v2\/pages\/5868"}],"wp:attachment":[{"href":"https:\/\/www.narconon.online\/fr\/wp-json\/wp\/v2\/media?parent=6070"}],"curies":[{"name":"wp","href":"https:\/\/api.w.org\/{rel}","templated":true}]}}