{"id":6036,"date":"2025-07-23T14:52:38","date_gmt":"2025-07-23T12:52:38","guid":{"rendered":"https:\/\/www.narconon.online\/?page_id=6036"},"modified":"2025-07-24T15:33:55","modified_gmt":"2025-07-24T13:33:55","slug":"quest-ce-que-les-amphetamines","status":"publish","type":"page","link":"https:\/\/www.narconon.online\/fr\/glossaire\/quest-ce-que-les-amphetamines\/","title":{"rendered":"Qu'est-ce que les amph\u00e9tamines ?"},"content":{"rendered":"<div data-elementor-type=\"wp-page\" data-elementor-id=\"6036\" class=\"elementor elementor-6036\" data-elementor-post-type=\"page\">\n\t\t\t\t<div class=\"elementor-element elementor-element-14d08559 e-flex e-con-boxed e-con e-parent\" data-id=\"14d08559\" data-element_type=\"container\" data-e-type=\"container\">\n\t\t\t\t\t<div class=\"e-con-inner\">\n\t\t<div class=\"elementor-element elementor-element-1cae676 e-grid e-con-full e-con e-child\" data-id=\"1cae676\" data-element_type=\"container\" data-e-type=\"container\">\n\t\t\t\t<div class=\"elementor-element elementor-element-ddfcbba elementor-widget elementor-widget-text-editor\" data-id=\"ddfcbba\" data-element_type=\"widget\" data-e-type=\"widget\" data-widget_type=\"text-editor.default\">\n\t\t\t\t<div class=\"elementor-widget-container\">\n\t\t\t\t\t\t\t\t\t<p data-start=\"511\" data-end=\"712\"><strong data-start=\"511\" data-end=\"557\">Les amph\u00e9tamines sont des drogues synth\u00e9tiques stimulantes<\/strong> qui affectent le syst\u00e8me nerveux central. Elles sont g\u00e9n\u00e9ralement <strong data-start=\"616\" data-end=\"653\">prescrit pour le TDAH ou la narcolepsie<\/strong>mais sont \u00e9galement <strong data-start=\"668\" data-end=\"711\">utilis\u00e9 \u00e0 mauvais escient pour stimuler l'\u00e9nergie, la concentration ou l'humeur<\/strong>.<\/p>\n<p data-start=\"714\" data-end=\"974\">Ils se pr\u00e9sentent g\u00e9n\u00e9ralement sous la forme <strong data-start=\"739\" data-end=\"777\">comprim\u00e9s, g\u00e9lules ou poudre blanche<\/strong>. Les amph\u00e9tamines illicites sont souvent appel\u00e9es <strong data-start=\"817\" data-end=\"840\">\"speed\" ou \"uppers\"<\/strong>et peut \u00eatre <strong data-start=\"853\" data-end=\"896\">aval\u00e9, renifl\u00e9, fum\u00e9 ou inject\u00e9<\/strong>. Les abus peuvent entra\u00eener <strong data-start=\"916\" data-end=\"944\">agitation, agressivit\u00e9<\/strong>et <strong data-start=\"950\" data-end=\"973\">rythme cardiaque irr\u00e9gulier<\/strong>.<\/p>\n<p data-start=\"976\" data-end=\"1143\">Un usage abusif \u00e0 long terme augmente le risque de <strong data-start=\"1015\" data-end=\"1047\">d\u00e9pendance, anxi\u00e9t\u00e9, parano\u00efa<\/strong>et <strong data-start=\"1053\" data-end=\"1086\">des probl\u00e8mes cardiovasculaires graves<\/strong>. M\u00eame un abus de courte dur\u00e9e peut entra\u00eener des effets secondaires dangereux.<\/p>\t\t\t\t\t\t\t\t<\/div>\n\t\t\t\t<\/div>\n\t\t\t\t<div class=\"elementor-element elementor-element-8f955ba elementor-widget elementor-widget-image\" data-id=\"8f955ba\" data-element_type=\"widget\" data-e-type=\"widget\" data-widget_type=\"image.default\">\n\t\t\t\t<div class=\"elementor-widget-container\">\n\t\t\t\t\t\t\t\t\t\t\t\t\t\t\t<img fetchpriority=\"high\" decoding=\"async\" width=\"1392\" height=\"752\" src=\"https:\/\/www.narconon.online\/wp-content\/uploads\/2025\/07\/freepik__a-clean-studio-image-showing-three-common-forms-of__41434.webp\" class=\"attachment-full size-full wp-image-6038\" alt=\"L&#039;amph\u00e9tamine se pr\u00e9sente sous trois formes : un liquide clair dans un flacon, une poudre blanche dans un sachet en plastique et des comprim\u00e9s color\u00e9s avec des logos.\" srcset=\"https:\/\/www.narconon.online\/wp-content\/uploads\/2025\/07\/freepik__a-clean-studio-image-showing-three-common-forms-of__41434.webp 1392w, https:\/\/www.narconon.online\/wp-content\/uploads\/2025\/07\/freepik__a-clean-studio-image-showing-three-common-forms-of__41434-300x162.webp 300w, https:\/\/www.narconon.online\/wp-content\/uploads\/2025\/07\/freepik__a-clean-studio-image-showing-three-common-forms-of__41434-1024x553.webp 1024w, https:\/\/www.narconon.online\/wp-content\/uploads\/2025\/07\/freepik__a-clean-studio-image-showing-three-common-forms-of__41434-768x415.webp 768w, https:\/\/www.narconon.online\/wp-content\/uploads\/2025\/07\/freepik__a-clean-studio-image-showing-three-common-forms-of__41434-18x10.webp 18w\" sizes=\"(max-width: 1392px) 100vw, 1392px\" \/>\t\t\t\t\t\t\t\t\t\t\t\t\t\t\t<\/div>\n\t\t\t\t<\/div>\n\t\t\t\t<\/div>\n\t\t\t\t\t<\/div>\n\t\t\t\t<\/div>\n\t\t<div class=\"elementor-element elementor-element-064fdba e-flex e-con-boxed e-con e-parent\" data-id=\"064fdba\" data-element_type=\"container\" data-e-type=\"container\">\n\t\t\t\t\t<div class=\"e-con-inner\">\n\t\t<div class=\"elementor-element elementor-element-ecec8f5 e-grid e-con-full e-con e-child\" data-id=\"ecec8f5\" data-element_type=\"container\" data-e-type=\"container\">\n\t\t\t\t<div class=\"elementor-element elementor-element-0f0e55c elementor-widget elementor-widget-text-editor\" data-id=\"0f0e55c\" data-element_type=\"widget\" data-e-type=\"widget\" data-widget_type=\"text-editor.default\">\n\t\t\t\t<div class=\"elementor-widget-container\">\n\t\t\t\t\t\t\t\t\t<h3 id=\"h-related-terms\" class=\"wp-block-heading\">\ud83e\udde0 Termes connexes<\/h3>\n<ul>\n<li data-start=\"1025\" data-end=\"1074\">\n<p data-start=\"1027\" data-end=\"1074\"><a class=\"cursor-pointer\" href=\"https:\/\/www.narconon.online\/fr\/glossaire\/quest-ce-quun-stimulant\/\" rel=\"noopener\" data-start=\"1027\" data-end=\"1072\">Stimulants<\/a><\/p>\n<\/li>\n<li data-start=\"1075\" data-end=\"1110\">\n<p data-start=\"1077\" data-end=\"1110\"><a href=\"https:\/\/www.narconon.online\/fr\/glossaire\/quest-ce-que-la-methamphetamine\/\">M\u00e9thamph\u00e9tamines<\/a><\/p>\n<\/li>\n<li data-start=\"1194\" data-end=\"1224\">\n<p data-start=\"1196\" data-end=\"1224\"><a class=\"\" href=\"\/fr\/glossaire\/\" rel=\"noopener\" data-start=\"1196\" data-end=\"1224\">Index du glossaire<\/a><\/p>\n<\/li>\n<\/ul>\t\t\t\t\t\t\t\t<\/div>\n\t\t\t\t<\/div>\n\t\t\t\t<div class=\"elementor-element elementor-element-03e5102 elementor-widget elementor-widget-text-editor\" data-id=\"03e5102\" data-element_type=\"widget\" data-e-type=\"widget\" data-widget_type=\"text-editor.default\">\n\t\t\t\t<div class=\"elementor-widget-container\">\n\t\t\t\t\t\t\t\t\t<p id=\"h-related-terms\" class=\"wp-block-heading\">\ud83d\udc49 En savoir plus sur la pr\u00e9vention :<br \/><a class=\"\" href=\"https:\/\/www.narcononeurope.dk\/en\/drug-abuse\/\" target=\"_blank\" rel=\"noopener\">Narconon Europe - Aide aux toxicomanes<\/a><\/p>\n<p><!-- \/wp:list-item --><\/p>\n<p><!-- \/wp:list --><!-- wp:paragraph --><\/p>\n<p>\ud83d\udc49 Pour plus de contenu \u00e9ducatif, voir notre site web <a class=\"\" href=\"https:\/\/www.narconon.online\/fr\/materiel-de-prevention-de-leducation-a-la-drogue\/\">Mat\u00e9riel d'\u00e9ducation et de pr\u00e9vention en mati\u00e8re de drogues<\/a><\/p>\t\t\t\t\t\t\t\t<\/div>\n\t\t\t\t<\/div>\n\t\t\t\t<\/div>\n\t\t\t\t<div class=\"elementor-element elementor-element-1497776 elementor-widget elementor-widget-heading\" data-id=\"1497776\" data-element_type=\"widget\" data-e-type=\"widget\" data-widget_type=\"heading.default\">\n\t\t\t\t<div class=\"elementor-widget-container\">\n\t\t\t\t\t<h2 class=\"elementor-heading-title elementor-size-default\">Questions fr\u00e9quemment pos\u00e9es sur les amph\u00e9tamines<\/h2>\t\t\t\t<\/div>\n\t\t\t\t<\/div>\n\t\t\t\t<div class=\"elementor-element elementor-element-a24ee80 elementor-widget elementor-widget-text-editor\" data-id=\"a24ee80\" data-element_type=\"widget\" data-e-type=\"widget\" data-widget_type=\"text-editor.default\">\n\t\t\t\t<div class=\"elementor-widget-container\">\n\t\t\t\t\t\t\t\t\t<p data-start=\"261\" data-end=\"399\"><strong data-start=\"261\" data-end=\"298\">1. A quoi servent les amph\u00e9tamines ?<\/strong><br data-start=\"298\" data-end=\"301\" \/>Ils sont prescrits pour le TDAH ou la narcolepsie, mais sont \u00e9galement utilis\u00e9s \u00e0 mauvais escient pour augmenter l'\u00e9nergie ou la vigilance.<\/p>\n<p data-start=\"401\" data-end=\"516\"><strong data-start=\"401\" data-end=\"438\">2. Pourquoi les amph\u00e9tamines sont-elles dangereuses ?<\/strong><br data-start=\"438\" data-end=\"441\" \/>Ils peuvent entra\u00eener des probl\u00e8mes cardiaques, une d\u00e9pendance, une parano\u00efa et un comportement erratique.<\/p>\n<p data-start=\"518\" data-end=\"650\"><strong data-start=\"518\" data-end=\"548\">3. A quoi ressemble-t-il ?<\/strong><br data-start=\"548\" data-end=\"551\" \/>Il peut se pr\u00e9senter sous la forme de petites pilules, de g\u00e9lules ou de poudre, souvent blanches et vendues dans des emballages plastiques ou des sachets.<\/p>\n<p data-start=\"652\" data-end=\"770\"><strong data-start=\"652\" data-end=\"695\">4. Quelqu'un peut-il le prendre \u00e0 son insu ?<\/strong><br data-start=\"695\" data-end=\"698\" \/>Oui, il peut \u00eatre m\u00e9lang\u00e9 \u00e0 d'autres substances ou d\u00e9guis\u00e9 en une autre pilule.<\/p>\n<p data-start=\"772\" data-end=\"915\"><strong data-start=\"772\" data-end=\"814\">5. Comment \u00e9viter les amph\u00e9tamines ?<\/strong><br data-start=\"814\" data-end=\"817\" \/>N'utilisez que les m\u00e9dicaments prescrits, \u00e9vitez les pilules inconnues et informez-vous sur les risques li\u00e9s aux stimulants.<\/p>\t\t\t\t\t\t\t\t<\/div>\n\t\t\t\t<\/div>\n\t\t\t\t<div class=\"elementor-element elementor-element-3c88435 elementor-widget elementor-widget-html\" data-id=\"3c88435\" data-element_type=\"widget\" data-e-type=\"widget\" data-widget_type=\"html.default\">\n\t\t\t\t<div class=\"elementor-widget-container\">\n\t\t\t\t\t<script type=\"application\/ld+json\">{\n    \"@context\": \"https:\\\/\\\/schema.org\",\n    \"@type\": \"WebPage\",\n    \"name\": \"What is Amphetamines?\",\n    \"url\": \"https:\\\/\\\/www.narconon.online\\\/glossary\\\/what-is-amphetamines\\\/\",\n    \"description\": \"Amphetamines are stimulant drugs sometimes prescribed for ADHD or narcolepsy. Learn their risks, forms, and how to avoid misuse.\",\n    \"datePublished\": \"2025-07-23\",\n    \"publisher\": {\n        \"@type\": \"Organization\",\n        \"name\": \"Narconon Europe\",\n        \"url\": \"https:\\\/\\\/www.narcononeurope.dk\"\n    },\n    \"mainEntity\": {\n        \"@type\": \"FAQPage\",\n        \"mainEntity\": [\n            {\n                \"@type\": \"Question\",\n                \"name\": \"What is amphetamines used for?\",\n                \"acceptedAnswer\": {\n                    \"@type\": \"Answer\",\n                    \"text\": \"They are prescribed for ADHD or narcolepsy but are also misused for increased energy or alertness.\"\n                }\n            },\n            {\n                \"@type\": \"Question\",\n                \"name\": \"Why is amphetamines dangerous?\",\n                \"acceptedAnswer\": {\n                    \"@type\": \"Answer\",\n                    \"text\": \"They can lead to heart problems, addiction, paranoia, and erratic behavior.\"\n                }\n            },\n            {\n                \"@type\": \"Question\",\n                \"name\": \"What does it look like?\",\n                \"acceptedAnswer\": {\n                    \"@type\": \"Answer\",\n                    \"text\": \"It can appear as small pills, capsules, or powder\\u2014often white and sold in plastic wraps or baggies.\"\n                }\n            },\n            {\n                \"@type\": \"Question\",\n                \"name\": \"Can someone take it without knowing?\",\n                \"acceptedAnswer\": {\n                    \"@type\": \"Answer\",\n                    \"text\": \"Yes, it may be mixed into other substances or disguised as another pill.\"\n                }\n            },\n            {\n                \"@type\": \"Question\",\n                \"name\": \"How can someone avoid amphetamines?\",\n                \"acceptedAnswer\": {\n                    \"@type\": \"Answer\",\n                    \"text\": \"Use only prescribed medication, avoid unknown pills, and educate yourself on stimulant drug risks.\"\n                }\n            }\n        ]\n    }\n}<\/script>\r\n\t\t\t\t<\/div>\n\t\t\t\t<\/div>\n\t\t\t\t\t<\/div>\n\t\t\t\t<\/div>\n\t\t\t\t<\/div>","protected":false},"excerpt":{"rendered":"<p>Les amph\u00e9tamines sont des stimulants synth\u00e9tiques qui agissent sur le syst\u00e8me nerveux central. Elles sont couramment prescrites pour le TDAH ou la narcolepsie, mais [...]<\/p>","protected":false},"author":43,"featured_media":0,"parent":5868,"menu_order":0,"comment_status":"closed","ping_status":"closed","template":"","meta":{"_acf_changed":false,"site-sidebar-layout":"default","site-content-layout":"","ast-site-content-layout":"default","site-content-style":"default","site-sidebar-style":"default","ast-global-header-display":"","ast-banner-title-visibility":"","ast-main-header-display":"","ast-hfb-above-header-display":"","ast-hfb-below-header-display":"","ast-hfb-mobile-header-display":"","site-post-title":"","ast-breadcrumbs-content":"","ast-featured-img":"","footer-sml-layout":"","ast-disable-related-posts":"","theme-transparent-header-meta":"","adv-header-id-meta":"","stick-header-meta":"","header-above-stick-meta":"","header-main-stick-meta":"","header-below-stick-meta":"","astra-migrate-meta-layouts":"default","ast-page-background-enabled":"default","ast-page-background-meta":{"desktop":{"background-color":"var(--ast-global-color-5)","background-image":"","background-repeat":"repeat","background-position":"center center","background-size":"auto","background-attachment":"scroll","background-type":"","background-media":"","overlay-type":"","overlay-color":"","overlay-opacity":"","overlay-gradient":""},"tablet":{"background-color":"","background-image":"","background-repeat":"repeat","background-position":"center center","background-size":"auto","background-attachment":"scroll","background-type":"","background-media":"","overlay-type":"","overlay-color":"","overlay-opacity":"","overlay-gradient":""},"mobile":{"background-color":"","background-image":"","background-repeat":"repeat","background-position":"center center","background-size":"auto","background-attachment":"scroll","background-type":"","background-media":"","overlay-type":"","overlay-color":"","overlay-opacity":"","overlay-gradient":""}},"ast-content-background-meta":{"desktop":{"background-color":"var(--ast-global-color-4)","background-image":"","background-repeat":"repeat","background-position":"center center","background-size":"auto","background-attachment":"scroll","background-type":"","background-media":"","overlay-type":"","overlay-color":"","overlay-opacity":"","overlay-gradient":""},"tablet":{"background-color":"var(--ast-global-color-4)","background-image":"","background-repeat":"repeat","background-position":"center center","background-size":"auto","background-attachment":"scroll","background-type":"","background-media":"","overlay-type":"","overlay-color":"","overlay-opacity":"","overlay-gradient":""},"mobile":{"background-color":"var(--ast-global-color-4)","background-image":"","background-repeat":"repeat","background-position":"center center","background-size":"auto","background-attachment":"scroll","background-type":"","background-media":"","overlay-type":"","overlay-color":"","overlay-opacity":"","overlay-gradient":""}},"footnotes":""},"class_list":["post-6036","page","type-page","status-publish","hentry"],"acf":[],"yoast_head":"<!-- This site is optimized with the Yoast SEO Premium plugin v26.6 (Yoast SEO v26.6) - https:\/\/yoast.com\/wordpress\/plugins\/seo\/ -->\n<title>What Are Amphetamines: Risks and Effects<\/title>\n<meta name=\"description\" content=\"Explore what are amphetamines, their uses, and the risks of misuse for energy and focus. Learn more about their effects.\" \/>\n<meta name=\"robots\" content=\"index, follow, max-snippet:-1, max-image-preview:large, max-video-preview:-1\" \/>\n<link rel=\"canonical\" href=\"https:\/\/www.narconon.online\/fr\/glossaire\/quest-ce-que-les-amphetamines\/\" \/>\n<meta property=\"og:locale\" content=\"fr_FR\" \/>\n<meta property=\"og:type\" content=\"article\" \/>\n<meta property=\"og:title\" content=\"What are Amphetamines?\" \/>\n<meta property=\"og:description\" content=\"Explore what are amphetamines, their uses, and the risks of misuse for energy and focus. Learn more about their effects.\" \/>\n<meta property=\"og:url\" content=\"https:\/\/www.narconon.online\/fr\/glossaire\/quest-ce-que-les-amphetamines\/\" \/>\n<meta property=\"og:site_name\" content=\"Narconon Europe\" \/>\n<meta property=\"article:publisher\" content=\"https:\/\/www.facebook.com\/narcononeu\" \/>\n<meta property=\"article:modified_time\" content=\"2025-07-24T13:33:55+00:00\" \/>\n<meta property=\"og:image\" content=\"https:\/\/www.narconon.online\/wp-content\/uploads\/2025\/07\/freepik__a-clean-studio-image-showing-three-common-forms-of__41434.webp\" \/>\n\t<meta property=\"og:image:width\" content=\"1392\" \/>\n\t<meta property=\"og:image:height\" content=\"752\" \/>\n\t<meta property=\"og:image:type\" content=\"image\/webp\" \/>\n<meta name=\"twitter:card\" content=\"summary_large_image\" \/>\n<meta name=\"twitter:site\" content=\"@NARCONONEurope\" \/>\n<meta name=\"twitter:label1\" content=\"Dur\u00e9e de lecture estim\u00e9e\" \/>\n\t<meta name=\"twitter:data1\" content=\"2 minutes\" \/>\n<script type=\"application\/ld+json\" class=\"yoast-schema-graph\">{\"@context\":\"https:\/\/schema.org\",\"@graph\":[{\"@type\":\"WebPage\",\"@id\":\"https:\/\/www.narconon.online\/glossary\/what-are-amphetamines\/\",\"url\":\"https:\/\/www.narconon.online\/glossary\/what-are-amphetamines\/\",\"name\":\"What Are Amphetamines: Risks and Effects\",\"isPartOf\":{\"@id\":\"https:\/\/www.narconon.online\/#website\"},\"primaryImageOfPage\":{\"@id\":\"https:\/\/www.narconon.online\/glossary\/what-are-amphetamines\/#primaryimage\"},\"image\":{\"@id\":\"https:\/\/www.narconon.online\/glossary\/what-are-amphetamines\/#primaryimage\"},\"thumbnailUrl\":\"https:\/\/www.narconon.online\/wp-content\/uploads\/2025\/07\/freepik__a-clean-studio-image-showing-three-common-forms-of__41434.webp\",\"datePublished\":\"2025-07-23T12:52:38+00:00\",\"dateModified\":\"2025-07-24T13:33:55+00:00\",\"description\":\"Explore what are amphetamines, their uses, and the risks of misuse for energy and focus. Learn more about their effects.\",\"breadcrumb\":{\"@id\":\"https:\/\/www.narconon.online\/glossary\/what-are-amphetamines\/#breadcrumb\"},\"inLanguage\":\"fr-FR\",\"potentialAction\":[{\"@type\":\"ReadAction\",\"target\":[\"https:\/\/www.narconon.online\/glossary\/what-are-amphetamines\/\"]}]},{\"@type\":\"ImageObject\",\"inLanguage\":\"fr-FR\",\"@id\":\"https:\/\/www.narconon.online\/glossary\/what-are-amphetamines\/#primaryimage\",\"url\":\"https:\/\/www.narconon.online\/wp-content\/uploads\/2025\/07\/freepik__a-clean-studio-image-showing-three-common-forms-of__41434.webp\",\"contentUrl\":\"https:\/\/www.narconon.online\/wp-content\/uploads\/2025\/07\/freepik__a-clean-studio-image-showing-three-common-forms-of__41434.webp\"},{\"@type\":\"BreadcrumbList\",\"@id\":\"https:\/\/www.narconon.online\/glossary\/what-are-amphetamines\/#breadcrumb\",\"itemListElement\":[{\"@type\":\"ListItem\",\"position\":1,\"name\":\"Home\",\"item\":\"https:\/\/www.narconon.online\/\"},{\"@type\":\"ListItem\",\"position\":2,\"name\":\"Glossary of Drug Terms and Definitions\",\"item\":\"https:\/\/www.narconon.online\/glossary\/\"},{\"@type\":\"ListItem\",\"position\":3,\"name\":\"What are Amphetamines?\"}]},{\"@type\":\"WebSite\",\"@id\":\"https:\/\/www.narconon.online\/#website\",\"url\":\"https:\/\/www.narconon.online\/\",\"name\":\"Narconon Europe\",\"description\":\"Drug Free For Good\",\"publisher\":{\"@id\":\"https:\/\/www.narconon.online\/#organization\"},\"potentialAction\":[{\"@type\":\"SearchAction\",\"target\":{\"@type\":\"EntryPoint\",\"urlTemplate\":\"https:\/\/www.narconon.online\/?s={search_term_string}\"},\"query-input\":{\"@type\":\"PropertyValueSpecification\",\"valueRequired\":true,\"valueName\":\"search_term_string\"}}],\"inLanguage\":\"fr-FR\"},{\"@type\":\"Organization\",\"@id\":\"https:\/\/www.narconon.online\/#organization\",\"name\":\"Narconon Europe\",\"url\":\"https:\/\/www.narconon.online\/\",\"logo\":{\"@type\":\"ImageObject\",\"inLanguage\":\"fr-FR\",\"@id\":\"https:\/\/www.narconon.online\/#\/schema\/logo\/image\/\",\"url\":\"https:\/\/www.narconon.online\/wp-content\/uploads\/2025\/03\/Logo-Narconon-Europe-2.png\",\"contentUrl\":\"https:\/\/www.narconon.online\/wp-content\/uploads\/2025\/03\/Logo-Narconon-Europe-2.png\",\"width\":2000,\"height\":707,\"caption\":\"Narconon Europe\"},\"image\":{\"@id\":\"https:\/\/www.narconon.online\/#\/schema\/logo\/image\/\"},\"sameAs\":[\"https:\/\/www.facebook.com\/narcononeu\",\"https:\/\/x.com\/NARCONONEurope\",\"https:\/\/www.instagram.com\/narconon.europe\/\",\"https:\/\/www.youtube.com\/channel\/UCNUxvhoqZZCAxXCYO4K7MvA\",\"https:\/\/www.tiktok.com\/@narconon.europe\"]}]}<\/script>\n<!-- \/ Yoast SEO Premium plugin. -->","yoast_head_json":{"title":"Qu'est-ce que les amph\u00e9tamines ? Risques et effets","description":"D\u00e9couvrez ce que sont les amph\u00e9tamines, leurs utilisations et les risques d'un usage abusif pour obtenir de l'\u00e9nergie et de la concentration. En savoir plus sur leurs effets.","robots":{"index":"index","follow":"follow","max-snippet":"max-snippet:-1","max-image-preview":"max-image-preview:large","max-video-preview":"max-video-preview:-1"},"canonical":"https:\/\/www.narconon.online\/fr\/glossaire\/quest-ce-que-les-amphetamines\/","og_locale":"fr_FR","og_type":"article","og_title":"What are Amphetamines?","og_description":"Explore what are amphetamines, their uses, and the risks of misuse for energy and focus. Learn more about their effects.","og_url":"https:\/\/www.narconon.online\/fr\/glossaire\/quest-ce-que-les-amphetamines\/","og_site_name":"Narconon Europe","article_publisher":"https:\/\/www.facebook.com\/narcononeu","article_modified_time":"2025-07-24T13:33:55+00:00","og_image":[{"width":1392,"height":752,"url":"https:\/\/www.narconon.online\/wp-content\/uploads\/2025\/07\/freepik__a-clean-studio-image-showing-three-common-forms-of__41434.webp","type":"image\/webp"}],"twitter_card":"summary_large_image","twitter_site":"@NARCONONEurope","twitter_misc":{"Dur\u00e9e de lecture estim\u00e9e":"2 minutes"},"schema":{"@context":"https:\/\/schema.org","@graph":[{"@type":"WebPage","@id":"https:\/\/www.narconon.online\/glossary\/what-are-amphetamines\/","url":"https:\/\/www.narconon.online\/glossary\/what-are-amphetamines\/","name":"Qu'est-ce que les amph\u00e9tamines ? Risques et effets","isPartOf":{"@id":"https:\/\/www.narconon.online\/#website"},"primaryImageOfPage":{"@id":"https:\/\/www.narconon.online\/glossary\/what-are-amphetamines\/#primaryimage"},"image":{"@id":"https:\/\/www.narconon.online\/glossary\/what-are-amphetamines\/#primaryimage"},"thumbnailUrl":"https:\/\/www.narconon.online\/wp-content\/uploads\/2025\/07\/freepik__a-clean-studio-image-showing-three-common-forms-of__41434.webp","datePublished":"2025-07-23T12:52:38+00:00","dateModified":"2025-07-24T13:33:55+00:00","description":"D\u00e9couvrez ce que sont les amph\u00e9tamines, leurs utilisations et les risques d'un usage abusif pour obtenir de l'\u00e9nergie et de la concentration. En savoir plus sur leurs effets.","breadcrumb":{"@id":"https:\/\/www.narconon.online\/glossary\/what-are-amphetamines\/#breadcrumb"},"inLanguage":"fr-FR","potentialAction":[{"@type":"ReadAction","target":["https:\/\/www.narconon.online\/glossary\/what-are-amphetamines\/"]}]},{"@type":"ImageObject","inLanguage":"fr-FR","@id":"https:\/\/www.narconon.online\/glossary\/what-are-amphetamines\/#primaryimage","url":"https:\/\/www.narconon.online\/wp-content\/uploads\/2025\/07\/freepik__a-clean-studio-image-showing-three-common-forms-of__41434.webp","contentUrl":"https:\/\/www.narconon.online\/wp-content\/uploads\/2025\/07\/freepik__a-clean-studio-image-showing-three-common-forms-of__41434.webp"},{"@type":"BreadcrumbList","@id":"https:\/\/www.narconon.online\/glossary\/what-are-amphetamines\/#breadcrumb","itemListElement":[{"@type":"ListItem","position":1,"name":"Home","item":"https:\/\/www.narconon.online\/"},{"@type":"ListItem","position":2,"name":"Glossary of Drug Terms and Definitions","item":"https:\/\/www.narconon.online\/glossary\/"},{"@type":"ListItem","position":3,"name":"What are Amphetamines?"}]},{"@type":"WebSite","@id":"https:\/\/www.narconon.online\/#website","url":"https:\/\/www.narconon.online\/","name":"Narconon Europe","description":"Lib\u00e9r\u00e9 de la drogue pour de bon","publisher":{"@id":"https:\/\/www.narconon.online\/#organization"},"potentialAction":[{"@type":"SearchAction","target":{"@type":"EntryPoint","urlTemplate":"https:\/\/www.narconon.online\/?s={search_term_string}"},"query-input":{"@type":"PropertyValueSpecification","valueRequired":true,"valueName":"search_term_string"}}],"inLanguage":"fr-FR"},{"@type":"Organization","@id":"https:\/\/www.narconon.online\/#organization","name":"Narconon Europe","url":"https:\/\/www.narconon.online\/","logo":{"@type":"ImageObject","inLanguage":"fr-FR","@id":"https:\/\/www.narconon.online\/#\/schema\/logo\/image\/","url":"https:\/\/www.narconon.online\/wp-content\/uploads\/2025\/03\/Logo-Narconon-Europe-2.png","contentUrl":"https:\/\/www.narconon.online\/wp-content\/uploads\/2025\/03\/Logo-Narconon-Europe-2.png","width":2000,"height":707,"caption":"Narconon Europe"},"image":{"@id":"https:\/\/www.narconon.online\/#\/schema\/logo\/image\/"},"sameAs":["https:\/\/www.facebook.com\/narcononeu","https:\/\/x.com\/NARCONONEurope","https:\/\/www.instagram.com\/narconon.europe\/","https:\/\/www.youtube.com\/channel\/UCNUxvhoqZZCAxXCYO4K7MvA","https:\/\/www.tiktok.com\/@narconon.europe"]}]}},"_links":{"self":[{"href":"https:\/\/www.narconon.online\/fr\/wp-json\/wp\/v2\/pages\/6036","targetHints":{"allow":["GET"]}}],"collection":[{"href":"https:\/\/www.narconon.online\/fr\/wp-json\/wp\/v2\/pages"}],"about":[{"href":"https:\/\/www.narconon.online\/fr\/wp-json\/wp\/v2\/types\/page"}],"author":[{"embeddable":true,"href":"https:\/\/www.narconon.online\/fr\/wp-json\/wp\/v2\/users\/43"}],"replies":[{"embeddable":true,"href":"https:\/\/www.narconon.online\/fr\/wp-json\/wp\/v2\/comments?post=6036"}],"version-history":[{"count":13,"href":"https:\/\/www.narconon.online\/fr\/wp-json\/wp\/v2\/pages\/6036\/revisions"}],"predecessor-version":[{"id":6573,"href":"https:\/\/www.narconon.online\/fr\/wp-json\/wp\/v2\/pages\/6036\/revisions\/6573"}],"up":[{"embeddable":true,"href":"https:\/\/www.narconon.online\/fr\/wp-json\/wp\/v2\/pages\/5868"}],"wp:attachment":[{"href":"https:\/\/www.narconon.online\/fr\/wp-json\/wp\/v2\/media?parent=6036"}],"curies":[{"name":"wp","href":"https:\/\/api.w.org\/{rel}","templated":true}]}}