{"id":5966,"date":"2025-07-23T11:46:17","date_gmt":"2025-07-23T09:46:17","guid":{"rendered":"https:\/\/www.narconon.online\/?page_id=5966"},"modified":"2025-07-23T18:20:37","modified_gmt":"2025-07-23T16:20:37","slug":"quest-ce-que-lecstasy","status":"publish","type":"page","link":"https:\/\/www.narconon.online\/fr\/glossaire\/quest-ce-que-lecstasy\/","title":{"rendered":"Qu'est-ce que l'ecstasy ?"},"content":{"rendered":"<div data-elementor-type=\"wp-page\" data-elementor-id=\"5966\" class=\"elementor elementor-5966\" data-elementor-post-type=\"page\">\n\t\t\t\t<div class=\"elementor-element elementor-element-14d08559 e-flex e-con-boxed e-con e-parent\" data-id=\"14d08559\" data-element_type=\"container\" data-e-type=\"container\">\n\t\t\t\t\t<div class=\"e-con-inner\">\n\t\t<div class=\"elementor-element elementor-element-1cae676 e-grid e-con-full e-con e-child\" data-id=\"1cae676\" data-element_type=\"container\" data-e-type=\"container\">\n\t\t\t\t<div class=\"elementor-element elementor-element-ddfcbba elementor-widget elementor-widget-text-editor\" data-id=\"ddfcbba\" data-element_type=\"widget\" data-e-type=\"widget\" data-widget_type=\"text-editor.default\">\n\t\t\t\t<div class=\"elementor-widget-container\">\n\t\t\t\t\t\t\t\t\t<p data-start=\"330\" data-end=\"562\">L'extase est la <strong data-start=\"345\" data-end=\"369\">Nom de rue de la MDMA<\/strong>Le cannabis est une drogue de synth\u00e8se qui agit \u00e0 la fois comme un stimulant et un hallucinog\u00e8ne. Elle augmente l'\u00e9nergie, le plaisir et la proximit\u00e9 \u00e9motionnelle, ce qui explique qu'elle soit souvent utilis\u00e9e dans les f\u00eates, les clubs et les festivals de musique.<\/p>\n<p data-start=\"564\" data-end=\"827\">La plupart de l'ecstasy est vendue sous forme de <strong data-start=\"588\" data-end=\"615\">petites tablettes color\u00e9es<\/strong> avec des logos ou des dessins estampill\u00e9s. Elle peut \u00e9galement se pr\u00e9senter sous forme de poudre ou de capsules. Bien que les usagers pensent souvent qu'elle est sans danger, l'ecstasy est fr\u00e9quemment m\u00e9lang\u00e9e avec des <strong data-start=\"765\" data-end=\"792\">autres produits chimiques inconnus<\/strong>ce qui rend ses effets impr\u00e9visibles.<\/p>\n<p data-start=\"829\" data-end=\"989\">La MDMA peut provoquer <strong data-start=\"844\" data-end=\"911\">d\u00e9shydratation, surchauffe, probl\u00e8mes cardiaques, anxi\u00e9t\u00e9 ou confusion<\/strong>. Certains utilisateurs peuvent ressentir une baisse de r\u00e9gime ou une d\u00e9pression dans les jours qui suivent la prise.<\/p>\t\t\t\t\t\t\t\t<\/div>\n\t\t\t\t<\/div>\n\t\t\t\t<div class=\"elementor-element elementor-element-8f955ba elementor-widget elementor-widget-image\" data-id=\"8f955ba\" data-element_type=\"widget\" data-e-type=\"widget\" data-widget_type=\"image.default\">\n\t\t\t\t<div class=\"elementor-widget-container\">\n\t\t\t\t\t\t\t\t\t\t\t\t\t\t\t<img fetchpriority=\"high\" decoding=\"async\" width=\"1392\" height=\"752\" src=\"https:\/\/www.narconon.online\/wp-content\/uploads\/2025\/07\/freepik__a-collection-of-bright-colorful-tablets-with-vario__82272.webp\" class=\"attachment-full size-full wp-image-5970\" alt=\"Comprim\u00e9s d&#039;ecstasy color\u00e9s avec logos pr\u00e9sent\u00e9s sur une surface blanche propre, l&#039;un d&#039;entre eux \u00e9tant bris\u00e9 et pr\u00e9sentant de la poudre.\" srcset=\"https:\/\/www.narconon.online\/wp-content\/uploads\/2025\/07\/freepik__a-collection-of-bright-colorful-tablets-with-vario__82272.webp 1392w, https:\/\/www.narconon.online\/wp-content\/uploads\/2025\/07\/freepik__a-collection-of-bright-colorful-tablets-with-vario__82272-300x162.webp 300w, https:\/\/www.narconon.online\/wp-content\/uploads\/2025\/07\/freepik__a-collection-of-bright-colorful-tablets-with-vario__82272-1024x553.webp 1024w, https:\/\/www.narconon.online\/wp-content\/uploads\/2025\/07\/freepik__a-collection-of-bright-colorful-tablets-with-vario__82272-768x415.webp 768w, https:\/\/www.narconon.online\/wp-content\/uploads\/2025\/07\/freepik__a-collection-of-bright-colorful-tablets-with-vario__82272-18x10.webp 18w\" sizes=\"(max-width: 1392px) 100vw, 1392px\" \/>\t\t\t\t\t\t\t\t\t\t\t\t\t\t\t<\/div>\n\t\t\t\t<\/div>\n\t\t\t\t<\/div>\n\t\t\t\t\t<\/div>\n\t\t\t\t<\/div>\n\t\t<div class=\"elementor-element elementor-element-064fdba e-flex e-con-boxed e-con e-parent\" data-id=\"064fdba\" data-element_type=\"container\" data-e-type=\"container\">\n\t\t\t\t\t<div class=\"e-con-inner\">\n\t\t<div class=\"elementor-element elementor-element-ecec8f5 e-grid e-con-full e-con e-child\" data-id=\"ecec8f5\" data-element_type=\"container\" data-e-type=\"container\">\n\t\t\t\t<div class=\"elementor-element elementor-element-0f0e55c elementor-widget elementor-widget-text-editor\" data-id=\"0f0e55c\" data-element_type=\"widget\" data-e-type=\"widget\" data-widget_type=\"text-editor.default\">\n\t\t\t\t<div class=\"elementor-widget-container\">\n\t\t\t\t\t\t\t\t\t<h3 id=\"h-related-terms\" class=\"wp-block-heading\">\ud83e\udde0 Termes connexes<\/h3>\n<ul>\n<li data-start=\"1018\" data-end=\"1055\">\n<p data-start=\"1020\" data-end=\"1055\"><a class=\"cursor-pointer\" rel=\"noopener\" data-start=\"1020\" data-end=\"1053\">Stimulant<\/a><\/p>\n<\/li>\n<li data-start=\"1056\" data-end=\"1091\">\n<p data-start=\"1058\" data-end=\"1091\"><a class=\"\" href=\"\/fr\/glossaire\/overdose\/\" rel=\"noopener\" data-start=\"1058\" data-end=\"1089\">Surdose<\/a><\/p>\n<\/li>\n<li data-start=\"1175\" data-end=\"1205\">\n<p data-start=\"1177\" data-end=\"1205\"><a class=\"\" href=\"\/fr\/glossaire\/\" rel=\"noopener\" data-start=\"1177\" data-end=\"1205\">Index du glossaire<\/a><\/p>\n<\/li>\n<\/ul>\t\t\t\t\t\t\t\t<\/div>\n\t\t\t\t<\/div>\n\t\t\t\t<div class=\"elementor-element elementor-element-03e5102 elementor-widget elementor-widget-text-editor\" data-id=\"03e5102\" data-element_type=\"widget\" data-e-type=\"widget\" data-widget_type=\"text-editor.default\">\n\t\t\t\t<div class=\"elementor-widget-container\">\n\t\t\t\t\t\t\t\t\t<p id=\"h-related-terms\" class=\"wp-block-heading\">\ud83d\udc49 En savoir plus sur la pr\u00e9vention :<br \/><a class=\"\" href=\"https:\/\/www.narcononeurope.dk\/en\/drug-abuse\/\" target=\"_blank\" rel=\"noopener\">Narconon Europe - Aide aux toxicomanes<\/a><\/p>\n<p><!-- \/wp:list-item --><\/p>\n<p><!-- \/wp:list --><!-- wp:paragraph --><\/p>\n<p>\ud83d\udc49 Pour plus de contenu \u00e9ducatif, voir notre site web <a class=\"\" href=\"https:\/\/www.narconon.online\/fr\/materiel-de-prevention-de-leducation-a-la-drogue\/\">Mat\u00e9riel d'\u00e9ducation et de pr\u00e9vention en mati\u00e8re de drogues<\/a><\/p>\t\t\t\t\t\t\t\t<\/div>\n\t\t\t\t<\/div>\n\t\t\t\t<\/div>\n\t\t\t\t<div class=\"elementor-element elementor-element-1497776 elementor-widget elementor-widget-heading\" data-id=\"1497776\" data-element_type=\"widget\" data-e-type=\"widget\" data-widget_type=\"heading.default\">\n\t\t\t\t<div class=\"elementor-widget-container\">\n\t\t\t\t\t<h2 class=\"elementor-heading-title elementor-size-default\">Questions fr\u00e9quemment pos\u00e9es sur les \u00e9pices<\/h2>\t\t\t\t<\/div>\n\t\t\t\t<\/div>\n\t\t\t\t<div class=\"elementor-element elementor-element-a24ee80 elementor-widget elementor-widget-text-editor\" data-id=\"a24ee80\" data-element_type=\"widget\" data-e-type=\"widget\" data-widget_type=\"text-editor.default\">\n\t\t\t\t<div class=\"elementor-widget-container\">\n\t\t\t\t\t\t\t\t\t<p data-start=\"1359\" data-end=\"1479\"><strong data-start=\"1359\" data-end=\"1391\">1. A quoi sert l'ecstasy ?<\/strong><br data-start=\"1391\" data-end=\"1394\" \/>Elle est utilis\u00e9e \u00e0 des fins r\u00e9cr\u00e9atives pour se sentir plus \u00e9nergique, plus euphorique et plus proche de ses \u00e9motions.<\/p>\n<p data-start=\"1481\" data-end=\"1608\"><strong data-start=\"1481\" data-end=\"1513\">2. Pourquoi l'ecstasy est-elle dangereuse ?<\/strong><br data-start=\"1513\" data-end=\"1516\" \/>Ses ingr\u00e9dients sont souvent inconnus et il peut provoquer une surchauffe, de l'anxi\u00e9t\u00e9 ou des probl\u00e8mes cardiaques.<\/p>\n<p data-start=\"1610\" data-end=\"1738\"><strong data-start=\"1610\" data-end=\"1645\">3. \u00c0 quoi ressemble l'ecstasy ?<\/strong><br data-start=\"1645\" data-end=\"1648\" \/>Il s'agit g\u00e9n\u00e9ralement de petits comprim\u00e9s avec des couleurs vives et des logos, mais il peut \u00e9galement s'agir de poudre ou de g\u00e9lules.<\/p>\n<p data-start=\"1740\" data-end=\"1877\"><strong data-start=\"1740\" data-end=\"1779\">4. Peut-on faire une overdose d'ecstasy ?<\/strong><br data-start=\"1779\" data-end=\"1782\" \/>Oui. Une consommation excessive ou un m\u00e9lange avec de l'alcool ou d'autres drogues peut entra\u00eener de graves risques pour la sant\u00e9.<\/p>\n<p data-start=\"1879\" data-end=\"2000\"><strong data-start=\"1879\" data-end=\"1916\">5. Comment \u00e9viter l'ecstasy ?<\/strong><br data-start=\"1916\" data-end=\"1919\" \/>\u00c9vitez les pilules inconnues lors de soir\u00e9es et ne prenez jamais de substances provenant de sources non v\u00e9rifi\u00e9es.<\/p>\t\t\t\t\t\t\t\t<\/div>\n\t\t\t\t<\/div>\n\t\t\t\t<div class=\"elementor-element elementor-element-3c88435 elementor-widget elementor-widget-html\" data-id=\"3c88435\" data-element_type=\"widget\" data-e-type=\"widget\" data-widget_type=\"html.default\">\n\t\t\t\t<div class=\"elementor-widget-container\">\n\t\t\t\t\t<script type=\"application\/ld+json\">{\n    \"@context\": \"https:\\\/\\\/schema.org\",\n    \"@type\": \"WebPage\",\n    \"name\": \"What is Ecstasy?\",\n    \"url\": \"https:\\\/\\\/www.narconon.online\\\/glossary\\\/what-is-ecstasy\\\/\",\n    \"description\": \"Ecstasy, also known as MDMA, is a synthetic drug often used at parties. Learn what it looks like, its effects, and why it\\u2019s dangerous.\",\n    \"datePublished\": \"2025-07-23\",\n    \"publisher\": {\n        \"@type\": \"Organization\",\n        \"name\": \"Narconon Europe\",\n        \"url\": \"https:\\\/\\\/www.narcononeurope.dk\"\n    },\n    \"mainEntity\": {\n        \"@type\": \"FAQPage\",\n        \"mainEntity\": [\n            {\n                \"@type\": \"Question\",\n                \"name\": \"What is ecstasy used for?\",\n                \"acceptedAnswer\": {\n                    \"@type\": \"Answer\",\n                    \"text\": \"It\\u2019s used recreationally to feel more energetic, euphoric, and emotionally connected.\"\n                }\n            },\n            {\n                \"@type\": \"Question\",\n                \"name\": \"Why is ecstasy dangerous?\",\n                \"acceptedAnswer\": {\n                    \"@type\": \"Answer\",\n                    \"text\": \"Its ingredients are often unknown, and it can cause overheating, anxiety, or heart problems.\"\n                }\n            },\n            {\n                \"@type\": \"Question\",\n                \"name\": \"What does ecstasy look like?\",\n                \"acceptedAnswer\": {\n                    \"@type\": \"Answer\",\n                    \"text\": \"Usually small tablets with bright colors and logos, but it can also be powder or capsules.\"\n                }\n            },\n            {\n                \"@type\": \"Question\",\n                \"name\": \"Can someone overdose on ecstasy?\",\n                \"acceptedAnswer\": {\n                    \"@type\": \"Answer\",\n                    \"text\": \"Yes. Taking too much or mixing it with alcohol or other drugs can lead to serious health risks.\"\n                }\n            },\n            {\n                \"@type\": \"Question\",\n                \"name\": \"How can someone avoid ecstasy?\",\n                \"acceptedAnswer\": {\n                    \"@type\": \"Answer\",\n                    \"text\": \"Avoid unknown pills at parties and never take substances from unverified sources.\"\n                }\n            }\n        ]\n    }\n}<\/script>\r\n\t\t\t\t<\/div>\n\t\t\t\t<\/div>\n\t\t\t\t\t<\/div>\n\t\t\t\t<\/div>\n\t\t\t\t<\/div>","protected":false},"excerpt":{"rendered":"<p>Ecstasy is the street name for MDMA, a synthetic drug that acts as both a stimulant and a hallucinogen. It [&hellip;]<\/p>","protected":false},"author":43,"featured_media":0,"parent":5868,"menu_order":0,"comment_status":"closed","ping_status":"closed","template":"","meta":{"_acf_changed":false,"site-sidebar-layout":"default","site-content-layout":"","ast-site-content-layout":"default","site-content-style":"default","site-sidebar-style":"default","ast-global-header-display":"","ast-banner-title-visibility":"","ast-main-header-display":"","ast-hfb-above-header-display":"","ast-hfb-below-header-display":"","ast-hfb-mobile-header-display":"","site-post-title":"","ast-breadcrumbs-content":"","ast-featured-img":"","footer-sml-layout":"","ast-disable-related-posts":"","theme-transparent-header-meta":"","adv-header-id-meta":"","stick-header-meta":"","header-above-stick-meta":"","header-main-stick-meta":"","header-below-stick-meta":"","astra-migrate-meta-layouts":"default","ast-page-background-enabled":"default","ast-page-background-meta":{"desktop":{"background-color":"var(--ast-global-color-5)","background-image":"","background-repeat":"repeat","background-position":"center center","background-size":"auto","background-attachment":"scroll","background-type":"","background-media":"","overlay-type":"","overlay-color":"","overlay-opacity":"","overlay-gradient":""},"tablet":{"background-color":"","background-image":"","background-repeat":"repeat","background-position":"center center","background-size":"auto","background-attachment":"scroll","background-type":"","background-media":"","overlay-type":"","overlay-color":"","overlay-opacity":"","overlay-gradient":""},"mobile":{"background-color":"","background-image":"","background-repeat":"repeat","background-position":"center center","background-size":"auto","background-attachment":"scroll","background-type":"","background-media":"","overlay-type":"","overlay-color":"","overlay-opacity":"","overlay-gradient":""}},"ast-content-background-meta":{"desktop":{"background-color":"var(--ast-global-color-4)","background-image":"","background-repeat":"repeat","background-position":"center center","background-size":"auto","background-attachment":"scroll","background-type":"","background-media":"","overlay-type":"","overlay-color":"","overlay-opacity":"","overlay-gradient":""},"tablet":{"background-color":"var(--ast-global-color-4)","background-image":"","background-repeat":"repeat","background-position":"center center","background-size":"auto","background-attachment":"scroll","background-type":"","background-media":"","overlay-type":"","overlay-color":"","overlay-opacity":"","overlay-gradient":""},"mobile":{"background-color":"var(--ast-global-color-4)","background-image":"","background-repeat":"repeat","background-position":"center center","background-size":"auto","background-attachment":"scroll","background-type":"","background-media":"","overlay-type":"","overlay-color":"","overlay-opacity":"","overlay-gradient":""}},"footnotes":""},"class_list":["post-5966","page","type-page","status-publish","hentry"],"acf":[],"yoast_head":"<!-- This site is optimized with the Yoast SEO Premium plugin v26.6 (Yoast SEO v26.6) - https:\/\/yoast.com\/wordpress\/plugins\/seo\/ -->\n<title>What is Ecstasy and How Does it Work?<\/title>\n<meta name=\"description\" content=\"Learn what is ecstasy and how it acts as a stimulant and hallucinogen. Discover its effects and risks associated with use.\" \/>\n<meta name=\"robots\" content=\"index, follow, max-snippet:-1, max-image-preview:large, max-video-preview:-1\" \/>\n<link rel=\"canonical\" href=\"https:\/\/www.narconon.online\/fr\/glossaire\/quest-ce-que-lecstasy\/\" \/>\n<meta property=\"og:locale\" content=\"fr_FR\" \/>\n<meta property=\"og:type\" content=\"article\" \/>\n<meta property=\"og:title\" content=\"What is Ecstasy?\" \/>\n<meta property=\"og:description\" content=\"Learn what is ecstasy and how it acts as a stimulant and hallucinogen. Discover its effects and risks associated with use.\" \/>\n<meta property=\"og:url\" content=\"https:\/\/www.narconon.online\/fr\/glossaire\/quest-ce-que-lecstasy\/\" \/>\n<meta property=\"og:site_name\" content=\"Narconon Europe\" \/>\n<meta property=\"article:publisher\" content=\"https:\/\/www.facebook.com\/narcononeu\" \/>\n<meta property=\"article:modified_time\" content=\"2025-07-23T16:20:37+00:00\" \/>\n<meta property=\"og:image\" content=\"https:\/\/www.narconon.online\/wp-content\/uploads\/2025\/07\/freepik__a-collection-of-bright-colorful-tablets-with-vario__82272.webp\" \/>\n<meta name=\"twitter:card\" content=\"summary_large_image\" \/>\n<meta name=\"twitter:site\" content=\"@NARCONONEurope\" \/>\n<meta name=\"twitter:label1\" content=\"Dur\u00e9e de lecture estim\u00e9e\" \/>\n\t<meta name=\"twitter:data1\" content=\"2 minutes\" \/>\n<script type=\"application\/ld+json\" class=\"yoast-schema-graph\">{\"@context\":\"https:\/\/schema.org\",\"@graph\":[{\"@type\":\"WebPage\",\"@id\":\"https:\/\/www.narconon.online\/glossary\/what-is-ecstasy\/\",\"url\":\"https:\/\/www.narconon.online\/glossary\/what-is-ecstasy\/\",\"name\":\"What is Ecstasy and How Does it Work?\",\"isPartOf\":{\"@id\":\"https:\/\/www.narconon.online\/#website\"},\"primaryImageOfPage\":{\"@id\":\"https:\/\/www.narconon.online\/glossary\/what-is-ecstasy\/#primaryimage\"},\"image\":{\"@id\":\"https:\/\/www.narconon.online\/glossary\/what-is-ecstasy\/#primaryimage\"},\"thumbnailUrl\":\"https:\/\/www.narconon.online\/wp-content\/uploads\/2025\/07\/freepik__a-collection-of-bright-colorful-tablets-with-vario__82272.webp\",\"datePublished\":\"2025-07-23T09:46:17+00:00\",\"dateModified\":\"2025-07-23T16:20:37+00:00\",\"description\":\"Learn what is ecstasy and how it acts as a stimulant and hallucinogen. Discover its effects and risks associated with use.\",\"breadcrumb\":{\"@id\":\"https:\/\/www.narconon.online\/glossary\/what-is-ecstasy\/#breadcrumb\"},\"inLanguage\":\"fr-FR\",\"potentialAction\":[{\"@type\":\"ReadAction\",\"target\":[\"https:\/\/www.narconon.online\/glossary\/what-is-ecstasy\/\"]}]},{\"@type\":\"ImageObject\",\"inLanguage\":\"fr-FR\",\"@id\":\"https:\/\/www.narconon.online\/glossary\/what-is-ecstasy\/#primaryimage\",\"url\":\"https:\/\/www.narconon.online\/wp-content\/uploads\/2025\/07\/freepik__a-collection-of-bright-colorful-tablets-with-vario__82272.webp\",\"contentUrl\":\"https:\/\/www.narconon.online\/wp-content\/uploads\/2025\/07\/freepik__a-collection-of-bright-colorful-tablets-with-vario__82272.webp\"},{\"@type\":\"BreadcrumbList\",\"@id\":\"https:\/\/www.narconon.online\/glossary\/what-is-ecstasy\/#breadcrumb\",\"itemListElement\":[{\"@type\":\"ListItem\",\"position\":1,\"name\":\"Home\",\"item\":\"https:\/\/www.narconon.online\/\"},{\"@type\":\"ListItem\",\"position\":2,\"name\":\"Glossary of Drug Terms and Definitions\",\"item\":\"https:\/\/www.narconon.online\/glossary\/\"},{\"@type\":\"ListItem\",\"position\":3,\"name\":\"What is Ecstasy?\"}]},{\"@type\":\"WebSite\",\"@id\":\"https:\/\/www.narconon.online\/#website\",\"url\":\"https:\/\/www.narconon.online\/\",\"name\":\"Narconon Europe\",\"description\":\"Drug Free For Good\",\"publisher\":{\"@id\":\"https:\/\/www.narconon.online\/#organization\"},\"potentialAction\":[{\"@type\":\"SearchAction\",\"target\":{\"@type\":\"EntryPoint\",\"urlTemplate\":\"https:\/\/www.narconon.online\/?s={search_term_string}\"},\"query-input\":{\"@type\":\"PropertyValueSpecification\",\"valueRequired\":true,\"valueName\":\"search_term_string\"}}],\"inLanguage\":\"fr-FR\"},{\"@type\":\"Organization\",\"@id\":\"https:\/\/www.narconon.online\/#organization\",\"name\":\"Narconon Europe\",\"url\":\"https:\/\/www.narconon.online\/\",\"logo\":{\"@type\":\"ImageObject\",\"inLanguage\":\"fr-FR\",\"@id\":\"https:\/\/www.narconon.online\/#\/schema\/logo\/image\/\",\"url\":\"https:\/\/www.narconon.online\/wp-content\/uploads\/2025\/03\/Logo-Narconon-Europe-2.png\",\"contentUrl\":\"https:\/\/www.narconon.online\/wp-content\/uploads\/2025\/03\/Logo-Narconon-Europe-2.png\",\"width\":2000,\"height\":707,\"caption\":\"Narconon Europe\"},\"image\":{\"@id\":\"https:\/\/www.narconon.online\/#\/schema\/logo\/image\/\"},\"sameAs\":[\"https:\/\/www.facebook.com\/narcononeu\",\"https:\/\/x.com\/NARCONONEurope\",\"https:\/\/www.instagram.com\/narconon.europe\/\",\"https:\/\/www.youtube.com\/channel\/UCNUxvhoqZZCAxXCYO4K7MvA\",\"https:\/\/www.tiktok.com\/@narconon.europe\"]}]}<\/script>\n<!-- \/ Yoast SEO Premium plugin. -->","yoast_head_json":{"title":"Qu'est-ce que l'ecstasy et comment fonctionne-t-elle ?","description":"Apprenez ce qu'est l'ecstasy et comment elle agit en tant que stimulant et hallucinog\u00e8ne. D\u00e9couvrez ses effets et les risques associ\u00e9s \u00e0 sa consommation.","robots":{"index":"index","follow":"follow","max-snippet":"max-snippet:-1","max-image-preview":"max-image-preview:large","max-video-preview":"max-video-preview:-1"},"canonical":"https:\/\/www.narconon.online\/fr\/glossaire\/quest-ce-que-lecstasy\/","og_locale":"fr_FR","og_type":"article","og_title":"What is Ecstasy?","og_description":"Learn what is ecstasy and how it acts as a stimulant and hallucinogen. Discover its effects and risks associated with use.","og_url":"https:\/\/www.narconon.online\/fr\/glossaire\/quest-ce-que-lecstasy\/","og_site_name":"Narconon Europe","article_publisher":"https:\/\/www.facebook.com\/narcononeu","article_modified_time":"2025-07-23T16:20:37+00:00","og_image":[{"url":"https:\/\/www.narconon.online\/wp-content\/uploads\/2025\/07\/freepik__a-collection-of-bright-colorful-tablets-with-vario__82272.webp","type":"","width":"","height":""}],"twitter_card":"summary_large_image","twitter_site":"@NARCONONEurope","twitter_misc":{"Dur\u00e9e de lecture estim\u00e9e":"2 minutes"},"schema":{"@context":"https:\/\/schema.org","@graph":[{"@type":"WebPage","@id":"https:\/\/www.narconon.online\/glossary\/what-is-ecstasy\/","url":"https:\/\/www.narconon.online\/glossary\/what-is-ecstasy\/","name":"Qu'est-ce que l'ecstasy et comment fonctionne-t-elle ?","isPartOf":{"@id":"https:\/\/www.narconon.online\/#website"},"primaryImageOfPage":{"@id":"https:\/\/www.narconon.online\/glossary\/what-is-ecstasy\/#primaryimage"},"image":{"@id":"https:\/\/www.narconon.online\/glossary\/what-is-ecstasy\/#primaryimage"},"thumbnailUrl":"https:\/\/www.narconon.online\/wp-content\/uploads\/2025\/07\/freepik__a-collection-of-bright-colorful-tablets-with-vario__82272.webp","datePublished":"2025-07-23T09:46:17+00:00","dateModified":"2025-07-23T16:20:37+00:00","description":"Apprenez ce qu'est l'ecstasy et comment elle agit en tant que stimulant et hallucinog\u00e8ne. D\u00e9couvrez ses effets et les risques associ\u00e9s \u00e0 sa consommation.","breadcrumb":{"@id":"https:\/\/www.narconon.online\/glossary\/what-is-ecstasy\/#breadcrumb"},"inLanguage":"fr-FR","potentialAction":[{"@type":"ReadAction","target":["https:\/\/www.narconon.online\/glossary\/what-is-ecstasy\/"]}]},{"@type":"ImageObject","inLanguage":"fr-FR","@id":"https:\/\/www.narconon.online\/glossary\/what-is-ecstasy\/#primaryimage","url":"https:\/\/www.narconon.online\/wp-content\/uploads\/2025\/07\/freepik__a-collection-of-bright-colorful-tablets-with-vario__82272.webp","contentUrl":"https:\/\/www.narconon.online\/wp-content\/uploads\/2025\/07\/freepik__a-collection-of-bright-colorful-tablets-with-vario__82272.webp"},{"@type":"BreadcrumbList","@id":"https:\/\/www.narconon.online\/glossary\/what-is-ecstasy\/#breadcrumb","itemListElement":[{"@type":"ListItem","position":1,"name":"Home","item":"https:\/\/www.narconon.online\/"},{"@type":"ListItem","position":2,"name":"Glossary of Drug Terms and Definitions","item":"https:\/\/www.narconon.online\/glossary\/"},{"@type":"ListItem","position":3,"name":"What is Ecstasy?"}]},{"@type":"WebSite","@id":"https:\/\/www.narconon.online\/#website","url":"https:\/\/www.narconon.online\/","name":"Narconon Europe","description":"Lib\u00e9r\u00e9 de la drogue pour de bon","publisher":{"@id":"https:\/\/www.narconon.online\/#organization"},"potentialAction":[{"@type":"SearchAction","target":{"@type":"EntryPoint","urlTemplate":"https:\/\/www.narconon.online\/?s={search_term_string}"},"query-input":{"@type":"PropertyValueSpecification","valueRequired":true,"valueName":"search_term_string"}}],"inLanguage":"fr-FR"},{"@type":"Organization","@id":"https:\/\/www.narconon.online\/#organization","name":"Narconon Europe","url":"https:\/\/www.narconon.online\/","logo":{"@type":"ImageObject","inLanguage":"fr-FR","@id":"https:\/\/www.narconon.online\/#\/schema\/logo\/image\/","url":"https:\/\/www.narconon.online\/wp-content\/uploads\/2025\/03\/Logo-Narconon-Europe-2.png","contentUrl":"https:\/\/www.narconon.online\/wp-content\/uploads\/2025\/03\/Logo-Narconon-Europe-2.png","width":2000,"height":707,"caption":"Narconon Europe"},"image":{"@id":"https:\/\/www.narconon.online\/#\/schema\/logo\/image\/"},"sameAs":["https:\/\/www.facebook.com\/narcononeu","https:\/\/x.com\/NARCONONEurope","https:\/\/www.instagram.com\/narconon.europe\/","https:\/\/www.youtube.com\/channel\/UCNUxvhoqZZCAxXCYO4K7MvA","https:\/\/www.tiktok.com\/@narconon.europe"]}]}},"_links":{"self":[{"href":"https:\/\/www.narconon.online\/fr\/wp-json\/wp\/v2\/pages\/5966","targetHints":{"allow":["GET"]}}],"collection":[{"href":"https:\/\/www.narconon.online\/fr\/wp-json\/wp\/v2\/pages"}],"about":[{"href":"https:\/\/www.narconon.online\/fr\/wp-json\/wp\/v2\/types\/page"}],"author":[{"embeddable":true,"href":"https:\/\/www.narconon.online\/fr\/wp-json\/wp\/v2\/users\/43"}],"replies":[{"embeddable":true,"href":"https:\/\/www.narconon.online\/fr\/wp-json\/wp\/v2\/comments?post=5966"}],"version-history":[{"count":10,"href":"https:\/\/www.narconon.online\/fr\/wp-json\/wp\/v2\/pages\/5966\/revisions"}],"predecessor-version":[{"id":6170,"href":"https:\/\/www.narconon.online\/fr\/wp-json\/wp\/v2\/pages\/5966\/revisions\/6170"}],"up":[{"embeddable":true,"href":"https:\/\/www.narconon.online\/fr\/wp-json\/wp\/v2\/pages\/5868"}],"wp:attachment":[{"href":"https:\/\/www.narconon.online\/fr\/wp-json\/wp\/v2\/media?parent=5966"}],"curies":[{"name":"wp","href":"https:\/\/api.w.org\/{rel}","templated":true}]}}