{"id":5939,"date":"2025-07-23T11:05:57","date_gmt":"2025-07-23T09:05:57","guid":{"rendered":"https:\/\/www.narconon.online\/?page_id=5939"},"modified":"2025-07-24T16:53:21","modified_gmt":"2025-07-24T14:53:21","slug":"quest-ce-que-le-xanax","status":"publish","type":"page","link":"https:\/\/www.narconon.online\/fr\/glossaire\/quest-ce-que-le-xanax\/","title":{"rendered":"Qu'est-ce que le Xanax ?"},"content":{"rendered":"<div data-elementor-type=\"wp-page\" data-elementor-id=\"5939\" class=\"elementor elementor-5939\" data-elementor-post-type=\"page\">\n\t\t\t\t<div class=\"elementor-element elementor-element-14d08559 e-flex e-con-boxed e-con e-parent\" data-id=\"14d08559\" data-element_type=\"container\" data-e-type=\"container\">\n\t\t\t\t\t<div class=\"e-con-inner\">\n\t\t<div class=\"elementor-element elementor-element-1cae676 e-grid e-con-full e-con e-child\" data-id=\"1cae676\" data-element_type=\"container\" data-e-type=\"container\">\n\t\t\t\t<div class=\"elementor-element elementor-element-ddfcbba elementor-widget elementor-widget-text-editor\" data-id=\"ddfcbba\" data-element_type=\"widget\" data-e-type=\"widget\" data-widget_type=\"text-editor.default\">\n\t\t\t\t<div class=\"elementor-widget-container\">\n\t\t\t\t\t\t\t\t\t<p data-start=\"324\" data-end=\"505\">Xanax est un <strong data-start=\"335\" data-end=\"356\">m\u00e9dicament sur ordonnance<\/strong> utilis\u00e9 pour traiter l'anxi\u00e9t\u00e9 et les troubles paniques. Il appartient \u00e0 une classe de substances appel\u00e9es <strong data-start=\"443\" data-end=\"462\">benzodiaz\u00e9pines<\/strong>qui ont un effet calmant sur le cerveau.<\/p>\n<p data-start=\"507\" data-end=\"697\">Lorsqu'il est pris correctement sous contr\u00f4le m\u00e9dical, le Xanax peut aider \u00e0 r\u00e9duire l'anxi\u00e9t\u00e9. Cependant, c'est aussi l'un des m\u00e9dicaments les plus <strong data-start=\"622\" data-end=\"652\">l'utilisation abusive de m\u00e9dicaments sur ordonnance<\/strong> en raison de son action rapide et de ses effets relaxants.<\/p>\n<p data-start=\"699\" data-end=\"936\">Les personnes qui font un usage abusif du Xanax peuvent \u00e9craser les comprim\u00e9s, les m\u00e9langer avec de l'alcool ou prendre de fortes doses pour se sentir engourdies ou s\u00e9dentaires. Au fil du temps, cela peut conduire \u00e0 <strong data-start=\"841\" data-end=\"886\">d\u00e9pendance, troubles de la m\u00e9moire et surdosage<\/strong>surtout lorsqu'il est associ\u00e9 \u00e0 d'autres d\u00e9presseurs.<\/p>\t\t\t\t\t\t\t\t<\/div>\n\t\t\t\t<\/div>\n\t\t\t\t<div class=\"elementor-element elementor-element-8f955ba elementor-widget elementor-widget-image\" data-id=\"8f955ba\" data-element_type=\"widget\" data-e-type=\"widget\" data-widget_type=\"image.default\">\n\t\t\t\t<div class=\"elementor-widget-container\">\n\t\t\t\t\t\t\t\t\t\t\t\t\t\t\t<img fetchpriority=\"high\" decoding=\"async\" width=\"1392\" height=\"752\" src=\"https:\/\/www.narconon.online\/wp-content\/uploads\/2025\/07\/freepik__a-clean-layout-showing-a-xanax-pill-strip-with-whi__82269.webp\" class=\"attachment-full size-full wp-image-5946\" alt=\"Pilules de Xanax et verre d&#039;alcool illustrant le risque de m\u00e9susage\" srcset=\"https:\/\/www.narconon.online\/wp-content\/uploads\/2025\/07\/freepik__a-clean-layout-showing-a-xanax-pill-strip-with-whi__82269.webp 1392w, https:\/\/www.narconon.online\/wp-content\/uploads\/2025\/07\/freepik__a-clean-layout-showing-a-xanax-pill-strip-with-whi__82269-300x162.webp 300w, https:\/\/www.narconon.online\/wp-content\/uploads\/2025\/07\/freepik__a-clean-layout-showing-a-xanax-pill-strip-with-whi__82269-1024x553.webp 1024w, https:\/\/www.narconon.online\/wp-content\/uploads\/2025\/07\/freepik__a-clean-layout-showing-a-xanax-pill-strip-with-whi__82269-768x415.webp 768w, https:\/\/www.narconon.online\/wp-content\/uploads\/2025\/07\/freepik__a-clean-layout-showing-a-xanax-pill-strip-with-whi__82269-18x10.webp 18w\" sizes=\"(max-width: 1392px) 100vw, 1392px\" \/>\t\t\t\t\t\t\t\t\t\t\t\t\t\t\t<\/div>\n\t\t\t\t<\/div>\n\t\t\t\t<\/div>\n\t\t\t\t\t<\/div>\n\t\t\t\t<\/div>\n\t\t<div class=\"elementor-element elementor-element-064fdba e-flex e-con-boxed e-con e-parent\" data-id=\"064fdba\" data-element_type=\"container\" data-e-type=\"container\">\n\t\t\t\t\t<div class=\"e-con-inner\">\n\t\t<div class=\"elementor-element elementor-element-ecec8f5 e-grid e-con-full e-con e-child\" data-id=\"ecec8f5\" data-element_type=\"container\" data-e-type=\"container\">\n\t\t\t\t<div class=\"elementor-element elementor-element-0f0e55c elementor-widget elementor-widget-text-editor\" data-id=\"0f0e55c\" data-element_type=\"widget\" data-e-type=\"widget\" data-widget_type=\"text-editor.default\">\n\t\t\t\t<div class=\"elementor-widget-container\">\n\t\t\t\t\t\t\t\t\t<h3 id=\"h-related-terms\" class=\"wp-block-heading\">\ud83e\udde0 Termes connexes<\/h3>\n<ul>\n<li style=\"list-style-type: none;\" data-start=\"1053\" data-end=\"1096\">\n<ul>\n<li data-start=\"965\" data-end=\"1014\">\n<p data-start=\"967\" data-end=\"1014\"><a class=\"cursor-pointer\" rel=\"noopener\" data-start=\"967\" data-end=\"1012\">Benzodiaz\u00e9pines<\/a><\/p>\n<\/li>\n<li data-start=\"965\" data-end=\"1014\"><a href=\"https:\/\/www.narconon.online\/fr\/glossaire\/quest-ce-quun-depresseur\/\">D\u00e9presseurs<\/a><\/li>\n<li data-start=\"1015\" data-end=\"1050\">\n<p data-start=\"1017\" data-end=\"1050\"><a class=\"cursor-pointer\" href=\"https:\/\/www.narconon.online\/fr\/glossaire\/quest-ce-quun-tranquillisant\/\" rel=\"noopener\" data-start=\"1017\" data-end=\"1048\">Tranquillisants<\/a><\/p>\n<\/li>\n<li data-start=\"1134\" data-end=\"1164\">\n<p data-start=\"1136\" data-end=\"1164\"><a class=\"\" href=\"\/fr\/glossaire\/\" rel=\"noopener\" data-start=\"1136\" data-end=\"1164\">Index du glossaire<\/a><\/p>\n<\/li>\n<\/ul>\n<\/li>\n<\/ul>\t\t\t\t\t\t\t\t<\/div>\n\t\t\t\t<\/div>\n\t\t\t\t<div class=\"elementor-element elementor-element-03e5102 elementor-widget elementor-widget-text-editor\" data-id=\"03e5102\" data-element_type=\"widget\" data-e-type=\"widget\" data-widget_type=\"text-editor.default\">\n\t\t\t\t<div class=\"elementor-widget-container\">\n\t\t\t\t\t\t\t\t\t<p id=\"h-related-terms\" class=\"wp-block-heading\">\ud83d\udc49 En savoir plus sur la pr\u00e9vention :<br \/><a class=\"\" href=\"https:\/\/www.narcononeurope.dk\/en\/drug-abuse\/\" target=\"_blank\" rel=\"noopener\">Narconon Europe - Aide aux toxicomanes<\/a><\/p>\n<p><!-- \/wp:list-item --><\/p>\n<p><!-- \/wp:list --><!-- wp:paragraph --><\/p>\n<p>\ud83d\udc49 Pour plus de contenu \u00e9ducatif, voir notre site web <a class=\"\" href=\"https:\/\/www.narconon.online\/fr\/materiel-de-prevention-de-leducation-a-la-drogue\/\">Mat\u00e9riel d'\u00e9ducation et de pr\u00e9vention en mati\u00e8re de drogues<\/a><\/p>\t\t\t\t\t\t\t\t<\/div>\n\t\t\t\t<\/div>\n\t\t\t\t<\/div>\n\t\t\t\t<div class=\"elementor-element elementor-element-1497776 elementor-widget elementor-widget-heading\" data-id=\"1497776\" data-element_type=\"widget\" data-e-type=\"widget\" data-widget_type=\"heading.default\">\n\t\t\t\t<div class=\"elementor-widget-container\">\n\t\t\t\t\t<h2 class=\"elementor-heading-title elementor-size-default\">Questions fr\u00e9quemment pos\u00e9es sur le Xanax<\/h2>\t\t\t\t<\/div>\n\t\t\t\t<\/div>\n\t\t\t\t<div class=\"elementor-element elementor-element-a24ee80 elementor-widget elementor-widget-text-editor\" data-id=\"a24ee80\" data-element_type=\"widget\" data-e-type=\"widget\" data-widget_type=\"text-editor.default\">\n\t\t\t\t<div class=\"elementor-widget-container\">\n\t\t\t\t\t\t\t\t\t<p data-start=\"1316\" data-end=\"1403\"><strong data-start=\"1316\" data-end=\"1346\">1. \u00c0 quoi sert le Xanax ?<\/strong><br data-start=\"1346\" data-end=\"1349\" \/>Il est prescrit pour traiter l'anxi\u00e9t\u00e9 et les troubles paniques.<\/p>\n<p data-start=\"1405\" data-end=\"1530\"><strong data-start=\"1405\" data-end=\"1435\">2. Pourquoi le Xanax est-il dangereux ?<\/strong><br data-start=\"1435\" data-end=\"1438\" \/>Il peut entra\u00eener une d\u00e9pendance et \u00eatre dangereux lorsqu'il est mal utilis\u00e9 ou m\u00e9lang\u00e9 \u00e0 d'autres d\u00e9presseurs comme l'alcool.<\/p>\n<p data-start=\"1532\" data-end=\"1642\"><strong data-start=\"1532\" data-end=\"1565\">3. \u00c0 quoi ressemble le Xanax ?<\/strong><br data-start=\"1565\" data-end=\"1568\" \/>Il s'agit g\u00e9n\u00e9ralement de comprim\u00e9s blancs, ovales ou rectangulaires, portant des num\u00e9ros ou des marques.<\/p>\n<p data-start=\"1644\" data-end=\"1780\"><strong data-start=\"1644\" data-end=\"1702\">4. Peut-on devenir d\u00e9pendant du Xanax sans s'en rendre compte ?<\/strong><br data-start=\"1702\" data-end=\"1705\" \/>Oui. M\u00eame un usage abusif de courte dur\u00e9e peut entra\u00eener une d\u00e9pendance et des sympt\u00f4mes de sevrage.<\/p>\n<p data-start=\"1782\" data-end=\"1913\"><strong data-start=\"1782\" data-end=\"1826\">5. Comment \u00e9viter une mauvaise utilisation du Xanax ?<\/strong><br data-start=\"1826\" data-end=\"1829\" \/>Ne le prenez que sous contr\u00f4le m\u00e9dical et ne le m\u00e9langez jamais avec de l'alcool ou d'autres drogues.<\/p>\t\t\t\t\t\t\t\t<\/div>\n\t\t\t\t<\/div>\n\t\t\t\t<div class=\"elementor-element elementor-element-3c88435 elementor-widget elementor-widget-html\" data-id=\"3c88435\" data-element_type=\"widget\" data-e-type=\"widget\" data-widget_type=\"html.default\">\n\t\t\t\t<div class=\"elementor-widget-container\">\n\t\t\t\t\t<script type=\"application\/ld+json\">{\n    \"@context\": \"https:\\\/\\\/schema.org\",\n    \"@type\": \"WebPage\",\n    \"name\": \"What is Xanax?\",\n    \"url\": \"https:\\\/\\\/www.narconon.online\\\/glossary\\\/what-is-xanax\\\/\",\n    \"description\": \"Xanax is a prescription drug used for anxiety, but it's often misused. Learn what Xanax looks like, how it's used, and its addiction risks.\",\n    \"datePublished\": \"2025-07-23\",\n    \"publisher\": {\n        \"@type\": \"Organization\",\n        \"name\": \"Narconon Europe\",\n        \"url\": \"https:\\\/\\\/www.narcononeurope.dk\"\n    },\n    \"mainEntity\": {\n        \"@type\": \"FAQPage\",\n        \"mainEntity\": [\n            {\n                \"@type\": \"Question\",\n                \"name\": \"What is Xanax used for?\",\n                \"acceptedAnswer\": {\n                    \"@type\": \"Answer\",\n                    \"text\": \"It is prescribed to treat anxiety and panic disorders.\"\n                }\n            },\n            {\n                \"@type\": \"Question\",\n                \"name\": \"Why is Xanax dangerous?\",\n                \"acceptedAnswer\": {\n                    \"@type\": \"Answer\",\n                    \"text\": \"It can be addictive and dangerous when misused or mixed with other depressants like alcohol.\"\n                }\n            },\n            {\n                \"@type\": \"Question\",\n                \"name\": \"What does Xanax look like?\",\n                \"acceptedAnswer\": {\n                    \"@type\": \"Answer\",\n                    \"text\": \"Usually white, oval or rectangular tablets with numbers or brand markings.\"\n                }\n            },\n            {\n                \"@type\": \"Question\",\n                \"name\": \"Can you get addicted to Xanax without realizing it?\",\n                \"acceptedAnswer\": {\n                    \"@type\": \"Answer\",\n                    \"text\": \"Yes. Even short-term misuse can lead to dependency and withdrawal symptoms.\"\n                }\n            },\n            {\n                \"@type\": \"Question\",\n                \"name\": \"How can someone avoid misusing Xanax?\",\n                \"acceptedAnswer\": {\n                    \"@type\": \"Answer\",\n                    \"text\": \"Only take it under medical supervision and never mix it with alcohol or other drugs.\"\n                }\n            }\n        ]\n    }\n}<\/script>\r\n\t\t\t\t<\/div>\n\t\t\t\t<\/div>\n\t\t\t\t\t<\/div>\n\t\t\t\t<\/div>\n\t\t\t\t<\/div>","protected":false},"excerpt":{"rendered":"<p>Xanax is a prescription drug used to treat anxiety and panic disorders. It belongs to a class of substances called [&hellip;]<\/p>","protected":false},"author":43,"featured_media":0,"parent":5868,"menu_order":0,"comment_status":"closed","ping_status":"closed","template":"","meta":{"_acf_changed":false,"site-sidebar-layout":"default","site-content-layout":"","ast-site-content-layout":"default","site-content-style":"default","site-sidebar-style":"default","ast-global-header-display":"","ast-banner-title-visibility":"","ast-main-header-display":"","ast-hfb-above-header-display":"","ast-hfb-below-header-display":"","ast-hfb-mobile-header-display":"","site-post-title":"","ast-breadcrumbs-content":"","ast-featured-img":"","footer-sml-layout":"","ast-disable-related-posts":"","theme-transparent-header-meta":"","adv-header-id-meta":"","stick-header-meta":"","header-above-stick-meta":"","header-main-stick-meta":"","header-below-stick-meta":"","astra-migrate-meta-layouts":"default","ast-page-background-enabled":"default","ast-page-background-meta":{"desktop":{"background-color":"var(--ast-global-color-5)","background-image":"","background-repeat":"repeat","background-position":"center center","background-size":"auto","background-attachment":"scroll","background-type":"","background-media":"","overlay-type":"","overlay-color":"","overlay-opacity":"","overlay-gradient":""},"tablet":{"background-color":"","background-image":"","background-repeat":"repeat","background-position":"center center","background-size":"auto","background-attachment":"scroll","background-type":"","background-media":"","overlay-type":"","overlay-color":"","overlay-opacity":"","overlay-gradient":""},"mobile":{"background-color":"","background-image":"","background-repeat":"repeat","background-position":"center center","background-size":"auto","background-attachment":"scroll","background-type":"","background-media":"","overlay-type":"","overlay-color":"","overlay-opacity":"","overlay-gradient":""}},"ast-content-background-meta":{"desktop":{"background-color":"var(--ast-global-color-4)","background-image":"","background-repeat":"repeat","background-position":"center center","background-size":"auto","background-attachment":"scroll","background-type":"","background-media":"","overlay-type":"","overlay-color":"","overlay-opacity":"","overlay-gradient":""},"tablet":{"background-color":"var(--ast-global-color-4)","background-image":"","background-repeat":"repeat","background-position":"center center","background-size":"auto","background-attachment":"scroll","background-type":"","background-media":"","overlay-type":"","overlay-color":"","overlay-opacity":"","overlay-gradient":""},"mobile":{"background-color":"var(--ast-global-color-4)","background-image":"","background-repeat":"repeat","background-position":"center center","background-size":"auto","background-attachment":"scroll","background-type":"","background-media":"","overlay-type":"","overlay-color":"","overlay-opacity":"","overlay-gradient":""}},"footnotes":""},"class_list":["post-5939","page","type-page","status-publish","hentry"],"acf":[],"yoast_head":"<!-- This site is optimized with the Yoast SEO Premium plugin v26.6 (Yoast SEO v26.6) - https:\/\/yoast.com\/wordpress\/plugins\/seo\/ -->\n<title>What is Xanax and How Does it Work?<\/title>\n<meta name=\"description\" content=\"Find out what is Xanax and how it is used for anxiety and panic disorders. Learn about its effects and potential risks.\" \/>\n<meta name=\"robots\" content=\"index, follow, max-snippet:-1, max-image-preview:large, max-video-preview:-1\" \/>\n<link rel=\"canonical\" href=\"https:\/\/www.narconon.online\/fr\/glossaire\/quest-ce-que-le-xanax\/\" \/>\n<meta property=\"og:locale\" content=\"fr_FR\" \/>\n<meta property=\"og:type\" content=\"article\" \/>\n<meta property=\"og:title\" content=\"What is Xanax?\" \/>\n<meta property=\"og:description\" content=\"Find out what is Xanax and how it is used for anxiety and panic disorders. Learn about its effects and potential risks.\" \/>\n<meta property=\"og:url\" content=\"https:\/\/www.narconon.online\/fr\/glossaire\/quest-ce-que-le-xanax\/\" \/>\n<meta property=\"og:site_name\" content=\"Narconon Europe\" \/>\n<meta property=\"article:publisher\" content=\"https:\/\/www.facebook.com\/narcononeu\" \/>\n<meta property=\"article:modified_time\" content=\"2025-07-24T14:53:21+00:00\" \/>\n<meta property=\"og:image\" content=\"https:\/\/www.narconon.online\/wp-content\/uploads\/2025\/07\/freepik__a-clean-layout-showing-a-xanax-pill-strip-with-whi__82269.webp\" \/>\n\t<meta property=\"og:image:width\" content=\"1392\" \/>\n\t<meta property=\"og:image:height\" content=\"752\" \/>\n\t<meta property=\"og:image:type\" content=\"image\/webp\" \/>\n<meta name=\"twitter:card\" content=\"summary_large_image\" \/>\n<meta name=\"twitter:site\" content=\"@NARCONONEurope\" \/>\n<meta name=\"twitter:label1\" content=\"Dur\u00e9e de lecture estim\u00e9e\" \/>\n\t<meta name=\"twitter:data1\" content=\"2 minutes\" \/>\n<script type=\"application\/ld+json\" class=\"yoast-schema-graph\">{\"@context\":\"https:\/\/schema.org\",\"@graph\":[{\"@type\":\"WebPage\",\"@id\":\"https:\/\/www.narconon.online\/glossary\/what-is-xanax\/\",\"url\":\"https:\/\/www.narconon.online\/glossary\/what-is-xanax\/\",\"name\":\"What is Xanax and How Does it Work?\",\"isPartOf\":{\"@id\":\"https:\/\/www.narconon.online\/#website\"},\"primaryImageOfPage\":{\"@id\":\"https:\/\/www.narconon.online\/glossary\/what-is-xanax\/#primaryimage\"},\"image\":{\"@id\":\"https:\/\/www.narconon.online\/glossary\/what-is-xanax\/#primaryimage\"},\"thumbnailUrl\":\"https:\/\/www.narconon.online\/wp-content\/uploads\/2025\/07\/freepik__a-clean-layout-showing-a-xanax-pill-strip-with-whi__82269.webp\",\"datePublished\":\"2025-07-23T09:05:57+00:00\",\"dateModified\":\"2025-07-24T14:53:21+00:00\",\"description\":\"Find out what is Xanax and how it is used for anxiety and panic disorders. Learn about its effects and potential risks.\",\"breadcrumb\":{\"@id\":\"https:\/\/www.narconon.online\/glossary\/what-is-xanax\/#breadcrumb\"},\"inLanguage\":\"fr-FR\",\"potentialAction\":[{\"@type\":\"ReadAction\",\"target\":[\"https:\/\/www.narconon.online\/glossary\/what-is-xanax\/\"]}]},{\"@type\":\"ImageObject\",\"inLanguage\":\"fr-FR\",\"@id\":\"https:\/\/www.narconon.online\/glossary\/what-is-xanax\/#primaryimage\",\"url\":\"https:\/\/www.narconon.online\/wp-content\/uploads\/2025\/07\/freepik__a-clean-layout-showing-a-xanax-pill-strip-with-whi__82269.webp\",\"contentUrl\":\"https:\/\/www.narconon.online\/wp-content\/uploads\/2025\/07\/freepik__a-clean-layout-showing-a-xanax-pill-strip-with-whi__82269.webp\"},{\"@type\":\"BreadcrumbList\",\"@id\":\"https:\/\/www.narconon.online\/glossary\/what-is-xanax\/#breadcrumb\",\"itemListElement\":[{\"@type\":\"ListItem\",\"position\":1,\"name\":\"Home\",\"item\":\"https:\/\/www.narconon.online\/\"},{\"@type\":\"ListItem\",\"position\":2,\"name\":\"Glossary of Drug Terms and Definitions\",\"item\":\"https:\/\/www.narconon.online\/glossary\/\"},{\"@type\":\"ListItem\",\"position\":3,\"name\":\"What is Xanax?\"}]},{\"@type\":\"WebSite\",\"@id\":\"https:\/\/www.narconon.online\/#website\",\"url\":\"https:\/\/www.narconon.online\/\",\"name\":\"Narconon Europe\",\"description\":\"Drug Free For Good\",\"publisher\":{\"@id\":\"https:\/\/www.narconon.online\/#organization\"},\"potentialAction\":[{\"@type\":\"SearchAction\",\"target\":{\"@type\":\"EntryPoint\",\"urlTemplate\":\"https:\/\/www.narconon.online\/?s={search_term_string}\"},\"query-input\":{\"@type\":\"PropertyValueSpecification\",\"valueRequired\":true,\"valueName\":\"search_term_string\"}}],\"inLanguage\":\"fr-FR\"},{\"@type\":\"Organization\",\"@id\":\"https:\/\/www.narconon.online\/#organization\",\"name\":\"Narconon Europe\",\"url\":\"https:\/\/www.narconon.online\/\",\"logo\":{\"@type\":\"ImageObject\",\"inLanguage\":\"fr-FR\",\"@id\":\"https:\/\/www.narconon.online\/#\/schema\/logo\/image\/\",\"url\":\"https:\/\/www.narconon.online\/wp-content\/uploads\/2025\/03\/Logo-Narconon-Europe-2.png\",\"contentUrl\":\"https:\/\/www.narconon.online\/wp-content\/uploads\/2025\/03\/Logo-Narconon-Europe-2.png\",\"width\":2000,\"height\":707,\"caption\":\"Narconon Europe\"},\"image\":{\"@id\":\"https:\/\/www.narconon.online\/#\/schema\/logo\/image\/\"},\"sameAs\":[\"https:\/\/www.facebook.com\/narcononeu\",\"https:\/\/x.com\/NARCONONEurope\",\"https:\/\/www.instagram.com\/narconon.europe\/\",\"https:\/\/www.youtube.com\/channel\/UCNUxvhoqZZCAxXCYO4K7MvA\",\"https:\/\/www.tiktok.com\/@narconon.europe\"]}]}<\/script>\n<!-- \/ Yoast SEO Premium plugin. -->","yoast_head_json":{"title":"Qu'est-ce que le Xanax et comment fonctionne-t-il ?","description":"D\u00e9couvrez ce qu'est le Xanax et comment il est utilis\u00e9 pour traiter l'anxi\u00e9t\u00e9 et les troubles paniques. D\u00e9couvrez ses effets et ses risques potentiels.","robots":{"index":"index","follow":"follow","max-snippet":"max-snippet:-1","max-image-preview":"max-image-preview:large","max-video-preview":"max-video-preview:-1"},"canonical":"https:\/\/www.narconon.online\/fr\/glossaire\/quest-ce-que-le-xanax\/","og_locale":"fr_FR","og_type":"article","og_title":"What is Xanax?","og_description":"Find out what is Xanax and how it is used for anxiety and panic disorders. Learn about its effects and potential risks.","og_url":"https:\/\/www.narconon.online\/fr\/glossaire\/quest-ce-que-le-xanax\/","og_site_name":"Narconon Europe","article_publisher":"https:\/\/www.facebook.com\/narcononeu","article_modified_time":"2025-07-24T14:53:21+00:00","og_image":[{"width":1392,"height":752,"url":"https:\/\/www.narconon.online\/wp-content\/uploads\/2025\/07\/freepik__a-clean-layout-showing-a-xanax-pill-strip-with-whi__82269.webp","type":"image\/webp"}],"twitter_card":"summary_large_image","twitter_site":"@NARCONONEurope","twitter_misc":{"Dur\u00e9e de lecture estim\u00e9e":"2 minutes"},"schema":{"@context":"https:\/\/schema.org","@graph":[{"@type":"WebPage","@id":"https:\/\/www.narconon.online\/glossary\/what-is-xanax\/","url":"https:\/\/www.narconon.online\/glossary\/what-is-xanax\/","name":"Qu'est-ce que le Xanax et comment fonctionne-t-il ?","isPartOf":{"@id":"https:\/\/www.narconon.online\/#website"},"primaryImageOfPage":{"@id":"https:\/\/www.narconon.online\/glossary\/what-is-xanax\/#primaryimage"},"image":{"@id":"https:\/\/www.narconon.online\/glossary\/what-is-xanax\/#primaryimage"},"thumbnailUrl":"https:\/\/www.narconon.online\/wp-content\/uploads\/2025\/07\/freepik__a-clean-layout-showing-a-xanax-pill-strip-with-whi__82269.webp","datePublished":"2025-07-23T09:05:57+00:00","dateModified":"2025-07-24T14:53:21+00:00","description":"D\u00e9couvrez ce qu'est le Xanax et comment il est utilis\u00e9 pour traiter l'anxi\u00e9t\u00e9 et les troubles paniques. D\u00e9couvrez ses effets et ses risques potentiels.","breadcrumb":{"@id":"https:\/\/www.narconon.online\/glossary\/what-is-xanax\/#breadcrumb"},"inLanguage":"fr-FR","potentialAction":[{"@type":"ReadAction","target":["https:\/\/www.narconon.online\/glossary\/what-is-xanax\/"]}]},{"@type":"ImageObject","inLanguage":"fr-FR","@id":"https:\/\/www.narconon.online\/glossary\/what-is-xanax\/#primaryimage","url":"https:\/\/www.narconon.online\/wp-content\/uploads\/2025\/07\/freepik__a-clean-layout-showing-a-xanax-pill-strip-with-whi__82269.webp","contentUrl":"https:\/\/www.narconon.online\/wp-content\/uploads\/2025\/07\/freepik__a-clean-layout-showing-a-xanax-pill-strip-with-whi__82269.webp"},{"@type":"BreadcrumbList","@id":"https:\/\/www.narconon.online\/glossary\/what-is-xanax\/#breadcrumb","itemListElement":[{"@type":"ListItem","position":1,"name":"Home","item":"https:\/\/www.narconon.online\/"},{"@type":"ListItem","position":2,"name":"Glossary of Drug Terms and Definitions","item":"https:\/\/www.narconon.online\/glossary\/"},{"@type":"ListItem","position":3,"name":"What is Xanax?"}]},{"@type":"WebSite","@id":"https:\/\/www.narconon.online\/#website","url":"https:\/\/www.narconon.online\/","name":"Narconon Europe","description":"Lib\u00e9r\u00e9 de la drogue pour de bon","publisher":{"@id":"https:\/\/www.narconon.online\/#organization"},"potentialAction":[{"@type":"SearchAction","target":{"@type":"EntryPoint","urlTemplate":"https:\/\/www.narconon.online\/?s={search_term_string}"},"query-input":{"@type":"PropertyValueSpecification","valueRequired":true,"valueName":"search_term_string"}}],"inLanguage":"fr-FR"},{"@type":"Organization","@id":"https:\/\/www.narconon.online\/#organization","name":"Narconon Europe","url":"https:\/\/www.narconon.online\/","logo":{"@type":"ImageObject","inLanguage":"fr-FR","@id":"https:\/\/www.narconon.online\/#\/schema\/logo\/image\/","url":"https:\/\/www.narconon.online\/wp-content\/uploads\/2025\/03\/Logo-Narconon-Europe-2.png","contentUrl":"https:\/\/www.narconon.online\/wp-content\/uploads\/2025\/03\/Logo-Narconon-Europe-2.png","width":2000,"height":707,"caption":"Narconon Europe"},"image":{"@id":"https:\/\/www.narconon.online\/#\/schema\/logo\/image\/"},"sameAs":["https:\/\/www.facebook.com\/narcononeu","https:\/\/x.com\/NARCONONEurope","https:\/\/www.instagram.com\/narconon.europe\/","https:\/\/www.youtube.com\/channel\/UCNUxvhoqZZCAxXCYO4K7MvA","https:\/\/www.tiktok.com\/@narconon.europe"]}]}},"_links":{"self":[{"href":"https:\/\/www.narconon.online\/fr\/wp-json\/wp\/v2\/pages\/5939","targetHints":{"allow":["GET"]}}],"collection":[{"href":"https:\/\/www.narconon.online\/fr\/wp-json\/wp\/v2\/pages"}],"about":[{"href":"https:\/\/www.narconon.online\/fr\/wp-json\/wp\/v2\/types\/page"}],"author":[{"embeddable":true,"href":"https:\/\/www.narconon.online\/fr\/wp-json\/wp\/v2\/users\/43"}],"replies":[{"embeddable":true,"href":"https:\/\/www.narconon.online\/fr\/wp-json\/wp\/v2\/comments?post=5939"}],"version-history":[{"count":16,"href":"https:\/\/www.narconon.online\/fr\/wp-json\/wp\/v2\/pages\/5939\/revisions"}],"predecessor-version":[{"id":6606,"href":"https:\/\/www.narconon.online\/fr\/wp-json\/wp\/v2\/pages\/5939\/revisions\/6606"}],"up":[{"embeddable":true,"href":"https:\/\/www.narconon.online\/fr\/wp-json\/wp\/v2\/pages\/5868"}],"wp:attachment":[{"href":"https:\/\/www.narconon.online\/fr\/wp-json\/wp\/v2\/media?parent=5939"}],"curies":[{"name":"wp","href":"https:\/\/api.w.org\/{rel}","templated":true}]}}