{"id":6498,"date":"2025-07-24T11:48:54","date_gmt":"2025-07-24T09:48:54","guid":{"rendered":"https:\/\/www.narconon.online\/?page_id=6498"},"modified":"2025-07-24T12:02:49","modified_gmt":"2025-07-24T10:02:49","slug":"mita-ovat-dissosiatiivit","status":"publish","type":"page","link":"https:\/\/www.narconon.online\/fi\/sanasto\/mita-ovat-dissosiatiivit\/","title":{"rendered":"Mit\u00e4 ovat dissosiatiivit?"},"content":{"rendered":"<div data-elementor-type=\"wp-page\" data-elementor-id=\"6498\" class=\"elementor elementor-6498\" data-elementor-post-type=\"page\">\n\t\t\t\t<div class=\"elementor-element elementor-element-14d08559 e-flex e-con-boxed e-con e-parent\" data-id=\"14d08559\" data-element_type=\"container\" data-e-type=\"container\">\n\t\t\t\t\t<div class=\"e-con-inner\">\n\t\t<div class=\"elementor-element elementor-element-1cae676 e-grid e-con-full e-con e-child\" data-id=\"1cae676\" data-element_type=\"container\" data-e-type=\"container\">\n\t\t\t\t<div class=\"elementor-element elementor-element-ddfcbba elementor-widget elementor-widget-text-editor\" data-id=\"ddfcbba\" data-element_type=\"widget\" data-e-type=\"widget\" data-widget_type=\"text-editor.default\">\n\t\t\t\t<div class=\"elementor-widget-container\">\n\t\t\t\t\t\t\t\t\t<p data-start=\"284\" data-end=\"445\"><strong data-start=\"284\" data-end=\"301\">Dissosiatiivit<\/strong> ovat l\u00e4\u00e4kkeit\u00e4, jotka <strong data-start=\"317\" data-end=\"369\">h\u00e4iritsev\u00e4t aivojen ja kehon v\u00e4list\u00e4 viestint\u00e4\u00e4<\/strong>, mik\u00e4 johtaa todellisuudesta, itsest\u00e4 tai ymp\u00e4rist\u00f6st\u00e4 irtautumisen tunteeseen.<\/p>\n<p data-start=\"447\" data-end=\"663\">Yleisi\u00e4 dissosiatiivisia aineita ovat <strong data-start=\"476\" data-end=\"488\">ketamiini<\/strong>, <strong data-start=\"490\" data-end=\"513\">PCP (fenyklidiini)<\/strong>ja suuret annokset <strong data-start=\"533\" data-end=\"540\">DXM<\/strong>, ysk\u00e4nl\u00e4\u00e4kkeen\u00e4. Niit\u00e4 k\u00e4ytet\u00e4\u00e4n joskus l\u00e4\u00e4ketieteellisesti anestesiaan tai kivunlievitykseen, mutta niit\u00e4 k\u00e4ytet\u00e4\u00e4n v\u00e4\u00e4rin my\u00f6s virkistysk\u00e4yt\u00f6ss\u00e4.<\/p>\n<p data-start=\"665\" data-end=\"834\">Vaikutuksiin voi kuulua sekavuutta, tunnottomuutta, hallusinaatioita ja hallinnan menett\u00e4mist\u00e4. <strong data-start=\"747\" data-end=\"833\">Usein esiintyv\u00e4 v\u00e4\u00e4rink\u00e4ytt\u00f6 voi johtaa muistin menetykseen, vainoharhaisuuteen tai pitk\u00e4aikaisiin kognitiivisiin ongelmiin.<\/strong>.<\/p>\t\t\t\t\t\t\t\t<\/div>\n\t\t\t\t<\/div>\n\t\t\t\t<div class=\"elementor-element elementor-element-8f955ba elementor-widget elementor-widget-image\" data-id=\"8f955ba\" data-element_type=\"widget\" data-e-type=\"widget\" data-widget_type=\"image.default\">\n\t\t\t\t<div class=\"elementor-widget-container\">\n\t\t\t\t\t\t\t\t\t\t\t\t\t\t\t<img fetchpriority=\"high\" decoding=\"async\" width=\"1392\" height=\"752\" src=\"https:\/\/www.narconon.online\/wp-content\/uploads\/2025\/07\/freepik__examples-of-dissociatives-including-ketamine-vial-__69447.webp\" class=\"attachment-full size-full wp-image-6509\" alt=\"Esimerkkej\u00e4 dissosiatiivisista aineista, mukaan lukien ketamiinipullo, ysk\u00e4nsiirappi ja PCP-jauhe.\" srcset=\"https:\/\/www.narconon.online\/wp-content\/uploads\/2025\/07\/freepik__examples-of-dissociatives-including-ketamine-vial-__69447.webp 1392w, https:\/\/www.narconon.online\/wp-content\/uploads\/2025\/07\/freepik__examples-of-dissociatives-including-ketamine-vial-__69447-300x162.webp 300w, https:\/\/www.narconon.online\/wp-content\/uploads\/2025\/07\/freepik__examples-of-dissociatives-including-ketamine-vial-__69447-1024x553.webp 1024w, https:\/\/www.narconon.online\/wp-content\/uploads\/2025\/07\/freepik__examples-of-dissociatives-including-ketamine-vial-__69447-768x415.webp 768w, https:\/\/www.narconon.online\/wp-content\/uploads\/2025\/07\/freepik__examples-of-dissociatives-including-ketamine-vial-__69447-18x10.webp 18w\" sizes=\"(max-width: 1392px) 100vw, 1392px\" \/>\t\t\t\t\t\t\t\t\t\t\t\t\t\t\t<\/div>\n\t\t\t\t<\/div>\n\t\t\t\t<\/div>\n\t\t\t\t\t<\/div>\n\t\t\t\t<\/div>\n\t\t<div class=\"elementor-element elementor-element-064fdba e-flex e-con-boxed e-con e-parent\" data-id=\"064fdba\" data-element_type=\"container\" data-e-type=\"container\">\n\t\t\t\t\t<div class=\"e-con-inner\">\n\t\t<div class=\"elementor-element elementor-element-ecec8f5 e-grid e-con-full e-con e-child\" data-id=\"ecec8f5\" data-element_type=\"container\" data-e-type=\"container\">\n\t\t\t\t<div class=\"elementor-element elementor-element-0f0e55c elementor-widget elementor-widget-text-editor\" data-id=\"0f0e55c\" data-element_type=\"widget\" data-e-type=\"widget\" data-widget_type=\"text-editor.default\">\n\t\t\t\t<div class=\"elementor-widget-container\">\n\t\t\t\t\t\t\t\t\t<h3 id=\"h-related-terms\" class=\"wp-block-heading\">\ud83e\udde0 Liittyv\u00e4t termit<\/h3>\n<ul>\n<li data-start=\"879\" data-end=\"920\">\n<p data-start=\"881\" data-end=\"920\"><a class=\"\" href=\"\/fi\/sanasto\/mita-on-ketamiini\/\" rel=\"noopener\" data-start=\"881\" data-end=\"920\">Ketamiini<\/a><\/p>\n<\/li>\n<li data-start=\"921\" data-end=\"952\">\n<p data-start=\"923\" data-end=\"952\"><a class=\"\" href=\"\/fi\/sanasto\/mika-on-lsd\/\" rel=\"noopener\" data-start=\"923\" data-end=\"952\">LSD<\/a><\/p>\n<\/li>\n<li data-start=\"953\" data-end=\"1033\"><a href=\"https:\/\/www.narconon.online\/fi\/sanasto\/\">Sanasto<\/a><\/li>\n<\/ul>\t\t\t\t\t\t\t\t<\/div>\n\t\t\t\t<\/div>\n\t\t\t\t<div class=\"elementor-element elementor-element-03e5102 elementor-widget elementor-widget-text-editor\" data-id=\"03e5102\" data-element_type=\"widget\" data-e-type=\"widget\" data-widget_type=\"text-editor.default\">\n\t\t\t\t<div class=\"elementor-widget-container\">\n\t\t\t\t\t\t\t\t\t<p id=\"h-related-terms\" class=\"wp-block-heading\">\ud83d\udc49 Lue lis\u00e4\u00e4 ennaltaehk\u00e4isyst\u00e4:<br \/><a class=\"\" href=\"https:\/\/www.narcononeurope.dk\/en\/drug-abuse\/\" target=\"_blank\" rel=\"noopener\">Narconon Europe - Apua huumeiden v\u00e4\u00e4rink\u00e4ytt\u00f6\u00f6n<\/a><\/p>\n<p><!-- \/wp:list-item --><\/p>\n<p><!-- \/wp:list --><!-- wp:paragraph --><\/p>\n<p>\ud83d\udc49 Lis\u00e4\u00e4 koulutussis\u00e4lt\u00f6\u00e4 l\u00f6yd\u00e4t osoitteesta <a class=\"\" href=\"https:\/\/www.narconon.online\/fi\/huumausainekasvatuksen-ennaltaehkaisymateriaali\/\">Huumevalistus- ja ennaltaehk\u00e4isymateriaalit<\/a><\/p>\t\t\t\t\t\t\t\t<\/div>\n\t\t\t\t<\/div>\n\t\t\t\t<\/div>\n\t\t\t\t<div class=\"elementor-element elementor-element-1497776 elementor-widget elementor-widget-heading\" data-id=\"1497776\" data-element_type=\"widget\" data-e-type=\"widget\" data-widget_type=\"heading.default\">\n\t\t\t\t<div class=\"elementor-widget-container\">\n\t\t\t\t\t<h2 class=\"elementor-heading-title elementor-size-default\">\u2753 FAQ - Mit\u00e4 ovat dissosiatiivit?<\/h2>\t\t\t\t<\/div>\n\t\t\t\t<\/div>\n\t\t\t\t<div class=\"elementor-element elementor-element-a24ee80 elementor-widget elementor-widget-text-editor\" data-id=\"a24ee80\" data-element_type=\"widget\" data-e-type=\"widget\" data-widget_type=\"text-editor.default\">\n\t\t\t\t<div class=\"elementor-widget-container\">\n\t\t\t\t\t\t\t\t\t<p data-start=\"1207\" data-end=\"1356\"><strong data-start=\"1207\" data-end=\"1246\">1. Mihin dissosiatiiveja k\u00e4ytet\u00e4\u00e4n?<\/strong><br data-start=\"1246\" data-end=\"1249\" \/>Niit\u00e4 k\u00e4ytet\u00e4\u00e4n l\u00e4\u00e4ketieteellisesti anestesiaan tai kivunlievitykseen ja virkistysk\u00e4yt\u00f6ss\u00e4 niiden hallusinogeenisten vaikutusten vuoksi.<\/p>\n<p data-start=\"1358\" data-end=\"1481\"><strong data-start=\"1358\" data-end=\"1397\">2. Miksi dissosiatiivit ovat vaarallisia?<\/strong><br data-start=\"1397\" data-end=\"1400\" \/>Ne voivat aiheuttaa psykooseja, onnettomuuksia ja pitk\u00e4aikaisia kognitiivisia tai emotionaalisia vaurioita.<\/p>\n<p data-start=\"1483\" data-end=\"1585\"><strong data-start=\"1483\" data-end=\"1522\">3. Milt\u00e4 dissosiatiivit n\u00e4ytt\u00e4v\u00e4t?<\/strong><br data-start=\"1522\" data-end=\"1525\" \/>Ne voivat esiinty\u00e4 nestein\u00e4, pillerein\u00e4, jauheina tai ysk\u00e4nl\u00e4\u00e4kkein\u00e4.<\/p>\n<p data-start=\"1587\" data-end=\"1737\"><strong data-start=\"1587\" data-end=\"1633\">4. Milt\u00e4 dissosiatiivit saavat jonkun tuntemaan itsens\u00e4?<\/strong><br data-start=\"1633\" data-end=\"1636\" \/>K\u00e4ytt\u00e4j\u00e4t voivat tuntea olevansa irrallaan kehostaan tai ymp\u00e4rist\u00f6st\u00e4\u00e4n, puhua ep\u00e4selv\u00e4sti tai k\u00e4ytt\u00e4yty\u00e4 robottimaisesti.<\/p>\n<p data-start=\"1739\" data-end=\"1858\"><strong data-start=\"1739\" data-end=\"1777\">5. Voivatko dissosiatiivit aiheuttaa riippuvuutta?<\/strong><br data-start=\"1777\" data-end=\"1780\" \/>Kyll\u00e4. Joillekin henkil\u00f6ille kehittyy v\u00e4\u00e4rink\u00e4yt\u00f6n ja psykologisen riippuvuuden malli.<\/p>\t\t\t\t\t\t\t\t<\/div>\n\t\t\t\t<\/div>\n\t\t\t\t<div class=\"elementor-element elementor-element-3c88435 elementor-widget elementor-widget-html\" data-id=\"3c88435\" data-element_type=\"widget\" data-e-type=\"widget\" data-widget_type=\"html.default\">\n\t\t\t\t<div class=\"elementor-widget-container\">\n\t\t\t\t\t<script type=\"application\/ld+json\">{\n    \"@context\": \"https:\\\/\\\/schema.org\",\n    \"@type\": \"WebPage\",\n    \"name\": \"What are Dissociatives?\",\n    \"headline\": \"What are Dissociatives?\",\n    \"url\": \"https:\\\/\\\/www.narconon.online\\\/glossary\\\/what-are-dissociatives\\\/\",\n    \"description\": \"Dissociatives are drugs that cause detachment from reality. Learn about ketamine, PCP, DXM, and the risks of dissociative use.\",\n    \"datePublished\": \"2025-07-24\",\n    \"dateModified\": \"2025-07-24\",\n    \"inLanguage\": \"en\",\n    \"publisher\": {\n        \"@type\": \"Organization\",\n        \"name\": \"Narconon Europe\",\n        \"url\": \"https:\\\/\\\/www.narcononeurope.dk\"\n    },\n    \"author\": {\n        \"@type\": \"Person\",\n        \"name\": \"Jacky Buensoz\"\n    },\n    \"mainEntity\": {\n        \"@type\": \"FAQPage\",\n        \"mainEntity\": [\n            {\n                \"@type\": \"Question\",\n                \"name\": \"What are dissociatives used for?\",\n                \"acceptedAnswer\": {\n                    \"@type\": \"Answer\",\n                    \"text\": \"They are used medically for anesthesia or pain control and recreationally for their hallucinogenic effects.\"\n                }\n            },\n            {\n                \"@type\": \"Question\",\n                \"name\": \"Why are dissociatives dangerous?\",\n                \"acceptedAnswer\": {\n                    \"@type\": \"Answer\",\n                    \"text\": \"They can cause psychosis, accidents, and long-term cognitive or emotional damage.\"\n                }\n            },\n            {\n                \"@type\": \"Question\",\n                \"name\": \"What do dissociatives look like?\",\n                \"acceptedAnswer\": {\n                    \"@type\": \"Answer\",\n                    \"text\": \"They may appear as liquids, pills, powders, or cough syrups.\"\n                }\n            },\n            {\n                \"@type\": \"Question\",\n                \"name\": \"How do dissociatives make someone feel?\",\n                \"acceptedAnswer\": {\n                    \"@type\": \"Answer\",\n                    \"text\": \"Users may feel disconnected from their body or surroundings, with slurred speech or robotic behavior.\"\n                }\n            },\n            {\n                \"@type\": \"Question\",\n                \"name\": \"Can dissociatives be addictive?\",\n                \"acceptedAnswer\": {\n                    \"@type\": \"Answer\",\n                    \"text\": \"Yes. Some individuals develop a pattern of abuse and psychological dependence.\"\n                }\n            }\n        ]\n    }\n}<\/script>\r\n\t\t\t\t<\/div>\n\t\t\t\t<\/div>\n\t\t\t\t\t<\/div>\n\t\t\t\t<\/div>\n\t\t\t\t<\/div>","protected":false},"excerpt":{"rendered":"<p>Dissociatives are drugs that disrupt communication between the brain and body, leading to feelings of detachment from reality, the self, [&hellip;]<\/p>","protected":false},"author":43,"featured_media":0,"parent":5868,"menu_order":0,"comment_status":"closed","ping_status":"closed","template":"","meta":{"_acf_changed":false,"site-sidebar-layout":"default","site-content-layout":"","ast-site-content-layout":"default","site-content-style":"default","site-sidebar-style":"default","ast-global-header-display":"","ast-banner-title-visibility":"","ast-main-header-display":"","ast-hfb-above-header-display":"","ast-hfb-below-header-display":"","ast-hfb-mobile-header-display":"","site-post-title":"","ast-breadcrumbs-content":"","ast-featured-img":"","footer-sml-layout":"","ast-disable-related-posts":"","theme-transparent-header-meta":"","adv-header-id-meta":"","stick-header-meta":"","header-above-stick-meta":"","header-main-stick-meta":"","header-below-stick-meta":"","astra-migrate-meta-layouts":"default","ast-page-background-enabled":"default","ast-page-background-meta":{"desktop":{"background-color":"var(--ast-global-color-5)","background-image":"","background-repeat":"repeat","background-position":"center center","background-size":"auto","background-attachment":"scroll","background-type":"","background-media":"","overlay-type":"","overlay-color":"","overlay-opacity":"","overlay-gradient":""},"tablet":{"background-color":"","background-image":"","background-repeat":"repeat","background-position":"center center","background-size":"auto","background-attachment":"scroll","background-type":"","background-media":"","overlay-type":"","overlay-color":"","overlay-opacity":"","overlay-gradient":""},"mobile":{"background-color":"","background-image":"","background-repeat":"repeat","background-position":"center center","background-size":"auto","background-attachment":"scroll","background-type":"","background-media":"","overlay-type":"","overlay-color":"","overlay-opacity":"","overlay-gradient":""}},"ast-content-background-meta":{"desktop":{"background-color":"var(--ast-global-color-4)","background-image":"","background-repeat":"repeat","background-position":"center center","background-size":"auto","background-attachment":"scroll","background-type":"","background-media":"","overlay-type":"","overlay-color":"","overlay-opacity":"","overlay-gradient":""},"tablet":{"background-color":"var(--ast-global-color-4)","background-image":"","background-repeat":"repeat","background-position":"center center","background-size":"auto","background-attachment":"scroll","background-type":"","background-media":"","overlay-type":"","overlay-color":"","overlay-opacity":"","overlay-gradient":""},"mobile":{"background-color":"var(--ast-global-color-4)","background-image":"","background-repeat":"repeat","background-position":"center center","background-size":"auto","background-attachment":"scroll","background-type":"","background-media":"","overlay-type":"","overlay-color":"","overlay-opacity":"","overlay-gradient":""}},"footnotes":""},"class_list":["post-6498","page","type-page","status-publish","hentry"],"acf":[],"yoast_head":"<!-- This site is optimized with the Yoast SEO Premium plugin v26.6 (Yoast SEO v26.6) - https:\/\/yoast.com\/wordpress\/plugins\/seo\/ -->\n<title>What Are Dissociatives and Their Effects<\/title>\n<meta name=\"description\" content=\"Explore what are dissociatives and how they impact perception of reality, self, and surroundings. Learn more now.\" \/>\n<meta name=\"robots\" content=\"index, follow, max-snippet:-1, max-image-preview:large, max-video-preview:-1\" \/>\n<link rel=\"canonical\" href=\"https:\/\/www.narconon.online\/fi\/sanasto\/mita-ovat-dissosiatiivit\/\" \/>\n<meta property=\"og:locale\" content=\"fi_FI\" \/>\n<meta property=\"og:type\" content=\"article\" \/>\n<meta property=\"og:title\" content=\"What are Dissociatives?\" \/>\n<meta property=\"og:description\" content=\"Explore what are dissociatives and how they impact perception of reality, self, and surroundings. Learn more now.\" \/>\n<meta property=\"og:url\" content=\"https:\/\/www.narconon.online\/fi\/sanasto\/mita-ovat-dissosiatiivit\/\" \/>\n<meta property=\"og:site_name\" content=\"Narconon Europe\" \/>\n<meta property=\"article:publisher\" content=\"https:\/\/www.facebook.com\/narcononeu\" \/>\n<meta property=\"article:modified_time\" content=\"2025-07-24T10:02:49+00:00\" \/>\n<meta property=\"og:image\" content=\"https:\/\/www.narconon.online\/wp-content\/uploads\/2025\/07\/freepik__examples-of-dissociatives-including-ketamine-vial-__69447.webp\" \/>\n<meta name=\"twitter:card\" content=\"summary_large_image\" \/>\n<meta name=\"twitter:site\" content=\"@NARCONONEurope\" \/>\n<meta name=\"twitter:label1\" content=\"Arvioitu lukuaika\" \/>\n\t<meta name=\"twitter:data1\" content=\"2 minuuttia\" \/>\n<script type=\"application\/ld+json\" class=\"yoast-schema-graph\">{\"@context\":\"https:\/\/schema.org\",\"@graph\":[{\"@type\":\"WebPage\",\"@id\":\"https:\/\/www.narconon.online\/glossary\/what-are-dissociatives\/\",\"url\":\"https:\/\/www.narconon.online\/glossary\/what-are-dissociatives\/\",\"name\":\"What Are Dissociatives and Their Effects\",\"isPartOf\":{\"@id\":\"https:\/\/www.narconon.online\/#website\"},\"primaryImageOfPage\":{\"@id\":\"https:\/\/www.narconon.online\/glossary\/what-are-dissociatives\/#primaryimage\"},\"image\":{\"@id\":\"https:\/\/www.narconon.online\/glossary\/what-are-dissociatives\/#primaryimage\"},\"thumbnailUrl\":\"https:\/\/www.narconon.online\/wp-content\/uploads\/2025\/07\/freepik__examples-of-dissociatives-including-ketamine-vial-__69447.webp\",\"datePublished\":\"2025-07-24T09:48:54+00:00\",\"dateModified\":\"2025-07-24T10:02:49+00:00\",\"description\":\"Explore what are dissociatives and how they impact perception of reality, self, and surroundings. Learn more now.\",\"breadcrumb\":{\"@id\":\"https:\/\/www.narconon.online\/glossary\/what-are-dissociatives\/#breadcrumb\"},\"inLanguage\":\"fi\",\"potentialAction\":[{\"@type\":\"ReadAction\",\"target\":[\"https:\/\/www.narconon.online\/glossary\/what-are-dissociatives\/\"]}]},{\"@type\":\"ImageObject\",\"inLanguage\":\"fi\",\"@id\":\"https:\/\/www.narconon.online\/glossary\/what-are-dissociatives\/#primaryimage\",\"url\":\"https:\/\/www.narconon.online\/wp-content\/uploads\/2025\/07\/freepik__examples-of-dissociatives-including-ketamine-vial-__69447.webp\",\"contentUrl\":\"https:\/\/www.narconon.online\/wp-content\/uploads\/2025\/07\/freepik__examples-of-dissociatives-including-ketamine-vial-__69447.webp\"},{\"@type\":\"BreadcrumbList\",\"@id\":\"https:\/\/www.narconon.online\/glossary\/what-are-dissociatives\/#breadcrumb\",\"itemListElement\":[{\"@type\":\"ListItem\",\"position\":1,\"name\":\"Home\",\"item\":\"https:\/\/www.narconon.online\/\"},{\"@type\":\"ListItem\",\"position\":2,\"name\":\"Glossary of Drug Terms and Definitions\",\"item\":\"https:\/\/www.narconon.online\/glossary\/\"},{\"@type\":\"ListItem\",\"position\":3,\"name\":\"What are Dissociatives?\"}]},{\"@type\":\"WebSite\",\"@id\":\"https:\/\/www.narconon.online\/#website\",\"url\":\"https:\/\/www.narconon.online\/\",\"name\":\"Narconon Europe\",\"description\":\"Drug Free For Good\",\"publisher\":{\"@id\":\"https:\/\/www.narconon.online\/#organization\"},\"potentialAction\":[{\"@type\":\"SearchAction\",\"target\":{\"@type\":\"EntryPoint\",\"urlTemplate\":\"https:\/\/www.narconon.online\/?s={search_term_string}\"},\"query-input\":{\"@type\":\"PropertyValueSpecification\",\"valueRequired\":true,\"valueName\":\"search_term_string\"}}],\"inLanguage\":\"fi\"},{\"@type\":\"Organization\",\"@id\":\"https:\/\/www.narconon.online\/#organization\",\"name\":\"Narconon Europe\",\"url\":\"https:\/\/www.narconon.online\/\",\"logo\":{\"@type\":\"ImageObject\",\"inLanguage\":\"fi\",\"@id\":\"https:\/\/www.narconon.online\/#\/schema\/logo\/image\/\",\"url\":\"https:\/\/www.narconon.online\/wp-content\/uploads\/2025\/03\/Logo-Narconon-Europe-2.png\",\"contentUrl\":\"https:\/\/www.narconon.online\/wp-content\/uploads\/2025\/03\/Logo-Narconon-Europe-2.png\",\"width\":2000,\"height\":707,\"caption\":\"Narconon Europe\"},\"image\":{\"@id\":\"https:\/\/www.narconon.online\/#\/schema\/logo\/image\/\"},\"sameAs\":[\"https:\/\/www.facebook.com\/narcononeu\",\"https:\/\/x.com\/NARCONONEurope\",\"https:\/\/www.instagram.com\/narconon.europe\/\",\"https:\/\/www.youtube.com\/channel\/UCNUxvhoqZZCAxXCYO4K7MvA\",\"https:\/\/www.tiktok.com\/@narconon.europe\"]}]}<\/script>\n<!-- \/ Yoast SEO Premium plugin. -->","yoast_head_json":{"title":"Mit\u00e4 ovat dissosiatiivit ja niiden vaikutukset?","description":"Tutustu siihen, mit\u00e4 ovat dissosiatiivit ja miten ne vaikuttavat todellisuuden, itsen ja ymp\u00e4rist\u00f6n hahmottamiseen. Lue lis\u00e4\u00e4 nyt.","robots":{"index":"index","follow":"follow","max-snippet":"max-snippet:-1","max-image-preview":"max-image-preview:large","max-video-preview":"max-video-preview:-1"},"canonical":"https:\/\/www.narconon.online\/fi\/sanasto\/mita-ovat-dissosiatiivit\/","og_locale":"fi_FI","og_type":"article","og_title":"What are Dissociatives?","og_description":"Explore what are dissociatives and how they impact perception of reality, self, and surroundings. Learn more now.","og_url":"https:\/\/www.narconon.online\/fi\/sanasto\/mita-ovat-dissosiatiivit\/","og_site_name":"Narconon Europe","article_publisher":"https:\/\/www.facebook.com\/narcononeu","article_modified_time":"2025-07-24T10:02:49+00:00","og_image":[{"url":"https:\/\/www.narconon.online\/wp-content\/uploads\/2025\/07\/freepik__examples-of-dissociatives-including-ketamine-vial-__69447.webp","type":"","width":"","height":""}],"twitter_card":"summary_large_image","twitter_site":"@NARCONONEurope","twitter_misc":{"Arvioitu lukuaika":"2 minuuttia"},"schema":{"@context":"https:\/\/schema.org","@graph":[{"@type":"WebPage","@id":"https:\/\/www.narconon.online\/glossary\/what-are-dissociatives\/","url":"https:\/\/www.narconon.online\/glossary\/what-are-dissociatives\/","name":"Mit\u00e4 ovat dissosiatiivit ja niiden vaikutukset?","isPartOf":{"@id":"https:\/\/www.narconon.online\/#website"},"primaryImageOfPage":{"@id":"https:\/\/www.narconon.online\/glossary\/what-are-dissociatives\/#primaryimage"},"image":{"@id":"https:\/\/www.narconon.online\/glossary\/what-are-dissociatives\/#primaryimage"},"thumbnailUrl":"https:\/\/www.narconon.online\/wp-content\/uploads\/2025\/07\/freepik__examples-of-dissociatives-including-ketamine-vial-__69447.webp","datePublished":"2025-07-24T09:48:54+00:00","dateModified":"2025-07-24T10:02:49+00:00","description":"Tutustu siihen, mit\u00e4 ovat dissosiatiivit ja miten ne vaikuttavat todellisuuden, itsen ja ymp\u00e4rist\u00f6n hahmottamiseen. Lue lis\u00e4\u00e4 nyt.","breadcrumb":{"@id":"https:\/\/www.narconon.online\/glossary\/what-are-dissociatives\/#breadcrumb"},"inLanguage":"fi","potentialAction":[{"@type":"ReadAction","target":["https:\/\/www.narconon.online\/glossary\/what-are-dissociatives\/"]}]},{"@type":"ImageObject","inLanguage":"fi","@id":"https:\/\/www.narconon.online\/glossary\/what-are-dissociatives\/#primaryimage","url":"https:\/\/www.narconon.online\/wp-content\/uploads\/2025\/07\/freepik__examples-of-dissociatives-including-ketamine-vial-__69447.webp","contentUrl":"https:\/\/www.narconon.online\/wp-content\/uploads\/2025\/07\/freepik__examples-of-dissociatives-including-ketamine-vial-__69447.webp"},{"@type":"BreadcrumbList","@id":"https:\/\/www.narconon.online\/glossary\/what-are-dissociatives\/#breadcrumb","itemListElement":[{"@type":"ListItem","position":1,"name":"Home","item":"https:\/\/www.narconon.online\/"},{"@type":"ListItem","position":2,"name":"Glossary of Drug Terms and Definitions","item":"https:\/\/www.narconon.online\/glossary\/"},{"@type":"ListItem","position":3,"name":"What are Dissociatives?"}]},{"@type":"WebSite","@id":"https:\/\/www.narconon.online\/#website","url":"https:\/\/www.narconon.online\/","name":"Narconon Euroopassa","description":"Huumeista vapaa lopullisesti","publisher":{"@id":"https:\/\/www.narconon.online\/#organization"},"potentialAction":[{"@type":"SearchAction","target":{"@type":"EntryPoint","urlTemplate":"https:\/\/www.narconon.online\/?s={search_term_string}"},"query-input":{"@type":"PropertyValueSpecification","valueRequired":true,"valueName":"search_term_string"}}],"inLanguage":"fi"},{"@type":"Organization","@id":"https:\/\/www.narconon.online\/#organization","name":"Narconon Euroopassa","url":"https:\/\/www.narconon.online\/","logo":{"@type":"ImageObject","inLanguage":"fi","@id":"https:\/\/www.narconon.online\/#\/schema\/logo\/image\/","url":"https:\/\/www.narconon.online\/wp-content\/uploads\/2025\/03\/Logo-Narconon-Europe-2.png","contentUrl":"https:\/\/www.narconon.online\/wp-content\/uploads\/2025\/03\/Logo-Narconon-Europe-2.png","width":2000,"height":707,"caption":"Narconon Europe"},"image":{"@id":"https:\/\/www.narconon.online\/#\/schema\/logo\/image\/"},"sameAs":["https:\/\/www.facebook.com\/narcononeu","https:\/\/x.com\/NARCONONEurope","https:\/\/www.instagram.com\/narconon.europe\/","https:\/\/www.youtube.com\/channel\/UCNUxvhoqZZCAxXCYO4K7MvA","https:\/\/www.tiktok.com\/@narconon.europe"]}]}},"_links":{"self":[{"href":"https:\/\/www.narconon.online\/fi\/wp-json\/wp\/v2\/pages\/6498","targetHints":{"allow":["GET"]}}],"collection":[{"href":"https:\/\/www.narconon.online\/fi\/wp-json\/wp\/v2\/pages"}],"about":[{"href":"https:\/\/www.narconon.online\/fi\/wp-json\/wp\/v2\/types\/page"}],"author":[{"embeddable":true,"href":"https:\/\/www.narconon.online\/fi\/wp-json\/wp\/v2\/users\/43"}],"replies":[{"embeddable":true,"href":"https:\/\/www.narconon.online\/fi\/wp-json\/wp\/v2\/comments?post=6498"}],"version-history":[{"count":12,"href":"https:\/\/www.narconon.online\/fi\/wp-json\/wp\/v2\/pages\/6498\/revisions"}],"predecessor-version":[{"id":6513,"href":"https:\/\/www.narconon.online\/fi\/wp-json\/wp\/v2\/pages\/6498\/revisions\/6513"}],"up":[{"embeddable":true,"href":"https:\/\/www.narconon.online\/fi\/wp-json\/wp\/v2\/pages\/5868"}],"wp:attachment":[{"href":"https:\/\/www.narconon.online\/fi\/wp-json\/wp\/v2\/media?parent=6498"}],"curies":[{"name":"wp","href":"https:\/\/api.w.org\/{rel}","templated":true}]}}