{"id":6490,"date":"2025-07-24T11:44:28","date_gmt":"2025-07-24T09:44:28","guid":{"rendered":"https:\/\/www.narconon.online\/?page_id=6490"},"modified":"2025-07-24T11:46:59","modified_gmt":"2025-07-24T09:46:59","slug":"mita-ovat-nps","status":"publish","type":"page","link":"https:\/\/www.narconon.online\/fi\/sanasto\/mita-ovat-nps\/","title":{"rendered":"Mit\u00e4 ovat uudet psykoaktiiviset aineet (NPS)?"},"content":{"rendered":"<div data-elementor-type=\"wp-page\" data-elementor-id=\"6490\" class=\"elementor elementor-6490\" data-elementor-post-type=\"page\">\n\t\t\t\t<div class=\"elementor-element elementor-element-14d08559 e-flex e-con-boxed e-con e-parent\" data-id=\"14d08559\" data-element_type=\"container\" data-e-type=\"container\">\n\t\t\t\t\t<div class=\"e-con-inner\">\n\t\t<div class=\"elementor-element elementor-element-1cae676 e-grid e-con-full e-con e-child\" data-id=\"1cae676\" data-element_type=\"container\" data-e-type=\"container\">\n\t\t\t\t<div class=\"elementor-element elementor-element-ddfcbba elementor-widget elementor-widget-text-editor\" data-id=\"ddfcbba\" data-element_type=\"widget\" data-e-type=\"widget\" data-widget_type=\"text-editor.default\">\n\t\t\t\t<div class=\"elementor-widget-container\">\n\t\t\t\t\t\t\t\t\t<p data-start=\"308\" data-end=\"497\"><strong data-start=\"308\" data-end=\"345\">Uudet psykoaktiiviset aineet (NPS)<\/strong> ovat laboratoriossa luotuja l\u00e4\u00e4kkeit\u00e4, jotka on suunniteltu <strong data-start=\"380\" data-end=\"427\">j\u00e4ljittelev\u00e4t perinteisten aineiden vaikutuksia<\/strong> kuten kannabista, kokaiinia tai ekstaasia - ja v\u00e4ltt\u00e4\u00e4 samalla laillisia rajoituksia.<\/p>\n<p data-start=\"499\" data-end=\"691\">N\u00e4it\u00e4 aineita myyd\u00e4\u00e4n seuraavilla nimill\u00e4 <strong data-start=\"542\" data-end=\"586\">\"Kylpysuolat\", \"Spice\" tai \"lailliset huumausaineet\".<\/strong> Niiden kemiallista koostumusta muutetaan usein hieman lakien kiert\u00e4miseksi, mink\u00e4 vuoksi niit\u00e4 on vaikea havaita ja s\u00e4\u00e4nnell\u00e4.<\/p>\n<p data-start=\"693\" data-end=\"851\">Koska NPS:n turvallisuutta testataan harvoin, <strong data-start=\"735\" data-end=\"762\">ne aiheuttavat vakavia riskej\u00e4<\/strong>, mukaan lukien kouristukset, psykoosi, syd\u00e4men vajaatoiminta ja \u00e4kkikuolema - jopa kertak\u00e4yt\u00f6n j\u00e4lkeen.<\/p>\t\t\t\t\t\t\t\t<\/div>\n\t\t\t\t<\/div>\n\t\t\t\t<div class=\"elementor-element elementor-element-8f955ba elementor-widget elementor-widget-image\" data-id=\"8f955ba\" data-element_type=\"widget\" data-e-type=\"widget\" data-widget_type=\"image.default\">\n\t\t\t\t<div class=\"elementor-widget-container\">\n\t\t\t\t\t\t\t\t\t\t\t\t\t\t\t<img fetchpriority=\"high\" decoding=\"async\" width=\"1392\" height=\"752\" src=\"https:\/\/www.narconon.online\/wp-content\/uploads\/2025\/07\/freepik__closeup-of-a-colorful-legal-highs-packet-labeled-b__69445.webp\" class=\"attachment-full size-full wp-image-6492\" alt=\"Erilaiset NPS-tuotteet, kuten kylpysuolat, pillerit ja laillisina huumausaineina myyt\u00e4v\u00e4t kasviper\u00e4iset synteettiset huumeet.\" srcset=\"https:\/\/www.narconon.online\/wp-content\/uploads\/2025\/07\/freepik__closeup-of-a-colorful-legal-highs-packet-labeled-b__69445.webp 1392w, https:\/\/www.narconon.online\/wp-content\/uploads\/2025\/07\/freepik__closeup-of-a-colorful-legal-highs-packet-labeled-b__69445-300x162.webp 300w, https:\/\/www.narconon.online\/wp-content\/uploads\/2025\/07\/freepik__closeup-of-a-colorful-legal-highs-packet-labeled-b__69445-1024x553.webp 1024w, https:\/\/www.narconon.online\/wp-content\/uploads\/2025\/07\/freepik__closeup-of-a-colorful-legal-highs-packet-labeled-b__69445-768x415.webp 768w, https:\/\/www.narconon.online\/wp-content\/uploads\/2025\/07\/freepik__closeup-of-a-colorful-legal-highs-packet-labeled-b__69445-18x10.webp 18w\" sizes=\"(max-width: 1392px) 100vw, 1392px\" \/>\t\t\t\t\t\t\t\t\t\t\t\t\t\t\t<\/div>\n\t\t\t\t<\/div>\n\t\t\t\t<\/div>\n\t\t\t\t\t<\/div>\n\t\t\t\t<\/div>\n\t\t<div class=\"elementor-element elementor-element-064fdba e-flex e-con-boxed e-con e-parent\" data-id=\"064fdba\" data-element_type=\"container\" data-e-type=\"container\">\n\t\t\t\t\t<div class=\"e-con-inner\">\n\t\t<div class=\"elementor-element elementor-element-ecec8f5 e-grid e-con-full e-con e-child\" data-id=\"ecec8f5\" data-element_type=\"container\" data-e-type=\"container\">\n\t\t\t\t<div class=\"elementor-element elementor-element-0f0e55c elementor-widget elementor-widget-text-editor\" data-id=\"0f0e55c\" data-element_type=\"widget\" data-e-type=\"widget\" data-widget_type=\"text-editor.default\">\n\t\t\t\t<div class=\"elementor-widget-container\">\n\t\t\t\t\t\t\t\t\t<h3 id=\"h-related-terms\" class=\"wp-block-heading\">\ud83e\udde0 Liittyv\u00e4t termit<\/h3>\n<ul data-spread=\"false\" data-pm-slice=\"3 3 []\">\n<li><a href=\"https:\/\/www.narconon.online\/fi\/sanasto\/mita-on-kylpysuolat\/\">Kylpysuolat<\/a><\/li>\n<li><a href=\"https:\/\/www.narconon.online\/fi\/sanasto\/mika-on-mauste\/\">Mauste<\/a><\/li>\n<li>\n<p><a href=\"https:\/\/www.narconon.online\/fi\/sanasto\/mita-on-design-huumeet\/\">Suunnitteluhuumeet<\/a><\/p>\n<\/li>\n<li>\n<p><a href=\"https:\/\/www.narconon.online\/fi\/sanasto\/\">Sanasto Indeksi<\/a><\/p>\n<\/li>\n<\/ul>\t\t\t\t\t\t\t\t<\/div>\n\t\t\t\t<\/div>\n\t\t\t\t<div class=\"elementor-element elementor-element-03e5102 elementor-widget elementor-widget-text-editor\" data-id=\"03e5102\" data-element_type=\"widget\" data-e-type=\"widget\" data-widget_type=\"text-editor.default\">\n\t\t\t\t<div class=\"elementor-widget-container\">\n\t\t\t\t\t\t\t\t\t<p id=\"h-related-terms\" class=\"wp-block-heading\">\ud83d\udc49 Lue lis\u00e4\u00e4 ennaltaehk\u00e4isyst\u00e4:<br \/><a class=\"\" href=\"https:\/\/www.narcononeurope.dk\/en\/drug-abuse\/\" target=\"_blank\" rel=\"noopener\">Narconon Europe - Apua huumeiden v\u00e4\u00e4rink\u00e4ytt\u00f6\u00f6n<\/a><\/p>\n<p><!-- \/wp:list-item --><\/p>\n<p><!-- \/wp:list --><!-- wp:paragraph --><\/p>\n<p>\ud83d\udc49 Lis\u00e4\u00e4 koulutussis\u00e4lt\u00f6\u00e4 l\u00f6yd\u00e4t osoitteesta <a class=\"\" href=\"https:\/\/www.narconon.online\/fi\/huumausainekasvatuksen-ennaltaehkaisymateriaali\/\">Huumevalistus- ja ennaltaehk\u00e4isymateriaalit<\/a><\/p>\t\t\t\t\t\t\t\t<\/div>\n\t\t\t\t<\/div>\n\t\t\t\t<\/div>\n\t\t\t\t<div class=\"elementor-element elementor-element-1497776 elementor-widget elementor-widget-heading\" data-id=\"1497776\" data-element_type=\"widget\" data-e-type=\"widget\" data-widget_type=\"heading.default\">\n\t\t\t\t<div class=\"elementor-widget-container\">\n\t\t\t\t\t<h2 class=\"elementor-heading-title elementor-size-default\">\u2753 Usein kysytyt kysymykset - Mit\u00e4 ovat NPS?<\/h2>\t\t\t\t<\/div>\n\t\t\t\t<\/div>\n\t\t\t\t<div class=\"elementor-element elementor-element-a24ee80 elementor-widget elementor-widget-text-editor\" data-id=\"a24ee80\" data-element_type=\"widget\" data-e-type=\"widget\" data-widget_type=\"text-editor.default\">\n\t\t\t\t<div class=\"elementor-widget-container\">\n\t\t\t\t\t\t\t\t\t<p data-start=\"1195\" data-end=\"1311\"><strong data-start=\"1195\" data-end=\"1224\">1. Mihin NPS:\u00e4\u00e4 k\u00e4ytet\u00e4\u00e4n?<\/strong><br data-start=\"1224\" data-end=\"1227\" \/>Niit\u00e4 markkinoidaan usein laillisina vaihtoehtoina laittomille huumeille, joita k\u00e4ytet\u00e4\u00e4n virkistysk\u00e4yt\u00f6ss\u00e4.<\/p>\n<p data-start=\"1313\" data-end=\"1431\"><strong data-start=\"1313\" data-end=\"1342\">2. Miksi NPS on vaarallinen?<\/strong><br data-start=\"1342\" data-end=\"1345\" \/>Niiden ainesosat muuttuvat jatkuvasti, mik\u00e4 tekee niist\u00e4 arvaamattomia ja mahdollisesti tappavia.<\/p>\n<p data-start=\"1433\" data-end=\"1542\"><strong data-start=\"1433\" data-end=\"1462\">3. Milt\u00e4 NPS n\u00e4ytt\u00e4\u00e4?<\/strong><br data-start=\"1462\" data-end=\"1465\" \/>Ne ovat jauheita, pillereit\u00e4, kiteit\u00e4 tai kuivattuja yrttej\u00e4, jotka on ruiskutettu kemikaaleilla.<\/p>\n<p data-start=\"1544\" data-end=\"1653\"><strong data-start=\"1544\" data-end=\"1565\">4. Ovatko NPS:t laillisia?<\/strong><br data-start=\"1565\" data-end=\"1568\" \/>Useimmat niist\u00e4 on nyt kielletty Euroopassa, mutta uusia muunnelmia ilmestyy jatkuvasti s\u00e4\u00e4ntelyn v\u00e4ltt\u00e4miseksi.<\/p>\n<p data-start=\"1655\" data-end=\"1770\"><strong data-start=\"1655\" data-end=\"1697\">5. Miten joku voi pysy\u00e4 turvassa NPS:lt\u00e4?<\/strong><br data-start=\"1697\" data-end=\"1700\" \/>V\u00e4lt\u00e4 kaikkia merkitsem\u00e4tt\u00f6mi\u00e4 tai \"laillisia huumeita\" sis\u00e4lt\u00e4vi\u00e4 tuotteita, joita myyd\u00e4\u00e4n verkossa tai kaupoissa.<\/p>\t\t\t\t\t\t\t\t<\/div>\n\t\t\t\t<\/div>\n\t\t\t\t<div class=\"elementor-element elementor-element-3c88435 elementor-widget elementor-widget-html\" data-id=\"3c88435\" data-element_type=\"widget\" data-e-type=\"widget\" data-widget_type=\"html.default\">\n\t\t\t\t<div class=\"elementor-widget-container\">\n\t\t\t\t\t<script type=\"application\/ld+json\">{\n    \"@context\": \"https:\\\/\\\/schema.org\",\n    \"@type\": \"WebPage\",\n    \"name\": \"What are New Psychoactive Substances (NPS)?\",\n    \"headline\": \"What are New Psychoactive Substances (NPS)?\",\n    \"url\": \"https:\\\/\\\/www.narconon.online\\\/glossary\\\/what-are-nps\\\/\",\n    \"description\": \"NPS are synthetic drugs designed to imitate illegal substances. Learn what they are, why they\\u2019re dangerous, and how to recognize them.\",\n    \"datePublished\": \"2025-07-24\",\n    \"dateModified\": \"2025-07-24\",\n    \"inLanguage\": \"en\",\n    \"publisher\": {\n        \"@type\": \"Organization\",\n        \"name\": \"Narconon Europe\",\n        \"url\": \"https:\\\/\\\/www.narcononeurope.dk\"\n    },\n    \"author\": {\n        \"@type\": \"Person\",\n        \"name\": \"Jacky Buensoz\"\n    },\n    \"mainEntity\": {\n        \"@type\": \"FAQPage\",\n        \"mainEntity\": [\n            {\n                \"@type\": \"Question\",\n                \"name\": \"What are NPS used for?\",\n                \"acceptedAnswer\": {\n                    \"@type\": \"Answer\",\n                    \"text\": \"They are often marketed as legal alternatives to illegal drugs, used recreationally.\"\n                }\n            },\n            {\n                \"@type\": \"Question\",\n                \"name\": \"Why are NPS dangerous?\",\n                \"acceptedAnswer\": {\n                    \"@type\": \"Answer\",\n                    \"text\": \"Their ingredients constantly change, making them unpredictable and potentially deadly.\"\n                }\n            },\n            {\n                \"@type\": \"Question\",\n                \"name\": \"What do NPS look like?\",\n                \"acceptedAnswer\": {\n                    \"@type\": \"Answer\",\n                    \"text\": \"They come as powders, pills, crystals, or dried herbs sprayed with chemicals.\"\n                }\n            },\n            {\n                \"@type\": \"Question\",\n                \"name\": \"Are NPS legal?\",\n                \"acceptedAnswer\": {\n                    \"@type\": \"Answer\",\n                    \"text\": \"Most are now banned in Europe, but new variations keep appearing to avoid regulation.\"\n                }\n            },\n            {\n                \"@type\": \"Question\",\n                \"name\": \"How can someone stay safe from NPS?\",\n                \"acceptedAnswer\": {\n                    \"@type\": \"Answer\",\n                    \"text\": \"Avoid any unlabelled or \\u201clegal high\\u201d products sold online or in shops.\"\n                }\n            }\n        ]\n    }\n}<\/script>\r\n\t\t\t\t<\/div>\n\t\t\t\t<\/div>\n\t\t\t\t\t<\/div>\n\t\t\t\t<\/div>\n\t\t\t\t<\/div>","protected":false},"excerpt":{"rendered":"<p>New Psychoactive Substances (NPS) are lab-created drugs designed to mimic the effects of traditional substances like cannabis, cocaine, or ecstasy\u2014while [&hellip;]<\/p>","protected":false},"author":43,"featured_media":0,"parent":5868,"menu_order":0,"comment_status":"closed","ping_status":"closed","template":"","meta":{"_acf_changed":false,"site-sidebar-layout":"default","site-content-layout":"","ast-site-content-layout":"default","site-content-style":"default","site-sidebar-style":"default","ast-global-header-display":"","ast-banner-title-visibility":"","ast-main-header-display":"","ast-hfb-above-header-display":"","ast-hfb-below-header-display":"","ast-hfb-mobile-header-display":"","site-post-title":"","ast-breadcrumbs-content":"","ast-featured-img":"","footer-sml-layout":"","ast-disable-related-posts":"","theme-transparent-header-meta":"","adv-header-id-meta":"","stick-header-meta":"","header-above-stick-meta":"","header-main-stick-meta":"","header-below-stick-meta":"","astra-migrate-meta-layouts":"default","ast-page-background-enabled":"default","ast-page-background-meta":{"desktop":{"background-color":"var(--ast-global-color-5)","background-image":"","background-repeat":"repeat","background-position":"center center","background-size":"auto","background-attachment":"scroll","background-type":"","background-media":"","overlay-type":"","overlay-color":"","overlay-opacity":"","overlay-gradient":""},"tablet":{"background-color":"","background-image":"","background-repeat":"repeat","background-position":"center center","background-size":"auto","background-attachment":"scroll","background-type":"","background-media":"","overlay-type":"","overlay-color":"","overlay-opacity":"","overlay-gradient":""},"mobile":{"background-color":"","background-image":"","background-repeat":"repeat","background-position":"center center","background-size":"auto","background-attachment":"scroll","background-type":"","background-media":"","overlay-type":"","overlay-color":"","overlay-opacity":"","overlay-gradient":""}},"ast-content-background-meta":{"desktop":{"background-color":"var(--ast-global-color-4)","background-image":"","background-repeat":"repeat","background-position":"center center","background-size":"auto","background-attachment":"scroll","background-type":"","background-media":"","overlay-type":"","overlay-color":"","overlay-opacity":"","overlay-gradient":""},"tablet":{"background-color":"var(--ast-global-color-4)","background-image":"","background-repeat":"repeat","background-position":"center center","background-size":"auto","background-attachment":"scroll","background-type":"","background-media":"","overlay-type":"","overlay-color":"","overlay-opacity":"","overlay-gradient":""},"mobile":{"background-color":"var(--ast-global-color-4)","background-image":"","background-repeat":"repeat","background-position":"center center","background-size":"auto","background-attachment":"scroll","background-type":"","background-media":"","overlay-type":"","overlay-color":"","overlay-opacity":"","overlay-gradient":""}},"footnotes":""},"class_list":["post-6490","page","type-page","status-publish","hentry"],"acf":[],"yoast_head":"<!-- This site is optimized with the Yoast SEO Premium plugin v26.6 (Yoast SEO v26.6) - https:\/\/yoast.com\/wordpress\/plugins\/seo\/ -->\n<title>What Are NPS and Their Dangers Explained<\/title>\n<meta name=\"description\" content=\"Discover what are NPS and their risks. Learn about new psychoactive substances and their dangerous effects on health.\" \/>\n<meta name=\"robots\" content=\"index, follow, max-snippet:-1, max-image-preview:large, max-video-preview:-1\" \/>\n<link rel=\"canonical\" href=\"https:\/\/www.narconon.online\/fi\/sanasto\/mita-ovat-nps\/\" \/>\n<meta property=\"og:locale\" content=\"fi_FI\" \/>\n<meta property=\"og:type\" content=\"article\" \/>\n<meta property=\"og:title\" content=\"What are New Psychoactive Substances (NPS)?\" \/>\n<meta property=\"og:description\" content=\"Discover what are NPS and their risks. Learn about new psychoactive substances and their dangerous effects on health.\" \/>\n<meta property=\"og:url\" content=\"https:\/\/www.narconon.online\/fi\/sanasto\/mita-ovat-nps\/\" \/>\n<meta property=\"og:site_name\" content=\"Narconon Europe\" \/>\n<meta property=\"article:publisher\" content=\"https:\/\/www.facebook.com\/narcononeu\" \/>\n<meta property=\"article:modified_time\" content=\"2025-07-24T09:46:59+00:00\" \/>\n<meta property=\"og:image\" content=\"https:\/\/www.narconon.online\/wp-content\/uploads\/2025\/07\/freepik__closeup-of-a-colorful-legal-highs-packet-labeled-b__69445.webp\" \/>\n<meta name=\"twitter:card\" content=\"summary_large_image\" \/>\n<meta name=\"twitter:site\" content=\"@NARCONONEurope\" \/>\n<meta name=\"twitter:label1\" content=\"Arvioitu lukuaika\" \/>\n\t<meta name=\"twitter:data1\" content=\"2 minuuttia\" \/>\n<script type=\"application\/ld+json\" class=\"yoast-schema-graph\">{\"@context\":\"https:\/\/schema.org\",\"@graph\":[{\"@type\":\"WebPage\",\"@id\":\"https:\/\/www.narconon.online\/glossary\/what-are-nps\/\",\"url\":\"https:\/\/www.narconon.online\/glossary\/what-are-nps\/\",\"name\":\"What Are NPS and Their Dangers Explained\",\"isPartOf\":{\"@id\":\"https:\/\/www.narconon.online\/#website\"},\"primaryImageOfPage\":{\"@id\":\"https:\/\/www.narconon.online\/glossary\/what-are-nps\/#primaryimage\"},\"image\":{\"@id\":\"https:\/\/www.narconon.online\/glossary\/what-are-nps\/#primaryimage\"},\"thumbnailUrl\":\"https:\/\/www.narconon.online\/wp-content\/uploads\/2025\/07\/freepik__closeup-of-a-colorful-legal-highs-packet-labeled-b__69445.webp\",\"datePublished\":\"2025-07-24T09:44:28+00:00\",\"dateModified\":\"2025-07-24T09:46:59+00:00\",\"description\":\"Discover what are NPS and their risks. Learn about new psychoactive substances and their dangerous effects on health.\",\"breadcrumb\":{\"@id\":\"https:\/\/www.narconon.online\/glossary\/what-are-nps\/#breadcrumb\"},\"inLanguage\":\"fi\",\"potentialAction\":[{\"@type\":\"ReadAction\",\"target\":[\"https:\/\/www.narconon.online\/glossary\/what-are-nps\/\"]}]},{\"@type\":\"ImageObject\",\"inLanguage\":\"fi\",\"@id\":\"https:\/\/www.narconon.online\/glossary\/what-are-nps\/#primaryimage\",\"url\":\"https:\/\/www.narconon.online\/wp-content\/uploads\/2025\/07\/freepik__closeup-of-a-colorful-legal-highs-packet-labeled-b__69445.webp\",\"contentUrl\":\"https:\/\/www.narconon.online\/wp-content\/uploads\/2025\/07\/freepik__closeup-of-a-colorful-legal-highs-packet-labeled-b__69445.webp\"},{\"@type\":\"BreadcrumbList\",\"@id\":\"https:\/\/www.narconon.online\/glossary\/what-are-nps\/#breadcrumb\",\"itemListElement\":[{\"@type\":\"ListItem\",\"position\":1,\"name\":\"Home\",\"item\":\"https:\/\/www.narconon.online\/\"},{\"@type\":\"ListItem\",\"position\":2,\"name\":\"Glossary of Drug Terms and Definitions\",\"item\":\"https:\/\/www.narconon.online\/glossary\/\"},{\"@type\":\"ListItem\",\"position\":3,\"name\":\"What are New Psychoactive Substances (NPS)?\"}]},{\"@type\":\"WebSite\",\"@id\":\"https:\/\/www.narconon.online\/#website\",\"url\":\"https:\/\/www.narconon.online\/\",\"name\":\"Narconon Europe\",\"description\":\"Drug Free For Good\",\"publisher\":{\"@id\":\"https:\/\/www.narconon.online\/#organization\"},\"potentialAction\":[{\"@type\":\"SearchAction\",\"target\":{\"@type\":\"EntryPoint\",\"urlTemplate\":\"https:\/\/www.narconon.online\/?s={search_term_string}\"},\"query-input\":{\"@type\":\"PropertyValueSpecification\",\"valueRequired\":true,\"valueName\":\"search_term_string\"}}],\"inLanguage\":\"fi\"},{\"@type\":\"Organization\",\"@id\":\"https:\/\/www.narconon.online\/#organization\",\"name\":\"Narconon Europe\",\"url\":\"https:\/\/www.narconon.online\/\",\"logo\":{\"@type\":\"ImageObject\",\"inLanguage\":\"fi\",\"@id\":\"https:\/\/www.narconon.online\/#\/schema\/logo\/image\/\",\"url\":\"https:\/\/www.narconon.online\/wp-content\/uploads\/2025\/03\/Logo-Narconon-Europe-2.png\",\"contentUrl\":\"https:\/\/www.narconon.online\/wp-content\/uploads\/2025\/03\/Logo-Narconon-Europe-2.png\",\"width\":2000,\"height\":707,\"caption\":\"Narconon Europe\"},\"image\":{\"@id\":\"https:\/\/www.narconon.online\/#\/schema\/logo\/image\/\"},\"sameAs\":[\"https:\/\/www.facebook.com\/narcononeu\",\"https:\/\/x.com\/NARCONONEurope\",\"https:\/\/www.instagram.com\/narconon.europe\/\",\"https:\/\/www.youtube.com\/channel\/UCNUxvhoqZZCAxXCYO4K7MvA\",\"https:\/\/www.tiktok.com\/@narconon.europe\"]}]}<\/script>\n<!-- \/ Yoast SEO Premium plugin. -->","yoast_head_json":{"title":"Mit\u00e4 ovat NPS ja niiden vaarat selitet\u00e4\u00e4n","description":"Selvit\u00e4, mit\u00e4 ovat NPS ja niiden riskit. Tutustu uusiin psykoaktiivisiin aineisiin ja niiden vaarallisiin terveysvaikutuksiin.","robots":{"index":"index","follow":"follow","max-snippet":"max-snippet:-1","max-image-preview":"max-image-preview:large","max-video-preview":"max-video-preview:-1"},"canonical":"https:\/\/www.narconon.online\/fi\/sanasto\/mita-ovat-nps\/","og_locale":"fi_FI","og_type":"article","og_title":"What are New Psychoactive Substances (NPS)?","og_description":"Discover what are NPS and their risks. Learn about new psychoactive substances and their dangerous effects on health.","og_url":"https:\/\/www.narconon.online\/fi\/sanasto\/mita-ovat-nps\/","og_site_name":"Narconon Europe","article_publisher":"https:\/\/www.facebook.com\/narcononeu","article_modified_time":"2025-07-24T09:46:59+00:00","og_image":[{"url":"https:\/\/www.narconon.online\/wp-content\/uploads\/2025\/07\/freepik__closeup-of-a-colorful-legal-highs-packet-labeled-b__69445.webp","type":"","width":"","height":""}],"twitter_card":"summary_large_image","twitter_site":"@NARCONONEurope","twitter_misc":{"Arvioitu lukuaika":"2 minuuttia"},"schema":{"@context":"https:\/\/schema.org","@graph":[{"@type":"WebPage","@id":"https:\/\/www.narconon.online\/glossary\/what-are-nps\/","url":"https:\/\/www.narconon.online\/glossary\/what-are-nps\/","name":"Mit\u00e4 ovat NPS ja niiden vaarat selitet\u00e4\u00e4n","isPartOf":{"@id":"https:\/\/www.narconon.online\/#website"},"primaryImageOfPage":{"@id":"https:\/\/www.narconon.online\/glossary\/what-are-nps\/#primaryimage"},"image":{"@id":"https:\/\/www.narconon.online\/glossary\/what-are-nps\/#primaryimage"},"thumbnailUrl":"https:\/\/www.narconon.online\/wp-content\/uploads\/2025\/07\/freepik__closeup-of-a-colorful-legal-highs-packet-labeled-b__69445.webp","datePublished":"2025-07-24T09:44:28+00:00","dateModified":"2025-07-24T09:46:59+00:00","description":"Selvit\u00e4, mit\u00e4 ovat NPS ja niiden riskit. Tutustu uusiin psykoaktiivisiin aineisiin ja niiden vaarallisiin terveysvaikutuksiin.","breadcrumb":{"@id":"https:\/\/www.narconon.online\/glossary\/what-are-nps\/#breadcrumb"},"inLanguage":"fi","potentialAction":[{"@type":"ReadAction","target":["https:\/\/www.narconon.online\/glossary\/what-are-nps\/"]}]},{"@type":"ImageObject","inLanguage":"fi","@id":"https:\/\/www.narconon.online\/glossary\/what-are-nps\/#primaryimage","url":"https:\/\/www.narconon.online\/wp-content\/uploads\/2025\/07\/freepik__closeup-of-a-colorful-legal-highs-packet-labeled-b__69445.webp","contentUrl":"https:\/\/www.narconon.online\/wp-content\/uploads\/2025\/07\/freepik__closeup-of-a-colorful-legal-highs-packet-labeled-b__69445.webp"},{"@type":"BreadcrumbList","@id":"https:\/\/www.narconon.online\/glossary\/what-are-nps\/#breadcrumb","itemListElement":[{"@type":"ListItem","position":1,"name":"Home","item":"https:\/\/www.narconon.online\/"},{"@type":"ListItem","position":2,"name":"Glossary of Drug Terms and Definitions","item":"https:\/\/www.narconon.online\/glossary\/"},{"@type":"ListItem","position":3,"name":"What are New Psychoactive Substances (NPS)?"}]},{"@type":"WebSite","@id":"https:\/\/www.narconon.online\/#website","url":"https:\/\/www.narconon.online\/","name":"Narconon Euroopassa","description":"Huumeista vapaa lopullisesti","publisher":{"@id":"https:\/\/www.narconon.online\/#organization"},"potentialAction":[{"@type":"SearchAction","target":{"@type":"EntryPoint","urlTemplate":"https:\/\/www.narconon.online\/?s={search_term_string}"},"query-input":{"@type":"PropertyValueSpecification","valueRequired":true,"valueName":"search_term_string"}}],"inLanguage":"fi"},{"@type":"Organization","@id":"https:\/\/www.narconon.online\/#organization","name":"Narconon Euroopassa","url":"https:\/\/www.narconon.online\/","logo":{"@type":"ImageObject","inLanguage":"fi","@id":"https:\/\/www.narconon.online\/#\/schema\/logo\/image\/","url":"https:\/\/www.narconon.online\/wp-content\/uploads\/2025\/03\/Logo-Narconon-Europe-2.png","contentUrl":"https:\/\/www.narconon.online\/wp-content\/uploads\/2025\/03\/Logo-Narconon-Europe-2.png","width":2000,"height":707,"caption":"Narconon Europe"},"image":{"@id":"https:\/\/www.narconon.online\/#\/schema\/logo\/image\/"},"sameAs":["https:\/\/www.facebook.com\/narcononeu","https:\/\/x.com\/NARCONONEurope","https:\/\/www.instagram.com\/narconon.europe\/","https:\/\/www.youtube.com\/channel\/UCNUxvhoqZZCAxXCYO4K7MvA","https:\/\/www.tiktok.com\/@narconon.europe"]}]}},"_links":{"self":[{"href":"https:\/\/www.narconon.online\/fi\/wp-json\/wp\/v2\/pages\/6490","targetHints":{"allow":["GET"]}}],"collection":[{"href":"https:\/\/www.narconon.online\/fi\/wp-json\/wp\/v2\/pages"}],"about":[{"href":"https:\/\/www.narconon.online\/fi\/wp-json\/wp\/v2\/types\/page"}],"author":[{"embeddable":true,"href":"https:\/\/www.narconon.online\/fi\/wp-json\/wp\/v2\/users\/43"}],"replies":[{"embeddable":true,"href":"https:\/\/www.narconon.online\/fi\/wp-json\/wp\/v2\/comments?post=6490"}],"version-history":[{"count":6,"href":"https:\/\/www.narconon.online\/fi\/wp-json\/wp\/v2\/pages\/6490\/revisions"}],"predecessor-version":[{"id":6497,"href":"https:\/\/www.narconon.online\/fi\/wp-json\/wp\/v2\/pages\/6490\/revisions\/6497"}],"up":[{"embeddable":true,"href":"https:\/\/www.narconon.online\/fi\/wp-json\/wp\/v2\/pages\/5868"}],"wp:attachment":[{"href":"https:\/\/www.narconon.online\/fi\/wp-json\/wp\/v2\/media?parent=6490"}],"curies":[{"name":"wp","href":"https:\/\/api.w.org\/{rel}","templated":true}]}}