{"id":6432,"date":"2025-07-24T09:31:06","date_gmt":"2025-07-24T07:31:06","guid":{"rendered":"https:\/\/www.narconon.online\/?page_id=6432"},"modified":"2025-07-24T09:32:02","modified_gmt":"2025-07-24T07:32:02","slug":"mita-ovat-masennuslaakkeet","status":"publish","type":"page","link":"https:\/\/www.narconon.online\/fi\/sanasto\/mita-ovat-masennuslaakkeet\/","title":{"rendered":"Mit\u00e4 ovat masennusl\u00e4\u00e4kkeet?"},"content":{"rendered":"<div data-elementor-type=\"wp-page\" data-elementor-id=\"6432\" class=\"elementor elementor-6432\" data-elementor-post-type=\"page\">\n\t\t\t\t<div class=\"elementor-element elementor-element-14d08559 e-flex e-con-boxed e-con e-parent\" data-id=\"14d08559\" data-element_type=\"container\" data-e-type=\"container\">\n\t\t\t\t\t<div class=\"e-con-inner\">\n\t\t<div class=\"elementor-element elementor-element-1cae676 e-grid e-con-full e-con e-child\" data-id=\"1cae676\" data-element_type=\"container\" data-e-type=\"container\">\n\t\t\t\t<div class=\"elementor-element elementor-element-ddfcbba elementor-widget elementor-widget-text-editor\" data-id=\"ddfcbba\" data-element_type=\"widget\" data-e-type=\"widget\" data-widget_type=\"text-editor.default\">\n\t\t\t\t<div class=\"elementor-widget-container\">\n\t\t\t\t\t\t\t\t\t<p data-start=\"297\" data-end=\"459\"><strong data-start=\"297\" data-end=\"312\">Masennusl\u00e4\u00e4kkeet<\/strong> ovat aineita, jotka <strong data-start=\"333\" data-end=\"361\">hidastaa aivotoimintaa<\/strong>. Ne v\u00e4hent\u00e4v\u00e4t keskushermoston stimulaatiota, mik\u00e4 aiheuttaa rentoutumista, uneliaisuutta ja rauhoittumista.<\/p>\n<p data-start=\"461\" data-end=\"677\">N\u00e4ihin l\u00e4\u00e4kkeisiin kuuluvat sek\u00e4 <strong data-start=\"486\" data-end=\"507\">lailliset l\u00e4\u00e4kkeet<\/strong> kuten bentsodiatsepiinit tai barbituraatit, ja <strong data-start=\"550\" data-end=\"572\">laittomat aineet<\/strong> kuten GHB. Niit\u00e4 m\u00e4\u00e4r\u00e4t\u00e4\u00e4n yleisesti ahdistuksen, unettomuuden ja kouristuskohtausten hoitoon, mutta v\u00e4\u00e4rink\u00e4ytt\u00f6 on yleist\u00e4.<\/p>\n<p data-start=\"679\" data-end=\"832\"><strong data-start=\"679\" data-end=\"694\">Kun v\u00e4\u00e4rink\u00e4ytet\u00e4\u00e4n<\/strong>, masennusl\u00e4\u00e4kkeet voivat johtaa hengityksen hidastumiseen, muistin menetykseen, riippuvuuteen ja kuolemaan johtavaan yliannostukseen - erityisesti silloin, kun niit\u00e4 sekoitetaan muiden huumeiden tai alkoholin kanssa.<\/p>\t\t\t\t\t\t\t\t<\/div>\n\t\t\t\t<\/div>\n\t\t\t\t<div class=\"elementor-element elementor-element-8f955ba elementor-widget elementor-widget-image\" data-id=\"8f955ba\" data-element_type=\"widget\" data-e-type=\"widget\" data-widget_type=\"image.default\">\n\t\t\t\t<div class=\"elementor-widget-container\">\n\t\t\t\t\t\t\t\t\t\t\t\t\t\t\t<img fetchpriority=\"high\" decoding=\"async\" width=\"1392\" height=\"752\" src=\"https:\/\/www.narconon.online\/wp-content\/uploads\/2025\/07\/freepik__a-collection-of-prescription-depressants-tablets-i__41823.webp\" class=\"attachment-full size-full wp-image-6439\" alt=\"Esimerkkej\u00e4 masennusl\u00e4\u00e4kkeist\u00e4, kuten pillereist\u00e4, GHB-pullosta ja uneliaisuusvaikutuksista.\" srcset=\"https:\/\/www.narconon.online\/wp-content\/uploads\/2025\/07\/freepik__a-collection-of-prescription-depressants-tablets-i__41823.webp 1392w, https:\/\/www.narconon.online\/wp-content\/uploads\/2025\/07\/freepik__a-collection-of-prescription-depressants-tablets-i__41823-300x162.webp 300w, https:\/\/www.narconon.online\/wp-content\/uploads\/2025\/07\/freepik__a-collection-of-prescription-depressants-tablets-i__41823-1024x553.webp 1024w, https:\/\/www.narconon.online\/wp-content\/uploads\/2025\/07\/freepik__a-collection-of-prescription-depressants-tablets-i__41823-768x415.webp 768w, https:\/\/www.narconon.online\/wp-content\/uploads\/2025\/07\/freepik__a-collection-of-prescription-depressants-tablets-i__41823-18x10.webp 18w\" sizes=\"(max-width: 1392px) 100vw, 1392px\" \/>\t\t\t\t\t\t\t\t\t\t\t\t\t\t\t<\/div>\n\t\t\t\t<\/div>\n\t\t\t\t<\/div>\n\t\t\t\t\t<\/div>\n\t\t\t\t<\/div>\n\t\t<div class=\"elementor-element elementor-element-064fdba e-flex e-con-boxed e-con e-parent\" data-id=\"064fdba\" data-element_type=\"container\" data-e-type=\"container\">\n\t\t\t\t\t<div class=\"e-con-inner\">\n\t\t<div class=\"elementor-element elementor-element-ecec8f5 e-grid e-con-full e-con e-child\" data-id=\"ecec8f5\" data-element_type=\"container\" data-e-type=\"container\">\n\t\t\t\t<div class=\"elementor-element elementor-element-0f0e55c elementor-widget elementor-widget-text-editor\" data-id=\"0f0e55c\" data-element_type=\"widget\" data-e-type=\"widget\" data-widget_type=\"text-editor.default\">\n\t\t\t\t<div class=\"elementor-widget-container\">\n\t\t\t\t\t\t\t\t\t<h3 id=\"h-related-terms\" class=\"wp-block-heading\">\ud83e\udde0 Liittyv\u00e4t termit<\/h3>\n<ul data-spread=\"false\" data-pm-slice=\"3 3 []\">\n<li><a href=\"https:\/\/www.narconon.online\/fi\/sanasto\/mika-on-ghb\/\">GHB<\/a><\/li>\n<li><a href=\"https:\/\/www.narconon.online\/fi\/sanasto\/mita-bentsodiatsepiinit-ovat\/\">Bentsodiatsepiinit<\/a><\/li>\n<li>\n<p><a href=\"https:\/\/www.narconon.online\/fi\/sanasto\/mita-ovat-rauhoittavat-laakkeet\/\">Rauhoittavat l\u00e4\u00e4kkeet<\/a><\/p>\n<\/li>\n<li>\n<p><a href=\"https:\/\/www.narconon.online\/fi\/sanasto\/\">Sanasto Indeksi<\/a><\/p>\n<\/li>\n<\/ul>\t\t\t\t\t\t\t\t<\/div>\n\t\t\t\t<\/div>\n\t\t\t\t<div class=\"elementor-element elementor-element-03e5102 elementor-widget elementor-widget-text-editor\" data-id=\"03e5102\" data-element_type=\"widget\" data-e-type=\"widget\" data-widget_type=\"text-editor.default\">\n\t\t\t\t<div class=\"elementor-widget-container\">\n\t\t\t\t\t\t\t\t\t<p id=\"h-related-terms\" class=\"wp-block-heading\">\ud83d\udc49 Lue lis\u00e4\u00e4 ennaltaehk\u00e4isyst\u00e4:<br \/><a class=\"\" href=\"https:\/\/www.narcononeurope.dk\/en\/drug-abuse\/\" target=\"_blank\" rel=\"noopener\">Narconon Europe - Apua huumeiden v\u00e4\u00e4rink\u00e4ytt\u00f6\u00f6n<\/a><\/p>\n<p><!-- \/wp:list-item --><\/p>\n<p><!-- \/wp:list --><!-- wp:paragraph --><\/p>\n<p>\ud83d\udc49 Lis\u00e4\u00e4 koulutussis\u00e4lt\u00f6\u00e4 l\u00f6yd\u00e4t osoitteesta <a class=\"\" href=\"https:\/\/www.narconon.online\/fi\/huumausainekasvatuksen-ennaltaehkaisymateriaali\/\">Huumevalistus- ja ennaltaehk\u00e4isymateriaalit<\/a><\/p>\t\t\t\t\t\t\t\t<\/div>\n\t\t\t\t<\/div>\n\t\t\t\t<\/div>\n\t\t\t\t<div class=\"elementor-element elementor-element-1497776 elementor-widget elementor-widget-heading\" data-id=\"1497776\" data-element_type=\"widget\" data-e-type=\"widget\" data-widget_type=\"heading.default\">\n\t\t\t\t<div class=\"elementor-widget-container\">\n\t\t\t\t\t<h2 class=\"elementor-heading-title elementor-size-default\">\u2753 FAQ - Mit\u00e4 ovat masennusl\u00e4\u00e4kkeet?<\/h2>\t\t\t\t<\/div>\n\t\t\t\t<\/div>\n\t\t\t\t<div class=\"elementor-element elementor-element-a24ee80 elementor-widget elementor-widget-text-editor\" data-id=\"a24ee80\" data-element_type=\"widget\" data-e-type=\"widget\" data-widget_type=\"text-editor.default\">\n\t\t\t\t<div class=\"elementor-widget-container\">\n\t\t\t\t\t\t\t\t\t<p data-start=\"1188\" data-end=\"1304\"><strong data-start=\"1188\" data-end=\"1225\">1. Mihin masennusl\u00e4\u00e4kkeit\u00e4 k\u00e4ytet\u00e4\u00e4n?<\/strong><br data-start=\"1225\" data-end=\"1228\" \/>Niit\u00e4 m\u00e4\u00e4r\u00e4t\u00e4\u00e4n v\u00e4hent\u00e4m\u00e4\u00e4n ahdistusta, auttamaan unen saamisessa tai hallitsemaan kohtauksia.<\/p>\n<p data-start=\"1306\" data-end=\"1440\"><strong data-start=\"1306\" data-end=\"1343\">2. Miksi masennusl\u00e4\u00e4kkeet ovat vaarallisia?<\/strong><br data-start=\"1343\" data-end=\"1346\" \/>Ne hidastavat elintoimintoja ja voivat aiheuttaa yliannostuksen, etenkin jos niit\u00e4 sekoitetaan muiden aineiden kanssa.<\/p>\n<p data-start=\"1442\" data-end=\"1542\"><strong data-start=\"1442\" data-end=\"1479\">3. Milt\u00e4 masennusl\u00e4\u00e4kkeet n\u00e4ytt\u00e4v\u00e4t?<\/strong><br data-start=\"1479\" data-end=\"1482\" \/>Usein tabletteja tai kapseleita, joskus kirkkaita nesteit\u00e4, kuten GHB.<\/p>\n<p data-start=\"1544\" data-end=\"1651\"><strong data-start=\"1544\" data-end=\"1587\">4. Voiko masennusl\u00e4\u00e4kkeiden yliannostuksen aiheuttaa?<\/strong><br data-start=\"1587\" data-end=\"1590\" \/>Kyll\u00e4. Liika voi est\u00e4\u00e4 hengityksen tai aiheuttaa kooman ja kuoleman.<\/p>\n<p data-start=\"1653\" data-end=\"1784\"><strong data-start=\"1653\" data-end=\"1693\">5. Miten ehk\u00e4ist\u00e4 masennusl\u00e4\u00e4kkeiden v\u00e4\u00e4rink\u00e4ytt\u00f6\u00e4?<\/strong><br data-start=\"1693\" data-end=\"1696\" \/>Noudata l\u00e4\u00e4kem\u00e4\u00e4r\u00e4yksi\u00e4 huolellisesti ja v\u00e4lt\u00e4 niiden yhdist\u00e4mist\u00e4 alkoholin tai muiden rauhoittavien l\u00e4\u00e4kkeiden kanssa.<\/p>\t\t\t\t\t\t\t\t<\/div>\n\t\t\t\t<\/div>\n\t\t\t\t<div class=\"elementor-element elementor-element-3c88435 elementor-widget elementor-widget-html\" data-id=\"3c88435\" data-element_type=\"widget\" data-e-type=\"widget\" data-widget_type=\"html.default\">\n\t\t\t\t<div class=\"elementor-widget-container\">\n\t\t\t\t\t<script type=\"application\/ld+json\">{\n    \"@context\": \"https:\\\/\\\/schema.org\",\n    \"@type\": \"WebPage\",\n    \"name\": \"What are Depressants?\",\n    \"headline\": \"What are Depressants?\",\n    \"url\": \"https:\\\/\\\/www.narconon.online\\\/glossary\\\/what-are-depressants\\\/\",\n    \"description\": \"Depressants are drugs that slow down brain activity. Learn their uses, risks, appearance, and how to prevent misuse.\",\n    \"datePublished\": \"2025-07-24\",\n    \"dateModified\": \"2025-07-24\",\n    \"inLanguage\": \"en\",\n    \"publisher\": {\n        \"@type\": \"Organization\",\n        \"name\": \"Narconon Europe\",\n        \"url\": \"https:\\\/\\\/www.narcononeurope.dk\"\n    },\n    \"author\": {\n        \"@type\": \"Person\",\n        \"name\": \"Jacky Buensoz\"\n    },\n    \"mainEntity\": {\n        \"@type\": \"FAQPage\",\n        \"mainEntity\": [\n            {\n                \"@type\": \"Question\",\n                \"name\": \"What are depressants used for?\",\n                \"acceptedAnswer\": {\n                    \"@type\": \"Answer\",\n                    \"text\": \"They are prescribed to reduce anxiety, help with sleep, or control seizures.\"\n                }\n            },\n            {\n                \"@type\": \"Question\",\n                \"name\": \"Why are depressants dangerous?\",\n                \"acceptedAnswer\": {\n                    \"@type\": \"Answer\",\n                    \"text\": \"They slow vital functions and can cause overdose, especially when mixed with other substances.\"\n                }\n            },\n            {\n                \"@type\": \"Question\",\n                \"name\": \"What do depressants look like?\",\n                \"acceptedAnswer\": {\n                    \"@type\": \"Answer\",\n                    \"text\": \"Often tablets or capsules, sometimes clear liquids like GHB.\"\n                }\n            },\n            {\n                \"@type\": \"Question\",\n                \"name\": \"Can someone overdose on depressants?\",\n                \"acceptedAnswer\": {\n                    \"@type\": \"Answer\",\n                    \"text\": \"Yes. Too much can suppress breathing or cause coma and death.\"\n                }\n            },\n            {\n                \"@type\": \"Question\",\n                \"name\": \"How to prevent depressant misuse?\",\n                \"acceptedAnswer\": {\n                    \"@type\": \"Answer\",\n                    \"text\": \"Follow prescriptions carefully and avoid combining them with alcohol or other sedatives.\"\n                }\n            }\n        ]\n    }\n}<\/script>\r\n\t\t\t\t<\/div>\n\t\t\t\t<\/div>\n\t\t\t\t\t<\/div>\n\t\t\t\t<\/div>\n\t\t\t\t<\/div>","protected":false},"excerpt":{"rendered":"<p>Depressants are substances that slow down brain activity. They reduce stimulation in the central nervous system, causing relaxation, drowsiness, and [&hellip;]<\/p>","protected":false},"author":43,"featured_media":0,"parent":5868,"menu_order":0,"comment_status":"closed","ping_status":"closed","template":"","meta":{"_acf_changed":false,"site-sidebar-layout":"default","site-content-layout":"","ast-site-content-layout":"default","site-content-style":"default","site-sidebar-style":"default","ast-global-header-display":"","ast-banner-title-visibility":"","ast-main-header-display":"","ast-hfb-above-header-display":"","ast-hfb-below-header-display":"","ast-hfb-mobile-header-display":"","site-post-title":"","ast-breadcrumbs-content":"","ast-featured-img":"","footer-sml-layout":"","ast-disable-related-posts":"","theme-transparent-header-meta":"","adv-header-id-meta":"","stick-header-meta":"","header-above-stick-meta":"","header-main-stick-meta":"","header-below-stick-meta":"","astra-migrate-meta-layouts":"default","ast-page-background-enabled":"default","ast-page-background-meta":{"desktop":{"background-color":"var(--ast-global-color-5)","background-image":"","background-repeat":"repeat","background-position":"center center","background-size":"auto","background-attachment":"scroll","background-type":"","background-media":"","overlay-type":"","overlay-color":"","overlay-opacity":"","overlay-gradient":""},"tablet":{"background-color":"","background-image":"","background-repeat":"repeat","background-position":"center center","background-size":"auto","background-attachment":"scroll","background-type":"","background-media":"","overlay-type":"","overlay-color":"","overlay-opacity":"","overlay-gradient":""},"mobile":{"background-color":"","background-image":"","background-repeat":"repeat","background-position":"center center","background-size":"auto","background-attachment":"scroll","background-type":"","background-media":"","overlay-type":"","overlay-color":"","overlay-opacity":"","overlay-gradient":""}},"ast-content-background-meta":{"desktop":{"background-color":"var(--ast-global-color-4)","background-image":"","background-repeat":"repeat","background-position":"center center","background-size":"auto","background-attachment":"scroll","background-type":"","background-media":"","overlay-type":"","overlay-color":"","overlay-opacity":"","overlay-gradient":""},"tablet":{"background-color":"var(--ast-global-color-4)","background-image":"","background-repeat":"repeat","background-position":"center center","background-size":"auto","background-attachment":"scroll","background-type":"","background-media":"","overlay-type":"","overlay-color":"","overlay-opacity":"","overlay-gradient":""},"mobile":{"background-color":"var(--ast-global-color-4)","background-image":"","background-repeat":"repeat","background-position":"center center","background-size":"auto","background-attachment":"scroll","background-type":"","background-media":"","overlay-type":"","overlay-color":"","overlay-opacity":"","overlay-gradient":""}},"footnotes":""},"class_list":["post-6432","page","type-page","status-publish","hentry"],"acf":[],"yoast_head":"<!-- This site is optimized with the Yoast SEO Premium plugin v26.6 (Yoast SEO v26.6) - https:\/\/yoast.com\/wordpress\/plugins\/seo\/ -->\n<title>What Are Depressants and Their Effects on You?<\/title>\n<meta name=\"description\" content=\"Explore what are depressants and how they affect the brain. Learn about their uses, risks, and potential for abuse.\" \/>\n<meta name=\"robots\" content=\"index, follow, max-snippet:-1, max-image-preview:large, max-video-preview:-1\" \/>\n<link rel=\"canonical\" href=\"https:\/\/www.narconon.online\/fi\/sanasto\/mita-ovat-masennuslaakkeet\/\" \/>\n<meta property=\"og:locale\" content=\"fi_FI\" \/>\n<meta property=\"og:type\" content=\"article\" \/>\n<meta property=\"og:title\" content=\"What are Depressants?\" \/>\n<meta property=\"og:description\" content=\"Explore what are depressants and how they affect the brain. Learn about their uses, risks, and potential for abuse.\" \/>\n<meta property=\"og:url\" content=\"https:\/\/www.narconon.online\/fi\/sanasto\/mita-ovat-masennuslaakkeet\/\" \/>\n<meta property=\"og:site_name\" content=\"Narconon Europe\" \/>\n<meta property=\"article:publisher\" content=\"https:\/\/www.facebook.com\/narcononeu\" \/>\n<meta property=\"article:modified_time\" content=\"2025-07-24T07:32:02+00:00\" \/>\n<meta property=\"og:image\" content=\"https:\/\/www.narconon.online\/wp-content\/uploads\/2025\/07\/freepik__a-collection-of-prescription-depressants-tablets-i__41823.png\" \/>\n<meta name=\"twitter:card\" content=\"summary_large_image\" \/>\n<meta name=\"twitter:site\" content=\"@NARCONONEurope\" \/>\n<meta name=\"twitter:label1\" content=\"Arvioitu lukuaika\" \/>\n\t<meta name=\"twitter:data1\" content=\"2 minuuttia\" \/>\n<script type=\"application\/ld+json\" class=\"yoast-schema-graph\">{\"@context\":\"https:\/\/schema.org\",\"@graph\":[{\"@type\":\"WebPage\",\"@id\":\"https:\/\/www.narconon.online\/glossary\/what-are-depressants\/\",\"url\":\"https:\/\/www.narconon.online\/glossary\/what-are-depressants\/\",\"name\":\"What Are Depressants and Their Effects on You?\",\"isPartOf\":{\"@id\":\"https:\/\/www.narconon.online\/#website\"},\"primaryImageOfPage\":{\"@id\":\"https:\/\/www.narconon.online\/glossary\/what-are-depressants\/#primaryimage\"},\"image\":{\"@id\":\"https:\/\/www.narconon.online\/glossary\/what-are-depressants\/#primaryimage\"},\"thumbnailUrl\":\"https:\/\/www.narconon.online\/wp-content\/uploads\/2025\/07\/freepik__a-collection-of-prescription-depressants-tablets-i__41823.png\",\"datePublished\":\"2025-07-24T07:31:06+00:00\",\"dateModified\":\"2025-07-24T07:32:02+00:00\",\"description\":\"Explore what are depressants and how they affect the brain. Learn about their uses, risks, and potential for abuse.\",\"breadcrumb\":{\"@id\":\"https:\/\/www.narconon.online\/glossary\/what-are-depressants\/#breadcrumb\"},\"inLanguage\":\"fi\",\"potentialAction\":[{\"@type\":\"ReadAction\",\"target\":[\"https:\/\/www.narconon.online\/glossary\/what-are-depressants\/\"]}]},{\"@type\":\"ImageObject\",\"inLanguage\":\"fi\",\"@id\":\"https:\/\/www.narconon.online\/glossary\/what-are-depressants\/#primaryimage\",\"url\":\"https:\/\/www.narconon.online\/wp-content\/uploads\/2025\/07\/freepik__a-collection-of-prescription-depressants-tablets-i__41823.png\",\"contentUrl\":\"https:\/\/www.narconon.online\/wp-content\/uploads\/2025\/07\/freepik__a-collection-of-prescription-depressants-tablets-i__41823.png\"},{\"@type\":\"BreadcrumbList\",\"@id\":\"https:\/\/www.narconon.online\/glossary\/what-are-depressants\/#breadcrumb\",\"itemListElement\":[{\"@type\":\"ListItem\",\"position\":1,\"name\":\"Home\",\"item\":\"https:\/\/www.narconon.online\/\"},{\"@type\":\"ListItem\",\"position\":2,\"name\":\"Glossary of Drug Terms and Definitions\",\"item\":\"https:\/\/www.narconon.online\/glossary\/\"},{\"@type\":\"ListItem\",\"position\":3,\"name\":\"What are Depressants?\"}]},{\"@type\":\"WebSite\",\"@id\":\"https:\/\/www.narconon.online\/#website\",\"url\":\"https:\/\/www.narconon.online\/\",\"name\":\"Narconon Europe\",\"description\":\"Drug Free For Good\",\"publisher\":{\"@id\":\"https:\/\/www.narconon.online\/#organization\"},\"potentialAction\":[{\"@type\":\"SearchAction\",\"target\":{\"@type\":\"EntryPoint\",\"urlTemplate\":\"https:\/\/www.narconon.online\/?s={search_term_string}\"},\"query-input\":{\"@type\":\"PropertyValueSpecification\",\"valueRequired\":true,\"valueName\":\"search_term_string\"}}],\"inLanguage\":\"fi\"},{\"@type\":\"Organization\",\"@id\":\"https:\/\/www.narconon.online\/#organization\",\"name\":\"Narconon Europe\",\"url\":\"https:\/\/www.narconon.online\/\",\"logo\":{\"@type\":\"ImageObject\",\"inLanguage\":\"fi\",\"@id\":\"https:\/\/www.narconon.online\/#\/schema\/logo\/image\/\",\"url\":\"https:\/\/www.narconon.online\/wp-content\/uploads\/2025\/03\/Logo-Narconon-Europe-2.png\",\"contentUrl\":\"https:\/\/www.narconon.online\/wp-content\/uploads\/2025\/03\/Logo-Narconon-Europe-2.png\",\"width\":2000,\"height\":707,\"caption\":\"Narconon Europe\"},\"image\":{\"@id\":\"https:\/\/www.narconon.online\/#\/schema\/logo\/image\/\"},\"sameAs\":[\"https:\/\/www.facebook.com\/narcononeu\",\"https:\/\/x.com\/NARCONONEurope\",\"https:\/\/www.instagram.com\/narconon.europe\/\",\"https:\/\/www.youtube.com\/channel\/UCNUxvhoqZZCAxXCYO4K7MvA\",\"https:\/\/www.tiktok.com\/@narconon.europe\"]}]}<\/script>\n<!-- \/ Yoast SEO Premium plugin. -->","yoast_head_json":{"title":"Mit\u00e4 ovat masennusl\u00e4\u00e4kkeet ja niiden vaikutukset sinuun?","description":"Tutustu siihen, mit\u00e4 masennusl\u00e4\u00e4kkeet ovat ja miten ne vaikuttavat aivoihin. Tutustu niiden k\u00e4ytt\u00f6tarkoituksiin, riskeihin ja v\u00e4\u00e4rink\u00e4yt\u00f6n mahdollisuuksiin.","robots":{"index":"index","follow":"follow","max-snippet":"max-snippet:-1","max-image-preview":"max-image-preview:large","max-video-preview":"max-video-preview:-1"},"canonical":"https:\/\/www.narconon.online\/fi\/sanasto\/mita-ovat-masennuslaakkeet\/","og_locale":"fi_FI","og_type":"article","og_title":"What are Depressants?","og_description":"Explore what are depressants and how they affect the brain. Learn about their uses, risks, and potential for abuse.","og_url":"https:\/\/www.narconon.online\/fi\/sanasto\/mita-ovat-masennuslaakkeet\/","og_site_name":"Narconon Europe","article_publisher":"https:\/\/www.facebook.com\/narcononeu","article_modified_time":"2025-07-24T07:32:02+00:00","og_image":[{"url":"https:\/\/www.narconon.online\/wp-content\/uploads\/2025\/07\/freepik__a-collection-of-prescription-depressants-tablets-i__41823.png","type":"","width":"","height":""}],"twitter_card":"summary_large_image","twitter_site":"@NARCONONEurope","twitter_misc":{"Arvioitu lukuaika":"2 minuuttia"},"schema":{"@context":"https:\/\/schema.org","@graph":[{"@type":"WebPage","@id":"https:\/\/www.narconon.online\/glossary\/what-are-depressants\/","url":"https:\/\/www.narconon.online\/glossary\/what-are-depressants\/","name":"Mit\u00e4 ovat masennusl\u00e4\u00e4kkeet ja niiden vaikutukset sinuun?","isPartOf":{"@id":"https:\/\/www.narconon.online\/#website"},"primaryImageOfPage":{"@id":"https:\/\/www.narconon.online\/glossary\/what-are-depressants\/#primaryimage"},"image":{"@id":"https:\/\/www.narconon.online\/glossary\/what-are-depressants\/#primaryimage"},"thumbnailUrl":"https:\/\/www.narconon.online\/wp-content\/uploads\/2025\/07\/freepik__a-collection-of-prescription-depressants-tablets-i__41823.png","datePublished":"2025-07-24T07:31:06+00:00","dateModified":"2025-07-24T07:32:02+00:00","description":"Tutustu siihen, mit\u00e4 masennusl\u00e4\u00e4kkeet ovat ja miten ne vaikuttavat aivoihin. Tutustu niiden k\u00e4ytt\u00f6tarkoituksiin, riskeihin ja v\u00e4\u00e4rink\u00e4yt\u00f6n mahdollisuuksiin.","breadcrumb":{"@id":"https:\/\/www.narconon.online\/glossary\/what-are-depressants\/#breadcrumb"},"inLanguage":"fi","potentialAction":[{"@type":"ReadAction","target":["https:\/\/www.narconon.online\/glossary\/what-are-depressants\/"]}]},{"@type":"ImageObject","inLanguage":"fi","@id":"https:\/\/www.narconon.online\/glossary\/what-are-depressants\/#primaryimage","url":"https:\/\/www.narconon.online\/wp-content\/uploads\/2025\/07\/freepik__a-collection-of-prescription-depressants-tablets-i__41823.png","contentUrl":"https:\/\/www.narconon.online\/wp-content\/uploads\/2025\/07\/freepik__a-collection-of-prescription-depressants-tablets-i__41823.png"},{"@type":"BreadcrumbList","@id":"https:\/\/www.narconon.online\/glossary\/what-are-depressants\/#breadcrumb","itemListElement":[{"@type":"ListItem","position":1,"name":"Home","item":"https:\/\/www.narconon.online\/"},{"@type":"ListItem","position":2,"name":"Glossary of Drug Terms and Definitions","item":"https:\/\/www.narconon.online\/glossary\/"},{"@type":"ListItem","position":3,"name":"What are Depressants?"}]},{"@type":"WebSite","@id":"https:\/\/www.narconon.online\/#website","url":"https:\/\/www.narconon.online\/","name":"Narconon Euroopassa","description":"Huumeista vapaa lopullisesti","publisher":{"@id":"https:\/\/www.narconon.online\/#organization"},"potentialAction":[{"@type":"SearchAction","target":{"@type":"EntryPoint","urlTemplate":"https:\/\/www.narconon.online\/?s={search_term_string}"},"query-input":{"@type":"PropertyValueSpecification","valueRequired":true,"valueName":"search_term_string"}}],"inLanguage":"fi"},{"@type":"Organization","@id":"https:\/\/www.narconon.online\/#organization","name":"Narconon Euroopassa","url":"https:\/\/www.narconon.online\/","logo":{"@type":"ImageObject","inLanguage":"fi","@id":"https:\/\/www.narconon.online\/#\/schema\/logo\/image\/","url":"https:\/\/www.narconon.online\/wp-content\/uploads\/2025\/03\/Logo-Narconon-Europe-2.png","contentUrl":"https:\/\/www.narconon.online\/wp-content\/uploads\/2025\/03\/Logo-Narconon-Europe-2.png","width":2000,"height":707,"caption":"Narconon Europe"},"image":{"@id":"https:\/\/www.narconon.online\/#\/schema\/logo\/image\/"},"sameAs":["https:\/\/www.facebook.com\/narcononeu","https:\/\/x.com\/NARCONONEurope","https:\/\/www.instagram.com\/narconon.europe\/","https:\/\/www.youtube.com\/channel\/UCNUxvhoqZZCAxXCYO4K7MvA","https:\/\/www.tiktok.com\/@narconon.europe"]}]}},"_links":{"self":[{"href":"https:\/\/www.narconon.online\/fi\/wp-json\/wp\/v2\/pages\/6432","targetHints":{"allow":["GET"]}}],"collection":[{"href":"https:\/\/www.narconon.online\/fi\/wp-json\/wp\/v2\/pages"}],"about":[{"href":"https:\/\/www.narconon.online\/fi\/wp-json\/wp\/v2\/types\/page"}],"author":[{"embeddable":true,"href":"https:\/\/www.narconon.online\/fi\/wp-json\/wp\/v2\/users\/43"}],"replies":[{"embeddable":true,"href":"https:\/\/www.narconon.online\/fi\/wp-json\/wp\/v2\/comments?post=6432"}],"version-history":[{"count":10,"href":"https:\/\/www.narconon.online\/fi\/wp-json\/wp\/v2\/pages\/6432\/revisions"}],"predecessor-version":[{"id":6448,"href":"https:\/\/www.narconon.online\/fi\/wp-json\/wp\/v2\/pages\/6432\/revisions\/6448"}],"up":[{"embeddable":true,"href":"https:\/\/www.narconon.online\/fi\/wp-json\/wp\/v2\/pages\/5868"}],"wp:attachment":[{"href":"https:\/\/www.narconon.online\/fi\/wp-json\/wp\/v2\/media?parent=6432"}],"curies":[{"name":"wp","href":"https:\/\/api.w.org\/{rel}","templated":true}]}}