{"id":6317,"date":"2025-07-23T21:36:52","date_gmt":"2025-07-23T19:36:52","guid":{"rendered":"https:\/\/www.narconon.online\/?page_id=6317"},"modified":"2025-07-24T14:40:14","modified_gmt":"2025-07-24T12:40:14","slug":"mika-on-subutex","status":"publish","type":"page","link":"https:\/\/www.narconon.online\/fi\/sanasto\/mika-on-subutex\/","title":{"rendered":"Mit\u00e4 Subutex on?"},"content":{"rendered":"<div data-elementor-type=\"wp-page\" data-elementor-id=\"6317\" class=\"elementor elementor-6317\" data-elementor-post-type=\"page\">\n\t\t\t\t<div class=\"elementor-element elementor-element-14d08559 e-flex e-con-boxed e-con e-parent\" data-id=\"14d08559\" data-element_type=\"container\" data-e-type=\"container\">\n\t\t\t\t\t<div class=\"e-con-inner\">\n\t\t<div class=\"elementor-element elementor-element-1cae676 e-grid e-con-full e-con e-child\" data-id=\"1cae676\" data-element_type=\"container\" data-e-type=\"container\">\n\t\t\t\t<div class=\"elementor-element elementor-element-ddfcbba elementor-widget elementor-widget-text-editor\" data-id=\"ddfcbba\" data-element_type=\"widget\" data-e-type=\"widget\" data-widget_type=\"text-editor.default\">\n\t\t\t\t<div class=\"elementor-widget-container\">\n\t\t\t\t\t\t\t\t\t<p data-start=\"289\" data-end=\"507\"><strong data-start=\"289\" data-end=\"361\">Subutex on reseptil\u00e4\u00e4ke, jota k\u00e4ytet\u00e4\u00e4n opioidiriippuvuuden hoitoon.<\/strong> Sen vaikuttava aine, <strong data-start=\"385\" data-end=\"402\">buprenorfiini<\/strong>toimii v\u00e4hent\u00e4m\u00e4ll\u00e4 mielihaluja ja vieroitusoireita tuottamatta muiden opioidien voimakasta huumaa.<\/p>\n<p data-start=\"509\" data-end=\"739\">Subutex otetaan tyypillisesti <strong data-start=\"541\" data-end=\"588\">sublingvaalinen tabletti (kielen alle laitettava)<\/strong> ja se on usein osa pitk\u00e4n aikav\u00e4lin hoitosuunnitelmaa. Se voidaan yhdist\u00e4\u00e4 neuvontaan ja seurantaan osana seuraavia toimenpiteit\u00e4 <strong data-start=\"699\" data-end=\"739\">l\u00e4\u00e4kehoito (MAT).<\/strong><\/p>\n<p data-start=\"741\" data-end=\"951\">Vaikka Subutex on hy\u00f6dyllinen toipumisessa, se voi silti olla <strong data-start=\"789\" data-end=\"800\">v\u00e4\u00e4rin k\u00e4ytetty<\/strong>erityisesti jos se murskataan ja pistet\u00e4\u00e4n. Haittavaikutuksia voivat olla <strong data-start=\"863\" data-end=\"888\">uneliaisuus, huimaus<\/strong>tai joissakin tapauksissa, <strong data-start=\"908\" data-end=\"922\">riippuvuus<\/strong> jos sit\u00e4 ei valvota l\u00e4\u00e4k\u00e4rin valvonnassa.<\/p>\t\t\t\t\t\t\t\t<\/div>\n\t\t\t\t<\/div>\n\t\t\t\t<div class=\"elementor-element elementor-element-8f955ba elementor-widget elementor-widget-image\" data-id=\"8f955ba\" data-element_type=\"widget\" data-e-type=\"widget\" data-widget_type=\"image.default\">\n\t\t\t\t<div class=\"elementor-widget-container\">\n\t\t\t\t\t\t\t\t\t\t\t\t\t\t\t<img fetchpriority=\"high\" decoding=\"async\" width=\"1392\" height=\"752\" src=\"https:\/\/www.narconon.online\/wp-content\/uploads\/2025\/07\/freepik__a-closeup-highresolution-image-of-a-real-pharmaceu__43403.webp\" class=\"attachment-full size-full wp-image-6319\" alt=\"L\u00e4\u00e4kerasia, jossa on merkint\u00e4 Subutex 8 mg Buprenorphin ja jossa on l\u00e4\u00e4ketieteellinen tuotemerkki ja annostusta koskevat tiedot kliinisell\u00e4 taustalla\" srcset=\"https:\/\/www.narconon.online\/wp-content\/uploads\/2025\/07\/freepik__a-closeup-highresolution-image-of-a-real-pharmaceu__43403.webp 1392w, https:\/\/www.narconon.online\/wp-content\/uploads\/2025\/07\/freepik__a-closeup-highresolution-image-of-a-real-pharmaceu__43403-300x162.webp 300w, https:\/\/www.narconon.online\/wp-content\/uploads\/2025\/07\/freepik__a-closeup-highresolution-image-of-a-real-pharmaceu__43403-1024x553.webp 1024w, https:\/\/www.narconon.online\/wp-content\/uploads\/2025\/07\/freepik__a-closeup-highresolution-image-of-a-real-pharmaceu__43403-768x415.webp 768w, https:\/\/www.narconon.online\/wp-content\/uploads\/2025\/07\/freepik__a-closeup-highresolution-image-of-a-real-pharmaceu__43403-18x10.webp 18w\" sizes=\"(max-width: 1392px) 100vw, 1392px\" \/>\t\t\t\t\t\t\t\t\t\t\t\t\t\t\t<\/div>\n\t\t\t\t<\/div>\n\t\t\t\t<\/div>\n\t\t\t\t\t<\/div>\n\t\t\t\t<\/div>\n\t\t<div class=\"elementor-element elementor-element-064fdba e-flex e-con-boxed e-con e-parent\" data-id=\"064fdba\" data-element_type=\"container\" data-e-type=\"container\">\n\t\t\t\t\t<div class=\"e-con-inner\">\n\t\t<div class=\"elementor-element elementor-element-ecec8f5 e-grid e-con-full e-con e-child\" data-id=\"ecec8f5\" data-element_type=\"container\" data-e-type=\"container\">\n\t\t\t\t<div class=\"elementor-element elementor-element-0f0e55c elementor-widget elementor-widget-text-editor\" data-id=\"0f0e55c\" data-element_type=\"widget\" data-e-type=\"widget\" data-widget_type=\"text-editor.default\">\n\t\t\t\t<div class=\"elementor-widget-container\">\n\t\t\t\t\t\t\t\t\t<h3 id=\"h-related-terms\" class=\"wp-block-heading\">\ud83e\udde0 Liittyv\u00e4t termit<\/h3>\n<ul data-spread=\"false\" data-pm-slice=\"3 3 []\">\n<li><a href=\"https:\/\/www.narconon.online\/fi\/sanasto\/mita-on-reseptilaakkeet\/\">Reseptil\u00e4\u00e4kkeet<\/a><\/li>\n<li><a href=\"https:\/\/www.narconon.online\/fi\/sanasto\/mita-opioidit-ovat\/\">Opioidit<\/a><\/li>\n<li>\n<p><a href=\"https:\/\/www.narconon.online\/fi\/sanasto\/mita-ovat-vaarin-kaytetyt-reseptilaakkeet\/\">V\u00e4\u00e4rink\u00e4ytetyt reseptil\u00e4\u00e4kkeet<\/a><\/p>\n<\/li>\n<li>\n<p><a href=\"https:\/\/www.narconon.online\/fi\/sanasto\/\">Sanasto Indeksi<\/a><\/p>\n<\/li>\n<\/ul>\t\t\t\t\t\t\t\t<\/div>\n\t\t\t\t<\/div>\n\t\t\t\t<div class=\"elementor-element elementor-element-03e5102 elementor-widget elementor-widget-text-editor\" data-id=\"03e5102\" data-element_type=\"widget\" data-e-type=\"widget\" data-widget_type=\"text-editor.default\">\n\t\t\t\t<div class=\"elementor-widget-container\">\n\t\t\t\t\t\t\t\t\t<p id=\"h-related-terms\" class=\"wp-block-heading\">\ud83d\udc49 Lue lis\u00e4\u00e4 ennaltaehk\u00e4isyst\u00e4:<br \/><a class=\"\" href=\"https:\/\/www.narcononeurope.dk\/en\/drug-abuse\/\" target=\"_blank\" rel=\"noopener\">Narconon Europe - Apua huumeiden v\u00e4\u00e4rink\u00e4ytt\u00f6\u00f6n<\/a><\/p>\n<p><!-- \/wp:list-item --><\/p>\n<p><!-- \/wp:list --><!-- wp:paragraph --><\/p>\n<p>\ud83d\udc49 Lis\u00e4\u00e4 koulutussis\u00e4lt\u00f6\u00e4 l\u00f6yd\u00e4t osoitteesta <a class=\"\" href=\"https:\/\/www.narconon.online\/fi\/huumausainekasvatuksen-ennaltaehkaisymateriaali\/\">Huumevalistus- ja ennaltaehk\u00e4isymateriaalit<\/a><\/p>\t\t\t\t\t\t\t\t<\/div>\n\t\t\t\t<\/div>\n\t\t\t\t<\/div>\n\t\t\t\t<div class=\"elementor-element elementor-element-1497776 elementor-widget elementor-widget-heading\" data-id=\"1497776\" data-element_type=\"widget\" data-e-type=\"widget\" data-widget_type=\"heading.default\">\n\t\t\t\t<div class=\"elementor-widget-container\">\n\t\t\t\t\t<h2 class=\"elementor-heading-title elementor-size-default\">\u2753Subutexia koskevia usein kysyttyj\u00e4 kysymyksi\u00e4<\/h2>\t\t\t\t<\/div>\n\t\t\t\t<\/div>\n\t\t\t\t<div class=\"elementor-element elementor-element-a24ee80 elementor-widget elementor-widget-text-editor\" data-id=\"a24ee80\" data-element_type=\"widget\" data-e-type=\"widget\" data-widget_type=\"text-editor.default\">\n\t\t\t\t<div class=\"elementor-widget-container\">\n\t\t\t\t\t\t\t\t\t<p data-start=\"1232\" data-end=\"1339\"><strong data-start=\"1232\" data-end=\"1264\">1. Mihin Subutexia k\u00e4ytet\u00e4\u00e4n?<\/strong><br data-start=\"1264\" data-end=\"1267\" \/>Se auttaa opioidiriippuvaisia v\u00e4hent\u00e4m\u00e4\u00e4n mielihaluja ja v\u00e4ltt\u00e4m\u00e4\u00e4n uusiutumista.<\/p>\n<p data-start=\"1341\" data-end=\"1447\"><strong data-start=\"1341\" data-end=\"1373\">2. Miksi Subutex on vaarallinen?<\/strong><br data-start=\"1373\" data-end=\"1376\" \/>Se voi silti aiheuttaa riippuvuutta tai v\u00e4\u00e4rink\u00e4ytt\u00f6\u00e4, jos sit\u00e4 k\u00e4ytet\u00e4\u00e4n ilman l\u00e4\u00e4k\u00e4rin ohjausta.<\/p>\n<p data-start=\"1449\" data-end=\"1548\"><strong data-start=\"1449\" data-end=\"1479\">3. Milt\u00e4 se n\u00e4ytt\u00e4\u00e4?<\/strong><br data-start=\"1479\" data-end=\"1482\" \/>Valkoiset soikeat sublingvaaliset tabletit, joissa on usein numerot tai \"BUP\".<\/p>\n<p data-start=\"1550\" data-end=\"1666\"><strong data-start=\"1550\" data-end=\"1593\">4. Voiko joku ottaa sen tiet\u00e4m\u00e4tt\u00e4\u00e4n?<\/strong><br data-start=\"1593\" data-end=\"1596\" \/>Harvinaista, mutta se voidaan v\u00e4\u00e4rist\u00e4\u00e4 toisena pillerin\u00e4 laittomassa myynniss\u00e4.<\/p>\n<p data-start=\"1668\" data-end=\"1784\"><strong data-start=\"1668\" data-end=\"1710\">5. Miten Subutexia voi k\u00e4ytt\u00e4\u00e4 turvallisesti?<\/strong><br data-start=\"1710\" data-end=\"1713\" \/>Vain l\u00e4\u00e4k\u00e4rin valvonnassa osana hyv\u00e4ksytty\u00e4 toipumisohjelmaa.<\/p>\t\t\t\t\t\t\t\t<\/div>\n\t\t\t\t<\/div>\n\t\t\t\t<div class=\"elementor-element elementor-element-3c88435 elementor-widget elementor-widget-html\" data-id=\"3c88435\" data-element_type=\"widget\" data-e-type=\"widget\" data-widget_type=\"html.default\">\n\t\t\t\t<div class=\"elementor-widget-container\">\n\t\t\t\t\t<script type=\"application\/ld+json\">{\n    \"@context\": \"https:\\\/\\\/schema.org\",\n    \"@type\": \"WebPage\",\n    \"name\": \"What is Subutex?\",\n    \"url\": \"https:\\\/\\\/www.narconon.online\\\/glossary\\\/what-is-subutex\\\/\",\n    \"description\": \"Subutex is a medication used to treat opioid addiction. Learn how it works, its risks, and how it supports long-term recovery.\",\n    \"datePublished\": \"2025-07-23\",\n    \"publisher\": {\n        \"@type\": \"Organization\",\n        \"name\": \"Narconon Europe\",\n        \"url\": \"https:\\\/\\\/www.narcononeurope.dk\"\n    },\n    \"mainEntity\": {\n        \"@type\": \"FAQPage\",\n        \"mainEntity\": [\n            {\n                \"@type\": \"Question\",\n                \"name\": \"What is Subutex used for?\",\n                \"acceptedAnswer\": {\n                    \"@type\": \"Answer\",\n                    \"text\": \"It helps people with opioid addiction reduce cravings and avoid relapse.\"\n                }\n            },\n            {\n                \"@type\": \"Question\",\n                \"name\": \"Why is Subutex dangerous?\",\n                \"acceptedAnswer\": {\n                    \"@type\": \"Answer\",\n                    \"text\": \"It can still be addictive or misused if taken without medical guidance.\"\n                }\n            },\n            {\n                \"@type\": \"Question\",\n                \"name\": \"What does it look like?\",\n                \"acceptedAnswer\": {\n                    \"@type\": \"Answer\",\n                    \"text\": \"White oval sublingual tablets often stamped with numbers or \\u201cBUP.\\u201d\"\n                }\n            },\n            {\n                \"@type\": \"Question\",\n                \"name\": \"Can someone take it without knowing?\",\n                \"acceptedAnswer\": {\n                    \"@type\": \"Answer\",\n                    \"text\": \"Rare, but it could be misrepresented as another pill in illegal sales.\"\n                }\n            },\n            {\n                \"@type\": \"Question\",\n                \"name\": \"How can someone use Subutex safely?\",\n                \"acceptedAnswer\": {\n                    \"@type\": \"Answer\",\n                    \"text\": \"Only under medical supervision as part of an approved recovery program.\"\n                }\n            }\n        ]\n    }\n}<\/script>\r\n\t\t\t\t<\/div>\n\t\t\t\t<\/div>\n\t\t\t\t\t<\/div>\n\t\t\t\t<\/div>\n\t\t\t\t<\/div>","protected":false},"excerpt":{"rendered":"<p>Subutex is a prescription medication used to treat opioid addiction. Its active ingredient, buprenorphine, works by reducing cravings and withdrawal [&hellip;]<\/p>","protected":false},"author":43,"featured_media":0,"parent":5868,"menu_order":0,"comment_status":"closed","ping_status":"closed","template":"","meta":{"_acf_changed":false,"site-sidebar-layout":"default","site-content-layout":"","ast-site-content-layout":"default","site-content-style":"default","site-sidebar-style":"default","ast-global-header-display":"","ast-banner-title-visibility":"","ast-main-header-display":"","ast-hfb-above-header-display":"","ast-hfb-below-header-display":"","ast-hfb-mobile-header-display":"","site-post-title":"","ast-breadcrumbs-content":"","ast-featured-img":"","footer-sml-layout":"","ast-disable-related-posts":"","theme-transparent-header-meta":"","adv-header-id-meta":"","stick-header-meta":"","header-above-stick-meta":"","header-main-stick-meta":"","header-below-stick-meta":"","astra-migrate-meta-layouts":"default","ast-page-background-enabled":"default","ast-page-background-meta":{"desktop":{"background-color":"var(--ast-global-color-5)","background-image":"","background-repeat":"repeat","background-position":"center center","background-size":"auto","background-attachment":"scroll","background-type":"","background-media":"","overlay-type":"","overlay-color":"","overlay-opacity":"","overlay-gradient":""},"tablet":{"background-color":"","background-image":"","background-repeat":"repeat","background-position":"center center","background-size":"auto","background-attachment":"scroll","background-type":"","background-media":"","overlay-type":"","overlay-color":"","overlay-opacity":"","overlay-gradient":""},"mobile":{"background-color":"","background-image":"","background-repeat":"repeat","background-position":"center center","background-size":"auto","background-attachment":"scroll","background-type":"","background-media":"","overlay-type":"","overlay-color":"","overlay-opacity":"","overlay-gradient":""}},"ast-content-background-meta":{"desktop":{"background-color":"var(--ast-global-color-4)","background-image":"","background-repeat":"repeat","background-position":"center center","background-size":"auto","background-attachment":"scroll","background-type":"","background-media":"","overlay-type":"","overlay-color":"","overlay-opacity":"","overlay-gradient":""},"tablet":{"background-color":"var(--ast-global-color-4)","background-image":"","background-repeat":"repeat","background-position":"center center","background-size":"auto","background-attachment":"scroll","background-type":"","background-media":"","overlay-type":"","overlay-color":"","overlay-opacity":"","overlay-gradient":""},"mobile":{"background-color":"var(--ast-global-color-4)","background-image":"","background-repeat":"repeat","background-position":"center center","background-size":"auto","background-attachment":"scroll","background-type":"","background-media":"","overlay-type":"","overlay-color":"","overlay-opacity":"","overlay-gradient":""}},"footnotes":""},"class_list":["post-6317","page","type-page","status-publish","hentry"],"acf":[],"yoast_head":"<!-- This site is optimized with the Yoast SEO Premium plugin v26.6 (Yoast SEO v26.6) - https:\/\/yoast.com\/wordpress\/plugins\/seo\/ -->\n<title>What Is Subutex? Understanding Its Uses<\/title>\n<meta name=\"description\" content=\"Subutex is a treatment for opioid addiction that contains buprenorphine. Learn its use, form, and risks.\" \/>\n<meta name=\"robots\" content=\"index, follow, max-snippet:-1, max-image-preview:large, max-video-preview:-1\" \/>\n<link rel=\"canonical\" href=\"https:\/\/www.narconon.online\/fi\/sanasto\/mika-on-subutex\/\" \/>\n<meta property=\"og:locale\" content=\"fi_FI\" \/>\n<meta property=\"og:type\" content=\"article\" \/>\n<meta property=\"og:title\" content=\"What is Subutex?\" \/>\n<meta property=\"og:description\" content=\"Subutex is a treatment for opioid addiction that contains buprenorphine. Learn its use, form, and risks.\" \/>\n<meta property=\"og:url\" content=\"https:\/\/www.narconon.online\/fi\/sanasto\/mika-on-subutex\/\" \/>\n<meta property=\"og:site_name\" content=\"Narconon Europe\" \/>\n<meta property=\"article:publisher\" content=\"https:\/\/www.facebook.com\/narcononeu\" \/>\n<meta property=\"article:modified_time\" content=\"2025-07-24T12:40:14+00:00\" \/>\n<meta property=\"og:image\" content=\"https:\/\/www.narconon.online\/wp-content\/uploads\/2025\/07\/freepik__a-closeup-highresolution-image-of-a-real-pharmaceu__43403.webp\" \/>\n\t<meta property=\"og:image:width\" content=\"1392\" \/>\n\t<meta property=\"og:image:height\" content=\"752\" \/>\n\t<meta property=\"og:image:type\" content=\"image\/webp\" \/>\n<meta name=\"twitter:card\" content=\"summary_large_image\" \/>\n<meta name=\"twitter:site\" content=\"@NARCONONEurope\" \/>\n<meta name=\"twitter:label1\" content=\"Arvioitu lukuaika\" \/>\n\t<meta name=\"twitter:data1\" content=\"2 minuuttia\" \/>\n<script type=\"application\/ld+json\" class=\"yoast-schema-graph\">{\"@context\":\"https:\/\/schema.org\",\"@graph\":[{\"@type\":\"WebPage\",\"@id\":\"https:\/\/www.narconon.online\/glossary\/what-is-subutex\/\",\"url\":\"https:\/\/www.narconon.online\/glossary\/what-is-subutex\/\",\"name\":\"What Is Subutex? Understanding Its Uses\",\"isPartOf\":{\"@id\":\"https:\/\/www.narconon.online\/#website\"},\"primaryImageOfPage\":{\"@id\":\"https:\/\/www.narconon.online\/glossary\/what-is-subutex\/#primaryimage\"},\"image\":{\"@id\":\"https:\/\/www.narconon.online\/glossary\/what-is-subutex\/#primaryimage\"},\"thumbnailUrl\":\"https:\/\/www.narconon.online\/wp-content\/uploads\/2025\/07\/freepik__a-closeup-highresolution-image-of-a-real-pharmaceu__43403.webp\",\"datePublished\":\"2025-07-23T19:36:52+00:00\",\"dateModified\":\"2025-07-24T12:40:14+00:00\",\"description\":\"Subutex is a treatment for opioid addiction that contains buprenorphine. Learn its use, form, and risks.\",\"breadcrumb\":{\"@id\":\"https:\/\/www.narconon.online\/glossary\/what-is-subutex\/#breadcrumb\"},\"inLanguage\":\"fi\",\"potentialAction\":[{\"@type\":\"ReadAction\",\"target\":[\"https:\/\/www.narconon.online\/glossary\/what-is-subutex\/\"]}]},{\"@type\":\"ImageObject\",\"inLanguage\":\"fi\",\"@id\":\"https:\/\/www.narconon.online\/glossary\/what-is-subutex\/#primaryimage\",\"url\":\"https:\/\/www.narconon.online\/wp-content\/uploads\/2025\/07\/freepik__a-closeup-highresolution-image-of-a-real-pharmaceu__43403.webp\",\"contentUrl\":\"https:\/\/www.narconon.online\/wp-content\/uploads\/2025\/07\/freepik__a-closeup-highresolution-image-of-a-real-pharmaceu__43403.webp\"},{\"@type\":\"BreadcrumbList\",\"@id\":\"https:\/\/www.narconon.online\/glossary\/what-is-subutex\/#breadcrumb\",\"itemListElement\":[{\"@type\":\"ListItem\",\"position\":1,\"name\":\"Home\",\"item\":\"https:\/\/www.narconon.online\/\"},{\"@type\":\"ListItem\",\"position\":2,\"name\":\"Glossary of Drug Terms and Definitions\",\"item\":\"https:\/\/www.narconon.online\/glossary\/\"},{\"@type\":\"ListItem\",\"position\":3,\"name\":\"What is Subutex?\"}]},{\"@type\":\"WebSite\",\"@id\":\"https:\/\/www.narconon.online\/#website\",\"url\":\"https:\/\/www.narconon.online\/\",\"name\":\"Narconon Europe\",\"description\":\"Drug Free For Good\",\"publisher\":{\"@id\":\"https:\/\/www.narconon.online\/#organization\"},\"potentialAction\":[{\"@type\":\"SearchAction\",\"target\":{\"@type\":\"EntryPoint\",\"urlTemplate\":\"https:\/\/www.narconon.online\/?s={search_term_string}\"},\"query-input\":{\"@type\":\"PropertyValueSpecification\",\"valueRequired\":true,\"valueName\":\"search_term_string\"}}],\"inLanguage\":\"fi\"},{\"@type\":\"Organization\",\"@id\":\"https:\/\/www.narconon.online\/#organization\",\"name\":\"Narconon Europe\",\"url\":\"https:\/\/www.narconon.online\/\",\"logo\":{\"@type\":\"ImageObject\",\"inLanguage\":\"fi\",\"@id\":\"https:\/\/www.narconon.online\/#\/schema\/logo\/image\/\",\"url\":\"https:\/\/www.narconon.online\/wp-content\/uploads\/2025\/03\/Logo-Narconon-Europe-2.png\",\"contentUrl\":\"https:\/\/www.narconon.online\/wp-content\/uploads\/2025\/03\/Logo-Narconon-Europe-2.png\",\"width\":2000,\"height\":707,\"caption\":\"Narconon Europe\"},\"image\":{\"@id\":\"https:\/\/www.narconon.online\/#\/schema\/logo\/image\/\"},\"sameAs\":[\"https:\/\/www.facebook.com\/narcononeu\",\"https:\/\/x.com\/NARCONONEurope\",\"https:\/\/www.instagram.com\/narconon.europe\/\",\"https:\/\/www.youtube.com\/channel\/UCNUxvhoqZZCAxXCYO4K7MvA\",\"https:\/\/www.tiktok.com\/@narconon.europe\"]}]}<\/script>\n<!-- \/ Yoast SEO Premium plugin. -->","yoast_head_json":{"title":"Mik\u00e4 on Subutex? Sen k\u00e4ytt\u00f6tarkoitusten ymm\u00e4rt\u00e4minen","description":"Subutex on opioidiriippuvuuden hoito, joka sis\u00e4lt\u00e4\u00e4 buprenorfiinia. Lue sen k\u00e4ytt\u00f6, muoto ja riskit.","robots":{"index":"index","follow":"follow","max-snippet":"max-snippet:-1","max-image-preview":"max-image-preview:large","max-video-preview":"max-video-preview:-1"},"canonical":"https:\/\/www.narconon.online\/fi\/sanasto\/mika-on-subutex\/","og_locale":"fi_FI","og_type":"article","og_title":"What is Subutex?","og_description":"Subutex is a treatment for opioid addiction that contains buprenorphine. Learn its use, form, and risks.","og_url":"https:\/\/www.narconon.online\/fi\/sanasto\/mika-on-subutex\/","og_site_name":"Narconon Europe","article_publisher":"https:\/\/www.facebook.com\/narcononeu","article_modified_time":"2025-07-24T12:40:14+00:00","og_image":[{"width":1392,"height":752,"url":"https:\/\/www.narconon.online\/wp-content\/uploads\/2025\/07\/freepik__a-closeup-highresolution-image-of-a-real-pharmaceu__43403.webp","type":"image\/webp"}],"twitter_card":"summary_large_image","twitter_site":"@NARCONONEurope","twitter_misc":{"Arvioitu lukuaika":"2 minuuttia"},"schema":{"@context":"https:\/\/schema.org","@graph":[{"@type":"WebPage","@id":"https:\/\/www.narconon.online\/glossary\/what-is-subutex\/","url":"https:\/\/www.narconon.online\/glossary\/what-is-subutex\/","name":"Mik\u00e4 on Subutex? Sen k\u00e4ytt\u00f6tarkoitusten ymm\u00e4rt\u00e4minen","isPartOf":{"@id":"https:\/\/www.narconon.online\/#website"},"primaryImageOfPage":{"@id":"https:\/\/www.narconon.online\/glossary\/what-is-subutex\/#primaryimage"},"image":{"@id":"https:\/\/www.narconon.online\/glossary\/what-is-subutex\/#primaryimage"},"thumbnailUrl":"https:\/\/www.narconon.online\/wp-content\/uploads\/2025\/07\/freepik__a-closeup-highresolution-image-of-a-real-pharmaceu__43403.webp","datePublished":"2025-07-23T19:36:52+00:00","dateModified":"2025-07-24T12:40:14+00:00","description":"Subutex on opioidiriippuvuuden hoito, joka sis\u00e4lt\u00e4\u00e4 buprenorfiinia. Lue sen k\u00e4ytt\u00f6, muoto ja riskit.","breadcrumb":{"@id":"https:\/\/www.narconon.online\/glossary\/what-is-subutex\/#breadcrumb"},"inLanguage":"fi","potentialAction":[{"@type":"ReadAction","target":["https:\/\/www.narconon.online\/glossary\/what-is-subutex\/"]}]},{"@type":"ImageObject","inLanguage":"fi","@id":"https:\/\/www.narconon.online\/glossary\/what-is-subutex\/#primaryimage","url":"https:\/\/www.narconon.online\/wp-content\/uploads\/2025\/07\/freepik__a-closeup-highresolution-image-of-a-real-pharmaceu__43403.webp","contentUrl":"https:\/\/www.narconon.online\/wp-content\/uploads\/2025\/07\/freepik__a-closeup-highresolution-image-of-a-real-pharmaceu__43403.webp"},{"@type":"BreadcrumbList","@id":"https:\/\/www.narconon.online\/glossary\/what-is-subutex\/#breadcrumb","itemListElement":[{"@type":"ListItem","position":1,"name":"Home","item":"https:\/\/www.narconon.online\/"},{"@type":"ListItem","position":2,"name":"Glossary of Drug Terms and Definitions","item":"https:\/\/www.narconon.online\/glossary\/"},{"@type":"ListItem","position":3,"name":"What is Subutex?"}]},{"@type":"WebSite","@id":"https:\/\/www.narconon.online\/#website","url":"https:\/\/www.narconon.online\/","name":"Narconon Euroopassa","description":"Huumeista vapaa lopullisesti","publisher":{"@id":"https:\/\/www.narconon.online\/#organization"},"potentialAction":[{"@type":"SearchAction","target":{"@type":"EntryPoint","urlTemplate":"https:\/\/www.narconon.online\/?s={search_term_string}"},"query-input":{"@type":"PropertyValueSpecification","valueRequired":true,"valueName":"search_term_string"}}],"inLanguage":"fi"},{"@type":"Organization","@id":"https:\/\/www.narconon.online\/#organization","name":"Narconon Euroopassa","url":"https:\/\/www.narconon.online\/","logo":{"@type":"ImageObject","inLanguage":"fi","@id":"https:\/\/www.narconon.online\/#\/schema\/logo\/image\/","url":"https:\/\/www.narconon.online\/wp-content\/uploads\/2025\/03\/Logo-Narconon-Europe-2.png","contentUrl":"https:\/\/www.narconon.online\/wp-content\/uploads\/2025\/03\/Logo-Narconon-Europe-2.png","width":2000,"height":707,"caption":"Narconon Europe"},"image":{"@id":"https:\/\/www.narconon.online\/#\/schema\/logo\/image\/"},"sameAs":["https:\/\/www.facebook.com\/narcononeu","https:\/\/x.com\/NARCONONEurope","https:\/\/www.instagram.com\/narconon.europe\/","https:\/\/www.youtube.com\/channel\/UCNUxvhoqZZCAxXCYO4K7MvA","https:\/\/www.tiktok.com\/@narconon.europe"]}]}},"_links":{"self":[{"href":"https:\/\/www.narconon.online\/fi\/wp-json\/wp\/v2\/pages\/6317","targetHints":{"allow":["GET"]}}],"collection":[{"href":"https:\/\/www.narconon.online\/fi\/wp-json\/wp\/v2\/pages"}],"about":[{"href":"https:\/\/www.narconon.online\/fi\/wp-json\/wp\/v2\/types\/page"}],"author":[{"embeddable":true,"href":"https:\/\/www.narconon.online\/fi\/wp-json\/wp\/v2\/users\/43"}],"replies":[{"embeddable":true,"href":"https:\/\/www.narconon.online\/fi\/wp-json\/wp\/v2\/comments?post=6317"}],"version-history":[{"count":11,"href":"https:\/\/www.narconon.online\/fi\/wp-json\/wp\/v2\/pages\/6317\/revisions"}],"predecessor-version":[{"id":6530,"href":"https:\/\/www.narconon.online\/fi\/wp-json\/wp\/v2\/pages\/6317\/revisions\/6530"}],"up":[{"embeddable":true,"href":"https:\/\/www.narconon.online\/fi\/wp-json\/wp\/v2\/pages\/5868"}],"wp:attachment":[{"href":"https:\/\/www.narconon.online\/fi\/wp-json\/wp\/v2\/media?parent=6317"}],"curies":[{"name":"wp","href":"https:\/\/api.w.org\/{rel}","templated":true}]}}