{"id":6290,"date":"2025-07-23T21:14:56","date_gmt":"2025-07-23T19:14:56","guid":{"rendered":"https:\/\/www.narconon.online\/?page_id=6290"},"modified":"2025-07-24T16:27:31","modified_gmt":"2025-07-24T14:27:31","slug":"mita-on-reseptilaakkeet","status":"publish","type":"page","link":"https:\/\/www.narconon.online\/fi\/sanasto\/mita-on-reseptilaakkeet\/","title":{"rendered":"Mit\u00e4 reseptil\u00e4\u00e4kkeet ovat?"},"content":{"rendered":"<div data-elementor-type=\"wp-page\" data-elementor-id=\"6290\" class=\"elementor elementor-6290\" data-elementor-post-type=\"page\">\n\t\t\t\t<div class=\"elementor-element elementor-element-14d08559 e-flex e-con-boxed e-con e-parent\" data-id=\"14d08559\" data-element_type=\"container\" data-e-type=\"container\">\n\t\t\t\t\t<div class=\"e-con-inner\">\n\t\t<div class=\"elementor-element elementor-element-1cae676 e-grid e-con-full e-con e-child\" data-id=\"1cae676\" data-element_type=\"container\" data-e-type=\"container\">\n\t\t\t\t<div class=\"elementor-element elementor-element-ddfcbba elementor-widget elementor-widget-text-editor\" data-id=\"ddfcbba\" data-element_type=\"widget\" data-e-type=\"widget\" data-widget_type=\"text-editor.default\">\n\t\t\t\t<div class=\"elementor-widget-container\">\n\t\t\t\t\t\t\t\t\t<p data-start=\"344\" data-end=\"569\"><strong data-start=\"344\" data-end=\"400\">Reseptil\u00e4\u00e4kkeet ovat l\u00e4\u00e4k\u00e4rin antamia l\u00e4\u00e4kkeit\u00e4.<\/strong> tiettyjen terveydellisten tilojen hoitoon. N\u00e4ihin l\u00e4\u00e4kkeisiin kuuluvat <strong data-start=\"458\" data-end=\"513\">s\u00e4rkyl\u00e4\u00e4kkeet, antibiootit, rauhoittavat l\u00e4\u00e4kkeet ja piristeet<\/strong>, ja se on otettava l\u00e4\u00e4k\u00e4rin m\u00e4\u00e4r\u00e4yksest\u00e4.<\/p>\n<p data-start=\"571\" data-end=\"823\">Vaikka reseptil\u00e4\u00e4kkeet ovat oikein k\u00e4ytettyn\u00e4 hy\u00f6dyllisi\u00e4, ne voivat olla my\u00f6s <strong data-start=\"630\" data-end=\"676\">v\u00e4\u00e4rink\u00e4ytet\u00e4\u00e4n pilven saamiseksi tai suorituskyvyn parantamiseksi<\/strong>. V\u00e4\u00e4rink\u00e4ytt\u00f6\u00f6n kuuluu toisen henkil\u00f6n pillereiden ottaminen, liikaa ottaminen tai l\u00e4\u00e4kkeen k\u00e4ytt\u00e4minen eri tavalla kuin on m\u00e4\u00e4r\u00e4tty (kuten tablettien murskaaminen ja nuuskaaminen).<\/p>\n<p data-start=\"825\" data-end=\"1039\">T\u00e4llainen v\u00e4\u00e4rink\u00e4ytt\u00f6 voi johtaa <strong data-start=\"857\" data-end=\"908\">riippuvuus, yliannostus tai vakavat terveysongelmat.<\/strong>. Yleisesti v\u00e4\u00e4rin k\u00e4ytettyj\u00e4 reseptil\u00e4\u00e4kkeit\u00e4 ovat <strong data-start=\"954\" data-end=\"1039\">opioidit (kuten oksikodoni), stimulantit (kuten Adderall) ja rauhoittavat l\u00e4\u00e4kkeet (kuten Xanax).<\/strong><\/p>\t\t\t\t\t\t\t\t<\/div>\n\t\t\t\t<\/div>\n\t\t\t\t<div class=\"elementor-element elementor-element-8f955ba elementor-widget elementor-widget-image\" data-id=\"8f955ba\" data-element_type=\"widget\" data-e-type=\"widget\" data-widget_type=\"image.default\">\n\t\t\t\t<div class=\"elementor-widget-container\">\n\t\t\t\t\t\t\t\t\t\t\t\t\t\t\t<img fetchpriority=\"high\" decoding=\"async\" width=\"1392\" height=\"752\" src=\"https:\/\/www.narconon.online\/wp-content\/uploads\/2025\/07\/freepik__a-countertop-with-several-prescription-pill-bottle__82511.webp\" class=\"attachment-full size-full wp-image-6293\" alt=\"Useita reseptipulloja, joissa on l\u00e4ikkyneit\u00e4 pillereit\u00e4, joissa n\u00e4kyy eri l\u00e4\u00e4kkeit\u00e4 ja etikettej\u00e4 ty\u00f6tasolla.\" srcset=\"https:\/\/www.narconon.online\/wp-content\/uploads\/2025\/07\/freepik__a-countertop-with-several-prescription-pill-bottle__82511.webp 1392w, https:\/\/www.narconon.online\/wp-content\/uploads\/2025\/07\/freepik__a-countertop-with-several-prescription-pill-bottle__82511-300x162.webp 300w, https:\/\/www.narconon.online\/wp-content\/uploads\/2025\/07\/freepik__a-countertop-with-several-prescription-pill-bottle__82511-1024x553.webp 1024w, https:\/\/www.narconon.online\/wp-content\/uploads\/2025\/07\/freepik__a-countertop-with-several-prescription-pill-bottle__82511-768x415.webp 768w, https:\/\/www.narconon.online\/wp-content\/uploads\/2025\/07\/freepik__a-countertop-with-several-prescription-pill-bottle__82511-18x10.webp 18w\" sizes=\"(max-width: 1392px) 100vw, 1392px\" \/>\t\t\t\t\t\t\t\t\t\t\t\t\t\t\t<\/div>\n\t\t\t\t<\/div>\n\t\t\t\t<\/div>\n\t\t\t\t\t<\/div>\n\t\t\t\t<\/div>\n\t\t<div class=\"elementor-element elementor-element-064fdba e-flex e-con-boxed e-con e-parent\" data-id=\"064fdba\" data-element_type=\"container\" data-e-type=\"container\">\n\t\t\t\t\t<div class=\"e-con-inner\">\n\t\t<div class=\"elementor-element elementor-element-ecec8f5 e-grid e-con-full e-con e-child\" data-id=\"ecec8f5\" data-element_type=\"container\" data-e-type=\"container\">\n\t\t\t\t<div class=\"elementor-element elementor-element-0f0e55c elementor-widget elementor-widget-text-editor\" data-id=\"0f0e55c\" data-element_type=\"widget\" data-e-type=\"widget\" data-widget_type=\"text-editor.default\">\n\t\t\t\t<div class=\"elementor-widget-container\">\n\t\t\t\t\t\t\t\t\t<h3 id=\"h-related-terms\" class=\"wp-block-heading\">\ud83e\udde0 Liittyv\u00e4t termit<\/h3>\n<ul data-spread=\"false\" data-pm-slice=\"3 3 []\">\n<li><a href=\"https:\/\/www.narconon.online\/fi\/sanasto\/mika-on-ksanax\/\">Xanax<\/a><\/li>\n<li>\n<p><a href=\"https:\/\/www.narconon.online\/fi\/sanasto\/mita-fentanyyli-on\/\">Fentanyyli<\/a><\/p>\n<\/li>\n<li><a href=\"https:\/\/www.narconon.online\/fi\/sanasto\/mika-on-subutex\/\">Subutex<\/a><\/li>\n<li>\n<p><a href=\"https:\/\/www.narconon.online\/fi\/sanasto\/\">Sanasto Indeksi<\/a><\/p>\n<\/li>\n<\/ul>\t\t\t\t\t\t\t\t<\/div>\n\t\t\t\t<\/div>\n\t\t\t\t<div class=\"elementor-element elementor-element-03e5102 elementor-widget elementor-widget-text-editor\" data-id=\"03e5102\" data-element_type=\"widget\" data-e-type=\"widget\" data-widget_type=\"text-editor.default\">\n\t\t\t\t<div class=\"elementor-widget-container\">\n\t\t\t\t\t\t\t\t\t<p id=\"h-related-terms\" class=\"wp-block-heading\">\ud83d\udc49 Lue lis\u00e4\u00e4 ennaltaehk\u00e4isyst\u00e4:<br \/><a class=\"\" href=\"https:\/\/www.narcononeurope.dk\/en\/drug-abuse\/\" target=\"_blank\" rel=\"noopener\">Narconon Europe - Apua huumeiden v\u00e4\u00e4rink\u00e4ytt\u00f6\u00f6n<\/a><\/p>\n<p><!-- \/wp:list-item --><\/p>\n<p><!-- \/wp:list --><!-- wp:paragraph --><\/p>\n<p>\ud83d\udc49 Lis\u00e4\u00e4 koulutussis\u00e4lt\u00f6\u00e4 l\u00f6yd\u00e4t osoitteesta <a class=\"\" href=\"https:\/\/www.narconon.online\/fi\/huumausainekasvatuksen-ennaltaehkaisymateriaali\/\">Huumevalistus- ja ennaltaehk\u00e4isymateriaalit<\/a><\/p>\t\t\t\t\t\t\t\t<\/div>\n\t\t\t\t<\/div>\n\t\t\t\t<\/div>\n\t\t\t\t<div class=\"elementor-element elementor-element-1497776 elementor-widget elementor-widget-heading\" data-id=\"1497776\" data-element_type=\"widget\" data-e-type=\"widget\" data-widget_type=\"heading.default\">\n\t\t\t\t<div class=\"elementor-widget-container\">\n\t\t\t\t\t<h2 class=\"elementor-heading-title elementor-size-default\">\u2753 Usein kysytyt kysymykset reseptil\u00e4\u00e4kkeist\u00e4<\/h2>\t\t\t\t<\/div>\n\t\t\t\t<\/div>\n\t\t\t\t<div class=\"elementor-element elementor-element-a24ee80 elementor-widget elementor-widget-text-editor\" data-id=\"a24ee80\" data-element_type=\"widget\" data-e-type=\"widget\" data-widget_type=\"text-editor.default\">\n\t\t\t\t<div class=\"elementor-widget-container\">\n\t\t\t\t\t\t\t\t\t<p data-start=\"1323\" data-end=\"1473\"><strong data-start=\"1323\" data-end=\"1366\">1. Mihin reseptil\u00e4\u00e4kkeit\u00e4 k\u00e4ytet\u00e4\u00e4n?<\/strong><br data-start=\"1366\" data-end=\"1369\" \/>Niit\u00e4 k\u00e4ytet\u00e4\u00e4n kivun, ahdistuksen, infektioiden ja muiden sairauksien hoitoon l\u00e4\u00e4k\u00e4rin valvonnassa.<\/p>\n<p data-start=\"1475\" data-end=\"1587\"><strong data-start=\"1475\" data-end=\"1518\">2. Miksi reseptil\u00e4\u00e4kkeet ovat vaarallisia?<\/strong><br data-start=\"1518\" data-end=\"1521\" \/>V\u00e4\u00e4rink\u00e4ytettyn\u00e4 ne voivat johtaa riippuvuuteen, elinvaurioihin tai yliannostukseen.<\/p>\n<p data-start=\"1589\" data-end=\"1738\"><strong data-start=\"1589\" data-end=\"1619\">3. Milt\u00e4 se n\u00e4ytt\u00e4\u00e4?<\/strong><br data-start=\"1619\" data-end=\"1622\" \/>Reseptil\u00e4\u00e4kkeet ovat pilleripulloissa, l\u00e4pipainopakkauksissa tai injektiopulloissa, joissa on usein etiketti, josta k\u00e4y ilmi annostus ja potilaan nimi.<\/p>\n<p data-start=\"1740\" data-end=\"1864\"><strong data-start=\"1740\" data-end=\"1783\">4. Voiko joku ottaa sen tiet\u00e4m\u00e4tt\u00e4\u00e4n?<\/strong><br data-start=\"1783\" data-end=\"1786\" \/>Kyll\u00e4, pillereit\u00e4 voidaan jakaa tai naamioida, ja lapset voivat ottaa niit\u00e4 vahingossa.<\/p>\n<p data-start=\"1866\" data-end=\"2002\"><strong data-start=\"1866\" data-end=\"1902\">5. Miten v\u00e4\u00e4rink\u00e4ytt\u00f6\u00e4 voidaan v\u00e4ltt\u00e4\u00e4?<\/strong><br data-start=\"1902\" data-end=\"1905\" \/>K\u00e4yt\u00e4 vain sinulle m\u00e4\u00e4r\u00e4ttyj\u00e4 l\u00e4\u00e4kkeit\u00e4, s\u00e4ilyt\u00e4 niit\u00e4 turvallisesti ja h\u00e4vit\u00e4 k\u00e4ytt\u00e4m\u00e4tt\u00f6m\u00e4t l\u00e4\u00e4kkeet asianmukaisesti.<\/p>\t\t\t\t\t\t\t\t<\/div>\n\t\t\t\t<\/div>\n\t\t\t\t<div class=\"elementor-element elementor-element-3c88435 elementor-widget elementor-widget-html\" data-id=\"3c88435\" data-element_type=\"widget\" data-e-type=\"widget\" data-widget_type=\"html.default\">\n\t\t\t\t<div class=\"elementor-widget-container\">\n\t\t\t\t\t<script type=\"application\/ld+json\">{\n    \"@context\": \"https:\\\/\\\/schema.org\",\n    \"@type\": \"WebPage\",\n    \"name\": \"What is Prescription Drugs?\",\n    \"url\": \"https:\\\/\\\/www.narconon.online\\\/glossary\\\/what-is-prescription-drugs\\\/\",\n    \"description\": \"Prescription drugs are medications given by doctors to treat illness. Learn how they\\u2019re used, misused, and the risks of abuse or overdose.\",\n    \"datePublished\": \"2025-07-23\",\n    \"publisher\": {\n        \"@type\": \"Organization\",\n        \"name\": \"Narconon Europe\",\n        \"url\": \"https:\\\/\\\/www.narcononeurope.dk\"\n    },\n    \"mainEntity\": {\n        \"@type\": \"FAQPage\",\n        \"mainEntity\": [\n            {\n                \"@type\": \"Question\",\n                \"name\": \"What is prescription drugs used for?\",\n                \"acceptedAnswer\": {\n                    \"@type\": \"Answer\",\n                    \"text\": \"They are used to treat pain, anxiety, infections, and other medical conditions under doctor supervision.\"\n                }\n            },\n            {\n                \"@type\": \"Question\",\n                \"name\": \"Why is prescription drugs dangerous?\",\n                \"acceptedAnswer\": {\n                    \"@type\": \"Answer\",\n                    \"text\": \"If misused, they can lead to addiction, organ damage, or overdose.\"\n                }\n            },\n            {\n                \"@type\": \"Question\",\n                \"name\": \"What does it look like?\",\n                \"acceptedAnswer\": {\n                    \"@type\": \"Answer\",\n                    \"text\": \"Prescription drugs come in pill bottles, blister packs, or vials, often with labels showing dosage and patient name.\"\n                }\n            },\n            {\n                \"@type\": \"Question\",\n                \"name\": \"Can someone take it without knowing?\",\n                \"acceptedAnswer\": {\n                    \"@type\": \"Answer\",\n                    \"text\": \"Yes, pills may be shared or disguised, and children may take them by accident.\"\n                }\n            },\n            {\n                \"@type\": \"Question\",\n                \"name\": \"How can someone avoid misuse?\",\n                \"acceptedAnswer\": {\n                    \"@type\": \"Answer\",\n                    \"text\": \"Only use medications prescribed for you, store them safely, and dispose of unused pills properly.\"\n                }\n            }\n        ]\n    }\n}<\/script>\r\n\t\t\t\t<\/div>\n\t\t\t\t<\/div>\n\t\t\t\t\t<\/div>\n\t\t\t\t<\/div>\n\t\t\t\t<\/div>","protected":false},"excerpt":{"rendered":"<p>Prescription drugs are medications given by a doctor to treat specific health conditions. These drugs include painkillers, antibiotics, sedatives, and [&hellip;]<\/p>","protected":false},"author":43,"featured_media":0,"parent":5868,"menu_order":0,"comment_status":"closed","ping_status":"closed","template":"","meta":{"_acf_changed":false,"site-sidebar-layout":"default","site-content-layout":"","ast-site-content-layout":"default","site-content-style":"default","site-sidebar-style":"default","ast-global-header-display":"","ast-banner-title-visibility":"","ast-main-header-display":"","ast-hfb-above-header-display":"","ast-hfb-below-header-display":"","ast-hfb-mobile-header-display":"","site-post-title":"","ast-breadcrumbs-content":"","ast-featured-img":"","footer-sml-layout":"","ast-disable-related-posts":"","theme-transparent-header-meta":"","adv-header-id-meta":"","stick-header-meta":"","header-above-stick-meta":"","header-main-stick-meta":"","header-below-stick-meta":"","astra-migrate-meta-layouts":"default","ast-page-background-enabled":"default","ast-page-background-meta":{"desktop":{"background-color":"var(--ast-global-color-5)","background-image":"","background-repeat":"repeat","background-position":"center center","background-size":"auto","background-attachment":"scroll","background-type":"","background-media":"","overlay-type":"","overlay-color":"","overlay-opacity":"","overlay-gradient":""},"tablet":{"background-color":"","background-image":"","background-repeat":"repeat","background-position":"center center","background-size":"auto","background-attachment":"scroll","background-type":"","background-media":"","overlay-type":"","overlay-color":"","overlay-opacity":"","overlay-gradient":""},"mobile":{"background-color":"","background-image":"","background-repeat":"repeat","background-position":"center center","background-size":"auto","background-attachment":"scroll","background-type":"","background-media":"","overlay-type":"","overlay-color":"","overlay-opacity":"","overlay-gradient":""}},"ast-content-background-meta":{"desktop":{"background-color":"var(--ast-global-color-4)","background-image":"","background-repeat":"repeat","background-position":"center center","background-size":"auto","background-attachment":"scroll","background-type":"","background-media":"","overlay-type":"","overlay-color":"","overlay-opacity":"","overlay-gradient":""},"tablet":{"background-color":"var(--ast-global-color-4)","background-image":"","background-repeat":"repeat","background-position":"center center","background-size":"auto","background-attachment":"scroll","background-type":"","background-media":"","overlay-type":"","overlay-color":"","overlay-opacity":"","overlay-gradient":""},"mobile":{"background-color":"var(--ast-global-color-4)","background-image":"","background-repeat":"repeat","background-position":"center center","background-size":"auto","background-attachment":"scroll","background-type":"","background-media":"","overlay-type":"","overlay-color":"","overlay-opacity":"","overlay-gradient":""}},"footnotes":""},"class_list":["post-6290","page","type-page","status-publish","hentry"],"acf":[],"yoast_head":"<!-- This site is optimized with the Yoast SEO Premium plugin v26.6 (Yoast SEO v26.6) - https:\/\/yoast.com\/wordpress\/plugins\/seo\/ -->\n<title>What is Prescription Drugs: Understanding Misuse<\/title>\n<meta name=\"description\" content=\"Explore what prescription drugs are and learn about their uses, benefits, and risks associated with misuse and addiction.\" \/>\n<meta name=\"robots\" content=\"index, follow, max-snippet:-1, max-image-preview:large, max-video-preview:-1\" \/>\n<link rel=\"canonical\" href=\"https:\/\/www.narconon.online\/fi\/sanasto\/mita-on-reseptilaakkeet\/\" \/>\n<meta property=\"og:locale\" content=\"fi_FI\" \/>\n<meta property=\"og:type\" content=\"article\" \/>\n<meta property=\"og:title\" content=\"What is Prescription Drugs?\" \/>\n<meta property=\"og:description\" content=\"Explore what prescription drugs are and learn about their uses, benefits, and risks associated with misuse and addiction.\" \/>\n<meta property=\"og:url\" content=\"https:\/\/www.narconon.online\/fi\/sanasto\/mita-on-reseptilaakkeet\/\" \/>\n<meta property=\"og:site_name\" content=\"Narconon Europe\" \/>\n<meta property=\"article:publisher\" content=\"https:\/\/www.facebook.com\/narcononeu\" \/>\n<meta property=\"article:modified_time\" content=\"2025-07-24T14:27:31+00:00\" \/>\n<meta property=\"og:image\" content=\"https:\/\/www.narconon.online\/wp-content\/uploads\/2025\/07\/freepik__a-countertop-with-several-prescription-pill-bottle__82511.webp\" \/>\n\t<meta property=\"og:image:width\" content=\"1392\" \/>\n\t<meta property=\"og:image:height\" content=\"752\" \/>\n\t<meta property=\"og:image:type\" content=\"image\/webp\" \/>\n<meta name=\"twitter:card\" content=\"summary_large_image\" \/>\n<meta name=\"twitter:site\" content=\"@NARCONONEurope\" \/>\n<meta name=\"twitter:label1\" content=\"Arvioitu lukuaika\" \/>\n\t<meta name=\"twitter:data1\" content=\"2 minuuttia\" \/>\n<script type=\"application\/ld+json\" class=\"yoast-schema-graph\">{\"@context\":\"https:\/\/schema.org\",\"@graph\":[{\"@type\":\"WebPage\",\"@id\":\"https:\/\/www.narconon.online\/glossary\/what-is-prescription-drugs\/\",\"url\":\"https:\/\/www.narconon.online\/glossary\/what-is-prescription-drugs\/\",\"name\":\"What is Prescription Drugs: Understanding Misuse\",\"isPartOf\":{\"@id\":\"https:\/\/www.narconon.online\/#website\"},\"primaryImageOfPage\":{\"@id\":\"https:\/\/www.narconon.online\/glossary\/what-is-prescription-drugs\/#primaryimage\"},\"image\":{\"@id\":\"https:\/\/www.narconon.online\/glossary\/what-is-prescription-drugs\/#primaryimage\"},\"thumbnailUrl\":\"https:\/\/www.narconon.online\/wp-content\/uploads\/2025\/07\/freepik__a-countertop-with-several-prescription-pill-bottle__82511.webp\",\"datePublished\":\"2025-07-23T19:14:56+00:00\",\"dateModified\":\"2025-07-24T14:27:31+00:00\",\"description\":\"Explore what prescription drugs are and learn about their uses, benefits, and risks associated with misuse and addiction.\",\"breadcrumb\":{\"@id\":\"https:\/\/www.narconon.online\/glossary\/what-is-prescription-drugs\/#breadcrumb\"},\"inLanguage\":\"fi\",\"potentialAction\":[{\"@type\":\"ReadAction\",\"target\":[\"https:\/\/www.narconon.online\/glossary\/what-is-prescription-drugs\/\"]}]},{\"@type\":\"ImageObject\",\"inLanguage\":\"fi\",\"@id\":\"https:\/\/www.narconon.online\/glossary\/what-is-prescription-drugs\/#primaryimage\",\"url\":\"https:\/\/www.narconon.online\/wp-content\/uploads\/2025\/07\/freepik__a-countertop-with-several-prescription-pill-bottle__82511.webp\",\"contentUrl\":\"https:\/\/www.narconon.online\/wp-content\/uploads\/2025\/07\/freepik__a-countertop-with-several-prescription-pill-bottle__82511.webp\"},{\"@type\":\"BreadcrumbList\",\"@id\":\"https:\/\/www.narconon.online\/glossary\/what-is-prescription-drugs\/#breadcrumb\",\"itemListElement\":[{\"@type\":\"ListItem\",\"position\":1,\"name\":\"Home\",\"item\":\"https:\/\/www.narconon.online\/\"},{\"@type\":\"ListItem\",\"position\":2,\"name\":\"Glossary of Drug Terms and Definitions\",\"item\":\"https:\/\/www.narconon.online\/glossary\/\"},{\"@type\":\"ListItem\",\"position\":3,\"name\":\"What is Prescription Drugs?\"}]},{\"@type\":\"WebSite\",\"@id\":\"https:\/\/www.narconon.online\/#website\",\"url\":\"https:\/\/www.narconon.online\/\",\"name\":\"Narconon Europe\",\"description\":\"Drug Free For Good\",\"publisher\":{\"@id\":\"https:\/\/www.narconon.online\/#organization\"},\"potentialAction\":[{\"@type\":\"SearchAction\",\"target\":{\"@type\":\"EntryPoint\",\"urlTemplate\":\"https:\/\/www.narconon.online\/?s={search_term_string}\"},\"query-input\":{\"@type\":\"PropertyValueSpecification\",\"valueRequired\":true,\"valueName\":\"search_term_string\"}}],\"inLanguage\":\"fi\"},{\"@type\":\"Organization\",\"@id\":\"https:\/\/www.narconon.online\/#organization\",\"name\":\"Narconon Europe\",\"url\":\"https:\/\/www.narconon.online\/\",\"logo\":{\"@type\":\"ImageObject\",\"inLanguage\":\"fi\",\"@id\":\"https:\/\/www.narconon.online\/#\/schema\/logo\/image\/\",\"url\":\"https:\/\/www.narconon.online\/wp-content\/uploads\/2025\/03\/Logo-Narconon-Europe-2.png\",\"contentUrl\":\"https:\/\/www.narconon.online\/wp-content\/uploads\/2025\/03\/Logo-Narconon-Europe-2.png\",\"width\":2000,\"height\":707,\"caption\":\"Narconon Europe\"},\"image\":{\"@id\":\"https:\/\/www.narconon.online\/#\/schema\/logo\/image\/\"},\"sameAs\":[\"https:\/\/www.facebook.com\/narcononeu\",\"https:\/\/x.com\/NARCONONEurope\",\"https:\/\/www.instagram.com\/narconon.europe\/\",\"https:\/\/www.youtube.com\/channel\/UCNUxvhoqZZCAxXCYO4K7MvA\",\"https:\/\/www.tiktok.com\/@narconon.europe\"]}]}<\/script>\n<!-- \/ Yoast SEO Premium plugin. -->","yoast_head_json":{"title":"Mik\u00e4 on reseptil\u00e4\u00e4kkeet: L\u00e4\u00e4kkeiden v\u00e4\u00e4rink\u00e4yt\u00f6n ymm\u00e4rt\u00e4minen","description":"Tutustu siihen, mit\u00e4 reseptil\u00e4\u00e4kkeet ovat, ja tutustu niiden k\u00e4ytt\u00f6\u00f6n, hy\u00f6tyihin sek\u00e4 v\u00e4\u00e4rink\u00e4ytt\u00f6\u00f6n ja riippuvuuteen liittyviin riskeihin.","robots":{"index":"index","follow":"follow","max-snippet":"max-snippet:-1","max-image-preview":"max-image-preview:large","max-video-preview":"max-video-preview:-1"},"canonical":"https:\/\/www.narconon.online\/fi\/sanasto\/mita-on-reseptilaakkeet\/","og_locale":"fi_FI","og_type":"article","og_title":"What is Prescription Drugs?","og_description":"Explore what prescription drugs are and learn about their uses, benefits, and risks associated with misuse and addiction.","og_url":"https:\/\/www.narconon.online\/fi\/sanasto\/mita-on-reseptilaakkeet\/","og_site_name":"Narconon Europe","article_publisher":"https:\/\/www.facebook.com\/narcononeu","article_modified_time":"2025-07-24T14:27:31+00:00","og_image":[{"width":1392,"height":752,"url":"https:\/\/www.narconon.online\/wp-content\/uploads\/2025\/07\/freepik__a-countertop-with-several-prescription-pill-bottle__82511.webp","type":"image\/webp"}],"twitter_card":"summary_large_image","twitter_site":"@NARCONONEurope","twitter_misc":{"Arvioitu lukuaika":"2 minuuttia"},"schema":{"@context":"https:\/\/schema.org","@graph":[{"@type":"WebPage","@id":"https:\/\/www.narconon.online\/glossary\/what-is-prescription-drugs\/","url":"https:\/\/www.narconon.online\/glossary\/what-is-prescription-drugs\/","name":"Mik\u00e4 on reseptil\u00e4\u00e4kkeet: L\u00e4\u00e4kkeiden v\u00e4\u00e4rink\u00e4yt\u00f6n ymm\u00e4rt\u00e4minen","isPartOf":{"@id":"https:\/\/www.narconon.online\/#website"},"primaryImageOfPage":{"@id":"https:\/\/www.narconon.online\/glossary\/what-is-prescription-drugs\/#primaryimage"},"image":{"@id":"https:\/\/www.narconon.online\/glossary\/what-is-prescription-drugs\/#primaryimage"},"thumbnailUrl":"https:\/\/www.narconon.online\/wp-content\/uploads\/2025\/07\/freepik__a-countertop-with-several-prescription-pill-bottle__82511.webp","datePublished":"2025-07-23T19:14:56+00:00","dateModified":"2025-07-24T14:27:31+00:00","description":"Tutustu siihen, mit\u00e4 reseptil\u00e4\u00e4kkeet ovat, ja tutustu niiden k\u00e4ytt\u00f6\u00f6n, hy\u00f6tyihin sek\u00e4 v\u00e4\u00e4rink\u00e4ytt\u00f6\u00f6n ja riippuvuuteen liittyviin riskeihin.","breadcrumb":{"@id":"https:\/\/www.narconon.online\/glossary\/what-is-prescription-drugs\/#breadcrumb"},"inLanguage":"fi","potentialAction":[{"@type":"ReadAction","target":["https:\/\/www.narconon.online\/glossary\/what-is-prescription-drugs\/"]}]},{"@type":"ImageObject","inLanguage":"fi","@id":"https:\/\/www.narconon.online\/glossary\/what-is-prescription-drugs\/#primaryimage","url":"https:\/\/www.narconon.online\/wp-content\/uploads\/2025\/07\/freepik__a-countertop-with-several-prescription-pill-bottle__82511.webp","contentUrl":"https:\/\/www.narconon.online\/wp-content\/uploads\/2025\/07\/freepik__a-countertop-with-several-prescription-pill-bottle__82511.webp"},{"@type":"BreadcrumbList","@id":"https:\/\/www.narconon.online\/glossary\/what-is-prescription-drugs\/#breadcrumb","itemListElement":[{"@type":"ListItem","position":1,"name":"Home","item":"https:\/\/www.narconon.online\/"},{"@type":"ListItem","position":2,"name":"Glossary of Drug Terms and Definitions","item":"https:\/\/www.narconon.online\/glossary\/"},{"@type":"ListItem","position":3,"name":"What is Prescription Drugs?"}]},{"@type":"WebSite","@id":"https:\/\/www.narconon.online\/#website","url":"https:\/\/www.narconon.online\/","name":"Narconon Euroopassa","description":"Huumeista vapaa lopullisesti","publisher":{"@id":"https:\/\/www.narconon.online\/#organization"},"potentialAction":[{"@type":"SearchAction","target":{"@type":"EntryPoint","urlTemplate":"https:\/\/www.narconon.online\/?s={search_term_string}"},"query-input":{"@type":"PropertyValueSpecification","valueRequired":true,"valueName":"search_term_string"}}],"inLanguage":"fi"},{"@type":"Organization","@id":"https:\/\/www.narconon.online\/#organization","name":"Narconon Euroopassa","url":"https:\/\/www.narconon.online\/","logo":{"@type":"ImageObject","inLanguage":"fi","@id":"https:\/\/www.narconon.online\/#\/schema\/logo\/image\/","url":"https:\/\/www.narconon.online\/wp-content\/uploads\/2025\/03\/Logo-Narconon-Europe-2.png","contentUrl":"https:\/\/www.narconon.online\/wp-content\/uploads\/2025\/03\/Logo-Narconon-Europe-2.png","width":2000,"height":707,"caption":"Narconon Europe"},"image":{"@id":"https:\/\/www.narconon.online\/#\/schema\/logo\/image\/"},"sameAs":["https:\/\/www.facebook.com\/narcononeu","https:\/\/x.com\/NARCONONEurope","https:\/\/www.instagram.com\/narconon.europe\/","https:\/\/www.youtube.com\/channel\/UCNUxvhoqZZCAxXCYO4K7MvA","https:\/\/www.tiktok.com\/@narconon.europe"]}]}},"_links":{"self":[{"href":"https:\/\/www.narconon.online\/fi\/wp-json\/wp\/v2\/pages\/6290","targetHints":{"allow":["GET"]}}],"collection":[{"href":"https:\/\/www.narconon.online\/fi\/wp-json\/wp\/v2\/pages"}],"about":[{"href":"https:\/\/www.narconon.online\/fi\/wp-json\/wp\/v2\/types\/page"}],"author":[{"embeddable":true,"href":"https:\/\/www.narconon.online\/fi\/wp-json\/wp\/v2\/users\/43"}],"replies":[{"embeddable":true,"href":"https:\/\/www.narconon.online\/fi\/wp-json\/wp\/v2\/comments?post=6290"}],"version-history":[{"count":9,"href":"https:\/\/www.narconon.online\/fi\/wp-json\/wp\/v2\/pages\/6290\/revisions"}],"predecessor-version":[{"id":6588,"href":"https:\/\/www.narconon.online\/fi\/wp-json\/wp\/v2\/pages\/6290\/revisions\/6588"}],"up":[{"embeddable":true,"href":"https:\/\/www.narconon.online\/fi\/wp-json\/wp\/v2\/pages\/5868"}],"wp:attachment":[{"href":"https:\/\/www.narconon.online\/fi\/wp-json\/wp\/v2\/media?parent=6290"}],"curies":[{"name":"wp","href":"https:\/\/api.w.org\/{rel}","templated":true}]}}