{"id":6062,"date":"2025-07-23T15:44:07","date_gmt":"2025-07-23T13:44:07","guid":{"rendered":"https:\/\/www.narconon.online\/?page_id=6062"},"modified":"2025-07-24T08:58:44","modified_gmt":"2025-07-24T06:58:44","slug":"mita-crack-on","status":"publish","type":"page","link":"https:\/\/www.narconon.online\/fi\/sanasto\/mita-crack-on\/","title":{"rendered":"Mik\u00e4 on crack?"},"content":{"rendered":"<div data-elementor-type=\"wp-page\" data-elementor-id=\"6062\" class=\"elementor elementor-6062\" data-elementor-post-type=\"page\">\n\t\t\t\t<div class=\"elementor-element elementor-element-14d08559 e-flex e-con-boxed e-con e-parent\" data-id=\"14d08559\" data-element_type=\"container\" data-e-type=\"container\">\n\t\t\t\t\t<div class=\"e-con-inner\">\n\t\t<div class=\"elementor-element elementor-element-1cae676 e-grid e-con-full e-con e-child\" data-id=\"1cae676\" data-element_type=\"container\" data-e-type=\"container\">\n\t\t\t\t<div class=\"elementor-element elementor-element-ddfcbba elementor-widget elementor-widget-text-editor\" data-id=\"ddfcbba\" data-element_type=\"widget\" data-e-type=\"widget\" data-widget_type=\"text-editor.default\">\n\t\t\t\t<div class=\"elementor-widget-container\">\n\t\t\t\t\t\t\t\t\t<p data-start=\"274\" data-end=\"482\"><strong data-start=\"274\" data-end=\"321\">Crack on voimakas, poltettava kokaiinin muoto.<\/strong> joka tuottaa voimakkaan mutta lyhytkestoisen huuman. Se valmistetaan k\u00e4sittelem\u00e4ll\u00e4 jauhemaista kokaiinia ruokasoodan tai ammoniakin kanssa, jolloin syntyy pieni\u00e4 <strong data-start=\"459\" data-end=\"481\">kivim\u00e4isi\u00e4 kiteit\u00e4<\/strong>.<\/p>\n<p data-start=\"484\" data-end=\"756\">Se on tyypillisesti <strong data-start=\"500\" data-end=\"529\">poltettu lasipiipulla<\/strong>, mik\u00e4 aiheuttaa nopean ja voimakkaan stimuloivan vaikutuksen. Huuma voi kest\u00e4\u00e4 vain <strong data-start=\"600\" data-end=\"619\">5-10 minuuttia<\/strong>, jota seuraa usein voimakas himo saada lis\u00e4\u00e4. Crackiin liittyy <strong data-start=\"693\" data-end=\"729\">kohonnut syke, aggressiivisuus<\/strong>ja <strong data-start=\"735\" data-end=\"755\">ep\u00e4s\u00e4\u00e4nn\u00f6llinen k\u00e4ytt\u00e4ytyminen<\/strong>.<\/p>\n<p data-start=\"758\" data-end=\"981\">Crackin riippuvuutta aiheuttavan vaikutuksensa vuoksi crackin k\u00e4ytt\u00f6 voi johtaa nopeasti seuraaviin ongelmiin <strong data-start=\"820\" data-end=\"860\">riippuvuus, vainoharhaisuus, taloudellinen raunio...<\/strong>ja <strong data-start=\"866\" data-end=\"886\">sosiaalinen eristyneisyys<\/strong>. Se on yksi vaarallisimmista katuhuumeista sen nopeiden vaikutusten ja korkean uusiutumisasteen vuoksi.<\/p>\t\t\t\t\t\t\t\t<\/div>\n\t\t\t\t<\/div>\n\t\t\t\t<div class=\"elementor-element elementor-element-8f955ba elementor-widget elementor-widget-image\" data-id=\"8f955ba\" data-element_type=\"widget\" data-e-type=\"widget\" data-widget_type=\"image.default\">\n\t\t\t\t<div class=\"elementor-widget-container\">\n\t\t\t\t\t\t\t\t\t\t\t\t\t\t\t<img fetchpriority=\"high\" decoding=\"async\" width=\"1392\" height=\"752\" src=\"https:\/\/www.narconon.online\/wp-content\/uploads\/2025\/07\/freepik__crack-cocaine-rocks-and-glass-pipe-on-a-reflective__41437.webp\" class=\"attachment-full size-full wp-image-6064\" alt=\"crack, mik\u00e4 on crack, crack-kokaiini, katuhuumeet, stimulanttien v\u00e4\u00e4rink\u00e4ytt\u00f6, huumeiden sanasto, riippuvuusriski, lasiputkihuumeet.\" srcset=\"https:\/\/www.narconon.online\/wp-content\/uploads\/2025\/07\/freepik__crack-cocaine-rocks-and-glass-pipe-on-a-reflective__41437.webp 1392w, https:\/\/www.narconon.online\/wp-content\/uploads\/2025\/07\/freepik__crack-cocaine-rocks-and-glass-pipe-on-a-reflective__41437-300x162.webp 300w, https:\/\/www.narconon.online\/wp-content\/uploads\/2025\/07\/freepik__crack-cocaine-rocks-and-glass-pipe-on-a-reflective__41437-1024x553.webp 1024w, https:\/\/www.narconon.online\/wp-content\/uploads\/2025\/07\/freepik__crack-cocaine-rocks-and-glass-pipe-on-a-reflective__41437-768x415.webp 768w, https:\/\/www.narconon.online\/wp-content\/uploads\/2025\/07\/freepik__crack-cocaine-rocks-and-glass-pipe-on-a-reflective__41437-18x10.webp 18w\" sizes=\"(max-width: 1392px) 100vw, 1392px\" \/>\t\t\t\t\t\t\t\t\t\t\t\t\t\t\t<\/div>\n\t\t\t\t<\/div>\n\t\t\t\t<\/div>\n\t\t\t\t\t<\/div>\n\t\t\t\t<\/div>\n\t\t<div class=\"elementor-element elementor-element-064fdba e-flex e-con-boxed e-con e-parent\" data-id=\"064fdba\" data-element_type=\"container\" data-e-type=\"container\">\n\t\t\t\t\t<div class=\"e-con-inner\">\n\t\t<div class=\"elementor-element elementor-element-ecec8f5 e-grid e-con-full e-con e-child\" data-id=\"ecec8f5\" data-element_type=\"container\" data-e-type=\"container\">\n\t\t\t\t<div class=\"elementor-element elementor-element-0f0e55c elementor-widget elementor-widget-text-editor\" data-id=\"0f0e55c\" data-element_type=\"widget\" data-e-type=\"widget\" data-widget_type=\"text-editor.default\">\n\t\t\t\t<div class=\"elementor-widget-container\">\n\t\t\t\t\t\t\t\t\t<h3 id=\"h-related-terms\" class=\"wp-block-heading\">\ud83e\udde0 Liittyv\u00e4t termit<\/h3>\n<ul data-spread=\"false\" data-pm-slice=\"3 3 []\">\n<li><a href=\"https:\/\/www.narconon.online\/fi\/sanasto\/mita-kokaiini-on\/\">Kokaiini<\/a><\/li>\n<li>\n<p><a href=\"https:\/\/www.narconon.online\/fi\/sanasto\/mika-on-yliannostus\/\">Yliannostus<\/a><\/p>\n<\/li>\n<li><a href=\"https:\/\/www.narconon.online\/fi\/sanasto\/mita-stimulantit-ovat\/\">Stimulantit<\/a><\/li>\n<li>\n<p><a href=\"https:\/\/www.narconon.online\/fi\/sanasto\/\">Sanasto Indeksi<\/a><\/p>\n<\/li>\n<\/ul>\t\t\t\t\t\t\t\t<\/div>\n\t\t\t\t<\/div>\n\t\t\t\t<div class=\"elementor-element elementor-element-03e5102 elementor-widget elementor-widget-text-editor\" data-id=\"03e5102\" data-element_type=\"widget\" data-e-type=\"widget\" data-widget_type=\"text-editor.default\">\n\t\t\t\t<div class=\"elementor-widget-container\">\n\t\t\t\t\t\t\t\t\t<p id=\"h-related-terms\" class=\"wp-block-heading\">\ud83d\udc49 Lue lis\u00e4\u00e4 ennaltaehk\u00e4isyst\u00e4:<br \/><a class=\"\" href=\"https:\/\/www.narcononeurope.dk\/en\/drug-abuse\/\" target=\"_blank\" rel=\"noopener\">Narconon Europe - Apua huumeiden v\u00e4\u00e4rink\u00e4ytt\u00f6\u00f6n<\/a><\/p>\n<p><!-- \/wp:list-item --><\/p>\n<p><!-- \/wp:list --><!-- wp:paragraph --><\/p>\n<p>\ud83d\udc49 Lis\u00e4\u00e4 koulutussis\u00e4lt\u00f6\u00e4 l\u00f6yd\u00e4t osoitteesta <a class=\"\" href=\"https:\/\/www.narconon.online\/fi\/huumausainekasvatuksen-ennaltaehkaisymateriaali\/\">Huumevalistus- ja ennaltaehk\u00e4isymateriaalit<\/a><\/p>\t\t\t\t\t\t\t\t<\/div>\n\t\t\t\t<\/div>\n\t\t\t\t<\/div>\n\t\t\t\t<div class=\"elementor-element elementor-element-1497776 elementor-widget elementor-widget-heading\" data-id=\"1497776\" data-element_type=\"widget\" data-e-type=\"widget\" data-widget_type=\"heading.default\">\n\t\t\t\t<div class=\"elementor-widget-container\">\n\t\t\t\t\t<h2 class=\"elementor-heading-title elementor-size-default\">\u2753 Usein kysyttyj\u00e4 kysymyksi\u00e4 crackist\u00e4<\/h2>\t\t\t\t<\/div>\n\t\t\t\t<\/div>\n\t\t\t\t<div class=\"elementor-element elementor-element-a24ee80 elementor-widget elementor-widget-text-editor\" data-id=\"a24ee80\" data-element_type=\"widget\" data-e-type=\"widget\" data-widget_type=\"text-editor.default\">\n\t\t\t\t<div class=\"elementor-widget-container\">\n\t\t\t\t\t\t\t\t\t<p data-start=\"1250\" data-end=\"1339\"><strong data-start=\"1250\" data-end=\"1280\">1. Mihin crackia k\u00e4ytet\u00e4\u00e4n?<\/strong><br data-start=\"1280\" data-end=\"1283\" \/>Sit\u00e4 k\u00e4ytet\u00e4\u00e4n laittomasti nopeaan, voimakkaaseen stimuloivaan huumausaineeseen.<\/p>\n<p data-start=\"1341\" data-end=\"1447\"><strong data-start=\"1341\" data-end=\"1371\">2. Miksi crack on vaarallista?<\/strong><br data-start=\"1371\" data-end=\"1374\" \/>Se aiheuttaa \u00e4\u00e4rimm\u00e4ist\u00e4 riippuvuutta, terveysriskej\u00e4 ja riskialtista tai v\u00e4kivaltaista k\u00e4ytt\u00e4ytymist\u00e4.<\/p>\n<p data-start=\"1449\" data-end=\"1574\"><strong data-start=\"1449\" data-end=\"1479\">3. Milt\u00e4 se n\u00e4ytt\u00e4\u00e4?<\/strong><br data-start=\"1479\" data-end=\"1482\" \/>S\u00e4r\u00f6 esiintyy pienin\u00e4 luonnonvalkoisina tai kellert\u00e4vin\u00e4 kivin\u00e4, jotka pit\u00e4v\u00e4t kuumennettaessa s\u00e4risev\u00e4\u00e4 \u00e4\u00e4nt\u00e4.<\/p>\n<p data-start=\"1576\" data-end=\"1696\"><strong data-start=\"1576\" data-end=\"1619\">4. Voiko joku ottaa sen tiet\u00e4m\u00e4tt\u00e4\u00e4n?<\/strong><br data-start=\"1619\" data-end=\"1622\" \/>Ep\u00e4todenn\u00e4k\u00f6ist\u00e4, mutta sit\u00e4 voidaan sekoittaa muihin huumeisiin k\u00e4ytt\u00e4j\u00e4n huomaamatta.<\/p>\n<p data-start=\"1698\" data-end=\"1813\"><strong data-start=\"1698\" data-end=\"1733\">5. Miten crackia voi v\u00e4ltt\u00e4\u00e4?<\/strong><br data-start=\"1733\" data-end=\"1736\" \/>V\u00e4lt\u00e4 huumausaineita k\u00e4ytt\u00e4vi\u00e4 ymp\u00e4rist\u00f6j\u00e4, pysy ajan tasalla ja hae apua varhaisessa vaiheessa, jos altistut.<\/p>\t\t\t\t\t\t\t\t<\/div>\n\t\t\t\t<\/div>\n\t\t\t\t<div class=\"elementor-element elementor-element-3c88435 elementor-widget elementor-widget-html\" data-id=\"3c88435\" data-element_type=\"widget\" data-e-type=\"widget\" data-widget_type=\"html.default\">\n\t\t\t\t<div class=\"elementor-widget-container\">\n\t\t\t\t\t<script type=\"application\/ld+json\">{\n    \"@context\": \"https:\\\/\\\/schema.org\",\n    \"@type\": \"WebPage\",\n    \"name\": \"What is Crack?\",\n    \"url\": \"https:\\\/\\\/www.narconon.online\\\/glossary\\\/what-is-crack\\\/\",\n    \"description\": \"Crack is a smokable, highly addictive form of cocaine. Learn how it looks, why it's dangerous, and how to avoid exposure.\",\n    \"datePublished\": \"2025-07-23\",\n    \"publisher\": {\n        \"@type\": \"Organization\",\n        \"name\": \"Narconon Europe\",\n        \"url\": \"https:\\\/\\\/www.narcononeurope.dk\"\n    },\n    \"mainEntity\": {\n        \"@type\": \"FAQPage\",\n        \"mainEntity\": [\n            {\n                \"@type\": \"Question\",\n                \"name\": \"What is crack used for?\",\n                \"acceptedAnswer\": {\n                    \"@type\": \"Answer\",\n                    \"text\": \"It is used illegally for a fast, intense stimulant high.\"\n                }\n            },\n            {\n                \"@type\": \"Question\",\n                \"name\": \"Why is crack dangerous?\",\n                \"acceptedAnswer\": {\n                    \"@type\": \"Answer\",\n                    \"text\": \"It causes extreme addiction, health risks, and risky or violent behavior.\"\n                }\n            },\n            {\n                \"@type\": \"Question\",\n                \"name\": \"What does it look like?\",\n                \"acceptedAnswer\": {\n                    \"@type\": \"Answer\",\n                    \"text\": \"Crack appears as small off-white or yellowish rocks that make a crackling sound when heated.\"\n                }\n            },\n            {\n                \"@type\": \"Question\",\n                \"name\": \"Can someone take it without knowing?\",\n                \"acceptedAnswer\": {\n                    \"@type\": \"Answer\",\n                    \"text\": \"Unlikely, but it may be laced into other drugs without the user realizing.\"\n                }\n            },\n            {\n                \"@type\": \"Question\",\n                \"name\": \"How can someone avoid crack?\",\n                \"acceptedAnswer\": {\n                    \"@type\": \"Answer\",\n                    \"text\": \"Avoid drug-using environments, stay informed, and seek help early if exposed.\"\n                }\n            }\n        ]\n    }\n}<\/script>\r\n\t\t\t\t<\/div>\n\t\t\t\t<\/div>\n\t\t\t\t\t<\/div>\n\t\t\t\t<\/div>\n\t\t\t\t<\/div>","protected":false},"excerpt":{"rendered":"<p>Crack is a potent, smokable form of cocaine that produces an intense but short-lived high. It is made by processing [&hellip;]<\/p>","protected":false},"author":43,"featured_media":0,"parent":5868,"menu_order":0,"comment_status":"closed","ping_status":"closed","template":"","meta":{"_acf_changed":false,"site-sidebar-layout":"default","site-content-layout":"","ast-site-content-layout":"default","site-content-style":"default","site-sidebar-style":"default","ast-global-header-display":"","ast-banner-title-visibility":"","ast-main-header-display":"","ast-hfb-above-header-display":"","ast-hfb-below-header-display":"","ast-hfb-mobile-header-display":"","site-post-title":"","ast-breadcrumbs-content":"","ast-featured-img":"","footer-sml-layout":"","ast-disable-related-posts":"","theme-transparent-header-meta":"","adv-header-id-meta":"","stick-header-meta":"","header-above-stick-meta":"","header-main-stick-meta":"","header-below-stick-meta":"","astra-migrate-meta-layouts":"default","ast-page-background-enabled":"default","ast-page-background-meta":{"desktop":{"background-color":"var(--ast-global-color-5)","background-image":"","background-repeat":"repeat","background-position":"center center","background-size":"auto","background-attachment":"scroll","background-type":"","background-media":"","overlay-type":"","overlay-color":"","overlay-opacity":"","overlay-gradient":""},"tablet":{"background-color":"","background-image":"","background-repeat":"repeat","background-position":"center center","background-size":"auto","background-attachment":"scroll","background-type":"","background-media":"","overlay-type":"","overlay-color":"","overlay-opacity":"","overlay-gradient":""},"mobile":{"background-color":"","background-image":"","background-repeat":"repeat","background-position":"center center","background-size":"auto","background-attachment":"scroll","background-type":"","background-media":"","overlay-type":"","overlay-color":"","overlay-opacity":"","overlay-gradient":""}},"ast-content-background-meta":{"desktop":{"background-color":"var(--ast-global-color-4)","background-image":"","background-repeat":"repeat","background-position":"center center","background-size":"auto","background-attachment":"scroll","background-type":"","background-media":"","overlay-type":"","overlay-color":"","overlay-opacity":"","overlay-gradient":""},"tablet":{"background-color":"var(--ast-global-color-4)","background-image":"","background-repeat":"repeat","background-position":"center center","background-size":"auto","background-attachment":"scroll","background-type":"","background-media":"","overlay-type":"","overlay-color":"","overlay-opacity":"","overlay-gradient":""},"mobile":{"background-color":"var(--ast-global-color-4)","background-image":"","background-repeat":"repeat","background-position":"center center","background-size":"auto","background-attachment":"scroll","background-type":"","background-media":"","overlay-type":"","overlay-color":"","overlay-opacity":"","overlay-gradient":""}},"footnotes":""},"class_list":["post-6062","page","type-page","status-publish","hentry"],"acf":[],"yoast_head":"<!-- This site is optimized with the Yoast SEO Premium plugin v26.6 (Yoast SEO v26.6) - https:\/\/yoast.com\/wordpress\/plugins\/seo\/ -->\n<title>What Is Crack: Understanding Its Effects<\/title>\n<meta name=\"description\" content=\"Discover what is crack and learn about its potent effects, dangers, and the risk of addiction associated with use.\" \/>\n<meta name=\"robots\" content=\"index, follow, max-snippet:-1, max-image-preview:large, max-video-preview:-1\" \/>\n<link rel=\"canonical\" href=\"https:\/\/www.narconon.online\/fi\/sanasto\/mita-crack-on\/\" \/>\n<meta property=\"og:locale\" content=\"fi_FI\" \/>\n<meta property=\"og:type\" content=\"article\" \/>\n<meta property=\"og:title\" content=\"What is Crack?\" \/>\n<meta property=\"og:description\" content=\"Discover what is crack and learn about its potent effects, dangers, and the risk of addiction associated with use.\" \/>\n<meta property=\"og:url\" content=\"https:\/\/www.narconon.online\/fi\/sanasto\/mita-crack-on\/\" \/>\n<meta property=\"og:site_name\" content=\"Narconon Europe\" \/>\n<meta property=\"article:publisher\" content=\"https:\/\/www.facebook.com\/narcononeu\" \/>\n<meta property=\"article:modified_time\" content=\"2025-07-24T06:58:44+00:00\" \/>\n<meta property=\"og:image\" content=\"https:\/\/www.narconon.online\/wp-content\/uploads\/2025\/07\/freepik__crack-cocaine-rocks-and-glass-pipe-on-a-reflective__41437.webp\" \/>\n\t<meta property=\"og:image:width\" content=\"1392\" \/>\n\t<meta property=\"og:image:height\" content=\"752\" \/>\n\t<meta property=\"og:image:type\" content=\"image\/webp\" \/>\n<meta name=\"twitter:card\" content=\"summary_large_image\" \/>\n<meta name=\"twitter:site\" content=\"@NARCONONEurope\" \/>\n<meta name=\"twitter:label1\" content=\"Arvioitu lukuaika\" \/>\n\t<meta name=\"twitter:data1\" content=\"2 minuuttia\" \/>\n<script type=\"application\/ld+json\" class=\"yoast-schema-graph\">{\"@context\":\"https:\/\/schema.org\",\"@graph\":[{\"@type\":\"WebPage\",\"@id\":\"https:\/\/www.narconon.online\/glossary\/what-is-crack\/\",\"url\":\"https:\/\/www.narconon.online\/glossary\/what-is-crack\/\",\"name\":\"What Is Crack: Understanding Its Effects\",\"isPartOf\":{\"@id\":\"https:\/\/www.narconon.online\/#website\"},\"primaryImageOfPage\":{\"@id\":\"https:\/\/www.narconon.online\/glossary\/what-is-crack\/#primaryimage\"},\"image\":{\"@id\":\"https:\/\/www.narconon.online\/glossary\/what-is-crack\/#primaryimage\"},\"thumbnailUrl\":\"https:\/\/www.narconon.online\/wp-content\/uploads\/2025\/07\/freepik__crack-cocaine-rocks-and-glass-pipe-on-a-reflective__41437.webp\",\"datePublished\":\"2025-07-23T13:44:07+00:00\",\"dateModified\":\"2025-07-24T06:58:44+00:00\",\"description\":\"Discover what is crack and learn about its potent effects, dangers, and the risk of addiction associated with use.\",\"breadcrumb\":{\"@id\":\"https:\/\/www.narconon.online\/glossary\/what-is-crack\/#breadcrumb\"},\"inLanguage\":\"fi\",\"potentialAction\":[{\"@type\":\"ReadAction\",\"target\":[\"https:\/\/www.narconon.online\/glossary\/what-is-crack\/\"]}]},{\"@type\":\"ImageObject\",\"inLanguage\":\"fi\",\"@id\":\"https:\/\/www.narconon.online\/glossary\/what-is-crack\/#primaryimage\",\"url\":\"https:\/\/www.narconon.online\/wp-content\/uploads\/2025\/07\/freepik__crack-cocaine-rocks-and-glass-pipe-on-a-reflective__41437.webp\",\"contentUrl\":\"https:\/\/www.narconon.online\/wp-content\/uploads\/2025\/07\/freepik__crack-cocaine-rocks-and-glass-pipe-on-a-reflective__41437.webp\"},{\"@type\":\"BreadcrumbList\",\"@id\":\"https:\/\/www.narconon.online\/glossary\/what-is-crack\/#breadcrumb\",\"itemListElement\":[{\"@type\":\"ListItem\",\"position\":1,\"name\":\"Home\",\"item\":\"https:\/\/www.narconon.online\/\"},{\"@type\":\"ListItem\",\"position\":2,\"name\":\"Glossary of Drug Terms and Definitions\",\"item\":\"https:\/\/www.narconon.online\/glossary\/\"},{\"@type\":\"ListItem\",\"position\":3,\"name\":\"What is Crack?\"}]},{\"@type\":\"WebSite\",\"@id\":\"https:\/\/www.narconon.online\/#website\",\"url\":\"https:\/\/www.narconon.online\/\",\"name\":\"Narconon Europe\",\"description\":\"Drug Free For Good\",\"publisher\":{\"@id\":\"https:\/\/www.narconon.online\/#organization\"},\"potentialAction\":[{\"@type\":\"SearchAction\",\"target\":{\"@type\":\"EntryPoint\",\"urlTemplate\":\"https:\/\/www.narconon.online\/?s={search_term_string}\"},\"query-input\":{\"@type\":\"PropertyValueSpecification\",\"valueRequired\":true,\"valueName\":\"search_term_string\"}}],\"inLanguage\":\"fi\"},{\"@type\":\"Organization\",\"@id\":\"https:\/\/www.narconon.online\/#organization\",\"name\":\"Narconon Europe\",\"url\":\"https:\/\/www.narconon.online\/\",\"logo\":{\"@type\":\"ImageObject\",\"inLanguage\":\"fi\",\"@id\":\"https:\/\/www.narconon.online\/#\/schema\/logo\/image\/\",\"url\":\"https:\/\/www.narconon.online\/wp-content\/uploads\/2025\/03\/Logo-Narconon-Europe-2.png\",\"contentUrl\":\"https:\/\/www.narconon.online\/wp-content\/uploads\/2025\/03\/Logo-Narconon-Europe-2.png\",\"width\":2000,\"height\":707,\"caption\":\"Narconon Europe\"},\"image\":{\"@id\":\"https:\/\/www.narconon.online\/#\/schema\/logo\/image\/\"},\"sameAs\":[\"https:\/\/www.facebook.com\/narcononeu\",\"https:\/\/x.com\/NARCONONEurope\",\"https:\/\/www.instagram.com\/narconon.europe\/\",\"https:\/\/www.youtube.com\/channel\/UCNUxvhoqZZCAxXCYO4K7MvA\",\"https:\/\/www.tiktok.com\/@narconon.europe\"]}]}<\/script>\n<!-- \/ Yoast SEO Premium plugin. -->","yoast_head_json":{"title":"Mik\u00e4 on crack: Crack: Sen vaikutusten ymm\u00e4rt\u00e4minen","description":"Tutustu crackiin ja opi sen voimakkaista vaikutuksista, vaaroista ja k\u00e4ytt\u00f6\u00f6n liittyv\u00e4st\u00e4 riippuvuusriskist\u00e4.","robots":{"index":"index","follow":"follow","max-snippet":"max-snippet:-1","max-image-preview":"max-image-preview:large","max-video-preview":"max-video-preview:-1"},"canonical":"https:\/\/www.narconon.online\/fi\/sanasto\/mita-crack-on\/","og_locale":"fi_FI","og_type":"article","og_title":"What is Crack?","og_description":"Discover what is crack and learn about its potent effects, dangers, and the risk of addiction associated with use.","og_url":"https:\/\/www.narconon.online\/fi\/sanasto\/mita-crack-on\/","og_site_name":"Narconon Europe","article_publisher":"https:\/\/www.facebook.com\/narcononeu","article_modified_time":"2025-07-24T06:58:44+00:00","og_image":[{"width":1392,"height":752,"url":"https:\/\/www.narconon.online\/wp-content\/uploads\/2025\/07\/freepik__crack-cocaine-rocks-and-glass-pipe-on-a-reflective__41437.webp","type":"image\/webp"}],"twitter_card":"summary_large_image","twitter_site":"@NARCONONEurope","twitter_misc":{"Arvioitu lukuaika":"2 minuuttia"},"schema":{"@context":"https:\/\/schema.org","@graph":[{"@type":"WebPage","@id":"https:\/\/www.narconon.online\/glossary\/what-is-crack\/","url":"https:\/\/www.narconon.online\/glossary\/what-is-crack\/","name":"Mik\u00e4 on crack: Crack: Sen vaikutusten ymm\u00e4rt\u00e4minen","isPartOf":{"@id":"https:\/\/www.narconon.online\/#website"},"primaryImageOfPage":{"@id":"https:\/\/www.narconon.online\/glossary\/what-is-crack\/#primaryimage"},"image":{"@id":"https:\/\/www.narconon.online\/glossary\/what-is-crack\/#primaryimage"},"thumbnailUrl":"https:\/\/www.narconon.online\/wp-content\/uploads\/2025\/07\/freepik__crack-cocaine-rocks-and-glass-pipe-on-a-reflective__41437.webp","datePublished":"2025-07-23T13:44:07+00:00","dateModified":"2025-07-24T06:58:44+00:00","description":"Tutustu crackiin ja opi sen voimakkaista vaikutuksista, vaaroista ja k\u00e4ytt\u00f6\u00f6n liittyv\u00e4st\u00e4 riippuvuusriskist\u00e4.","breadcrumb":{"@id":"https:\/\/www.narconon.online\/glossary\/what-is-crack\/#breadcrumb"},"inLanguage":"fi","potentialAction":[{"@type":"ReadAction","target":["https:\/\/www.narconon.online\/glossary\/what-is-crack\/"]}]},{"@type":"ImageObject","inLanguage":"fi","@id":"https:\/\/www.narconon.online\/glossary\/what-is-crack\/#primaryimage","url":"https:\/\/www.narconon.online\/wp-content\/uploads\/2025\/07\/freepik__crack-cocaine-rocks-and-glass-pipe-on-a-reflective__41437.webp","contentUrl":"https:\/\/www.narconon.online\/wp-content\/uploads\/2025\/07\/freepik__crack-cocaine-rocks-and-glass-pipe-on-a-reflective__41437.webp"},{"@type":"BreadcrumbList","@id":"https:\/\/www.narconon.online\/glossary\/what-is-crack\/#breadcrumb","itemListElement":[{"@type":"ListItem","position":1,"name":"Home","item":"https:\/\/www.narconon.online\/"},{"@type":"ListItem","position":2,"name":"Glossary of Drug Terms and Definitions","item":"https:\/\/www.narconon.online\/glossary\/"},{"@type":"ListItem","position":3,"name":"What is Crack?"}]},{"@type":"WebSite","@id":"https:\/\/www.narconon.online\/#website","url":"https:\/\/www.narconon.online\/","name":"Narconon Euroopassa","description":"Huumeista vapaa lopullisesti","publisher":{"@id":"https:\/\/www.narconon.online\/#organization"},"potentialAction":[{"@type":"SearchAction","target":{"@type":"EntryPoint","urlTemplate":"https:\/\/www.narconon.online\/?s={search_term_string}"},"query-input":{"@type":"PropertyValueSpecification","valueRequired":true,"valueName":"search_term_string"}}],"inLanguage":"fi"},{"@type":"Organization","@id":"https:\/\/www.narconon.online\/#organization","name":"Narconon Euroopassa","url":"https:\/\/www.narconon.online\/","logo":{"@type":"ImageObject","inLanguage":"fi","@id":"https:\/\/www.narconon.online\/#\/schema\/logo\/image\/","url":"https:\/\/www.narconon.online\/wp-content\/uploads\/2025\/03\/Logo-Narconon-Europe-2.png","contentUrl":"https:\/\/www.narconon.online\/wp-content\/uploads\/2025\/03\/Logo-Narconon-Europe-2.png","width":2000,"height":707,"caption":"Narconon Europe"},"image":{"@id":"https:\/\/www.narconon.online\/#\/schema\/logo\/image\/"},"sameAs":["https:\/\/www.facebook.com\/narcononeu","https:\/\/x.com\/NARCONONEurope","https:\/\/www.instagram.com\/narconon.europe\/","https:\/\/www.youtube.com\/channel\/UCNUxvhoqZZCAxXCYO4K7MvA","https:\/\/www.tiktok.com\/@narconon.europe"]}]}},"_links":{"self":[{"href":"https:\/\/www.narconon.online\/fi\/wp-json\/wp\/v2\/pages\/6062","targetHints":{"allow":["GET"]}}],"collection":[{"href":"https:\/\/www.narconon.online\/fi\/wp-json\/wp\/v2\/pages"}],"about":[{"href":"https:\/\/www.narconon.online\/fi\/wp-json\/wp\/v2\/types\/page"}],"author":[{"embeddable":true,"href":"https:\/\/www.narconon.online\/fi\/wp-json\/wp\/v2\/users\/43"}],"replies":[{"embeddable":true,"href":"https:\/\/www.narconon.online\/fi\/wp-json\/wp\/v2\/comments?post=6062"}],"version-history":[{"count":13,"href":"https:\/\/www.narconon.online\/fi\/wp-json\/wp\/v2\/pages\/6062\/revisions"}],"predecessor-version":[{"id":6428,"href":"https:\/\/www.narconon.online\/fi\/wp-json\/wp\/v2\/pages\/6062\/revisions\/6428"}],"up":[{"embeddable":true,"href":"https:\/\/www.narconon.online\/fi\/wp-json\/wp\/v2\/pages\/5868"}],"wp:attachment":[{"href":"https:\/\/www.narconon.online\/fi\/wp-json\/wp\/v2\/media?parent=6062"}],"curies":[{"name":"wp","href":"https:\/\/api.w.org\/{rel}","templated":true}]}}