{"id":6022,"date":"2025-07-23T14:37:17","date_gmt":"2025-07-23T12:37:17","guid":{"rendered":"https:\/\/www.narconon.online\/?page_id=6022"},"modified":"2025-07-24T15:08:33","modified_gmt":"2025-07-24T13:08:33","slug":"mita-alkoholi-on","status":"publish","type":"page","link":"https:\/\/www.narconon.online\/fi\/sanasto\/mita-alkoholi-on\/","title":{"rendered":"Mit\u00e4 alkoholi on?"},"content":{"rendered":"<div data-elementor-type=\"wp-page\" data-elementor-id=\"6022\" class=\"elementor elementor-6022\" data-elementor-post-type=\"page\">\n\t\t\t\t<div class=\"elementor-element elementor-element-14d08559 e-flex e-con-boxed e-con e-parent\" data-id=\"14d08559\" data-element_type=\"container\" data-e-type=\"container\">\n\t\t\t\t\t<div class=\"e-con-inner\">\n\t\t<div class=\"elementor-element elementor-element-1cae676 e-grid e-con-full e-con e-child\" data-id=\"1cae676\" data-element_type=\"container\" data-e-type=\"container\">\n\t\t\t\t<div class=\"elementor-element elementor-element-ddfcbba elementor-widget elementor-widget-text-editor\" data-id=\"ddfcbba\" data-element_type=\"widget\" data-e-type=\"widget\" data-widget_type=\"text-editor.default\">\n\t\t\t\t<div class=\"elementor-widget-container\">\n\t\t\t\t\t\t\t\t\t<p data-start=\"145\" data-end=\"342\"><strong data-start=\"145\" data-end=\"178\">Alkoholi on laillinen masennusl\u00e4\u00e4ke<\/strong> l\u00f6ydetty <strong data-start=\"188\" data-end=\"215\">olut, viini ja v\u00e4kev\u00e4t alkoholijuomat<\/strong>. Se hidastaa aivotoimintaa ja voi aiheuttaa <strong data-start=\"260\" data-end=\"288\">rentoutuminen tai uneliaisuus<\/strong>, mink\u00e4 vuoksi sit\u00e4 k\u00e4ytet\u00e4\u00e4nkin usein <strong data-start=\"322\" data-end=\"341\">sosiaaliset puitteet<\/strong>.<\/p>\n<p data-start=\"344\" data-end=\"539\">Suurin osa alkoholista kulutetaan <strong data-start=\"372\" data-end=\"387\">nestem\u00e4isess\u00e4 muodossa<\/strong>, joko juomana tai cocktaileihin sekoitettuna. Vaikka laillista, <strong data-start=\"442\" data-end=\"464\">liiallinen juominen<\/strong> voi johtaa <strong data-start=\"477\" data-end=\"498\">heikentynyt arvostelukyky<\/strong>, <strong data-start=\"500\" data-end=\"513\">onnettomuudet<\/strong>ja <strong data-start=\"519\" data-end=\"538\">riskialttiit p\u00e4\u00e4t\u00f6kset<\/strong>.<\/p>\n<p data-start=\"541\" data-end=\"746\">Ajan my\u00f6t\u00e4 alkoholi voi aiheuttaa <strong data-start=\"570\" data-end=\"584\">riippuvuus<\/strong>, <strong data-start=\"586\" data-end=\"602\">maksavaurio<\/strong>, <strong data-start=\"604\" data-end=\"620\">syd\u00e4nasiat<\/strong>ja jopa <strong data-start=\"631\" data-end=\"650\">aivojen kutistuminen<\/strong>. <strong data-start=\"652\" data-end=\"670\">Humalahakuinen juominen<\/strong> ja alaik\u00e4isten k\u00e4ytt\u00f6 ovat erityisen haitallisia sek\u00e4 fyysiselle ett\u00e4 mielenterveydelle.<\/p>\t\t\t\t\t\t\t\t<\/div>\n\t\t\t\t<\/div>\n\t\t\t\t<div class=\"elementor-element elementor-element-8f955ba elementor-widget elementor-widget-image\" data-id=\"8f955ba\" data-element_type=\"widget\" data-e-type=\"widget\" data-widget_type=\"image.default\">\n\t\t\t\t<div class=\"elementor-widget-container\">\n\t\t\t\t\t\t\t\t\t\t\t\t\t\t\t<img fetchpriority=\"high\" decoding=\"async\" width=\"1392\" height=\"752\" src=\"https:\/\/www.narconon.online\/wp-content\/uploads\/2025\/07\/freepik__a-clear-scene-on-a-white-table-showing-a-glass-of-__41433.webp\" class=\"attachment-full size-full wp-image-6026\" alt=\"Alkoholia sis\u00e4lt\u00e4v\u00e4 lasi, jossa on kaatunut pullo ja varoitusetiketti, jossa alkoholi on masennusl\u00e4\u00e4ke, puhtaalla valkoisella pohjalla.\" srcset=\"https:\/\/www.narconon.online\/wp-content\/uploads\/2025\/07\/freepik__a-clear-scene-on-a-white-table-showing-a-glass-of-__41433.webp 1392w, https:\/\/www.narconon.online\/wp-content\/uploads\/2025\/07\/freepik__a-clear-scene-on-a-white-table-showing-a-glass-of-__41433-300x162.webp 300w, https:\/\/www.narconon.online\/wp-content\/uploads\/2025\/07\/freepik__a-clear-scene-on-a-white-table-showing-a-glass-of-__41433-1024x553.webp 1024w, https:\/\/www.narconon.online\/wp-content\/uploads\/2025\/07\/freepik__a-clear-scene-on-a-white-table-showing-a-glass-of-__41433-768x415.webp 768w, https:\/\/www.narconon.online\/wp-content\/uploads\/2025\/07\/freepik__a-clear-scene-on-a-white-table-showing-a-glass-of-__41433-18x10.webp 18w\" sizes=\"(max-width: 1392px) 100vw, 1392px\" \/>\t\t\t\t\t\t\t\t\t\t\t\t\t\t\t<\/div>\n\t\t\t\t<\/div>\n\t\t\t\t<\/div>\n\t\t\t\t\t<\/div>\n\t\t\t\t<\/div>\n\t\t<div class=\"elementor-element elementor-element-064fdba e-flex e-con-boxed e-con e-parent\" data-id=\"064fdba\" data-element_type=\"container\" data-e-type=\"container\">\n\t\t\t\t\t<div class=\"e-con-inner\">\n\t\t<div class=\"elementor-element elementor-element-ecec8f5 e-grid e-con-full e-con e-child\" data-id=\"ecec8f5\" data-element_type=\"container\" data-e-type=\"container\">\n\t\t\t\t<div class=\"elementor-element elementor-element-0f0e55c elementor-widget elementor-widget-text-editor\" data-id=\"0f0e55c\" data-element_type=\"widget\" data-e-type=\"widget\" data-widget_type=\"text-editor.default\">\n\t\t\t\t<div class=\"elementor-widget-container\">\n\t\t\t\t\t\t\t\t\t<h3 id=\"h-related-terms\" class=\"wp-block-heading\">\ud83e\udde0 Liittyv\u00e4t termit<\/h3>\n<ul data-spread=\"false\" data-pm-slice=\"3 3 []\">\n<li>\n<p><a href=\"https:\/\/www.narconon.online\/fi\/sanasto\/mika-on-yliannostus\/\">Yliannostus<\/a><\/p>\n<\/li>\n<li>\n<p><a href=\"https:\/\/www.narconon.online\/fi\/sanasto\/mita-ovat-masennuslaakkeet\/\">Masennusl\u00e4\u00e4kkeet<\/a><\/p>\n<\/li>\n<li>\n<p><a href=\"https:\/\/www.narconon.online\/fi\/sanasto\/\">Sanasto Indeksi<\/a><\/p>\n<\/li>\n<\/ul>\t\t\t\t\t\t\t\t<\/div>\n\t\t\t\t<\/div>\n\t\t\t\t<div class=\"elementor-element elementor-element-03e5102 elementor-widget elementor-widget-text-editor\" data-id=\"03e5102\" data-element_type=\"widget\" data-e-type=\"widget\" data-widget_type=\"text-editor.default\">\n\t\t\t\t<div class=\"elementor-widget-container\">\n\t\t\t\t\t\t\t\t\t<p id=\"h-related-terms\" class=\"wp-block-heading\">\ud83d\udc49 Lue lis\u00e4\u00e4 ennaltaehk\u00e4isyst\u00e4:<br \/><a class=\"\" href=\"https:\/\/www.narcononeurope.dk\/en\/drug-abuse\/\" target=\"_blank\" rel=\"noopener\">Narconon Europe - Apua huumeiden v\u00e4\u00e4rink\u00e4ytt\u00f6\u00f6n<\/a><\/p>\n<p><!-- \/wp:list-item --><\/p>\n<p><!-- \/wp:list --><!-- wp:paragraph --><\/p>\n<p>\ud83d\udc49 Lis\u00e4\u00e4 koulutussis\u00e4lt\u00f6\u00e4 l\u00f6yd\u00e4t osoitteesta <a class=\"\" href=\"https:\/\/www.narconon.online\/fi\/huumausainekasvatuksen-ennaltaehkaisymateriaali\/\">Huumevalistus- ja ennaltaehk\u00e4isymateriaalit<\/a><\/p>\t\t\t\t\t\t\t\t<\/div>\n\t\t\t\t<\/div>\n\t\t\t\t<\/div>\n\t\t\t\t<div class=\"elementor-element elementor-element-1497776 elementor-widget elementor-widget-heading\" data-id=\"1497776\" data-element_type=\"widget\" data-e-type=\"widget\" data-widget_type=\"heading.default\">\n\t\t\t\t<div class=\"elementor-widget-container\">\n\t\t\t\t\t<h2 class=\"elementor-heading-title elementor-size-default\">\u2753 Usein kysyttyj\u00e4 kysymyksi\u00e4 alkoholista<\/h2>\t\t\t\t<\/div>\n\t\t\t\t<\/div>\n\t\t\t\t<div class=\"elementor-element elementor-element-a24ee80 elementor-widget elementor-widget-text-editor\" data-id=\"a24ee80\" data-element_type=\"widget\" data-e-type=\"widget\" data-widget_type=\"text-editor.default\">\n\t\t\t\t<div class=\"elementor-widget-container\">\n\t\t\t\t\t\t\t\t\t<p data-pm-slice=\"1 1 []\"><strong>1. Mihin alkoholia k\u00e4ytet\u00e4\u00e4n?<\/strong><br \/>P\u00e4\u00e4asiassa sosiaalisiin ja vapaa-ajan tarkoituksiin.<\/p>\n<p><strong>2. Miksi alkoholi on vaarallista tai aiheuttaa riippuvuutta?<\/strong><br \/>Se voi heikent\u00e4\u00e4 arviointikyky\u00e4, aiheuttaa fyysist\u00e4 riippuvuutta ja vahingoittaa elimi\u00e4 pitk\u00e4aikaisessa k\u00e4yt\u00f6ss\u00e4.<\/p>\n<p><strong>3. Milt\u00e4 se n\u00e4ytt\u00e4\u00e4?<\/strong><br \/>Se on yleens\u00e4 kirkasta tai v\u00e4rillist\u00e4 nestett\u00e4, jota tarjoillaan juomissa.<\/p>\n<p><strong>4. Voiko joku ottaa sen tiet\u00e4m\u00e4tt\u00e4\u00e4n?<\/strong><br \/>Kyll\u00e4, juomiin voidaan lis\u00e4t\u00e4 alkoholia henkil\u00f6n tiet\u00e4m\u00e4tt\u00e4.<\/p>\n<p><strong>5. Miten altistumista tai v\u00e4\u00e4rink\u00e4ytt\u00f6\u00e4 voidaan v\u00e4ltt\u00e4\u00e4?<\/strong><br \/>V\u00e4lt\u00e4 juomien vastaanottamista tuntemattomilta ja juo vastuullisesti.<\/p>\t\t\t\t\t\t\t\t<\/div>\n\t\t\t\t<\/div>\n\t\t\t\t<div class=\"elementor-element elementor-element-3c88435 elementor-widget elementor-widget-html\" data-id=\"3c88435\" data-element_type=\"widget\" data-e-type=\"widget\" data-widget_type=\"html.default\">\n\t\t\t\t<div class=\"elementor-widget-container\">\n\t\t\t\t\t<script type=\"application\/ld+json\">{\n    \"@context\": \"https:\\\/\\\/schema.org\",\n    \"@type\": \"WebPage\",\n    \"name\": \"What is Alcohol?\",\n    \"url\": \"https:\\\/\\\/www.narconon.online\\\/glossary\\\/what-is-alcohol\\\/\",\n    \"description\": \"Alcohol is a legal depressant found in beer, wine, and spirits. It can lead to dependency, health issues, and risky behavior.\",\n    \"datePublished\": \"2025-07-23\",\n    \"publisher\": {\n        \"@type\": \"Organization\",\n        \"name\": \"Narconon Europe\",\n        \"url\": \"https:\\\/\\\/www.narcononeurope.dk\"\n    },\n    \"mainEntity\": {\n        \"@type\": \"FAQPage\",\n        \"mainEntity\": [\n            {\n                \"@type\": \"Question\",\n                \"name\": \"What is alcohol used for?\",\n                \"acceptedAnswer\": {\n                    \"@type\": \"Answer\",\n                    \"text\": \"Mainly for social and recreational purposes.\"\n                }\n            },\n            {\n                \"@type\": \"Question\",\n                \"name\": \"Why is alcohol dangerous or addictive?\",\n                \"acceptedAnswer\": {\n                    \"@type\": \"Answer\",\n                    \"text\": \"It can impair judgment, cause physical dependence, and damage organs with prolonged use.\"\n                }\n            },\n            {\n                \"@type\": \"Question\",\n                \"name\": \"What does it look like?\",\n                \"acceptedAnswer\": {\n                    \"@type\": \"Answer\",\n                    \"text\": \"It usually appears as a clear or colored liquid served in drinks.\"\n                }\n            },\n            {\n                \"@type\": \"Question\",\n                \"name\": \"Can someone take it without knowing?\",\n                \"acceptedAnswer\": {\n                    \"@type\": \"Answer\",\n                    \"text\": \"Yes, drinks can be spiked with alcohol without a person\\u2019s knowledge.\"\n                }\n            },\n            {\n                \"@type\": \"Question\",\n                \"name\": \"How can someone avoid exposure or misuse?\",\n                \"acceptedAnswer\": {\n                    \"@type\": \"Answer\",\n                    \"text\": \"Avoid accepting drinks from strangers and drink responsibly.\"\n                }\n            }\n        ]\n    }\n}<\/script>\r\n\t\t\t\t<\/div>\n\t\t\t\t<\/div>\n\t\t\t\t\t<\/div>\n\t\t\t\t<\/div>\n\t\t\t\t<\/div>","protected":false},"excerpt":{"rendered":"<p>Alcohol is a legal depressant found in beer, wine, and spirits. It slows down brain function and can cause relaxation [&hellip;]<\/p>","protected":false},"author":43,"featured_media":0,"parent":5868,"menu_order":0,"comment_status":"closed","ping_status":"closed","template":"","meta":{"_acf_changed":false,"site-sidebar-layout":"default","site-content-layout":"","ast-site-content-layout":"default","site-content-style":"default","site-sidebar-style":"default","ast-global-header-display":"","ast-banner-title-visibility":"","ast-main-header-display":"","ast-hfb-above-header-display":"","ast-hfb-below-header-display":"","ast-hfb-mobile-header-display":"","site-post-title":"","ast-breadcrumbs-content":"","ast-featured-img":"","footer-sml-layout":"","ast-disable-related-posts":"","theme-transparent-header-meta":"","adv-header-id-meta":"","stick-header-meta":"","header-above-stick-meta":"","header-main-stick-meta":"","header-below-stick-meta":"","astra-migrate-meta-layouts":"default","ast-page-background-enabled":"default","ast-page-background-meta":{"desktop":{"background-color":"var(--ast-global-color-5)","background-image":"","background-repeat":"repeat","background-position":"center center","background-size":"auto","background-attachment":"scroll","background-type":"","background-media":"","overlay-type":"","overlay-color":"","overlay-opacity":"","overlay-gradient":""},"tablet":{"background-color":"","background-image":"","background-repeat":"repeat","background-position":"center center","background-size":"auto","background-attachment":"scroll","background-type":"","background-media":"","overlay-type":"","overlay-color":"","overlay-opacity":"","overlay-gradient":""},"mobile":{"background-color":"","background-image":"","background-repeat":"repeat","background-position":"center center","background-size":"auto","background-attachment":"scroll","background-type":"","background-media":"","overlay-type":"","overlay-color":"","overlay-opacity":"","overlay-gradient":""}},"ast-content-background-meta":{"desktop":{"background-color":"var(--ast-global-color-4)","background-image":"","background-repeat":"repeat","background-position":"center center","background-size":"auto","background-attachment":"scroll","background-type":"","background-media":"","overlay-type":"","overlay-color":"","overlay-opacity":"","overlay-gradient":""},"tablet":{"background-color":"var(--ast-global-color-4)","background-image":"","background-repeat":"repeat","background-position":"center center","background-size":"auto","background-attachment":"scroll","background-type":"","background-media":"","overlay-type":"","overlay-color":"","overlay-opacity":"","overlay-gradient":""},"mobile":{"background-color":"var(--ast-global-color-4)","background-image":"","background-repeat":"repeat","background-position":"center center","background-size":"auto","background-attachment":"scroll","background-type":"","background-media":"","overlay-type":"","overlay-color":"","overlay-opacity":"","overlay-gradient":""}},"footnotes":""},"class_list":["post-6022","page","type-page","status-publish","hentry"],"acf":[],"yoast_head":"<!-- This site is optimized with the Yoast SEO Premium plugin v26.6 (Yoast SEO v26.6) - https:\/\/yoast.com\/wordpress\/plugins\/seo\/ -->\n<title>What Is Alcohol and Its Effects on Health?<\/title>\n<meta name=\"description\" content=\"What is alcohol? Discover its effects, risks, and why it is used in social settings. Learn about alcohol and its dangers.\" \/>\n<meta name=\"robots\" content=\"index, follow, max-snippet:-1, max-image-preview:large, max-video-preview:-1\" \/>\n<link rel=\"canonical\" href=\"https:\/\/www.narconon.online\/fi\/sanasto\/mita-alkoholi-on\/\" \/>\n<meta property=\"og:locale\" content=\"fi_FI\" \/>\n<meta property=\"og:type\" content=\"article\" \/>\n<meta property=\"og:title\" content=\"What is Alcohol?\" \/>\n<meta property=\"og:description\" content=\"What is alcohol? Discover its effects, risks, and why it is used in social settings. Learn about alcohol and its dangers.\" \/>\n<meta property=\"og:url\" content=\"https:\/\/www.narconon.online\/fi\/sanasto\/mita-alkoholi-on\/\" \/>\n<meta property=\"og:site_name\" content=\"Narconon Europe\" \/>\n<meta property=\"article:publisher\" content=\"https:\/\/www.facebook.com\/narcononeu\" \/>\n<meta property=\"article:modified_time\" content=\"2025-07-24T13:08:33+00:00\" \/>\n<meta property=\"og:image\" content=\"https:\/\/www.narconon.online\/wp-content\/uploads\/2025\/07\/freepik__a-clear-scene-on-a-white-table-showing-a-glass-of-__41433.webp\" \/>\n\t<meta property=\"og:image:width\" content=\"1392\" \/>\n\t<meta property=\"og:image:height\" content=\"752\" \/>\n\t<meta property=\"og:image:type\" content=\"image\/webp\" \/>\n<meta name=\"twitter:card\" content=\"summary_large_image\" \/>\n<meta name=\"twitter:site\" content=\"@NARCONONEurope\" \/>\n<meta name=\"twitter:label1\" content=\"Arvioitu lukuaika\" \/>\n\t<meta name=\"twitter:data1\" content=\"2 minuuttia\" \/>\n<script type=\"application\/ld+json\" class=\"yoast-schema-graph\">{\"@context\":\"https:\/\/schema.org\",\"@graph\":[{\"@type\":\"WebPage\",\"@id\":\"https:\/\/www.narconon.online\/glossary\/what-is-alcohol\/\",\"url\":\"https:\/\/www.narconon.online\/glossary\/what-is-alcohol\/\",\"name\":\"What Is Alcohol and Its Effects on Health?\",\"isPartOf\":{\"@id\":\"https:\/\/www.narconon.online\/#website\"},\"primaryImageOfPage\":{\"@id\":\"https:\/\/www.narconon.online\/glossary\/what-is-alcohol\/#primaryimage\"},\"image\":{\"@id\":\"https:\/\/www.narconon.online\/glossary\/what-is-alcohol\/#primaryimage\"},\"thumbnailUrl\":\"https:\/\/www.narconon.online\/wp-content\/uploads\/2025\/07\/freepik__a-clear-scene-on-a-white-table-showing-a-glass-of-__41433.webp\",\"datePublished\":\"2025-07-23T12:37:17+00:00\",\"dateModified\":\"2025-07-24T13:08:33+00:00\",\"description\":\"What is alcohol? Discover its effects, risks, and why it is used in social settings. Learn about alcohol and its dangers.\",\"breadcrumb\":{\"@id\":\"https:\/\/www.narconon.online\/glossary\/what-is-alcohol\/#breadcrumb\"},\"inLanguage\":\"fi\",\"potentialAction\":[{\"@type\":\"ReadAction\",\"target\":[\"https:\/\/www.narconon.online\/glossary\/what-is-alcohol\/\"]}]},{\"@type\":\"ImageObject\",\"inLanguage\":\"fi\",\"@id\":\"https:\/\/www.narconon.online\/glossary\/what-is-alcohol\/#primaryimage\",\"url\":\"https:\/\/www.narconon.online\/wp-content\/uploads\/2025\/07\/freepik__a-clear-scene-on-a-white-table-showing-a-glass-of-__41433.webp\",\"contentUrl\":\"https:\/\/www.narconon.online\/wp-content\/uploads\/2025\/07\/freepik__a-clear-scene-on-a-white-table-showing-a-glass-of-__41433.webp\"},{\"@type\":\"BreadcrumbList\",\"@id\":\"https:\/\/www.narconon.online\/glossary\/what-is-alcohol\/#breadcrumb\",\"itemListElement\":[{\"@type\":\"ListItem\",\"position\":1,\"name\":\"Home\",\"item\":\"https:\/\/www.narconon.online\/\"},{\"@type\":\"ListItem\",\"position\":2,\"name\":\"Glossary of Drug Terms and Definitions\",\"item\":\"https:\/\/www.narconon.online\/glossary\/\"},{\"@type\":\"ListItem\",\"position\":3,\"name\":\"What is Alcohol?\"}]},{\"@type\":\"WebSite\",\"@id\":\"https:\/\/www.narconon.online\/#website\",\"url\":\"https:\/\/www.narconon.online\/\",\"name\":\"Narconon Europe\",\"description\":\"Drug Free For Good\",\"publisher\":{\"@id\":\"https:\/\/www.narconon.online\/#organization\"},\"potentialAction\":[{\"@type\":\"SearchAction\",\"target\":{\"@type\":\"EntryPoint\",\"urlTemplate\":\"https:\/\/www.narconon.online\/?s={search_term_string}\"},\"query-input\":{\"@type\":\"PropertyValueSpecification\",\"valueRequired\":true,\"valueName\":\"search_term_string\"}}],\"inLanguage\":\"fi\"},{\"@type\":\"Organization\",\"@id\":\"https:\/\/www.narconon.online\/#organization\",\"name\":\"Narconon Europe\",\"url\":\"https:\/\/www.narconon.online\/\",\"logo\":{\"@type\":\"ImageObject\",\"inLanguage\":\"fi\",\"@id\":\"https:\/\/www.narconon.online\/#\/schema\/logo\/image\/\",\"url\":\"https:\/\/www.narconon.online\/wp-content\/uploads\/2025\/03\/Logo-Narconon-Europe-2.png\",\"contentUrl\":\"https:\/\/www.narconon.online\/wp-content\/uploads\/2025\/03\/Logo-Narconon-Europe-2.png\",\"width\":2000,\"height\":707,\"caption\":\"Narconon Europe\"},\"image\":{\"@id\":\"https:\/\/www.narconon.online\/#\/schema\/logo\/image\/\"},\"sameAs\":[\"https:\/\/www.facebook.com\/narcononeu\",\"https:\/\/x.com\/NARCONONEurope\",\"https:\/\/www.instagram.com\/narconon.europe\/\",\"https:\/\/www.youtube.com\/channel\/UCNUxvhoqZZCAxXCYO4K7MvA\",\"https:\/\/www.tiktok.com\/@narconon.europe\"]}]}<\/script>\n<!-- \/ Yoast SEO Premium plugin. -->","yoast_head_json":{"title":"Mit\u00e4 on alkoholi ja sen vaikutukset terveyteen?","description":"Mit\u00e4 alkoholi on? Tutustu sen vaikutuksiin, riskeihin ja siihen, miksi sit\u00e4 k\u00e4ytet\u00e4\u00e4n sosiaalisissa yhteyksiss\u00e4. Tutustu alkoholiin ja sen vaaroihin.","robots":{"index":"index","follow":"follow","max-snippet":"max-snippet:-1","max-image-preview":"max-image-preview:large","max-video-preview":"max-video-preview:-1"},"canonical":"https:\/\/www.narconon.online\/fi\/sanasto\/mita-alkoholi-on\/","og_locale":"fi_FI","og_type":"article","og_title":"What is Alcohol?","og_description":"What is alcohol? Discover its effects, risks, and why it is used in social settings. Learn about alcohol and its dangers.","og_url":"https:\/\/www.narconon.online\/fi\/sanasto\/mita-alkoholi-on\/","og_site_name":"Narconon Europe","article_publisher":"https:\/\/www.facebook.com\/narcononeu","article_modified_time":"2025-07-24T13:08:33+00:00","og_image":[{"width":1392,"height":752,"url":"https:\/\/www.narconon.online\/wp-content\/uploads\/2025\/07\/freepik__a-clear-scene-on-a-white-table-showing-a-glass-of-__41433.webp","type":"image\/webp"}],"twitter_card":"summary_large_image","twitter_site":"@NARCONONEurope","twitter_misc":{"Arvioitu lukuaika":"2 minuuttia"},"schema":{"@context":"https:\/\/schema.org","@graph":[{"@type":"WebPage","@id":"https:\/\/www.narconon.online\/glossary\/what-is-alcohol\/","url":"https:\/\/www.narconon.online\/glossary\/what-is-alcohol\/","name":"Mit\u00e4 on alkoholi ja sen vaikutukset terveyteen?","isPartOf":{"@id":"https:\/\/www.narconon.online\/#website"},"primaryImageOfPage":{"@id":"https:\/\/www.narconon.online\/glossary\/what-is-alcohol\/#primaryimage"},"image":{"@id":"https:\/\/www.narconon.online\/glossary\/what-is-alcohol\/#primaryimage"},"thumbnailUrl":"https:\/\/www.narconon.online\/wp-content\/uploads\/2025\/07\/freepik__a-clear-scene-on-a-white-table-showing-a-glass-of-__41433.webp","datePublished":"2025-07-23T12:37:17+00:00","dateModified":"2025-07-24T13:08:33+00:00","description":"Mit\u00e4 alkoholi on? Tutustu sen vaikutuksiin, riskeihin ja siihen, miksi sit\u00e4 k\u00e4ytet\u00e4\u00e4n sosiaalisissa yhteyksiss\u00e4. Tutustu alkoholiin ja sen vaaroihin.","breadcrumb":{"@id":"https:\/\/www.narconon.online\/glossary\/what-is-alcohol\/#breadcrumb"},"inLanguage":"fi","potentialAction":[{"@type":"ReadAction","target":["https:\/\/www.narconon.online\/glossary\/what-is-alcohol\/"]}]},{"@type":"ImageObject","inLanguage":"fi","@id":"https:\/\/www.narconon.online\/glossary\/what-is-alcohol\/#primaryimage","url":"https:\/\/www.narconon.online\/wp-content\/uploads\/2025\/07\/freepik__a-clear-scene-on-a-white-table-showing-a-glass-of-__41433.webp","contentUrl":"https:\/\/www.narconon.online\/wp-content\/uploads\/2025\/07\/freepik__a-clear-scene-on-a-white-table-showing-a-glass-of-__41433.webp"},{"@type":"BreadcrumbList","@id":"https:\/\/www.narconon.online\/glossary\/what-is-alcohol\/#breadcrumb","itemListElement":[{"@type":"ListItem","position":1,"name":"Home","item":"https:\/\/www.narconon.online\/"},{"@type":"ListItem","position":2,"name":"Glossary of Drug Terms and Definitions","item":"https:\/\/www.narconon.online\/glossary\/"},{"@type":"ListItem","position":3,"name":"What is Alcohol?"}]},{"@type":"WebSite","@id":"https:\/\/www.narconon.online\/#website","url":"https:\/\/www.narconon.online\/","name":"Narconon Euroopassa","description":"Huumeista vapaa lopullisesti","publisher":{"@id":"https:\/\/www.narconon.online\/#organization"},"potentialAction":[{"@type":"SearchAction","target":{"@type":"EntryPoint","urlTemplate":"https:\/\/www.narconon.online\/?s={search_term_string}"},"query-input":{"@type":"PropertyValueSpecification","valueRequired":true,"valueName":"search_term_string"}}],"inLanguage":"fi"},{"@type":"Organization","@id":"https:\/\/www.narconon.online\/#organization","name":"Narconon Euroopassa","url":"https:\/\/www.narconon.online\/","logo":{"@type":"ImageObject","inLanguage":"fi","@id":"https:\/\/www.narconon.online\/#\/schema\/logo\/image\/","url":"https:\/\/www.narconon.online\/wp-content\/uploads\/2025\/03\/Logo-Narconon-Europe-2.png","contentUrl":"https:\/\/www.narconon.online\/wp-content\/uploads\/2025\/03\/Logo-Narconon-Europe-2.png","width":2000,"height":707,"caption":"Narconon Europe"},"image":{"@id":"https:\/\/www.narconon.online\/#\/schema\/logo\/image\/"},"sameAs":["https:\/\/www.facebook.com\/narcononeu","https:\/\/x.com\/NARCONONEurope","https:\/\/www.instagram.com\/narconon.europe\/","https:\/\/www.youtube.com\/channel\/UCNUxvhoqZZCAxXCYO4K7MvA","https:\/\/www.tiktok.com\/@narconon.europe"]}]}},"_links":{"self":[{"href":"https:\/\/www.narconon.online\/fi\/wp-json\/wp\/v2\/pages\/6022","targetHints":{"allow":["GET"]}}],"collection":[{"href":"https:\/\/www.narconon.online\/fi\/wp-json\/wp\/v2\/pages"}],"about":[{"href":"https:\/\/www.narconon.online\/fi\/wp-json\/wp\/v2\/types\/page"}],"author":[{"embeddable":true,"href":"https:\/\/www.narconon.online\/fi\/wp-json\/wp\/v2\/users\/43"}],"replies":[{"embeddable":true,"href":"https:\/\/www.narconon.online\/fi\/wp-json\/wp\/v2\/comments?post=6022"}],"version-history":[{"count":15,"href":"https:\/\/www.narconon.online\/fi\/wp-json\/wp\/v2\/pages\/6022\/revisions"}],"predecessor-version":[{"id":6570,"href":"https:\/\/www.narconon.online\/fi\/wp-json\/wp\/v2\/pages\/6022\/revisions\/6570"}],"up":[{"embeddable":true,"href":"https:\/\/www.narconon.online\/fi\/wp-json\/wp\/v2\/pages\/5868"}],"wp:attachment":[{"href":"https:\/\/www.narconon.online\/fi\/wp-json\/wp\/v2\/media?parent=6022"}],"curies":[{"name":"wp","href":"https:\/\/api.w.org\/{rel}","templated":true}]}}