{"id":6274,"date":"2025-07-23T20:49:43","date_gmt":"2025-07-23T18:49:43","guid":{"rendered":"https:\/\/www.narconon.online\/?page_id=6274"},"modified":"2025-07-24T16:23:49","modified_gmt":"2025-07-24T14:23:49","slug":"que-es-un-narcotico","status":"publish","type":"page","link":"https:\/\/www.narconon.online\/es\/glosario\/que-es-un-narcotico\/","title":{"rendered":"\u00bfQu\u00e9 es un narc\u00f3tico?"},"content":{"rendered":"<div data-elementor-type=\"wp-page\" data-elementor-id=\"6274\" class=\"elementor elementor-6274\" data-elementor-post-type=\"page\">\n\t\t\t\t<div class=\"elementor-element elementor-element-14d08559 e-flex e-con-boxed e-con e-parent\" data-id=\"14d08559\" data-element_type=\"container\" data-e-type=\"container\">\n\t\t\t\t\t<div class=\"e-con-inner\">\n\t\t<div class=\"elementor-element elementor-element-1cae676 e-grid e-con-full e-con e-child\" data-id=\"1cae676\" data-element_type=\"container\" data-e-type=\"container\">\n\t\t\t\t<div class=\"elementor-element elementor-element-ddfcbba elementor-widget elementor-widget-text-editor\" data-id=\"ddfcbba\" data-element_type=\"widget\" data-e-type=\"widget\" data-widget_type=\"text-editor.default\">\n\t\t\t\t<div class=\"elementor-widget-container\">\n\t\t\t\t\t\t\t\t\t<p data-start=\"298\" data-end=\"525\"><strong data-start=\"298\" data-end=\"380\">Un narc\u00f3tico es una sustancia que aten\u00faa el dolor y provoca sue\u00f1o o relajaci\u00f3n profunda.<\/strong> Originalmente, el t\u00e9rmino se refer\u00eda a <strong data-start=\"414\" data-end=\"450\">opi\u00e1ceos como la morfina y la hero\u00edna<\/strong>pero hoy en d\u00eda se utiliza a menudo para describir una serie de drogas fuertes y adictivas.<\/p>\n<p data-start=\"527\" data-end=\"746\">Los estupefacientes pueden ser <strong data-start=\"544\" data-end=\"632\">naturales (como el opio), semisint\u00e9ticos (como la oxicodona) o sint\u00e9ticos (como el fentanilo).<\/strong> Se utilizan habitualmente en medicina para aliviar el dolor, pero tambi\u00e9n son <strong data-start=\"697\" data-end=\"715\">muy mal utilizado<\/strong> debido a sus efectos euforizantes.<\/p>\n<p data-start=\"748\" data-end=\"936\">El uso indebido de estupefacientes puede provocar <strong data-start=\"780\" data-end=\"827\">respiraci\u00f3n lenta, inconsciencia, sobredosis<\/strong>y <strong data-start=\"833\" data-end=\"853\">adicci\u00f3n grave<\/strong>. Mezclarlos con alcohol u otros depresores aumenta considerablemente el peligro.<\/p>\t\t\t\t\t\t\t\t<\/div>\n\t\t\t\t<\/div>\n\t\t\t\t<div class=\"elementor-element elementor-element-8f955ba elementor-widget elementor-widget-image\" data-id=\"8f955ba\" data-element_type=\"widget\" data-e-type=\"widget\" data-widget_type=\"image.default\">\n\t\t\t\t<div class=\"elementor-widget-container\">\n\t\t\t\t\t\t\t\t\t\t\t\t\t\t\t<img fetchpriority=\"high\" decoding=\"async\" width=\"1392\" height=\"752\" src=\"https:\/\/www.narconon.online\/wp-content\/uploads\/2025\/07\/freepik__closeup-of-several-prescription-pill-bottles-label__82509.webp\" class=\"attachment-full size-full wp-image-6277\" alt=\"Frascos de pastillas con receta etiquetados con narc\u00f3ticos como oxicodona y fentanilo sobre una superficie blanca con pastillas dispersas.\" srcset=\"https:\/\/www.narconon.online\/wp-content\/uploads\/2025\/07\/freepik__closeup-of-several-prescription-pill-bottles-label__82509.webp 1392w, https:\/\/www.narconon.online\/wp-content\/uploads\/2025\/07\/freepik__closeup-of-several-prescription-pill-bottles-label__82509-300x162.webp 300w, https:\/\/www.narconon.online\/wp-content\/uploads\/2025\/07\/freepik__closeup-of-several-prescription-pill-bottles-label__82509-1024x553.webp 1024w, https:\/\/www.narconon.online\/wp-content\/uploads\/2025\/07\/freepik__closeup-of-several-prescription-pill-bottles-label__82509-768x415.webp 768w, https:\/\/www.narconon.online\/wp-content\/uploads\/2025\/07\/freepik__closeup-of-several-prescription-pill-bottles-label__82509-18x10.webp 18w\" sizes=\"(max-width: 1392px) 100vw, 1392px\" \/>\t\t\t\t\t\t\t\t\t\t\t\t\t\t\t<\/div>\n\t\t\t\t<\/div>\n\t\t\t\t<\/div>\n\t\t\t\t\t<\/div>\n\t\t\t\t<\/div>\n\t\t<div class=\"elementor-element elementor-element-064fdba e-flex e-con-boxed e-con e-parent\" data-id=\"064fdba\" data-element_type=\"container\" data-e-type=\"container\">\n\t\t\t\t\t<div class=\"e-con-inner\">\n\t\t<div class=\"elementor-element elementor-element-ecec8f5 e-grid e-con-full e-con e-child\" data-id=\"ecec8f5\" data-element_type=\"container\" data-e-type=\"container\">\n\t\t\t\t<div class=\"elementor-element elementor-element-0f0e55c elementor-widget elementor-widget-text-editor\" data-id=\"0f0e55c\" data-element_type=\"widget\" data-e-type=\"widget\" data-widget_type=\"text-editor.default\">\n\t\t\t\t<div class=\"elementor-widget-container\">\n\t\t\t\t\t\t\t\t\t<h3 id=\"h-related-terms\" class=\"wp-block-heading\">\ud83e\udde0 T\u00e9rminos relacionados<\/h3>\n<ul data-spread=\"false\" data-pm-slice=\"3 3 []\">\n<li><a href=\"https:\/\/www.narconon.online\/es\/glosario\/que-es-el-fentanilo\/\">Fentanilo<\/a><\/li>\n<li><a href=\"https:\/\/www.narconon.online\/es\/glosario\/que-son-los-opiaceos\/\">Opi\u00e1ceos<\/a><\/li>\n<li>\n<p><a href=\"https:\/\/www.narconon.online\/es\/glosario\/que-son-los-medicamentos-con-receta\/\">Medicamentos con receta<\/a><\/p>\n<\/li>\n<li>\n<p><a href=\"https:\/\/www.narconon.online\/es\/glosario\/\">\u00cdndice del glosario<\/a><\/p>\n<\/li>\n<\/ul>\t\t\t\t\t\t\t\t<\/div>\n\t\t\t\t<\/div>\n\t\t\t\t<div class=\"elementor-element elementor-element-03e5102 elementor-widget elementor-widget-text-editor\" data-id=\"03e5102\" data-element_type=\"widget\" data-e-type=\"widget\" data-widget_type=\"text-editor.default\">\n\t\t\t\t<div class=\"elementor-widget-container\">\n\t\t\t\t\t\t\t\t\t<p id=\"h-related-terms\" class=\"wp-block-heading\">\ud83d\udc49 M\u00e1s informaci\u00f3n sobre prevenci\u00f3n:<br \/><a class=\"\" href=\"https:\/\/www.narcononeurope.dk\/en\/drug-abuse\/\" target=\"_blank\" rel=\"noopener\">Narconon Europa - Ayuda contra el abuso de drogas<\/a><\/p>\n<p><!-- \/wp:list-item --><\/p>\n<p><!-- \/wp:list --><!-- wp:paragraph --><\/p>\n<p>\ud83d\udc49 Para m\u00e1s contenidos educativos, consulte nuestra <a class=\"\" href=\"https:\/\/www.narconon.online\/es\/materiales-de-prevencion-para-la-educacion-sobre-drogas\/\">Materiales de educaci\u00f3n y prevenci\u00f3n en materia de drogas<\/a><\/p>\t\t\t\t\t\t\t\t<\/div>\n\t\t\t\t<\/div>\n\t\t\t\t<\/div>\n\t\t\t\t<div class=\"elementor-element elementor-element-1497776 elementor-widget elementor-widget-heading\" data-id=\"1497776\" data-element_type=\"widget\" data-e-type=\"widget\" data-widget_type=\"heading.default\">\n\t\t\t\t<div class=\"elementor-widget-container\">\n\t\t\t\t\t<h2 class=\"elementor-heading-title elementor-size-default\">\u2753Preguntas frecuentes sobre estupefacientes<\/h2>\t\t\t\t<\/div>\n\t\t\t\t<\/div>\n\t\t\t\t<div class=\"elementor-element elementor-element-a24ee80 elementor-widget elementor-widget-text-editor\" data-id=\"a24ee80\" data-element_type=\"widget\" data-e-type=\"widget\" data-widget_type=\"text-editor.default\">\n\t\t\t\t<div class=\"elementor-widget-container\">\n\t\t\t\t\t\t\t\t\t<p data-start=\"1208\" data-end=\"1324\"><strong data-start=\"1208\" data-end=\"1241\">1. \u00bfPara qu\u00e9 sirven los narc\u00f3ticos?<\/strong><br data-start=\"1241\" data-end=\"1244\" \/>Se utiliza m\u00e9dicamente para aliviar el dolor intenso, sobre todo despu\u00e9s de una intervenci\u00f3n quir\u00fargica o una lesi\u00f3n.<\/p>\n<p data-start=\"1326\" data-end=\"1432\"><strong data-start=\"1326\" data-end=\"1359\">2. \u00bfPor qu\u00e9 son peligrosos los narc\u00f3ticos?<\/strong><br data-start=\"1359\" data-end=\"1362\" \/>Puede ralentizar o detener la respiraci\u00f3n, causar dependencia y provocar una sobredosis.<\/p>\n<p data-start=\"1434\" data-end=\"1537\"><strong data-start=\"1434\" data-end=\"1464\">3. 3. \u00bfQu\u00e9 aspecto tiene?<\/strong><br data-start=\"1464\" data-end=\"1467\" \/>Los narc\u00f3ticos se presentan en forma de comprimidos, c\u00e1psulas, parches o soluciones inyectables.<\/p>\n<p data-start=\"1539\" data-end=\"1664\"><strong data-start=\"1539\" data-end=\"1582\">4. \u00bfPuede alguien tomarlo sin saberlo?<\/strong><br data-start=\"1582\" data-end=\"1585\" \/>S\u00ed, especialmente si se mezclan en pastillas o se administran sin una supervisi\u00f3n m\u00e9dica clara.<\/p>\n<p data-start=\"1666\" data-end=\"1799\"><strong data-start=\"1666\" data-end=\"1705\">5. \u00bfC\u00f3mo se pueden evitar los estupefacientes?<\/strong><br data-start=\"1705\" data-end=\"1708\" \/>Siga los consejos m\u00e9dicos, no comparta nunca las recetas y haga preguntas sobre los analg\u00e9sicos.<\/p>\t\t\t\t\t\t\t\t<\/div>\n\t\t\t\t<\/div>\n\t\t\t\t<div class=\"elementor-element elementor-element-3c88435 elementor-widget elementor-widget-html\" data-id=\"3c88435\" data-element_type=\"widget\" data-e-type=\"widget\" data-widget_type=\"html.default\">\n\t\t\t\t<div class=\"elementor-widget-container\">\n\t\t\t\t\t<script type=\"application\/ld+json\">{\n    \"@context\": \"https:\\\/\\\/schema.org\",\n    \"@type\": \"WebPage\",\n    \"name\": \"What is Narcotic?\",\n    \"url\": \"https:\\\/\\\/www.narconon.online\\\/glossary\\\/what-is-narcotic\\\/\",\n    \"description\": \"A narcotic is a pain-relieving drug that can cause sleep and euphoria. Learn how they work, their risks, and why they are addictive.\",\n    \"datePublished\": \"2025-07-23\",\n    \"publisher\": {\n        \"@type\": \"Organization\",\n        \"name\": \"Narconon Europe\",\n        \"url\": \"https:\\\/\\\/www.narcononeurope.dk\"\n    },\n    \"mainEntity\": {\n        \"@type\": \"FAQPage\",\n        \"mainEntity\": [\n            {\n                \"@type\": \"Question\",\n                \"name\": \"What is narcotic used for?\",\n                \"acceptedAnswer\": {\n                    \"@type\": \"Answer\",\n                    \"text\": \"It is used medically for strong pain relief, especially after surgery or injury.\"\n                }\n            },\n            {\n                \"@type\": \"Question\",\n                \"name\": \"Why is narcotic dangerous?\",\n                \"acceptedAnswer\": {\n                    \"@type\": \"Answer\",\n                    \"text\": \"It can slow or stop breathing, cause dependence, and lead to overdose.\"\n                }\n            },\n            {\n                \"@type\": \"Question\",\n                \"name\": \"What does it look like?\",\n                \"acceptedAnswer\": {\n                    \"@type\": \"Answer\",\n                    \"text\": \"Narcotics come as tablets, capsules, patches, or injectable solutions.\"\n                }\n            },\n            {\n                \"@type\": \"Question\",\n                \"name\": \"Can someone take it without knowing?\",\n                \"acceptedAnswer\": {\n                    \"@type\": \"Answer\",\n                    \"text\": \"Yes, especially if mixed into pills or given without clear medical supervision.\"\n                }\n            },\n            {\n                \"@type\": \"Question\",\n                \"name\": \"How can someone avoid narcotics?\",\n                \"acceptedAnswer\": {\n                    \"@type\": \"Answer\",\n                    \"text\": \"Follow medical advice, never share prescriptions, and ask questions about pain medications.\"\n                }\n            }\n        ]\n    }\n}<\/script>\r\n\t\t\t\t<\/div>\n\t\t\t\t<\/div>\n\t\t\t\t\t<\/div>\n\t\t\t\t<\/div>\n\t\t\t\t<\/div>","protected":false},"excerpt":{"rendered":"<p>A narcotic is a substance that dulls pain and causes sleep or deep relaxation. Originally, the term referred to opioids [&hellip;]<\/p>","protected":false},"author":43,"featured_media":0,"parent":5868,"menu_order":0,"comment_status":"closed","ping_status":"closed","template":"","meta":{"_acf_changed":false,"site-sidebar-layout":"default","site-content-layout":"","ast-site-content-layout":"default","site-content-style":"default","site-sidebar-style":"default","ast-global-header-display":"","ast-banner-title-visibility":"","ast-main-header-display":"","ast-hfb-above-header-display":"","ast-hfb-below-header-display":"","ast-hfb-mobile-header-display":"","site-post-title":"","ast-breadcrumbs-content":"","ast-featured-img":"","footer-sml-layout":"","ast-disable-related-posts":"","theme-transparent-header-meta":"","adv-header-id-meta":"","stick-header-meta":"","header-above-stick-meta":"","header-main-stick-meta":"","header-below-stick-meta":"","astra-migrate-meta-layouts":"default","ast-page-background-enabled":"default","ast-page-background-meta":{"desktop":{"background-color":"var(--ast-global-color-5)","background-image":"","background-repeat":"repeat","background-position":"center center","background-size":"auto","background-attachment":"scroll","background-type":"","background-media":"","overlay-type":"","overlay-color":"","overlay-opacity":"","overlay-gradient":""},"tablet":{"background-color":"","background-image":"","background-repeat":"repeat","background-position":"center center","background-size":"auto","background-attachment":"scroll","background-type":"","background-media":"","overlay-type":"","overlay-color":"","overlay-opacity":"","overlay-gradient":""},"mobile":{"background-color":"","background-image":"","background-repeat":"repeat","background-position":"center center","background-size":"auto","background-attachment":"scroll","background-type":"","background-media":"","overlay-type":"","overlay-color":"","overlay-opacity":"","overlay-gradient":""}},"ast-content-background-meta":{"desktop":{"background-color":"var(--ast-global-color-4)","background-image":"","background-repeat":"repeat","background-position":"center center","background-size":"auto","background-attachment":"scroll","background-type":"","background-media":"","overlay-type":"","overlay-color":"","overlay-opacity":"","overlay-gradient":""},"tablet":{"background-color":"var(--ast-global-color-4)","background-image":"","background-repeat":"repeat","background-position":"center center","background-size":"auto","background-attachment":"scroll","background-type":"","background-media":"","overlay-type":"","overlay-color":"","overlay-opacity":"","overlay-gradient":""},"mobile":{"background-color":"var(--ast-global-color-4)","background-image":"","background-repeat":"repeat","background-position":"center center","background-size":"auto","background-attachment":"scroll","background-type":"","background-media":"","overlay-type":"","overlay-color":"","overlay-opacity":"","overlay-gradient":""}},"footnotes":""},"class_list":["post-6274","page","type-page","status-publish","hentry"],"acf":[],"yoast_head":"<!-- This site is optimized with the Yoast SEO Premium plugin v26.6 (Yoast SEO v26.6) - https:\/\/yoast.com\/wordpress\/plugins\/seo\/ -->\n<title>What is Narcotic and How Does it Affect You?<\/title>\n<meta name=\"description\" content=\"Explore what is narcotic and its uses in pain relief. Learn about the risks of addiction and misuse of narcotics.\" \/>\n<meta name=\"robots\" content=\"index, follow, max-snippet:-1, max-image-preview:large, max-video-preview:-1\" \/>\n<link rel=\"canonical\" href=\"https:\/\/www.narconon.online\/es\/glosario\/que-es-un-narcotico\/\" \/>\n<meta property=\"og:locale\" content=\"es_ES\" \/>\n<meta property=\"og:type\" content=\"article\" \/>\n<meta property=\"og:title\" content=\"What is Narcotic?\" \/>\n<meta property=\"og:description\" content=\"Explore what is narcotic and its uses in pain relief. Learn about the risks of addiction and misuse of narcotics.\" \/>\n<meta property=\"og:url\" content=\"https:\/\/www.narconon.online\/es\/glosario\/que-es-un-narcotico\/\" \/>\n<meta property=\"og:site_name\" content=\"Narconon Europe\" \/>\n<meta property=\"article:publisher\" content=\"https:\/\/www.facebook.com\/narcononeu\" \/>\n<meta property=\"article:modified_time\" content=\"2025-07-24T14:23:49+00:00\" \/>\n<meta property=\"og:image\" content=\"https:\/\/www.narconon.online\/wp-content\/uploads\/2025\/07\/freepik__closeup-of-several-prescription-pill-bottles-label__82509.webp\" \/>\n\t<meta property=\"og:image:width\" content=\"1392\" \/>\n\t<meta property=\"og:image:height\" content=\"752\" \/>\n\t<meta property=\"og:image:type\" content=\"image\/webp\" \/>\n<meta name=\"twitter:card\" content=\"summary_large_image\" \/>\n<meta name=\"twitter:site\" content=\"@NARCONONEurope\" \/>\n<meta name=\"twitter:label1\" content=\"Tiempo de lectura\" \/>\n\t<meta name=\"twitter:data1\" content=\"2 minutos\" \/>\n<script type=\"application\/ld+json\" class=\"yoast-schema-graph\">{\"@context\":\"https:\/\/schema.org\",\"@graph\":[{\"@type\":\"WebPage\",\"@id\":\"https:\/\/www.narconon.online\/glossary\/what-is-narcotic\/\",\"url\":\"https:\/\/www.narconon.online\/glossary\/what-is-narcotic\/\",\"name\":\"What is Narcotic and How Does it Affect You?\",\"isPartOf\":{\"@id\":\"https:\/\/www.narconon.online\/#website\"},\"primaryImageOfPage\":{\"@id\":\"https:\/\/www.narconon.online\/glossary\/what-is-narcotic\/#primaryimage\"},\"image\":{\"@id\":\"https:\/\/www.narconon.online\/glossary\/what-is-narcotic\/#primaryimage\"},\"thumbnailUrl\":\"https:\/\/www.narconon.online\/wp-content\/uploads\/2025\/07\/freepik__closeup-of-several-prescription-pill-bottles-label__82509.webp\",\"datePublished\":\"2025-07-23T18:49:43+00:00\",\"dateModified\":\"2025-07-24T14:23:49+00:00\",\"description\":\"Explore what is narcotic and its uses in pain relief. Learn about the risks of addiction and misuse of narcotics.\",\"breadcrumb\":{\"@id\":\"https:\/\/www.narconon.online\/glossary\/what-is-narcotic\/#breadcrumb\"},\"inLanguage\":\"es\",\"potentialAction\":[{\"@type\":\"ReadAction\",\"target\":[\"https:\/\/www.narconon.online\/glossary\/what-is-narcotic\/\"]}]},{\"@type\":\"ImageObject\",\"inLanguage\":\"es\",\"@id\":\"https:\/\/www.narconon.online\/glossary\/what-is-narcotic\/#primaryimage\",\"url\":\"https:\/\/www.narconon.online\/wp-content\/uploads\/2025\/07\/freepik__closeup-of-several-prescription-pill-bottles-label__82509.webp\",\"contentUrl\":\"https:\/\/www.narconon.online\/wp-content\/uploads\/2025\/07\/freepik__closeup-of-several-prescription-pill-bottles-label__82509.webp\"},{\"@type\":\"BreadcrumbList\",\"@id\":\"https:\/\/www.narconon.online\/glossary\/what-is-narcotic\/#breadcrumb\",\"itemListElement\":[{\"@type\":\"ListItem\",\"position\":1,\"name\":\"Home\",\"item\":\"https:\/\/www.narconon.online\/\"},{\"@type\":\"ListItem\",\"position\":2,\"name\":\"Glossary of Drug Terms and Definitions\",\"item\":\"https:\/\/www.narconon.online\/glossary\/\"},{\"@type\":\"ListItem\",\"position\":3,\"name\":\"What is Narcotic?\"}]},{\"@type\":\"WebSite\",\"@id\":\"https:\/\/www.narconon.online\/#website\",\"url\":\"https:\/\/www.narconon.online\/\",\"name\":\"Narconon Europe\",\"description\":\"Drug Free For Good\",\"publisher\":{\"@id\":\"https:\/\/www.narconon.online\/#organization\"},\"potentialAction\":[{\"@type\":\"SearchAction\",\"target\":{\"@type\":\"EntryPoint\",\"urlTemplate\":\"https:\/\/www.narconon.online\/?s={search_term_string}\"},\"query-input\":{\"@type\":\"PropertyValueSpecification\",\"valueRequired\":true,\"valueName\":\"search_term_string\"}}],\"inLanguage\":\"es\"},{\"@type\":\"Organization\",\"@id\":\"https:\/\/www.narconon.online\/#organization\",\"name\":\"Narconon Europe\",\"url\":\"https:\/\/www.narconon.online\/\",\"logo\":{\"@type\":\"ImageObject\",\"inLanguage\":\"es\",\"@id\":\"https:\/\/www.narconon.online\/#\/schema\/logo\/image\/\",\"url\":\"https:\/\/www.narconon.online\/wp-content\/uploads\/2025\/03\/Logo-Narconon-Europe-2.png\",\"contentUrl\":\"https:\/\/www.narconon.online\/wp-content\/uploads\/2025\/03\/Logo-Narconon-Europe-2.png\",\"width\":2000,\"height\":707,\"caption\":\"Narconon Europe\"},\"image\":{\"@id\":\"https:\/\/www.narconon.online\/#\/schema\/logo\/image\/\"},\"sameAs\":[\"https:\/\/www.facebook.com\/narcononeu\",\"https:\/\/x.com\/NARCONONEurope\",\"https:\/\/www.instagram.com\/narconon.europe\/\",\"https:\/\/www.youtube.com\/channel\/UCNUxvhoqZZCAxXCYO4K7MvA\",\"https:\/\/www.tiktok.com\/@narconon.europe\"]}]}<\/script>\n<!-- \/ Yoast SEO Premium plugin. -->","yoast_head_json":{"title":"\u00bfQu\u00e9 es un narc\u00f3tico y c\u00f3mo le afecta?","description":"Explore qu\u00e9 son los narc\u00f3ticos y sus usos para aliviar el dolor. Inf\u00f3rmate sobre los riesgos de adicci\u00f3n y mal uso de los narc\u00f3ticos.","robots":{"index":"index","follow":"follow","max-snippet":"max-snippet:-1","max-image-preview":"max-image-preview:large","max-video-preview":"max-video-preview:-1"},"canonical":"https:\/\/www.narconon.online\/es\/glosario\/que-es-un-narcotico\/","og_locale":"es_ES","og_type":"article","og_title":"What is Narcotic?","og_description":"Explore what is narcotic and its uses in pain relief. Learn about the risks of addiction and misuse of narcotics.","og_url":"https:\/\/www.narconon.online\/es\/glosario\/que-es-un-narcotico\/","og_site_name":"Narconon Europe","article_publisher":"https:\/\/www.facebook.com\/narcononeu","article_modified_time":"2025-07-24T14:23:49+00:00","og_image":[{"width":1392,"height":752,"url":"https:\/\/www.narconon.online\/wp-content\/uploads\/2025\/07\/freepik__closeup-of-several-prescription-pill-bottles-label__82509.webp","type":"image\/webp"}],"twitter_card":"summary_large_image","twitter_site":"@NARCONONEurope","twitter_misc":{"Tiempo de lectura":"2 minutos"},"schema":{"@context":"https:\/\/schema.org","@graph":[{"@type":"WebPage","@id":"https:\/\/www.narconon.online\/glossary\/what-is-narcotic\/","url":"https:\/\/www.narconon.online\/glossary\/what-is-narcotic\/","name":"\u00bfQu\u00e9 es un narc\u00f3tico y c\u00f3mo le afecta?","isPartOf":{"@id":"https:\/\/www.narconon.online\/#website"},"primaryImageOfPage":{"@id":"https:\/\/www.narconon.online\/glossary\/what-is-narcotic\/#primaryimage"},"image":{"@id":"https:\/\/www.narconon.online\/glossary\/what-is-narcotic\/#primaryimage"},"thumbnailUrl":"https:\/\/www.narconon.online\/wp-content\/uploads\/2025\/07\/freepik__closeup-of-several-prescription-pill-bottles-label__82509.webp","datePublished":"2025-07-23T18:49:43+00:00","dateModified":"2025-07-24T14:23:49+00:00","description":"Explore qu\u00e9 son los narc\u00f3ticos y sus usos para aliviar el dolor. Inf\u00f3rmate sobre los riesgos de adicci\u00f3n y mal uso de los narc\u00f3ticos.","breadcrumb":{"@id":"https:\/\/www.narconon.online\/glossary\/what-is-narcotic\/#breadcrumb"},"inLanguage":"es","potentialAction":[{"@type":"ReadAction","target":["https:\/\/www.narconon.online\/glossary\/what-is-narcotic\/"]}]},{"@type":"ImageObject","inLanguage":"es","@id":"https:\/\/www.narconon.online\/glossary\/what-is-narcotic\/#primaryimage","url":"https:\/\/www.narconon.online\/wp-content\/uploads\/2025\/07\/freepik__closeup-of-several-prescription-pill-bottles-label__82509.webp","contentUrl":"https:\/\/www.narconon.online\/wp-content\/uploads\/2025\/07\/freepik__closeup-of-several-prescription-pill-bottles-label__82509.webp"},{"@type":"BreadcrumbList","@id":"https:\/\/www.narconon.online\/glossary\/what-is-narcotic\/#breadcrumb","itemListElement":[{"@type":"ListItem","position":1,"name":"Home","item":"https:\/\/www.narconon.online\/"},{"@type":"ListItem","position":2,"name":"Glossary of Drug Terms and Definitions","item":"https:\/\/www.narconon.online\/glossary\/"},{"@type":"ListItem","position":3,"name":"What is Narcotic?"}]},{"@type":"WebSite","@id":"https:\/\/www.narconon.online\/#website","url":"https:\/\/www.narconon.online\/","name":"Narconon Europa","description":"Libre de drogas para siempre","publisher":{"@id":"https:\/\/www.narconon.online\/#organization"},"potentialAction":[{"@type":"SearchAction","target":{"@type":"EntryPoint","urlTemplate":"https:\/\/www.narconon.online\/?s={search_term_string}"},"query-input":{"@type":"PropertyValueSpecification","valueRequired":true,"valueName":"search_term_string"}}],"inLanguage":"es"},{"@type":"Organization","@id":"https:\/\/www.narconon.online\/#organization","name":"Narconon Europa","url":"https:\/\/www.narconon.online\/","logo":{"@type":"ImageObject","inLanguage":"es","@id":"https:\/\/www.narconon.online\/#\/schema\/logo\/image\/","url":"https:\/\/www.narconon.online\/wp-content\/uploads\/2025\/03\/Logo-Narconon-Europe-2.png","contentUrl":"https:\/\/www.narconon.online\/wp-content\/uploads\/2025\/03\/Logo-Narconon-Europe-2.png","width":2000,"height":707,"caption":"Narconon Europe"},"image":{"@id":"https:\/\/www.narconon.online\/#\/schema\/logo\/image\/"},"sameAs":["https:\/\/www.facebook.com\/narcononeu","https:\/\/x.com\/NARCONONEurope","https:\/\/www.instagram.com\/narconon.europe\/","https:\/\/www.youtube.com\/channel\/UCNUxvhoqZZCAxXCYO4K7MvA","https:\/\/www.tiktok.com\/@narconon.europe"]}]}},"_links":{"self":[{"href":"https:\/\/www.narconon.online\/es\/wp-json\/wp\/v2\/pages\/6274","targetHints":{"allow":["GET"]}}],"collection":[{"href":"https:\/\/www.narconon.online\/es\/wp-json\/wp\/v2\/pages"}],"about":[{"href":"https:\/\/www.narconon.online\/es\/wp-json\/wp\/v2\/types\/page"}],"author":[{"embeddable":true,"href":"https:\/\/www.narconon.online\/es\/wp-json\/wp\/v2\/users\/43"}],"replies":[{"embeddable":true,"href":"https:\/\/www.narconon.online\/es\/wp-json\/wp\/v2\/comments?post=6274"}],"version-history":[{"count":8,"href":"https:\/\/www.narconon.online\/es\/wp-json\/wp\/v2\/pages\/6274\/revisions"}],"predecessor-version":[{"id":6582,"href":"https:\/\/www.narconon.online\/es\/wp-json\/wp\/v2\/pages\/6274\/revisions\/6582"}],"up":[{"embeddable":true,"href":"https:\/\/www.narconon.online\/es\/wp-json\/wp\/v2\/pages\/5868"}],"wp:attachment":[{"href":"https:\/\/www.narconon.online\/es\/wp-json\/wp\/v2\/media?parent=6274"}],"curies":[{"name":"wp","href":"https:\/\/api.w.org\/{rel}","templated":true}]}}