{"id":6086,"date":"2025-07-23T16:09:26","date_gmt":"2025-07-23T14:09:26","guid":{"rendered":"https:\/\/www.narconon.online\/?page_id=6086"},"modified":"2025-07-24T09:33:37","modified_gmt":"2025-07-24T07:33:37","slug":"que-es-el-ghb","status":"publish","type":"page","link":"https:\/\/www.narconon.online\/es\/glosario\/que-es-el-ghb\/","title":{"rendered":"\u00bfQu\u00e9 es el GHB?"},"content":{"rendered":"<div data-elementor-type=\"wp-page\" data-elementor-id=\"6086\" class=\"elementor elementor-6086\" data-elementor-post-type=\"page\">\n\t\t\t\t<div class=\"elementor-element elementor-element-14d08559 e-flex e-con-boxed e-con e-parent\" data-id=\"14d08559\" data-element_type=\"container\" data-e-type=\"container\">\n\t\t\t\t\t<div class=\"e-con-inner\">\n\t\t<div class=\"elementor-element elementor-element-1cae676 e-grid e-con-full e-con e-child\" data-id=\"1cae676\" data-element_type=\"container\" data-e-type=\"container\">\n\t\t\t\t<div class=\"elementor-element elementor-element-ddfcbba elementor-widget elementor-widget-text-editor\" data-id=\"ddfcbba\" data-element_type=\"widget\" data-e-type=\"widget\" data-widget_type=\"text-editor.default\">\n\t\t\t\t<div class=\"elementor-widget-container\">\n\t\t\t\t\t\t\t\t\t<p data-start=\"264\" data-end=\"552\"><strong data-start=\"264\" data-end=\"334\">El GHB (gamma-hidroxibutirato) es un depresor del sistema nervioso central.<\/strong> que pueden producir sentimientos de <strong data-start=\"364\" data-end=\"388\">relajaci\u00f3n, euforia<\/strong>y somnolencia. A veces se utiliza como droga de discoteca y tambi\u00e9n se ha utilizado indebidamente en agresiones facilitadas por drogas debido a su capacidad para alterar la memoria y la conciencia.<\/p>\n<p data-start=\"554\" data-end=\"769\">El GHB suele aparecer como <strong data-start=\"581\" data-end=\"607\">l\u00edquido transparente e inodoro<\/strong> o un <strong data-start=\"613\" data-end=\"629\">polvo blanco<\/strong> que se disuelve en las bebidas. Tiene un <strong data-start=\"668\" data-end=\"692\">sabor salado o jabonoso<\/strong> y puede actuar dentro de <strong data-start=\"712\" data-end=\"732\">De 15 a 30 minutos<\/strong>con efectos que duran varias horas.<\/p>\n<p data-start=\"771\" data-end=\"955\">Incluso peque\u00f1as cantidades de GHB pueden provocar <strong data-start=\"809\" data-end=\"854\">n\u00e1useas, inconsciencia, respiraci\u00f3n lenta<\/strong>o <strong data-start=\"859\" data-end=\"871\">convulsiones<\/strong>. Es <strong data-start=\"879\" data-end=\"926\">extremadamente peligroso cuando se mezcla con alcohol<\/strong>y las sobredosis pueden ser mortales.<\/p>\t\t\t\t\t\t\t\t<\/div>\n\t\t\t\t<\/div>\n\t\t\t\t<div class=\"elementor-element elementor-element-8f955ba elementor-widget elementor-widget-image\" data-id=\"8f955ba\" data-element_type=\"widget\" data-e-type=\"widget\" data-widget_type=\"image.default\">\n\t\t\t\t<div class=\"elementor-widget-container\">\n\t\t\t\t\t\t\t\t\t\t\t\t\t\t\t<img fetchpriority=\"high\" decoding=\"async\" width=\"1392\" height=\"752\" src=\"https:\/\/www.narconon.online\/wp-content\/uploads\/2025\/07\/freepik__a-glass-with-clear-liquid-sitting-unattended-on-a-__41442.webp\" class=\"attachment-full size-full wp-image-6100\" alt=\"Bebida desatendida y vial sin marcar en la mesa de la fiesta simbolizando el riesgo del GHB y el peligro de las drogas\" srcset=\"https:\/\/www.narconon.online\/wp-content\/uploads\/2025\/07\/freepik__a-glass-with-clear-liquid-sitting-unattended-on-a-__41442.webp 1392w, https:\/\/www.narconon.online\/wp-content\/uploads\/2025\/07\/freepik__a-glass-with-clear-liquid-sitting-unattended-on-a-__41442-300x162.webp 300w, https:\/\/www.narconon.online\/wp-content\/uploads\/2025\/07\/freepik__a-glass-with-clear-liquid-sitting-unattended-on-a-__41442-1024x553.webp 1024w, https:\/\/www.narconon.online\/wp-content\/uploads\/2025\/07\/freepik__a-glass-with-clear-liquid-sitting-unattended-on-a-__41442-768x415.webp 768w, https:\/\/www.narconon.online\/wp-content\/uploads\/2025\/07\/freepik__a-glass-with-clear-liquid-sitting-unattended-on-a-__41442-18x10.webp 18w\" sizes=\"(max-width: 1392px) 100vw, 1392px\" \/>\t\t\t\t\t\t\t\t\t\t\t\t\t\t\t<\/div>\n\t\t\t\t<\/div>\n\t\t\t\t<\/div>\n\t\t\t\t\t<\/div>\n\t\t\t\t<\/div>\n\t\t<div class=\"elementor-element elementor-element-064fdba e-flex e-con-boxed e-con e-parent\" data-id=\"064fdba\" data-element_type=\"container\" data-e-type=\"container\">\n\t\t\t\t\t<div class=\"e-con-inner\">\n\t\t<div class=\"elementor-element elementor-element-ecec8f5 e-grid e-con-full e-con e-child\" data-id=\"ecec8f5\" data-element_type=\"container\" data-e-type=\"container\">\n\t\t\t\t<div class=\"elementor-element elementor-element-0f0e55c elementor-widget elementor-widget-text-editor\" data-id=\"0f0e55c\" data-element_type=\"widget\" data-e-type=\"widget\" data-widget_type=\"text-editor.default\">\n\t\t\t\t<div class=\"elementor-widget-container\">\n\t\t\t\t\t\t\t\t\t<h3 id=\"h-related-terms\" class=\"wp-block-heading\">\ud83e\udde0 T\u00e9rminos relacionados<\/h3>\n<ul data-spread=\"false\" data-pm-slice=\"3 3 []\">\n<li><a href=\"https:\/\/www.narconon.online\/es\/glosario\/que-son-los-depresores\/\">Depresor<\/a><\/li>\n<li>\n<p><a href=\"https:\/\/www.narconon.online\/es\/materiales-de-prevencion-para-la-educacion-sobre-drogas\/\">Materiales de educaci\u00f3n y prevenci\u00f3n en materia de drogas<\/a><\/p>\n<\/li>\n<li>\n<p><a href=\"https:\/\/www.narconon.online\/es\/glosario\/\">\u00cdndice del glosario<\/a><\/p>\n<\/li>\n<\/ul>\t\t\t\t\t\t\t\t<\/div>\n\t\t\t\t<\/div>\n\t\t\t\t<div class=\"elementor-element elementor-element-03e5102 elementor-widget elementor-widget-text-editor\" data-id=\"03e5102\" data-element_type=\"widget\" data-e-type=\"widget\" data-widget_type=\"text-editor.default\">\n\t\t\t\t<div class=\"elementor-widget-container\">\n\t\t\t\t\t\t\t\t\t<p id=\"h-related-terms\" class=\"wp-block-heading\">\ud83d\udc49 M\u00e1s informaci\u00f3n sobre prevenci\u00f3n:<br \/><a class=\"\" href=\"https:\/\/www.narcononeurope.dk\/en\/drug-abuse\/\" target=\"_blank\" rel=\"noopener\">Narconon Europa - Ayuda contra el abuso de drogas<\/a><\/p>\n<p><!-- \/wp:list-item --><\/p>\n<p><!-- \/wp:list --><!-- wp:paragraph --><\/p>\n<p>\ud83d\udc49 Para m\u00e1s contenidos educativos, consulte nuestra <a class=\"\" href=\"https:\/\/www.narconon.online\/es\/materiales-de-prevencion-para-la-educacion-sobre-drogas\/\">Materiales de educaci\u00f3n y prevenci\u00f3n en materia de drogas<\/a><\/p>\t\t\t\t\t\t\t\t<\/div>\n\t\t\t\t<\/div>\n\t\t\t\t<\/div>\n\t\t\t\t<div class=\"elementor-element elementor-element-1497776 elementor-widget elementor-widget-heading\" data-id=\"1497776\" data-element_type=\"widget\" data-e-type=\"widget\" data-widget_type=\"heading.default\">\n\t\t\t\t<div class=\"elementor-widget-container\">\n\t\t\t\t\t<h2 class=\"elementor-heading-title elementor-size-default\">Preguntas frecuentes sobre el GHB<\/h2>\t\t\t\t<\/div>\n\t\t\t\t<\/div>\n\t\t\t\t<div class=\"elementor-element elementor-element-a24ee80 elementor-widget elementor-widget-text-editor\" data-id=\"a24ee80\" data-element_type=\"widget\" data-e-type=\"widget\" data-widget_type=\"text-editor.default\">\n\t\t\t\t<div class=\"elementor-widget-container\">\n\t\t\t\t\t\t\t\t\t<p data-start=\"1226\" data-end=\"1359\"><strong data-start=\"1226\" data-end=\"1254\">1. \u00bfPara qu\u00e9 se utiliza el GHB?<\/strong><br data-start=\"1254\" data-end=\"1257\" \/>Tiene un uso m\u00e9dico limitado para la narcolepsia, pero se consume sobre todo por sus efectos sedantes y euforizantes.<\/p>\n<p data-start=\"1361\" data-end=\"1481\"><strong data-start=\"1361\" data-end=\"1389\">2. \u00bfPor qu\u00e9 es peligroso el GHB?<\/strong><br data-start=\"1389\" data-end=\"1392\" \/>Puede provocar desmayos, insuficiencia respiratoria o la muerte, sobre todo si se mezcla con alcohol.<\/p>\n<p data-start=\"1483\" data-end=\"1616\"><strong data-start=\"1483\" data-end=\"1513\">3. 3. \u00bfQu\u00e9 aspecto tiene?<\/strong><br data-start=\"1513\" data-end=\"1516\" \/>Suele ser un l\u00edquido incoloro que se presenta en peque\u00f1os frascos o viales, o en forma de polvo blanco que se disuelve en las bebidas.<\/p>\n<p data-start=\"1618\" data-end=\"1742\"><strong data-start=\"1618\" data-end=\"1661\">4. \u00bfPuede alguien tomarlo sin saberlo?<\/strong><br data-start=\"1661\" data-end=\"1664\" \/>S\u00ed, a menudo se introduce en las bebidas porque es ins\u00edpido y act\u00faa r\u00e1pidamente.<\/p>\n<p data-start=\"1744\" data-end=\"1875\"><strong data-start=\"1744\" data-end=\"1777\">5. \u00bfC\u00f3mo se puede evitar el GHB?<\/strong><br data-start=\"1777\" data-end=\"1780\" \/>No deje nunca las bebidas sin vigilancia, no acepte bebidas abiertas y sea prudente en los ambientes de fiesta.<\/p>\t\t\t\t\t\t\t\t<\/div>\n\t\t\t\t<\/div>\n\t\t\t\t<div class=\"elementor-element elementor-element-3c88435 elementor-widget elementor-widget-html\" data-id=\"3c88435\" data-element_type=\"widget\" data-e-type=\"widget\" data-widget_type=\"html.default\">\n\t\t\t\t<div class=\"elementor-widget-container\">\n\t\t\t\t\t<script type=\"application\/ld+json\">{\n    \"@context\": \"https:\\\/\\\/schema.org\",\n    \"@type\": \"WebPage\",\n    \"name\": \"What is GHB?\",\n    \"url\": \"https:\\\/\\\/www.narconon.online\\\/glossary\\\/what-is-ghb\\\/\",\n    \"description\": \"GHB is a clear, sedative drug misused in nightlife and assaults. Learn how it works, its dangers, and how to protect yourself.\",\n    \"datePublished\": \"2025-07-23\",\n    \"publisher\": {\n        \"@type\": \"Organization\",\n        \"name\": \"Narconon Europe\",\n        \"url\": \"https:\\\/\\\/www.narcononeurope.dk\"\n    },\n    \"mainEntity\": {\n        \"@type\": \"FAQPage\",\n        \"mainEntity\": [\n            {\n                \"@type\": \"Question\",\n                \"name\": \"What is GHB used for?\",\n                \"acceptedAnswer\": {\n                    \"@type\": \"Answer\",\n                    \"text\": \"It has limited medical use for narcolepsy but is mostly misused for its sedative and euphoric effects.\"\n                }\n            },\n            {\n                \"@type\": \"Question\",\n                \"name\": \"Why is GHB dangerous?\",\n                \"acceptedAnswer\": {\n                    \"@type\": \"Answer\",\n                    \"text\": \"It can cause blackouts, respiratory failure, or death\\u2014especially when mixed with alcohol.\"\n                }\n            },\n            {\n                \"@type\": \"Question\",\n                \"name\": \"What does it look like?\",\n                \"acceptedAnswer\": {\n                    \"@type\": \"Answer\",\n                    \"text\": \"Usually a colorless liquid in small bottles or vials, or as a white powder that dissolves in drinks.\"\n                }\n            },\n            {\n                \"@type\": \"Question\",\n                \"name\": \"Can someone take it without knowing?\",\n                \"acceptedAnswer\": {\n                    \"@type\": \"Answer\",\n                    \"text\": \"Yes, it is often slipped into drinks because it is tasteless and acts quickly.\"\n                }\n            },\n            {\n                \"@type\": \"Question\",\n                \"name\": \"How can someone avoid GHB?\",\n                \"acceptedAnswer\": {\n                    \"@type\": \"Answer\",\n                    \"text\": \"Never leave drinks unattended, don\\u2019t accept open drinks, and be cautious in party environments.\"\n                }\n            }\n        ]\n    }\n}<\/script>\r\n\t\t\t\t<\/div>\n\t\t\t\t<\/div>\n\t\t\t\t\t<\/div>\n\t\t\t\t<\/div>\n\t\t\t\t<\/div>","protected":false},"excerpt":{"rendered":"<p>GHB (gamma-hydroxybutyrate) is a central nervous system depressant that can produce feelings of relaxation, euphoria, and drowsiness. It is sometimes [&hellip;]<\/p>","protected":false},"author":43,"featured_media":0,"parent":5868,"menu_order":0,"comment_status":"closed","ping_status":"closed","template":"","meta":{"_acf_changed":false,"site-sidebar-layout":"default","site-content-layout":"","ast-site-content-layout":"default","site-content-style":"default","site-sidebar-style":"default","ast-global-header-display":"","ast-banner-title-visibility":"","ast-main-header-display":"","ast-hfb-above-header-display":"","ast-hfb-below-header-display":"","ast-hfb-mobile-header-display":"","site-post-title":"","ast-breadcrumbs-content":"","ast-featured-img":"","footer-sml-layout":"","ast-disable-related-posts":"","theme-transparent-header-meta":"","adv-header-id-meta":"","stick-header-meta":"","header-above-stick-meta":"","header-main-stick-meta":"","header-below-stick-meta":"","astra-migrate-meta-layouts":"default","ast-page-background-enabled":"default","ast-page-background-meta":{"desktop":{"background-color":"var(--ast-global-color-5)","background-image":"","background-repeat":"repeat","background-position":"center center","background-size":"auto","background-attachment":"scroll","background-type":"","background-media":"","overlay-type":"","overlay-color":"","overlay-opacity":"","overlay-gradient":""},"tablet":{"background-color":"","background-image":"","background-repeat":"repeat","background-position":"center center","background-size":"auto","background-attachment":"scroll","background-type":"","background-media":"","overlay-type":"","overlay-color":"","overlay-opacity":"","overlay-gradient":""},"mobile":{"background-color":"","background-image":"","background-repeat":"repeat","background-position":"center center","background-size":"auto","background-attachment":"scroll","background-type":"","background-media":"","overlay-type":"","overlay-color":"","overlay-opacity":"","overlay-gradient":""}},"ast-content-background-meta":{"desktop":{"background-color":"var(--ast-global-color-4)","background-image":"","background-repeat":"repeat","background-position":"center center","background-size":"auto","background-attachment":"scroll","background-type":"","background-media":"","overlay-type":"","overlay-color":"","overlay-opacity":"","overlay-gradient":""},"tablet":{"background-color":"var(--ast-global-color-4)","background-image":"","background-repeat":"repeat","background-position":"center center","background-size":"auto","background-attachment":"scroll","background-type":"","background-media":"","overlay-type":"","overlay-color":"","overlay-opacity":"","overlay-gradient":""},"mobile":{"background-color":"var(--ast-global-color-4)","background-image":"","background-repeat":"repeat","background-position":"center center","background-size":"auto","background-attachment":"scroll","background-type":"","background-media":"","overlay-type":"","overlay-color":"","overlay-opacity":"","overlay-gradient":""}},"footnotes":""},"class_list":["post-6086","page","type-page","status-publish","hentry"],"acf":[],"yoast_head":"<!-- This site is optimized with the Yoast SEO Premium plugin v26.6 (Yoast SEO v26.6) - https:\/\/yoast.com\/wordpress\/plugins\/seo\/ -->\n<title>What is GHB and Its Potential Dangers<\/title>\n<meta name=\"description\" content=\"Learn what GHB is and its effects as a depressant, including risks and potential for misuse in recreational settings.\" \/>\n<meta name=\"robots\" content=\"index, follow, max-snippet:-1, max-image-preview:large, max-video-preview:-1\" \/>\n<link rel=\"canonical\" href=\"https:\/\/www.narconon.online\/es\/glosario\/que-es-el-ghb\/\" \/>\n<meta property=\"og:locale\" content=\"es_ES\" \/>\n<meta property=\"og:type\" content=\"article\" \/>\n<meta property=\"og:title\" content=\"What is GHB?\" \/>\n<meta property=\"og:description\" content=\"Learn what GHB is and its effects as a depressant, including risks and potential for misuse in recreational settings.\" \/>\n<meta property=\"og:url\" content=\"https:\/\/www.narconon.online\/es\/glosario\/que-es-el-ghb\/\" \/>\n<meta property=\"og:site_name\" content=\"Narconon Europe\" \/>\n<meta property=\"article:publisher\" content=\"https:\/\/www.facebook.com\/narcononeu\" \/>\n<meta property=\"article:modified_time\" content=\"2025-07-24T07:33:37+00:00\" \/>\n<meta property=\"og:image\" content=\"https:\/\/www.narconon.online\/wp-content\/uploads\/2025\/07\/freepik__a-glass-with-clear-liquid-sitting-unattended-on-a-__41442.webp\" \/>\n\t<meta property=\"og:image:width\" content=\"1392\" \/>\n\t<meta property=\"og:image:height\" content=\"752\" \/>\n\t<meta property=\"og:image:type\" content=\"image\/webp\" \/>\n<meta name=\"twitter:card\" content=\"summary_large_image\" \/>\n<meta name=\"twitter:site\" content=\"@NARCONONEurope\" \/>\n<meta name=\"twitter:label1\" content=\"Tiempo de lectura\" \/>\n\t<meta name=\"twitter:data1\" content=\"2 minutos\" \/>\n<script type=\"application\/ld+json\" class=\"yoast-schema-graph\">{\"@context\":\"https:\/\/schema.org\",\"@graph\":[{\"@type\":\"WebPage\",\"@id\":\"https:\/\/www.narconon.online\/glossary\/what-is-ghb\/\",\"url\":\"https:\/\/www.narconon.online\/glossary\/what-is-ghb\/\",\"name\":\"What is GHB and Its Potential Dangers\",\"isPartOf\":{\"@id\":\"https:\/\/www.narconon.online\/#website\"},\"primaryImageOfPage\":{\"@id\":\"https:\/\/www.narconon.online\/glossary\/what-is-ghb\/#primaryimage\"},\"image\":{\"@id\":\"https:\/\/www.narconon.online\/glossary\/what-is-ghb\/#primaryimage\"},\"thumbnailUrl\":\"https:\/\/www.narconon.online\/wp-content\/uploads\/2025\/07\/freepik__a-glass-with-clear-liquid-sitting-unattended-on-a-__41442.webp\",\"datePublished\":\"2025-07-23T14:09:26+00:00\",\"dateModified\":\"2025-07-24T07:33:37+00:00\",\"description\":\"Learn what GHB is and its effects as a depressant, including risks and potential for misuse in recreational settings.\",\"breadcrumb\":{\"@id\":\"https:\/\/www.narconon.online\/glossary\/what-is-ghb\/#breadcrumb\"},\"inLanguage\":\"es\",\"potentialAction\":[{\"@type\":\"ReadAction\",\"target\":[\"https:\/\/www.narconon.online\/glossary\/what-is-ghb\/\"]}]},{\"@type\":\"ImageObject\",\"inLanguage\":\"es\",\"@id\":\"https:\/\/www.narconon.online\/glossary\/what-is-ghb\/#primaryimage\",\"url\":\"https:\/\/www.narconon.online\/wp-content\/uploads\/2025\/07\/freepik__a-glass-with-clear-liquid-sitting-unattended-on-a-__41442.webp\",\"contentUrl\":\"https:\/\/www.narconon.online\/wp-content\/uploads\/2025\/07\/freepik__a-glass-with-clear-liquid-sitting-unattended-on-a-__41442.webp\"},{\"@type\":\"BreadcrumbList\",\"@id\":\"https:\/\/www.narconon.online\/glossary\/what-is-ghb\/#breadcrumb\",\"itemListElement\":[{\"@type\":\"ListItem\",\"position\":1,\"name\":\"Home\",\"item\":\"https:\/\/www.narconon.online\/\"},{\"@type\":\"ListItem\",\"position\":2,\"name\":\"Glossary of Drug Terms and Definitions\",\"item\":\"https:\/\/www.narconon.online\/glossary\/\"},{\"@type\":\"ListItem\",\"position\":3,\"name\":\"What is GHB?\"}]},{\"@type\":\"WebSite\",\"@id\":\"https:\/\/www.narconon.online\/#website\",\"url\":\"https:\/\/www.narconon.online\/\",\"name\":\"Narconon Europe\",\"description\":\"Drug Free For Good\",\"publisher\":{\"@id\":\"https:\/\/www.narconon.online\/#organization\"},\"potentialAction\":[{\"@type\":\"SearchAction\",\"target\":{\"@type\":\"EntryPoint\",\"urlTemplate\":\"https:\/\/www.narconon.online\/?s={search_term_string}\"},\"query-input\":{\"@type\":\"PropertyValueSpecification\",\"valueRequired\":true,\"valueName\":\"search_term_string\"}}],\"inLanguage\":\"es\"},{\"@type\":\"Organization\",\"@id\":\"https:\/\/www.narconon.online\/#organization\",\"name\":\"Narconon Europe\",\"url\":\"https:\/\/www.narconon.online\/\",\"logo\":{\"@type\":\"ImageObject\",\"inLanguage\":\"es\",\"@id\":\"https:\/\/www.narconon.online\/#\/schema\/logo\/image\/\",\"url\":\"https:\/\/www.narconon.online\/wp-content\/uploads\/2025\/03\/Logo-Narconon-Europe-2.png\",\"contentUrl\":\"https:\/\/www.narconon.online\/wp-content\/uploads\/2025\/03\/Logo-Narconon-Europe-2.png\",\"width\":2000,\"height\":707,\"caption\":\"Narconon Europe\"},\"image\":{\"@id\":\"https:\/\/www.narconon.online\/#\/schema\/logo\/image\/\"},\"sameAs\":[\"https:\/\/www.facebook.com\/narcononeu\",\"https:\/\/x.com\/NARCONONEurope\",\"https:\/\/www.instagram.com\/narconon.europe\/\",\"https:\/\/www.youtube.com\/channel\/UCNUxvhoqZZCAxXCYO4K7MvA\",\"https:\/\/www.tiktok.com\/@narconon.europe\"]}]}<\/script>\n<!-- \/ Yoast SEO Premium plugin. -->","yoast_head_json":{"title":"Qu\u00e9 es el GHB y sus posibles peligros","description":"Aprenda qu\u00e9 es el GHB y sus efectos como depresor, incluidos los riesgos y el potencial de uso indebido en entornos recreativos.","robots":{"index":"index","follow":"follow","max-snippet":"max-snippet:-1","max-image-preview":"max-image-preview:large","max-video-preview":"max-video-preview:-1"},"canonical":"https:\/\/www.narconon.online\/es\/glosario\/que-es-el-ghb\/","og_locale":"es_ES","og_type":"article","og_title":"What is GHB?","og_description":"Learn what GHB is and its effects as a depressant, including risks and potential for misuse in recreational settings.","og_url":"https:\/\/www.narconon.online\/es\/glosario\/que-es-el-ghb\/","og_site_name":"Narconon Europe","article_publisher":"https:\/\/www.facebook.com\/narcononeu","article_modified_time":"2025-07-24T07:33:37+00:00","og_image":[{"width":1392,"height":752,"url":"https:\/\/www.narconon.online\/wp-content\/uploads\/2025\/07\/freepik__a-glass-with-clear-liquid-sitting-unattended-on-a-__41442.webp","type":"image\/webp"}],"twitter_card":"summary_large_image","twitter_site":"@NARCONONEurope","twitter_misc":{"Tiempo de lectura":"2 minutos"},"schema":{"@context":"https:\/\/schema.org","@graph":[{"@type":"WebPage","@id":"https:\/\/www.narconon.online\/glossary\/what-is-ghb\/","url":"https:\/\/www.narconon.online\/glossary\/what-is-ghb\/","name":"Qu\u00e9 es el GHB y sus posibles peligros","isPartOf":{"@id":"https:\/\/www.narconon.online\/#website"},"primaryImageOfPage":{"@id":"https:\/\/www.narconon.online\/glossary\/what-is-ghb\/#primaryimage"},"image":{"@id":"https:\/\/www.narconon.online\/glossary\/what-is-ghb\/#primaryimage"},"thumbnailUrl":"https:\/\/www.narconon.online\/wp-content\/uploads\/2025\/07\/freepik__a-glass-with-clear-liquid-sitting-unattended-on-a-__41442.webp","datePublished":"2025-07-23T14:09:26+00:00","dateModified":"2025-07-24T07:33:37+00:00","description":"Aprenda qu\u00e9 es el GHB y sus efectos como depresor, incluidos los riesgos y el potencial de uso indebido en entornos recreativos.","breadcrumb":{"@id":"https:\/\/www.narconon.online\/glossary\/what-is-ghb\/#breadcrumb"},"inLanguage":"es","potentialAction":[{"@type":"ReadAction","target":["https:\/\/www.narconon.online\/glossary\/what-is-ghb\/"]}]},{"@type":"ImageObject","inLanguage":"es","@id":"https:\/\/www.narconon.online\/glossary\/what-is-ghb\/#primaryimage","url":"https:\/\/www.narconon.online\/wp-content\/uploads\/2025\/07\/freepik__a-glass-with-clear-liquid-sitting-unattended-on-a-__41442.webp","contentUrl":"https:\/\/www.narconon.online\/wp-content\/uploads\/2025\/07\/freepik__a-glass-with-clear-liquid-sitting-unattended-on-a-__41442.webp"},{"@type":"BreadcrumbList","@id":"https:\/\/www.narconon.online\/glossary\/what-is-ghb\/#breadcrumb","itemListElement":[{"@type":"ListItem","position":1,"name":"Home","item":"https:\/\/www.narconon.online\/"},{"@type":"ListItem","position":2,"name":"Glossary of Drug Terms and Definitions","item":"https:\/\/www.narconon.online\/glossary\/"},{"@type":"ListItem","position":3,"name":"What is GHB?"}]},{"@type":"WebSite","@id":"https:\/\/www.narconon.online\/#website","url":"https:\/\/www.narconon.online\/","name":"Narconon Europa","description":"Libre de drogas para siempre","publisher":{"@id":"https:\/\/www.narconon.online\/#organization"},"potentialAction":[{"@type":"SearchAction","target":{"@type":"EntryPoint","urlTemplate":"https:\/\/www.narconon.online\/?s={search_term_string}"},"query-input":{"@type":"PropertyValueSpecification","valueRequired":true,"valueName":"search_term_string"}}],"inLanguage":"es"},{"@type":"Organization","@id":"https:\/\/www.narconon.online\/#organization","name":"Narconon Europa","url":"https:\/\/www.narconon.online\/","logo":{"@type":"ImageObject","inLanguage":"es","@id":"https:\/\/www.narconon.online\/#\/schema\/logo\/image\/","url":"https:\/\/www.narconon.online\/wp-content\/uploads\/2025\/03\/Logo-Narconon-Europe-2.png","contentUrl":"https:\/\/www.narconon.online\/wp-content\/uploads\/2025\/03\/Logo-Narconon-Europe-2.png","width":2000,"height":707,"caption":"Narconon Europe"},"image":{"@id":"https:\/\/www.narconon.online\/#\/schema\/logo\/image\/"},"sameAs":["https:\/\/www.facebook.com\/narcononeu","https:\/\/x.com\/NARCONONEurope","https:\/\/www.instagram.com\/narconon.europe\/","https:\/\/www.youtube.com\/channel\/UCNUxvhoqZZCAxXCYO4K7MvA","https:\/\/www.tiktok.com\/@narconon.europe"]}]}},"_links":{"self":[{"href":"https:\/\/www.narconon.online\/es\/wp-json\/wp\/v2\/pages\/6086","targetHints":{"allow":["GET"]}}],"collection":[{"href":"https:\/\/www.narconon.online\/es\/wp-json\/wp\/v2\/pages"}],"about":[{"href":"https:\/\/www.narconon.online\/es\/wp-json\/wp\/v2\/types\/page"}],"author":[{"embeddable":true,"href":"https:\/\/www.narconon.online\/es\/wp-json\/wp\/v2\/users\/43"}],"replies":[{"embeddable":true,"href":"https:\/\/www.narconon.online\/es\/wp-json\/wp\/v2\/comments?post=6086"}],"version-history":[{"count":17,"href":"https:\/\/www.narconon.online\/es\/wp-json\/wp\/v2\/pages\/6086\/revisions"}],"predecessor-version":[{"id":6451,"href":"https:\/\/www.narconon.online\/es\/wp-json\/wp\/v2\/pages\/6086\/revisions\/6451"}],"up":[{"embeddable":true,"href":"https:\/\/www.narconon.online\/es\/wp-json\/wp\/v2\/pages\/5868"}],"wp:attachment":[{"href":"https:\/\/www.narconon.online\/es\/wp-json\/wp\/v2\/media?parent=6086"}],"curies":[{"name":"wp","href":"https:\/\/api.w.org\/{rel}","templated":true}]}}