{"id":5999,"date":"2025-07-23T13:48:08","date_gmt":"2025-07-23T11:48:08","guid":{"rendered":"https:\/\/www.narconon.online\/?page_id=5999"},"modified":"2025-07-24T16:20:47","modified_gmt":"2025-07-24T14:20:47","slug":"que-es-la-marihuana","status":"publish","type":"page","link":"https:\/\/www.narconon.online\/es\/glosario\/que-es-la-marihuana\/","title":{"rendered":"\u00bfQu\u00e9 es la marihuana?"},"content":{"rendered":"<div data-elementor-type=\"wp-page\" data-elementor-id=\"5999\" class=\"elementor elementor-5999\" data-elementor-post-type=\"page\">\n\t\t\t\t<div class=\"elementor-element elementor-element-14d08559 e-flex e-con-boxed e-con e-parent\" data-id=\"14d08559\" data-element_type=\"container\" data-e-type=\"container\">\n\t\t\t\t\t<div class=\"e-con-inner\">\n\t\t<div class=\"elementor-element elementor-element-1cae676 e-grid e-con-full e-con e-child\" data-id=\"1cae676\" data-element_type=\"container\" data-e-type=\"container\">\n\t\t\t\t<div class=\"elementor-element elementor-element-ddfcbba elementor-widget elementor-widget-text-editor\" data-id=\"ddfcbba\" data-element_type=\"widget\" data-e-type=\"widget\" data-widget_type=\"text-editor.default\">\n\t\t\t\t<div class=\"elementor-widget-container\">\n\t\t\t\t\t\t\t\t\t<p data-start=\"345\" data-end=\"543\">La marihuana es un <strong data-start=\"360\" data-end=\"381\">droga psicoactiva<\/strong> elaborado a partir de las flores y hojas secas de la planta de cannabis. Contiene <strong data-start=\"456\" data-end=\"486\">THC (tetrahidrocannabinol)<\/strong>la sustancia qu\u00edmica responsable de sus efectos alteradores de la mente.<\/p>\n<p data-start=\"545\" data-end=\"746\">Suele ser <strong data-start=\"559\" data-end=\"588\">fumado en porros o pipas<\/strong>pero tambi\u00e9n puede consumirse en <strong data-start=\"618\" data-end=\"650\">comestibles, aceites o vaporizadores<\/strong>. La marihuana causa <strong data-start=\"669\" data-end=\"745\">relajaci\u00f3n, alteraci\u00f3n de los sentidos, aumento del apetito y ralentizaci\u00f3n del tiempo de reacci\u00f3n<\/strong>.<\/p>\n<p data-start=\"748\" data-end=\"971\">Aunque algunos pa\u00edses la han legalizado para uso m\u00e9dico o recreativo, el consumo de marihuana puede afectar a la memoria, la coordinaci\u00f3n y el juicio. El consumo habitual por parte de adolescentes se ha relacionado con problemas de aprendizaje y menor motivaci\u00f3n.<\/p>\t\t\t\t\t\t\t\t<\/div>\n\t\t\t\t<\/div>\n\t\t\t\t<div class=\"elementor-element elementor-element-8f955ba elementor-widget elementor-widget-image\" data-id=\"8f955ba\" data-element_type=\"widget\" data-e-type=\"widget\" data-widget_type=\"image.default\">\n\t\t\t\t<div class=\"elementor-widget-container\">\n\t\t\t\t\t\t\t\t\t\t\t\t\t\t\t<img fetchpriority=\"high\" decoding=\"async\" width=\"1392\" height=\"752\" src=\"https:\/\/www.narconon.online\/wp-content\/uploads\/2025\/07\/freepik__a-clean-tabletop-with-dried-cannabis-buds-a-rolled__82275.webp\" class=\"attachment-full size-full wp-image-6001\" alt=\"Marihuana en forma de cogollos verdes secos y porro enrollado sobre fondo blanco\" srcset=\"https:\/\/www.narconon.online\/wp-content\/uploads\/2025\/07\/freepik__a-clean-tabletop-with-dried-cannabis-buds-a-rolled__82275.webp 1392w, https:\/\/www.narconon.online\/wp-content\/uploads\/2025\/07\/freepik__a-clean-tabletop-with-dried-cannabis-buds-a-rolled__82275-300x162.webp 300w, https:\/\/www.narconon.online\/wp-content\/uploads\/2025\/07\/freepik__a-clean-tabletop-with-dried-cannabis-buds-a-rolled__82275-1024x553.webp 1024w, https:\/\/www.narconon.online\/wp-content\/uploads\/2025\/07\/freepik__a-clean-tabletop-with-dried-cannabis-buds-a-rolled__82275-768x415.webp 768w, https:\/\/www.narconon.online\/wp-content\/uploads\/2025\/07\/freepik__a-clean-tabletop-with-dried-cannabis-buds-a-rolled__82275-18x10.webp 18w\" sizes=\"(max-width: 1392px) 100vw, 1392px\" \/>\t\t\t\t\t\t\t\t\t\t\t\t\t\t\t<\/div>\n\t\t\t\t<\/div>\n\t\t\t\t<\/div>\n\t\t\t\t\t<\/div>\n\t\t\t\t<\/div>\n\t\t<div class=\"elementor-element elementor-element-064fdba e-flex e-con-boxed e-con e-parent\" data-id=\"064fdba\" data-element_type=\"container\" data-e-type=\"container\">\n\t\t\t\t\t<div class=\"e-con-inner\">\n\t\t<div class=\"elementor-element elementor-element-ecec8f5 e-grid e-con-full e-con e-child\" data-id=\"ecec8f5\" data-element_type=\"container\" data-e-type=\"container\">\n\t\t\t\t<div class=\"elementor-element elementor-element-0f0e55c elementor-widget elementor-widget-text-editor\" data-id=\"0f0e55c\" data-element_type=\"widget\" data-e-type=\"widget\" data-widget_type=\"text-editor.default\">\n\t\t\t\t<div class=\"elementor-widget-container\">\n\t\t\t\t\t\t\t\t\t<h3 id=\"h-related-terms\" class=\"wp-block-heading\">\ud83e\udde0 T\u00e9rminos relacionados<\/h3>\n<ul>\n<li data-start=\"1000\" data-end=\"1025\">\n<p data-start=\"1002\" data-end=\"1025\"><a class=\"cursor-pointer\" href=\"https:\/\/www.narconon.online\/es\/glosario\/que-es-la-articulacion\/\" rel=\"noopener\" data-start=\"1002\" data-end=\"1023\">Articulaciones<\/a><\/p>\n<\/li>\n<li data-start=\"1026\" data-end=\"1063\">\n<p data-start=\"1028\" data-end=\"1063\"><a class=\"cursor-pointer\" href=\"https:\/\/www.narconon.online\/es\/glosario\/que-son-los-cannabinoides\/\" rel=\"noopener\" data-start=\"1028\" data-end=\"1061\">Cannabinoides<\/a><\/p>\n<\/li>\n<li data-start=\"1147\" data-end=\"1177\">\n<p data-start=\"1149\" data-end=\"1177\"><a class=\"\" href=\"\/es\/glosario\/\" rel=\"noopener\" data-start=\"1149\" data-end=\"1177\">\u00cdndice del glosario<\/a><\/p>\n<\/li>\n<\/ul>\t\t\t\t\t\t\t\t<\/div>\n\t\t\t\t<\/div>\n\t\t\t\t<div class=\"elementor-element elementor-element-03e5102 elementor-widget elementor-widget-text-editor\" data-id=\"03e5102\" data-element_type=\"widget\" data-e-type=\"widget\" data-widget_type=\"text-editor.default\">\n\t\t\t\t<div class=\"elementor-widget-container\">\n\t\t\t\t\t\t\t\t\t<p id=\"h-related-terms\" class=\"wp-block-heading\">\ud83d\udc49 M\u00e1s informaci\u00f3n sobre prevenci\u00f3n:<br \/><a class=\"\" href=\"https:\/\/www.narcononeurope.dk\/en\/drug-abuse\/\" target=\"_blank\" rel=\"noopener\">Narconon Europa - Ayuda contra el abuso de drogas<\/a><\/p>\n<p><!-- \/wp:list-item --><\/p>\n<p><!-- \/wp:list --><!-- wp:paragraph --><\/p>\n<p>\ud83d\udc49 Para m\u00e1s contenidos educativos, consulte nuestra <a class=\"\" href=\"https:\/\/www.narconon.online\/es\/materiales-de-prevencion-para-la-educacion-sobre-drogas\/\">Materiales de educaci\u00f3n y prevenci\u00f3n en materia de drogas<\/a><\/p>\t\t\t\t\t\t\t\t<\/div>\n\t\t\t\t<\/div>\n\t\t\t\t<\/div>\n\t\t\t\t<div class=\"elementor-element elementor-element-1497776 elementor-widget elementor-widget-heading\" data-id=\"1497776\" data-element_type=\"widget\" data-e-type=\"widget\" data-widget_type=\"heading.default\">\n\t\t\t\t<div class=\"elementor-widget-container\">\n\t\t\t\t\t<h2 class=\"elementor-heading-title elementor-size-default\">\u2753Preguntas frecuentes sobre la marihuana<\/h2>\t\t\t\t<\/div>\n\t\t\t\t<\/div>\n\t\t\t\t<div class=\"elementor-element elementor-element-a24ee80 elementor-widget elementor-widget-text-editor\" data-id=\"a24ee80\" data-element_type=\"widget\" data-e-type=\"widget\" data-widget_type=\"text-editor.default\">\n\t\t\t\t<div class=\"elementor-widget-container\">\n\t\t\t\t\t\t\t\t\t<p data-start=\"1333\" data-end=\"1478\"><strong data-start=\"1333\" data-end=\"1367\">1. \u00bfPara qu\u00e9 se utiliza la marihuana?<\/strong><br data-start=\"1367\" data-end=\"1370\" \/>Algunos la utilizan con fines m\u00e9dicos, pero sobre todo se usa con fines recreativos por sus efectos relajantes y euf\u00f3ricos.<\/p>\n<p data-start=\"1480\" data-end=\"1588\"><strong data-start=\"1480\" data-end=\"1514\">2. \u00bfPor qu\u00e9 puede ser peligrosa la marihuana?<\/strong><br data-start=\"1514\" data-end=\"1517\" \/>Afecta a la memoria, la atenci\u00f3n y la motivaci\u00f3n, especialmente en consumidores j\u00f3venes.<\/p>\n<p data-start=\"1590\" data-end=\"1715\"><strong data-start=\"1590\" data-end=\"1627\">3. \u00bfQu\u00e9 aspecto tiene la marihuana?<\/strong><br data-start=\"1627\" data-end=\"1630\" \/>Flores o capullos secos de color verdoso, a menudo enrollados en cigarrillos o guardados en bolsitas.<\/p>\n<p data-start=\"1717\" data-end=\"1834\"><strong data-start=\"1717\" data-end=\"1751\">4. \u00bfPuede la marihuana crear adicci\u00f3n?<\/strong><br data-start=\"1751\" data-end=\"1754\" \/>S\u00ed. Los consumidores habituales pueden desarrollar dependencia y s\u00edntomas de abstinencia al dejar de consumirla.<\/p>\n<p data-start=\"1836\" data-end=\"1968\"><strong data-start=\"1836\" data-end=\"1875\">5. \u00bfC\u00f3mo se puede evitar la marihuana?<\/strong><br data-start=\"1875\" data-end=\"1878\" \/>Di no a la presi\u00f3n de grupo, evita las fiestas en las que es habitual y conoce los efectos a largo plazo.<\/p>\t\t\t\t\t\t\t\t<\/div>\n\t\t\t\t<\/div>\n\t\t\t\t<div class=\"elementor-element elementor-element-3c88435 elementor-widget elementor-widget-html\" data-id=\"3c88435\" data-element_type=\"widget\" data-e-type=\"widget\" data-widget_type=\"html.default\">\n\t\t\t\t<div class=\"elementor-widget-container\">\n\t\t\t\t\t<script type=\"application\/ld+json\">{\n    \"@context\": \"https:\\\/\\\/schema.org\",\n    \"@type\": \"WebPage\",\n    \"name\": \"What is Marijuana?\",\n    \"url\": \"https:\\\/\\\/www.narconon.online\\\/glossary\\\/what-is-marijuana\\\/\",\n    \"description\": \"Marijuana is a drug made from the cannabis plant. Learn what it looks like, how it\\u2019s used, and its risks\\u2014especially for young people.\",\n    \"datePublished\": \"2025-07-23\",\n    \"publisher\": {\n        \"@type\": \"Organization\",\n        \"name\": \"Narconon Europe\",\n        \"url\": \"https:\\\/\\\/www.narcononeurope.dk\"\n    },\n    \"mainEntity\": {\n        \"@type\": \"FAQPage\",\n        \"mainEntity\": [\n            {\n                \"@type\": \"Question\",\n                \"name\": \"What is marijuana used for?\",\n                \"acceptedAnswer\": {\n                    \"@type\": \"Answer\",\n                    \"text\": \"Some use it for medical purposes, but it\\u2019s mostly used recreationally for its relaxing and euphoric effects.\"\n                }\n            },\n            {\n                \"@type\": \"Question\",\n                \"name\": \"Why can marijuana be risky?\",\n                \"acceptedAnswer\": {\n                    \"@type\": \"Answer\",\n                    \"text\": \"It affects memory, attention, and motivation\\u2014especially in young users.\"\n                }\n            },\n            {\n                \"@type\": \"Question\",\n                \"name\": \"What does marijuana look like?\",\n                \"acceptedAnswer\": {\n                    \"@type\": \"Answer\",\n                    \"text\": \"Dried greenish flowers or buds, often rolled into cigarettes or stored in small bags.\"\n                }\n            },\n            {\n                \"@type\": \"Question\",\n                \"name\": \"Can marijuana be addictive?\",\n                \"acceptedAnswer\": {\n                    \"@type\": \"Answer\",\n                    \"text\": \"Yes. Regular users may develop dependence and withdrawal symptoms when stopping.\"\n                }\n            },\n            {\n                \"@type\": \"Question\",\n                \"name\": \"How can someone avoid marijuana?\",\n                \"acceptedAnswer\": {\n                    \"@type\": \"Answer\",\n                    \"text\": \"Say no to peer pressure, avoid parties where it\\u2019s common, and learn the long-term effects.\"\n                }\n            }\n        ]\n    }\n}<\/script>\r\n\t\t\t\t<\/div>\n\t\t\t\t<\/div>\n\t\t\t\t\t<\/div>\n\t\t\t\t<\/div>\n\t\t\t\t<\/div>","protected":false},"excerpt":{"rendered":"<p>Marijuana is a psychoactive drug made from the dried flowers and leaves of the cannabis plant. It contains THC (tetrahydrocannabinol), [&hellip;]<\/p>","protected":false},"author":43,"featured_media":0,"parent":5868,"menu_order":0,"comment_status":"closed","ping_status":"closed","template":"","meta":{"_acf_changed":false,"site-sidebar-layout":"default","site-content-layout":"","ast-site-content-layout":"default","site-content-style":"default","site-sidebar-style":"default","ast-global-header-display":"","ast-banner-title-visibility":"","ast-main-header-display":"","ast-hfb-above-header-display":"","ast-hfb-below-header-display":"","ast-hfb-mobile-header-display":"","site-post-title":"","ast-breadcrumbs-content":"","ast-featured-img":"","footer-sml-layout":"","ast-disable-related-posts":"","theme-transparent-header-meta":"","adv-header-id-meta":"","stick-header-meta":"","header-above-stick-meta":"","header-main-stick-meta":"","header-below-stick-meta":"","astra-migrate-meta-layouts":"default","ast-page-background-enabled":"default","ast-page-background-meta":{"desktop":{"background-color":"var(--ast-global-color-5)","background-image":"","background-repeat":"repeat","background-position":"center center","background-size":"auto","background-attachment":"scroll","background-type":"","background-media":"","overlay-type":"","overlay-color":"","overlay-opacity":"","overlay-gradient":""},"tablet":{"background-color":"","background-image":"","background-repeat":"repeat","background-position":"center center","background-size":"auto","background-attachment":"scroll","background-type":"","background-media":"","overlay-type":"","overlay-color":"","overlay-opacity":"","overlay-gradient":""},"mobile":{"background-color":"","background-image":"","background-repeat":"repeat","background-position":"center center","background-size":"auto","background-attachment":"scroll","background-type":"","background-media":"","overlay-type":"","overlay-color":"","overlay-opacity":"","overlay-gradient":""}},"ast-content-background-meta":{"desktop":{"background-color":"var(--ast-global-color-4)","background-image":"","background-repeat":"repeat","background-position":"center center","background-size":"auto","background-attachment":"scroll","background-type":"","background-media":"","overlay-type":"","overlay-color":"","overlay-opacity":"","overlay-gradient":""},"tablet":{"background-color":"var(--ast-global-color-4)","background-image":"","background-repeat":"repeat","background-position":"center center","background-size":"auto","background-attachment":"scroll","background-type":"","background-media":"","overlay-type":"","overlay-color":"","overlay-opacity":"","overlay-gradient":""},"mobile":{"background-color":"var(--ast-global-color-4)","background-image":"","background-repeat":"repeat","background-position":"center center","background-size":"auto","background-attachment":"scroll","background-type":"","background-media":"","overlay-type":"","overlay-color":"","overlay-opacity":"","overlay-gradient":""}},"footnotes":""},"class_list":["post-5999","page","type-page","status-publish","hentry"],"acf":[],"yoast_head":"<!-- This site is optimized with the Yoast SEO Premium plugin v26.6 (Yoast SEO v26.6) - https:\/\/yoast.com\/wordpress\/plugins\/seo\/ -->\n<title>What Is Marijuana: Uses and Risks Explained<\/title>\n<meta name=\"description\" content=\"What is marijuana? Uncover the characteristics of this psychoactive substance and its impact on relaxation and appetite.\" \/>\n<meta name=\"robots\" content=\"index, follow, max-snippet:-1, max-image-preview:large, max-video-preview:-1\" \/>\n<link rel=\"canonical\" href=\"https:\/\/www.narconon.online\/es\/glosario\/que-es-la-marihuana\/\" \/>\n<meta property=\"og:locale\" content=\"es_ES\" \/>\n<meta property=\"og:type\" content=\"article\" \/>\n<meta property=\"og:title\" content=\"What is Marijuana?\" \/>\n<meta property=\"og:description\" content=\"What is marijuana? Uncover the characteristics of this psychoactive substance and its impact on relaxation and appetite.\" \/>\n<meta property=\"og:url\" content=\"https:\/\/www.narconon.online\/es\/glosario\/que-es-la-marihuana\/\" \/>\n<meta property=\"og:site_name\" content=\"Narconon Europe\" \/>\n<meta property=\"article:publisher\" content=\"https:\/\/www.facebook.com\/narcononeu\" \/>\n<meta property=\"article:modified_time\" content=\"2025-07-24T14:20:47+00:00\" \/>\n<meta property=\"og:image\" content=\"https:\/\/www.narconon.online\/wp-content\/uploads\/2025\/07\/freepik__a-clean-tabletop-with-dried-cannabis-buds-a-rolled__82275.webp\" \/>\n\t<meta property=\"og:image:width\" content=\"1392\" \/>\n\t<meta property=\"og:image:height\" content=\"752\" \/>\n\t<meta property=\"og:image:type\" content=\"image\/webp\" \/>\n<meta name=\"twitter:card\" content=\"summary_large_image\" \/>\n<meta name=\"twitter:site\" content=\"@NARCONONEurope\" \/>\n<meta name=\"twitter:label1\" content=\"Tiempo de lectura\" \/>\n\t<meta name=\"twitter:data1\" content=\"2 minutos\" \/>\n<script type=\"application\/ld+json\" class=\"yoast-schema-graph\">{\"@context\":\"https:\/\/schema.org\",\"@graph\":[{\"@type\":\"WebPage\",\"@id\":\"https:\/\/www.narconon.online\/glossary\/what-is-marijuana\/\",\"url\":\"https:\/\/www.narconon.online\/glossary\/what-is-marijuana\/\",\"name\":\"What Is Marijuana: Uses and Risks Explained\",\"isPartOf\":{\"@id\":\"https:\/\/www.narconon.online\/#website\"},\"primaryImageOfPage\":{\"@id\":\"https:\/\/www.narconon.online\/glossary\/what-is-marijuana\/#primaryimage\"},\"image\":{\"@id\":\"https:\/\/www.narconon.online\/glossary\/what-is-marijuana\/#primaryimage\"},\"thumbnailUrl\":\"https:\/\/www.narconon.online\/wp-content\/uploads\/2025\/07\/freepik__a-clean-tabletop-with-dried-cannabis-buds-a-rolled__82275.webp\",\"datePublished\":\"2025-07-23T11:48:08+00:00\",\"dateModified\":\"2025-07-24T14:20:47+00:00\",\"description\":\"What is marijuana? Uncover the characteristics of this psychoactive substance and its impact on relaxation and appetite.\",\"breadcrumb\":{\"@id\":\"https:\/\/www.narconon.online\/glossary\/what-is-marijuana\/#breadcrumb\"},\"inLanguage\":\"es\",\"potentialAction\":[{\"@type\":\"ReadAction\",\"target\":[\"https:\/\/www.narconon.online\/glossary\/what-is-marijuana\/\"]}]},{\"@type\":\"ImageObject\",\"inLanguage\":\"es\",\"@id\":\"https:\/\/www.narconon.online\/glossary\/what-is-marijuana\/#primaryimage\",\"url\":\"https:\/\/www.narconon.online\/wp-content\/uploads\/2025\/07\/freepik__a-clean-tabletop-with-dried-cannabis-buds-a-rolled__82275.webp\",\"contentUrl\":\"https:\/\/www.narconon.online\/wp-content\/uploads\/2025\/07\/freepik__a-clean-tabletop-with-dried-cannabis-buds-a-rolled__82275.webp\"},{\"@type\":\"BreadcrumbList\",\"@id\":\"https:\/\/www.narconon.online\/glossary\/what-is-marijuana\/#breadcrumb\",\"itemListElement\":[{\"@type\":\"ListItem\",\"position\":1,\"name\":\"Home\",\"item\":\"https:\/\/www.narconon.online\/\"},{\"@type\":\"ListItem\",\"position\":2,\"name\":\"Glossary of Drug Terms and Definitions\",\"item\":\"https:\/\/www.narconon.online\/glossary\/\"},{\"@type\":\"ListItem\",\"position\":3,\"name\":\"What is Marijuana?\"}]},{\"@type\":\"WebSite\",\"@id\":\"https:\/\/www.narconon.online\/#website\",\"url\":\"https:\/\/www.narconon.online\/\",\"name\":\"Narconon Europe\",\"description\":\"Drug Free For Good\",\"publisher\":{\"@id\":\"https:\/\/www.narconon.online\/#organization\"},\"potentialAction\":[{\"@type\":\"SearchAction\",\"target\":{\"@type\":\"EntryPoint\",\"urlTemplate\":\"https:\/\/www.narconon.online\/?s={search_term_string}\"},\"query-input\":{\"@type\":\"PropertyValueSpecification\",\"valueRequired\":true,\"valueName\":\"search_term_string\"}}],\"inLanguage\":\"es\"},{\"@type\":\"Organization\",\"@id\":\"https:\/\/www.narconon.online\/#organization\",\"name\":\"Narconon Europe\",\"url\":\"https:\/\/www.narconon.online\/\",\"logo\":{\"@type\":\"ImageObject\",\"inLanguage\":\"es\",\"@id\":\"https:\/\/www.narconon.online\/#\/schema\/logo\/image\/\",\"url\":\"https:\/\/www.narconon.online\/wp-content\/uploads\/2025\/03\/Logo-Narconon-Europe-2.png\",\"contentUrl\":\"https:\/\/www.narconon.online\/wp-content\/uploads\/2025\/03\/Logo-Narconon-Europe-2.png\",\"width\":2000,\"height\":707,\"caption\":\"Narconon Europe\"},\"image\":{\"@id\":\"https:\/\/www.narconon.online\/#\/schema\/logo\/image\/\"},\"sameAs\":[\"https:\/\/www.facebook.com\/narcononeu\",\"https:\/\/x.com\/NARCONONEurope\",\"https:\/\/www.instagram.com\/narconon.europe\/\",\"https:\/\/www.youtube.com\/channel\/UCNUxvhoqZZCAxXCYO4K7MvA\",\"https:\/\/www.tiktok.com\/@narconon.europe\"]}]}<\/script>\n<!-- \/ Yoast SEO Premium plugin. -->","yoast_head_json":{"title":"Qu\u00e9 es la marihuana: Usos y riesgos","description":"\u00bfQu\u00e9 es la marihuana? Descubre las caracter\u00edsticas de esta sustancia psicoactiva y su impacto en la relajaci\u00f3n y el apetito.","robots":{"index":"index","follow":"follow","max-snippet":"max-snippet:-1","max-image-preview":"max-image-preview:large","max-video-preview":"max-video-preview:-1"},"canonical":"https:\/\/www.narconon.online\/es\/glosario\/que-es-la-marihuana\/","og_locale":"es_ES","og_type":"article","og_title":"What is Marijuana?","og_description":"What is marijuana? Uncover the characteristics of this psychoactive substance and its impact on relaxation and appetite.","og_url":"https:\/\/www.narconon.online\/es\/glosario\/que-es-la-marihuana\/","og_site_name":"Narconon Europe","article_publisher":"https:\/\/www.facebook.com\/narcononeu","article_modified_time":"2025-07-24T14:20:47+00:00","og_image":[{"width":1392,"height":752,"url":"https:\/\/www.narconon.online\/wp-content\/uploads\/2025\/07\/freepik__a-clean-tabletop-with-dried-cannabis-buds-a-rolled__82275.webp","type":"image\/webp"}],"twitter_card":"summary_large_image","twitter_site":"@NARCONONEurope","twitter_misc":{"Tiempo de lectura":"2 minutos"},"schema":{"@context":"https:\/\/schema.org","@graph":[{"@type":"WebPage","@id":"https:\/\/www.narconon.online\/glossary\/what-is-marijuana\/","url":"https:\/\/www.narconon.online\/glossary\/what-is-marijuana\/","name":"Qu\u00e9 es la marihuana: Usos y riesgos","isPartOf":{"@id":"https:\/\/www.narconon.online\/#website"},"primaryImageOfPage":{"@id":"https:\/\/www.narconon.online\/glossary\/what-is-marijuana\/#primaryimage"},"image":{"@id":"https:\/\/www.narconon.online\/glossary\/what-is-marijuana\/#primaryimage"},"thumbnailUrl":"https:\/\/www.narconon.online\/wp-content\/uploads\/2025\/07\/freepik__a-clean-tabletop-with-dried-cannabis-buds-a-rolled__82275.webp","datePublished":"2025-07-23T11:48:08+00:00","dateModified":"2025-07-24T14:20:47+00:00","description":"\u00bfQu\u00e9 es la marihuana? Descubre las caracter\u00edsticas de esta sustancia psicoactiva y su impacto en la relajaci\u00f3n y el apetito.","breadcrumb":{"@id":"https:\/\/www.narconon.online\/glossary\/what-is-marijuana\/#breadcrumb"},"inLanguage":"es","potentialAction":[{"@type":"ReadAction","target":["https:\/\/www.narconon.online\/glossary\/what-is-marijuana\/"]}]},{"@type":"ImageObject","inLanguage":"es","@id":"https:\/\/www.narconon.online\/glossary\/what-is-marijuana\/#primaryimage","url":"https:\/\/www.narconon.online\/wp-content\/uploads\/2025\/07\/freepik__a-clean-tabletop-with-dried-cannabis-buds-a-rolled__82275.webp","contentUrl":"https:\/\/www.narconon.online\/wp-content\/uploads\/2025\/07\/freepik__a-clean-tabletop-with-dried-cannabis-buds-a-rolled__82275.webp"},{"@type":"BreadcrumbList","@id":"https:\/\/www.narconon.online\/glossary\/what-is-marijuana\/#breadcrumb","itemListElement":[{"@type":"ListItem","position":1,"name":"Home","item":"https:\/\/www.narconon.online\/"},{"@type":"ListItem","position":2,"name":"Glossary of Drug Terms and Definitions","item":"https:\/\/www.narconon.online\/glossary\/"},{"@type":"ListItem","position":3,"name":"What is Marijuana?"}]},{"@type":"WebSite","@id":"https:\/\/www.narconon.online\/#website","url":"https:\/\/www.narconon.online\/","name":"Narconon Europa","description":"Libre de drogas para siempre","publisher":{"@id":"https:\/\/www.narconon.online\/#organization"},"potentialAction":[{"@type":"SearchAction","target":{"@type":"EntryPoint","urlTemplate":"https:\/\/www.narconon.online\/?s={search_term_string}"},"query-input":{"@type":"PropertyValueSpecification","valueRequired":true,"valueName":"search_term_string"}}],"inLanguage":"es"},{"@type":"Organization","@id":"https:\/\/www.narconon.online\/#organization","name":"Narconon Europa","url":"https:\/\/www.narconon.online\/","logo":{"@type":"ImageObject","inLanguage":"es","@id":"https:\/\/www.narconon.online\/#\/schema\/logo\/image\/","url":"https:\/\/www.narconon.online\/wp-content\/uploads\/2025\/03\/Logo-Narconon-Europe-2.png","contentUrl":"https:\/\/www.narconon.online\/wp-content\/uploads\/2025\/03\/Logo-Narconon-Europe-2.png","width":2000,"height":707,"caption":"Narconon Europe"},"image":{"@id":"https:\/\/www.narconon.online\/#\/schema\/logo\/image\/"},"sameAs":["https:\/\/www.facebook.com\/narcononeu","https:\/\/x.com\/NARCONONEurope","https:\/\/www.instagram.com\/narconon.europe\/","https:\/\/www.youtube.com\/channel\/UCNUxvhoqZZCAxXCYO4K7MvA","https:\/\/www.tiktok.com\/@narconon.europe"]}]}},"_links":{"self":[{"href":"https:\/\/www.narconon.online\/es\/wp-json\/wp\/v2\/pages\/5999","targetHints":{"allow":["GET"]}}],"collection":[{"href":"https:\/\/www.narconon.online\/es\/wp-json\/wp\/v2\/pages"}],"about":[{"href":"https:\/\/www.narconon.online\/es\/wp-json\/wp\/v2\/types\/page"}],"author":[{"embeddable":true,"href":"https:\/\/www.narconon.online\/es\/wp-json\/wp\/v2\/users\/43"}],"replies":[{"embeddable":true,"href":"https:\/\/www.narconon.online\/es\/wp-json\/wp\/v2\/comments?post=5999"}],"version-history":[{"count":19,"href":"https:\/\/www.narconon.online\/es\/wp-json\/wp\/v2\/pages\/5999\/revisions"}],"predecessor-version":[{"id":6579,"href":"https:\/\/www.narconon.online\/es\/wp-json\/wp\/v2\/pages\/5999\/revisions\/6579"}],"up":[{"embeddable":true,"href":"https:\/\/www.narconon.online\/es\/wp-json\/wp\/v2\/pages\/5868"}],"wp:attachment":[{"href":"https:\/\/www.narconon.online\/es\/wp-json\/wp\/v2\/media?parent=5999"}],"curies":[{"name":"wp","href":"https:\/\/api.w.org\/{rel}","templated":true}]}}