{"id":6514,"date":"2025-07-24T12:03:51","date_gmt":"2025-07-24T10:03:51","guid":{"rendered":"https:\/\/www.narconon.online\/?page_id=6514"},"modified":"2025-07-24T12:08:41","modified_gmt":"2025-07-24T10:08:41","slug":"was-sind-missbrauchlich-verwendete-verschreibungspflichtige-medikamente","status":"publish","type":"page","link":"https:\/\/www.narconon.online\/de\/glossar\/was-sind-missbrauchlich-verwendete-verschreibungspflichtige-medikamente\/","title":{"rendered":"Was sind missbr\u00e4uchlich verwendete verschreibungspflichtige Medikamente?"},"content":{"rendered":"<div data-elementor-type=\"wp-page\" data-elementor-id=\"6514\" class=\"elementor elementor-6514\" data-elementor-post-type=\"page\">\n\t\t\t\t<div class=\"elementor-element elementor-element-14d08559 e-flex e-con-boxed e-con e-parent\" data-id=\"14d08559\" data-element_type=\"container\" data-e-type=\"container\">\n\t\t\t\t\t<div class=\"e-con-inner\">\n\t\t<div class=\"elementor-element elementor-element-1cae676 e-grid e-con-full e-con e-child\" data-id=\"1cae676\" data-element_type=\"container\" data-e-type=\"container\">\n\t\t\t\t<div class=\"elementor-element elementor-element-ddfcbba elementor-widget elementor-widget-text-editor\" data-id=\"ddfcbba\" data-element_type=\"widget\" data-e-type=\"widget\" data-widget_type=\"text-editor.default\">\n\t\t\t\t<div class=\"elementor-widget-container\">\n\t\t\t\t\t\t\t\t\t<p data-start=\"352\" data-end=\"521\"><strong data-start=\"352\" data-end=\"382\">Missbr\u00e4uchlich verwendete verschreibungspflichtige Medikamente<\/strong> sind Medikamente, die <strong data-start=\"408\" data-end=\"485\">ohne Verschreibung, in h\u00f6heren Dosen oder aus nichtmedizinischen Gr\u00fcnden eingenommen werden<\/strong>-h\u00e4ufig, um high zu werden oder sich selbst zu therapieren.<\/p>\n<p data-start=\"523\" data-end=\"733\">Dazu geh\u00f6ren <strong data-start=\"537\" data-end=\"629\">Schmerzmittel (Opioide), Beruhigungsmittel (wie Benzodiazepine) und Stimulanzien (wie ADHS-Medikamente)<\/strong>. Auch wenn diese Drogen legal hergestellt werden, k\u00f6nnen sie bei Missbrauch genauso gef\u00e4hrlich sein wie illegale Substanzen.<\/p>\n<p data-start=\"735\" data-end=\"875\">Missbr\u00e4uchliche Verwendung kann dazu f\u00fchren <strong data-start=\"754\" data-end=\"815\">Sucht, \u00dcberdosierung, psychische Probleme und sogar Tod<\/strong>besonders in Kombination mit Alkohol oder anderen Substanzen.<\/p>\t\t\t\t\t\t\t\t<\/div>\n\t\t\t\t<\/div>\n\t\t\t\t<div class=\"elementor-element elementor-element-8f955ba elementor-widget elementor-widget-image\" data-id=\"8f955ba\" data-element_type=\"widget\" data-e-type=\"widget\" data-widget_type=\"image.default\">\n\t\t\t\t<div class=\"elementor-widget-container\">\n\t\t\t\t\t\t\t\t\t\t\t\t\t\t\t<img fetchpriority=\"high\" decoding=\"async\" width=\"1392\" height=\"752\" src=\"https:\/\/www.narconon.online\/wp-content\/uploads\/2025\/07\/freepik__scattered-prescription-pill-bottles-with-labels-re__69448.webp\" class=\"attachment-full size-full wp-image-6516\" alt=\"Missbr\u00e4uchlich verwendete verschreibungspflichtige Medikamente, einschlie\u00dflich Pillen, zerdr\u00fcckte Tabletten und ge\u00f6ffnete Beh\u00e4lter\" srcset=\"https:\/\/www.narconon.online\/wp-content\/uploads\/2025\/07\/freepik__scattered-prescription-pill-bottles-with-labels-re__69448.webp 1392w, https:\/\/www.narconon.online\/wp-content\/uploads\/2025\/07\/freepik__scattered-prescription-pill-bottles-with-labels-re__69448-300x162.webp 300w, https:\/\/www.narconon.online\/wp-content\/uploads\/2025\/07\/freepik__scattered-prescription-pill-bottles-with-labels-re__69448-1024x553.webp 1024w, https:\/\/www.narconon.online\/wp-content\/uploads\/2025\/07\/freepik__scattered-prescription-pill-bottles-with-labels-re__69448-768x415.webp 768w, https:\/\/www.narconon.online\/wp-content\/uploads\/2025\/07\/freepik__scattered-prescription-pill-bottles-with-labels-re__69448-18x10.webp 18w\" sizes=\"(max-width: 1392px) 100vw, 1392px\" \/>\t\t\t\t\t\t\t\t\t\t\t\t\t\t\t<\/div>\n\t\t\t\t<\/div>\n\t\t\t\t<\/div>\n\t\t\t\t\t<\/div>\n\t\t\t\t<\/div>\n\t\t<div class=\"elementor-element elementor-element-064fdba e-flex e-con-boxed e-con e-parent\" data-id=\"064fdba\" data-element_type=\"container\" data-e-type=\"container\">\n\t\t\t\t\t<div class=\"e-con-inner\">\n\t\t<div class=\"elementor-element elementor-element-ecec8f5 e-grid e-con-full e-con e-child\" data-id=\"ecec8f5\" data-element_type=\"container\" data-e-type=\"container\">\n\t\t\t\t<div class=\"elementor-element elementor-element-0f0e55c elementor-widget elementor-widget-text-editor\" data-id=\"0f0e55c\" data-element_type=\"widget\" data-e-type=\"widget\" data-widget_type=\"text-editor.default\">\n\t\t\t\t<div class=\"elementor-widget-container\">\n\t\t\t\t\t\t\t\t\t<h3 id=\"h-related-terms\" class=\"wp-block-heading\">\ud83e\udde0 Verwandte Begriffe<\/h3>\n<ul>\n<li data-start=\"920\" data-end=\"981\">\n<p data-start=\"922\" data-end=\"981\"><a class=\"\" href=\"\/de\/glossar\/was-sind-verschreibungspflichtige-medikamente\/\" rel=\"noopener\" data-start=\"922\" data-end=\"981\">Verschreibungspflichtige Medikamente<\/a><\/p>\n<\/li>\n<li data-start=\"982\" data-end=\"1021\">\n<p data-start=\"984\" data-end=\"1021\"><a class=\"\" href=\"\/de\/glossar\/was-ist-subutex\/\" rel=\"noopener\" data-start=\"984\" data-end=\"1021\">Subutex<\/a><\/p>\n<\/li>\n<li data-start=\"1022\" data-end=\"1077\">\n<p data-start=\"1024\" data-end=\"1077\"><a class=\"\" href=\"\/de\/glossar\/was-sind-benzodiazepine\/\" rel=\"noopener\" data-start=\"1024\" data-end=\"1077\">Benzodiazepine<\/a><\/p>\n<\/li>\n<li data-start=\"1022\" data-end=\"1077\"><a href=\"https:\/\/www.narconon.online\/de\/glossar\/\">Glossar der Begriffe<\/a><\/li>\n<\/ul>\t\t\t\t\t\t\t\t<\/div>\n\t\t\t\t<\/div>\n\t\t\t\t<div class=\"elementor-element elementor-element-03e5102 elementor-widget elementor-widget-text-editor\" data-id=\"03e5102\" data-element_type=\"widget\" data-e-type=\"widget\" data-widget_type=\"text-editor.default\">\n\t\t\t\t<div class=\"elementor-widget-container\">\n\t\t\t\t\t\t\t\t\t<p id=\"h-related-terms\" class=\"wp-block-heading\">\ud83d\udc49 Erfahren Sie mehr \u00fcber Pr\u00e4vention:<br \/><a class=\"\" href=\"https:\/\/www.narcononeurope.dk\/en\/drug-abuse\/\" target=\"_blank\" rel=\"noopener\">Narconon Europe - Hilfe bei Drogenmissbrauch<\/a><\/p>\n<p><!-- \/wp:list-item --><\/p>\n<p><!-- \/wp:list --><!-- wp:paragraph --><\/p>\n<p>\ud83d\udc49 Weitere Bildungsinhalte finden Sie in unserem <a class=\"\" href=\"https:\/\/www.narconon.online\/de\/materialien-zur-drogenpravention\/\">Materialien zur Drogenerziehung und -pr\u00e4vention<\/a><\/p>\t\t\t\t\t\t\t\t<\/div>\n\t\t\t\t<\/div>\n\t\t\t\t<\/div>\n\t\t\t\t<div class=\"elementor-element elementor-element-1497776 elementor-widget elementor-widget-heading\" data-id=\"1497776\" data-element_type=\"widget\" data-e-type=\"widget\" data-widget_type=\"heading.default\">\n\t\t\t\t<div class=\"elementor-widget-container\">\n\t\t\t\t\t<h2 class=\"elementor-heading-title elementor-size-default\">\u2753 FAQ - Was sind missbr\u00e4uchlich verwendete verschreibungspflichtige Medikamente?<\/h2>\t\t\t\t<\/div>\n\t\t\t\t<\/div>\n\t\t\t\t<div class=\"elementor-element elementor-element-a24ee80 elementor-widget elementor-widget-text-editor\" data-id=\"a24ee80\" data-element_type=\"widget\" data-e-type=\"widget\" data-widget_type=\"text-editor.default\">\n\t\t\t\t<div class=\"elementor-widget-container\">\n\t\t\t\t\t\t\t\t\t<p data-start=\"1264\" data-end=\"1398\"><strong data-start=\"1264\" data-end=\"1311\">1. Was gilt als Missbrauch von verschreibungspflichtigen Medikamenten?<\/strong><br data-start=\"1311\" data-end=\"1314\" \/>Die Einnahme einer Droge ohne Rezept, in gr\u00f6\u00dferen Dosen oder zu Freizeitzwecken.<\/p>\n<p data-start=\"1400\" data-end=\"1522\"><strong data-start=\"1400\" data-end=\"1453\">2. Welche Verschreibungen werden am h\u00e4ufigsten missbraucht?<\/strong><br data-start=\"1453\" data-end=\"1456\" \/>Opioide, Benzodiazepine und Stimulanzien wie Adderall oder Ritalin.<\/p>\n<p data-start=\"1524\" data-end=\"1673\"><strong data-start=\"1524\" data-end=\"1578\">3. Warum ist Missbrauch gef\u00e4hrlich, wenn die Drogen legal sind?<\/strong><br data-start=\"1578\" data-end=\"1581\" \/>Dennoch k\u00f6nnen sie zu \u00dcberdosierung, Abh\u00e4ngigkeit oder gef\u00e4hrlichen Nebenwirkungen f\u00fchren, wenn sie nicht richtig eingenommen werden.<\/p>\n<p data-start=\"1675\" data-end=\"1799\"><strong data-start=\"1675\" data-end=\"1727\">4. Wie sehen missbr\u00e4uchlich verwendete verschreibungspflichtige Medikamente aus?<\/strong><br data-start=\"1727\" data-end=\"1730\" \/>In der Regel in Form von Tabletten oder Kapseln, manchmal auch in Pulverform oder als Injektion.<\/p>\n<p data-start=\"1801\" data-end=\"1921\"><strong data-start=\"1801\" data-end=\"1836\">5. Wie kann ein Missbrauch verhindert werden?<\/strong><br data-start=\"1836\" data-end=\"1839\" \/>Sichern Sie Medikamente, vermeiden Sie die gemeinsame Nutzung und kl\u00e4ren Sie \u00fcber die Risiken des nichtmedizinischen Gebrauchs auf.<\/p>\t\t\t\t\t\t\t\t<\/div>\n\t\t\t\t<\/div>\n\t\t\t\t<div class=\"elementor-element elementor-element-3c88435 elementor-widget elementor-widget-html\" data-id=\"3c88435\" data-element_type=\"widget\" data-e-type=\"widget\" data-widget_type=\"html.default\">\n\t\t\t\t<div class=\"elementor-widget-container\">\n\t\t\t\t\t<script type=\"application\/ld+json\">{\n    \"@context\": \"https:\\\/\\\/schema.org\",\n    \"@type\": \"WebPage\",\n    \"name\": \"What are Misused Prescription Drugs?\",\n    \"headline\": \"What are Misused Prescription Drugs?\",\n    \"url\": \"https:\\\/\\\/www.narconon.online\\\/glossary\\\/what-are-misused-prescription-drugs\\\/\",\n    \"description\": \"Misused prescription drugs are legally made medications taken without proper guidance. Learn the risks, examples, and how to avoid misuse.\",\n    \"datePublished\": \"2025-07-24\",\n    \"dateModified\": \"2025-07-24\",\n    \"inLanguage\": \"en\",\n    \"publisher\": {\n        \"@type\": \"Organization\",\n        \"name\": \"Narconon Europe\",\n        \"url\": \"https:\\\/\\\/www.narcononeurope.dk\"\n    },\n    \"author\": {\n        \"@type\": \"Person\",\n        \"name\": \"Jacky Buensoz\"\n    },\n    \"mainEntity\": {\n        \"@type\": \"FAQPage\",\n        \"mainEntity\": [\n            {\n                \"@type\": \"Question\",\n                \"name\": \"What counts as prescription drug misuse?\",\n                \"acceptedAnswer\": {\n                    \"@type\": \"Answer\",\n                    \"text\": \"Taking a drug without a prescription, in larger doses, or for recreational purposes.\"\n                }\n            },\n            {\n                \"@type\": \"Question\",\n                \"name\": \"Which prescriptions are most commonly misused?\",\n                \"acceptedAnswer\": {\n                    \"@type\": \"Answer\",\n                    \"text\": \"Opioids, benzodiazepines, and stimulants like Adderall or Ritalin.\"\n                }\n            },\n            {\n                \"@type\": \"Question\",\n                \"name\": \"Why is misuse dangerous if the drugs are legal?\",\n                \"acceptedAnswer\": {\n                    \"@type\": \"Answer\",\n                    \"text\": \"They can still cause overdose, addiction, or dangerous side effects when not taken properly.\"\n                }\n            },\n            {\n                \"@type\": \"Question\",\n                \"name\": \"What do misused prescription drugs look like?\",\n                \"acceptedAnswer\": {\n                    \"@type\": \"Answer\",\n                    \"text\": \"Usually pills or capsules, sometimes crushed into powder or injected.\"\n                }\n            },\n            {\n                \"@type\": \"Question\",\n                \"name\": \"How can misuse be prevented?\",\n                \"acceptedAnswer\": {\n                    \"@type\": \"Answer\",\n                    \"text\": \"Secure medications, avoid sharing, and educate about the risks of non-medical use.\"\n                }\n            }\n        ]\n    }\n}<\/script>\r\n\t\t\t\t<\/div>\n\t\t\t\t<\/div>\n\t\t\t\t\t<\/div>\n\t\t\t\t<\/div>\n\t\t\t\t<\/div>","protected":false},"excerpt":{"rendered":"<p>Misused prescription drugs are medications that are taken without a prescription, in higher doses, or for non-medical reasons\u2014often to get [&hellip;]<\/p>","protected":false},"author":43,"featured_media":0,"parent":5868,"menu_order":0,"comment_status":"closed","ping_status":"closed","template":"","meta":{"_acf_changed":false,"site-sidebar-layout":"default","site-content-layout":"","ast-site-content-layout":"default","site-content-style":"default","site-sidebar-style":"default","ast-global-header-display":"","ast-banner-title-visibility":"","ast-main-header-display":"","ast-hfb-above-header-display":"","ast-hfb-below-header-display":"","ast-hfb-mobile-header-display":"","site-post-title":"","ast-breadcrumbs-content":"","ast-featured-img":"","footer-sml-layout":"","ast-disable-related-posts":"","theme-transparent-header-meta":"","adv-header-id-meta":"","stick-header-meta":"","header-above-stick-meta":"","header-main-stick-meta":"","header-below-stick-meta":"","astra-migrate-meta-layouts":"default","ast-page-background-enabled":"default","ast-page-background-meta":{"desktop":{"background-color":"var(--ast-global-color-5)","background-image":"","background-repeat":"repeat","background-position":"center center","background-size":"auto","background-attachment":"scroll","background-type":"","background-media":"","overlay-type":"","overlay-color":"","overlay-opacity":"","overlay-gradient":""},"tablet":{"background-color":"","background-image":"","background-repeat":"repeat","background-position":"center center","background-size":"auto","background-attachment":"scroll","background-type":"","background-media":"","overlay-type":"","overlay-color":"","overlay-opacity":"","overlay-gradient":""},"mobile":{"background-color":"","background-image":"","background-repeat":"repeat","background-position":"center center","background-size":"auto","background-attachment":"scroll","background-type":"","background-media":"","overlay-type":"","overlay-color":"","overlay-opacity":"","overlay-gradient":""}},"ast-content-background-meta":{"desktop":{"background-color":"var(--ast-global-color-4)","background-image":"","background-repeat":"repeat","background-position":"center center","background-size":"auto","background-attachment":"scroll","background-type":"","background-media":"","overlay-type":"","overlay-color":"","overlay-opacity":"","overlay-gradient":""},"tablet":{"background-color":"var(--ast-global-color-4)","background-image":"","background-repeat":"repeat","background-position":"center center","background-size":"auto","background-attachment":"scroll","background-type":"","background-media":"","overlay-type":"","overlay-color":"","overlay-opacity":"","overlay-gradient":""},"mobile":{"background-color":"var(--ast-global-color-4)","background-image":"","background-repeat":"repeat","background-position":"center center","background-size":"auto","background-attachment":"scroll","background-type":"","background-media":"","overlay-type":"","overlay-color":"","overlay-opacity":"","overlay-gradient":""}},"footnotes":""},"class_list":["post-6514","page","type-page","status-publish","hentry"],"acf":[],"yoast_head":"<!-- This site is optimized with the Yoast SEO Premium plugin v26.6 (Yoast SEO v26.6) - https:\/\/yoast.com\/wordpress\/plugins\/seo\/ -->\n<title>What Are Misused Prescription Drugs and Their Risks<\/title>\n<meta name=\"description\" content=\"Understand what are misused prescription drugs and their impact on health and safety. Learn more about prevention and risks.\" \/>\n<meta name=\"robots\" content=\"index, follow, max-snippet:-1, max-image-preview:large, max-video-preview:-1\" \/>\n<link rel=\"canonical\" href=\"https:\/\/www.narconon.online\/de\/glossar\/was-sind-missbrauchlich-verwendete-verschreibungspflichtige-medikamente\/\" \/>\n<meta property=\"og:locale\" content=\"de_DE\" \/>\n<meta property=\"og:type\" content=\"article\" \/>\n<meta property=\"og:title\" content=\"What are Misused Prescription Drugs?\" \/>\n<meta property=\"og:description\" content=\"Understand what are misused prescription drugs and their impact on health and safety. Learn more about prevention and risks.\" \/>\n<meta property=\"og:url\" content=\"https:\/\/www.narconon.online\/de\/glossar\/was-sind-missbrauchlich-verwendete-verschreibungspflichtige-medikamente\/\" \/>\n<meta property=\"og:site_name\" content=\"Narconon Europe\" \/>\n<meta property=\"article:publisher\" content=\"https:\/\/www.facebook.com\/narcononeu\" \/>\n<meta property=\"article:modified_time\" content=\"2025-07-24T10:08:41+00:00\" \/>\n<meta property=\"og:image\" content=\"https:\/\/www.narconon.online\/wp-content\/uploads\/2025\/07\/freepik__scattered-prescription-pill-bottles-with-labels-re__69448.webp\" \/>\n<meta name=\"twitter:card\" content=\"summary_large_image\" \/>\n<meta name=\"twitter:site\" content=\"@NARCONONEurope\" \/>\n<meta name=\"twitter:label1\" content=\"Gesch\u00e4tzte Lesezeit\" \/>\n\t<meta name=\"twitter:data1\" content=\"2\u00a0Minuten\" \/>\n<script type=\"application\/ld+json\" class=\"yoast-schema-graph\">{\"@context\":\"https:\/\/schema.org\",\"@graph\":[{\"@type\":\"WebPage\",\"@id\":\"https:\/\/www.narconon.online\/glossary\/what-are-misused-prescription-drugs\/\",\"url\":\"https:\/\/www.narconon.online\/glossary\/what-are-misused-prescription-drugs\/\",\"name\":\"What Are Misused Prescription Drugs and Their Risks\",\"isPartOf\":{\"@id\":\"https:\/\/www.narconon.online\/#website\"},\"primaryImageOfPage\":{\"@id\":\"https:\/\/www.narconon.online\/glossary\/what-are-misused-prescription-drugs\/#primaryimage\"},\"image\":{\"@id\":\"https:\/\/www.narconon.online\/glossary\/what-are-misused-prescription-drugs\/#primaryimage\"},\"thumbnailUrl\":\"https:\/\/www.narconon.online\/wp-content\/uploads\/2025\/07\/freepik__scattered-prescription-pill-bottles-with-labels-re__69448.webp\",\"datePublished\":\"2025-07-24T10:03:51+00:00\",\"dateModified\":\"2025-07-24T10:08:41+00:00\",\"description\":\"Understand what are misused prescription drugs and their impact on health and safety. Learn more about prevention and risks.\",\"breadcrumb\":{\"@id\":\"https:\/\/www.narconon.online\/glossary\/what-are-misused-prescription-drugs\/#breadcrumb\"},\"inLanguage\":\"de\",\"potentialAction\":[{\"@type\":\"ReadAction\",\"target\":[\"https:\/\/www.narconon.online\/glossary\/what-are-misused-prescription-drugs\/\"]}]},{\"@type\":\"ImageObject\",\"inLanguage\":\"de\",\"@id\":\"https:\/\/www.narconon.online\/glossary\/what-are-misused-prescription-drugs\/#primaryimage\",\"url\":\"https:\/\/www.narconon.online\/wp-content\/uploads\/2025\/07\/freepik__scattered-prescription-pill-bottles-with-labels-re__69448.webp\",\"contentUrl\":\"https:\/\/www.narconon.online\/wp-content\/uploads\/2025\/07\/freepik__scattered-prescription-pill-bottles-with-labels-re__69448.webp\"},{\"@type\":\"BreadcrumbList\",\"@id\":\"https:\/\/www.narconon.online\/glossary\/what-are-misused-prescription-drugs\/#breadcrumb\",\"itemListElement\":[{\"@type\":\"ListItem\",\"position\":1,\"name\":\"Home\",\"item\":\"https:\/\/www.narconon.online\/\"},{\"@type\":\"ListItem\",\"position\":2,\"name\":\"Glossary of Drug Terms and Definitions\",\"item\":\"https:\/\/www.narconon.online\/glossary\/\"},{\"@type\":\"ListItem\",\"position\":3,\"name\":\"What are Misused Prescription Drugs?\"}]},{\"@type\":\"WebSite\",\"@id\":\"https:\/\/www.narconon.online\/#website\",\"url\":\"https:\/\/www.narconon.online\/\",\"name\":\"Narconon Europe\",\"description\":\"Drug Free For Good\",\"publisher\":{\"@id\":\"https:\/\/www.narconon.online\/#organization\"},\"potentialAction\":[{\"@type\":\"SearchAction\",\"target\":{\"@type\":\"EntryPoint\",\"urlTemplate\":\"https:\/\/www.narconon.online\/?s={search_term_string}\"},\"query-input\":{\"@type\":\"PropertyValueSpecification\",\"valueRequired\":true,\"valueName\":\"search_term_string\"}}],\"inLanguage\":\"de\"},{\"@type\":\"Organization\",\"@id\":\"https:\/\/www.narconon.online\/#organization\",\"name\":\"Narconon Europe\",\"url\":\"https:\/\/www.narconon.online\/\",\"logo\":{\"@type\":\"ImageObject\",\"inLanguage\":\"de\",\"@id\":\"https:\/\/www.narconon.online\/#\/schema\/logo\/image\/\",\"url\":\"https:\/\/www.narconon.online\/wp-content\/uploads\/2025\/03\/Logo-Narconon-Europe-2.png\",\"contentUrl\":\"https:\/\/www.narconon.online\/wp-content\/uploads\/2025\/03\/Logo-Narconon-Europe-2.png\",\"width\":2000,\"height\":707,\"caption\":\"Narconon Europe\"},\"image\":{\"@id\":\"https:\/\/www.narconon.online\/#\/schema\/logo\/image\/\"},\"sameAs\":[\"https:\/\/www.facebook.com\/narcononeu\",\"https:\/\/x.com\/NARCONONEurope\",\"https:\/\/www.instagram.com\/narconon.europe\/\",\"https:\/\/www.youtube.com\/channel\/UCNUxvhoqZZCAxXCYO4K7MvA\",\"https:\/\/www.tiktok.com\/@narconon.europe\"]}]}<\/script>\n<!-- \/ Yoast SEO Premium plugin. -->","yoast_head_json":{"title":"Was sind missbrauchte verschreibungspflichtige Medikamente und ihre Risiken?","description":"Verstehen Sie, welche verschreibungspflichtigen Medikamente missbraucht werden und welche Auswirkungen sie auf Gesundheit und Sicherheit haben. Erfahren Sie mehr \u00fcber Pr\u00e4vention und Risiken.","robots":{"index":"index","follow":"follow","max-snippet":"max-snippet:-1","max-image-preview":"max-image-preview:large","max-video-preview":"max-video-preview:-1"},"canonical":"https:\/\/www.narconon.online\/de\/glossar\/was-sind-missbrauchlich-verwendete-verschreibungspflichtige-medikamente\/","og_locale":"de_DE","og_type":"article","og_title":"What are Misused Prescription Drugs?","og_description":"Understand what are misused prescription drugs and their impact on health and safety. Learn more about prevention and risks.","og_url":"https:\/\/www.narconon.online\/de\/glossar\/was-sind-missbrauchlich-verwendete-verschreibungspflichtige-medikamente\/","og_site_name":"Narconon Europe","article_publisher":"https:\/\/www.facebook.com\/narcononeu","article_modified_time":"2025-07-24T10:08:41+00:00","og_image":[{"url":"https:\/\/www.narconon.online\/wp-content\/uploads\/2025\/07\/freepik__scattered-prescription-pill-bottles-with-labels-re__69448.webp","type":"","width":"","height":""}],"twitter_card":"summary_large_image","twitter_site":"@NARCONONEurope","twitter_misc":{"Gesch\u00e4tzte Lesezeit":"2\u00a0Minuten"},"schema":{"@context":"https:\/\/schema.org","@graph":[{"@type":"WebPage","@id":"https:\/\/www.narconon.online\/glossary\/what-are-misused-prescription-drugs\/","url":"https:\/\/www.narconon.online\/glossary\/what-are-misused-prescription-drugs\/","name":"Was sind missbrauchte verschreibungspflichtige Medikamente und ihre Risiken?","isPartOf":{"@id":"https:\/\/www.narconon.online\/#website"},"primaryImageOfPage":{"@id":"https:\/\/www.narconon.online\/glossary\/what-are-misused-prescription-drugs\/#primaryimage"},"image":{"@id":"https:\/\/www.narconon.online\/glossary\/what-are-misused-prescription-drugs\/#primaryimage"},"thumbnailUrl":"https:\/\/www.narconon.online\/wp-content\/uploads\/2025\/07\/freepik__scattered-prescription-pill-bottles-with-labels-re__69448.webp","datePublished":"2025-07-24T10:03:51+00:00","dateModified":"2025-07-24T10:08:41+00:00","description":"Verstehen Sie, welche verschreibungspflichtigen Medikamente missbraucht werden und welche Auswirkungen sie auf Gesundheit und Sicherheit haben. Erfahren Sie mehr \u00fcber Pr\u00e4vention und Risiken.","breadcrumb":{"@id":"https:\/\/www.narconon.online\/glossary\/what-are-misused-prescription-drugs\/#breadcrumb"},"inLanguage":"de","potentialAction":[{"@type":"ReadAction","target":["https:\/\/www.narconon.online\/glossary\/what-are-misused-prescription-drugs\/"]}]},{"@type":"ImageObject","inLanguage":"de","@id":"https:\/\/www.narconon.online\/glossary\/what-are-misused-prescription-drugs\/#primaryimage","url":"https:\/\/www.narconon.online\/wp-content\/uploads\/2025\/07\/freepik__scattered-prescription-pill-bottles-with-labels-re__69448.webp","contentUrl":"https:\/\/www.narconon.online\/wp-content\/uploads\/2025\/07\/freepik__scattered-prescription-pill-bottles-with-labels-re__69448.webp"},{"@type":"BreadcrumbList","@id":"https:\/\/www.narconon.online\/glossary\/what-are-misused-prescription-drugs\/#breadcrumb","itemListElement":[{"@type":"ListItem","position":1,"name":"Home","item":"https:\/\/www.narconon.online\/"},{"@type":"ListItem","position":2,"name":"Glossary of Drug Terms and Definitions","item":"https:\/\/www.narconon.online\/glossary\/"},{"@type":"ListItem","position":3,"name":"What are Misused Prescription Drugs?"}]},{"@type":"WebSite","@id":"https:\/\/www.narconon.online\/#website","url":"https:\/\/www.narconon.online\/","name":"Narconon Europa","description":"Endg\u00fcltig drogenfrei","publisher":{"@id":"https:\/\/www.narconon.online\/#organization"},"potentialAction":[{"@type":"SearchAction","target":{"@type":"EntryPoint","urlTemplate":"https:\/\/www.narconon.online\/?s={search_term_string}"},"query-input":{"@type":"PropertyValueSpecification","valueRequired":true,"valueName":"search_term_string"}}],"inLanguage":"de"},{"@type":"Organization","@id":"https:\/\/www.narconon.online\/#organization","name":"Narconon Europa","url":"https:\/\/www.narconon.online\/","logo":{"@type":"ImageObject","inLanguage":"de","@id":"https:\/\/www.narconon.online\/#\/schema\/logo\/image\/","url":"https:\/\/www.narconon.online\/wp-content\/uploads\/2025\/03\/Logo-Narconon-Europe-2.png","contentUrl":"https:\/\/www.narconon.online\/wp-content\/uploads\/2025\/03\/Logo-Narconon-Europe-2.png","width":2000,"height":707,"caption":"Narconon Europe"},"image":{"@id":"https:\/\/www.narconon.online\/#\/schema\/logo\/image\/"},"sameAs":["https:\/\/www.facebook.com\/narcononeu","https:\/\/x.com\/NARCONONEurope","https:\/\/www.instagram.com\/narconon.europe\/","https:\/\/www.youtube.com\/channel\/UCNUxvhoqZZCAxXCYO4K7MvA","https:\/\/www.tiktok.com\/@narconon.europe"]}]}},"_links":{"self":[{"href":"https:\/\/www.narconon.online\/de\/wp-json\/wp\/v2\/pages\/6514","targetHints":{"allow":["GET"]}}],"collection":[{"href":"https:\/\/www.narconon.online\/de\/wp-json\/wp\/v2\/pages"}],"about":[{"href":"https:\/\/www.narconon.online\/de\/wp-json\/wp\/v2\/types\/page"}],"author":[{"embeddable":true,"href":"https:\/\/www.narconon.online\/de\/wp-json\/wp\/v2\/users\/43"}],"replies":[{"embeddable":true,"href":"https:\/\/www.narconon.online\/de\/wp-json\/wp\/v2\/comments?post=6514"}],"version-history":[{"count":6,"href":"https:\/\/www.narconon.online\/de\/wp-json\/wp\/v2\/pages\/6514\/revisions"}],"predecessor-version":[{"id":6521,"href":"https:\/\/www.narconon.online\/de\/wp-json\/wp\/v2\/pages\/6514\/revisions\/6521"}],"up":[{"embeddable":true,"href":"https:\/\/www.narconon.online\/de\/wp-json\/wp\/v2\/pages\/5868"}],"wp:attachment":[{"href":"https:\/\/www.narconon.online\/de\/wp-json\/wp\/v2\/media?parent=6514"}],"curies":[{"name":"wp","href":"https:\/\/api.w.org\/{rel}","templated":true}]}}