{"id":6335,"date":"2025-07-23T22:01:12","date_gmt":"2025-07-23T20:01:12","guid":{"rendered":"https:\/\/www.narconon.online\/?page_id=6335"},"modified":"2025-07-24T16:48:56","modified_gmt":"2025-07-24T14:48:56","slug":"was-ist-eine-konsumstorung","status":"publish","type":"page","link":"https:\/\/www.narconon.online\/de\/glossar\/was-ist-eine-konsumstorung\/","title":{"rendered":"Was ist eine Konsumst\u00f6rung?"},"content":{"rendered":"<div data-elementor-type=\"wp-page\" data-elementor-id=\"6335\" class=\"elementor elementor-6335\" data-elementor-post-type=\"page\">\n\t\t\t\t<div class=\"elementor-element elementor-element-14d08559 e-flex e-con-boxed e-con e-parent\" data-id=\"14d08559\" data-element_type=\"container\" data-e-type=\"container\">\n\t\t\t\t\t<div class=\"e-con-inner\">\n\t\t<div class=\"elementor-element elementor-element-1cae676 e-grid e-con-full e-con e-child\" data-id=\"1cae676\" data-element_type=\"container\" data-e-type=\"container\">\n\t\t\t\t<div class=\"elementor-element elementor-element-ddfcbba elementor-widget elementor-widget-text-editor\" data-id=\"ddfcbba\" data-element_type=\"widget\" data-e-type=\"widget\" data-widget_type=\"text-editor.default\">\n\t\t\t\t<div class=\"elementor-widget-container\">\n\t\t\t\t\t\t\t\t\t<p data-start=\"314\" data-end=\"553\"><strong data-start=\"314\" data-end=\"400\">Konsumst\u00f6rung ist ein medizinischer Begriff f\u00fcr die Abh\u00e4ngigkeit von einer Substanz wie Drogen oder Alkohol.<\/strong> Es beschreibt ein Muster, bei dem die Person die Substanz weiter konsumiert, obwohl sie wei\u00df, dass sie ihrer Gesundheit, ihren Beziehungen oder ihrer Verantwortung schadet.<\/p>\n<p data-start=\"555\" data-end=\"793\">Eine Person mit einer Abh\u00e4ngigkeitserkrankung kann Folgendes zeigen <strong data-start=\"593\" data-end=\"633\">Hei\u00dfhunger, Kontrollverlust, Toleranz<\/strong>und <strong data-start=\"639\" data-end=\"662\">Entzugserscheinungen<\/strong> wenn sie versuchen, aufzuh\u00f6ren. St\u00f6rungen des Konsums k\u00f6nnen reichen von <strong data-start=\"715\" data-end=\"733\">leicht bis schwer<\/strong>je nachdem, wie viel und wie oft der Stoff verwendet wird.<\/p>\n<p data-start=\"795\" data-end=\"962\">Fr\u00fche Anzeichen sind <strong data-start=\"815\" data-end=\"850\">L\u00fcgen \u00fcber den Konsum, riskantes Verhalten<\/strong>und fortgesetzter Konsum, auch wenn er Probleme verursacht. Mit Unterst\u00fctzung und Behandlung ist eine Genesung in jedem Stadium m\u00f6glich.<\/p>\t\t\t\t\t\t\t\t<\/div>\n\t\t\t\t<\/div>\n\t\t\t\t<div class=\"elementor-element elementor-element-8f955ba elementor-widget elementor-widget-image\" data-id=\"8f955ba\" data-element_type=\"widget\" data-e-type=\"widget\" data-widget_type=\"image.default\">\n\t\t\t\t<div class=\"elementor-widget-container\">\n\t\t\t\t\t\t\t\t\t\t\t\t\t\t\t<img fetchpriority=\"high\" decoding=\"async\" width=\"1392\" height=\"752\" src=\"https:\/\/www.narconon.online\/wp-content\/uploads\/2025\/07\/freepik__a-splitscene-concept-on-one-side-a-person-struggli__80949.webp\" class=\"attachment-full size-full wp-image-6338\" alt=\"Geteilte Szene mit einer Person, die auf der einen Seite Drogen konsumiert und auf der anderen Seite an einer Reha-Gruppe teilnimmt, als Symbol f\u00fcr Drogenmissbrauch und Genesung\" srcset=\"https:\/\/www.narconon.online\/wp-content\/uploads\/2025\/07\/freepik__a-splitscene-concept-on-one-side-a-person-struggli__80949.webp 1392w, https:\/\/www.narconon.online\/wp-content\/uploads\/2025\/07\/freepik__a-splitscene-concept-on-one-side-a-person-struggli__80949-300x162.webp 300w, https:\/\/www.narconon.online\/wp-content\/uploads\/2025\/07\/freepik__a-splitscene-concept-on-one-side-a-person-struggli__80949-1024x553.webp 1024w, https:\/\/www.narconon.online\/wp-content\/uploads\/2025\/07\/freepik__a-splitscene-concept-on-one-side-a-person-struggli__80949-768x415.webp 768w, https:\/\/www.narconon.online\/wp-content\/uploads\/2025\/07\/freepik__a-splitscene-concept-on-one-side-a-person-struggli__80949-18x10.webp 18w\" sizes=\"(max-width: 1392px) 100vw, 1392px\" \/>\t\t\t\t\t\t\t\t\t\t\t\t\t\t\t<\/div>\n\t\t\t\t<\/div>\n\t\t\t\t<\/div>\n\t\t\t\t\t<\/div>\n\t\t\t\t<\/div>\n\t\t<div class=\"elementor-element elementor-element-064fdba e-flex e-con-boxed e-con e-parent\" data-id=\"064fdba\" data-element_type=\"container\" data-e-type=\"container\">\n\t\t\t\t\t<div class=\"e-con-inner\">\n\t\t<div class=\"elementor-element elementor-element-ecec8f5 e-grid e-con-full e-con e-child\" data-id=\"ecec8f5\" data-element_type=\"container\" data-e-type=\"container\">\n\t\t\t\t<div class=\"elementor-element elementor-element-0f0e55c elementor-widget elementor-widget-text-editor\" data-id=\"0f0e55c\" data-element_type=\"widget\" data-e-type=\"widget\" data-widget_type=\"text-editor.default\">\n\t\t\t\t<div class=\"elementor-widget-container\">\n\t\t\t\t\t\t\t\t\t<h3 id=\"h-related-terms\" class=\"wp-block-heading\">\ud83e\udde0 Verwandte Begriffe<\/h3>\n<ul data-spread=\"false\" data-pm-slice=\"3 3 []\">\n<li><a href=\"https:\/\/www.narconon.online\/de\/glossar\/was-ist-rucknahme\/\">R\u00fccknahme<\/a><\/li>\n<li><a href=\"https:\/\/www.narconon.online\/de\/glossar\/was-sind-missbrauchlich-verwendete-verschreibungspflichtige-medikamente\/\">Missbr\u00e4uchlich verwendete verschreibungspflichtige Medikamente<\/a><\/li>\n<li>\n<p><a href=\"https:\/\/www.narconon.online\/de\/glossar\/\">Glossar Index<\/a><\/p>\n<\/li>\n<\/ul>\t\t\t\t\t\t\t\t<\/div>\n\t\t\t\t<\/div>\n\t\t\t\t<div class=\"elementor-element elementor-element-03e5102 elementor-widget elementor-widget-text-editor\" data-id=\"03e5102\" data-element_type=\"widget\" data-e-type=\"widget\" data-widget_type=\"text-editor.default\">\n\t\t\t\t<div class=\"elementor-widget-container\">\n\t\t\t\t\t\t\t\t\t<p id=\"h-related-terms\" class=\"wp-block-heading\">\ud83d\udc49 Erfahren Sie mehr \u00fcber Pr\u00e4vention:<br \/><a class=\"\" href=\"https:\/\/www.narcononeurope.dk\/en\/drug-abuse\/\" target=\"_blank\" rel=\"noopener\">Narconon Europe - Hilfe bei Drogenmissbrauch<\/a><\/p>\n<p><!-- \/wp:list-item --><\/p>\n<p><!-- \/wp:list --><!-- wp:paragraph --><\/p>\n<p>\ud83d\udc49 Weitere Bildungsinhalte finden Sie in unserem <a class=\"\" href=\"https:\/\/www.narconon.online\/de\/materialien-zur-drogenpravention\/\">Materialien zur Drogenerziehung und -pr\u00e4vention<\/a><\/p>\t\t\t\t\t\t\t\t<\/div>\n\t\t\t\t<\/div>\n\t\t\t\t<\/div>\n\t\t\t\t<div class=\"elementor-element elementor-element-1497776 elementor-widget elementor-widget-heading\" data-id=\"1497776\" data-element_type=\"widget\" data-e-type=\"widget\" data-widget_type=\"heading.default\">\n\t\t\t\t<div class=\"elementor-widget-container\">\n\t\t\t\t\t<h2 class=\"elementor-heading-title elementor-size-default\">\u2753H\u00e4ufig gestellte Fragen zur Konsumst\u00f6rung<\/h2>\t\t\t\t<\/div>\n\t\t\t\t<\/div>\n\t\t\t\t<div class=\"elementor-element elementor-element-a24ee80 elementor-widget elementor-widget-text-editor\" data-id=\"a24ee80\" data-element_type=\"widget\" data-e-type=\"widget\" data-widget_type=\"text-editor.default\">\n\t\t\t\t<div class=\"elementor-widget-container\">\n\t\t\t\t\t\t\t\t\t<p data-start=\"1242\" data-end=\"1339\"><strong data-start=\"1242\" data-end=\"1279\">1. Wof\u00fcr wird die Nutzungsst\u00f6rung verwendet?<\/strong><br data-start=\"1279\" data-end=\"1282\" \/>Es ist ein medizinischer Begriff, der zur Diagnose von Drogenabh\u00e4ngigkeit verwendet wird.<\/p>\n<p data-start=\"1341\" data-end=\"1457\"><strong data-start=\"1341\" data-end=\"1378\">2. Warum ist eine Konsumst\u00f6rung gef\u00e4hrlich?<\/strong><br data-start=\"1378\" data-end=\"1381\" \/>Sie kann zu einer Verschlechterung der Gesundheit, zum Scheitern von Beziehungen, zum Verlust des Arbeitsplatzes und zur \u00dcberdosierung f\u00fchren.<\/p>\n<p data-start=\"1459\" data-end=\"1560\"><strong data-start=\"1459\" data-end=\"1489\">3. Wie sieht sie aus?<\/strong><br data-start=\"1489\" data-end=\"1492\" \/>Wiederholter Drogenkonsum, Verleugnung, Entzugserscheinungen und Kontrollverlust.<\/p>\n<p data-start=\"1562\" data-end=\"1677\"><strong data-start=\"1562\" data-end=\"1607\">4. Kann sich jemand von einer Abh\u00e4ngigkeitserkrankung erholen?<\/strong><br data-start=\"1607\" data-end=\"1610\" \/>Ja. Viele Menschen erholen sich mit der richtigen Unterst\u00fctzung und langfristiger Hilfe.<\/p>\n<p data-start=\"1679\" data-end=\"1801\"><strong data-start=\"1679\" data-end=\"1723\">5. Wie kann man wissen, ob man es hat?<\/strong><br data-start=\"1723\" data-end=\"1726\" \/>Wenn der Drogenkonsum Probleme verursacht, aber trotzdem fortgesetzt wird, kann es sich um eine Konsumst\u00f6rung handeln.<\/p>\t\t\t\t\t\t\t\t<\/div>\n\t\t\t\t<\/div>\n\t\t\t\t<div class=\"elementor-element elementor-element-3c88435 elementor-widget elementor-widget-html\" data-id=\"3c88435\" data-element_type=\"widget\" data-e-type=\"widget\" data-widget_type=\"html.default\">\n\t\t\t\t<div class=\"elementor-widget-container\">\n\t\t\t\t\t<script type=\"application\/ld+json\">{\n    \"@context\": \"https:\\\/\\\/schema.org\",\n    \"@type\": \"WebPage\",\n    \"name\": \"What is Use Disorder?\",\n    \"url\": \"https:\\\/\\\/www.narconon.online\\\/glossary\\\/what-is-use-disorder\\\/\",\n    \"description\": \"Use disorder is the medical term for drug or alcohol addiction. Learn the symptoms, dangers, and how to get help and recover.\",\n    \"datePublished\": \"2025-07-23\",\n    \"publisher\": {\n        \"@type\": \"Organization\",\n        \"name\": \"Narconon Europe\",\n        \"url\": \"https:\\\/\\\/www.narcononeurope.dk\"\n    },\n    \"mainEntity\": {\n        \"@type\": \"FAQPage\",\n        \"mainEntity\": [\n            {\n                \"@type\": \"Question\",\n                \"name\": \"What is use disorder used for?\",\n                \"acceptedAnswer\": {\n                    \"@type\": \"Answer\",\n                    \"text\": \"It\\u2019s a medical term used to diagnose substance addiction.\"\n                }\n            },\n            {\n                \"@type\": \"Question\",\n                \"name\": \"Why is use disorder dangerous?\",\n                \"acceptedAnswer\": {\n                    \"@type\": \"Answer\",\n                    \"text\": \"It can lead to health decline, broken relationships, job loss, and overdose.\"\n                }\n            },\n            {\n                \"@type\": \"Question\",\n                \"name\": \"What does it look like?\",\n                \"acceptedAnswer\": {\n                    \"@type\": \"Answer\",\n                    \"text\": \"Repeated drug use, denial, withdrawal symptoms, and loss of control.\"\n                }\n            },\n            {\n                \"@type\": \"Question\",\n                \"name\": \"Can someone recover from use disorder?\",\n                \"acceptedAnswer\": {\n                    \"@type\": \"Answer\",\n                    \"text\": \"Yes. Many people recover with the right support and long-term help.\"\n                }\n            },\n            {\n                \"@type\": \"Question\",\n                \"name\": \"How can someone know if they have it?\",\n                \"acceptedAnswer\": {\n                    \"@type\": \"Answer\",\n                    \"text\": \"If drug use causes problems but continues anyway, it may be a use disorder.\"\n                }\n            }\n        ]\n    }\n}<\/script>\r\n\t\t\t\t<\/div>\n\t\t\t\t<\/div>\n\t\t\t\t\t<\/div>\n\t\t\t\t<\/div>\n\t\t\t\t<\/div>","protected":false},"excerpt":{"rendered":"<p>Use disorder is a medical term for addiction to a substance like drugs or alcohol. It describes a pattern where [&hellip;]<\/p>","protected":false},"author":43,"featured_media":0,"parent":5868,"menu_order":0,"comment_status":"closed","ping_status":"closed","template":"","meta":{"_acf_changed":false,"site-sidebar-layout":"default","site-content-layout":"","ast-site-content-layout":"default","site-content-style":"default","site-sidebar-style":"default","ast-global-header-display":"","ast-banner-title-visibility":"","ast-main-header-display":"","ast-hfb-above-header-display":"","ast-hfb-below-header-display":"","ast-hfb-mobile-header-display":"","site-post-title":"","ast-breadcrumbs-content":"","ast-featured-img":"","footer-sml-layout":"","ast-disable-related-posts":"","theme-transparent-header-meta":"","adv-header-id-meta":"","stick-header-meta":"","header-above-stick-meta":"","header-main-stick-meta":"","header-below-stick-meta":"","astra-migrate-meta-layouts":"default","ast-page-background-enabled":"default","ast-page-background-meta":{"desktop":{"background-color":"var(--ast-global-color-5)","background-image":"","background-repeat":"repeat","background-position":"center center","background-size":"auto","background-attachment":"scroll","background-type":"","background-media":"","overlay-type":"","overlay-color":"","overlay-opacity":"","overlay-gradient":""},"tablet":{"background-color":"","background-image":"","background-repeat":"repeat","background-position":"center center","background-size":"auto","background-attachment":"scroll","background-type":"","background-media":"","overlay-type":"","overlay-color":"","overlay-opacity":"","overlay-gradient":""},"mobile":{"background-color":"","background-image":"","background-repeat":"repeat","background-position":"center center","background-size":"auto","background-attachment":"scroll","background-type":"","background-media":"","overlay-type":"","overlay-color":"","overlay-opacity":"","overlay-gradient":""}},"ast-content-background-meta":{"desktop":{"background-color":"var(--ast-global-color-4)","background-image":"","background-repeat":"repeat","background-position":"center center","background-size":"auto","background-attachment":"scroll","background-type":"","background-media":"","overlay-type":"","overlay-color":"","overlay-opacity":"","overlay-gradient":""},"tablet":{"background-color":"var(--ast-global-color-4)","background-image":"","background-repeat":"repeat","background-position":"center center","background-size":"auto","background-attachment":"scroll","background-type":"","background-media":"","overlay-type":"","overlay-color":"","overlay-opacity":"","overlay-gradient":""},"mobile":{"background-color":"var(--ast-global-color-4)","background-image":"","background-repeat":"repeat","background-position":"center center","background-size":"auto","background-attachment":"scroll","background-type":"","background-media":"","overlay-type":"","overlay-color":"","overlay-opacity":"","overlay-gradient":""}},"footnotes":""},"class_list":["post-6335","page","type-page","status-publish","hentry"],"acf":[],"yoast_head":"<!-- This site is optimized with the Yoast SEO Premium plugin v26.6 (Yoast SEO v26.6) - https:\/\/yoast.com\/wordpress\/plugins\/seo\/ -->\n<title>What Is Use Disorder and Its Impact on Health<\/title>\n<meta name=\"description\" content=\"Uncover what is use disorder and its impact on health. Understand addiction patterns and the path to recovery.\" \/>\n<meta name=\"robots\" content=\"index, follow, max-snippet:-1, max-image-preview:large, max-video-preview:-1\" \/>\n<link rel=\"canonical\" href=\"https:\/\/www.narconon.online\/de\/glossar\/was-ist-eine-konsumstorung\/\" \/>\n<meta property=\"og:locale\" content=\"de_DE\" \/>\n<meta property=\"og:type\" content=\"article\" \/>\n<meta property=\"og:title\" content=\"What is Use Disorder?\" \/>\n<meta property=\"og:description\" content=\"Uncover what is use disorder and its impact on health. Understand addiction patterns and the path to recovery.\" \/>\n<meta property=\"og:url\" content=\"https:\/\/www.narconon.online\/de\/glossar\/was-ist-eine-konsumstorung\/\" \/>\n<meta property=\"og:site_name\" content=\"Narconon Europe\" \/>\n<meta property=\"article:publisher\" content=\"https:\/\/www.facebook.com\/narcononeu\" \/>\n<meta property=\"article:modified_time\" content=\"2025-07-24T14:48:56+00:00\" \/>\n<meta property=\"og:image\" content=\"https:\/\/www.narconon.online\/wp-content\/uploads\/2025\/07\/freepik__a-splitscene-concept-on-one-side-a-person-struggli__80949.webp\" \/>\n\t<meta property=\"og:image:width\" content=\"1392\" \/>\n\t<meta property=\"og:image:height\" content=\"752\" \/>\n\t<meta property=\"og:image:type\" content=\"image\/webp\" \/>\n<meta name=\"twitter:card\" content=\"summary_large_image\" \/>\n<meta name=\"twitter:site\" content=\"@NARCONONEurope\" \/>\n<meta name=\"twitter:label1\" content=\"Gesch\u00e4tzte Lesezeit\" \/>\n\t<meta name=\"twitter:data1\" content=\"2\u00a0Minuten\" \/>\n<script type=\"application\/ld+json\" class=\"yoast-schema-graph\">{\"@context\":\"https:\/\/schema.org\",\"@graph\":[{\"@type\":\"WebPage\",\"@id\":\"https:\/\/www.narconon.online\/glossary\/what-is-use-disorder\/\",\"url\":\"https:\/\/www.narconon.online\/glossary\/what-is-use-disorder\/\",\"name\":\"What Is Use Disorder and Its Impact on Health\",\"isPartOf\":{\"@id\":\"https:\/\/www.narconon.online\/#website\"},\"primaryImageOfPage\":{\"@id\":\"https:\/\/www.narconon.online\/glossary\/what-is-use-disorder\/#primaryimage\"},\"image\":{\"@id\":\"https:\/\/www.narconon.online\/glossary\/what-is-use-disorder\/#primaryimage\"},\"thumbnailUrl\":\"https:\/\/www.narconon.online\/wp-content\/uploads\/2025\/07\/freepik__a-splitscene-concept-on-one-side-a-person-struggli__80949.webp\",\"datePublished\":\"2025-07-23T20:01:12+00:00\",\"dateModified\":\"2025-07-24T14:48:56+00:00\",\"description\":\"Uncover what is use disorder and its impact on health. Understand addiction patterns and the path to recovery.\",\"breadcrumb\":{\"@id\":\"https:\/\/www.narconon.online\/glossary\/what-is-use-disorder\/#breadcrumb\"},\"inLanguage\":\"de\",\"potentialAction\":[{\"@type\":\"ReadAction\",\"target\":[\"https:\/\/www.narconon.online\/glossary\/what-is-use-disorder\/\"]}]},{\"@type\":\"ImageObject\",\"inLanguage\":\"de\",\"@id\":\"https:\/\/www.narconon.online\/glossary\/what-is-use-disorder\/#primaryimage\",\"url\":\"https:\/\/www.narconon.online\/wp-content\/uploads\/2025\/07\/freepik__a-splitscene-concept-on-one-side-a-person-struggli__80949.webp\",\"contentUrl\":\"https:\/\/www.narconon.online\/wp-content\/uploads\/2025\/07\/freepik__a-splitscene-concept-on-one-side-a-person-struggli__80949.webp\"},{\"@type\":\"BreadcrumbList\",\"@id\":\"https:\/\/www.narconon.online\/glossary\/what-is-use-disorder\/#breadcrumb\",\"itemListElement\":[{\"@type\":\"ListItem\",\"position\":1,\"name\":\"Home\",\"item\":\"https:\/\/www.narconon.online\/\"},{\"@type\":\"ListItem\",\"position\":2,\"name\":\"Glossary of Drug Terms and Definitions\",\"item\":\"https:\/\/www.narconon.online\/glossary\/\"},{\"@type\":\"ListItem\",\"position\":3,\"name\":\"What is Use Disorder?\"}]},{\"@type\":\"WebSite\",\"@id\":\"https:\/\/www.narconon.online\/#website\",\"url\":\"https:\/\/www.narconon.online\/\",\"name\":\"Narconon Europe\",\"description\":\"Drug Free For Good\",\"publisher\":{\"@id\":\"https:\/\/www.narconon.online\/#organization\"},\"potentialAction\":[{\"@type\":\"SearchAction\",\"target\":{\"@type\":\"EntryPoint\",\"urlTemplate\":\"https:\/\/www.narconon.online\/?s={search_term_string}\"},\"query-input\":{\"@type\":\"PropertyValueSpecification\",\"valueRequired\":true,\"valueName\":\"search_term_string\"}}],\"inLanguage\":\"de\"},{\"@type\":\"Organization\",\"@id\":\"https:\/\/www.narconon.online\/#organization\",\"name\":\"Narconon Europe\",\"url\":\"https:\/\/www.narconon.online\/\",\"logo\":{\"@type\":\"ImageObject\",\"inLanguage\":\"de\",\"@id\":\"https:\/\/www.narconon.online\/#\/schema\/logo\/image\/\",\"url\":\"https:\/\/www.narconon.online\/wp-content\/uploads\/2025\/03\/Logo-Narconon-Europe-2.png\",\"contentUrl\":\"https:\/\/www.narconon.online\/wp-content\/uploads\/2025\/03\/Logo-Narconon-Europe-2.png\",\"width\":2000,\"height\":707,\"caption\":\"Narconon Europe\"},\"image\":{\"@id\":\"https:\/\/www.narconon.online\/#\/schema\/logo\/image\/\"},\"sameAs\":[\"https:\/\/www.facebook.com\/narcononeu\",\"https:\/\/x.com\/NARCONONEurope\",\"https:\/\/www.instagram.com\/narconon.europe\/\",\"https:\/\/www.youtube.com\/channel\/UCNUxvhoqZZCAxXCYO4K7MvA\",\"https:\/\/www.tiktok.com\/@narconon.europe\"]}]}<\/script>\n<!-- \/ Yoast SEO Premium plugin. -->","yoast_head_json":{"title":"Was ist eine Konsumst\u00f6rung und welche Auswirkungen hat sie auf die Gesundheit?","description":"Herausfinden, was eine Konsumst\u00f6rung ist und welche Auswirkungen sie auf die Gesundheit hat. Verstehen Sie die Suchtmuster und den Weg zur Genesung.","robots":{"index":"index","follow":"follow","max-snippet":"max-snippet:-1","max-image-preview":"max-image-preview:large","max-video-preview":"max-video-preview:-1"},"canonical":"https:\/\/www.narconon.online\/de\/glossar\/was-ist-eine-konsumstorung\/","og_locale":"de_DE","og_type":"article","og_title":"What is Use Disorder?","og_description":"Uncover what is use disorder and its impact on health. Understand addiction patterns and the path to recovery.","og_url":"https:\/\/www.narconon.online\/de\/glossar\/was-ist-eine-konsumstorung\/","og_site_name":"Narconon Europe","article_publisher":"https:\/\/www.facebook.com\/narcononeu","article_modified_time":"2025-07-24T14:48:56+00:00","og_image":[{"width":1392,"height":752,"url":"https:\/\/www.narconon.online\/wp-content\/uploads\/2025\/07\/freepik__a-splitscene-concept-on-one-side-a-person-struggli__80949.webp","type":"image\/webp"}],"twitter_card":"summary_large_image","twitter_site":"@NARCONONEurope","twitter_misc":{"Gesch\u00e4tzte Lesezeit":"2\u00a0Minuten"},"schema":{"@context":"https:\/\/schema.org","@graph":[{"@type":"WebPage","@id":"https:\/\/www.narconon.online\/glossary\/what-is-use-disorder\/","url":"https:\/\/www.narconon.online\/glossary\/what-is-use-disorder\/","name":"Was ist eine Konsumst\u00f6rung und welche Auswirkungen hat sie auf die Gesundheit?","isPartOf":{"@id":"https:\/\/www.narconon.online\/#website"},"primaryImageOfPage":{"@id":"https:\/\/www.narconon.online\/glossary\/what-is-use-disorder\/#primaryimage"},"image":{"@id":"https:\/\/www.narconon.online\/glossary\/what-is-use-disorder\/#primaryimage"},"thumbnailUrl":"https:\/\/www.narconon.online\/wp-content\/uploads\/2025\/07\/freepik__a-splitscene-concept-on-one-side-a-person-struggli__80949.webp","datePublished":"2025-07-23T20:01:12+00:00","dateModified":"2025-07-24T14:48:56+00:00","description":"Herausfinden, was eine Konsumst\u00f6rung ist und welche Auswirkungen sie auf die Gesundheit hat. Verstehen Sie die Suchtmuster und den Weg zur Genesung.","breadcrumb":{"@id":"https:\/\/www.narconon.online\/glossary\/what-is-use-disorder\/#breadcrumb"},"inLanguage":"de","potentialAction":[{"@type":"ReadAction","target":["https:\/\/www.narconon.online\/glossary\/what-is-use-disorder\/"]}]},{"@type":"ImageObject","inLanguage":"de","@id":"https:\/\/www.narconon.online\/glossary\/what-is-use-disorder\/#primaryimage","url":"https:\/\/www.narconon.online\/wp-content\/uploads\/2025\/07\/freepik__a-splitscene-concept-on-one-side-a-person-struggli__80949.webp","contentUrl":"https:\/\/www.narconon.online\/wp-content\/uploads\/2025\/07\/freepik__a-splitscene-concept-on-one-side-a-person-struggli__80949.webp"},{"@type":"BreadcrumbList","@id":"https:\/\/www.narconon.online\/glossary\/what-is-use-disorder\/#breadcrumb","itemListElement":[{"@type":"ListItem","position":1,"name":"Home","item":"https:\/\/www.narconon.online\/"},{"@type":"ListItem","position":2,"name":"Glossary of Drug Terms and Definitions","item":"https:\/\/www.narconon.online\/glossary\/"},{"@type":"ListItem","position":3,"name":"What is Use Disorder?"}]},{"@type":"WebSite","@id":"https:\/\/www.narconon.online\/#website","url":"https:\/\/www.narconon.online\/","name":"Narconon Europa","description":"Endg\u00fcltig drogenfrei","publisher":{"@id":"https:\/\/www.narconon.online\/#organization"},"potentialAction":[{"@type":"SearchAction","target":{"@type":"EntryPoint","urlTemplate":"https:\/\/www.narconon.online\/?s={search_term_string}"},"query-input":{"@type":"PropertyValueSpecification","valueRequired":true,"valueName":"search_term_string"}}],"inLanguage":"de"},{"@type":"Organization","@id":"https:\/\/www.narconon.online\/#organization","name":"Narconon Europa","url":"https:\/\/www.narconon.online\/","logo":{"@type":"ImageObject","inLanguage":"de","@id":"https:\/\/www.narconon.online\/#\/schema\/logo\/image\/","url":"https:\/\/www.narconon.online\/wp-content\/uploads\/2025\/03\/Logo-Narconon-Europe-2.png","contentUrl":"https:\/\/www.narconon.online\/wp-content\/uploads\/2025\/03\/Logo-Narconon-Europe-2.png","width":2000,"height":707,"caption":"Narconon Europe"},"image":{"@id":"https:\/\/www.narconon.online\/#\/schema\/logo\/image\/"},"sameAs":["https:\/\/www.facebook.com\/narcononeu","https:\/\/x.com\/NARCONONEurope","https:\/\/www.instagram.com\/narconon.europe\/","https:\/\/www.youtube.com\/channel\/UCNUxvhoqZZCAxXCYO4K7MvA","https:\/\/www.tiktok.com\/@narconon.europe"]}]}},"_links":{"self":[{"href":"https:\/\/www.narconon.online\/de\/wp-json\/wp\/v2\/pages\/6335","targetHints":{"allow":["GET"]}}],"collection":[{"href":"https:\/\/www.narconon.online\/de\/wp-json\/wp\/v2\/pages"}],"about":[{"href":"https:\/\/www.narconon.online\/de\/wp-json\/wp\/v2\/types\/page"}],"author":[{"embeddable":true,"href":"https:\/\/www.narconon.online\/de\/wp-json\/wp\/v2\/users\/43"}],"replies":[{"embeddable":true,"href":"https:\/\/www.narconon.online\/de\/wp-json\/wp\/v2\/comments?post=6335"}],"version-history":[{"count":13,"href":"https:\/\/www.narconon.online\/de\/wp-json\/wp\/v2\/pages\/6335\/revisions"}],"predecessor-version":[{"id":6600,"href":"https:\/\/www.narconon.online\/de\/wp-json\/wp\/v2\/pages\/6335\/revisions\/6600"}],"up":[{"embeddable":true,"href":"https:\/\/www.narconon.online\/de\/wp-json\/wp\/v2\/pages\/5868"}],"wp:attachment":[{"href":"https:\/\/www.narconon.online\/de\/wp-json\/wp\/v2\/media?parent=6335"}],"curies":[{"name":"wp","href":"https:\/\/api.w.org\/{rel}","templated":true}]}}