{"id":6105,"date":"2025-07-23T16:32:16","date_gmt":"2025-07-23T14:32:16","guid":{"rendered":"https:\/\/www.narconon.online\/?page_id=6105"},"modified":"2025-07-24T15:07:13","modified_gmt":"2025-07-24T13:07:13","slug":"was-sind-ruckblenden","status":"publish","type":"page","link":"https:\/\/www.narconon.online\/de\/glossar\/was-sind-ruckblenden\/","title":{"rendered":"Was ist Flashback?"},"content":{"rendered":"<div data-elementor-type=\"wp-page\" data-elementor-id=\"6105\" class=\"elementor elementor-6105\" data-elementor-post-type=\"page\">\n\t\t\t\t<div class=\"elementor-element elementor-element-14d08559 e-flex e-con-boxed e-con e-parent\" data-id=\"14d08559\" data-element_type=\"container\" data-e-type=\"container\">\n\t\t\t\t\t<div class=\"e-con-inner\">\n\t\t<div class=\"elementor-element elementor-element-1cae676 e-grid e-con-full e-con e-child\" data-id=\"1cae676\" data-element_type=\"container\" data-e-type=\"container\">\n\t\t\t\t<div class=\"elementor-element elementor-element-ddfcbba elementor-widget elementor-widget-text-editor\" data-id=\"ddfcbba\" data-element_type=\"widget\" data-e-type=\"widget\" data-widget_type=\"text-editor.default\">\n\t\t\t\t<div class=\"elementor-widget-container\">\n\t\t\t\t\t\t\t\t\t<p data-start=\"229\" data-end=\"479\"><strong data-start=\"229\" data-end=\"279\">Ein Flashback ist ein pl\u00f6tzliches Wiederauftreten von Drogeneffekten<\/strong> lange nachdem die Substanz den K\u00f6rper verlassen hat. Es f\u00fchlt sich an wie <strong data-start=\"338\" data-end=\"370\">einen Teil eines Drogentrips nacherleben<\/strong>auch wenn die Person n\u00fcchtern ist. Flashbacks sind am h\u00e4ufigsten verbunden mit <strong data-start=\"441\" data-end=\"478\">Halluzinogene wie LSD oder Ecstasy<\/strong>.<\/p>\n<p data-start=\"481\" data-end=\"722\">Sie k\u00f6nnen Folgendes verursachen <strong data-start=\"496\" data-end=\"538\">visuelle Verzerrungen, seltsame Empfindungen<\/strong>oder intensive Gef\u00fchle - oft ohne Vorwarnung. Ausl\u00f6ser k\u00f6nnen sein <strong data-start=\"604\" data-end=\"640\">Stress, M\u00fcdigkeit, helles Licht<\/strong>oder bestimmte Ger\u00e4usche. Eine Person kann sich w\u00e4hrend des Anfalls verwirrt oder desorientiert f\u00fchlen.<\/p>\n<p data-start=\"724\" data-end=\"953\">Flashbacks k\u00f6nnen sein <strong data-start=\"742\" data-end=\"772\">st\u00f6rend und ablenkend<\/strong>vor allem in der \u00d6ffentlichkeit oder bei einer wichtigen T\u00e4tigkeit. Sie sind zwar nicht k\u00f6rperlich sch\u00e4dlich, aber es kann f\u00fcr jemanden schwieriger sein, sich zu konzentrieren, ruhig zu bleiben oder sich in seiner Umgebung sicher zu f\u00fchlen.<\/p>\t\t\t\t\t\t\t\t<\/div>\n\t\t\t\t<\/div>\n\t\t\t\t<div class=\"elementor-element elementor-element-8f955ba elementor-widget elementor-widget-image\" data-id=\"8f955ba\" data-element_type=\"widget\" data-e-type=\"widget\" data-widget_type=\"image.default\">\n\t\t\t\t<div class=\"elementor-widget-container\">\n\t\t\t\t\t\t\t\t\t\t\t\t\t\t\t<img fetchpriority=\"high\" decoding=\"async\" width=\"1392\" height=\"752\" src=\"https:\/\/www.narconon.online\/wp-content\/uploads\/2025\/07\/freepik__interior-of-a-dim-silent-living-room-at-night-a-yo__41441.webp\" class=\"attachment-full size-full wp-image-6090\" alt=\"Person, die in einem verzerrten Raum mehrschichtige visuelle Verzerrungen und Neon-Halluzinationen erlebt, was einen halluzinogenen Drogen-Flashback symbolisiert\" srcset=\"https:\/\/www.narconon.online\/wp-content\/uploads\/2025\/07\/freepik__interior-of-a-dim-silent-living-room-at-night-a-yo__41441.webp 1392w, https:\/\/www.narconon.online\/wp-content\/uploads\/2025\/07\/freepik__interior-of-a-dim-silent-living-room-at-night-a-yo__41441-300x162.webp 300w, https:\/\/www.narconon.online\/wp-content\/uploads\/2025\/07\/freepik__interior-of-a-dim-silent-living-room-at-night-a-yo__41441-1024x553.webp 1024w, https:\/\/www.narconon.online\/wp-content\/uploads\/2025\/07\/freepik__interior-of-a-dim-silent-living-room-at-night-a-yo__41441-768x415.webp 768w, https:\/\/www.narconon.online\/wp-content\/uploads\/2025\/07\/freepik__interior-of-a-dim-silent-living-room-at-night-a-yo__41441-18x10.webp 18w\" sizes=\"(max-width: 1392px) 100vw, 1392px\" \/>\t\t\t\t\t\t\t\t\t\t\t\t\t\t\t<\/div>\n\t\t\t\t<\/div>\n\t\t\t\t<\/div>\n\t\t\t\t\t<\/div>\n\t\t\t\t<\/div>\n\t\t<div class=\"elementor-element elementor-element-064fdba e-flex e-con-boxed e-con e-parent\" data-id=\"064fdba\" data-element_type=\"container\" data-e-type=\"container\">\n\t\t\t\t\t<div class=\"e-con-inner\">\n\t\t<div class=\"elementor-element elementor-element-ecec8f5 e-grid e-con-full e-con e-child\" data-id=\"ecec8f5\" data-element_type=\"container\" data-e-type=\"container\">\n\t\t\t\t<div class=\"elementor-element elementor-element-0f0e55c elementor-widget elementor-widget-text-editor\" data-id=\"0f0e55c\" data-element_type=\"widget\" data-e-type=\"widget\" data-widget_type=\"text-editor.default\">\n\t\t\t\t<div class=\"elementor-widget-container\">\n\t\t\t\t\t\t\t\t\t<h3 id=\"h-related-terms\" class=\"wp-block-heading\">\ud83e\udde0 Verwandte Begriffe<\/h3>\n<ul data-spread=\"false\" data-pm-slice=\"3 3 []\">\n<li><a href=\"https:\/\/www.narconon.online\/de\/glossar\/was-ist-lsd\/\">LSD<\/a><\/li>\n<li><a href=\"https:\/\/www.narconon.online\/de\/glossar\/was-ist-badesalz\/\">Badesalz<\/a><\/li>\n<li>\n<p><a href=\"https:\/\/www.narconon.online\/de\/glossar\/was-sind-halluzinogene\/\">Halluzinogene<\/a><\/p>\n<\/li>\n<li>\n<p><a href=\"https:\/\/www.narconon.online\/de\/glossar\/\">Glossar Index<\/a><\/p>\n<\/li>\n<\/ul>\t\t\t\t\t\t\t\t<\/div>\n\t\t\t\t<\/div>\n\t\t\t\t<div class=\"elementor-element elementor-element-03e5102 elementor-widget elementor-widget-text-editor\" data-id=\"03e5102\" data-element_type=\"widget\" data-e-type=\"widget\" data-widget_type=\"text-editor.default\">\n\t\t\t\t<div class=\"elementor-widget-container\">\n\t\t\t\t\t\t\t\t\t<p id=\"h-related-terms\" class=\"wp-block-heading\">\ud83d\udc49 Erfahren Sie mehr \u00fcber Pr\u00e4vention:<br \/><a class=\"\" href=\"https:\/\/www.narcononeurope.dk\/en\/drug-abuse\/\" target=\"_blank\" rel=\"noopener\">Narconon Europe - Hilfe bei Drogenmissbrauch<\/a><\/p>\n<p><!-- \/wp:list-item --><\/p>\n<p><!-- \/wp:list --><!-- wp:paragraph --><\/p>\n<p>\ud83d\udc49 Weitere Bildungsinhalte finden Sie in unserem <a class=\"\" href=\"https:\/\/www.narconon.online\/de\/materialien-zur-drogenpravention\/\">Materialien zur Drogenerziehung und -pr\u00e4vention<\/a><\/p>\t\t\t\t\t\t\t\t<\/div>\n\t\t\t\t<\/div>\n\t\t\t\t<\/div>\n\t\t\t\t<div class=\"elementor-element elementor-element-1497776 elementor-widget elementor-widget-heading\" data-id=\"1497776\" data-element_type=\"widget\" data-e-type=\"widget\" data-widget_type=\"heading.default\">\n\t\t\t\t<div class=\"elementor-widget-container\">\n\t\t\t\t\t<h2 class=\"elementor-heading-title elementor-size-default\">\u2753H\u00e4ufig gestellte Fragen zu Flashback<\/h2>\t\t\t\t<\/div>\n\t\t\t\t<\/div>\n\t\t\t\t<div class=\"elementor-element elementor-element-a24ee80 elementor-widget elementor-widget-text-editor\" data-id=\"a24ee80\" data-element_type=\"widget\" data-e-type=\"widget\" data-widget_type=\"text-editor.default\">\n\t\t\t\t<div class=\"elementor-widget-container\">\n\t\t\t\t\t\t\t\t\t<p data-start=\"1263\" data-end=\"1372\"><strong data-start=\"1263\" data-end=\"1297\">1. Wozu dient die R\u00fcckblende?<\/strong><br data-start=\"1297\" data-end=\"1300\" \/>Sie wird nicht absichtlich eingesetzt, sondern ist eine unerw\u00fcnschte Wiederholung von Arzneimittelwirkungen.<\/p>\n<p data-start=\"1374\" data-end=\"1513\"><strong data-start=\"1374\" data-end=\"1408\">2. Warum ist ein Flashback gef\u00e4hrlich?<\/strong><br data-start=\"1408\" data-end=\"1411\" \/>Sie kann Verwirrung, Angst, Panik oder emotionale Not verursachen, insbesondere in \u00f6ffentlichen oder unsicheren Situationen.<\/p>\n<p data-start=\"1515\" data-end=\"1642\"><strong data-start=\"1515\" data-end=\"1545\">3. Wie sieht sie aus?<\/strong><br data-start=\"1545\" data-end=\"1548\" \/>Es f\u00fchlt sich an wie das Wiedererleben von Teilen eines Drogentrips: visuelle Ver\u00e4nderungen, verzerrte Wahrnehmungen oder Stimmungsschwankungen.<\/p>\n<p data-start=\"1644\" data-end=\"1790\"><strong data-start=\"1644\" data-end=\"1694\">4. Kann jemand einen Flashback ohne Drogen haben?<\/strong><br data-start=\"1694\" data-end=\"1697\" \/>Ja, Flashbacks treten auch ohne erneuten Konsum der Droge auf, manchmal ausgel\u00f6st durch Stress oder sensorische Reize.<\/p>\n<p data-start=\"1792\" data-end=\"1923\"><strong data-start=\"1792\" data-end=\"1832\">5. Wie kann man Flashbacks vermeiden?<\/strong><br data-start=\"1832\" data-end=\"1835\" \/>Vermeiden Sie Halluzinogene, reduzieren Sie Stress, sorgen Sie f\u00fcr ausreichend Schlaf und suchen Sie Hilfe, wenn die Symptome anhalten.<\/p>\t\t\t\t\t\t\t\t<\/div>\n\t\t\t\t<\/div>\n\t\t\t\t<div class=\"elementor-element elementor-element-3c88435 elementor-widget elementor-widget-html\" data-id=\"3c88435\" data-element_type=\"widget\" data-e-type=\"widget\" data-widget_type=\"html.default\">\n\t\t\t\t<div class=\"elementor-widget-container\">\n\t\t\t\t\t<script type=\"application\/ld+json\">{\n    \"@context\": \"https:\\\/\\\/schema.org\",\n    \"@type\": \"WebPage\",\n    \"name\": \"What is Flashback?\",\n    \"url\": \"https:\\\/\\\/www.narconon.online\\\/glossary\\\/what-is-flashback\\\/\",\n    \"description\": \"A flashback is a sudden return of drug effects even when sober. Learn what it feels like, what triggers it, and how to prevent disturbing episodes.\",\n    \"datePublished\": \"2025-07-23\",\n    \"publisher\": {\n        \"@type\": \"Organization\",\n        \"name\": \"Narconon Europe\",\n        \"url\": \"https:\\\/\\\/www.narcononeurope.dk\"\n    },\n    \"mainEntity\": {\n        \"@type\": \"FAQPage\",\n        \"mainEntity\": [\n            {\n                \"@type\": \"Question\",\n                \"name\": \"What is flashback used for?\",\n                \"acceptedAnswer\": {\n                    \"@type\": \"Answer\",\n                    \"text\": \"It\\u2019s not used intentionally\\u2014it\\u2019s an unwanted recurrence of drug effects.\"\n                }\n            },\n            {\n                \"@type\": \"Question\",\n                \"name\": \"Why is flashback dangerous?\",\n                \"acceptedAnswer\": {\n                    \"@type\": \"Answer\",\n                    \"text\": \"It can cause confusion, fear, panic, or emotional distress, especially in public or unsafe situations.\"\n                }\n            },\n            {\n                \"@type\": \"Question\",\n                \"name\": \"What does it look like?\",\n                \"acceptedAnswer\": {\n                    \"@type\": \"Answer\",\n                    \"text\": \"It feels like reliving parts of a drug trip: visual changes, distorted senses, or mood swings.\"\n                }\n            },\n            {\n                \"@type\": \"Question\",\n                \"name\": \"Can someone have a flashback without drugs?\",\n                \"acceptedAnswer\": {\n                    \"@type\": \"Answer\",\n                    \"text\": \"Yes, flashbacks occur without reusing the drug\\u2014sometimes triggered by stress or sensory cues.\"\n                }\n            },\n            {\n                \"@type\": \"Question\",\n                \"name\": \"How can someone avoid flashbacks?\",\n                \"acceptedAnswer\": {\n                    \"@type\": \"Answer\",\n                    \"text\": \"Avoid hallucinogens, reduce stress, get enough sleep, and seek help if symptoms persist.\"\n                }\n            }\n        ]\n    }\n}<\/script>\r\n\t\t\t\t<\/div>\n\t\t\t\t<\/div>\n\t\t\t\t\t<\/div>\n\t\t\t\t<\/div>\n\t\t\t\t<\/div>","protected":false},"excerpt":{"rendered":"<p>A flashback is a sudden return of drug effects long after the substance has left the body. It feels like [&hellip;]<\/p>","protected":false},"author":43,"featured_media":0,"parent":5868,"menu_order":0,"comment_status":"closed","ping_status":"closed","template":"","meta":{"_acf_changed":false,"site-sidebar-layout":"default","site-content-layout":"","ast-site-content-layout":"default","site-content-style":"default","site-sidebar-style":"default","ast-global-header-display":"","ast-banner-title-visibility":"","ast-main-header-display":"","ast-hfb-above-header-display":"","ast-hfb-below-header-display":"","ast-hfb-mobile-header-display":"","site-post-title":"","ast-breadcrumbs-content":"","ast-featured-img":"","footer-sml-layout":"","ast-disable-related-posts":"","theme-transparent-header-meta":"","adv-header-id-meta":"","stick-header-meta":"","header-above-stick-meta":"","header-main-stick-meta":"","header-below-stick-meta":"","astra-migrate-meta-layouts":"default","ast-page-background-enabled":"default","ast-page-background-meta":{"desktop":{"background-color":"var(--ast-global-color-5)","background-image":"","background-repeat":"repeat","background-position":"center center","background-size":"auto","background-attachment":"scroll","background-type":"","background-media":"","overlay-type":"","overlay-color":"","overlay-opacity":"","overlay-gradient":""},"tablet":{"background-color":"","background-image":"","background-repeat":"repeat","background-position":"center center","background-size":"auto","background-attachment":"scroll","background-type":"","background-media":"","overlay-type":"","overlay-color":"","overlay-opacity":"","overlay-gradient":""},"mobile":{"background-color":"","background-image":"","background-repeat":"repeat","background-position":"center center","background-size":"auto","background-attachment":"scroll","background-type":"","background-media":"","overlay-type":"","overlay-color":"","overlay-opacity":"","overlay-gradient":""}},"ast-content-background-meta":{"desktop":{"background-color":"var(--ast-global-color-4)","background-image":"","background-repeat":"repeat","background-position":"center center","background-size":"auto","background-attachment":"scroll","background-type":"","background-media":"","overlay-type":"","overlay-color":"","overlay-opacity":"","overlay-gradient":""},"tablet":{"background-color":"var(--ast-global-color-4)","background-image":"","background-repeat":"repeat","background-position":"center center","background-size":"auto","background-attachment":"scroll","background-type":"","background-media":"","overlay-type":"","overlay-color":"","overlay-opacity":"","overlay-gradient":""},"mobile":{"background-color":"var(--ast-global-color-4)","background-image":"","background-repeat":"repeat","background-position":"center center","background-size":"auto","background-attachment":"scroll","background-type":"","background-media":"","overlay-type":"","overlay-color":"","overlay-opacity":"","overlay-gradient":""}},"footnotes":""},"class_list":["post-6105","page","type-page","status-publish","hentry"],"acf":[],"yoast_head":"<!-- This site is optimized with the Yoast SEO Premium plugin v26.6 (Yoast SEO v26.6) - https:\/\/yoast.com\/wordpress\/plugins\/seo\/ -->\n<title>What Is Flashback and Its Effects on Users?<\/title>\n<meta name=\"description\" content=\"Uncover what is flashback and how psychedelic drugs can lead to unpredictable effects including hallucinations and severe health risks.\" \/>\n<meta name=\"robots\" content=\"index, follow, max-snippet:-1, max-image-preview:large, max-video-preview:-1\" \/>\n<link rel=\"canonical\" href=\"https:\/\/www.narconon.online\/de\/glossar\/was-sind-ruckblenden\/\" \/>\n<meta property=\"og:locale\" content=\"de_DE\" \/>\n<meta property=\"og:type\" content=\"article\" \/>\n<meta property=\"og:title\" content=\"What is Flashback?\" \/>\n<meta property=\"og:description\" content=\"Uncover what is flashback and how psychedelic drugs can lead to unpredictable effects including hallucinations and severe health risks.\" \/>\n<meta property=\"og:url\" content=\"https:\/\/www.narconon.online\/de\/glossar\/was-sind-ruckblenden\/\" \/>\n<meta property=\"og:site_name\" content=\"Narconon Europe\" \/>\n<meta property=\"article:publisher\" content=\"https:\/\/www.facebook.com\/narcononeu\" \/>\n<meta property=\"article:modified_time\" content=\"2025-07-24T13:07:13+00:00\" \/>\n<meta property=\"og:image\" content=\"https:\/\/www.narconon.online\/wp-content\/uploads\/2025\/07\/freepik__interior-of-a-dim-silent-living-room-at-night-a-yo__41441.webp\" \/>\n\t<meta property=\"og:image:width\" content=\"1392\" \/>\n\t<meta property=\"og:image:height\" content=\"752\" \/>\n\t<meta property=\"og:image:type\" content=\"image\/webp\" \/>\n<meta name=\"twitter:card\" content=\"summary_large_image\" \/>\n<meta name=\"twitter:site\" content=\"@NARCONONEurope\" \/>\n<meta name=\"twitter:label1\" content=\"Gesch\u00e4tzte Lesezeit\" \/>\n\t<meta name=\"twitter:data1\" content=\"2\u00a0Minuten\" \/>\n<script type=\"application\/ld+json\" class=\"yoast-schema-graph\">{\"@context\":\"https:\/\/schema.org\",\"@graph\":[{\"@type\":\"WebPage\",\"@id\":\"https:\/\/www.narconon.online\/glossary\/what-is-flashbacks\/\",\"url\":\"https:\/\/www.narconon.online\/glossary\/what-is-flashbacks\/\",\"name\":\"What Is Flashback and Its Effects on Users?\",\"isPartOf\":{\"@id\":\"https:\/\/www.narconon.online\/#website\"},\"primaryImageOfPage\":{\"@id\":\"https:\/\/www.narconon.online\/glossary\/what-is-flashbacks\/#primaryimage\"},\"image\":{\"@id\":\"https:\/\/www.narconon.online\/glossary\/what-is-flashbacks\/#primaryimage\"},\"thumbnailUrl\":\"https:\/\/www.narconon.online\/wp-content\/uploads\/2025\/07\/freepik__interior-of-a-dim-silent-living-room-at-night-a-yo__41441.webp\",\"datePublished\":\"2025-07-23T14:32:16+00:00\",\"dateModified\":\"2025-07-24T13:07:13+00:00\",\"description\":\"Uncover what is flashback and how psychedelic drugs can lead to unpredictable effects including hallucinations and severe health risks.\",\"breadcrumb\":{\"@id\":\"https:\/\/www.narconon.online\/glossary\/what-is-flashbacks\/#breadcrumb\"},\"inLanguage\":\"de\",\"potentialAction\":[{\"@type\":\"ReadAction\",\"target\":[\"https:\/\/www.narconon.online\/glossary\/what-is-flashbacks\/\"]}]},{\"@type\":\"ImageObject\",\"inLanguage\":\"de\",\"@id\":\"https:\/\/www.narconon.online\/glossary\/what-is-flashbacks\/#primaryimage\",\"url\":\"https:\/\/www.narconon.online\/wp-content\/uploads\/2025\/07\/freepik__interior-of-a-dim-silent-living-room-at-night-a-yo__41441.webp\",\"contentUrl\":\"https:\/\/www.narconon.online\/wp-content\/uploads\/2025\/07\/freepik__interior-of-a-dim-silent-living-room-at-night-a-yo__41441.webp\"},{\"@type\":\"BreadcrumbList\",\"@id\":\"https:\/\/www.narconon.online\/glossary\/what-is-flashbacks\/#breadcrumb\",\"itemListElement\":[{\"@type\":\"ListItem\",\"position\":1,\"name\":\"Home\",\"item\":\"https:\/\/www.narconon.online\/\"},{\"@type\":\"ListItem\",\"position\":2,\"name\":\"Glossary of Drug Terms and Definitions\",\"item\":\"https:\/\/www.narconon.online\/glossary\/\"},{\"@type\":\"ListItem\",\"position\":3,\"name\":\"What is Flashback?\"}]},{\"@type\":\"WebSite\",\"@id\":\"https:\/\/www.narconon.online\/#website\",\"url\":\"https:\/\/www.narconon.online\/\",\"name\":\"Narconon Europe\",\"description\":\"Drug Free For Good\",\"publisher\":{\"@id\":\"https:\/\/www.narconon.online\/#organization\"},\"potentialAction\":[{\"@type\":\"SearchAction\",\"target\":{\"@type\":\"EntryPoint\",\"urlTemplate\":\"https:\/\/www.narconon.online\/?s={search_term_string}\"},\"query-input\":{\"@type\":\"PropertyValueSpecification\",\"valueRequired\":true,\"valueName\":\"search_term_string\"}}],\"inLanguage\":\"de\"},{\"@type\":\"Organization\",\"@id\":\"https:\/\/www.narconon.online\/#organization\",\"name\":\"Narconon Europe\",\"url\":\"https:\/\/www.narconon.online\/\",\"logo\":{\"@type\":\"ImageObject\",\"inLanguage\":\"de\",\"@id\":\"https:\/\/www.narconon.online\/#\/schema\/logo\/image\/\",\"url\":\"https:\/\/www.narconon.online\/wp-content\/uploads\/2025\/03\/Logo-Narconon-Europe-2.png\",\"contentUrl\":\"https:\/\/www.narconon.online\/wp-content\/uploads\/2025\/03\/Logo-Narconon-Europe-2.png\",\"width\":2000,\"height\":707,\"caption\":\"Narconon Europe\"},\"image\":{\"@id\":\"https:\/\/www.narconon.online\/#\/schema\/logo\/image\/\"},\"sameAs\":[\"https:\/\/www.facebook.com\/narcononeu\",\"https:\/\/x.com\/NARCONONEurope\",\"https:\/\/www.instagram.com\/narconon.europe\/\",\"https:\/\/www.youtube.com\/channel\/UCNUxvhoqZZCAxXCYO4K7MvA\",\"https:\/\/www.tiktok.com\/@narconon.europe\"]}]}<\/script>\n<!-- \/ Yoast SEO Premium plugin. -->","yoast_head_json":{"title":"Was ist Flashback und welche Auswirkungen hat es auf die Nutzer?","description":"Erfahren Sie, was ein Flashback ist und wie psychedelische Drogen zu unvorhersehbaren Effekten wie Halluzinationen und schweren Gesundheitsrisiken f\u00fchren k\u00f6nnen.","robots":{"index":"index","follow":"follow","max-snippet":"max-snippet:-1","max-image-preview":"max-image-preview:large","max-video-preview":"max-video-preview:-1"},"canonical":"https:\/\/www.narconon.online\/de\/glossar\/was-sind-ruckblenden\/","og_locale":"de_DE","og_type":"article","og_title":"What is Flashback?","og_description":"Uncover what is flashback and how psychedelic drugs can lead to unpredictable effects including hallucinations and severe health risks.","og_url":"https:\/\/www.narconon.online\/de\/glossar\/was-sind-ruckblenden\/","og_site_name":"Narconon Europe","article_publisher":"https:\/\/www.facebook.com\/narcononeu","article_modified_time":"2025-07-24T13:07:13+00:00","og_image":[{"width":1392,"height":752,"url":"https:\/\/www.narconon.online\/wp-content\/uploads\/2025\/07\/freepik__interior-of-a-dim-silent-living-room-at-night-a-yo__41441.webp","type":"image\/webp"}],"twitter_card":"summary_large_image","twitter_site":"@NARCONONEurope","twitter_misc":{"Gesch\u00e4tzte Lesezeit":"2\u00a0Minuten"},"schema":{"@context":"https:\/\/schema.org","@graph":[{"@type":"WebPage","@id":"https:\/\/www.narconon.online\/glossary\/what-is-flashbacks\/","url":"https:\/\/www.narconon.online\/glossary\/what-is-flashbacks\/","name":"Was ist Flashback und welche Auswirkungen hat es auf die Nutzer?","isPartOf":{"@id":"https:\/\/www.narconon.online\/#website"},"primaryImageOfPage":{"@id":"https:\/\/www.narconon.online\/glossary\/what-is-flashbacks\/#primaryimage"},"image":{"@id":"https:\/\/www.narconon.online\/glossary\/what-is-flashbacks\/#primaryimage"},"thumbnailUrl":"https:\/\/www.narconon.online\/wp-content\/uploads\/2025\/07\/freepik__interior-of-a-dim-silent-living-room-at-night-a-yo__41441.webp","datePublished":"2025-07-23T14:32:16+00:00","dateModified":"2025-07-24T13:07:13+00:00","description":"Erfahren Sie, was ein Flashback ist und wie psychedelische Drogen zu unvorhersehbaren Effekten wie Halluzinationen und schweren Gesundheitsrisiken f\u00fchren k\u00f6nnen.","breadcrumb":{"@id":"https:\/\/www.narconon.online\/glossary\/what-is-flashbacks\/#breadcrumb"},"inLanguage":"de","potentialAction":[{"@type":"ReadAction","target":["https:\/\/www.narconon.online\/glossary\/what-is-flashbacks\/"]}]},{"@type":"ImageObject","inLanguage":"de","@id":"https:\/\/www.narconon.online\/glossary\/what-is-flashbacks\/#primaryimage","url":"https:\/\/www.narconon.online\/wp-content\/uploads\/2025\/07\/freepik__interior-of-a-dim-silent-living-room-at-night-a-yo__41441.webp","contentUrl":"https:\/\/www.narconon.online\/wp-content\/uploads\/2025\/07\/freepik__interior-of-a-dim-silent-living-room-at-night-a-yo__41441.webp"},{"@type":"BreadcrumbList","@id":"https:\/\/www.narconon.online\/glossary\/what-is-flashbacks\/#breadcrumb","itemListElement":[{"@type":"ListItem","position":1,"name":"Home","item":"https:\/\/www.narconon.online\/"},{"@type":"ListItem","position":2,"name":"Glossary of Drug Terms and Definitions","item":"https:\/\/www.narconon.online\/glossary\/"},{"@type":"ListItem","position":3,"name":"What is Flashback?"}]},{"@type":"WebSite","@id":"https:\/\/www.narconon.online\/#website","url":"https:\/\/www.narconon.online\/","name":"Narconon Europa","description":"Endg\u00fcltig drogenfrei","publisher":{"@id":"https:\/\/www.narconon.online\/#organization"},"potentialAction":[{"@type":"SearchAction","target":{"@type":"EntryPoint","urlTemplate":"https:\/\/www.narconon.online\/?s={search_term_string}"},"query-input":{"@type":"PropertyValueSpecification","valueRequired":true,"valueName":"search_term_string"}}],"inLanguage":"de"},{"@type":"Organization","@id":"https:\/\/www.narconon.online\/#organization","name":"Narconon Europa","url":"https:\/\/www.narconon.online\/","logo":{"@type":"ImageObject","inLanguage":"de","@id":"https:\/\/www.narconon.online\/#\/schema\/logo\/image\/","url":"https:\/\/www.narconon.online\/wp-content\/uploads\/2025\/03\/Logo-Narconon-Europe-2.png","contentUrl":"https:\/\/www.narconon.online\/wp-content\/uploads\/2025\/03\/Logo-Narconon-Europe-2.png","width":2000,"height":707,"caption":"Narconon Europe"},"image":{"@id":"https:\/\/www.narconon.online\/#\/schema\/logo\/image\/"},"sameAs":["https:\/\/www.facebook.com\/narcononeu","https:\/\/x.com\/NARCONONEurope","https:\/\/www.instagram.com\/narconon.europe\/","https:\/\/www.youtube.com\/channel\/UCNUxvhoqZZCAxXCYO4K7MvA","https:\/\/www.tiktok.com\/@narconon.europe"]}]}},"_links":{"self":[{"href":"https:\/\/www.narconon.online\/de\/wp-json\/wp\/v2\/pages\/6105","targetHints":{"allow":["GET"]}}],"collection":[{"href":"https:\/\/www.narconon.online\/de\/wp-json\/wp\/v2\/pages"}],"about":[{"href":"https:\/\/www.narconon.online\/de\/wp-json\/wp\/v2\/types\/page"}],"author":[{"embeddable":true,"href":"https:\/\/www.narconon.online\/de\/wp-json\/wp\/v2\/users\/43"}],"replies":[{"embeddable":true,"href":"https:\/\/www.narconon.online\/de\/wp-json\/wp\/v2\/comments?post=6105"}],"version-history":[{"count":9,"href":"https:\/\/www.narconon.online\/de\/wp-json\/wp\/v2\/pages\/6105\/revisions"}],"predecessor-version":[{"id":6567,"href":"https:\/\/www.narconon.online\/de\/wp-json\/wp\/v2\/pages\/6105\/revisions\/6567"}],"up":[{"embeddable":true,"href":"https:\/\/www.narconon.online\/de\/wp-json\/wp\/v2\/pages\/5868"}],"wp:attachment":[{"href":"https:\/\/www.narconon.online\/de\/wp-json\/wp\/v2\/media?parent=6105"}],"curies":[{"name":"wp","href":"https:\/\/api.w.org\/{rel}","templated":true}]}}