{"id":6070,"date":"2025-07-23T15:52:52","date_gmt":"2025-07-23T13:52:52","guid":{"rendered":"https:\/\/www.narconon.online\/?page_id=6070"},"modified":"2025-07-24T08:56:47","modified_gmt":"2025-07-24T06:56:47","slug":"was-ist-kokain","status":"publish","type":"page","link":"https:\/\/www.narconon.online\/de\/glossar\/was-ist-kokain\/","title":{"rendered":"Was ist Kokain?"},"content":{"rendered":"<div data-elementor-type=\"wp-page\" data-elementor-id=\"6070\" class=\"elementor elementor-6070\" data-elementor-post-type=\"page\">\n\t\t\t\t<div class=\"elementor-element elementor-element-14d08559 e-flex e-con-boxed e-con e-parent\" data-id=\"14d08559\" data-element_type=\"container\" data-e-type=\"container\">\n\t\t\t\t\t<div class=\"e-con-inner\">\n\t\t<div class=\"elementor-element elementor-element-1cae676 e-grid e-con-full e-con e-child\" data-id=\"1cae676\" data-element_type=\"container\" data-e-type=\"container\">\n\t\t\t\t<div class=\"elementor-element elementor-element-ddfcbba elementor-widget elementor-widget-text-editor\" data-id=\"ddfcbba\" data-element_type=\"widget\" data-e-type=\"widget\" data-widget_type=\"text-editor.default\">\n\t\t\t\t<div class=\"elementor-widget-container\">\n\t\t\t\t\t\t\t\t\t<p data-start=\"284\" data-end=\"476\"><strong data-start=\"284\" data-end=\"324\">Kokain ist eine stark stimulierende Droge<\/strong> wird aus den Bl\u00e4ttern der Kokapflanze hergestellt. Es ist in den meisten L\u00e4ndern illegal und wird in der Freizeit wegen seiner kurzzeitigen euphorischen und anregenden Wirkung konsumiert.<\/p>\n<p data-start=\"478\" data-end=\"738\">Kokain wird in der Regel in Form von <strong data-start=\"505\" data-end=\"533\">wei\u00dfes kristallines Pulver<\/strong> und ist <strong data-start=\"541\" data-end=\"595\">geschnupft, auf das Zahnfleisch gerieben oder aufgel\u00f6st und injiziert<\/strong>. Eine rauchbare Form von Kokain wird als <strong data-start=\"634\" data-end=\"643\">Riss<\/strong>. Sie verursacht <strong data-start=\"655\" data-end=\"696\">erh\u00f6hte Wachsamkeit, verminderter Appetit<\/strong>und <strong data-start=\"702\" data-end=\"737\">Gef\u00fchle von Macht oder Vertrauen<\/strong>.<\/p>\n<p data-start=\"740\" data-end=\"942\">Kokain f\u00fchrt jedoch auch zu <strong data-start=\"771\" data-end=\"810\">Sucht, Paranoia, Herzprobleme<\/strong>und <strong data-start=\"816\" data-end=\"836\">gewaltt\u00e4tiges Verhalten<\/strong>. Die Wirkung l\u00e4sst schnell nach, so dass die Konsumenten mehr einnehmen, was das Risiko erh\u00f6ht, dass <strong data-start=\"920\" data-end=\"941\">\u00dcberdosis oder Tod<\/strong>.<\/p>\t\t\t\t\t\t\t\t<\/div>\n\t\t\t\t<\/div>\n\t\t\t\t<div class=\"elementor-element elementor-element-8f955ba elementor-widget elementor-widget-image\" data-id=\"8f955ba\" data-element_type=\"widget\" data-e-type=\"widget\" data-widget_type=\"image.default\">\n\t\t\t\t<div class=\"elementor-widget-container\">\n\t\t\t\t\t\t\t\t\t\t\t\t\t\t\t<img fetchpriority=\"high\" decoding=\"async\" width=\"1392\" height=\"752\" src=\"https:\/\/www.narconon.online\/wp-content\/uploads\/2025\/07\/freepik__white-cocaine-powder-next-to-euro-banknote-and-pla__41438.webp\" class=\"attachment-full size-full wp-image-6072\" alt=\"Wei\u00dfes Kokainpulver neben einer Euro-Banknote und einer Plastikt\u00fcte auf wei\u00dfem Hintergrund\" srcset=\"https:\/\/www.narconon.online\/wp-content\/uploads\/2025\/07\/freepik__white-cocaine-powder-next-to-euro-banknote-and-pla__41438.webp 1392w, https:\/\/www.narconon.online\/wp-content\/uploads\/2025\/07\/freepik__white-cocaine-powder-next-to-euro-banknote-and-pla__41438-300x162.webp 300w, https:\/\/www.narconon.online\/wp-content\/uploads\/2025\/07\/freepik__white-cocaine-powder-next-to-euro-banknote-and-pla__41438-1024x553.webp 1024w, https:\/\/www.narconon.online\/wp-content\/uploads\/2025\/07\/freepik__white-cocaine-powder-next-to-euro-banknote-and-pla__41438-768x415.webp 768w, https:\/\/www.narconon.online\/wp-content\/uploads\/2025\/07\/freepik__white-cocaine-powder-next-to-euro-banknote-and-pla__41438-18x10.webp 18w\" sizes=\"(max-width: 1392px) 100vw, 1392px\" \/>\t\t\t\t\t\t\t\t\t\t\t\t\t\t\t<\/div>\n\t\t\t\t<\/div>\n\t\t\t\t<\/div>\n\t\t\t\t\t<\/div>\n\t\t\t\t<\/div>\n\t\t<div class=\"elementor-element elementor-element-064fdba e-flex e-con-boxed e-con e-parent\" data-id=\"064fdba\" data-element_type=\"container\" data-e-type=\"container\">\n\t\t\t\t\t<div class=\"e-con-inner\">\n\t\t<div class=\"elementor-element elementor-element-ecec8f5 e-grid e-con-full e-con e-child\" data-id=\"ecec8f5\" data-element_type=\"container\" data-e-type=\"container\">\n\t\t\t\t<div class=\"elementor-element elementor-element-0f0e55c elementor-widget elementor-widget-text-editor\" data-id=\"0f0e55c\" data-element_type=\"widget\" data-e-type=\"widget\" data-widget_type=\"text-editor.default\">\n\t\t\t\t<div class=\"elementor-widget-container\">\n\t\t\t\t\t\t\t\t\t<h3 id=\"h-related-terms\" class=\"wp-block-heading\">\ud83e\udde0 Verwandte Begriffe<\/h3>\n<ul data-spread=\"false\" data-pm-slice=\"3 3 []\">\n<li><a href=\"https:\/\/www.narconon.online\/de\/glossar\/was-ist-crack\/\">Crack<\/a><\/li>\n<li><a href=\"https:\/\/www.narconon.online\/de\/glossar\/was-sind-stimulanzien\/\">Stimulanzien<\/a><\/li>\n<li>\n<p><a href=\"https:\/\/www.narconon.online\/de\/glossar\/was-ist-eine-uberdosis\/\">\u00dcberdosis<\/a><\/p>\n<\/li>\n<li>\n<p><a href=\"https:\/\/www.narconon.online\/de\/glossar\/\">Glossar Index<\/a><\/p>\n<\/li>\n<\/ul>\t\t\t\t\t\t\t\t<\/div>\n\t\t\t\t<\/div>\n\t\t\t\t<div class=\"elementor-element elementor-element-03e5102 elementor-widget elementor-widget-text-editor\" data-id=\"03e5102\" data-element_type=\"widget\" data-e-type=\"widget\" data-widget_type=\"text-editor.default\">\n\t\t\t\t<div class=\"elementor-widget-container\">\n\t\t\t\t\t\t\t\t\t<p id=\"h-related-terms\" class=\"wp-block-heading\">\ud83d\udc49 Erfahren Sie mehr \u00fcber Pr\u00e4vention:<br \/><a class=\"\" href=\"https:\/\/www.narcononeurope.dk\/en\/drug-abuse\/\" target=\"_blank\" rel=\"noopener\">Narconon Europe - Hilfe bei Drogenmissbrauch<\/a><\/p>\n<p><!-- \/wp:list-item --><\/p>\n<p><!-- \/wp:list --><!-- wp:paragraph --><\/p>\n<p>\ud83d\udc49 Weitere Bildungsinhalte finden Sie in unserem <a class=\"\" href=\"https:\/\/www.narconon.online\/de\/materialien-zur-drogenpravention\/\">Materialien zur Drogenerziehung und -pr\u00e4vention<\/a><\/p>\t\t\t\t\t\t\t\t<\/div>\n\t\t\t\t<\/div>\n\t\t\t\t<\/div>\n\t\t\t\t<div class=\"elementor-element elementor-element-1497776 elementor-widget elementor-widget-heading\" data-id=\"1497776\" data-element_type=\"widget\" data-e-type=\"widget\" data-widget_type=\"heading.default\">\n\t\t\t\t<div class=\"elementor-widget-container\">\n\t\t\t\t\t<h2 class=\"elementor-heading-title elementor-size-default\">\u2753H\u00e4ufig gestellte Fragen zu Kokain<\/h2>\t\t\t\t<\/div>\n\t\t\t\t<\/div>\n\t\t\t\t<div class=\"elementor-element elementor-element-a24ee80 elementor-widget elementor-widget-text-editor\" data-id=\"a24ee80\" data-element_type=\"widget\" data-e-type=\"widget\" data-widget_type=\"text-editor.default\">\n\t\t\t\t<div class=\"elementor-widget-container\">\n\t\t\t\t\t\t\t\t\t<p data-start=\"1211\" data-end=\"1315\"><strong data-start=\"1211\" data-end=\"1243\">1. Wof\u00fcr wird Kokain verwendet?<\/strong><br data-start=\"1243\" data-end=\"1246\" \/>Illegal wird es f\u00fcr einen schnellen Rausch, erh\u00f6hte Energie und Euphorie verwendet.<\/p>\n<p data-start=\"1317\" data-end=\"1422\"><strong data-start=\"1317\" data-end=\"1349\">2. Warum ist Kokain gef\u00e4hrlich?<\/strong><br data-start=\"1349\" data-end=\"1352\" \/>Es kann zu Abh\u00e4ngigkeit, Herzinfarkt, Schlaganfall und aggressivem Verhalten f\u00fchren.<\/p>\n<p data-start=\"1424\" data-end=\"1540\"><strong data-start=\"1424\" data-end=\"1454\">3. Wie sieht sie aus?<\/strong><br data-start=\"1454\" data-end=\"1457\" \/>Es handelt sich um ein feines wei\u00dfes Pulver, das manchmal in Plastikh\u00fcllen oder kleinen Beuteln verpackt ist.<\/p>\n<p data-start=\"1542\" data-end=\"1660\"><strong data-start=\"1542\" data-end=\"1585\">4. Kann jemand es nehmen, ohne es zu wissen?<\/strong><br data-start=\"1585\" data-end=\"1588\" \/>Ja, es kann anderen Substanzen beigemischt werden, ohne dass der Konsument dies bemerkt.<\/p>\n<p data-start=\"1662\" data-end=\"1793\"><strong data-start=\"1662\" data-end=\"1699\">5. Wie kann man Kokain vermeiden?<\/strong><br data-start=\"1699\" data-end=\"1702\" \/>Vermeiden Sie unbekannte P\u00fclverchen, halten Sie sich von drogenkonsumierenden Umgebungen fern und suchen Sie eine zuverl\u00e4ssige Ausbildung.<\/p>\t\t\t\t\t\t\t\t<\/div>\n\t\t\t\t<\/div>\n\t\t\t\t<div class=\"elementor-element elementor-element-3c88435 elementor-widget elementor-widget-html\" data-id=\"3c88435\" data-element_type=\"widget\" data-e-type=\"widget\" data-widget_type=\"html.default\">\n\t\t\t\t<div class=\"elementor-widget-container\">\n\t\t\t\t\t<script type=\"application\/ld+json\">{\n    \"@context\": \"https:\\\/\\\/schema.org\",\n    \"@type\": \"WebPage\",\n    \"name\": \"What is Cocaine?\",\n    \"url\": \"https:\\\/\\\/www.narconon.online\\\/glossary\\\/what-is-cocaine\\\/\",\n    \"description\": \"Cocaine is a powerful illegal stimulant drug. Learn what it looks like, how it affects the body, and why it\\u2019s addictive and dangerous.\",\n    \"datePublished\": \"2025-07-23\",\n    \"publisher\": {\n        \"@type\": \"Organization\",\n        \"name\": \"Narconon Europe\",\n        \"url\": \"https:\\\/\\\/www.narcononeurope.dk\"\n    },\n    \"mainEntity\": {\n        \"@type\": \"FAQPage\",\n        \"mainEntity\": [\n            {\n                \"@type\": \"Question\",\n                \"name\": \"What is cocaine used for?\",\n                \"acceptedAnswer\": {\n                    \"@type\": \"Answer\",\n                    \"text\": \"Illegally, it's used for a fast high, increased energy, and euphoria.\"\n                }\n            },\n            {\n                \"@type\": \"Question\",\n                \"name\": \"Why is cocaine dangerous?\",\n                \"acceptedAnswer\": {\n                    \"@type\": \"Answer\",\n                    \"text\": \"It can cause addiction, heart attack, stroke, and aggressive behavior.\"\n                }\n            },\n            {\n                \"@type\": \"Question\",\n                \"name\": \"What does it look like?\",\n                \"acceptedAnswer\": {\n                    \"@type\": \"Answer\",\n                    \"text\": \"It appears as a fine white powder, sometimes packed in plastic wraps or small bags.\"\n                }\n            },\n            {\n                \"@type\": \"Question\",\n                \"name\": \"Can someone take it without knowing?\",\n                \"acceptedAnswer\": {\n                    \"@type\": \"Answer\",\n                    \"text\": \"Yes, it can be mixed into other substances without the user's awareness.\"\n                }\n            },\n            {\n                \"@type\": \"Question\",\n                \"name\": \"How can someone avoid cocaine?\",\n                \"acceptedAnswer\": {\n                    \"@type\": \"Answer\",\n                    \"text\": \"Avoid unknown powders, stay away from drug-using environments, and seek reliable education.\"\n                }\n            }\n        ]\n    }\n}<\/script>\r\n\t\t\t\t<\/div>\n\t\t\t\t<\/div>\n\t\t\t\t\t<\/div>\n\t\t\t\t<\/div>\n\t\t\t\t<\/div>","protected":false},"excerpt":{"rendered":"<p>Cocaine is a powerful stimulant drug made from the leaves of the coca plant. It is illegal in most countries [&hellip;]<\/p>","protected":false},"author":43,"featured_media":0,"parent":5868,"menu_order":0,"comment_status":"closed","ping_status":"closed","template":"","meta":{"_acf_changed":false,"site-sidebar-layout":"default","site-content-layout":"","ast-site-content-layout":"default","site-content-style":"default","site-sidebar-style":"default","ast-global-header-display":"","ast-banner-title-visibility":"","ast-main-header-display":"","ast-hfb-above-header-display":"","ast-hfb-below-header-display":"","ast-hfb-mobile-header-display":"","site-post-title":"","ast-breadcrumbs-content":"","ast-featured-img":"","footer-sml-layout":"","ast-disable-related-posts":"","theme-transparent-header-meta":"","adv-header-id-meta":"","stick-header-meta":"","header-above-stick-meta":"","header-main-stick-meta":"","header-below-stick-meta":"","astra-migrate-meta-layouts":"default","ast-page-background-enabled":"default","ast-page-background-meta":{"desktop":{"background-color":"var(--ast-global-color-5)","background-image":"","background-repeat":"repeat","background-position":"center center","background-size":"auto","background-attachment":"scroll","background-type":"","background-media":"","overlay-type":"","overlay-color":"","overlay-opacity":"","overlay-gradient":""},"tablet":{"background-color":"","background-image":"","background-repeat":"repeat","background-position":"center center","background-size":"auto","background-attachment":"scroll","background-type":"","background-media":"","overlay-type":"","overlay-color":"","overlay-opacity":"","overlay-gradient":""},"mobile":{"background-color":"","background-image":"","background-repeat":"repeat","background-position":"center center","background-size":"auto","background-attachment":"scroll","background-type":"","background-media":"","overlay-type":"","overlay-color":"","overlay-opacity":"","overlay-gradient":""}},"ast-content-background-meta":{"desktop":{"background-color":"var(--ast-global-color-4)","background-image":"","background-repeat":"repeat","background-position":"center center","background-size":"auto","background-attachment":"scroll","background-type":"","background-media":"","overlay-type":"","overlay-color":"","overlay-opacity":"","overlay-gradient":""},"tablet":{"background-color":"var(--ast-global-color-4)","background-image":"","background-repeat":"repeat","background-position":"center center","background-size":"auto","background-attachment":"scroll","background-type":"","background-media":"","overlay-type":"","overlay-color":"","overlay-opacity":"","overlay-gradient":""},"mobile":{"background-color":"var(--ast-global-color-4)","background-image":"","background-repeat":"repeat","background-position":"center center","background-size":"auto","background-attachment":"scroll","background-type":"","background-media":"","overlay-type":"","overlay-color":"","overlay-opacity":"","overlay-gradient":""}},"footnotes":""},"class_list":["post-6070","page","type-page","status-publish","hentry"],"acf":[],"yoast_head":"<!-- This site is optimized with the Yoast SEO Premium plugin v26.6 (Yoast SEO v26.6) - https:\/\/yoast.com\/wordpress\/plugins\/seo\/ -->\n<title>What Is Cocaine: Understanding Its Risks<\/title>\n<meta name=\"description\" content=\"Discover what is cocaine and its effects on the body and mind. Learn about the risks and implications of cocaine use.\" \/>\n<meta name=\"robots\" content=\"index, follow, max-snippet:-1, max-image-preview:large, max-video-preview:-1\" \/>\n<link rel=\"canonical\" href=\"https:\/\/www.narconon.online\/de\/glossar\/was-ist-kokain\/\" \/>\n<meta property=\"og:locale\" content=\"de_DE\" \/>\n<meta property=\"og:type\" content=\"article\" \/>\n<meta property=\"og:title\" content=\"What is Cocaine?\" \/>\n<meta property=\"og:description\" content=\"Discover what is cocaine and its effects on the body and mind. Learn about the risks and implications of cocaine use.\" \/>\n<meta property=\"og:url\" content=\"https:\/\/www.narconon.online\/de\/glossar\/was-ist-kokain\/\" \/>\n<meta property=\"og:site_name\" content=\"Narconon Europe\" \/>\n<meta property=\"article:publisher\" content=\"https:\/\/www.facebook.com\/narcononeu\" \/>\n<meta property=\"article:modified_time\" content=\"2025-07-24T06:56:47+00:00\" \/>\n<meta property=\"og:image\" content=\"https:\/\/www.narconon.online\/wp-content\/uploads\/2025\/07\/freepik__white-cocaine-powder-next-to-euro-banknote-and-pla__41438.webp\" \/>\n\t<meta property=\"og:image:width\" content=\"1392\" \/>\n\t<meta property=\"og:image:height\" content=\"752\" \/>\n\t<meta property=\"og:image:type\" content=\"image\/webp\" \/>\n<meta name=\"twitter:card\" content=\"summary_large_image\" \/>\n<meta name=\"twitter:site\" content=\"@NARCONONEurope\" \/>\n<meta name=\"twitter:label1\" content=\"Gesch\u00e4tzte Lesezeit\" \/>\n\t<meta name=\"twitter:data1\" content=\"2\u00a0Minuten\" \/>\n<script type=\"application\/ld+json\" class=\"yoast-schema-graph\">{\"@context\":\"https:\/\/schema.org\",\"@graph\":[{\"@type\":\"WebPage\",\"@id\":\"https:\/\/www.narconon.online\/glossary\/what-is-cocaine\/\",\"url\":\"https:\/\/www.narconon.online\/glossary\/what-is-cocaine\/\",\"name\":\"What Is Cocaine: Understanding Its Risks\",\"isPartOf\":{\"@id\":\"https:\/\/www.narconon.online\/#website\"},\"primaryImageOfPage\":{\"@id\":\"https:\/\/www.narconon.online\/glossary\/what-is-cocaine\/#primaryimage\"},\"image\":{\"@id\":\"https:\/\/www.narconon.online\/glossary\/what-is-cocaine\/#primaryimage\"},\"thumbnailUrl\":\"https:\/\/www.narconon.online\/wp-content\/uploads\/2025\/07\/freepik__white-cocaine-powder-next-to-euro-banknote-and-pla__41438.webp\",\"datePublished\":\"2025-07-23T13:52:52+00:00\",\"dateModified\":\"2025-07-24T06:56:47+00:00\",\"description\":\"Discover what is cocaine and its effects on the body and mind. Learn about the risks and implications of cocaine use.\",\"breadcrumb\":{\"@id\":\"https:\/\/www.narconon.online\/glossary\/what-is-cocaine\/#breadcrumb\"},\"inLanguage\":\"de\",\"potentialAction\":[{\"@type\":\"ReadAction\",\"target\":[\"https:\/\/www.narconon.online\/glossary\/what-is-cocaine\/\"]}]},{\"@type\":\"ImageObject\",\"inLanguage\":\"de\",\"@id\":\"https:\/\/www.narconon.online\/glossary\/what-is-cocaine\/#primaryimage\",\"url\":\"https:\/\/www.narconon.online\/wp-content\/uploads\/2025\/07\/freepik__white-cocaine-powder-next-to-euro-banknote-and-pla__41438.webp\",\"contentUrl\":\"https:\/\/www.narconon.online\/wp-content\/uploads\/2025\/07\/freepik__white-cocaine-powder-next-to-euro-banknote-and-pla__41438.webp\"},{\"@type\":\"BreadcrumbList\",\"@id\":\"https:\/\/www.narconon.online\/glossary\/what-is-cocaine\/#breadcrumb\",\"itemListElement\":[{\"@type\":\"ListItem\",\"position\":1,\"name\":\"Home\",\"item\":\"https:\/\/www.narconon.online\/\"},{\"@type\":\"ListItem\",\"position\":2,\"name\":\"Glossary of Drug Terms and Definitions\",\"item\":\"https:\/\/www.narconon.online\/glossary\/\"},{\"@type\":\"ListItem\",\"position\":3,\"name\":\"What is Cocaine?\"}]},{\"@type\":\"WebSite\",\"@id\":\"https:\/\/www.narconon.online\/#website\",\"url\":\"https:\/\/www.narconon.online\/\",\"name\":\"Narconon Europe\",\"description\":\"Drug Free For Good\",\"publisher\":{\"@id\":\"https:\/\/www.narconon.online\/#organization\"},\"potentialAction\":[{\"@type\":\"SearchAction\",\"target\":{\"@type\":\"EntryPoint\",\"urlTemplate\":\"https:\/\/www.narconon.online\/?s={search_term_string}\"},\"query-input\":{\"@type\":\"PropertyValueSpecification\",\"valueRequired\":true,\"valueName\":\"search_term_string\"}}],\"inLanguage\":\"de\"},{\"@type\":\"Organization\",\"@id\":\"https:\/\/www.narconon.online\/#organization\",\"name\":\"Narconon Europe\",\"url\":\"https:\/\/www.narconon.online\/\",\"logo\":{\"@type\":\"ImageObject\",\"inLanguage\":\"de\",\"@id\":\"https:\/\/www.narconon.online\/#\/schema\/logo\/image\/\",\"url\":\"https:\/\/www.narconon.online\/wp-content\/uploads\/2025\/03\/Logo-Narconon-Europe-2.png\",\"contentUrl\":\"https:\/\/www.narconon.online\/wp-content\/uploads\/2025\/03\/Logo-Narconon-Europe-2.png\",\"width\":2000,\"height\":707,\"caption\":\"Narconon Europe\"},\"image\":{\"@id\":\"https:\/\/www.narconon.online\/#\/schema\/logo\/image\/\"},\"sameAs\":[\"https:\/\/www.facebook.com\/narcononeu\",\"https:\/\/x.com\/NARCONONEurope\",\"https:\/\/www.instagram.com\/narconon.europe\/\",\"https:\/\/www.youtube.com\/channel\/UCNUxvhoqZZCAxXCYO4K7MvA\",\"https:\/\/www.tiktok.com\/@narconon.europe\"]}]}<\/script>\n<!-- \/ Yoast SEO Premium plugin. -->","yoast_head_json":{"title":"Was ist Kokain: Seine Risiken verstehen","description":"Entdecken Sie, was Kokain ist und welche Auswirkungen es auf K\u00f6rper und Geist hat. Erfahren Sie mehr \u00fcber die Risiken und Auswirkungen des Kokainkonsums.","robots":{"index":"index","follow":"follow","max-snippet":"max-snippet:-1","max-image-preview":"max-image-preview:large","max-video-preview":"max-video-preview:-1"},"canonical":"https:\/\/www.narconon.online\/de\/glossar\/was-ist-kokain\/","og_locale":"de_DE","og_type":"article","og_title":"What is Cocaine?","og_description":"Discover what is cocaine and its effects on the body and mind. Learn about the risks and implications of cocaine use.","og_url":"https:\/\/www.narconon.online\/de\/glossar\/was-ist-kokain\/","og_site_name":"Narconon Europe","article_publisher":"https:\/\/www.facebook.com\/narcononeu","article_modified_time":"2025-07-24T06:56:47+00:00","og_image":[{"width":1392,"height":752,"url":"https:\/\/www.narconon.online\/wp-content\/uploads\/2025\/07\/freepik__white-cocaine-powder-next-to-euro-banknote-and-pla__41438.webp","type":"image\/webp"}],"twitter_card":"summary_large_image","twitter_site":"@NARCONONEurope","twitter_misc":{"Gesch\u00e4tzte Lesezeit":"2\u00a0Minuten"},"schema":{"@context":"https:\/\/schema.org","@graph":[{"@type":"WebPage","@id":"https:\/\/www.narconon.online\/glossary\/what-is-cocaine\/","url":"https:\/\/www.narconon.online\/glossary\/what-is-cocaine\/","name":"Was ist Kokain: Seine Risiken verstehen","isPartOf":{"@id":"https:\/\/www.narconon.online\/#website"},"primaryImageOfPage":{"@id":"https:\/\/www.narconon.online\/glossary\/what-is-cocaine\/#primaryimage"},"image":{"@id":"https:\/\/www.narconon.online\/glossary\/what-is-cocaine\/#primaryimage"},"thumbnailUrl":"https:\/\/www.narconon.online\/wp-content\/uploads\/2025\/07\/freepik__white-cocaine-powder-next-to-euro-banknote-and-pla__41438.webp","datePublished":"2025-07-23T13:52:52+00:00","dateModified":"2025-07-24T06:56:47+00:00","description":"Entdecken Sie, was Kokain ist und welche Auswirkungen es auf K\u00f6rper und Geist hat. Erfahren Sie mehr \u00fcber die Risiken und Auswirkungen des Kokainkonsums.","breadcrumb":{"@id":"https:\/\/www.narconon.online\/glossary\/what-is-cocaine\/#breadcrumb"},"inLanguage":"de","potentialAction":[{"@type":"ReadAction","target":["https:\/\/www.narconon.online\/glossary\/what-is-cocaine\/"]}]},{"@type":"ImageObject","inLanguage":"de","@id":"https:\/\/www.narconon.online\/glossary\/what-is-cocaine\/#primaryimage","url":"https:\/\/www.narconon.online\/wp-content\/uploads\/2025\/07\/freepik__white-cocaine-powder-next-to-euro-banknote-and-pla__41438.webp","contentUrl":"https:\/\/www.narconon.online\/wp-content\/uploads\/2025\/07\/freepik__white-cocaine-powder-next-to-euro-banknote-and-pla__41438.webp"},{"@type":"BreadcrumbList","@id":"https:\/\/www.narconon.online\/glossary\/what-is-cocaine\/#breadcrumb","itemListElement":[{"@type":"ListItem","position":1,"name":"Home","item":"https:\/\/www.narconon.online\/"},{"@type":"ListItem","position":2,"name":"Glossary of Drug Terms and Definitions","item":"https:\/\/www.narconon.online\/glossary\/"},{"@type":"ListItem","position":3,"name":"What is Cocaine?"}]},{"@type":"WebSite","@id":"https:\/\/www.narconon.online\/#website","url":"https:\/\/www.narconon.online\/","name":"Narconon Europa","description":"Endg\u00fcltig drogenfrei","publisher":{"@id":"https:\/\/www.narconon.online\/#organization"},"potentialAction":[{"@type":"SearchAction","target":{"@type":"EntryPoint","urlTemplate":"https:\/\/www.narconon.online\/?s={search_term_string}"},"query-input":{"@type":"PropertyValueSpecification","valueRequired":true,"valueName":"search_term_string"}}],"inLanguage":"de"},{"@type":"Organization","@id":"https:\/\/www.narconon.online\/#organization","name":"Narconon Europa","url":"https:\/\/www.narconon.online\/","logo":{"@type":"ImageObject","inLanguage":"de","@id":"https:\/\/www.narconon.online\/#\/schema\/logo\/image\/","url":"https:\/\/www.narconon.online\/wp-content\/uploads\/2025\/03\/Logo-Narconon-Europe-2.png","contentUrl":"https:\/\/www.narconon.online\/wp-content\/uploads\/2025\/03\/Logo-Narconon-Europe-2.png","width":2000,"height":707,"caption":"Narconon Europe"},"image":{"@id":"https:\/\/www.narconon.online\/#\/schema\/logo\/image\/"},"sameAs":["https:\/\/www.facebook.com\/narcononeu","https:\/\/x.com\/NARCONONEurope","https:\/\/www.instagram.com\/narconon.europe\/","https:\/\/www.youtube.com\/channel\/UCNUxvhoqZZCAxXCYO4K7MvA","https:\/\/www.tiktok.com\/@narconon.europe"]}]}},"_links":{"self":[{"href":"https:\/\/www.narconon.online\/de\/wp-json\/wp\/v2\/pages\/6070","targetHints":{"allow":["GET"]}}],"collection":[{"href":"https:\/\/www.narconon.online\/de\/wp-json\/wp\/v2\/pages"}],"about":[{"href":"https:\/\/www.narconon.online\/de\/wp-json\/wp\/v2\/types\/page"}],"author":[{"embeddable":true,"href":"https:\/\/www.narconon.online\/de\/wp-json\/wp\/v2\/users\/43"}],"replies":[{"embeddable":true,"href":"https:\/\/www.narconon.online\/de\/wp-json\/wp\/v2\/comments?post=6070"}],"version-history":[{"count":13,"href":"https:\/\/www.narconon.online\/de\/wp-json\/wp\/v2\/pages\/6070\/revisions"}],"predecessor-version":[{"id":6425,"href":"https:\/\/www.narconon.online\/de\/wp-json\/wp\/v2\/pages\/6070\/revisions\/6425"}],"up":[{"embeddable":true,"href":"https:\/\/www.narconon.online\/de\/wp-json\/wp\/v2\/pages\/5868"}],"wp:attachment":[{"href":"https:\/\/www.narconon.online\/de\/wp-json\/wp\/v2\/media?parent=6070"}],"curies":[{"name":"wp","href":"https:\/\/api.w.org\/{rel}","templated":true}]}}