{"id":6062,"date":"2025-07-23T15:44:07","date_gmt":"2025-07-23T13:44:07","guid":{"rendered":"https:\/\/www.narconon.online\/?page_id=6062"},"modified":"2025-07-24T08:58:44","modified_gmt":"2025-07-24T06:58:44","slug":"was-ist-crack","status":"publish","type":"page","link":"https:\/\/www.narconon.online\/de\/glossar\/was-ist-crack\/","title":{"rendered":"Was ist Crack?"},"content":{"rendered":"<div data-elementor-type=\"wp-page\" data-elementor-id=\"6062\" class=\"elementor elementor-6062\" data-elementor-post-type=\"page\">\n\t\t\t\t<div class=\"elementor-element elementor-element-14d08559 e-flex e-con-boxed e-con e-parent\" data-id=\"14d08559\" data-element_type=\"container\" data-e-type=\"container\">\n\t\t\t\t\t<div class=\"e-con-inner\">\n\t\t<div class=\"elementor-element elementor-element-1cae676 e-grid e-con-full e-con e-child\" data-id=\"1cae676\" data-element_type=\"container\" data-e-type=\"container\">\n\t\t\t\t<div class=\"elementor-element elementor-element-ddfcbba elementor-widget elementor-widget-text-editor\" data-id=\"ddfcbba\" data-element_type=\"widget\" data-e-type=\"widget\" data-widget_type=\"text-editor.default\">\n\t\t\t\t<div class=\"elementor-widget-container\">\n\t\t\t\t\t\t\t\t\t<p data-start=\"274\" data-end=\"482\"><strong data-start=\"274\" data-end=\"321\">Crack ist eine starke, rauchbare Form von Kokain.<\/strong> das einen intensiven, aber kurzlebigen Rausch erzeugt. Es wird durch die Verarbeitung von Kokainpulver mit Backpulver oder Ammoniak hergestellt, was zu kleinen <strong data-start=\"459\" data-end=\"481\">steinartige Kristalle<\/strong>.<\/p>\n<p data-start=\"484\" data-end=\"756\">Sie ist typischerweise <strong data-start=\"500\" data-end=\"529\">mit einer Glaspfeife geraucht<\/strong>und verursacht eine schnelle und starke stimulierende Wirkung. Das High kann nur kurz anhalten <strong data-start=\"600\" data-end=\"619\">5 bis 10 Minuten<\/strong>oft gefolgt von einem starken Verlangen nach mehr. Crack wird in Verbindung gebracht mit <strong data-start=\"693\" data-end=\"729\">erh\u00f6hte Herzfrequenz, Aggression<\/strong>und <strong data-start=\"735\" data-end=\"755\">fehlerhaftes Verhalten<\/strong>.<\/p>\n<p data-start=\"758\" data-end=\"981\">Aufgrund seines Suchtpotenzials kann der Crack-Konsum schnell zu <strong data-start=\"820\" data-end=\"860\">Abh\u00e4ngigkeit, Paranoia, finanzieller Ruin<\/strong>und <strong data-start=\"866\" data-end=\"886\">soziale Isolation<\/strong>. Sie ist eine der gef\u00e4hrlichsten Stra\u00dfendrogen, da sie schnell wirkt und eine hohe R\u00fcckfallquote aufweist.<\/p>\t\t\t\t\t\t\t\t<\/div>\n\t\t\t\t<\/div>\n\t\t\t\t<div class=\"elementor-element elementor-element-8f955ba elementor-widget elementor-widget-image\" data-id=\"8f955ba\" data-element_type=\"widget\" data-e-type=\"widget\" data-widget_type=\"image.default\">\n\t\t\t\t<div class=\"elementor-widget-container\">\n\t\t\t\t\t\t\t\t\t\t\t\t\t\t\t<img fetchpriority=\"high\" decoding=\"async\" width=\"1392\" height=\"752\" src=\"https:\/\/www.narconon.online\/wp-content\/uploads\/2025\/07\/freepik__crack-cocaine-rocks-and-glass-pipe-on-a-reflective__41437.webp\" class=\"attachment-full size-full wp-image-6064\" alt=\"Crack, was ist Crack, Crack-Kokain, Stra\u00dfendrogen, Stimulanzienmissbrauch, Drogenglossar, Suchtgefahr, Glaspfeifendrogen\" srcset=\"https:\/\/www.narconon.online\/wp-content\/uploads\/2025\/07\/freepik__crack-cocaine-rocks-and-glass-pipe-on-a-reflective__41437.webp 1392w, https:\/\/www.narconon.online\/wp-content\/uploads\/2025\/07\/freepik__crack-cocaine-rocks-and-glass-pipe-on-a-reflective__41437-300x162.webp 300w, https:\/\/www.narconon.online\/wp-content\/uploads\/2025\/07\/freepik__crack-cocaine-rocks-and-glass-pipe-on-a-reflective__41437-1024x553.webp 1024w, https:\/\/www.narconon.online\/wp-content\/uploads\/2025\/07\/freepik__crack-cocaine-rocks-and-glass-pipe-on-a-reflective__41437-768x415.webp 768w, https:\/\/www.narconon.online\/wp-content\/uploads\/2025\/07\/freepik__crack-cocaine-rocks-and-glass-pipe-on-a-reflective__41437-18x10.webp 18w\" sizes=\"(max-width: 1392px) 100vw, 1392px\" \/>\t\t\t\t\t\t\t\t\t\t\t\t\t\t\t<\/div>\n\t\t\t\t<\/div>\n\t\t\t\t<\/div>\n\t\t\t\t\t<\/div>\n\t\t\t\t<\/div>\n\t\t<div class=\"elementor-element elementor-element-064fdba e-flex e-con-boxed e-con e-parent\" data-id=\"064fdba\" data-element_type=\"container\" data-e-type=\"container\">\n\t\t\t\t\t<div class=\"e-con-inner\">\n\t\t<div class=\"elementor-element elementor-element-ecec8f5 e-grid e-con-full e-con e-child\" data-id=\"ecec8f5\" data-element_type=\"container\" data-e-type=\"container\">\n\t\t\t\t<div class=\"elementor-element elementor-element-0f0e55c elementor-widget elementor-widget-text-editor\" data-id=\"0f0e55c\" data-element_type=\"widget\" data-e-type=\"widget\" data-widget_type=\"text-editor.default\">\n\t\t\t\t<div class=\"elementor-widget-container\">\n\t\t\t\t\t\t\t\t\t<h3 id=\"h-related-terms\" class=\"wp-block-heading\">\ud83e\udde0 Verwandte Begriffe<\/h3>\n<ul data-spread=\"false\" data-pm-slice=\"3 3 []\">\n<li><a href=\"https:\/\/www.narconon.online\/de\/glossar\/was-ist-kokain\/\">Kokain<\/a><\/li>\n<li>\n<p><a href=\"https:\/\/www.narconon.online\/de\/glossar\/was-ist-eine-uberdosis\/\">\u00dcberdosis<\/a><\/p>\n<\/li>\n<li><a href=\"https:\/\/www.narconon.online\/de\/glossar\/was-sind-stimulanzien\/\">Stimulanzien<\/a><\/li>\n<li>\n<p><a href=\"https:\/\/www.narconon.online\/de\/glossar\/\">Glossar Index<\/a><\/p>\n<\/li>\n<\/ul>\t\t\t\t\t\t\t\t<\/div>\n\t\t\t\t<\/div>\n\t\t\t\t<div class=\"elementor-element elementor-element-03e5102 elementor-widget elementor-widget-text-editor\" data-id=\"03e5102\" data-element_type=\"widget\" data-e-type=\"widget\" data-widget_type=\"text-editor.default\">\n\t\t\t\t<div class=\"elementor-widget-container\">\n\t\t\t\t\t\t\t\t\t<p id=\"h-related-terms\" class=\"wp-block-heading\">\ud83d\udc49 Erfahren Sie mehr \u00fcber Pr\u00e4vention:<br \/><a class=\"\" href=\"https:\/\/www.narcononeurope.dk\/en\/drug-abuse\/\" target=\"_blank\" rel=\"noopener\">Narconon Europe - Hilfe bei Drogenmissbrauch<\/a><\/p>\n<p><!-- \/wp:list-item --><\/p>\n<p><!-- \/wp:list --><!-- wp:paragraph --><\/p>\n<p>\ud83d\udc49 Weitere Bildungsinhalte finden Sie in unserem <a class=\"\" href=\"https:\/\/www.narconon.online\/de\/materialien-zur-drogenpravention\/\">Materialien zur Drogenerziehung und -pr\u00e4vention<\/a><\/p>\t\t\t\t\t\t\t\t<\/div>\n\t\t\t\t<\/div>\n\t\t\t\t<\/div>\n\t\t\t\t<div class=\"elementor-element elementor-element-1497776 elementor-widget elementor-widget-heading\" data-id=\"1497776\" data-element_type=\"widget\" data-e-type=\"widget\" data-widget_type=\"heading.default\">\n\t\t\t\t<div class=\"elementor-widget-container\">\n\t\t\t\t\t<h2 class=\"elementor-heading-title elementor-size-default\">\u2753H\u00e4ufig gestellte Fragen zu Crack<\/h2>\t\t\t\t<\/div>\n\t\t\t\t<\/div>\n\t\t\t\t<div class=\"elementor-element elementor-element-a24ee80 elementor-widget elementor-widget-text-editor\" data-id=\"a24ee80\" data-element_type=\"widget\" data-e-type=\"widget\" data-widget_type=\"text-editor.default\">\n\t\t\t\t<div class=\"elementor-widget-container\">\n\t\t\t\t\t\t\t\t\t<p data-start=\"1250\" data-end=\"1339\"><strong data-start=\"1250\" data-end=\"1280\">1. Wof\u00fcr wird Crack verwendet?<\/strong><br data-start=\"1280\" data-end=\"1283\" \/>Es wird illegal f\u00fcr ein schnelles, intensives stimulierendes High verwendet.<\/p>\n<p data-start=\"1341\" data-end=\"1447\"><strong data-start=\"1341\" data-end=\"1371\">2. Warum ist Crack gef\u00e4hrlich?<\/strong><br data-start=\"1371\" data-end=\"1374\" \/>Sie verursacht extreme Abh\u00e4ngigkeit, gesundheitliche Risiken und riskantes oder gewaltt\u00e4tiges Verhalten.<\/p>\n<p data-start=\"1449\" data-end=\"1574\"><strong data-start=\"1449\" data-end=\"1479\">3. Wie sieht sie aus?<\/strong><br data-start=\"1479\" data-end=\"1482\" \/>Crack erscheint in Form von kleinen, wei\u00dflichen oder gelblichen Steinen, die beim Erhitzen ein knisterndes Ger\u00e4usch erzeugen.<\/p>\n<p data-start=\"1576\" data-end=\"1696\"><strong data-start=\"1576\" data-end=\"1619\">4. Kann jemand es nehmen, ohne es zu wissen?<\/strong><br data-start=\"1619\" data-end=\"1622\" \/>Unwahrscheinlich, aber es kann anderen Drogen beigemischt werden, ohne dass der Konsument es merkt.<\/p>\n<p data-start=\"1698\" data-end=\"1813\"><strong data-start=\"1698\" data-end=\"1733\">5. Wie kann man Crack vermeiden?<\/strong><br data-start=\"1733\" data-end=\"1736\" \/>Meiden Sie drogenkonsumierende Umgebungen, bleiben Sie informiert und suchen Sie fr\u00fchzeitig Hilfe, wenn Sie gef\u00e4hrdet sind.<\/p>\t\t\t\t\t\t\t\t<\/div>\n\t\t\t\t<\/div>\n\t\t\t\t<div class=\"elementor-element elementor-element-3c88435 elementor-widget elementor-widget-html\" data-id=\"3c88435\" data-element_type=\"widget\" data-e-type=\"widget\" data-widget_type=\"html.default\">\n\t\t\t\t<div class=\"elementor-widget-container\">\n\t\t\t\t\t<script type=\"application\/ld+json\">{\n    \"@context\": \"https:\\\/\\\/schema.org\",\n    \"@type\": \"WebPage\",\n    \"name\": \"What is Crack?\",\n    \"url\": \"https:\\\/\\\/www.narconon.online\\\/glossary\\\/what-is-crack\\\/\",\n    \"description\": \"Crack is a smokable, highly addictive form of cocaine. Learn how it looks, why it's dangerous, and how to avoid exposure.\",\n    \"datePublished\": \"2025-07-23\",\n    \"publisher\": {\n        \"@type\": \"Organization\",\n        \"name\": \"Narconon Europe\",\n        \"url\": \"https:\\\/\\\/www.narcononeurope.dk\"\n    },\n    \"mainEntity\": {\n        \"@type\": \"FAQPage\",\n        \"mainEntity\": [\n            {\n                \"@type\": \"Question\",\n                \"name\": \"What is crack used for?\",\n                \"acceptedAnswer\": {\n                    \"@type\": \"Answer\",\n                    \"text\": \"It is used illegally for a fast, intense stimulant high.\"\n                }\n            },\n            {\n                \"@type\": \"Question\",\n                \"name\": \"Why is crack dangerous?\",\n                \"acceptedAnswer\": {\n                    \"@type\": \"Answer\",\n                    \"text\": \"It causes extreme addiction, health risks, and risky or violent behavior.\"\n                }\n            },\n            {\n                \"@type\": \"Question\",\n                \"name\": \"What does it look like?\",\n                \"acceptedAnswer\": {\n                    \"@type\": \"Answer\",\n                    \"text\": \"Crack appears as small off-white or yellowish rocks that make a crackling sound when heated.\"\n                }\n            },\n            {\n                \"@type\": \"Question\",\n                \"name\": \"Can someone take it without knowing?\",\n                \"acceptedAnswer\": {\n                    \"@type\": \"Answer\",\n                    \"text\": \"Unlikely, but it may be laced into other drugs without the user realizing.\"\n                }\n            },\n            {\n                \"@type\": \"Question\",\n                \"name\": \"How can someone avoid crack?\",\n                \"acceptedAnswer\": {\n                    \"@type\": \"Answer\",\n                    \"text\": \"Avoid drug-using environments, stay informed, and seek help early if exposed.\"\n                }\n            }\n        ]\n    }\n}<\/script>\r\n\t\t\t\t<\/div>\n\t\t\t\t<\/div>\n\t\t\t\t\t<\/div>\n\t\t\t\t<\/div>\n\t\t\t\t<\/div>","protected":false},"excerpt":{"rendered":"<p>Crack is a potent, smokable form of cocaine that produces an intense but short-lived high. It is made by processing [&hellip;]<\/p>","protected":false},"author":43,"featured_media":0,"parent":5868,"menu_order":0,"comment_status":"closed","ping_status":"closed","template":"","meta":{"_acf_changed":false,"site-sidebar-layout":"default","site-content-layout":"","ast-site-content-layout":"default","site-content-style":"default","site-sidebar-style":"default","ast-global-header-display":"","ast-banner-title-visibility":"","ast-main-header-display":"","ast-hfb-above-header-display":"","ast-hfb-below-header-display":"","ast-hfb-mobile-header-display":"","site-post-title":"","ast-breadcrumbs-content":"","ast-featured-img":"","footer-sml-layout":"","ast-disable-related-posts":"","theme-transparent-header-meta":"","adv-header-id-meta":"","stick-header-meta":"","header-above-stick-meta":"","header-main-stick-meta":"","header-below-stick-meta":"","astra-migrate-meta-layouts":"default","ast-page-background-enabled":"default","ast-page-background-meta":{"desktop":{"background-color":"var(--ast-global-color-5)","background-image":"","background-repeat":"repeat","background-position":"center center","background-size":"auto","background-attachment":"scroll","background-type":"","background-media":"","overlay-type":"","overlay-color":"","overlay-opacity":"","overlay-gradient":""},"tablet":{"background-color":"","background-image":"","background-repeat":"repeat","background-position":"center center","background-size":"auto","background-attachment":"scroll","background-type":"","background-media":"","overlay-type":"","overlay-color":"","overlay-opacity":"","overlay-gradient":""},"mobile":{"background-color":"","background-image":"","background-repeat":"repeat","background-position":"center center","background-size":"auto","background-attachment":"scroll","background-type":"","background-media":"","overlay-type":"","overlay-color":"","overlay-opacity":"","overlay-gradient":""}},"ast-content-background-meta":{"desktop":{"background-color":"var(--ast-global-color-4)","background-image":"","background-repeat":"repeat","background-position":"center center","background-size":"auto","background-attachment":"scroll","background-type":"","background-media":"","overlay-type":"","overlay-color":"","overlay-opacity":"","overlay-gradient":""},"tablet":{"background-color":"var(--ast-global-color-4)","background-image":"","background-repeat":"repeat","background-position":"center center","background-size":"auto","background-attachment":"scroll","background-type":"","background-media":"","overlay-type":"","overlay-color":"","overlay-opacity":"","overlay-gradient":""},"mobile":{"background-color":"var(--ast-global-color-4)","background-image":"","background-repeat":"repeat","background-position":"center center","background-size":"auto","background-attachment":"scroll","background-type":"","background-media":"","overlay-type":"","overlay-color":"","overlay-opacity":"","overlay-gradient":""}},"footnotes":""},"class_list":["post-6062","page","type-page","status-publish","hentry"],"acf":[],"yoast_head":"<!-- This site is optimized with the Yoast SEO Premium plugin v26.6 (Yoast SEO v26.6) - https:\/\/yoast.com\/wordpress\/plugins\/seo\/ -->\n<title>What Is Crack: Understanding Its Effects<\/title>\n<meta name=\"description\" content=\"Discover what is crack and learn about its potent effects, dangers, and the risk of addiction associated with use.\" \/>\n<meta name=\"robots\" content=\"index, follow, max-snippet:-1, max-image-preview:large, max-video-preview:-1\" \/>\n<link rel=\"canonical\" href=\"https:\/\/www.narconon.online\/de\/glossar\/was-ist-crack\/\" \/>\n<meta property=\"og:locale\" content=\"de_DE\" \/>\n<meta property=\"og:type\" content=\"article\" \/>\n<meta property=\"og:title\" content=\"What is Crack?\" \/>\n<meta property=\"og:description\" content=\"Discover what is crack and learn about its potent effects, dangers, and the risk of addiction associated with use.\" \/>\n<meta property=\"og:url\" content=\"https:\/\/www.narconon.online\/de\/glossar\/was-ist-crack\/\" \/>\n<meta property=\"og:site_name\" content=\"Narconon Europe\" \/>\n<meta property=\"article:publisher\" content=\"https:\/\/www.facebook.com\/narcononeu\" \/>\n<meta property=\"article:modified_time\" content=\"2025-07-24T06:58:44+00:00\" \/>\n<meta property=\"og:image\" content=\"https:\/\/www.narconon.online\/wp-content\/uploads\/2025\/07\/freepik__crack-cocaine-rocks-and-glass-pipe-on-a-reflective__41437.webp\" \/>\n\t<meta property=\"og:image:width\" content=\"1392\" \/>\n\t<meta property=\"og:image:height\" content=\"752\" \/>\n\t<meta property=\"og:image:type\" content=\"image\/webp\" \/>\n<meta name=\"twitter:card\" content=\"summary_large_image\" \/>\n<meta name=\"twitter:site\" content=\"@NARCONONEurope\" \/>\n<meta name=\"twitter:label1\" content=\"Gesch\u00e4tzte Lesezeit\" \/>\n\t<meta name=\"twitter:data1\" content=\"2\u00a0Minuten\" \/>\n<script type=\"application\/ld+json\" class=\"yoast-schema-graph\">{\"@context\":\"https:\/\/schema.org\",\"@graph\":[{\"@type\":\"WebPage\",\"@id\":\"https:\/\/www.narconon.online\/glossary\/what-is-crack\/\",\"url\":\"https:\/\/www.narconon.online\/glossary\/what-is-crack\/\",\"name\":\"What Is Crack: Understanding Its Effects\",\"isPartOf\":{\"@id\":\"https:\/\/www.narconon.online\/#website\"},\"primaryImageOfPage\":{\"@id\":\"https:\/\/www.narconon.online\/glossary\/what-is-crack\/#primaryimage\"},\"image\":{\"@id\":\"https:\/\/www.narconon.online\/glossary\/what-is-crack\/#primaryimage\"},\"thumbnailUrl\":\"https:\/\/www.narconon.online\/wp-content\/uploads\/2025\/07\/freepik__crack-cocaine-rocks-and-glass-pipe-on-a-reflective__41437.webp\",\"datePublished\":\"2025-07-23T13:44:07+00:00\",\"dateModified\":\"2025-07-24T06:58:44+00:00\",\"description\":\"Discover what is crack and learn about its potent effects, dangers, and the risk of addiction associated with use.\",\"breadcrumb\":{\"@id\":\"https:\/\/www.narconon.online\/glossary\/what-is-crack\/#breadcrumb\"},\"inLanguage\":\"de\",\"potentialAction\":[{\"@type\":\"ReadAction\",\"target\":[\"https:\/\/www.narconon.online\/glossary\/what-is-crack\/\"]}]},{\"@type\":\"ImageObject\",\"inLanguage\":\"de\",\"@id\":\"https:\/\/www.narconon.online\/glossary\/what-is-crack\/#primaryimage\",\"url\":\"https:\/\/www.narconon.online\/wp-content\/uploads\/2025\/07\/freepik__crack-cocaine-rocks-and-glass-pipe-on-a-reflective__41437.webp\",\"contentUrl\":\"https:\/\/www.narconon.online\/wp-content\/uploads\/2025\/07\/freepik__crack-cocaine-rocks-and-glass-pipe-on-a-reflective__41437.webp\"},{\"@type\":\"BreadcrumbList\",\"@id\":\"https:\/\/www.narconon.online\/glossary\/what-is-crack\/#breadcrumb\",\"itemListElement\":[{\"@type\":\"ListItem\",\"position\":1,\"name\":\"Home\",\"item\":\"https:\/\/www.narconon.online\/\"},{\"@type\":\"ListItem\",\"position\":2,\"name\":\"Glossary of Drug Terms and Definitions\",\"item\":\"https:\/\/www.narconon.online\/glossary\/\"},{\"@type\":\"ListItem\",\"position\":3,\"name\":\"What is Crack?\"}]},{\"@type\":\"WebSite\",\"@id\":\"https:\/\/www.narconon.online\/#website\",\"url\":\"https:\/\/www.narconon.online\/\",\"name\":\"Narconon Europe\",\"description\":\"Drug Free For Good\",\"publisher\":{\"@id\":\"https:\/\/www.narconon.online\/#organization\"},\"potentialAction\":[{\"@type\":\"SearchAction\",\"target\":{\"@type\":\"EntryPoint\",\"urlTemplate\":\"https:\/\/www.narconon.online\/?s={search_term_string}\"},\"query-input\":{\"@type\":\"PropertyValueSpecification\",\"valueRequired\":true,\"valueName\":\"search_term_string\"}}],\"inLanguage\":\"de\"},{\"@type\":\"Organization\",\"@id\":\"https:\/\/www.narconon.online\/#organization\",\"name\":\"Narconon Europe\",\"url\":\"https:\/\/www.narconon.online\/\",\"logo\":{\"@type\":\"ImageObject\",\"inLanguage\":\"de\",\"@id\":\"https:\/\/www.narconon.online\/#\/schema\/logo\/image\/\",\"url\":\"https:\/\/www.narconon.online\/wp-content\/uploads\/2025\/03\/Logo-Narconon-Europe-2.png\",\"contentUrl\":\"https:\/\/www.narconon.online\/wp-content\/uploads\/2025\/03\/Logo-Narconon-Europe-2.png\",\"width\":2000,\"height\":707,\"caption\":\"Narconon Europe\"},\"image\":{\"@id\":\"https:\/\/www.narconon.online\/#\/schema\/logo\/image\/\"},\"sameAs\":[\"https:\/\/www.facebook.com\/narcononeu\",\"https:\/\/x.com\/NARCONONEurope\",\"https:\/\/www.instagram.com\/narconon.europe\/\",\"https:\/\/www.youtube.com\/channel\/UCNUxvhoqZZCAxXCYO4K7MvA\",\"https:\/\/www.tiktok.com\/@narconon.europe\"]}]}<\/script>\n<!-- \/ Yoast SEO Premium plugin. -->","yoast_head_json":{"title":"Was ist Crack: Seine Auswirkungen verstehen","description":"Entdecken Sie, was Crack ist, und erfahren Sie mehr \u00fcber seine starke Wirkung, die Gefahren und das mit dem Konsum verbundene Suchtrisiko.","robots":{"index":"index","follow":"follow","max-snippet":"max-snippet:-1","max-image-preview":"max-image-preview:large","max-video-preview":"max-video-preview:-1"},"canonical":"https:\/\/www.narconon.online\/de\/glossar\/was-ist-crack\/","og_locale":"de_DE","og_type":"article","og_title":"What is Crack?","og_description":"Discover what is crack and learn about its potent effects, dangers, and the risk of addiction associated with use.","og_url":"https:\/\/www.narconon.online\/de\/glossar\/was-ist-crack\/","og_site_name":"Narconon Europe","article_publisher":"https:\/\/www.facebook.com\/narcononeu","article_modified_time":"2025-07-24T06:58:44+00:00","og_image":[{"width":1392,"height":752,"url":"https:\/\/www.narconon.online\/wp-content\/uploads\/2025\/07\/freepik__crack-cocaine-rocks-and-glass-pipe-on-a-reflective__41437.webp","type":"image\/webp"}],"twitter_card":"summary_large_image","twitter_site":"@NARCONONEurope","twitter_misc":{"Gesch\u00e4tzte Lesezeit":"2\u00a0Minuten"},"schema":{"@context":"https:\/\/schema.org","@graph":[{"@type":"WebPage","@id":"https:\/\/www.narconon.online\/glossary\/what-is-crack\/","url":"https:\/\/www.narconon.online\/glossary\/what-is-crack\/","name":"Was ist Crack: Seine Auswirkungen verstehen","isPartOf":{"@id":"https:\/\/www.narconon.online\/#website"},"primaryImageOfPage":{"@id":"https:\/\/www.narconon.online\/glossary\/what-is-crack\/#primaryimage"},"image":{"@id":"https:\/\/www.narconon.online\/glossary\/what-is-crack\/#primaryimage"},"thumbnailUrl":"https:\/\/www.narconon.online\/wp-content\/uploads\/2025\/07\/freepik__crack-cocaine-rocks-and-glass-pipe-on-a-reflective__41437.webp","datePublished":"2025-07-23T13:44:07+00:00","dateModified":"2025-07-24T06:58:44+00:00","description":"Entdecken Sie, was Crack ist, und erfahren Sie mehr \u00fcber seine starke Wirkung, die Gefahren und das mit dem Konsum verbundene Suchtrisiko.","breadcrumb":{"@id":"https:\/\/www.narconon.online\/glossary\/what-is-crack\/#breadcrumb"},"inLanguage":"de","potentialAction":[{"@type":"ReadAction","target":["https:\/\/www.narconon.online\/glossary\/what-is-crack\/"]}]},{"@type":"ImageObject","inLanguage":"de","@id":"https:\/\/www.narconon.online\/glossary\/what-is-crack\/#primaryimage","url":"https:\/\/www.narconon.online\/wp-content\/uploads\/2025\/07\/freepik__crack-cocaine-rocks-and-glass-pipe-on-a-reflective__41437.webp","contentUrl":"https:\/\/www.narconon.online\/wp-content\/uploads\/2025\/07\/freepik__crack-cocaine-rocks-and-glass-pipe-on-a-reflective__41437.webp"},{"@type":"BreadcrumbList","@id":"https:\/\/www.narconon.online\/glossary\/what-is-crack\/#breadcrumb","itemListElement":[{"@type":"ListItem","position":1,"name":"Home","item":"https:\/\/www.narconon.online\/"},{"@type":"ListItem","position":2,"name":"Glossary of Drug Terms and Definitions","item":"https:\/\/www.narconon.online\/glossary\/"},{"@type":"ListItem","position":3,"name":"What is Crack?"}]},{"@type":"WebSite","@id":"https:\/\/www.narconon.online\/#website","url":"https:\/\/www.narconon.online\/","name":"Narconon Europa","description":"Endg\u00fcltig drogenfrei","publisher":{"@id":"https:\/\/www.narconon.online\/#organization"},"potentialAction":[{"@type":"SearchAction","target":{"@type":"EntryPoint","urlTemplate":"https:\/\/www.narconon.online\/?s={search_term_string}"},"query-input":{"@type":"PropertyValueSpecification","valueRequired":true,"valueName":"search_term_string"}}],"inLanguage":"de"},{"@type":"Organization","@id":"https:\/\/www.narconon.online\/#organization","name":"Narconon Europa","url":"https:\/\/www.narconon.online\/","logo":{"@type":"ImageObject","inLanguage":"de","@id":"https:\/\/www.narconon.online\/#\/schema\/logo\/image\/","url":"https:\/\/www.narconon.online\/wp-content\/uploads\/2025\/03\/Logo-Narconon-Europe-2.png","contentUrl":"https:\/\/www.narconon.online\/wp-content\/uploads\/2025\/03\/Logo-Narconon-Europe-2.png","width":2000,"height":707,"caption":"Narconon Europe"},"image":{"@id":"https:\/\/www.narconon.online\/#\/schema\/logo\/image\/"},"sameAs":["https:\/\/www.facebook.com\/narcononeu","https:\/\/x.com\/NARCONONEurope","https:\/\/www.instagram.com\/narconon.europe\/","https:\/\/www.youtube.com\/channel\/UCNUxvhoqZZCAxXCYO4K7MvA","https:\/\/www.tiktok.com\/@narconon.europe"]}]}},"_links":{"self":[{"href":"https:\/\/www.narconon.online\/de\/wp-json\/wp\/v2\/pages\/6062","targetHints":{"allow":["GET"]}}],"collection":[{"href":"https:\/\/www.narconon.online\/de\/wp-json\/wp\/v2\/pages"}],"about":[{"href":"https:\/\/www.narconon.online\/de\/wp-json\/wp\/v2\/types\/page"}],"author":[{"embeddable":true,"href":"https:\/\/www.narconon.online\/de\/wp-json\/wp\/v2\/users\/43"}],"replies":[{"embeddable":true,"href":"https:\/\/www.narconon.online\/de\/wp-json\/wp\/v2\/comments?post=6062"}],"version-history":[{"count":13,"href":"https:\/\/www.narconon.online\/de\/wp-json\/wp\/v2\/pages\/6062\/revisions"}],"predecessor-version":[{"id":6428,"href":"https:\/\/www.narconon.online\/de\/wp-json\/wp\/v2\/pages\/6062\/revisions\/6428"}],"up":[{"embeddable":true,"href":"https:\/\/www.narconon.online\/de\/wp-json\/wp\/v2\/pages\/5868"}],"wp:attachment":[{"href":"https:\/\/www.narconon.online\/de\/wp-json\/wp\/v2\/media?parent=6062"}],"curies":[{"name":"wp","href":"https:\/\/api.w.org\/{rel}","templated":true}]}}