{"id":3159,"date":"2025-06-02T09:11:19","date_gmt":"2025-06-02T09:11:19","guid":{"rendered":"https:\/\/www.narconon.online\/?page_id=3159"},"modified":"2025-07-07T13:54:34","modified_gmt":"2025-07-07T11:54:34","slug":"videos-zur-drogenaufklarung","status":"publish","type":"page","link":"https:\/\/www.narconon.online\/de\/narconon-videothek\/videos-zur-drogenaufklarung\/","title":{"rendered":"Videos zur Drogenaufkl\u00e4rung: Lernen, Verstehen, Vorbeugen"},"content":{"rendered":"<div data-elementor-type=\"wp-page\" data-elementor-id=\"3159\" class=\"elementor elementor-3159\" data-elementor-post-type=\"page\">\n\t\t\t\t<div class=\"elementor-element elementor-element-775816f e-flex e-con-boxed e-con e-parent\" data-id=\"775816f\" data-element_type=\"container\" data-e-type=\"container\">\n\t\t\t\t\t<div class=\"e-con-inner\">\n\t\t\t\t<div class=\"elementor-element elementor-element-632ca38 elementor-widget elementor-widget-text-editor\" data-id=\"632ca38\" data-element_type=\"widget\" data-e-type=\"widget\" data-widget_type=\"text-editor.default\">\n\t\t\t\t<div class=\"elementor-widget-container\">\n\t\t\t\t\t\t\t\t\t<p>Diese Wiedergabeliste ist Ihr Raum zum Verstehen, Nachdenken und Handeln. In kurzen, aussagekr\u00e4ftigen Videos bieten wir Ratschl\u00e4ge aus dem wirklichen Leben und Aufkl\u00e4rung - nicht nur \u00fcber Drogenkonsum, sondern auch \u00fcber Entscheidungen, Druck, geistige Klarheit und die F\u00e4higkeit, sich selbst treu zu bleiben. Ganz gleich, ob Sie ein Teenager, ein Elternteil, ein Lehrer oder jemand sind, der einem Freund helfen will - diese Botschaften sollen Sie informieren und st\u00e4rken. Denn echte Pr\u00e4vention beginnt mit Bildung - und dem Wissen, was zu tun ist, wenn es darauf ankommt. Lernen. Teilen. Einen Unterschied machen. Mit unseren Videos zur Drogenaufkl\u00e4rung wollen wir Sie mit lebenswichtigem Wissen ausstatten.<\/p>\t\t\t\t\t\t\t\t<\/div>\n\t\t\t\t<\/div>\n\t\t<div class=\"elementor-element elementor-element-4938272 e-grid e-con-full e-con e-child\" data-id=\"4938272\" data-element_type=\"container\" data-e-type=\"container\">\n\t\t\t\t<div class=\"elementor-element elementor-element-62f3e4e elementor-widget elementor-widget-html\" data-id=\"62f3e4e\" data-element_type=\"widget\" data-e-type=\"widget\" data-widget_type=\"html.default\">\n\t\t\t\t<div class=\"elementor-widget-container\">\n\t\t\t\t\t<div class=\"video-9-16-container\">\r\n    <iframe\r\n        src=\"https:\/\/www.youtube.com\/embed\/g_kmhvDtUUY?si=uDnPmK9FKG75XKg7\"\r\n        title=\"YouTube-Video-Player\"\r\n        frameborder=\"0\"\r\n        allow=\"accelerometer; autoplay; clipboard-write; encrypted-media; gyroscope; picture-in-picture; web-share\"\r\n        referrerpolicy=\"strict-origin-when-cross-origin\"\r\n        allowfullscreen\r\n><\/iframe>\r\n<\/div>\t\t\t\t<\/div>\n\t\t\t\t<\/div>\n\t\t\t\t<div class=\"elementor-element elementor-element-9ef6da0 elementor-widget elementor-widget-html\" data-id=\"9ef6da0\" data-element_type=\"widget\" data-e-type=\"widget\" data-widget_type=\"html.default\">\n\t\t\t\t<div class=\"elementor-widget-container\">\n\t\t\t\t\t<div class=\"video-9-16-container\">\r\n    <iframe\r\n        src=\"https:\/\/www.youtube.com\/embed\/tdqv2yWkzp8?si=OdHxUSdeBnnGMqWN\"\r\n        title=\"YouTube-Video-Player\"\r\n        frameborder=\"0\"\r\n        allow=\"accelerometer; autoplay; clipboard-write; encrypted-media; gyroscope; picture-in-picture; web-share\"\r\n        referrerpolicy=\"strict-origin-when-cross-origin\"\r\n        allowfullscreen\r\n><\/iframe>\r\n<\/div>\t\t\t\t<\/div>\n\t\t\t\t<\/div>\n\t\t\t\t<div class=\"elementor-element elementor-element-412500f elementor-widget elementor-widget-html\" data-id=\"412500f\" data-element_type=\"widget\" data-e-type=\"widget\" data-widget_type=\"html.default\">\n\t\t\t\t<div class=\"elementor-widget-container\">\n\t\t\t\t\t<div class=\"video-9-16-container\">\r\n    <iframe\r\n        src=\"https:\/\/www.youtube.com\/embed\/l54a2dddu6U?si=J9g_qcVDntISO9fk\"\r\n        title=\"YouTube-Video-Player\"\r\n        frameborder=\"0\"\r\n        allow=\"accelerometer; autoplay; clipboard-write; encrypted-media; gyroscope; picture-in-picture; web-share\"\r\n        referrerpolicy=\"strict-origin-when-cross-origin\"\r\n        allowfullscreen\r\n><\/iframe>\r\n<\/div>\t\t\t\t<\/div>\n\t\t\t\t<\/div>\n\t\t\t\t<div class=\"elementor-element elementor-element-060c8b0 elementor-widget elementor-widget-html\" data-id=\"060c8b0\" data-element_type=\"widget\" data-e-type=\"widget\" data-widget_type=\"html.default\">\n\t\t\t\t<div class=\"elementor-widget-container\">\n\t\t\t\t\t<div class=\"video-9-16-container\">\r\n    <iframe\r\n        src=\"https:\/\/www.youtube.com\/embed\/aW_dL_ncECg?si=zWzHFfYL00HtnICv\"\r\n        title=\"YouTube-Video-Player\"\r\n        frameborder=\"0\"\r\n        allow=\"accelerometer; autoplay; clipboard-write; encrypted-media; gyroscope; picture-in-picture; web-share\"\r\n        referrerpolicy=\"strict-origin-when-cross-origin\"\r\n        allowfullscreen\r\n><\/iframe>\r\n<\/div>\t\t\t\t<\/div>\n\t\t\t\t<\/div>\n\t\t\t\t<div class=\"elementor-element elementor-element-e120734 elementor-widget elementor-widget-html\" data-id=\"e120734\" data-element_type=\"widget\" data-e-type=\"widget\" data-widget_type=\"html.default\">\n\t\t\t\t<div class=\"elementor-widget-container\">\n\t\t\t\t\t<div class=\"video-9-16-container\">\r\n    <iframe\r\n        src=\"https:\/\/www.youtube.com\/embed\/QwHC2Qr8cig?si=8SNPa3lg5yDNYKGa\"\r\n        title=\"YouTube-Video-Player\"\r\n        frameborder=\"0\"\r\n        allow=\"accelerometer; autoplay; clipboard-write; encrypted-media; gyroscope; picture-in-picture; web-share\"\r\n        referrerpolicy=\"strict-origin-when-cross-origin\"\r\n        allowfullscreen\r\n><\/iframe>\r\n<\/div>\t\t\t\t<\/div>\n\t\t\t\t<\/div>\n\t\t\t\t<div class=\"elementor-element elementor-element-48786f9 elementor-widget elementor-widget-html\" data-id=\"48786f9\" data-element_type=\"widget\" data-e-type=\"widget\" data-widget_type=\"html.default\">\n\t\t\t\t<div class=\"elementor-widget-container\">\n\t\t\t\t\t<div class=\"video-9-16-container\">\r\n    <iframe\r\n        src=\"https:\/\/www.youtube.com\/embed\/6DTd9cVU_5g?si=csEbvhtlXFPuEWqV\"\r\n        title=\"YouTube-Video-Player\"\r\n        frameborder=\"0\"\r\n        allow=\"accelerometer; autoplay; clipboard-write; encrypted-media; gyroscope; picture-in-picture; web-share\"\r\n        referrerpolicy=\"strict-origin-when-cross-origin\"\r\n        allowfullscreen\r\n><\/iframe>\r\n<\/div>\t\t\t\t<\/div>\n\t\t\t\t<\/div>\n\t\t\t\t<div class=\"elementor-element elementor-element-9d24f0c elementor-widget elementor-widget-html\" data-id=\"9d24f0c\" data-element_type=\"widget\" data-e-type=\"widget\" data-widget_type=\"html.default\">\n\t\t\t\t<div class=\"elementor-widget-container\">\n\t\t\t\t\t<div class=\"video-9-16-container\">\r\n    <iframe\r\n        src=\"https:\/\/www.youtube.com\/embed\/OIYOzLLulM8?si=2yaUTUCy9vDCPjVO\"\r\n        title=\"YouTube-Video-Player\"\r\n        frameborder=\"0\"\r\n        allow=\"accelerometer; autoplay; clipboard-write; encrypted-media; gyroscope; picture-in-picture; web-share\"\r\n        referrerpolicy=\"strict-origin-when-cross-origin\"\r\n        allowfullscreen\r\n><\/iframe>\r\n<\/div>\t\t\t\t<\/div>\n\t\t\t\t<\/div>\n\t\t\t\t<div class=\"elementor-element elementor-element-64d39bb elementor-widget elementor-widget-html\" data-id=\"64d39bb\" data-element_type=\"widget\" data-e-type=\"widget\" data-widget_type=\"html.default\">\n\t\t\t\t<div class=\"elementor-widget-container\">\n\t\t\t\t\t<div class=\"video-9-16-container\">\r\n    <iframe\r\n        src=\"https:\/\/www.youtube.com\/embed\/TSOyssagbWo?si=P_xHlYM80D2FTaaX\"\r\n        title=\"YouTube-Video-Player\"\r\n        frameborder=\"0\"\r\n        allow=\"accelerometer; autoplay; clipboard-write; encrypted-media; gyroscope; picture-in-picture; web-share\"\r\n        referrerpolicy=\"strict-origin-when-cross-origin\"\r\n        allowfullscreen\r\n><\/iframe>\r\n<\/div>\t\t\t\t<\/div>\n\t\t\t\t<\/div>\n\t\t\t\t<div class=\"elementor-element elementor-element-a44d559 elementor-widget elementor-widget-html\" data-id=\"a44d559\" data-element_type=\"widget\" data-e-type=\"widget\" data-widget_type=\"html.default\">\n\t\t\t\t<div class=\"elementor-widget-container\">\n\t\t\t\t\t<div class=\"video-9-16-container\">\r\n    <iframe\r\n        src=\"https:\/\/www.youtube.com\/embed\/TKIobf76QME?si=5V7UFviPk8yOPImd\"\r\n        title=\"YouTube-Video-Player\"\r\n        frameborder=\"0\"\r\n        allow=\"accelerometer; autoplay; clipboard-write; encrypted-media; gyroscope; picture-in-picture; web-share\"\r\n        referrerpolicy=\"strict-origin-when-cross-origin\"\r\n        allowfullscreen\r\n><\/iframe>\r\n<\/div>\t\t\t\t<\/div>\n\t\t\t\t<\/div>\n\t\t\t\t<div class=\"elementor-element elementor-element-da647de elementor-widget elementor-widget-html\" data-id=\"da647de\" data-element_type=\"widget\" data-e-type=\"widget\" data-widget_type=\"html.default\">\n\t\t\t\t<div class=\"elementor-widget-container\">\n\t\t\t\t\t<div class=\"video-9-16-container\">\r\n    <iframe\r\n        src=\"https:\/\/www.youtube.com\/embed\/kZowbh4p10I?si=d4BglCfufsUZbScm\"\r\n        title=\"YouTube-Video-Player\"\r\n        frameborder=\"0\"\r\n        allow=\"accelerometer; autoplay; clipboard-write; encrypted-media; gyroscope; picture-in-picture; web-share\"\r\n        referrerpolicy=\"strict-origin-when-cross-origin\"\r\n        allowfullscreen\r\n><\/iframe>\r\n<\/div>\t\t\t\t<\/div>\n\t\t\t\t<\/div>\n\t\t\t\t<div class=\"elementor-element elementor-element-efec862 elementor-widget elementor-widget-html\" data-id=\"efec862\" data-element_type=\"widget\" data-e-type=\"widget\" data-widget_type=\"html.default\">\n\t\t\t\t<div class=\"elementor-widget-container\">\n\t\t\t\t\t<div class=\"video-9-16-container\">\r\n    <iframe\r\n        src=\"https:\/\/www.youtube.com\/embed\/nS4jhnbzmzc?si=AhcTog0fucojqwXo\"\r\n        title=\"YouTube-Video-Player\"\r\n        frameborder=\"0\"\r\n        allow=\"accelerometer; autoplay; clipboard-write; encrypted-media; gyroscope; picture-in-picture; web-share\"\r\n        referrerpolicy=\"strict-origin-when-cross-origin\"\r\n        allowfullscreen\r\n><\/iframe>\r\n<\/div>\t\t\t\t<\/div>\n\t\t\t\t<\/div>\n\t\t\t\t<div class=\"elementor-element elementor-element-2026c7c elementor-widget elementor-widget-html\" data-id=\"2026c7c\" data-element_type=\"widget\" data-e-type=\"widget\" data-widget_type=\"html.default\">\n\t\t\t\t<div class=\"elementor-widget-container\">\n\t\t\t\t\t<div class=\"video-9-16-container\">\r\n    <iframe\r\n        src=\"https:\/\/www.youtube.com\/embed\/pjB0dV7A0wo?si=HiqlLatoIDcHFbUv\"\r\n        title=\"YouTube-Video-Player\"\r\n        frameborder=\"0\"\r\n        allow=\"accelerometer; autoplay; clipboard-write; encrypted-media; gyroscope; picture-in-picture; web-share\"\r\n        referrerpolicy=\"strict-origin-when-cross-origin\"\r\n        allowfullscreen\r\n><\/iframe>\r\n<\/div>\t\t\t\t<\/div>\n\t\t\t\t<\/div>\n\t\t\t\t<div class=\"elementor-element elementor-element-c19d805 elementor-widget elementor-widget-html\" data-id=\"c19d805\" data-element_type=\"widget\" data-e-type=\"widget\" data-widget_type=\"html.default\">\n\t\t\t\t<div class=\"elementor-widget-container\">\n\t\t\t\t\t<div class=\"video-9-16-container\">\r\n    <iframe\r\n        src=\"https:\/\/www.youtube.com\/embed\/2PAzTIu2LKE?si=JVZ-vItaUsmXMmZm\"\r\n        title=\"YouTube-Video-Player\"\r\n        frameborder=\"0\"\r\n        allow=\"accelerometer; autoplay; clipboard-write; encrypted-media; gyroscope; picture-in-picture; web-share\"\r\n        referrerpolicy=\"strict-origin-when-cross-origin\"\r\n        allowfullscreen\r\n><\/iframe>\r\n<\/div>\t\t\t\t<\/div>\n\t\t\t\t<\/div>\n\t\t\t\t<\/div>\n\t\t\t\t\t<\/div>\n\t\t\t\t<\/div>\n\t\t\t\t<\/div>","protected":false},"excerpt":{"rendered":"<p>This playlist is your space to understand, reflect, and act. Through short, powerful videos, we offer real-life advice and education\u2014not [&hellip;]<\/p>","protected":false},"author":2,"featured_media":0,"parent":3179,"menu_order":0,"comment_status":"closed","ping_status":"closed","template":"","meta":{"_acf_changed":false,"site-sidebar-layout":"no-sidebar","site-content-layout":"","ast-site-content-layout":"full-width-container","site-content-style":"default","site-sidebar-style":"default","ast-global-header-display":"","ast-banner-title-visibility":"","ast-main-header-display":"","ast-hfb-above-header-display":"","ast-hfb-below-header-display":"","ast-hfb-mobile-header-display":"","site-post-title":"disabled","ast-breadcrumbs-content":"","ast-featured-img":"disabled","footer-sml-layout":"","ast-disable-related-posts":"","theme-transparent-header-meta":"","adv-header-id-meta":"","stick-header-meta":"","header-above-stick-meta":"","header-main-stick-meta":"","header-below-stick-meta":"","astra-migrate-meta-layouts":"default","ast-page-background-enabled":"default","ast-page-background-meta":{"desktop":{"background-color":"var(--ast-global-color-5)","background-image":"","background-repeat":"repeat","background-position":"center center","background-size":"auto","background-attachment":"scroll","background-type":"","background-media":"","overlay-type":"","overlay-color":"","overlay-opacity":"","overlay-gradient":""},"tablet":{"background-color":"","background-image":"","background-repeat":"repeat","background-position":"center center","background-size":"auto","background-attachment":"scroll","background-type":"","background-media":"","overlay-type":"","overlay-color":"","overlay-opacity":"","overlay-gradient":""},"mobile":{"background-color":"","background-image":"","background-repeat":"repeat","background-position":"center center","background-size":"auto","background-attachment":"scroll","background-type":"","background-media":"","overlay-type":"","overlay-color":"","overlay-opacity":"","overlay-gradient":""}},"ast-content-background-meta":{"desktop":{"background-color":"var(--ast-global-color-4)","background-image":"","background-repeat":"repeat","background-position":"center center","background-size":"auto","background-attachment":"scroll","background-type":"","background-media":"","overlay-type":"","overlay-color":"","overlay-opacity":"","overlay-gradient":""},"tablet":{"background-color":"var(--ast-global-color-4)","background-image":"","background-repeat":"repeat","background-position":"center center","background-size":"auto","background-attachment":"scroll","background-type":"","background-media":"","overlay-type":"","overlay-color":"","overlay-opacity":"","overlay-gradient":""},"mobile":{"background-color":"var(--ast-global-color-4)","background-image":"","background-repeat":"repeat","background-position":"center center","background-size":"auto","background-attachment":"scroll","background-type":"","background-media":"","overlay-type":"","overlay-color":"","overlay-opacity":"","overlay-gradient":""}},"footnotes":""},"class_list":["post-3159","page","type-page","status-publish","hentry"],"acf":[],"yoast_head":"<!-- This site is optimized with the Yoast SEO Premium plugin v26.6 (Yoast SEO v26.6) - https:\/\/yoast.com\/wordpress\/plugins\/seo\/ -->\n<title>Drug Education Videos: Learn, Understand, Prevent<\/title>\n<meta name=\"description\" content=\"Explore our Drug Education Videos for real-life advice on substance use, choices, and prevention. Empower yourself.\" \/>\n<meta name=\"robots\" content=\"index, follow, max-snippet:-1, max-image-preview:large, max-video-preview:-1\" \/>\n<link rel=\"canonical\" href=\"https:\/\/www.narconon.online\/de\/narconon-videothek\/videos-zur-drogenaufklarung\/\" \/>\n<meta property=\"og:locale\" content=\"de_DE\" \/>\n<meta property=\"og:type\" content=\"article\" \/>\n<meta property=\"og:title\" content=\"Drug Education Videos: Learn, Understand, Prevent\" \/>\n<meta property=\"og:description\" content=\"Explore our Drug Education Videos for real-life advice on substance use, choices, and prevention. Empower yourself.\" \/>\n<meta property=\"og:url\" content=\"https:\/\/www.narconon.online\/de\/narconon-videothek\/videos-zur-drogenaufklarung\/\" \/>\n<meta property=\"og:site_name\" content=\"Narconon Europe\" \/>\n<meta property=\"article:publisher\" content=\"https:\/\/www.facebook.com\/narcononeu\" \/>\n<meta property=\"article:modified_time\" content=\"2025-07-07T11:54:34+00:00\" \/>\n<meta property=\"og:image\" content=\"https:\/\/www.narconon.online\/wp-content\/uploads\/2025\/05\/freepik__a-professional-photorealistic-image-of-a-friendly-__61433.webp\" \/>\n\t<meta property=\"og:image:width\" content=\"1408\" \/>\n\t<meta property=\"og:image:height\" content=\"768\" \/>\n\t<meta property=\"og:image:type\" content=\"image\/webp\" \/>\n<meta name=\"twitter:card\" content=\"summary_large_image\" \/>\n<meta name=\"twitter:site\" content=\"@NARCONONEurope\" \/>\n<meta name=\"twitter:label1\" content=\"Gesch\u00e4tzte Lesezeit\" \/>\n\t<meta name=\"twitter:data1\" content=\"1\u00a0Minute\" \/>\n<script type=\"application\/ld+json\" class=\"yoast-schema-graph\">{\"@context\":\"https:\/\/schema.org\",\"@graph\":[{\"@type\":\"WebPage\",\"@id\":\"https:\/\/www.narconon.online\/narconon-video-library\/drug-education-videos\/\",\"url\":\"https:\/\/www.narconon.online\/narconon-video-library\/drug-education-videos\/\",\"name\":\"Drug Education Videos: Learn, Understand, Prevent\",\"isPartOf\":{\"@id\":\"https:\/\/www.narconon.online\/#website\"},\"datePublished\":\"2025-06-02T09:11:19+00:00\",\"dateModified\":\"2025-07-07T11:54:34+00:00\",\"description\":\"Explore our Drug Education Videos for real-life advice on substance use, choices, and prevention. Empower yourself.\",\"breadcrumb\":{\"@id\":\"https:\/\/www.narconon.online\/narconon-video-library\/drug-education-videos\/#breadcrumb\"},\"inLanguage\":\"de\",\"potentialAction\":[{\"@type\":\"ReadAction\",\"target\":[\"https:\/\/www.narconon.online\/narconon-video-library\/drug-education-videos\/\"]}]},{\"@type\":\"BreadcrumbList\",\"@id\":\"https:\/\/www.narconon.online\/narconon-video-library\/drug-education-videos\/#breadcrumb\",\"itemListElement\":[{\"@type\":\"ListItem\",\"position\":1,\"name\":\"Home\",\"item\":\"https:\/\/www.narconon.online\/\"},{\"@type\":\"ListItem\",\"position\":2,\"name\":\"Narconon Video Library\",\"item\":\"https:\/\/www.narconon.online\/narconon-video-library\/\"},{\"@type\":\"ListItem\",\"position\":3,\"name\":\"Drug Education Videos: Learn, Understand, Prevent\"}]},{\"@type\":\"WebSite\",\"@id\":\"https:\/\/www.narconon.online\/#website\",\"url\":\"https:\/\/www.narconon.online\/\",\"name\":\"Narconon Europe\",\"description\":\"Drug Free For Good\",\"publisher\":{\"@id\":\"https:\/\/www.narconon.online\/#organization\"},\"potentialAction\":[{\"@type\":\"SearchAction\",\"target\":{\"@type\":\"EntryPoint\",\"urlTemplate\":\"https:\/\/www.narconon.online\/?s={search_term_string}\"},\"query-input\":{\"@type\":\"PropertyValueSpecification\",\"valueRequired\":true,\"valueName\":\"search_term_string\"}}],\"inLanguage\":\"de\"},{\"@type\":\"Organization\",\"@id\":\"https:\/\/www.narconon.online\/#organization\",\"name\":\"Narconon Europe\",\"url\":\"https:\/\/www.narconon.online\/\",\"logo\":{\"@type\":\"ImageObject\",\"inLanguage\":\"de\",\"@id\":\"https:\/\/www.narconon.online\/#\/schema\/logo\/image\/\",\"url\":\"https:\/\/www.narconon.online\/wp-content\/uploads\/2025\/03\/Logo-Narconon-Europe-2.png\",\"contentUrl\":\"https:\/\/www.narconon.online\/wp-content\/uploads\/2025\/03\/Logo-Narconon-Europe-2.png\",\"width\":2000,\"height\":707,\"caption\":\"Narconon Europe\"},\"image\":{\"@id\":\"https:\/\/www.narconon.online\/#\/schema\/logo\/image\/\"},\"sameAs\":[\"https:\/\/www.facebook.com\/narcononeu\",\"https:\/\/x.com\/NARCONONEurope\",\"https:\/\/www.instagram.com\/narconon.europe\/\",\"https:\/\/www.youtube.com\/channel\/UCNUxvhoqZZCAxXCYO4K7MvA\",\"https:\/\/www.tiktok.com\/@narconon.europe\"]}]}<\/script>\n<!-- \/ Yoast SEO Premium plugin. -->","yoast_head_json":{"title":"Videos zur Drogenaufkl\u00e4rung: Lernen, Verstehen, Vorbeugen","description":"In unseren Videos zur Drogenaufkl\u00e4rung finden Sie praxisnahe Ratschl\u00e4ge zu Drogenkonsum, Wahlm\u00f6glichkeiten und Pr\u00e4vention. Erm\u00e4chtige dich selbst.","robots":{"index":"index","follow":"follow","max-snippet":"max-snippet:-1","max-image-preview":"max-image-preview:large","max-video-preview":"max-video-preview:-1"},"canonical":"https:\/\/www.narconon.online\/de\/narconon-videothek\/videos-zur-drogenaufklarung\/","og_locale":"de_DE","og_type":"article","og_title":"Drug Education Videos: Learn, Understand, Prevent","og_description":"Explore our Drug Education Videos for real-life advice on substance use, choices, and prevention. Empower yourself.","og_url":"https:\/\/www.narconon.online\/de\/narconon-videothek\/videos-zur-drogenaufklarung\/","og_site_name":"Narconon Europe","article_publisher":"https:\/\/www.facebook.com\/narcononeu","article_modified_time":"2025-07-07T11:54:34+00:00","og_image":[{"width":1408,"height":768,"url":"https:\/\/www.narconon.online\/wp-content\/uploads\/2025\/05\/freepik__a-professional-photorealistic-image-of-a-friendly-__61433.webp","type":"image\/webp"}],"twitter_card":"summary_large_image","twitter_site":"@NARCONONEurope","twitter_misc":{"Gesch\u00e4tzte Lesezeit":"1\u00a0Minute"},"schema":{"@context":"https:\/\/schema.org","@graph":[{"@type":"WebPage","@id":"https:\/\/www.narconon.online\/narconon-video-library\/drug-education-videos\/","url":"https:\/\/www.narconon.online\/narconon-video-library\/drug-education-videos\/","name":"Videos zur Drogenaufkl\u00e4rung: Lernen, Verstehen, Vorbeugen","isPartOf":{"@id":"https:\/\/www.narconon.online\/#website"},"datePublished":"2025-06-02T09:11:19+00:00","dateModified":"2025-07-07T11:54:34+00:00","description":"In unseren Videos zur Drogenaufkl\u00e4rung finden Sie praxisnahe Ratschl\u00e4ge zu Drogenkonsum, Wahlm\u00f6glichkeiten und Pr\u00e4vention. Erm\u00e4chtige dich selbst.","breadcrumb":{"@id":"https:\/\/www.narconon.online\/narconon-video-library\/drug-education-videos\/#breadcrumb"},"inLanguage":"de","potentialAction":[{"@type":"ReadAction","target":["https:\/\/www.narconon.online\/narconon-video-library\/drug-education-videos\/"]}]},{"@type":"BreadcrumbList","@id":"https:\/\/www.narconon.online\/narconon-video-library\/drug-education-videos\/#breadcrumb","itemListElement":[{"@type":"ListItem","position":1,"name":"Home","item":"https:\/\/www.narconon.online\/"},{"@type":"ListItem","position":2,"name":"Narconon Video Library","item":"https:\/\/www.narconon.online\/narconon-video-library\/"},{"@type":"ListItem","position":3,"name":"Drug Education Videos: Learn, Understand, Prevent"}]},{"@type":"WebSite","@id":"https:\/\/www.narconon.online\/#website","url":"https:\/\/www.narconon.online\/","name":"Narconon Europa","description":"Endg\u00fcltig drogenfrei","publisher":{"@id":"https:\/\/www.narconon.online\/#organization"},"potentialAction":[{"@type":"SearchAction","target":{"@type":"EntryPoint","urlTemplate":"https:\/\/www.narconon.online\/?s={search_term_string}"},"query-input":{"@type":"PropertyValueSpecification","valueRequired":true,"valueName":"search_term_string"}}],"inLanguage":"de"},{"@type":"Organization","@id":"https:\/\/www.narconon.online\/#organization","name":"Narconon Europa","url":"https:\/\/www.narconon.online\/","logo":{"@type":"ImageObject","inLanguage":"de","@id":"https:\/\/www.narconon.online\/#\/schema\/logo\/image\/","url":"https:\/\/www.narconon.online\/wp-content\/uploads\/2025\/03\/Logo-Narconon-Europe-2.png","contentUrl":"https:\/\/www.narconon.online\/wp-content\/uploads\/2025\/03\/Logo-Narconon-Europe-2.png","width":2000,"height":707,"caption":"Narconon Europe"},"image":{"@id":"https:\/\/www.narconon.online\/#\/schema\/logo\/image\/"},"sameAs":["https:\/\/www.facebook.com\/narcononeu","https:\/\/x.com\/NARCONONEurope","https:\/\/www.instagram.com\/narconon.europe\/","https:\/\/www.youtube.com\/channel\/UCNUxvhoqZZCAxXCYO4K7MvA","https:\/\/www.tiktok.com\/@narconon.europe"]}]}},"_links":{"self":[{"href":"https:\/\/www.narconon.online\/de\/wp-json\/wp\/v2\/pages\/3159","targetHints":{"allow":["GET"]}}],"collection":[{"href":"https:\/\/www.narconon.online\/de\/wp-json\/wp\/v2\/pages"}],"about":[{"href":"https:\/\/www.narconon.online\/de\/wp-json\/wp\/v2\/types\/page"}],"author":[{"embeddable":true,"href":"https:\/\/www.narconon.online\/de\/wp-json\/wp\/v2\/users\/2"}],"replies":[{"embeddable":true,"href":"https:\/\/www.narconon.online\/de\/wp-json\/wp\/v2\/comments?post=3159"}],"version-history":[{"count":20,"href":"https:\/\/www.narconon.online\/de\/wp-json\/wp\/v2\/pages\/3159\/revisions"}],"predecessor-version":[{"id":5352,"href":"https:\/\/www.narconon.online\/de\/wp-json\/wp\/v2\/pages\/3159\/revisions\/5352"}],"up":[{"embeddable":true,"href":"https:\/\/www.narconon.online\/de\/wp-json\/wp\/v2\/pages\/3179"}],"wp:attachment":[{"href":"https:\/\/www.narconon.online\/de\/wp-json\/wp\/v2\/media?parent=3159"}],"curies":[{"name":"wp","href":"https:\/\/api.w.org\/{rel}","templated":true}]}}