{"id":6290,"date":"2025-07-23T21:14:56","date_gmt":"2025-07-23T19:14:56","guid":{"rendered":"https:\/\/www.narconon.online\/?page_id=6290"},"modified":"2025-07-24T16:27:31","modified_gmt":"2025-07-24T14:27:31","slug":"hvad-er-receptpligtig-medicin","status":"publish","type":"page","link":"https:\/\/www.narconon.online\/da\/ordliste\/hvad-er-receptpligtig-medicin\/","title":{"rendered":"Hvad er receptpligtig medicin?"},"content":{"rendered":"<div data-elementor-type=\"wp-page\" data-elementor-id=\"6290\" class=\"elementor elementor-6290\" data-elementor-post-type=\"page\">\n\t\t\t\t<div class=\"elementor-element elementor-element-14d08559 e-flex e-con-boxed e-con e-parent\" data-id=\"14d08559\" data-element_type=\"container\" data-e-type=\"container\">\n\t\t\t\t\t<div class=\"e-con-inner\">\n\t\t<div class=\"elementor-element elementor-element-1cae676 e-grid e-con-full e-con e-child\" data-id=\"1cae676\" data-element_type=\"container\" data-e-type=\"container\">\n\t\t\t\t<div class=\"elementor-element elementor-element-ddfcbba elementor-widget elementor-widget-text-editor\" data-id=\"ddfcbba\" data-element_type=\"widget\" data-e-type=\"widget\" data-widget_type=\"text-editor.default\">\n\t\t\t\t<div class=\"elementor-widget-container\">\n\t\t\t\t\t\t\t\t\t<p data-start=\"344\" data-end=\"569\"><strong data-start=\"344\" data-end=\"400\">Receptpligtig medicin er medicin, der gives af en l\u00e6ge<\/strong> til behandling af specifikke helbredstilstande. Disse l\u00e6gemidler omfatter <strong data-start=\"458\" data-end=\"513\">smertestillende midler, antibiotika, beroligende midler og stimulanser<\/strong>og skal tages i henhold til en medicinsk recept.<\/p>\n<p data-start=\"571\" data-end=\"823\">Selv om receptpligtig medicin er nyttig, n\u00e5r den bruges korrekt, kan den v\u00e6re <strong data-start=\"630\" data-end=\"676\">misbruges til at blive h\u00f8j eller forbedre pr\u00e6stationer<\/strong>. Misbrug omfatter at tage en andens piller, at tage for meget eller at bruge stoffet p\u00e5 en anden m\u00e5de end foreskrevet (som at knuse og sniffe tabletter).<\/p>\n<p data-start=\"825\" data-end=\"1039\">Denne form for misbrug kan f\u00f8re til <strong data-start=\"857\" data-end=\"908\">afh\u00e6ngighed, overdosis eller alvorlige helbredsproblemer<\/strong>. Almindeligvis misbrugt receptpligtig medicin omfatter <strong data-start=\"954\" data-end=\"1039\">opioider (som oxycodon), stimulanser (som Adderall) og beroligende midler (som Xanax).<\/strong><\/p>\t\t\t\t\t\t\t\t<\/div>\n\t\t\t\t<\/div>\n\t\t\t\t<div class=\"elementor-element elementor-element-8f955ba elementor-widget elementor-widget-image\" data-id=\"8f955ba\" data-element_type=\"widget\" data-e-type=\"widget\" data-widget_type=\"image.default\">\n\t\t\t\t<div class=\"elementor-widget-container\">\n\t\t\t\t\t\t\t\t\t\t\t\t\t\t\t<img fetchpriority=\"high\" decoding=\"async\" width=\"1392\" height=\"752\" src=\"https:\/\/www.narconon.online\/wp-content\/uploads\/2025\/07\/freepik__a-countertop-with-several-prescription-pill-bottle__82511.webp\" class=\"attachment-full size-full wp-image-6293\" alt=\"Flere receptflasker med spildte piller, der viser forskellige medikamenter og etiketter p\u00e5 en bordplade\" srcset=\"https:\/\/www.narconon.online\/wp-content\/uploads\/2025\/07\/freepik__a-countertop-with-several-prescription-pill-bottle__82511.webp 1392w, https:\/\/www.narconon.online\/wp-content\/uploads\/2025\/07\/freepik__a-countertop-with-several-prescription-pill-bottle__82511-300x162.webp 300w, https:\/\/www.narconon.online\/wp-content\/uploads\/2025\/07\/freepik__a-countertop-with-several-prescription-pill-bottle__82511-1024x553.webp 1024w, https:\/\/www.narconon.online\/wp-content\/uploads\/2025\/07\/freepik__a-countertop-with-several-prescription-pill-bottle__82511-768x415.webp 768w, https:\/\/www.narconon.online\/wp-content\/uploads\/2025\/07\/freepik__a-countertop-with-several-prescription-pill-bottle__82511-18x10.webp 18w\" sizes=\"(max-width: 1392px) 100vw, 1392px\" \/>\t\t\t\t\t\t\t\t\t\t\t\t\t\t\t<\/div>\n\t\t\t\t<\/div>\n\t\t\t\t<\/div>\n\t\t\t\t\t<\/div>\n\t\t\t\t<\/div>\n\t\t<div class=\"elementor-element elementor-element-064fdba e-flex e-con-boxed e-con e-parent\" data-id=\"064fdba\" data-element_type=\"container\" data-e-type=\"container\">\n\t\t\t\t\t<div class=\"e-con-inner\">\n\t\t<div class=\"elementor-element elementor-element-ecec8f5 e-grid e-con-full e-con e-child\" data-id=\"ecec8f5\" data-element_type=\"container\" data-e-type=\"container\">\n\t\t\t\t<div class=\"elementor-element elementor-element-0f0e55c elementor-widget elementor-widget-text-editor\" data-id=\"0f0e55c\" data-element_type=\"widget\" data-e-type=\"widget\" data-widget_type=\"text-editor.default\">\n\t\t\t\t<div class=\"elementor-widget-container\">\n\t\t\t\t\t\t\t\t\t<h3 id=\"h-related-terms\" class=\"wp-block-heading\">\ud83e\udde0 Relaterede termer<\/h3>\n<ul data-spread=\"false\" data-pm-slice=\"3 3 []\">\n<li><a href=\"https:\/\/www.narconon.online\/da\/ordliste\/hvad-er-xanax\/\">Xanax<\/a><\/li>\n<li>\n<p><a href=\"https:\/\/www.narconon.online\/da\/ordliste\/hvad-er-fentanyl\/\">Fentanyl<\/a><\/p>\n<\/li>\n<li><a href=\"https:\/\/www.narconon.online\/da\/ordliste\/hvad-er-subutex\/\">Subutex<\/a><\/li>\n<li>\n<p><a href=\"https:\/\/www.narconon.online\/da\/ordliste\/\">Ordliste-indeks<\/a><\/p>\n<\/li>\n<\/ul>\t\t\t\t\t\t\t\t<\/div>\n\t\t\t\t<\/div>\n\t\t\t\t<div class=\"elementor-element elementor-element-03e5102 elementor-widget elementor-widget-text-editor\" data-id=\"03e5102\" data-element_type=\"widget\" data-e-type=\"widget\" data-widget_type=\"text-editor.default\">\n\t\t\t\t<div class=\"elementor-widget-container\">\n\t\t\t\t\t\t\t\t\t<p id=\"h-related-terms\" class=\"wp-block-heading\">\ud83d\udc49 L\u00e6r mere om forebyggelse:<br \/><a class=\"\" href=\"https:\/\/www.narcononeurope.dk\/en\/drug-abuse\/\" target=\"_blank\" rel=\"noopener\">Narconon Europa - Hj\u00e6lp til stofmisbrug<\/a><\/p>\n<p><!-- \/wp:list-item --><\/p>\n<p><!-- \/wp:list --><!-- wp:paragraph --><\/p>\n<p>\ud83d\udc49 For mere uddannelsesindhold, se vores <a class=\"\" href=\"https:\/\/www.narconon.online\/da\/materialer-til-forebyggelse-af-stofmisbrug\/\">Materialer til stofundervisning og -forebyggelse<\/a><\/p>\t\t\t\t\t\t\t\t<\/div>\n\t\t\t\t<\/div>\n\t\t\t\t<\/div>\n\t\t\t\t<div class=\"elementor-element elementor-element-1497776 elementor-widget elementor-widget-heading\" data-id=\"1497776\" data-element_type=\"widget\" data-e-type=\"widget\" data-widget_type=\"heading.default\">\n\t\t\t\t<div class=\"elementor-widget-container\">\n\t\t\t\t\t<h2 class=\"elementor-heading-title elementor-size-default\">\u2753 Hyppigt stillede sp\u00f8rgsm\u00e5l om receptpligtig medicin<\/h2>\t\t\t\t<\/div>\n\t\t\t\t<\/div>\n\t\t\t\t<div class=\"elementor-element elementor-element-a24ee80 elementor-widget elementor-widget-text-editor\" data-id=\"a24ee80\" data-element_type=\"widget\" data-e-type=\"widget\" data-widget_type=\"text-editor.default\">\n\t\t\t\t<div class=\"elementor-widget-container\">\n\t\t\t\t\t\t\t\t\t<p data-start=\"1323\" data-end=\"1473\"><strong data-start=\"1323\" data-end=\"1366\">1. Hvad bruges receptpligtig medicin til?<\/strong><br data-start=\"1366\" data-end=\"1369\" \/>De bruges til at behandle smerter, angst, infektioner og andre medicinske tilstande under opsyn af en l\u00e6ge.<\/p>\n<p data-start=\"1475\" data-end=\"1587\"><strong data-start=\"1475\" data-end=\"1518\">2. Hvorfor er receptpligtig medicin farlig?<\/strong><br data-start=\"1518\" data-end=\"1521\" \/>Hvis de misbruges, kan de f\u00f8re til afh\u00e6ngighed, organskader eller overdosering.<\/p>\n<p data-start=\"1589\" data-end=\"1738\"><strong data-start=\"1589\" data-end=\"1619\">3. Hvordan ser det ud?<\/strong><br data-start=\"1619\" data-end=\"1622\" \/>Receptpligtig medicin kommer i pilleflasker, blisterpakninger eller h\u00e6tteglas, ofte med etiketter, der viser dosering og patientnavn.<\/p>\n<p data-start=\"1740\" data-end=\"1864\"><strong data-start=\"1740\" data-end=\"1783\">4. Kan nogen tage det uden at vide det?<\/strong><br data-start=\"1783\" data-end=\"1786\" \/>Ja, piller kan blive delt eller forkl\u00e6dt, og b\u00f8rn kan komme til at tage dem ved et uheld.<\/p>\n<p data-start=\"1866\" data-end=\"2002\"><strong data-start=\"1866\" data-end=\"1902\">5. Hvordan kan man undg\u00e5 misbrug?<\/strong><br data-start=\"1902\" data-end=\"1905\" \/>Brug kun medicin, der er ordineret til dig, opbevar den sikkert, og smid ubrugte piller ud p\u00e5 en ordentlig m\u00e5de.<\/p>\t\t\t\t\t\t\t\t<\/div>\n\t\t\t\t<\/div>\n\t\t\t\t<div class=\"elementor-element elementor-element-3c88435 elementor-widget elementor-widget-html\" data-id=\"3c88435\" data-element_type=\"widget\" data-e-type=\"widget\" data-widget_type=\"html.default\">\n\t\t\t\t<div class=\"elementor-widget-container\">\n\t\t\t\t\t<script type=\"application\/ld+json\">{\n    \"@context\": \"https:\\\/\\\/schema.org\",\n    \"@type\": \"WebPage\",\n    \"name\": \"What is Prescription Drugs?\",\n    \"url\": \"https:\\\/\\\/www.narconon.online\\\/glossary\\\/what-is-prescription-drugs\\\/\",\n    \"description\": \"Prescription drugs are medications given by doctors to treat illness. Learn how they\\u2019re used, misused, and the risks of abuse or overdose.\",\n    \"datePublished\": \"2025-07-23\",\n    \"publisher\": {\n        \"@type\": \"Organization\",\n        \"name\": \"Narconon Europe\",\n        \"url\": \"https:\\\/\\\/www.narcononeurope.dk\"\n    },\n    \"mainEntity\": {\n        \"@type\": \"FAQPage\",\n        \"mainEntity\": [\n            {\n                \"@type\": \"Question\",\n                \"name\": \"What is prescription drugs used for?\",\n                \"acceptedAnswer\": {\n                    \"@type\": \"Answer\",\n                    \"text\": \"They are used to treat pain, anxiety, infections, and other medical conditions under doctor supervision.\"\n                }\n            },\n            {\n                \"@type\": \"Question\",\n                \"name\": \"Why is prescription drugs dangerous?\",\n                \"acceptedAnswer\": {\n                    \"@type\": \"Answer\",\n                    \"text\": \"If misused, they can lead to addiction, organ damage, or overdose.\"\n                }\n            },\n            {\n                \"@type\": \"Question\",\n                \"name\": \"What does it look like?\",\n                \"acceptedAnswer\": {\n                    \"@type\": \"Answer\",\n                    \"text\": \"Prescription drugs come in pill bottles, blister packs, or vials, often with labels showing dosage and patient name.\"\n                }\n            },\n            {\n                \"@type\": \"Question\",\n                \"name\": \"Can someone take it without knowing?\",\n                \"acceptedAnswer\": {\n                    \"@type\": \"Answer\",\n                    \"text\": \"Yes, pills may be shared or disguised, and children may take them by accident.\"\n                }\n            },\n            {\n                \"@type\": \"Question\",\n                \"name\": \"How can someone avoid misuse?\",\n                \"acceptedAnswer\": {\n                    \"@type\": \"Answer\",\n                    \"text\": \"Only use medications prescribed for you, store them safely, and dispose of unused pills properly.\"\n                }\n            }\n        ]\n    }\n}<\/script>\r\n\t\t\t\t<\/div>\n\t\t\t\t<\/div>\n\t\t\t\t\t<\/div>\n\t\t\t\t<\/div>\n\t\t\t\t<\/div>","protected":false},"excerpt":{"rendered":"<p>Prescription drugs are medications given by a doctor to treat specific health conditions. These drugs include painkillers, antibiotics, sedatives, and [&hellip;]<\/p>","protected":false},"author":43,"featured_media":0,"parent":5868,"menu_order":0,"comment_status":"closed","ping_status":"closed","template":"","meta":{"_acf_changed":false,"site-sidebar-layout":"default","site-content-layout":"","ast-site-content-layout":"default","site-content-style":"default","site-sidebar-style":"default","ast-global-header-display":"","ast-banner-title-visibility":"","ast-main-header-display":"","ast-hfb-above-header-display":"","ast-hfb-below-header-display":"","ast-hfb-mobile-header-display":"","site-post-title":"","ast-breadcrumbs-content":"","ast-featured-img":"","footer-sml-layout":"","ast-disable-related-posts":"","theme-transparent-header-meta":"","adv-header-id-meta":"","stick-header-meta":"","header-above-stick-meta":"","header-main-stick-meta":"","header-below-stick-meta":"","astra-migrate-meta-layouts":"default","ast-page-background-enabled":"default","ast-page-background-meta":{"desktop":{"background-color":"var(--ast-global-color-5)","background-image":"","background-repeat":"repeat","background-position":"center center","background-size":"auto","background-attachment":"scroll","background-type":"","background-media":"","overlay-type":"","overlay-color":"","overlay-opacity":"","overlay-gradient":""},"tablet":{"background-color":"","background-image":"","background-repeat":"repeat","background-position":"center center","background-size":"auto","background-attachment":"scroll","background-type":"","background-media":"","overlay-type":"","overlay-color":"","overlay-opacity":"","overlay-gradient":""},"mobile":{"background-color":"","background-image":"","background-repeat":"repeat","background-position":"center center","background-size":"auto","background-attachment":"scroll","background-type":"","background-media":"","overlay-type":"","overlay-color":"","overlay-opacity":"","overlay-gradient":""}},"ast-content-background-meta":{"desktop":{"background-color":"var(--ast-global-color-4)","background-image":"","background-repeat":"repeat","background-position":"center center","background-size":"auto","background-attachment":"scroll","background-type":"","background-media":"","overlay-type":"","overlay-color":"","overlay-opacity":"","overlay-gradient":""},"tablet":{"background-color":"var(--ast-global-color-4)","background-image":"","background-repeat":"repeat","background-position":"center center","background-size":"auto","background-attachment":"scroll","background-type":"","background-media":"","overlay-type":"","overlay-color":"","overlay-opacity":"","overlay-gradient":""},"mobile":{"background-color":"var(--ast-global-color-4)","background-image":"","background-repeat":"repeat","background-position":"center center","background-size":"auto","background-attachment":"scroll","background-type":"","background-media":"","overlay-type":"","overlay-color":"","overlay-opacity":"","overlay-gradient":""}},"footnotes":""},"class_list":["post-6290","page","type-page","status-publish","hentry"],"acf":[],"yoast_head":"<!-- This site is optimized with the Yoast SEO Premium plugin v26.6 (Yoast SEO v26.6) - https:\/\/yoast.com\/wordpress\/plugins\/seo\/ -->\n<title>What is Prescription Drugs: Understanding Misuse<\/title>\n<meta name=\"description\" content=\"Explore what prescription drugs are and learn about their uses, benefits, and risks associated with misuse and addiction.\" \/>\n<meta name=\"robots\" content=\"index, follow, max-snippet:-1, max-image-preview:large, max-video-preview:-1\" \/>\n<link rel=\"canonical\" href=\"https:\/\/www.narconon.online\/da\/ordliste\/hvad-er-receptpligtig-medicin\/\" \/>\n<meta property=\"og:locale\" content=\"da_DK\" \/>\n<meta property=\"og:type\" content=\"article\" \/>\n<meta property=\"og:title\" content=\"What is Prescription Drugs?\" \/>\n<meta property=\"og:description\" content=\"Explore what prescription drugs are and learn about their uses, benefits, and risks associated with misuse and addiction.\" \/>\n<meta property=\"og:url\" content=\"https:\/\/www.narconon.online\/da\/ordliste\/hvad-er-receptpligtig-medicin\/\" \/>\n<meta property=\"og:site_name\" content=\"Narconon Europe\" \/>\n<meta property=\"article:publisher\" content=\"https:\/\/www.facebook.com\/narcononeu\" \/>\n<meta property=\"article:modified_time\" content=\"2025-07-24T14:27:31+00:00\" \/>\n<meta property=\"og:image\" content=\"https:\/\/www.narconon.online\/wp-content\/uploads\/2025\/07\/freepik__a-countertop-with-several-prescription-pill-bottle__82511.webp\" \/>\n\t<meta property=\"og:image:width\" content=\"1392\" \/>\n\t<meta property=\"og:image:height\" content=\"752\" \/>\n\t<meta property=\"og:image:type\" content=\"image\/webp\" \/>\n<meta name=\"twitter:card\" content=\"summary_large_image\" \/>\n<meta name=\"twitter:site\" content=\"@NARCONONEurope\" \/>\n<meta name=\"twitter:label1\" content=\"Estimeret l\u00e6setid\" \/>\n\t<meta name=\"twitter:data1\" content=\"2 minutter\" \/>\n<script type=\"application\/ld+json\" class=\"yoast-schema-graph\">{\"@context\":\"https:\/\/schema.org\",\"@graph\":[{\"@type\":\"WebPage\",\"@id\":\"https:\/\/www.narconon.online\/glossary\/what-is-prescription-drugs\/\",\"url\":\"https:\/\/www.narconon.online\/glossary\/what-is-prescription-drugs\/\",\"name\":\"What is Prescription Drugs: Understanding Misuse\",\"isPartOf\":{\"@id\":\"https:\/\/www.narconon.online\/#website\"},\"primaryImageOfPage\":{\"@id\":\"https:\/\/www.narconon.online\/glossary\/what-is-prescription-drugs\/#primaryimage\"},\"image\":{\"@id\":\"https:\/\/www.narconon.online\/glossary\/what-is-prescription-drugs\/#primaryimage\"},\"thumbnailUrl\":\"https:\/\/www.narconon.online\/wp-content\/uploads\/2025\/07\/freepik__a-countertop-with-several-prescription-pill-bottle__82511.webp\",\"datePublished\":\"2025-07-23T19:14:56+00:00\",\"dateModified\":\"2025-07-24T14:27:31+00:00\",\"description\":\"Explore what prescription drugs are and learn about their uses, benefits, and risks associated with misuse and addiction.\",\"breadcrumb\":{\"@id\":\"https:\/\/www.narconon.online\/glossary\/what-is-prescription-drugs\/#breadcrumb\"},\"inLanguage\":\"da-DK\",\"potentialAction\":[{\"@type\":\"ReadAction\",\"target\":[\"https:\/\/www.narconon.online\/glossary\/what-is-prescription-drugs\/\"]}]},{\"@type\":\"ImageObject\",\"inLanguage\":\"da-DK\",\"@id\":\"https:\/\/www.narconon.online\/glossary\/what-is-prescription-drugs\/#primaryimage\",\"url\":\"https:\/\/www.narconon.online\/wp-content\/uploads\/2025\/07\/freepik__a-countertop-with-several-prescription-pill-bottle__82511.webp\",\"contentUrl\":\"https:\/\/www.narconon.online\/wp-content\/uploads\/2025\/07\/freepik__a-countertop-with-several-prescription-pill-bottle__82511.webp\"},{\"@type\":\"BreadcrumbList\",\"@id\":\"https:\/\/www.narconon.online\/glossary\/what-is-prescription-drugs\/#breadcrumb\",\"itemListElement\":[{\"@type\":\"ListItem\",\"position\":1,\"name\":\"Home\",\"item\":\"https:\/\/www.narconon.online\/\"},{\"@type\":\"ListItem\",\"position\":2,\"name\":\"Glossary of Drug Terms and Definitions\",\"item\":\"https:\/\/www.narconon.online\/glossary\/\"},{\"@type\":\"ListItem\",\"position\":3,\"name\":\"What is Prescription Drugs?\"}]},{\"@type\":\"WebSite\",\"@id\":\"https:\/\/www.narconon.online\/#website\",\"url\":\"https:\/\/www.narconon.online\/\",\"name\":\"Narconon Europe\",\"description\":\"Drug Free For Good\",\"publisher\":{\"@id\":\"https:\/\/www.narconon.online\/#organization\"},\"potentialAction\":[{\"@type\":\"SearchAction\",\"target\":{\"@type\":\"EntryPoint\",\"urlTemplate\":\"https:\/\/www.narconon.online\/?s={search_term_string}\"},\"query-input\":{\"@type\":\"PropertyValueSpecification\",\"valueRequired\":true,\"valueName\":\"search_term_string\"}}],\"inLanguage\":\"da-DK\"},{\"@type\":\"Organization\",\"@id\":\"https:\/\/www.narconon.online\/#organization\",\"name\":\"Narconon Europe\",\"url\":\"https:\/\/www.narconon.online\/\",\"logo\":{\"@type\":\"ImageObject\",\"inLanguage\":\"da-DK\",\"@id\":\"https:\/\/www.narconon.online\/#\/schema\/logo\/image\/\",\"url\":\"https:\/\/www.narconon.online\/wp-content\/uploads\/2025\/03\/Logo-Narconon-Europe-2.png\",\"contentUrl\":\"https:\/\/www.narconon.online\/wp-content\/uploads\/2025\/03\/Logo-Narconon-Europe-2.png\",\"width\":2000,\"height\":707,\"caption\":\"Narconon Europe\"},\"image\":{\"@id\":\"https:\/\/www.narconon.online\/#\/schema\/logo\/image\/\"},\"sameAs\":[\"https:\/\/www.facebook.com\/narcononeu\",\"https:\/\/x.com\/NARCONONEurope\",\"https:\/\/www.instagram.com\/narconon.europe\/\",\"https:\/\/www.youtube.com\/channel\/UCNUxvhoqZZCAxXCYO4K7MvA\",\"https:\/\/www.tiktok.com\/@narconon.europe\"]}]}<\/script>\n<!-- \/ Yoast SEO Premium plugin. -->","yoast_head_json":{"title":"Hvad er receptpligtig medicin? Forst\u00e5else af misbrug","description":"Udforsk, hvad receptpligtig medicin er, og l\u00e6r om deres anvendelse, fordele og risici i forbindelse med misbrug og afh\u00e6ngighed.","robots":{"index":"index","follow":"follow","max-snippet":"max-snippet:-1","max-image-preview":"max-image-preview:large","max-video-preview":"max-video-preview:-1"},"canonical":"https:\/\/www.narconon.online\/da\/ordliste\/hvad-er-receptpligtig-medicin\/","og_locale":"da_DK","og_type":"article","og_title":"What is Prescription Drugs?","og_description":"Explore what prescription drugs are and learn about their uses, benefits, and risks associated with misuse and addiction.","og_url":"https:\/\/www.narconon.online\/da\/ordliste\/hvad-er-receptpligtig-medicin\/","og_site_name":"Narconon Europe","article_publisher":"https:\/\/www.facebook.com\/narcononeu","article_modified_time":"2025-07-24T14:27:31+00:00","og_image":[{"width":1392,"height":752,"url":"https:\/\/www.narconon.online\/wp-content\/uploads\/2025\/07\/freepik__a-countertop-with-several-prescription-pill-bottle__82511.webp","type":"image\/webp"}],"twitter_card":"summary_large_image","twitter_site":"@NARCONONEurope","twitter_misc":{"Estimeret l\u00e6setid":"2 minutter"},"schema":{"@context":"https:\/\/schema.org","@graph":[{"@type":"WebPage","@id":"https:\/\/www.narconon.online\/glossary\/what-is-prescription-drugs\/","url":"https:\/\/www.narconon.online\/glossary\/what-is-prescription-drugs\/","name":"Hvad er receptpligtig medicin? Forst\u00e5else af misbrug","isPartOf":{"@id":"https:\/\/www.narconon.online\/#website"},"primaryImageOfPage":{"@id":"https:\/\/www.narconon.online\/glossary\/what-is-prescription-drugs\/#primaryimage"},"image":{"@id":"https:\/\/www.narconon.online\/glossary\/what-is-prescription-drugs\/#primaryimage"},"thumbnailUrl":"https:\/\/www.narconon.online\/wp-content\/uploads\/2025\/07\/freepik__a-countertop-with-several-prescription-pill-bottle__82511.webp","datePublished":"2025-07-23T19:14:56+00:00","dateModified":"2025-07-24T14:27:31+00:00","description":"Udforsk, hvad receptpligtig medicin er, og l\u00e6r om deres anvendelse, fordele og risici i forbindelse med misbrug og afh\u00e6ngighed.","breadcrumb":{"@id":"https:\/\/www.narconon.online\/glossary\/what-is-prescription-drugs\/#breadcrumb"},"inLanguage":"da-DK","potentialAction":[{"@type":"ReadAction","target":["https:\/\/www.narconon.online\/glossary\/what-is-prescription-drugs\/"]}]},{"@type":"ImageObject","inLanguage":"da-DK","@id":"https:\/\/www.narconon.online\/glossary\/what-is-prescription-drugs\/#primaryimage","url":"https:\/\/www.narconon.online\/wp-content\/uploads\/2025\/07\/freepik__a-countertop-with-several-prescription-pill-bottle__82511.webp","contentUrl":"https:\/\/www.narconon.online\/wp-content\/uploads\/2025\/07\/freepik__a-countertop-with-several-prescription-pill-bottle__82511.webp"},{"@type":"BreadcrumbList","@id":"https:\/\/www.narconon.online\/glossary\/what-is-prescription-drugs\/#breadcrumb","itemListElement":[{"@type":"ListItem","position":1,"name":"Home","item":"https:\/\/www.narconon.online\/"},{"@type":"ListItem","position":2,"name":"Glossary of Drug Terms and Definitions","item":"https:\/\/www.narconon.online\/glossary\/"},{"@type":"ListItem","position":3,"name":"What is Prescription Drugs?"}]},{"@type":"WebSite","@id":"https:\/\/www.narconon.online\/#website","url":"https:\/\/www.narconon.online\/","name":"Narconon Europa","description":"Fri for stoffer for altid","publisher":{"@id":"https:\/\/www.narconon.online\/#organization"},"potentialAction":[{"@type":"SearchAction","target":{"@type":"EntryPoint","urlTemplate":"https:\/\/www.narconon.online\/?s={search_term_string}"},"query-input":{"@type":"PropertyValueSpecification","valueRequired":true,"valueName":"search_term_string"}}],"inLanguage":"da-DK"},{"@type":"Organization","@id":"https:\/\/www.narconon.online\/#organization","name":"Narconon Europa","url":"https:\/\/www.narconon.online\/","logo":{"@type":"ImageObject","inLanguage":"da-DK","@id":"https:\/\/www.narconon.online\/#\/schema\/logo\/image\/","url":"https:\/\/www.narconon.online\/wp-content\/uploads\/2025\/03\/Logo-Narconon-Europe-2.png","contentUrl":"https:\/\/www.narconon.online\/wp-content\/uploads\/2025\/03\/Logo-Narconon-Europe-2.png","width":2000,"height":707,"caption":"Narconon Europe"},"image":{"@id":"https:\/\/www.narconon.online\/#\/schema\/logo\/image\/"},"sameAs":["https:\/\/www.facebook.com\/narcononeu","https:\/\/x.com\/NARCONONEurope","https:\/\/www.instagram.com\/narconon.europe\/","https:\/\/www.youtube.com\/channel\/UCNUxvhoqZZCAxXCYO4K7MvA","https:\/\/www.tiktok.com\/@narconon.europe"]}]}},"_links":{"self":[{"href":"https:\/\/www.narconon.online\/da\/wp-json\/wp\/v2\/pages\/6290","targetHints":{"allow":["GET"]}}],"collection":[{"href":"https:\/\/www.narconon.online\/da\/wp-json\/wp\/v2\/pages"}],"about":[{"href":"https:\/\/www.narconon.online\/da\/wp-json\/wp\/v2\/types\/page"}],"author":[{"embeddable":true,"href":"https:\/\/www.narconon.online\/da\/wp-json\/wp\/v2\/users\/43"}],"replies":[{"embeddable":true,"href":"https:\/\/www.narconon.online\/da\/wp-json\/wp\/v2\/comments?post=6290"}],"version-history":[{"count":9,"href":"https:\/\/www.narconon.online\/da\/wp-json\/wp\/v2\/pages\/6290\/revisions"}],"predecessor-version":[{"id":6588,"href":"https:\/\/www.narconon.online\/da\/wp-json\/wp\/v2\/pages\/6290\/revisions\/6588"}],"up":[{"embeddable":true,"href":"https:\/\/www.narconon.online\/da\/wp-json\/wp\/v2\/pages\/5868"}],"wp:attachment":[{"href":"https:\/\/www.narconon.online\/da\/wp-json\/wp\/v2\/media?parent=6290"}],"curies":[{"name":"wp","href":"https:\/\/api.w.org\/{rel}","templated":true}]}}