{"id":5939,"date":"2025-07-23T11:05:57","date_gmt":"2025-07-23T09:05:57","guid":{"rendered":"https:\/\/www.narconon.online\/?page_id=5939"},"modified":"2025-07-24T16:53:21","modified_gmt":"2025-07-24T14:53:21","slug":"hvad-er-xanax","status":"publish","type":"page","link":"https:\/\/www.narconon.online\/da\/ordliste\/hvad-er-xanax\/","title":{"rendered":"Hvad er Xanax?"},"content":{"rendered":"<div data-elementor-type=\"wp-page\" data-elementor-id=\"5939\" class=\"elementor elementor-5939\" data-elementor-post-type=\"page\">\n\t\t\t\t<div class=\"elementor-element elementor-element-14d08559 e-flex e-con-boxed e-con e-parent\" data-id=\"14d08559\" data-element_type=\"container\" data-e-type=\"container\">\n\t\t\t\t\t<div class=\"e-con-inner\">\n\t\t<div class=\"elementor-element elementor-element-1cae676 e-grid e-con-full e-con e-child\" data-id=\"1cae676\" data-element_type=\"container\" data-e-type=\"container\">\n\t\t\t\t<div class=\"elementor-element elementor-element-ddfcbba elementor-widget elementor-widget-text-editor\" data-id=\"ddfcbba\" data-element_type=\"widget\" data-e-type=\"widget\" data-widget_type=\"text-editor.default\">\n\t\t\t\t<div class=\"elementor-widget-container\">\n\t\t\t\t\t\t\t\t\t<p data-start=\"324\" data-end=\"505\">Xanax er en <strong data-start=\"335\" data-end=\"356\">receptpligtig medicin<\/strong> bruges til at behandle angst og panikangst. Det h\u00f8rer til en klasse af stoffer, der kaldes <strong data-start=\"443\" data-end=\"462\">benzodiazepiner<\/strong>som har en beroligende effekt p\u00e5 hjernen.<\/p>\n<p data-start=\"507\" data-end=\"697\">N\u00e5r Xanax tages korrekt under l\u00e6geligt tilsyn, kan det hj\u00e6lpe med at reducere angst. Men det er ogs\u00e5 en af de mest <strong data-start=\"622\" data-end=\"652\">Misbrug af receptpligtig medicin<\/strong> p\u00e5 grund af dens hurtigtvirkende og afslappende effekter.<\/p>\n<p data-start=\"699\" data-end=\"936\">Folk, der misbruger Xanax, kan knuse tabletterne, blande dem med alkohol eller tage h\u00f8je doser for at f\u00f8le sig f\u00f8lelsesl\u00f8se eller bed\u00f8vede. Over tid kan dette f\u00f8re til <strong data-start=\"841\" data-end=\"886\">afh\u00e6ngighed, hukommelsesproblemer og overdosering<\/strong>is\u00e6r i kombination med andre depressive midler.<\/p>\t\t\t\t\t\t\t\t<\/div>\n\t\t\t\t<\/div>\n\t\t\t\t<div class=\"elementor-element elementor-element-8f955ba elementor-widget elementor-widget-image\" data-id=\"8f955ba\" data-element_type=\"widget\" data-e-type=\"widget\" data-widget_type=\"image.default\">\n\t\t\t\t<div class=\"elementor-widget-container\">\n\t\t\t\t\t\t\t\t\t\t\t\t\t\t\t<img fetchpriority=\"high\" decoding=\"async\" width=\"1392\" height=\"752\" src=\"https:\/\/www.narconon.online\/wp-content\/uploads\/2025\/07\/freepik__a-clean-layout-showing-a-xanax-pill-strip-with-whi__82269.webp\" class=\"attachment-full size-full wp-image-5946\" alt=\"Xanax-piller p\u00e5 recept og alkoholglas illustrerer risikoen for misbrug\" srcset=\"https:\/\/www.narconon.online\/wp-content\/uploads\/2025\/07\/freepik__a-clean-layout-showing-a-xanax-pill-strip-with-whi__82269.webp 1392w, https:\/\/www.narconon.online\/wp-content\/uploads\/2025\/07\/freepik__a-clean-layout-showing-a-xanax-pill-strip-with-whi__82269-300x162.webp 300w, https:\/\/www.narconon.online\/wp-content\/uploads\/2025\/07\/freepik__a-clean-layout-showing-a-xanax-pill-strip-with-whi__82269-1024x553.webp 1024w, https:\/\/www.narconon.online\/wp-content\/uploads\/2025\/07\/freepik__a-clean-layout-showing-a-xanax-pill-strip-with-whi__82269-768x415.webp 768w, https:\/\/www.narconon.online\/wp-content\/uploads\/2025\/07\/freepik__a-clean-layout-showing-a-xanax-pill-strip-with-whi__82269-18x10.webp 18w\" sizes=\"(max-width: 1392px) 100vw, 1392px\" \/>\t\t\t\t\t\t\t\t\t\t\t\t\t\t\t<\/div>\n\t\t\t\t<\/div>\n\t\t\t\t<\/div>\n\t\t\t\t\t<\/div>\n\t\t\t\t<\/div>\n\t\t<div class=\"elementor-element elementor-element-064fdba e-flex e-con-boxed e-con e-parent\" data-id=\"064fdba\" data-element_type=\"container\" data-e-type=\"container\">\n\t\t\t\t\t<div class=\"e-con-inner\">\n\t\t<div class=\"elementor-element elementor-element-ecec8f5 e-grid e-con-full e-con e-child\" data-id=\"ecec8f5\" data-element_type=\"container\" data-e-type=\"container\">\n\t\t\t\t<div class=\"elementor-element elementor-element-0f0e55c elementor-widget elementor-widget-text-editor\" data-id=\"0f0e55c\" data-element_type=\"widget\" data-e-type=\"widget\" data-widget_type=\"text-editor.default\">\n\t\t\t\t<div class=\"elementor-widget-container\">\n\t\t\t\t\t\t\t\t\t<h3 id=\"h-related-terms\" class=\"wp-block-heading\">\ud83e\udde0 Relaterede termer<\/h3>\n<ul>\n<li style=\"list-style-type: none;\" data-start=\"1053\" data-end=\"1096\">\n<ul>\n<li data-start=\"965\" data-end=\"1014\">\n<p data-start=\"967\" data-end=\"1014\"><a class=\"cursor-pointer\" rel=\"noopener\" data-start=\"967\" data-end=\"1012\">Benzodiazepiner<\/a><\/p>\n<\/li>\n<li data-start=\"965\" data-end=\"1014\"><a href=\"https:\/\/www.narconon.online\/da\/ordliste\/hvad-er-depressionsmidler\/\">Depressive midler<\/a><\/li>\n<li data-start=\"1015\" data-end=\"1050\">\n<p data-start=\"1017\" data-end=\"1050\"><a class=\"cursor-pointer\" href=\"https:\/\/www.narconon.online\/da\/ordliste\/hvad-er-beroligende-midler\/\" rel=\"noopener\" data-start=\"1017\" data-end=\"1048\">Beroligende midler<\/a><\/p>\n<\/li>\n<li data-start=\"1134\" data-end=\"1164\">\n<p data-start=\"1136\" data-end=\"1164\"><a class=\"\" href=\"\/da\/ordliste\/\" rel=\"noopener\" data-start=\"1136\" data-end=\"1164\">Ordliste-indeks<\/a><\/p>\n<\/li>\n<\/ul>\n<\/li>\n<\/ul>\t\t\t\t\t\t\t\t<\/div>\n\t\t\t\t<\/div>\n\t\t\t\t<div class=\"elementor-element elementor-element-03e5102 elementor-widget elementor-widget-text-editor\" data-id=\"03e5102\" data-element_type=\"widget\" data-e-type=\"widget\" data-widget_type=\"text-editor.default\">\n\t\t\t\t<div class=\"elementor-widget-container\">\n\t\t\t\t\t\t\t\t\t<p id=\"h-related-terms\" class=\"wp-block-heading\">\ud83d\udc49 L\u00e6r mere om forebyggelse:<br \/><a class=\"\" href=\"https:\/\/www.narcononeurope.dk\/en\/drug-abuse\/\" target=\"_blank\" rel=\"noopener\">Narconon Europa - Hj\u00e6lp til stofmisbrug<\/a><\/p>\n<p><!-- \/wp:list-item --><\/p>\n<p><!-- \/wp:list --><!-- wp:paragraph --><\/p>\n<p>\ud83d\udc49 For mere uddannelsesindhold, se vores <a class=\"\" href=\"https:\/\/www.narconon.online\/da\/materialer-til-forebyggelse-af-stofmisbrug\/\">Materialer til stofundervisning og -forebyggelse<\/a><\/p>\t\t\t\t\t\t\t\t<\/div>\n\t\t\t\t<\/div>\n\t\t\t\t<\/div>\n\t\t\t\t<div class=\"elementor-element elementor-element-1497776 elementor-widget elementor-widget-heading\" data-id=\"1497776\" data-element_type=\"widget\" data-e-type=\"widget\" data-widget_type=\"heading.default\">\n\t\t\t\t<div class=\"elementor-widget-container\">\n\t\t\t\t\t<h2 class=\"elementor-heading-title elementor-size-default\">\u2753 Hyppigt stillede sp\u00f8rgsm\u00e5l om Xanax<\/h2>\t\t\t\t<\/div>\n\t\t\t\t<\/div>\n\t\t\t\t<div class=\"elementor-element elementor-element-a24ee80 elementor-widget elementor-widget-text-editor\" data-id=\"a24ee80\" data-element_type=\"widget\" data-e-type=\"widget\" data-widget_type=\"text-editor.default\">\n\t\t\t\t<div class=\"elementor-widget-container\">\n\t\t\t\t\t\t\t\t\t<p data-start=\"1316\" data-end=\"1403\"><strong data-start=\"1316\" data-end=\"1346\">1. Hvad bruges Xanax til?<\/strong><br data-start=\"1346\" data-end=\"1349\" \/>Det ordineres til behandling af angst og panikangst.<\/p>\n<p data-start=\"1405\" data-end=\"1530\"><strong data-start=\"1405\" data-end=\"1435\">2. Hvorfor er Xanax farligt?<\/strong><br data-start=\"1435\" data-end=\"1438\" \/>Det kan v\u00e6re vanedannende og farligt, hvis det misbruges eller blandes med andre depressive stoffer som alkohol.<\/p>\n<p data-start=\"1532\" data-end=\"1642\"><strong data-start=\"1532\" data-end=\"1565\">3. Hvordan ser Xanax ud?<\/strong><br data-start=\"1565\" data-end=\"1568\" \/>Normalt hvide, ovale eller rektangul\u00e6re tabletter med tal eller m\u00e6rke.<\/p>\n<p data-start=\"1644\" data-end=\"1780\"><strong data-start=\"1644\" data-end=\"1702\">4. Kan man blive afh\u00e6ngig af Xanax uden at vide det?<\/strong><br data-start=\"1702\" data-end=\"1705\" \/>Ja, det er det. Selv kortvarigt misbrug kan f\u00f8re til afh\u00e6ngighed og abstinenser.<\/p>\n<p data-start=\"1782\" data-end=\"1913\"><strong data-start=\"1782\" data-end=\"1826\">5. Hvordan kan man undg\u00e5 at misbruge Xanax?<\/strong><br data-start=\"1826\" data-end=\"1829\" \/>Tag det kun under l\u00e6geligt opsyn, og bland det aldrig med alkohol eller andre stoffer.<\/p>\t\t\t\t\t\t\t\t<\/div>\n\t\t\t\t<\/div>\n\t\t\t\t<div class=\"elementor-element elementor-element-3c88435 elementor-widget elementor-widget-html\" data-id=\"3c88435\" data-element_type=\"widget\" data-e-type=\"widget\" data-widget_type=\"html.default\">\n\t\t\t\t<div class=\"elementor-widget-container\">\n\t\t\t\t\t<script type=\"application\/ld+json\">{\n    \"@context\": \"https:\\\/\\\/schema.org\",\n    \"@type\": \"WebPage\",\n    \"name\": \"What is Xanax?\",\n    \"url\": \"https:\\\/\\\/www.narconon.online\\\/glossary\\\/what-is-xanax\\\/\",\n    \"description\": \"Xanax is a prescription drug used for anxiety, but it's often misused. Learn what Xanax looks like, how it's used, and its addiction risks.\",\n    \"datePublished\": \"2025-07-23\",\n    \"publisher\": {\n        \"@type\": \"Organization\",\n        \"name\": \"Narconon Europe\",\n        \"url\": \"https:\\\/\\\/www.narcononeurope.dk\"\n    },\n    \"mainEntity\": {\n        \"@type\": \"FAQPage\",\n        \"mainEntity\": [\n            {\n                \"@type\": \"Question\",\n                \"name\": \"What is Xanax used for?\",\n                \"acceptedAnswer\": {\n                    \"@type\": \"Answer\",\n                    \"text\": \"It is prescribed to treat anxiety and panic disorders.\"\n                }\n            },\n            {\n                \"@type\": \"Question\",\n                \"name\": \"Why is Xanax dangerous?\",\n                \"acceptedAnswer\": {\n                    \"@type\": \"Answer\",\n                    \"text\": \"It can be addictive and dangerous when misused or mixed with other depressants like alcohol.\"\n                }\n            },\n            {\n                \"@type\": \"Question\",\n                \"name\": \"What does Xanax look like?\",\n                \"acceptedAnswer\": {\n                    \"@type\": \"Answer\",\n                    \"text\": \"Usually white, oval or rectangular tablets with numbers or brand markings.\"\n                }\n            },\n            {\n                \"@type\": \"Question\",\n                \"name\": \"Can you get addicted to Xanax without realizing it?\",\n                \"acceptedAnswer\": {\n                    \"@type\": \"Answer\",\n                    \"text\": \"Yes. Even short-term misuse can lead to dependency and withdrawal symptoms.\"\n                }\n            },\n            {\n                \"@type\": \"Question\",\n                \"name\": \"How can someone avoid misusing Xanax?\",\n                \"acceptedAnswer\": {\n                    \"@type\": \"Answer\",\n                    \"text\": \"Only take it under medical supervision and never mix it with alcohol or other drugs.\"\n                }\n            }\n        ]\n    }\n}<\/script>\r\n\t\t\t\t<\/div>\n\t\t\t\t<\/div>\n\t\t\t\t\t<\/div>\n\t\t\t\t<\/div>\n\t\t\t\t<\/div>","protected":false},"excerpt":{"rendered":"<p>Xanax is a prescription drug used to treat anxiety and panic disorders. It belongs to a class of substances called [&hellip;]<\/p>","protected":false},"author":43,"featured_media":0,"parent":5868,"menu_order":0,"comment_status":"closed","ping_status":"closed","template":"","meta":{"_acf_changed":false,"site-sidebar-layout":"default","site-content-layout":"","ast-site-content-layout":"default","site-content-style":"default","site-sidebar-style":"default","ast-global-header-display":"","ast-banner-title-visibility":"","ast-main-header-display":"","ast-hfb-above-header-display":"","ast-hfb-below-header-display":"","ast-hfb-mobile-header-display":"","site-post-title":"","ast-breadcrumbs-content":"","ast-featured-img":"","footer-sml-layout":"","ast-disable-related-posts":"","theme-transparent-header-meta":"","adv-header-id-meta":"","stick-header-meta":"","header-above-stick-meta":"","header-main-stick-meta":"","header-below-stick-meta":"","astra-migrate-meta-layouts":"default","ast-page-background-enabled":"default","ast-page-background-meta":{"desktop":{"background-color":"var(--ast-global-color-5)","background-image":"","background-repeat":"repeat","background-position":"center center","background-size":"auto","background-attachment":"scroll","background-type":"","background-media":"","overlay-type":"","overlay-color":"","overlay-opacity":"","overlay-gradient":""},"tablet":{"background-color":"","background-image":"","background-repeat":"repeat","background-position":"center center","background-size":"auto","background-attachment":"scroll","background-type":"","background-media":"","overlay-type":"","overlay-color":"","overlay-opacity":"","overlay-gradient":""},"mobile":{"background-color":"","background-image":"","background-repeat":"repeat","background-position":"center center","background-size":"auto","background-attachment":"scroll","background-type":"","background-media":"","overlay-type":"","overlay-color":"","overlay-opacity":"","overlay-gradient":""}},"ast-content-background-meta":{"desktop":{"background-color":"var(--ast-global-color-4)","background-image":"","background-repeat":"repeat","background-position":"center center","background-size":"auto","background-attachment":"scroll","background-type":"","background-media":"","overlay-type":"","overlay-color":"","overlay-opacity":"","overlay-gradient":""},"tablet":{"background-color":"var(--ast-global-color-4)","background-image":"","background-repeat":"repeat","background-position":"center center","background-size":"auto","background-attachment":"scroll","background-type":"","background-media":"","overlay-type":"","overlay-color":"","overlay-opacity":"","overlay-gradient":""},"mobile":{"background-color":"var(--ast-global-color-4)","background-image":"","background-repeat":"repeat","background-position":"center center","background-size":"auto","background-attachment":"scroll","background-type":"","background-media":"","overlay-type":"","overlay-color":"","overlay-opacity":"","overlay-gradient":""}},"footnotes":""},"class_list":["post-5939","page","type-page","status-publish","hentry"],"acf":[],"yoast_head":"<!-- This site is optimized with the Yoast SEO Premium plugin v26.6 (Yoast SEO v26.6) - https:\/\/yoast.com\/wordpress\/plugins\/seo\/ -->\n<title>What is Xanax and How Does it Work?<\/title>\n<meta name=\"description\" content=\"Find out what is Xanax and how it is used for anxiety and panic disorders. Learn about its effects and potential risks.\" \/>\n<meta name=\"robots\" content=\"index, follow, max-snippet:-1, max-image-preview:large, max-video-preview:-1\" \/>\n<link rel=\"canonical\" href=\"https:\/\/www.narconon.online\/da\/ordliste\/hvad-er-xanax\/\" \/>\n<meta property=\"og:locale\" content=\"da_DK\" \/>\n<meta property=\"og:type\" content=\"article\" \/>\n<meta property=\"og:title\" content=\"What is Xanax?\" \/>\n<meta property=\"og:description\" content=\"Find out what is Xanax and how it is used for anxiety and panic disorders. Learn about its effects and potential risks.\" \/>\n<meta property=\"og:url\" content=\"https:\/\/www.narconon.online\/da\/ordliste\/hvad-er-xanax\/\" \/>\n<meta property=\"og:site_name\" content=\"Narconon Europe\" \/>\n<meta property=\"article:publisher\" content=\"https:\/\/www.facebook.com\/narcononeu\" \/>\n<meta property=\"article:modified_time\" content=\"2025-07-24T14:53:21+00:00\" \/>\n<meta property=\"og:image\" content=\"https:\/\/www.narconon.online\/wp-content\/uploads\/2025\/07\/freepik__a-clean-layout-showing-a-xanax-pill-strip-with-whi__82269.webp\" \/>\n\t<meta property=\"og:image:width\" content=\"1392\" \/>\n\t<meta property=\"og:image:height\" content=\"752\" \/>\n\t<meta property=\"og:image:type\" content=\"image\/webp\" \/>\n<meta name=\"twitter:card\" content=\"summary_large_image\" \/>\n<meta name=\"twitter:site\" content=\"@NARCONONEurope\" \/>\n<meta name=\"twitter:label1\" content=\"Estimeret l\u00e6setid\" \/>\n\t<meta name=\"twitter:data1\" content=\"2 minutter\" \/>\n<script type=\"application\/ld+json\" class=\"yoast-schema-graph\">{\"@context\":\"https:\/\/schema.org\",\"@graph\":[{\"@type\":\"WebPage\",\"@id\":\"https:\/\/www.narconon.online\/glossary\/what-is-xanax\/\",\"url\":\"https:\/\/www.narconon.online\/glossary\/what-is-xanax\/\",\"name\":\"What is Xanax and How Does it Work?\",\"isPartOf\":{\"@id\":\"https:\/\/www.narconon.online\/#website\"},\"primaryImageOfPage\":{\"@id\":\"https:\/\/www.narconon.online\/glossary\/what-is-xanax\/#primaryimage\"},\"image\":{\"@id\":\"https:\/\/www.narconon.online\/glossary\/what-is-xanax\/#primaryimage\"},\"thumbnailUrl\":\"https:\/\/www.narconon.online\/wp-content\/uploads\/2025\/07\/freepik__a-clean-layout-showing-a-xanax-pill-strip-with-whi__82269.webp\",\"datePublished\":\"2025-07-23T09:05:57+00:00\",\"dateModified\":\"2025-07-24T14:53:21+00:00\",\"description\":\"Find out what is Xanax and how it is used for anxiety and panic disorders. Learn about its effects and potential risks.\",\"breadcrumb\":{\"@id\":\"https:\/\/www.narconon.online\/glossary\/what-is-xanax\/#breadcrumb\"},\"inLanguage\":\"da-DK\",\"potentialAction\":[{\"@type\":\"ReadAction\",\"target\":[\"https:\/\/www.narconon.online\/glossary\/what-is-xanax\/\"]}]},{\"@type\":\"ImageObject\",\"inLanguage\":\"da-DK\",\"@id\":\"https:\/\/www.narconon.online\/glossary\/what-is-xanax\/#primaryimage\",\"url\":\"https:\/\/www.narconon.online\/wp-content\/uploads\/2025\/07\/freepik__a-clean-layout-showing-a-xanax-pill-strip-with-whi__82269.webp\",\"contentUrl\":\"https:\/\/www.narconon.online\/wp-content\/uploads\/2025\/07\/freepik__a-clean-layout-showing-a-xanax-pill-strip-with-whi__82269.webp\"},{\"@type\":\"BreadcrumbList\",\"@id\":\"https:\/\/www.narconon.online\/glossary\/what-is-xanax\/#breadcrumb\",\"itemListElement\":[{\"@type\":\"ListItem\",\"position\":1,\"name\":\"Home\",\"item\":\"https:\/\/www.narconon.online\/\"},{\"@type\":\"ListItem\",\"position\":2,\"name\":\"Glossary of Drug Terms and Definitions\",\"item\":\"https:\/\/www.narconon.online\/glossary\/\"},{\"@type\":\"ListItem\",\"position\":3,\"name\":\"What is Xanax?\"}]},{\"@type\":\"WebSite\",\"@id\":\"https:\/\/www.narconon.online\/#website\",\"url\":\"https:\/\/www.narconon.online\/\",\"name\":\"Narconon Europe\",\"description\":\"Drug Free For Good\",\"publisher\":{\"@id\":\"https:\/\/www.narconon.online\/#organization\"},\"potentialAction\":[{\"@type\":\"SearchAction\",\"target\":{\"@type\":\"EntryPoint\",\"urlTemplate\":\"https:\/\/www.narconon.online\/?s={search_term_string}\"},\"query-input\":{\"@type\":\"PropertyValueSpecification\",\"valueRequired\":true,\"valueName\":\"search_term_string\"}}],\"inLanguage\":\"da-DK\"},{\"@type\":\"Organization\",\"@id\":\"https:\/\/www.narconon.online\/#organization\",\"name\":\"Narconon Europe\",\"url\":\"https:\/\/www.narconon.online\/\",\"logo\":{\"@type\":\"ImageObject\",\"inLanguage\":\"da-DK\",\"@id\":\"https:\/\/www.narconon.online\/#\/schema\/logo\/image\/\",\"url\":\"https:\/\/www.narconon.online\/wp-content\/uploads\/2025\/03\/Logo-Narconon-Europe-2.png\",\"contentUrl\":\"https:\/\/www.narconon.online\/wp-content\/uploads\/2025\/03\/Logo-Narconon-Europe-2.png\",\"width\":2000,\"height\":707,\"caption\":\"Narconon Europe\"},\"image\":{\"@id\":\"https:\/\/www.narconon.online\/#\/schema\/logo\/image\/\"},\"sameAs\":[\"https:\/\/www.facebook.com\/narcononeu\",\"https:\/\/x.com\/NARCONONEurope\",\"https:\/\/www.instagram.com\/narconon.europe\/\",\"https:\/\/www.youtube.com\/channel\/UCNUxvhoqZZCAxXCYO4K7MvA\",\"https:\/\/www.tiktok.com\/@narconon.europe\"]}]}<\/script>\n<!-- \/ Yoast SEO Premium plugin. -->","yoast_head_json":{"title":"Hvad er Xanax, og hvordan virker det?","description":"Find ud af, hvad Xanax er, og hvordan det bruges mod angst og panikangst. L\u00e6r om dets virkninger og potentielle risici.","robots":{"index":"index","follow":"follow","max-snippet":"max-snippet:-1","max-image-preview":"max-image-preview:large","max-video-preview":"max-video-preview:-1"},"canonical":"https:\/\/www.narconon.online\/da\/ordliste\/hvad-er-xanax\/","og_locale":"da_DK","og_type":"article","og_title":"What is Xanax?","og_description":"Find out what is Xanax and how it is used for anxiety and panic disorders. Learn about its effects and potential risks.","og_url":"https:\/\/www.narconon.online\/da\/ordliste\/hvad-er-xanax\/","og_site_name":"Narconon Europe","article_publisher":"https:\/\/www.facebook.com\/narcononeu","article_modified_time":"2025-07-24T14:53:21+00:00","og_image":[{"width":1392,"height":752,"url":"https:\/\/www.narconon.online\/wp-content\/uploads\/2025\/07\/freepik__a-clean-layout-showing-a-xanax-pill-strip-with-whi__82269.webp","type":"image\/webp"}],"twitter_card":"summary_large_image","twitter_site":"@NARCONONEurope","twitter_misc":{"Estimeret l\u00e6setid":"2 minutter"},"schema":{"@context":"https:\/\/schema.org","@graph":[{"@type":"WebPage","@id":"https:\/\/www.narconon.online\/glossary\/what-is-xanax\/","url":"https:\/\/www.narconon.online\/glossary\/what-is-xanax\/","name":"Hvad er Xanax, og hvordan virker det?","isPartOf":{"@id":"https:\/\/www.narconon.online\/#website"},"primaryImageOfPage":{"@id":"https:\/\/www.narconon.online\/glossary\/what-is-xanax\/#primaryimage"},"image":{"@id":"https:\/\/www.narconon.online\/glossary\/what-is-xanax\/#primaryimage"},"thumbnailUrl":"https:\/\/www.narconon.online\/wp-content\/uploads\/2025\/07\/freepik__a-clean-layout-showing-a-xanax-pill-strip-with-whi__82269.webp","datePublished":"2025-07-23T09:05:57+00:00","dateModified":"2025-07-24T14:53:21+00:00","description":"Find ud af, hvad Xanax er, og hvordan det bruges mod angst og panikangst. L\u00e6r om dets virkninger og potentielle risici.","breadcrumb":{"@id":"https:\/\/www.narconon.online\/glossary\/what-is-xanax\/#breadcrumb"},"inLanguage":"da-DK","potentialAction":[{"@type":"ReadAction","target":["https:\/\/www.narconon.online\/glossary\/what-is-xanax\/"]}]},{"@type":"ImageObject","inLanguage":"da-DK","@id":"https:\/\/www.narconon.online\/glossary\/what-is-xanax\/#primaryimage","url":"https:\/\/www.narconon.online\/wp-content\/uploads\/2025\/07\/freepik__a-clean-layout-showing-a-xanax-pill-strip-with-whi__82269.webp","contentUrl":"https:\/\/www.narconon.online\/wp-content\/uploads\/2025\/07\/freepik__a-clean-layout-showing-a-xanax-pill-strip-with-whi__82269.webp"},{"@type":"BreadcrumbList","@id":"https:\/\/www.narconon.online\/glossary\/what-is-xanax\/#breadcrumb","itemListElement":[{"@type":"ListItem","position":1,"name":"Home","item":"https:\/\/www.narconon.online\/"},{"@type":"ListItem","position":2,"name":"Glossary of Drug Terms and Definitions","item":"https:\/\/www.narconon.online\/glossary\/"},{"@type":"ListItem","position":3,"name":"What is Xanax?"}]},{"@type":"WebSite","@id":"https:\/\/www.narconon.online\/#website","url":"https:\/\/www.narconon.online\/","name":"Narconon Europa","description":"Fri for stoffer for altid","publisher":{"@id":"https:\/\/www.narconon.online\/#organization"},"potentialAction":[{"@type":"SearchAction","target":{"@type":"EntryPoint","urlTemplate":"https:\/\/www.narconon.online\/?s={search_term_string}"},"query-input":{"@type":"PropertyValueSpecification","valueRequired":true,"valueName":"search_term_string"}}],"inLanguage":"da-DK"},{"@type":"Organization","@id":"https:\/\/www.narconon.online\/#organization","name":"Narconon Europa","url":"https:\/\/www.narconon.online\/","logo":{"@type":"ImageObject","inLanguage":"da-DK","@id":"https:\/\/www.narconon.online\/#\/schema\/logo\/image\/","url":"https:\/\/www.narconon.online\/wp-content\/uploads\/2025\/03\/Logo-Narconon-Europe-2.png","contentUrl":"https:\/\/www.narconon.online\/wp-content\/uploads\/2025\/03\/Logo-Narconon-Europe-2.png","width":2000,"height":707,"caption":"Narconon Europe"},"image":{"@id":"https:\/\/www.narconon.online\/#\/schema\/logo\/image\/"},"sameAs":["https:\/\/www.facebook.com\/narcononeu","https:\/\/x.com\/NARCONONEurope","https:\/\/www.instagram.com\/narconon.europe\/","https:\/\/www.youtube.com\/channel\/UCNUxvhoqZZCAxXCYO4K7MvA","https:\/\/www.tiktok.com\/@narconon.europe"]}]}},"_links":{"self":[{"href":"https:\/\/www.narconon.online\/da\/wp-json\/wp\/v2\/pages\/5939","targetHints":{"allow":["GET"]}}],"collection":[{"href":"https:\/\/www.narconon.online\/da\/wp-json\/wp\/v2\/pages"}],"about":[{"href":"https:\/\/www.narconon.online\/da\/wp-json\/wp\/v2\/types\/page"}],"author":[{"embeddable":true,"href":"https:\/\/www.narconon.online\/da\/wp-json\/wp\/v2\/users\/43"}],"replies":[{"embeddable":true,"href":"https:\/\/www.narconon.online\/da\/wp-json\/wp\/v2\/comments?post=5939"}],"version-history":[{"count":16,"href":"https:\/\/www.narconon.online\/da\/wp-json\/wp\/v2\/pages\/5939\/revisions"}],"predecessor-version":[{"id":6606,"href":"https:\/\/www.narconon.online\/da\/wp-json\/wp\/v2\/pages\/5939\/revisions\/6606"}],"up":[{"embeddable":true,"href":"https:\/\/www.narconon.online\/da\/wp-json\/wp\/v2\/pages\/5868"}],"wp:attachment":[{"href":"https:\/\/www.narconon.online\/da\/wp-json\/wp\/v2\/media?parent=5939"}],"curies":[{"name":"wp","href":"https:\/\/api.w.org\/{rel}","templated":true}]}}