{"id":6514,"date":"2025-07-24T12:03:51","date_gmt":"2025-07-24T10:03:51","guid":{"rendered":"https:\/\/www.narconon.online\/?page_id=6514"},"modified":"2025-07-24T12:08:41","modified_gmt":"2025-07-24T10:08:41","slug":"co-jsou-zneuzivane-leky-na-predpis","status":"publish","type":"page","link":"https:\/\/www.narconon.online\/cs\/glosar\/co-jsou-zneuzivane-leky-na-predpis\/","title":{"rendered":"Co jsou zneu\u017e\u00edvan\u00e9 l\u00e9ky na p\u0159edpis?"},"content":{"rendered":"<div data-elementor-type=\"wp-page\" data-elementor-id=\"6514\" class=\"elementor elementor-6514\" data-elementor-post-type=\"page\">\n\t\t\t\t<div class=\"elementor-element elementor-element-14d08559 e-flex e-con-boxed e-con e-parent\" data-id=\"14d08559\" data-element_type=\"container\" data-e-type=\"container\">\n\t\t\t\t\t<div class=\"e-con-inner\">\n\t\t<div class=\"elementor-element elementor-element-1cae676 e-grid e-con-full e-con e-child\" data-id=\"1cae676\" data-element_type=\"container\" data-e-type=\"container\">\n\t\t\t\t<div class=\"elementor-element elementor-element-ddfcbba elementor-widget elementor-widget-text-editor\" data-id=\"ddfcbba\" data-element_type=\"widget\" data-e-type=\"widget\" data-widget_type=\"text-editor.default\">\n\t\t\t\t<div class=\"elementor-widget-container\">\n\t\t\t\t\t\t\t\t\t<p data-start=\"352\" data-end=\"521\"><strong data-start=\"352\" data-end=\"382\">Zneu\u017e\u00edv\u00e1n\u00ed l\u00e9k\u016f na p\u0159edpis<\/strong> jsou l\u00e9ky, kter\u00e9 jsou <strong data-start=\"408\" data-end=\"485\">u\u017e\u00edvan\u00e9 bez l\u00e9ka\u0159sk\u00e9ho p\u0159edpisu, ve vy\u0161\u0161\u00edch d\u00e1vk\u00e1ch nebo z jin\u00fdch ne\u017e l\u00e9ka\u0159sk\u00fdch d\u016fvod\u016f.<\/strong>-\u010dasto proto, aby se zfetoval nebo se l\u00e9\u010dil s\u00e1m.<\/p>\n<p data-start=\"523\" data-end=\"733\">Pat\u0159\u00ed mezi n\u011b <strong data-start=\"537\" data-end=\"629\">l\u00e9ky proti bolesti (opioidy), sedativa (nap\u0159. benzodiazepiny) a stimulancia (nap\u0159. l\u00e9ky na ADHD).<\/strong>. I kdy\u017e jsou tyto drogy vyr\u00e1b\u011bny leg\u00e1ln\u011b, mohou b\u00fdt p\u0159i zneu\u017eit\u00ed stejn\u011b nebezpe\u010dn\u00e9 jako neleg\u00e1ln\u00ed l\u00e1tky.<\/p>\n<p data-start=\"735\" data-end=\"875\">Zneu\u017eit\u00ed m\u016f\u017ee v\u00e9st k <strong data-start=\"754\" data-end=\"815\">z\u00e1vislost, p\u0159ed\u00e1vkov\u00e1n\u00ed, probl\u00e9my s du\u0161evn\u00edm zdrav\u00edm a dokonce i smrt.<\/strong>, zejm\u00e9na v kombinaci s alkoholem nebo jin\u00fdmi l\u00e1tkami.<\/p>\t\t\t\t\t\t\t\t<\/div>\n\t\t\t\t<\/div>\n\t\t\t\t<div class=\"elementor-element elementor-element-8f955ba elementor-widget elementor-widget-image\" data-id=\"8f955ba\" data-element_type=\"widget\" data-e-type=\"widget\" data-widget_type=\"image.default\">\n\t\t\t\t<div class=\"elementor-widget-container\">\n\t\t\t\t\t\t\t\t\t\t\t\t\t\t\t<img fetchpriority=\"high\" decoding=\"async\" width=\"1392\" height=\"752\" src=\"https:\/\/www.narconon.online\/wp-content\/uploads\/2025\/07\/freepik__scattered-prescription-pill-bottles-with-labels-re__69448.webp\" class=\"attachment-full size-full wp-image-6516\" alt=\"Zneu\u017eit\u00e9 l\u00e9ky na p\u0159edpis v\u010detn\u011b pilulek, rozdrcen\u00fdch tablet a otev\u0159en\u00fdch obal\u016f.\" srcset=\"https:\/\/www.narconon.online\/wp-content\/uploads\/2025\/07\/freepik__scattered-prescription-pill-bottles-with-labels-re__69448.webp 1392w, https:\/\/www.narconon.online\/wp-content\/uploads\/2025\/07\/freepik__scattered-prescription-pill-bottles-with-labels-re__69448-300x162.webp 300w, https:\/\/www.narconon.online\/wp-content\/uploads\/2025\/07\/freepik__scattered-prescription-pill-bottles-with-labels-re__69448-1024x553.webp 1024w, https:\/\/www.narconon.online\/wp-content\/uploads\/2025\/07\/freepik__scattered-prescription-pill-bottles-with-labels-re__69448-768x415.webp 768w, https:\/\/www.narconon.online\/wp-content\/uploads\/2025\/07\/freepik__scattered-prescription-pill-bottles-with-labels-re__69448-18x10.webp 18w\" sizes=\"(max-width: 1392px) 100vw, 1392px\" \/>\t\t\t\t\t\t\t\t\t\t\t\t\t\t\t<\/div>\n\t\t\t\t<\/div>\n\t\t\t\t<\/div>\n\t\t\t\t\t<\/div>\n\t\t\t\t<\/div>\n\t\t<div class=\"elementor-element elementor-element-064fdba e-flex e-con-boxed e-con e-parent\" data-id=\"064fdba\" data-element_type=\"container\" data-e-type=\"container\">\n\t\t\t\t\t<div class=\"e-con-inner\">\n\t\t<div class=\"elementor-element elementor-element-ecec8f5 e-grid e-con-full e-con e-child\" data-id=\"ecec8f5\" data-element_type=\"container\" data-e-type=\"container\">\n\t\t\t\t<div class=\"elementor-element elementor-element-0f0e55c elementor-widget elementor-widget-text-editor\" data-id=\"0f0e55c\" data-element_type=\"widget\" data-e-type=\"widget\" data-widget_type=\"text-editor.default\">\n\t\t\t\t<div class=\"elementor-widget-container\">\n\t\t\t\t\t\t\t\t\t<h3 id=\"h-related-terms\" class=\"wp-block-heading\">\ud83e\udde0 Souvisej\u00edc\u00ed term\u00edny<\/h3>\n<ul>\n<li data-start=\"920\" data-end=\"981\">\n<p data-start=\"922\" data-end=\"981\"><a class=\"\" href=\"\/cs\/glosar\/co-jsou-leky-na-predpis\/\" rel=\"noopener\" data-start=\"922\" data-end=\"981\">L\u00e9ky na p\u0159edpis<\/a><\/p>\n<\/li>\n<li data-start=\"982\" data-end=\"1021\">\n<p data-start=\"984\" data-end=\"1021\"><a class=\"\" href=\"\/cs\/glosar\/co-je-subutex\/\" rel=\"noopener\" data-start=\"984\" data-end=\"1021\">Subutex<\/a><\/p>\n<\/li>\n<li data-start=\"1022\" data-end=\"1077\">\n<p data-start=\"1024\" data-end=\"1077\"><a class=\"\" href=\"\/cs\/glosar\/co-jsou-benzodiazepiny\/\" rel=\"noopener\" data-start=\"1024\" data-end=\"1077\">Benzodiazepiny<\/a><\/p>\n<\/li>\n<li data-start=\"1022\" data-end=\"1077\"><a href=\"https:\/\/www.narconon.online\/cs\/glosar\/\">Slovn\u00ed\u010dek pojm\u016f<\/a><\/li>\n<\/ul>\t\t\t\t\t\t\t\t<\/div>\n\t\t\t\t<\/div>\n\t\t\t\t<div class=\"elementor-element elementor-element-03e5102 elementor-widget elementor-widget-text-editor\" data-id=\"03e5102\" data-element_type=\"widget\" data-e-type=\"widget\" data-widget_type=\"text-editor.default\">\n\t\t\t\t<div class=\"elementor-widget-container\">\n\t\t\t\t\t\t\t\t\t<p id=\"h-related-terms\" class=\"wp-block-heading\">\ud83d\udc49 Zjist\u011bte v\u00edce o prevenci:<br \/><a class=\"\" href=\"https:\/\/www.narcononeurope.dk\/en\/drug-abuse\/\" target=\"_blank\" rel=\"noopener\">Narconon Evropa - Pomoc p\u0159i zneu\u017e\u00edv\u00e1n\u00ed drog<\/a><\/p>\n<p><!-- \/wp:list-item --><\/p>\n<p><!-- \/wp:list --><!-- wp:paragraph --><\/p>\n<p>\ud83d\udc49 Dal\u0161\u00ed vzd\u011bl\u00e1vac\u00ed obsah naleznete v na\u0161em <a class=\"\" href=\"https:\/\/www.narconon.online\/cs\/materialy-pro-protidrogovou-prevenci\/\">Materi\u00e1ly pro protidrogov\u00e9 vzd\u011bl\u00e1v\u00e1n\u00ed a prevenci<\/a><\/p>\t\t\t\t\t\t\t\t<\/div>\n\t\t\t\t<\/div>\n\t\t\t\t<\/div>\n\t\t\t\t<div class=\"elementor-element elementor-element-1497776 elementor-widget elementor-widget-heading\" data-id=\"1497776\" data-element_type=\"widget\" data-e-type=\"widget\" data-widget_type=\"heading.default\">\n\t\t\t\t<div class=\"elementor-widget-container\">\n\t\t\t\t\t<h2 class=\"elementor-heading-title elementor-size-default\">\u2753 \u010casto kladen\u00e9 ot\u00e1zky - Co jsou zneu\u017e\u00edvan\u00e9 l\u00e9ky na p\u0159edpis?<\/h2>\t\t\t\t<\/div>\n\t\t\t\t<\/div>\n\t\t\t\t<div class=\"elementor-element elementor-element-a24ee80 elementor-widget elementor-widget-text-editor\" data-id=\"a24ee80\" data-element_type=\"widget\" data-e-type=\"widget\" data-widget_type=\"text-editor.default\">\n\t\t\t\t<div class=\"elementor-widget-container\">\n\t\t\t\t\t\t\t\t\t<p data-start=\"1264\" data-end=\"1398\"><strong data-start=\"1264\" data-end=\"1311\">1. Co se pova\u017euje za zneu\u017e\u00edv\u00e1n\u00ed l\u00e9k\u016f na p\u0159edpis?<\/strong><br data-start=\"1311\" data-end=\"1314\" \/>U\u017e\u00edv\u00e1n\u00ed drogy bez l\u00e9ka\u0159sk\u00e9ho p\u0159edpisu, ve v\u011bt\u0161\u00edch d\u00e1vk\u00e1ch nebo pro rekrea\u010dn\u00ed \u00fa\u010dely.<\/p>\n<p data-start=\"1400\" data-end=\"1522\"><strong data-start=\"1400\" data-end=\"1453\">2. Kter\u00e9 recepty jsou nej\u010dast\u011bji zneu\u017e\u00edv\u00e1ny?<\/strong><br data-start=\"1453\" data-end=\"1456\" \/>Opioidy, benzodiazepiny a stimulancia, jako je Adderall nebo Ritalin.<\/p>\n<p data-start=\"1524\" data-end=\"1673\"><strong data-start=\"1524\" data-end=\"1578\">3. Pro\u010d je zneu\u017e\u00edv\u00e1n\u00ed nebezpe\u010dn\u00e9, kdy\u017e jsou drogy leg\u00e1ln\u00ed?<\/strong><br data-start=\"1578\" data-end=\"1581\" \/>P\u0159esto mohou zp\u016fsobit p\u0159ed\u00e1vkov\u00e1n\u00ed, z\u00e1vislost nebo nebezpe\u010dn\u00e9 vedlej\u0161\u00ed \u00fa\u010dinky, pokud nejsou u\u017e\u00edv\u00e1ny spr\u00e1vn\u011b.<\/p>\n<p data-start=\"1675\" data-end=\"1799\"><strong data-start=\"1675\" data-end=\"1727\">4. Jak vypadaj\u00ed zneu\u017e\u00edvan\u00e9 l\u00e9ky na p\u0159edpis?<\/strong><br data-start=\"1727\" data-end=\"1730\" \/>Obvykle tablety nebo tobolky, n\u011bkdy rozdrcen\u00e9 na pr\u00e1\u0161ek nebo pod\u00e1van\u00e9 injek\u010dn\u011b.<\/p>\n<p data-start=\"1801\" data-end=\"1921\"><strong data-start=\"1801\" data-end=\"1836\">5. Jak lze zabr\u00e1nit zneu\u017eit\u00ed?<\/strong><br data-start=\"1836\" data-end=\"1839\" \/>Zajist\u011bte l\u00e9ky, zamezte jejich sd\u00edlen\u00ed a pou\u010dte o rizic\u00edch nel\u00e9ka\u0159sk\u00e9ho u\u017e\u00edv\u00e1n\u00ed.<\/p>\t\t\t\t\t\t\t\t<\/div>\n\t\t\t\t<\/div>\n\t\t\t\t<div class=\"elementor-element elementor-element-3c88435 elementor-widget elementor-widget-html\" data-id=\"3c88435\" data-element_type=\"widget\" data-e-type=\"widget\" data-widget_type=\"html.default\">\n\t\t\t\t<div class=\"elementor-widget-container\">\n\t\t\t\t\t<script type=\"application\/ld+json\">{\n    \"@context\": \"https:\\\/\\\/schema.org\",\n    \"@type\": \"WebPage\",\n    \"name\": \"What are Misused Prescription Drugs?\",\n    \"headline\": \"What are Misused Prescription Drugs?\",\n    \"url\": \"https:\\\/\\\/www.narconon.online\\\/glossary\\\/what-are-misused-prescription-drugs\\\/\",\n    \"description\": \"Misused prescription drugs are legally made medications taken without proper guidance. Learn the risks, examples, and how to avoid misuse.\",\n    \"datePublished\": \"2025-07-24\",\n    \"dateModified\": \"2025-07-24\",\n    \"inLanguage\": \"en\",\n    \"publisher\": {\n        \"@type\": \"Organization\",\n        \"name\": \"Narconon Europe\",\n        \"url\": \"https:\\\/\\\/www.narcononeurope.dk\"\n    },\n    \"author\": {\n        \"@type\": \"Person\",\n        \"name\": \"Jacky Buensoz\"\n    },\n    \"mainEntity\": {\n        \"@type\": \"FAQPage\",\n        \"mainEntity\": [\n            {\n                \"@type\": \"Question\",\n                \"name\": \"What counts as prescription drug misuse?\",\n                \"acceptedAnswer\": {\n                    \"@type\": \"Answer\",\n                    \"text\": \"Taking a drug without a prescription, in larger doses, or for recreational purposes.\"\n                }\n            },\n            {\n                \"@type\": \"Question\",\n                \"name\": \"Which prescriptions are most commonly misused?\",\n                \"acceptedAnswer\": {\n                    \"@type\": \"Answer\",\n                    \"text\": \"Opioids, benzodiazepines, and stimulants like Adderall or Ritalin.\"\n                }\n            },\n            {\n                \"@type\": \"Question\",\n                \"name\": \"Why is misuse dangerous if the drugs are legal?\",\n                \"acceptedAnswer\": {\n                    \"@type\": \"Answer\",\n                    \"text\": \"They can still cause overdose, addiction, or dangerous side effects when not taken properly.\"\n                }\n            },\n            {\n                \"@type\": \"Question\",\n                \"name\": \"What do misused prescription drugs look like?\",\n                \"acceptedAnswer\": {\n                    \"@type\": \"Answer\",\n                    \"text\": \"Usually pills or capsules, sometimes crushed into powder or injected.\"\n                }\n            },\n            {\n                \"@type\": \"Question\",\n                \"name\": \"How can misuse be prevented?\",\n                \"acceptedAnswer\": {\n                    \"@type\": \"Answer\",\n                    \"text\": \"Secure medications, avoid sharing, and educate about the risks of non-medical use.\"\n                }\n            }\n        ]\n    }\n}<\/script>\r\n\t\t\t\t<\/div>\n\t\t\t\t<\/div>\n\t\t\t\t\t<\/div>\n\t\t\t\t<\/div>\n\t\t\t\t<\/div>","protected":false},"excerpt":{"rendered":"<p>Misused prescription drugs are medications that are taken without a prescription, in higher doses, or for non-medical reasons\u2014often to get [&hellip;]<\/p>","protected":false},"author":43,"featured_media":0,"parent":5868,"menu_order":0,"comment_status":"closed","ping_status":"closed","template":"","meta":{"_acf_changed":false,"site-sidebar-layout":"default","site-content-layout":"","ast-site-content-layout":"default","site-content-style":"default","site-sidebar-style":"default","ast-global-header-display":"","ast-banner-title-visibility":"","ast-main-header-display":"","ast-hfb-above-header-display":"","ast-hfb-below-header-display":"","ast-hfb-mobile-header-display":"","site-post-title":"","ast-breadcrumbs-content":"","ast-featured-img":"","footer-sml-layout":"","ast-disable-related-posts":"","theme-transparent-header-meta":"","adv-header-id-meta":"","stick-header-meta":"","header-above-stick-meta":"","header-main-stick-meta":"","header-below-stick-meta":"","astra-migrate-meta-layouts":"default","ast-page-background-enabled":"default","ast-page-background-meta":{"desktop":{"background-color":"var(--ast-global-color-5)","background-image":"","background-repeat":"repeat","background-position":"center center","background-size":"auto","background-attachment":"scroll","background-type":"","background-media":"","overlay-type":"","overlay-color":"","overlay-opacity":"","overlay-gradient":""},"tablet":{"background-color":"","background-image":"","background-repeat":"repeat","background-position":"center center","background-size":"auto","background-attachment":"scroll","background-type":"","background-media":"","overlay-type":"","overlay-color":"","overlay-opacity":"","overlay-gradient":""},"mobile":{"background-color":"","background-image":"","background-repeat":"repeat","background-position":"center center","background-size":"auto","background-attachment":"scroll","background-type":"","background-media":"","overlay-type":"","overlay-color":"","overlay-opacity":"","overlay-gradient":""}},"ast-content-background-meta":{"desktop":{"background-color":"var(--ast-global-color-4)","background-image":"","background-repeat":"repeat","background-position":"center center","background-size":"auto","background-attachment":"scroll","background-type":"","background-media":"","overlay-type":"","overlay-color":"","overlay-opacity":"","overlay-gradient":""},"tablet":{"background-color":"var(--ast-global-color-4)","background-image":"","background-repeat":"repeat","background-position":"center center","background-size":"auto","background-attachment":"scroll","background-type":"","background-media":"","overlay-type":"","overlay-color":"","overlay-opacity":"","overlay-gradient":""},"mobile":{"background-color":"var(--ast-global-color-4)","background-image":"","background-repeat":"repeat","background-position":"center center","background-size":"auto","background-attachment":"scroll","background-type":"","background-media":"","overlay-type":"","overlay-color":"","overlay-opacity":"","overlay-gradient":""}},"footnotes":""},"class_list":["post-6514","page","type-page","status-publish","hentry"],"acf":[],"yoast_head":"<!-- This site is optimized with the Yoast SEO Premium plugin v26.6 (Yoast SEO v26.6) - https:\/\/yoast.com\/wordpress\/plugins\/seo\/ -->\n<title>What Are Misused Prescription Drugs and Their Risks<\/title>\n<meta name=\"description\" content=\"Understand what are misused prescription drugs and their impact on health and safety. Learn more about prevention and risks.\" \/>\n<meta name=\"robots\" content=\"index, follow, max-snippet:-1, max-image-preview:large, max-video-preview:-1\" \/>\n<link rel=\"canonical\" href=\"https:\/\/www.narconon.online\/cs\/glosar\/co-jsou-zneuzivane-leky-na-predpis\/\" \/>\n<meta property=\"og:locale\" content=\"cs_CZ\" \/>\n<meta property=\"og:type\" content=\"article\" \/>\n<meta property=\"og:title\" content=\"What are Misused Prescription Drugs?\" \/>\n<meta property=\"og:description\" content=\"Understand what are misused prescription drugs and their impact on health and safety. Learn more about prevention and risks.\" \/>\n<meta property=\"og:url\" content=\"https:\/\/www.narconon.online\/cs\/glosar\/co-jsou-zneuzivane-leky-na-predpis\/\" \/>\n<meta property=\"og:site_name\" content=\"Narconon Europe\" \/>\n<meta property=\"article:publisher\" content=\"https:\/\/www.facebook.com\/narcononeu\" \/>\n<meta property=\"article:modified_time\" content=\"2025-07-24T10:08:41+00:00\" \/>\n<meta property=\"og:image\" content=\"https:\/\/www.narconon.online\/wp-content\/uploads\/2025\/07\/freepik__scattered-prescription-pill-bottles-with-labels-re__69448.webp\" \/>\n<meta name=\"twitter:card\" content=\"summary_large_image\" \/>\n<meta name=\"twitter:site\" content=\"@NARCONONEurope\" \/>\n<meta name=\"twitter:label1\" content=\"Odhadovan\u00e1 doba \u010dten\u00ed\" \/>\n\t<meta name=\"twitter:data1\" content=\"2 minuty\" \/>\n<script type=\"application\/ld+json\" class=\"yoast-schema-graph\">{\"@context\":\"https:\/\/schema.org\",\"@graph\":[{\"@type\":\"WebPage\",\"@id\":\"https:\/\/www.narconon.online\/glossary\/what-are-misused-prescription-drugs\/\",\"url\":\"https:\/\/www.narconon.online\/glossary\/what-are-misused-prescription-drugs\/\",\"name\":\"What Are Misused Prescription Drugs and Their Risks\",\"isPartOf\":{\"@id\":\"https:\/\/www.narconon.online\/#website\"},\"primaryImageOfPage\":{\"@id\":\"https:\/\/www.narconon.online\/glossary\/what-are-misused-prescription-drugs\/#primaryimage\"},\"image\":{\"@id\":\"https:\/\/www.narconon.online\/glossary\/what-are-misused-prescription-drugs\/#primaryimage\"},\"thumbnailUrl\":\"https:\/\/www.narconon.online\/wp-content\/uploads\/2025\/07\/freepik__scattered-prescription-pill-bottles-with-labels-re__69448.webp\",\"datePublished\":\"2025-07-24T10:03:51+00:00\",\"dateModified\":\"2025-07-24T10:08:41+00:00\",\"description\":\"Understand what are misused prescription drugs and their impact on health and safety. Learn more about prevention and risks.\",\"breadcrumb\":{\"@id\":\"https:\/\/www.narconon.online\/glossary\/what-are-misused-prescription-drugs\/#breadcrumb\"},\"inLanguage\":\"cs\",\"potentialAction\":[{\"@type\":\"ReadAction\",\"target\":[\"https:\/\/www.narconon.online\/glossary\/what-are-misused-prescription-drugs\/\"]}]},{\"@type\":\"ImageObject\",\"inLanguage\":\"cs\",\"@id\":\"https:\/\/www.narconon.online\/glossary\/what-are-misused-prescription-drugs\/#primaryimage\",\"url\":\"https:\/\/www.narconon.online\/wp-content\/uploads\/2025\/07\/freepik__scattered-prescription-pill-bottles-with-labels-re__69448.webp\",\"contentUrl\":\"https:\/\/www.narconon.online\/wp-content\/uploads\/2025\/07\/freepik__scattered-prescription-pill-bottles-with-labels-re__69448.webp\"},{\"@type\":\"BreadcrumbList\",\"@id\":\"https:\/\/www.narconon.online\/glossary\/what-are-misused-prescription-drugs\/#breadcrumb\",\"itemListElement\":[{\"@type\":\"ListItem\",\"position\":1,\"name\":\"Home\",\"item\":\"https:\/\/www.narconon.online\/\"},{\"@type\":\"ListItem\",\"position\":2,\"name\":\"Glossary of Drug Terms and Definitions\",\"item\":\"https:\/\/www.narconon.online\/glossary\/\"},{\"@type\":\"ListItem\",\"position\":3,\"name\":\"What are Misused Prescription Drugs?\"}]},{\"@type\":\"WebSite\",\"@id\":\"https:\/\/www.narconon.online\/#website\",\"url\":\"https:\/\/www.narconon.online\/\",\"name\":\"Narconon Europe\",\"description\":\"Drug Free For Good\",\"publisher\":{\"@id\":\"https:\/\/www.narconon.online\/#organization\"},\"potentialAction\":[{\"@type\":\"SearchAction\",\"target\":{\"@type\":\"EntryPoint\",\"urlTemplate\":\"https:\/\/www.narconon.online\/?s={search_term_string}\"},\"query-input\":{\"@type\":\"PropertyValueSpecification\",\"valueRequired\":true,\"valueName\":\"search_term_string\"}}],\"inLanguage\":\"cs\"},{\"@type\":\"Organization\",\"@id\":\"https:\/\/www.narconon.online\/#organization\",\"name\":\"Narconon Europe\",\"url\":\"https:\/\/www.narconon.online\/\",\"logo\":{\"@type\":\"ImageObject\",\"inLanguage\":\"cs\",\"@id\":\"https:\/\/www.narconon.online\/#\/schema\/logo\/image\/\",\"url\":\"https:\/\/www.narconon.online\/wp-content\/uploads\/2025\/03\/Logo-Narconon-Europe-2.png\",\"contentUrl\":\"https:\/\/www.narconon.online\/wp-content\/uploads\/2025\/03\/Logo-Narconon-Europe-2.png\",\"width\":2000,\"height\":707,\"caption\":\"Narconon Europe\"},\"image\":{\"@id\":\"https:\/\/www.narconon.online\/#\/schema\/logo\/image\/\"},\"sameAs\":[\"https:\/\/www.facebook.com\/narcononeu\",\"https:\/\/x.com\/NARCONONEurope\",\"https:\/\/www.instagram.com\/narconon.europe\/\",\"https:\/\/www.youtube.com\/channel\/UCNUxvhoqZZCAxXCYO4K7MvA\",\"https:\/\/www.tiktok.com\/@narconon.europe\"]}]}<\/script>\n<!-- \/ Yoast SEO Premium plugin. -->","yoast_head_json":{"title":"Co jsou zneu\u017e\u00edvan\u00e9 l\u00e9ky na p\u0159edpis a jejich rizika","description":"Pochopit, co jsou zneu\u017e\u00edvan\u00e9 l\u00e9ky na p\u0159edpis a jak\u00fd maj\u00ed dopad na zdrav\u00ed a bezpe\u010dnost. Zjist\u011bte v\u00edce o prevenci a rizic\u00edch.","robots":{"index":"index","follow":"follow","max-snippet":"max-snippet:-1","max-image-preview":"max-image-preview:large","max-video-preview":"max-video-preview:-1"},"canonical":"https:\/\/www.narconon.online\/cs\/glosar\/co-jsou-zneuzivane-leky-na-predpis\/","og_locale":"cs_CZ","og_type":"article","og_title":"What are Misused Prescription Drugs?","og_description":"Understand what are misused prescription drugs and their impact on health and safety. Learn more about prevention and risks.","og_url":"https:\/\/www.narconon.online\/cs\/glosar\/co-jsou-zneuzivane-leky-na-predpis\/","og_site_name":"Narconon Europe","article_publisher":"https:\/\/www.facebook.com\/narcononeu","article_modified_time":"2025-07-24T10:08:41+00:00","og_image":[{"url":"https:\/\/www.narconon.online\/wp-content\/uploads\/2025\/07\/freepik__scattered-prescription-pill-bottles-with-labels-re__69448.webp","type":"","width":"","height":""}],"twitter_card":"summary_large_image","twitter_site":"@NARCONONEurope","twitter_misc":{"Odhadovan\u00e1 doba \u010dten\u00ed":"2 minuty"},"schema":{"@context":"https:\/\/schema.org","@graph":[{"@type":"WebPage","@id":"https:\/\/www.narconon.online\/glossary\/what-are-misused-prescription-drugs\/","url":"https:\/\/www.narconon.online\/glossary\/what-are-misused-prescription-drugs\/","name":"Co jsou zneu\u017e\u00edvan\u00e9 l\u00e9ky na p\u0159edpis a jejich rizika","isPartOf":{"@id":"https:\/\/www.narconon.online\/#website"},"primaryImageOfPage":{"@id":"https:\/\/www.narconon.online\/glossary\/what-are-misused-prescription-drugs\/#primaryimage"},"image":{"@id":"https:\/\/www.narconon.online\/glossary\/what-are-misused-prescription-drugs\/#primaryimage"},"thumbnailUrl":"https:\/\/www.narconon.online\/wp-content\/uploads\/2025\/07\/freepik__scattered-prescription-pill-bottles-with-labels-re__69448.webp","datePublished":"2025-07-24T10:03:51+00:00","dateModified":"2025-07-24T10:08:41+00:00","description":"Pochopit, co jsou zneu\u017e\u00edvan\u00e9 l\u00e9ky na p\u0159edpis a jak\u00fd maj\u00ed dopad na zdrav\u00ed a bezpe\u010dnost. Zjist\u011bte v\u00edce o prevenci a rizic\u00edch.","breadcrumb":{"@id":"https:\/\/www.narconon.online\/glossary\/what-are-misused-prescription-drugs\/#breadcrumb"},"inLanguage":"cs","potentialAction":[{"@type":"ReadAction","target":["https:\/\/www.narconon.online\/glossary\/what-are-misused-prescription-drugs\/"]}]},{"@type":"ImageObject","inLanguage":"cs","@id":"https:\/\/www.narconon.online\/glossary\/what-are-misused-prescription-drugs\/#primaryimage","url":"https:\/\/www.narconon.online\/wp-content\/uploads\/2025\/07\/freepik__scattered-prescription-pill-bottles-with-labels-re__69448.webp","contentUrl":"https:\/\/www.narconon.online\/wp-content\/uploads\/2025\/07\/freepik__scattered-prescription-pill-bottles-with-labels-re__69448.webp"},{"@type":"BreadcrumbList","@id":"https:\/\/www.narconon.online\/glossary\/what-are-misused-prescription-drugs\/#breadcrumb","itemListElement":[{"@type":"ListItem","position":1,"name":"Home","item":"https:\/\/www.narconon.online\/"},{"@type":"ListItem","position":2,"name":"Glossary of Drug Terms and Definitions","item":"https:\/\/www.narconon.online\/glossary\/"},{"@type":"ListItem","position":3,"name":"What are Misused Prescription Drugs?"}]},{"@type":"WebSite","@id":"https:\/\/www.narconon.online\/#website","url":"https:\/\/www.narconon.online\/","name":"Narconon Evropa","description":"Bez drog napo\u0159\u00e1d","publisher":{"@id":"https:\/\/www.narconon.online\/#organization"},"potentialAction":[{"@type":"SearchAction","target":{"@type":"EntryPoint","urlTemplate":"https:\/\/www.narconon.online\/?s={search_term_string}"},"query-input":{"@type":"PropertyValueSpecification","valueRequired":true,"valueName":"search_term_string"}}],"inLanguage":"cs"},{"@type":"Organization","@id":"https:\/\/www.narconon.online\/#organization","name":"Narconon Evropa","url":"https:\/\/www.narconon.online\/","logo":{"@type":"ImageObject","inLanguage":"cs","@id":"https:\/\/www.narconon.online\/#\/schema\/logo\/image\/","url":"https:\/\/www.narconon.online\/wp-content\/uploads\/2025\/03\/Logo-Narconon-Europe-2.png","contentUrl":"https:\/\/www.narconon.online\/wp-content\/uploads\/2025\/03\/Logo-Narconon-Europe-2.png","width":2000,"height":707,"caption":"Narconon Europe"},"image":{"@id":"https:\/\/www.narconon.online\/#\/schema\/logo\/image\/"},"sameAs":["https:\/\/www.facebook.com\/narcononeu","https:\/\/x.com\/NARCONONEurope","https:\/\/www.instagram.com\/narconon.europe\/","https:\/\/www.youtube.com\/channel\/UCNUxvhoqZZCAxXCYO4K7MvA","https:\/\/www.tiktok.com\/@narconon.europe"]}]}},"_links":{"self":[{"href":"https:\/\/www.narconon.online\/cs\/wp-json\/wp\/v2\/pages\/6514","targetHints":{"allow":["GET"]}}],"collection":[{"href":"https:\/\/www.narconon.online\/cs\/wp-json\/wp\/v2\/pages"}],"about":[{"href":"https:\/\/www.narconon.online\/cs\/wp-json\/wp\/v2\/types\/page"}],"author":[{"embeddable":true,"href":"https:\/\/www.narconon.online\/cs\/wp-json\/wp\/v2\/users\/43"}],"replies":[{"embeddable":true,"href":"https:\/\/www.narconon.online\/cs\/wp-json\/wp\/v2\/comments?post=6514"}],"version-history":[{"count":6,"href":"https:\/\/www.narconon.online\/cs\/wp-json\/wp\/v2\/pages\/6514\/revisions"}],"predecessor-version":[{"id":6521,"href":"https:\/\/www.narconon.online\/cs\/wp-json\/wp\/v2\/pages\/6514\/revisions\/6521"}],"up":[{"embeddable":true,"href":"https:\/\/www.narconon.online\/cs\/wp-json\/wp\/v2\/pages\/5868"}],"wp:attachment":[{"href":"https:\/\/www.narconon.online\/cs\/wp-json\/wp\/v2\/media?parent=6514"}],"curies":[{"name":"wp","href":"https:\/\/api.w.org\/{rel}","templated":true}]}}