{"id":6498,"date":"2025-07-24T11:48:54","date_gmt":"2025-07-24T09:48:54","guid":{"rendered":"https:\/\/www.narconon.online\/?page_id=6498"},"modified":"2025-07-24T12:02:49","modified_gmt":"2025-07-24T10:02:49","slug":"co-jsou-disociativa","status":"publish","type":"page","link":"https:\/\/www.narconon.online\/cs\/glosar\/co-jsou-disociativa\/","title":{"rendered":"Co jsou disociativa?"},"content":{"rendered":"<div data-elementor-type=\"wp-page\" data-elementor-id=\"6498\" class=\"elementor elementor-6498\" data-elementor-post-type=\"page\">\n\t\t\t\t<div class=\"elementor-element elementor-element-14d08559 e-flex e-con-boxed e-con e-parent\" data-id=\"14d08559\" data-element_type=\"container\" data-e-type=\"container\">\n\t\t\t\t\t<div class=\"e-con-inner\">\n\t\t<div class=\"elementor-element elementor-element-1cae676 e-grid e-con-full e-con e-child\" data-id=\"1cae676\" data-element_type=\"container\" data-e-type=\"container\">\n\t\t\t\t<div class=\"elementor-element elementor-element-ddfcbba elementor-widget elementor-widget-text-editor\" data-id=\"ddfcbba\" data-element_type=\"widget\" data-e-type=\"widget\" data-widget_type=\"text-editor.default\">\n\t\t\t\t<div class=\"elementor-widget-container\">\n\t\t\t\t\t\t\t\t\t<p data-start=\"284\" data-end=\"445\"><strong data-start=\"284\" data-end=\"301\">Disociativa<\/strong> jsou l\u00e9ky, kter\u00e9 <strong data-start=\"317\" data-end=\"369\">naru\u0161uj\u00ed komunikaci mezi mozkem a t\u011blem<\/strong>, co\u017e vede k pocit\u016fm odtr\u017een\u00ed od reality, sebe sama nebo okol\u00ed.<\/p>\n<p data-start=\"447\" data-end=\"663\">Mezi nej\u010dast\u011bj\u0161\u00ed disociativa pat\u0159\u00ed <strong data-start=\"476\" data-end=\"488\">ketamin<\/strong>, <strong data-start=\"490\" data-end=\"513\">PCP (fencyklidin)<\/strong>a vysok\u00e9 d\u00e1vky <strong data-start=\"533\" data-end=\"540\">DXM<\/strong>, p\u0159\u00edpravek na potla\u010den\u00ed ka\u0161le. N\u011bkdy se pou\u017e\u00edvaj\u00ed l\u00e9ka\u0159sky k anestezii nebo k \u00falev\u011b od bolesti, ale jsou tak\u00e9 zneu\u017e\u00edv\u00e1ny rekrea\u010dn\u011b.<\/p>\n<p data-start=\"665\" data-end=\"834\">N\u00e1sledky mohou zahrnovat zmatenost, otup\u011blost, halucinace a ztr\u00e1tu kontroly. <strong data-start=\"747\" data-end=\"833\">\u010cast\u00e9 zneu\u017e\u00edv\u00e1n\u00ed m\u016f\u017ee v\u00e9st ke ztr\u00e1t\u011b pam\u011bti, paranoie nebo dlouhodob\u00fdm kognitivn\u00edm probl\u00e9m\u016fm.<\/strong>.<\/p>\t\t\t\t\t\t\t\t<\/div>\n\t\t\t\t<\/div>\n\t\t\t\t<div class=\"elementor-element elementor-element-8f955ba elementor-widget elementor-widget-image\" data-id=\"8f955ba\" data-element_type=\"widget\" data-e-type=\"widget\" data-widget_type=\"image.default\">\n\t\t\t\t<div class=\"elementor-widget-container\">\n\t\t\t\t\t\t\t\t\t\t\t\t\t\t\t<img fetchpriority=\"high\" decoding=\"async\" width=\"1392\" height=\"752\" src=\"https:\/\/www.narconon.online\/wp-content\/uploads\/2025\/07\/freepik__examples-of-dissociatives-including-ketamine-vial-__69447.webp\" class=\"attachment-full size-full wp-image-6509\" alt=\"P\u0159\u00edklady disociativn\u00edch l\u00e1tek v\u010detn\u011b lahvi\u010dky ketaminu, sirupu proti ka\u0161li a pr\u00e1\u0161ku PCP.\" srcset=\"https:\/\/www.narconon.online\/wp-content\/uploads\/2025\/07\/freepik__examples-of-dissociatives-including-ketamine-vial-__69447.webp 1392w, https:\/\/www.narconon.online\/wp-content\/uploads\/2025\/07\/freepik__examples-of-dissociatives-including-ketamine-vial-__69447-300x162.webp 300w, https:\/\/www.narconon.online\/wp-content\/uploads\/2025\/07\/freepik__examples-of-dissociatives-including-ketamine-vial-__69447-1024x553.webp 1024w, https:\/\/www.narconon.online\/wp-content\/uploads\/2025\/07\/freepik__examples-of-dissociatives-including-ketamine-vial-__69447-768x415.webp 768w, https:\/\/www.narconon.online\/wp-content\/uploads\/2025\/07\/freepik__examples-of-dissociatives-including-ketamine-vial-__69447-18x10.webp 18w\" sizes=\"(max-width: 1392px) 100vw, 1392px\" \/>\t\t\t\t\t\t\t\t\t\t\t\t\t\t\t<\/div>\n\t\t\t\t<\/div>\n\t\t\t\t<\/div>\n\t\t\t\t\t<\/div>\n\t\t\t\t<\/div>\n\t\t<div class=\"elementor-element elementor-element-064fdba e-flex e-con-boxed e-con e-parent\" data-id=\"064fdba\" data-element_type=\"container\" data-e-type=\"container\">\n\t\t\t\t\t<div class=\"e-con-inner\">\n\t\t<div class=\"elementor-element elementor-element-ecec8f5 e-grid e-con-full e-con e-child\" data-id=\"ecec8f5\" data-element_type=\"container\" data-e-type=\"container\">\n\t\t\t\t<div class=\"elementor-element elementor-element-0f0e55c elementor-widget elementor-widget-text-editor\" data-id=\"0f0e55c\" data-element_type=\"widget\" data-e-type=\"widget\" data-widget_type=\"text-editor.default\">\n\t\t\t\t<div class=\"elementor-widget-container\">\n\t\t\t\t\t\t\t\t\t<h3 id=\"h-related-terms\" class=\"wp-block-heading\">\ud83e\udde0 Souvisej\u00edc\u00ed term\u00edny<\/h3>\n<ul>\n<li data-start=\"879\" data-end=\"920\">\n<p data-start=\"881\" data-end=\"920\"><a class=\"\" href=\"\/cs\/glosar\/co-je-ketamin\/\" rel=\"noopener\" data-start=\"881\" data-end=\"920\">Ketamin<\/a><\/p>\n<\/li>\n<li data-start=\"921\" data-end=\"952\">\n<p data-start=\"923\" data-end=\"952\"><a class=\"\" href=\"\/cs\/glosar\/co-je-lsd\/\" rel=\"noopener\" data-start=\"923\" data-end=\"952\">LSD<\/a><\/p>\n<\/li>\n<li data-start=\"953\" data-end=\"1033\"><a href=\"https:\/\/www.narconon.online\/cs\/glosar\/\">Slovn\u00ed\u010dek pojm\u016f<\/a><\/li>\n<\/ul>\t\t\t\t\t\t\t\t<\/div>\n\t\t\t\t<\/div>\n\t\t\t\t<div class=\"elementor-element elementor-element-03e5102 elementor-widget elementor-widget-text-editor\" data-id=\"03e5102\" data-element_type=\"widget\" data-e-type=\"widget\" data-widget_type=\"text-editor.default\">\n\t\t\t\t<div class=\"elementor-widget-container\">\n\t\t\t\t\t\t\t\t\t<p id=\"h-related-terms\" class=\"wp-block-heading\">\ud83d\udc49 Zjist\u011bte v\u00edce o prevenci:<br \/><a class=\"\" href=\"https:\/\/www.narcononeurope.dk\/en\/drug-abuse\/\" target=\"_blank\" rel=\"noopener\">Narconon Evropa - Pomoc p\u0159i zneu\u017e\u00edv\u00e1n\u00ed drog<\/a><\/p>\n<p><!-- \/wp:list-item --><\/p>\n<p><!-- \/wp:list --><!-- wp:paragraph --><\/p>\n<p>\ud83d\udc49 Dal\u0161\u00ed vzd\u011bl\u00e1vac\u00ed obsah naleznete v na\u0161em <a class=\"\" href=\"https:\/\/www.narconon.online\/cs\/materialy-pro-protidrogovou-prevenci\/\">Materi\u00e1ly pro protidrogov\u00e9 vzd\u011bl\u00e1v\u00e1n\u00ed a prevenci<\/a><\/p>\t\t\t\t\t\t\t\t<\/div>\n\t\t\t\t<\/div>\n\t\t\t\t<\/div>\n\t\t\t\t<div class=\"elementor-element elementor-element-1497776 elementor-widget elementor-widget-heading\" data-id=\"1497776\" data-element_type=\"widget\" data-e-type=\"widget\" data-widget_type=\"heading.default\">\n\t\t\t\t<div class=\"elementor-widget-container\">\n\t\t\t\t\t<h2 class=\"elementor-heading-title elementor-size-default\">\u2753 \u010casto kladen\u00e9 ot\u00e1zky - Co jsou disociativa?<\/h2>\t\t\t\t<\/div>\n\t\t\t\t<\/div>\n\t\t\t\t<div class=\"elementor-element elementor-element-a24ee80 elementor-widget elementor-widget-text-editor\" data-id=\"a24ee80\" data-element_type=\"widget\" data-e-type=\"widget\" data-widget_type=\"text-editor.default\">\n\t\t\t\t<div class=\"elementor-widget-container\">\n\t\t\t\t\t\t\t\t\t<p data-start=\"1207\" data-end=\"1356\"><strong data-start=\"1207\" data-end=\"1246\">1. K \u010demu se pou\u017e\u00edvaj\u00ed disociativa?<\/strong><br data-start=\"1246\" data-end=\"1249\" \/>L\u00e9\u010debn\u011b se pou\u017e\u00edvaj\u00ed k anestezii nebo tlumen\u00ed bolesti a rekrea\u010dn\u011b pro sv\u00e9 halucinogenn\u00ed \u00fa\u010dinky.<\/p>\n<p data-start=\"1358\" data-end=\"1481\"><strong data-start=\"1358\" data-end=\"1397\">2. Pro\u010d jsou disociativa nebezpe\u010dn\u00e1?<\/strong><br data-start=\"1397\" data-end=\"1400\" \/>Mohou zp\u016fsobit psych\u00f3zu, nehody a dlouhodob\u00e9 kognitivn\u00ed nebo emocion\u00e1ln\u00ed po\u0161kozen\u00ed.<\/p>\n<p data-start=\"1483\" data-end=\"1585\"><strong data-start=\"1483\" data-end=\"1522\">3. Jak vypadaj\u00ed disociativa?<\/strong><br data-start=\"1522\" data-end=\"1525\" \/>Mohou m\u00edt podobu tekutin, tablet, pr\u00e1\u0161k\u016f nebo sirup\u016f proti ka\u0161li.<\/p>\n<p data-start=\"1587\" data-end=\"1737\"><strong data-start=\"1587\" data-end=\"1633\">4. Jak se \u010dlov\u011bk c\u00edt\u00ed po disociativech?<\/strong><br data-start=\"1633\" data-end=\"1636\" \/>U\u017eivatel\u00e9 se mohou c\u00edtit odpojeni od sv\u00e9ho t\u011bla nebo okol\u00ed, mohou m\u00edt nez\u0159etelnou \u0159e\u010d nebo se chovat roboticky.<\/p>\n<p data-start=\"1739\" data-end=\"1858\"><strong data-start=\"1739\" data-end=\"1777\">5. Mohou b\u00fdt disociativa n\u00e1vykov\u00e1?<\/strong><br data-start=\"1777\" data-end=\"1780\" \/>Ano. U n\u011bkter\u00fdch jedinc\u016f se vytvo\u0159\u00ed vzorec zneu\u017e\u00edv\u00e1n\u00ed a psychick\u00e9 z\u00e1vislosti.<\/p>\t\t\t\t\t\t\t\t<\/div>\n\t\t\t\t<\/div>\n\t\t\t\t<div class=\"elementor-element elementor-element-3c88435 elementor-widget elementor-widget-html\" data-id=\"3c88435\" data-element_type=\"widget\" data-e-type=\"widget\" data-widget_type=\"html.default\">\n\t\t\t\t<div class=\"elementor-widget-container\">\n\t\t\t\t\t<script type=\"application\/ld+json\">{\n    \"@context\": \"https:\\\/\\\/schema.org\",\n    \"@type\": \"WebPage\",\n    \"name\": \"What are Dissociatives?\",\n    \"headline\": \"What are Dissociatives?\",\n    \"url\": \"https:\\\/\\\/www.narconon.online\\\/glossary\\\/what-are-dissociatives\\\/\",\n    \"description\": \"Dissociatives are drugs that cause detachment from reality. Learn about ketamine, PCP, DXM, and the risks of dissociative use.\",\n    \"datePublished\": \"2025-07-24\",\n    \"dateModified\": \"2025-07-24\",\n    \"inLanguage\": \"en\",\n    \"publisher\": {\n        \"@type\": \"Organization\",\n        \"name\": \"Narconon Europe\",\n        \"url\": \"https:\\\/\\\/www.narcononeurope.dk\"\n    },\n    \"author\": {\n        \"@type\": \"Person\",\n        \"name\": \"Jacky Buensoz\"\n    },\n    \"mainEntity\": {\n        \"@type\": \"FAQPage\",\n        \"mainEntity\": [\n            {\n                \"@type\": \"Question\",\n                \"name\": \"What are dissociatives used for?\",\n                \"acceptedAnswer\": {\n                    \"@type\": \"Answer\",\n                    \"text\": \"They are used medically for anesthesia or pain control and recreationally for their hallucinogenic effects.\"\n                }\n            },\n            {\n                \"@type\": \"Question\",\n                \"name\": \"Why are dissociatives dangerous?\",\n                \"acceptedAnswer\": {\n                    \"@type\": \"Answer\",\n                    \"text\": \"They can cause psychosis, accidents, and long-term cognitive or emotional damage.\"\n                }\n            },\n            {\n                \"@type\": \"Question\",\n                \"name\": \"What do dissociatives look like?\",\n                \"acceptedAnswer\": {\n                    \"@type\": \"Answer\",\n                    \"text\": \"They may appear as liquids, pills, powders, or cough syrups.\"\n                }\n            },\n            {\n                \"@type\": \"Question\",\n                \"name\": \"How do dissociatives make someone feel?\",\n                \"acceptedAnswer\": {\n                    \"@type\": \"Answer\",\n                    \"text\": \"Users may feel disconnected from their body or surroundings, with slurred speech or robotic behavior.\"\n                }\n            },\n            {\n                \"@type\": \"Question\",\n                \"name\": \"Can dissociatives be addictive?\",\n                \"acceptedAnswer\": {\n                    \"@type\": \"Answer\",\n                    \"text\": \"Yes. Some individuals develop a pattern of abuse and psychological dependence.\"\n                }\n            }\n        ]\n    }\n}<\/script>\r\n\t\t\t\t<\/div>\n\t\t\t\t<\/div>\n\t\t\t\t\t<\/div>\n\t\t\t\t<\/div>\n\t\t\t\t<\/div>","protected":false},"excerpt":{"rendered":"<p>Dissociatives are drugs that disrupt communication between the brain and body, leading to feelings of detachment from reality, the self, [&hellip;]<\/p>","protected":false},"author":43,"featured_media":0,"parent":5868,"menu_order":0,"comment_status":"closed","ping_status":"closed","template":"","meta":{"_acf_changed":false,"site-sidebar-layout":"default","site-content-layout":"","ast-site-content-layout":"default","site-content-style":"default","site-sidebar-style":"default","ast-global-header-display":"","ast-banner-title-visibility":"","ast-main-header-display":"","ast-hfb-above-header-display":"","ast-hfb-below-header-display":"","ast-hfb-mobile-header-display":"","site-post-title":"","ast-breadcrumbs-content":"","ast-featured-img":"","footer-sml-layout":"","ast-disable-related-posts":"","theme-transparent-header-meta":"","adv-header-id-meta":"","stick-header-meta":"","header-above-stick-meta":"","header-main-stick-meta":"","header-below-stick-meta":"","astra-migrate-meta-layouts":"default","ast-page-background-enabled":"default","ast-page-background-meta":{"desktop":{"background-color":"var(--ast-global-color-5)","background-image":"","background-repeat":"repeat","background-position":"center center","background-size":"auto","background-attachment":"scroll","background-type":"","background-media":"","overlay-type":"","overlay-color":"","overlay-opacity":"","overlay-gradient":""},"tablet":{"background-color":"","background-image":"","background-repeat":"repeat","background-position":"center center","background-size":"auto","background-attachment":"scroll","background-type":"","background-media":"","overlay-type":"","overlay-color":"","overlay-opacity":"","overlay-gradient":""},"mobile":{"background-color":"","background-image":"","background-repeat":"repeat","background-position":"center center","background-size":"auto","background-attachment":"scroll","background-type":"","background-media":"","overlay-type":"","overlay-color":"","overlay-opacity":"","overlay-gradient":""}},"ast-content-background-meta":{"desktop":{"background-color":"var(--ast-global-color-4)","background-image":"","background-repeat":"repeat","background-position":"center center","background-size":"auto","background-attachment":"scroll","background-type":"","background-media":"","overlay-type":"","overlay-color":"","overlay-opacity":"","overlay-gradient":""},"tablet":{"background-color":"var(--ast-global-color-4)","background-image":"","background-repeat":"repeat","background-position":"center center","background-size":"auto","background-attachment":"scroll","background-type":"","background-media":"","overlay-type":"","overlay-color":"","overlay-opacity":"","overlay-gradient":""},"mobile":{"background-color":"var(--ast-global-color-4)","background-image":"","background-repeat":"repeat","background-position":"center center","background-size":"auto","background-attachment":"scroll","background-type":"","background-media":"","overlay-type":"","overlay-color":"","overlay-opacity":"","overlay-gradient":""}},"footnotes":""},"class_list":["post-6498","page","type-page","status-publish","hentry"],"acf":[],"yoast_head":"<!-- This site is optimized with the Yoast SEO Premium plugin v26.6 (Yoast SEO v26.6) - https:\/\/yoast.com\/wordpress\/plugins\/seo\/ -->\n<title>What Are Dissociatives and Their Effects<\/title>\n<meta name=\"description\" content=\"Explore what are dissociatives and how they impact perception of reality, self, and surroundings. Learn more now.\" \/>\n<meta name=\"robots\" content=\"index, follow, max-snippet:-1, max-image-preview:large, max-video-preview:-1\" \/>\n<link rel=\"canonical\" href=\"https:\/\/www.narconon.online\/cs\/glosar\/co-jsou-disociativa\/\" \/>\n<meta property=\"og:locale\" content=\"cs_CZ\" \/>\n<meta property=\"og:type\" content=\"article\" \/>\n<meta property=\"og:title\" content=\"What are Dissociatives?\" \/>\n<meta property=\"og:description\" content=\"Explore what are dissociatives and how they impact perception of reality, self, and surroundings. Learn more now.\" \/>\n<meta property=\"og:url\" content=\"https:\/\/www.narconon.online\/cs\/glosar\/co-jsou-disociativa\/\" \/>\n<meta property=\"og:site_name\" content=\"Narconon Europe\" \/>\n<meta property=\"article:publisher\" content=\"https:\/\/www.facebook.com\/narcononeu\" \/>\n<meta property=\"article:modified_time\" content=\"2025-07-24T10:02:49+00:00\" \/>\n<meta property=\"og:image\" content=\"https:\/\/www.narconon.online\/wp-content\/uploads\/2025\/07\/freepik__examples-of-dissociatives-including-ketamine-vial-__69447.webp\" \/>\n<meta name=\"twitter:card\" content=\"summary_large_image\" \/>\n<meta name=\"twitter:site\" content=\"@NARCONONEurope\" \/>\n<meta name=\"twitter:label1\" content=\"Odhadovan\u00e1 doba \u010dten\u00ed\" \/>\n\t<meta name=\"twitter:data1\" content=\"2 minuty\" \/>\n<script type=\"application\/ld+json\" class=\"yoast-schema-graph\">{\"@context\":\"https:\/\/schema.org\",\"@graph\":[{\"@type\":\"WebPage\",\"@id\":\"https:\/\/www.narconon.online\/glossary\/what-are-dissociatives\/\",\"url\":\"https:\/\/www.narconon.online\/glossary\/what-are-dissociatives\/\",\"name\":\"What Are Dissociatives and Their Effects\",\"isPartOf\":{\"@id\":\"https:\/\/www.narconon.online\/#website\"},\"primaryImageOfPage\":{\"@id\":\"https:\/\/www.narconon.online\/glossary\/what-are-dissociatives\/#primaryimage\"},\"image\":{\"@id\":\"https:\/\/www.narconon.online\/glossary\/what-are-dissociatives\/#primaryimage\"},\"thumbnailUrl\":\"https:\/\/www.narconon.online\/wp-content\/uploads\/2025\/07\/freepik__examples-of-dissociatives-including-ketamine-vial-__69447.webp\",\"datePublished\":\"2025-07-24T09:48:54+00:00\",\"dateModified\":\"2025-07-24T10:02:49+00:00\",\"description\":\"Explore what are dissociatives and how they impact perception of reality, self, and surroundings. Learn more now.\",\"breadcrumb\":{\"@id\":\"https:\/\/www.narconon.online\/glossary\/what-are-dissociatives\/#breadcrumb\"},\"inLanguage\":\"cs\",\"potentialAction\":[{\"@type\":\"ReadAction\",\"target\":[\"https:\/\/www.narconon.online\/glossary\/what-are-dissociatives\/\"]}]},{\"@type\":\"ImageObject\",\"inLanguage\":\"cs\",\"@id\":\"https:\/\/www.narconon.online\/glossary\/what-are-dissociatives\/#primaryimage\",\"url\":\"https:\/\/www.narconon.online\/wp-content\/uploads\/2025\/07\/freepik__examples-of-dissociatives-including-ketamine-vial-__69447.webp\",\"contentUrl\":\"https:\/\/www.narconon.online\/wp-content\/uploads\/2025\/07\/freepik__examples-of-dissociatives-including-ketamine-vial-__69447.webp\"},{\"@type\":\"BreadcrumbList\",\"@id\":\"https:\/\/www.narconon.online\/glossary\/what-are-dissociatives\/#breadcrumb\",\"itemListElement\":[{\"@type\":\"ListItem\",\"position\":1,\"name\":\"Home\",\"item\":\"https:\/\/www.narconon.online\/\"},{\"@type\":\"ListItem\",\"position\":2,\"name\":\"Glossary of Drug Terms and Definitions\",\"item\":\"https:\/\/www.narconon.online\/glossary\/\"},{\"@type\":\"ListItem\",\"position\":3,\"name\":\"What are Dissociatives?\"}]},{\"@type\":\"WebSite\",\"@id\":\"https:\/\/www.narconon.online\/#website\",\"url\":\"https:\/\/www.narconon.online\/\",\"name\":\"Narconon Europe\",\"description\":\"Drug Free For Good\",\"publisher\":{\"@id\":\"https:\/\/www.narconon.online\/#organization\"},\"potentialAction\":[{\"@type\":\"SearchAction\",\"target\":{\"@type\":\"EntryPoint\",\"urlTemplate\":\"https:\/\/www.narconon.online\/?s={search_term_string}\"},\"query-input\":{\"@type\":\"PropertyValueSpecification\",\"valueRequired\":true,\"valueName\":\"search_term_string\"}}],\"inLanguage\":\"cs\"},{\"@type\":\"Organization\",\"@id\":\"https:\/\/www.narconon.online\/#organization\",\"name\":\"Narconon Europe\",\"url\":\"https:\/\/www.narconon.online\/\",\"logo\":{\"@type\":\"ImageObject\",\"inLanguage\":\"cs\",\"@id\":\"https:\/\/www.narconon.online\/#\/schema\/logo\/image\/\",\"url\":\"https:\/\/www.narconon.online\/wp-content\/uploads\/2025\/03\/Logo-Narconon-Europe-2.png\",\"contentUrl\":\"https:\/\/www.narconon.online\/wp-content\/uploads\/2025\/03\/Logo-Narconon-Europe-2.png\",\"width\":2000,\"height\":707,\"caption\":\"Narconon Europe\"},\"image\":{\"@id\":\"https:\/\/www.narconon.online\/#\/schema\/logo\/image\/\"},\"sameAs\":[\"https:\/\/www.facebook.com\/narcononeu\",\"https:\/\/x.com\/NARCONONEurope\",\"https:\/\/www.instagram.com\/narconon.europe\/\",\"https:\/\/www.youtube.com\/channel\/UCNUxvhoqZZCAxXCYO4K7MvA\",\"https:\/\/www.tiktok.com\/@narconon.europe\"]}]}<\/script>\n<!-- \/ Yoast SEO Premium plugin. -->","yoast_head_json":{"title":"Co jsou disociativa a jejich \u00fa\u010dinky","description":"Prozkoumejte, co jsou disociativa a jak ovliv\u0148uj\u00ed vn\u00edm\u00e1n\u00ed reality, sebe sama a okol\u00ed. Zjist\u011bte v\u00edce.","robots":{"index":"index","follow":"follow","max-snippet":"max-snippet:-1","max-image-preview":"max-image-preview:large","max-video-preview":"max-video-preview:-1"},"canonical":"https:\/\/www.narconon.online\/cs\/glosar\/co-jsou-disociativa\/","og_locale":"cs_CZ","og_type":"article","og_title":"What are Dissociatives?","og_description":"Explore what are dissociatives and how they impact perception of reality, self, and surroundings. Learn more now.","og_url":"https:\/\/www.narconon.online\/cs\/glosar\/co-jsou-disociativa\/","og_site_name":"Narconon Europe","article_publisher":"https:\/\/www.facebook.com\/narcononeu","article_modified_time":"2025-07-24T10:02:49+00:00","og_image":[{"url":"https:\/\/www.narconon.online\/wp-content\/uploads\/2025\/07\/freepik__examples-of-dissociatives-including-ketamine-vial-__69447.webp","type":"","width":"","height":""}],"twitter_card":"summary_large_image","twitter_site":"@NARCONONEurope","twitter_misc":{"Odhadovan\u00e1 doba \u010dten\u00ed":"2 minuty"},"schema":{"@context":"https:\/\/schema.org","@graph":[{"@type":"WebPage","@id":"https:\/\/www.narconon.online\/glossary\/what-are-dissociatives\/","url":"https:\/\/www.narconon.online\/glossary\/what-are-dissociatives\/","name":"Co jsou disociativa a jejich \u00fa\u010dinky","isPartOf":{"@id":"https:\/\/www.narconon.online\/#website"},"primaryImageOfPage":{"@id":"https:\/\/www.narconon.online\/glossary\/what-are-dissociatives\/#primaryimage"},"image":{"@id":"https:\/\/www.narconon.online\/glossary\/what-are-dissociatives\/#primaryimage"},"thumbnailUrl":"https:\/\/www.narconon.online\/wp-content\/uploads\/2025\/07\/freepik__examples-of-dissociatives-including-ketamine-vial-__69447.webp","datePublished":"2025-07-24T09:48:54+00:00","dateModified":"2025-07-24T10:02:49+00:00","description":"Prozkoumejte, co jsou disociativa a jak ovliv\u0148uj\u00ed vn\u00edm\u00e1n\u00ed reality, sebe sama a okol\u00ed. Zjist\u011bte v\u00edce.","breadcrumb":{"@id":"https:\/\/www.narconon.online\/glossary\/what-are-dissociatives\/#breadcrumb"},"inLanguage":"cs","potentialAction":[{"@type":"ReadAction","target":["https:\/\/www.narconon.online\/glossary\/what-are-dissociatives\/"]}]},{"@type":"ImageObject","inLanguage":"cs","@id":"https:\/\/www.narconon.online\/glossary\/what-are-dissociatives\/#primaryimage","url":"https:\/\/www.narconon.online\/wp-content\/uploads\/2025\/07\/freepik__examples-of-dissociatives-including-ketamine-vial-__69447.webp","contentUrl":"https:\/\/www.narconon.online\/wp-content\/uploads\/2025\/07\/freepik__examples-of-dissociatives-including-ketamine-vial-__69447.webp"},{"@type":"BreadcrumbList","@id":"https:\/\/www.narconon.online\/glossary\/what-are-dissociatives\/#breadcrumb","itemListElement":[{"@type":"ListItem","position":1,"name":"Home","item":"https:\/\/www.narconon.online\/"},{"@type":"ListItem","position":2,"name":"Glossary of Drug Terms and Definitions","item":"https:\/\/www.narconon.online\/glossary\/"},{"@type":"ListItem","position":3,"name":"What are Dissociatives?"}]},{"@type":"WebSite","@id":"https:\/\/www.narconon.online\/#website","url":"https:\/\/www.narconon.online\/","name":"Narconon Evropa","description":"Bez drog napo\u0159\u00e1d","publisher":{"@id":"https:\/\/www.narconon.online\/#organization"},"potentialAction":[{"@type":"SearchAction","target":{"@type":"EntryPoint","urlTemplate":"https:\/\/www.narconon.online\/?s={search_term_string}"},"query-input":{"@type":"PropertyValueSpecification","valueRequired":true,"valueName":"search_term_string"}}],"inLanguage":"cs"},{"@type":"Organization","@id":"https:\/\/www.narconon.online\/#organization","name":"Narconon Evropa","url":"https:\/\/www.narconon.online\/","logo":{"@type":"ImageObject","inLanguage":"cs","@id":"https:\/\/www.narconon.online\/#\/schema\/logo\/image\/","url":"https:\/\/www.narconon.online\/wp-content\/uploads\/2025\/03\/Logo-Narconon-Europe-2.png","contentUrl":"https:\/\/www.narconon.online\/wp-content\/uploads\/2025\/03\/Logo-Narconon-Europe-2.png","width":2000,"height":707,"caption":"Narconon Europe"},"image":{"@id":"https:\/\/www.narconon.online\/#\/schema\/logo\/image\/"},"sameAs":["https:\/\/www.facebook.com\/narcononeu","https:\/\/x.com\/NARCONONEurope","https:\/\/www.instagram.com\/narconon.europe\/","https:\/\/www.youtube.com\/channel\/UCNUxvhoqZZCAxXCYO4K7MvA","https:\/\/www.tiktok.com\/@narconon.europe"]}]}},"_links":{"self":[{"href":"https:\/\/www.narconon.online\/cs\/wp-json\/wp\/v2\/pages\/6498","targetHints":{"allow":["GET"]}}],"collection":[{"href":"https:\/\/www.narconon.online\/cs\/wp-json\/wp\/v2\/pages"}],"about":[{"href":"https:\/\/www.narconon.online\/cs\/wp-json\/wp\/v2\/types\/page"}],"author":[{"embeddable":true,"href":"https:\/\/www.narconon.online\/cs\/wp-json\/wp\/v2\/users\/43"}],"replies":[{"embeddable":true,"href":"https:\/\/www.narconon.online\/cs\/wp-json\/wp\/v2\/comments?post=6498"}],"version-history":[{"count":12,"href":"https:\/\/www.narconon.online\/cs\/wp-json\/wp\/v2\/pages\/6498\/revisions"}],"predecessor-version":[{"id":6513,"href":"https:\/\/www.narconon.online\/cs\/wp-json\/wp\/v2\/pages\/6498\/revisions\/6513"}],"up":[{"embeddable":true,"href":"https:\/\/www.narconon.online\/cs\/wp-json\/wp\/v2\/pages\/5868"}],"wp:attachment":[{"href":"https:\/\/www.narconon.online\/cs\/wp-json\/wp\/v2\/media?parent=6498"}],"curies":[{"name":"wp","href":"https:\/\/api.w.org\/{rel}","templated":true}]}}