{"id":6359,"date":"2025-07-23T22:18:00","date_gmt":"2025-07-23T20:18:00","guid":{"rendered":"https:\/\/www.narconon.online\/?page_id=6359"},"modified":"2025-07-24T16:51:08","modified_gmt":"2025-07-24T14:51:08","slug":"co-je-odstoupeni-od-smlouvy","status":"publish","type":"page","link":"https:\/\/www.narconon.online\/cs\/glosar\/co-je-odstoupeni-od-smlouvy\/","title":{"rendered":"Co je sta\u017een\u00ed?"},"content":{"rendered":"<div data-elementor-type=\"wp-page\" data-elementor-id=\"6359\" class=\"elementor elementor-6359\" data-elementor-post-type=\"page\">\n\t\t\t\t<div class=\"elementor-element elementor-element-14d08559 e-flex e-con-boxed e-con e-parent\" data-id=\"14d08559\" data-element_type=\"container\" data-e-type=\"container\">\n\t\t\t\t\t<div class=\"e-con-inner\">\n\t\t<div class=\"elementor-element elementor-element-1cae676 e-grid e-con-full e-con e-child\" data-id=\"1cae676\" data-element_type=\"container\" data-e-type=\"container\">\n\t\t\t\t<div class=\"elementor-element elementor-element-ddfcbba elementor-widget elementor-widget-text-editor\" data-id=\"ddfcbba\" data-element_type=\"widget\" data-e-type=\"widget\" data-widget_type=\"text-editor.default\">\n\t\t\t\t<div class=\"elementor-widget-container\">\n\t\t\t\t\t\t\t\t\t<p data-start=\"308\" data-end=\"505\"><strong data-start=\"308\" data-end=\"419\">Odvyk\u00e1n\u00ed je reakce organismu, kdy\u017e n\u011bkdo n\u00e1hle p\u0159estane nebo omez\u00ed u\u017e\u00edv\u00e1n\u00ed n\u00e1vykov\u00e9 l\u00e1tky.<\/strong> M\u016f\u017ee se to st\u00e1t u drog, jako je heroin, alkohol, nikotin nebo l\u00e9ky na p\u0159edpis.<\/p>\n<p data-start=\"507\" data-end=\"706\">P\u0159\u00edznaky mohou b\u00fdt r\u016fzn\u00e9 <strong data-start=\"531\" data-end=\"549\">m\u00edrn\u00fd a\u017e t\u011b\u017ek\u00fd<\/strong>, v\u010detn\u011b <strong data-start=\"561\" data-end=\"611\">\u00fazkost, pocen\u00ed, t\u0159es, zvracen\u00ed, nespavost.<\/strong>, nebo <strong data-start=\"616\" data-end=\"630\">deprese<\/strong>. Konkr\u00e9tn\u00ed \u00fa\u010dinky z\u00e1vis\u00ed na tom, o jakou drogu se jedn\u00e1 a jak dlouho byla u\u017e\u00edv\u00e1na.<\/p>\n<p data-start=\"708\" data-end=\"897\">Sta\u017een\u00ed m\u016f\u017ee b\u00fdt <strong data-start=\"726\" data-end=\"768\">fyzicky a emocion\u00e1ln\u011b zat\u011b\u017euj\u00edc\u00ed<\/strong>a v n\u011bkter\u00fdch p\u0159\u00edpadech dokonce nebezpe\u010dn\u00e9. L\u00e9ka\u0159sk\u00fd dohled nebo detoxika\u010dn\u00ed program m\u016f\u017ee pomoci bezpe\u010dn\u011b zvl\u00e1dnout p\u0159\u00edznaky a podpo\u0159it zotaven\u00ed.<\/p>\t\t\t\t\t\t\t\t<\/div>\n\t\t\t\t<\/div>\n\t\t\t\t<div class=\"elementor-element elementor-element-8f955ba elementor-widget elementor-widget-image\" data-id=\"8f955ba\" data-element_type=\"widget\" data-e-type=\"widget\" data-widget_type=\"image.default\">\n\t\t\t\t<div class=\"elementor-widget-container\">\n\t\t\t\t\t\t\t\t\t\t\t\t\t\t\t<img fetchpriority=\"high\" decoding=\"async\" width=\"1392\" height=\"752\" src=\"https:\/\/www.narconon.online\/wp-content\/uploads\/2025\/07\/freepik__person-experiencing-drug-withdrawal-symptoms-in-be__80951.webp\" class=\"attachment-full size-full wp-image-6361\" alt=\"Osoba s abstinen\u010dn\u00edmi p\u0159\u00edznaky v posteli s pocen\u00edm a \u00fazkost\u00ed v tmav\u00e9 m\u00edstnosti\" srcset=\"https:\/\/www.narconon.online\/wp-content\/uploads\/2025\/07\/freepik__person-experiencing-drug-withdrawal-symptoms-in-be__80951.webp 1392w, https:\/\/www.narconon.online\/wp-content\/uploads\/2025\/07\/freepik__person-experiencing-drug-withdrawal-symptoms-in-be__80951-300x162.webp 300w, https:\/\/www.narconon.online\/wp-content\/uploads\/2025\/07\/freepik__person-experiencing-drug-withdrawal-symptoms-in-be__80951-1024x553.webp 1024w, https:\/\/www.narconon.online\/wp-content\/uploads\/2025\/07\/freepik__person-experiencing-drug-withdrawal-symptoms-in-be__80951-768x415.webp 768w, https:\/\/www.narconon.online\/wp-content\/uploads\/2025\/07\/freepik__person-experiencing-drug-withdrawal-symptoms-in-be__80951-18x10.webp 18w\" sizes=\"(max-width: 1392px) 100vw, 1392px\" \/>\t\t\t\t\t\t\t\t\t\t\t\t\t\t\t<\/div>\n\t\t\t\t<\/div>\n\t\t\t\t<\/div>\n\t\t\t\t\t<\/div>\n\t\t\t\t<\/div>\n\t\t<div class=\"elementor-element elementor-element-064fdba e-flex e-con-boxed e-con e-parent\" data-id=\"064fdba\" data-element_type=\"container\" data-e-type=\"container\">\n\t\t\t\t\t<div class=\"e-con-inner\">\n\t\t<div class=\"elementor-element elementor-element-ecec8f5 e-grid e-con-full e-con e-child\" data-id=\"ecec8f5\" data-element_type=\"container\" data-e-type=\"container\">\n\t\t\t\t<div class=\"elementor-element elementor-element-0f0e55c elementor-widget elementor-widget-text-editor\" data-id=\"0f0e55c\" data-element_type=\"widget\" data-e-type=\"widget\" data-widget_type=\"text-editor.default\">\n\t\t\t\t<div class=\"elementor-widget-container\">\n\t\t\t\t\t\t\t\t\t<h3 id=\"h-related-terms\" class=\"wp-block-heading\">\ud83e\udde0 Souvisej\u00edc\u00ed term\u00edny<\/h3>\n<ul data-spread=\"false\" data-pm-slice=\"3 3 []\">\n<li><a href=\"https:\/\/www.narconon.online\/cs\/glosar\/co-je-porucha-uzivani\/\">Porucha u\u017e\u00edv\u00e1n\u00ed<\/a><\/li>\n<li><a href=\"https:\/\/www.narconon.online\/cs\/glosar\/co-je-odvykani-drog\/\">Ukon\u010den\u00ed u\u017e\u00edv\u00e1n\u00ed drog<\/a><\/li>\n<li>\n<p><a href=\"https:\/\/www.narconon.online\/cs\/glosar\/co-jsou-zneuzivane-leky-na-predpis\/\">Zneu\u017e\u00edvan\u00e9 l\u00e9ky na p\u0159edpis<\/a><\/p>\n<\/li>\n<li>\n<p><a href=\"https:\/\/www.narconon.online\/cs\/glosar\/\">Glos\u00e1\u0159 Rejst\u0159\u00edk<\/a><\/p>\n<\/li>\n<\/ul>\t\t\t\t\t\t\t\t<\/div>\n\t\t\t\t<\/div>\n\t\t\t\t<div class=\"elementor-element elementor-element-03e5102 elementor-widget elementor-widget-text-editor\" data-id=\"03e5102\" data-element_type=\"widget\" data-e-type=\"widget\" data-widget_type=\"text-editor.default\">\n\t\t\t\t<div class=\"elementor-widget-container\">\n\t\t\t\t\t\t\t\t\t<p id=\"h-related-terms\" class=\"wp-block-heading\">\ud83d\udc49 Zjist\u011bte v\u00edce o prevenci:<br \/><a class=\"\" href=\"https:\/\/www.narcononeurope.dk\/en\/drug-abuse\/\" target=\"_blank\" rel=\"noopener\">Narconon Evropa - Pomoc p\u0159i zneu\u017e\u00edv\u00e1n\u00ed drog<\/a><\/p>\n<p><!-- \/wp:list-item --><\/p>\n<p><!-- \/wp:list --><!-- wp:paragraph --><\/p>\n<p>\ud83d\udc49 Dal\u0161\u00ed vzd\u011bl\u00e1vac\u00ed obsah naleznete v na\u0161em <a class=\"\" href=\"https:\/\/www.narconon.online\/cs\/materialy-pro-protidrogovou-prevenci\/\">Materi\u00e1ly pro protidrogov\u00e9 vzd\u011bl\u00e1v\u00e1n\u00ed a prevenci<\/a><\/p>\t\t\t\t\t\t\t\t<\/div>\n\t\t\t\t<\/div>\n\t\t\t\t<\/div>\n\t\t\t\t<div class=\"elementor-element elementor-element-1497776 elementor-widget elementor-widget-heading\" data-id=\"1497776\" data-element_type=\"widget\" data-e-type=\"widget\" data-widget_type=\"heading.default\">\n\t\t\t\t<div class=\"elementor-widget-container\">\n\t\t\t\t\t<h2 class=\"elementor-heading-title elementor-size-default\">\u2753 \u010casto kladen\u00e9 ot\u00e1zky t\u00fdkaj\u00edc\u00ed se odstoupen\u00ed od smlouvy<\/h2>\t\t\t\t<\/div>\n\t\t\t\t<\/div>\n\t\t\t\t<div class=\"elementor-element elementor-element-a24ee80 elementor-widget elementor-widget-text-editor\" data-id=\"a24ee80\" data-element_type=\"widget\" data-e-type=\"widget\" data-widget_type=\"text-editor.default\">\n\t\t\t\t<div class=\"elementor-widget-container\">\n\t\t\t\t\t\t\t\t\t<p data-start=\"1182\" data-end=\"1311\"><strong data-start=\"1182\" data-end=\"1217\">1. K \u010demu se sta\u017een\u00ed pou\u017e\u00edv\u00e1?<\/strong><br data-start=\"1217\" data-end=\"1220\" \/>Neu\u017e\u00edv\u00e1 se z\u00e1m\u011brn\u011b - je to reakce, kdy se t\u011blo p\u0159izp\u016fsobuje nep\u0159\u00edtomnosti l\u00e9ku.<\/p>\n<p data-start=\"1313\" data-end=\"1437\"><strong data-start=\"1313\" data-end=\"1348\">2. Pro\u010d je sta\u017een\u00ed nebezpe\u010dn\u00e9?<\/strong><br data-start=\"1348\" data-end=\"1351\" \/>N\u011bkter\u00e9 p\u0159\u00edznaky mohou zp\u016fsobit z\u00e1chvaty, dehydrataci nebo du\u0161evn\u00ed krizi, pokud nejsou l\u00e9\u010deny.<\/p>\n<p data-start=\"1439\" data-end=\"1545\"><strong data-start=\"1439\" data-end=\"1469\">3. Jak vypad\u00e1?<\/strong><br data-start=\"1469\" data-end=\"1472\" \/>Neklid, pocen\u00ed, zimnice, nevolnost, v\u00fdkyvy n\u00e1lad nebo intenzivn\u00ed chut\u011b.<\/p>\n<p data-start=\"1547\" data-end=\"1698\"><strong data-start=\"1547\" data-end=\"1602\">4. M\u016f\u017ee n\u011bkdo proj\u00edt abstinen\u010dn\u00edm syndromem bez drog?<\/strong><br data-start=\"1602\" data-end=\"1605\" \/>Ano. Dokonce i l\u00e9ky, jako jsou pr\u00e1\u0161ky na span\u00ed nebo antidepresiva, mohou vyvolat abstinen\u010dn\u00ed p\u0159\u00edznaky.<\/p>\n<p data-start=\"1700\" data-end=\"1842\"><strong data-start=\"1700\" data-end=\"1753\">5. Jak m\u016f\u017ee n\u011bkdo bezpe\u010dn\u011b p\u0159ekonat abs\u0165\u00e1k?<\/strong><br data-start=\"1753\" data-end=\"1756\" \/>Vyhled\u00e1n\u00edm l\u00e9ka\u0159sk\u00e9 pomoci, vstupem do detoxika\u010dn\u00edho programu a vyhnut\u00edm se n\u00e1hl\u00e9mu odvyk\u00e1n\u00ed o samot\u011b.<\/p>\t\t\t\t\t\t\t\t<\/div>\n\t\t\t\t<\/div>\n\t\t\t\t<div class=\"elementor-element elementor-element-3c88435 elementor-widget elementor-widget-html\" data-id=\"3c88435\" data-element_type=\"widget\" data-e-type=\"widget\" data-widget_type=\"html.default\">\n\t\t\t\t<div class=\"elementor-widget-container\">\n\t\t\t\t\t<script type=\"application\/ld+json\">{\n    \"@context\": \"https:\\\/\\\/schema.org\",\n    \"@type\": \"WebPage\",\n    \"name\": \"What is Withdrawal?\",\n    \"url\": \"https:\\\/\\\/www.narconon.online\\\/glossary\\\/what-is-withdrawal\\\/\",\n    \"description\": \"Withdrawal happens when someone stops using an addictive drug. Learn the symptoms, dangers, and how to manage detox safely.\",\n    \"datePublished\": \"2025-07-23\",\n    \"publisher\": {\n        \"@type\": \"Organization\",\n        \"name\": \"Narconon Europe\",\n        \"url\": \"https:\\\/\\\/www.narcononeurope.dk\"\n    },\n    \"mainEntity\": {\n        \"@type\": \"FAQPage\",\n        \"mainEntity\": [\n            {\n                \"@type\": \"Question\",\n                \"name\": \"What is withdrawal used for?\",\n                \"acceptedAnswer\": {\n                    \"@type\": \"Answer\",\n                    \"text\": \"It\\u2019s not used intentionally\\u2014it\\u2019s a reaction when the body adjusts to the absence of a drug.\"\n                }\n            },\n            {\n                \"@type\": \"Question\",\n                \"name\": \"Why is withdrawal dangerous?\",\n                \"acceptedAnswer\": {\n                    \"@type\": \"Answer\",\n                    \"text\": \"Some symptoms can cause seizures, dehydration, or mental health crises if not treated.\"\n                }\n            },\n            {\n                \"@type\": \"Question\",\n                \"name\": \"What does it look like?\",\n                \"acceptedAnswer\": {\n                    \"@type\": \"Answer\",\n                    \"text\": \"Restlessness, sweating, chills, nausea, mood swings, or intense cravings.\"\n                }\n            },\n            {\n                \"@type\": \"Question\",\n                \"name\": \"Can someone go through withdrawal without drugs?\",\n                \"acceptedAnswer\": {\n                    \"@type\": \"Answer\",\n                    \"text\": \"Yes. Even medications like sleeping pills or antidepressants can trigger withdrawal symptoms.\"\n                }\n            },\n            {\n                \"@type\": \"Question\",\n                \"name\": \"How can someone get through withdrawal safely?\",\n                \"acceptedAnswer\": {\n                    \"@type\": \"Answer\",\n                    \"text\": \"By seeking medical help, entering a detox program, and avoiding sudden quitting alone.\"\n                }\n            }\n        ]\n    }\n}<\/script>\r\n\t\t\t\t<\/div>\n\t\t\t\t<\/div>\n\t\t\t\t\t<\/div>\n\t\t\t\t<\/div>\n\t\t\t\t<\/div>","protected":false},"excerpt":{"rendered":"<p>Withdrawal is the body\u2019s reaction when someone suddenly stops or reduces the use of an addictive substance. It can happen [&hellip;]<\/p>","protected":false},"author":43,"featured_media":0,"parent":5868,"menu_order":0,"comment_status":"closed","ping_status":"closed","template":"","meta":{"_acf_changed":false,"site-sidebar-layout":"default","site-content-layout":"","ast-site-content-layout":"default","site-content-style":"default","site-sidebar-style":"default","ast-global-header-display":"","ast-banner-title-visibility":"","ast-main-header-display":"","ast-hfb-above-header-display":"","ast-hfb-below-header-display":"","ast-hfb-mobile-header-display":"","site-post-title":"","ast-breadcrumbs-content":"","ast-featured-img":"","footer-sml-layout":"","ast-disable-related-posts":"","theme-transparent-header-meta":"","adv-header-id-meta":"","stick-header-meta":"","header-above-stick-meta":"","header-main-stick-meta":"","header-below-stick-meta":"","astra-migrate-meta-layouts":"default","ast-page-background-enabled":"default","ast-page-background-meta":{"desktop":{"background-color":"var(--ast-global-color-5)","background-image":"","background-repeat":"repeat","background-position":"center center","background-size":"auto","background-attachment":"scroll","background-type":"","background-media":"","overlay-type":"","overlay-color":"","overlay-opacity":"","overlay-gradient":""},"tablet":{"background-color":"","background-image":"","background-repeat":"repeat","background-position":"center center","background-size":"auto","background-attachment":"scroll","background-type":"","background-media":"","overlay-type":"","overlay-color":"","overlay-opacity":"","overlay-gradient":""},"mobile":{"background-color":"","background-image":"","background-repeat":"repeat","background-position":"center center","background-size":"auto","background-attachment":"scroll","background-type":"","background-media":"","overlay-type":"","overlay-color":"","overlay-opacity":"","overlay-gradient":""}},"ast-content-background-meta":{"desktop":{"background-color":"var(--ast-global-color-4)","background-image":"","background-repeat":"repeat","background-position":"center center","background-size":"auto","background-attachment":"scroll","background-type":"","background-media":"","overlay-type":"","overlay-color":"","overlay-opacity":"","overlay-gradient":""},"tablet":{"background-color":"var(--ast-global-color-4)","background-image":"","background-repeat":"repeat","background-position":"center center","background-size":"auto","background-attachment":"scroll","background-type":"","background-media":"","overlay-type":"","overlay-color":"","overlay-opacity":"","overlay-gradient":""},"mobile":{"background-color":"var(--ast-global-color-4)","background-image":"","background-repeat":"repeat","background-position":"center center","background-size":"auto","background-attachment":"scroll","background-type":"","background-media":"","overlay-type":"","overlay-color":"","overlay-opacity":"","overlay-gradient":""}},"footnotes":""},"class_list":["post-6359","page","type-page","status-publish","hentry"],"acf":[],"yoast_head":"<!-- This site is optimized with the Yoast SEO Premium plugin v26.6 (Yoast SEO v26.6) - https:\/\/yoast.com\/wordpress\/plugins\/seo\/ -->\n<title>What Is Withdrawal? Understanding the Symptoms<\/title>\n<meta name=\"description\" content=\"Explore what is withdrawal and its implications on health and well-being. Understand the challenges of withdrawal symptoms.\" \/>\n<meta name=\"robots\" content=\"index, follow, max-snippet:-1, max-image-preview:large, max-video-preview:-1\" \/>\n<link rel=\"canonical\" href=\"https:\/\/www.narconon.online\/cs\/glosar\/co-je-odstoupeni-od-smlouvy\/\" \/>\n<meta property=\"og:locale\" content=\"cs_CZ\" \/>\n<meta property=\"og:type\" content=\"article\" \/>\n<meta property=\"og:title\" content=\"What is Withdrawal?\" \/>\n<meta property=\"og:description\" content=\"Explore what is withdrawal and its implications on health and well-being. Understand the challenges of withdrawal symptoms.\" \/>\n<meta property=\"og:url\" content=\"https:\/\/www.narconon.online\/cs\/glosar\/co-je-odstoupeni-od-smlouvy\/\" \/>\n<meta property=\"og:site_name\" content=\"Narconon Europe\" \/>\n<meta property=\"article:publisher\" content=\"https:\/\/www.facebook.com\/narcononeu\" \/>\n<meta property=\"article:modified_time\" content=\"2025-07-24T14:51:08+00:00\" \/>\n<meta property=\"og:image\" content=\"https:\/\/www.narconon.online\/wp-content\/uploads\/2025\/07\/freepik__person-experiencing-drug-withdrawal-symptoms-in-be__80951.webp\" \/>\n\t<meta property=\"og:image:width\" content=\"1392\" \/>\n\t<meta property=\"og:image:height\" content=\"752\" \/>\n\t<meta property=\"og:image:type\" content=\"image\/png\" \/>\n<meta name=\"twitter:card\" content=\"summary_large_image\" \/>\n<meta name=\"twitter:site\" content=\"@NARCONONEurope\" \/>\n<meta name=\"twitter:label1\" content=\"Odhadovan\u00e1 doba \u010dten\u00ed\" \/>\n\t<meta name=\"twitter:data1\" content=\"2 minuty\" \/>\n<script type=\"application\/ld+json\" class=\"yoast-schema-graph\">{\"@context\":\"https:\/\/schema.org\",\"@graph\":[{\"@type\":\"WebPage\",\"@id\":\"https:\/\/www.narconon.online\/glossary\/what-is-withdrawal\/\",\"url\":\"https:\/\/www.narconon.online\/glossary\/what-is-withdrawal\/\",\"name\":\"What Is Withdrawal? Understanding the Symptoms\",\"isPartOf\":{\"@id\":\"https:\/\/www.narconon.online\/#website\"},\"primaryImageOfPage\":{\"@id\":\"https:\/\/www.narconon.online\/glossary\/what-is-withdrawal\/#primaryimage\"},\"image\":{\"@id\":\"https:\/\/www.narconon.online\/glossary\/what-is-withdrawal\/#primaryimage\"},\"thumbnailUrl\":\"https:\/\/www.narconon.online\/wp-content\/uploads\/2025\/07\/freepik__person-experiencing-drug-withdrawal-symptoms-in-be__80951.webp\",\"datePublished\":\"2025-07-23T20:18:00+00:00\",\"dateModified\":\"2025-07-24T14:51:08+00:00\",\"description\":\"Explore what is withdrawal and its implications on health and well-being. Understand the challenges of withdrawal symptoms.\",\"breadcrumb\":{\"@id\":\"https:\/\/www.narconon.online\/glossary\/what-is-withdrawal\/#breadcrumb\"},\"inLanguage\":\"cs\",\"potentialAction\":[{\"@type\":\"ReadAction\",\"target\":[\"https:\/\/www.narconon.online\/glossary\/what-is-withdrawal\/\"]}]},{\"@type\":\"ImageObject\",\"inLanguage\":\"cs\",\"@id\":\"https:\/\/www.narconon.online\/glossary\/what-is-withdrawal\/#primaryimage\",\"url\":\"https:\/\/www.narconon.online\/wp-content\/uploads\/2025\/07\/freepik__person-experiencing-drug-withdrawal-symptoms-in-be__80951.webp\",\"contentUrl\":\"https:\/\/www.narconon.online\/wp-content\/uploads\/2025\/07\/freepik__person-experiencing-drug-withdrawal-symptoms-in-be__80951.webp\"},{\"@type\":\"BreadcrumbList\",\"@id\":\"https:\/\/www.narconon.online\/glossary\/what-is-withdrawal\/#breadcrumb\",\"itemListElement\":[{\"@type\":\"ListItem\",\"position\":1,\"name\":\"Home\",\"item\":\"https:\/\/www.narconon.online\/\"},{\"@type\":\"ListItem\",\"position\":2,\"name\":\"Glossary of Drug Terms and Definitions\",\"item\":\"https:\/\/www.narconon.online\/glossary\/\"},{\"@type\":\"ListItem\",\"position\":3,\"name\":\"What is Withdrawal?\"}]},{\"@type\":\"WebSite\",\"@id\":\"https:\/\/www.narconon.online\/#website\",\"url\":\"https:\/\/www.narconon.online\/\",\"name\":\"Narconon Europe\",\"description\":\"Drug Free For Good\",\"publisher\":{\"@id\":\"https:\/\/www.narconon.online\/#organization\"},\"potentialAction\":[{\"@type\":\"SearchAction\",\"target\":{\"@type\":\"EntryPoint\",\"urlTemplate\":\"https:\/\/www.narconon.online\/?s={search_term_string}\"},\"query-input\":{\"@type\":\"PropertyValueSpecification\",\"valueRequired\":true,\"valueName\":\"search_term_string\"}}],\"inLanguage\":\"cs\"},{\"@type\":\"Organization\",\"@id\":\"https:\/\/www.narconon.online\/#organization\",\"name\":\"Narconon Europe\",\"url\":\"https:\/\/www.narconon.online\/\",\"logo\":{\"@type\":\"ImageObject\",\"inLanguage\":\"cs\",\"@id\":\"https:\/\/www.narconon.online\/#\/schema\/logo\/image\/\",\"url\":\"https:\/\/www.narconon.online\/wp-content\/uploads\/2025\/03\/Logo-Narconon-Europe-2.png\",\"contentUrl\":\"https:\/\/www.narconon.online\/wp-content\/uploads\/2025\/03\/Logo-Narconon-Europe-2.png\",\"width\":2000,\"height\":707,\"caption\":\"Narconon Europe\"},\"image\":{\"@id\":\"https:\/\/www.narconon.online\/#\/schema\/logo\/image\/\"},\"sameAs\":[\"https:\/\/www.facebook.com\/narcononeu\",\"https:\/\/x.com\/NARCONONEurope\",\"https:\/\/www.instagram.com\/narconon.europe\/\",\"https:\/\/www.youtube.com\/channel\/UCNUxvhoqZZCAxXCYO4K7MvA\",\"https:\/\/www.tiktok.com\/@narconon.europe\"]}]}<\/script>\n<!-- \/ Yoast SEO Premium plugin. -->","yoast_head_json":{"title":"Co je sta\u017een\u00ed? Porozum\u011bn\u00ed p\u0159\u00edznak\u016fm","description":"Prozkoumejte, co je to odvyk\u00e1n\u00ed a jak\u00e9 m\u00e1 d\u016fsledky pro zdrav\u00ed a pohodu. Pochopte probl\u00e9my spojen\u00e9 s abstinen\u010dn\u00edmi p\u0159\u00edznaky.","robots":{"index":"index","follow":"follow","max-snippet":"max-snippet:-1","max-image-preview":"max-image-preview:large","max-video-preview":"max-video-preview:-1"},"canonical":"https:\/\/www.narconon.online\/cs\/glosar\/co-je-odstoupeni-od-smlouvy\/","og_locale":"cs_CZ","og_type":"article","og_title":"What is Withdrawal?","og_description":"Explore what is withdrawal and its implications on health and well-being. Understand the challenges of withdrawal symptoms.","og_url":"https:\/\/www.narconon.online\/cs\/glosar\/co-je-odstoupeni-od-smlouvy\/","og_site_name":"Narconon Europe","article_publisher":"https:\/\/www.facebook.com\/narcononeu","article_modified_time":"2025-07-24T14:51:08+00:00","og_image":[{"width":1392,"height":752,"url":"https:\/\/www.narconon.online\/wp-content\/uploads\/2025\/07\/freepik__person-experiencing-drug-withdrawal-symptoms-in-be__80951.webp","type":"image\/png"}],"twitter_card":"summary_large_image","twitter_site":"@NARCONONEurope","twitter_misc":{"Odhadovan\u00e1 doba \u010dten\u00ed":"2 minuty"},"schema":{"@context":"https:\/\/schema.org","@graph":[{"@type":"WebPage","@id":"https:\/\/www.narconon.online\/glossary\/what-is-withdrawal\/","url":"https:\/\/www.narconon.online\/glossary\/what-is-withdrawal\/","name":"Co je sta\u017een\u00ed? Porozum\u011bn\u00ed p\u0159\u00edznak\u016fm","isPartOf":{"@id":"https:\/\/www.narconon.online\/#website"},"primaryImageOfPage":{"@id":"https:\/\/www.narconon.online\/glossary\/what-is-withdrawal\/#primaryimage"},"image":{"@id":"https:\/\/www.narconon.online\/glossary\/what-is-withdrawal\/#primaryimage"},"thumbnailUrl":"https:\/\/www.narconon.online\/wp-content\/uploads\/2025\/07\/freepik__person-experiencing-drug-withdrawal-symptoms-in-be__80951.webp","datePublished":"2025-07-23T20:18:00+00:00","dateModified":"2025-07-24T14:51:08+00:00","description":"Prozkoumejte, co je to odvyk\u00e1n\u00ed a jak\u00e9 m\u00e1 d\u016fsledky pro zdrav\u00ed a pohodu. Pochopte probl\u00e9my spojen\u00e9 s abstinen\u010dn\u00edmi p\u0159\u00edznaky.","breadcrumb":{"@id":"https:\/\/www.narconon.online\/glossary\/what-is-withdrawal\/#breadcrumb"},"inLanguage":"cs","potentialAction":[{"@type":"ReadAction","target":["https:\/\/www.narconon.online\/glossary\/what-is-withdrawal\/"]}]},{"@type":"ImageObject","inLanguage":"cs","@id":"https:\/\/www.narconon.online\/glossary\/what-is-withdrawal\/#primaryimage","url":"https:\/\/www.narconon.online\/wp-content\/uploads\/2025\/07\/freepik__person-experiencing-drug-withdrawal-symptoms-in-be__80951.webp","contentUrl":"https:\/\/www.narconon.online\/wp-content\/uploads\/2025\/07\/freepik__person-experiencing-drug-withdrawal-symptoms-in-be__80951.webp"},{"@type":"BreadcrumbList","@id":"https:\/\/www.narconon.online\/glossary\/what-is-withdrawal\/#breadcrumb","itemListElement":[{"@type":"ListItem","position":1,"name":"Home","item":"https:\/\/www.narconon.online\/"},{"@type":"ListItem","position":2,"name":"Glossary of Drug Terms and Definitions","item":"https:\/\/www.narconon.online\/glossary\/"},{"@type":"ListItem","position":3,"name":"What is Withdrawal?"}]},{"@type":"WebSite","@id":"https:\/\/www.narconon.online\/#website","url":"https:\/\/www.narconon.online\/","name":"Narconon Evropa","description":"Bez drog napo\u0159\u00e1d","publisher":{"@id":"https:\/\/www.narconon.online\/#organization"},"potentialAction":[{"@type":"SearchAction","target":{"@type":"EntryPoint","urlTemplate":"https:\/\/www.narconon.online\/?s={search_term_string}"},"query-input":{"@type":"PropertyValueSpecification","valueRequired":true,"valueName":"search_term_string"}}],"inLanguage":"cs"},{"@type":"Organization","@id":"https:\/\/www.narconon.online\/#organization","name":"Narconon Evropa","url":"https:\/\/www.narconon.online\/","logo":{"@type":"ImageObject","inLanguage":"cs","@id":"https:\/\/www.narconon.online\/#\/schema\/logo\/image\/","url":"https:\/\/www.narconon.online\/wp-content\/uploads\/2025\/03\/Logo-Narconon-Europe-2.png","contentUrl":"https:\/\/www.narconon.online\/wp-content\/uploads\/2025\/03\/Logo-Narconon-Europe-2.png","width":2000,"height":707,"caption":"Narconon Europe"},"image":{"@id":"https:\/\/www.narconon.online\/#\/schema\/logo\/image\/"},"sameAs":["https:\/\/www.facebook.com\/narcononeu","https:\/\/x.com\/NARCONONEurope","https:\/\/www.instagram.com\/narconon.europe\/","https:\/\/www.youtube.com\/channel\/UCNUxvhoqZZCAxXCYO4K7MvA","https:\/\/www.tiktok.com\/@narconon.europe"]}]}},"_links":{"self":[{"href":"https:\/\/www.narconon.online\/cs\/wp-json\/wp\/v2\/pages\/6359","targetHints":{"allow":["GET"]}}],"collection":[{"href":"https:\/\/www.narconon.online\/cs\/wp-json\/wp\/v2\/pages"}],"about":[{"href":"https:\/\/www.narconon.online\/cs\/wp-json\/wp\/v2\/types\/page"}],"author":[{"embeddable":true,"href":"https:\/\/www.narconon.online\/cs\/wp-json\/wp\/v2\/users\/43"}],"replies":[{"embeddable":true,"href":"https:\/\/www.narconon.online\/cs\/wp-json\/wp\/v2\/comments?post=6359"}],"version-history":[{"count":8,"href":"https:\/\/www.narconon.online\/cs\/wp-json\/wp\/v2\/pages\/6359\/revisions"}],"predecessor-version":[{"id":6603,"href":"https:\/\/www.narconon.online\/cs\/wp-json\/wp\/v2\/pages\/6359\/revisions\/6603"}],"up":[{"embeddable":true,"href":"https:\/\/www.narconon.online\/cs\/wp-json\/wp\/v2\/pages\/5868"}],"wp:attachment":[{"href":"https:\/\/www.narconon.online\/cs\/wp-json\/wp\/v2\/media?parent=6359"}],"curies":[{"name":"wp","href":"https:\/\/api.w.org\/{rel}","templated":true}]}}