{"id":6348,"date":"2025-07-23T22:09:19","date_gmt":"2025-07-23T20:09:19","guid":{"rendered":"https:\/\/www.narconon.online\/?page_id=6348"},"modified":"2025-07-24T15:02:54","modified_gmt":"2025-07-24T13:02:54","slug":"co-je-vaping","status":"publish","type":"page","link":"https:\/\/www.narconon.online\/cs\/glosar\/co-je-vaping\/","title":{"rendered":"Co je vaping?"},"content":{"rendered":"<div data-elementor-type=\"wp-page\" data-elementor-id=\"6348\" class=\"elementor elementor-6348\" data-elementor-post-type=\"page\">\n\t\t\t\t<div class=\"elementor-element elementor-element-14d08559 e-flex e-con-boxed e-con e-parent\" data-id=\"14d08559\" data-element_type=\"container\" data-e-type=\"container\">\n\t\t\t\t\t<div class=\"e-con-inner\">\n\t\t<div class=\"elementor-element elementor-element-1cae676 e-grid e-con-full e-con e-child\" data-id=\"1cae676\" data-element_type=\"container\" data-e-type=\"container\">\n\t\t\t\t<div class=\"elementor-element elementor-element-ddfcbba elementor-widget elementor-widget-text-editor\" data-id=\"ddfcbba\" data-element_type=\"widget\" data-e-type=\"widget\" data-widget_type=\"text-editor.default\">\n\t\t\t\t<div class=\"elementor-widget-container\">\n\t\t\t\t\t\t\t\t\t<p data-start=\"288\" data-end=\"499\"><strong data-start=\"288\" data-end=\"382\">Vaping je vdechov\u00e1n\u00ed p\u00e1ry z elektronick\u00e9 cigarety nebo podobn\u00e9ho za\u0159\u00edzen\u00ed.<\/strong> V\u00fdpary obvykle obsahuj\u00ed <strong data-start=\"410\" data-end=\"434\">nikotin, l\u00e1tky ur\u010den\u00e9 k aromatizaci<\/strong>a dal\u0161\u00ed chemick\u00e9 l\u00e1tky, kter\u00e9 se zah\u0159\u00edvaj\u00ed a m\u011bn\u00ed v aerosol.<\/p>\n<p data-start=\"501\" data-end=\"732\">Vape za\u0159\u00edzen\u00ed maj\u00ed mnoho podob: <strong data-start=\"534\" data-end=\"554\">pera, lusky, modifikace<\/strong>a <strong data-start=\"560\" data-end=\"587\">jednor\u00e1zov\u00e9 e-cigarety<\/strong>. A\u010dkoli je vaping \u010dasto uv\u00e1d\u011bn jako bezpe\u010dn\u011bj\u0161\u00ed ne\u017e kou\u0159en\u00ed, m\u016f\u017ee st\u00e1le zp\u016fsobovat <strong data-start=\"656\" data-end=\"686\">podr\u00e1\u017ed\u011bn\u00ed plic, z\u00e1vislost<\/strong>a dal\u0161\u00ed zdravotn\u00ed probl\u00e9my - zejm\u00e9na u dosp\u00edvaj\u00edc\u00edch.<\/p>\n<p data-start=\"734\" data-end=\"929\">Mnoho kapalin pro vape obsahuje <strong data-start=\"760\" data-end=\"787\">vysok\u00e9 hladiny nikotinu<\/strong>, a n\u011bkter\u00e9 jsou obohaceny o THC nebo jin\u00e9 nezn\u00e1m\u00e9 l\u00e1tky. Vapov\u00e1n\u00ed nen\u00ed ne\u0161kodn\u00e9 a m\u016f\u017ee p\u016fsobit jako vstupn\u00ed br\u00e1na k u\u017e\u00edv\u00e1n\u00ed tradi\u010dn\u00edho tab\u00e1ku nebo drog.<\/p>\t\t\t\t\t\t\t\t<\/div>\n\t\t\t\t<\/div>\n\t\t\t\t<div class=\"elementor-element elementor-element-8f955ba elementor-widget elementor-widget-image\" data-id=\"8f955ba\" data-element_type=\"widget\" data-e-type=\"widget\" data-widget_type=\"image.default\">\n\t\t\t\t<div class=\"elementor-widget-container\">\n\t\t\t\t\t\t\t\t\t\t\t\t\t\t\t<img fetchpriority=\"high\" decoding=\"async\" width=\"1392\" height=\"752\" src=\"https:\/\/www.narconon.online\/wp-content\/uploads\/2025\/07\/freepik__a-hand-holding-a-sleek-vape-pen-exhaling-dense-whi__80950.webp\" class=\"attachment-full size-full wp-image-6351\" alt=\"Vape pero vydechuj\u00edc\u00ed b\u00edlou p\u00e1ru v tmav\u00e9 m\u00edstnosti s LED sv\u011btly, ukazuj\u00edc\u00ed modern\u00ed vapingov\u00e9 za\u0159\u00edzen\u00ed v provozu\" srcset=\"https:\/\/www.narconon.online\/wp-content\/uploads\/2025\/07\/freepik__a-hand-holding-a-sleek-vape-pen-exhaling-dense-whi__80950.webp 1392w, https:\/\/www.narconon.online\/wp-content\/uploads\/2025\/07\/freepik__a-hand-holding-a-sleek-vape-pen-exhaling-dense-whi__80950-300x162.webp 300w, https:\/\/www.narconon.online\/wp-content\/uploads\/2025\/07\/freepik__a-hand-holding-a-sleek-vape-pen-exhaling-dense-whi__80950-1024x553.webp 1024w, https:\/\/www.narconon.online\/wp-content\/uploads\/2025\/07\/freepik__a-hand-holding-a-sleek-vape-pen-exhaling-dense-whi__80950-768x415.webp 768w, https:\/\/www.narconon.online\/wp-content\/uploads\/2025\/07\/freepik__a-hand-holding-a-sleek-vape-pen-exhaling-dense-whi__80950-18x10.webp 18w\" sizes=\"(max-width: 1392px) 100vw, 1392px\" \/>\t\t\t\t\t\t\t\t\t\t\t\t\t\t\t<\/div>\n\t\t\t\t<\/div>\n\t\t\t\t<\/div>\n\t\t\t\t\t<\/div>\n\t\t\t\t<\/div>\n\t\t<div class=\"elementor-element elementor-element-064fdba e-flex e-con-boxed e-con e-parent\" data-id=\"064fdba\" data-element_type=\"container\" data-e-type=\"container\">\n\t\t\t\t\t<div class=\"e-con-inner\">\n\t\t<div class=\"elementor-element elementor-element-ecec8f5 e-grid e-con-full e-con e-child\" data-id=\"ecec8f5\" data-element_type=\"container\" data-e-type=\"container\">\n\t\t\t\t<div class=\"elementor-element elementor-element-0f0e55c elementor-widget elementor-widget-text-editor\" data-id=\"0f0e55c\" data-element_type=\"widget\" data-e-type=\"widget\" data-widget_type=\"text-editor.default\">\n\t\t\t\t<div class=\"elementor-widget-container\">\n\t\t\t\t\t\t\t\t\t<h3 id=\"h-related-terms\" class=\"wp-block-heading\">\ud83e\udde0 Souvisej\u00edc\u00ed term\u00edny<\/h3>\n<ul data-spread=\"false\" data-pm-slice=\"3 3 []\">\n<li><a href=\"https:\/\/www.narconon.online\/cs\/glosar\/co-je-uzivani-drog-mladezi\/\">U\u017e\u00edv\u00e1n\u00ed drog ml\u00e1de\u017e\u00ed<\/a><\/li>\n<li>\n<p><a href=\"https:\/\/www.narconon.online\/cs\/glosar\/co-jsou-kanabinoidy\/\">Kanabinoidy<\/a><\/p>\n<\/li>\n<li>\n<p><a href=\"https:\/\/www.narconon.online\/cs\/glosar\/\">Glos\u00e1\u0159 Rejst\u0159\u00edk<\/a><\/p>\n<\/li>\n<\/ul>\t\t\t\t\t\t\t\t<\/div>\n\t\t\t\t<\/div>\n\t\t\t\t<div class=\"elementor-element elementor-element-03e5102 elementor-widget elementor-widget-text-editor\" data-id=\"03e5102\" data-element_type=\"widget\" data-e-type=\"widget\" data-widget_type=\"text-editor.default\">\n\t\t\t\t<div class=\"elementor-widget-container\">\n\t\t\t\t\t\t\t\t\t<p id=\"h-related-terms\" class=\"wp-block-heading\">\ud83d\udc49 Zjist\u011bte v\u00edce o prevenci:<br \/><a class=\"\" href=\"https:\/\/www.narcononeurope.dk\/en\/drug-abuse\/\" target=\"_blank\" rel=\"noopener\">Narconon Evropa - Pomoc p\u0159i zneu\u017e\u00edv\u00e1n\u00ed drog<\/a><\/p>\n<p><!-- \/wp:list-item --><\/p>\n<p><!-- \/wp:list --><!-- wp:paragraph --><\/p>\n<p>\ud83d\udc49 Dal\u0161\u00ed vzd\u011bl\u00e1vac\u00ed obsah naleznete v na\u0161em <a class=\"\" href=\"https:\/\/www.narconon.online\/cs\/materialy-pro-protidrogovou-prevenci\/\">Materi\u00e1ly pro protidrogov\u00e9 vzd\u011bl\u00e1v\u00e1n\u00ed a prevenci<\/a><\/p>\t\t\t\t\t\t\t\t<\/div>\n\t\t\t\t<\/div>\n\t\t\t\t<\/div>\n\t\t\t\t<div class=\"elementor-element elementor-element-1497776 elementor-widget elementor-widget-heading\" data-id=\"1497776\" data-element_type=\"widget\" data-e-type=\"widget\" data-widget_type=\"heading.default\">\n\t\t\t\t<div class=\"elementor-widget-container\">\n\t\t\t\t\t<h2 class=\"elementor-heading-title elementor-size-default\">\u2753 \u010casto kladen\u00e9 ot\u00e1zky o vapingu<\/h2>\t\t\t\t<\/div>\n\t\t\t\t<\/div>\n\t\t\t\t<div class=\"elementor-element elementor-element-a24ee80 elementor-widget elementor-widget-text-editor\" data-id=\"a24ee80\" data-element_type=\"widget\" data-e-type=\"widget\" data-widget_type=\"text-editor.default\">\n\t\t\t\t<div class=\"elementor-widget-container\">\n\t\t\t\t\t\t\t\t\t<p data-start=\"1206\" data-end=\"1323\"><strong data-start=\"1206\" data-end=\"1237\">1. K \u010demu se vaping pou\u017e\u00edv\u00e1?<\/strong><br data-start=\"1237\" data-end=\"1240\" \/>P\u016fvodn\u011b slou\u017eil k odvyk\u00e1n\u00ed kou\u0159en\u00ed, nyn\u00ed se \u010dasto u\u017e\u00edv\u00e1 rekrea\u010dn\u011b - zejm\u00e9na u dosp\u00edvaj\u00edc\u00edch.<\/p>\n<p data-start=\"1325\" data-end=\"1443\"><strong data-start=\"1325\" data-end=\"1356\">2. Pro\u010d je vaping nebezpe\u010dn\u00fd?<\/strong><br data-start=\"1356\" data-end=\"1359\" \/>M\u016f\u017ee zp\u016fsobit po\u0161kozen\u00ed plic, z\u00e1vislost na nikotinu a vystavit u\u017eivatele \u0161kodliv\u00fdm chemik\u00e1li\u00edm.<\/p>\n<p data-start=\"1445\" data-end=\"1549\"><strong data-start=\"1445\" data-end=\"1475\">3. Jak vypad\u00e1?<\/strong><br data-start=\"1475\" data-end=\"1478\" \/>Mal\u00e1 elektronick\u00e1 za\u0159\u00edzen\u00ed p\u0159ipom\u00ednaj\u00edc\u00ed pera, USB kl\u00ed\u010denky nebo elegantn\u00ed lusky.<\/p>\n<p data-start=\"1551\" data-end=\"1666\"><strong data-start=\"1551\" data-end=\"1591\">4. M\u016f\u017ee n\u011bkdo vapovat, ani\u017e by o tom v\u011bd\u011bl?<\/strong><br data-start=\"1591\" data-end=\"1594\" \/>Ano. Vape pera jsou diskr\u00e9tn\u00ed a lze je pou\u017e\u00edvat bez velk\u00e9ho z\u00e1pachu nebo kou\u0159e.<\/p>\n<p data-start=\"1668\" data-end=\"1789\"><strong data-start=\"1668\" data-end=\"1704\">5. Jak se m\u016f\u017ee n\u011bkdo vyhnout vapingu?<\/strong><br data-start=\"1704\" data-end=\"1707\" \/>Poznejte rizika, vyhn\u011bte se tlaku vrstevn\u00edk\u016f a zvolte si zdrav\u00e9 zp\u016fsoby zvl\u00e1d\u00e1n\u00ed stresu.<\/p>\t\t\t\t\t\t\t\t<\/div>\n\t\t\t\t<\/div>\n\t\t\t\t<div class=\"elementor-element elementor-element-3c88435 elementor-widget elementor-widget-html\" data-id=\"3c88435\" data-element_type=\"widget\" data-e-type=\"widget\" data-widget_type=\"html.default\">\n\t\t\t\t<div class=\"elementor-widget-container\">\n\t\t\t\t\t<script type=\"application\/ld+json\">{\n    \"@context\": \"https:\\\/\\\/schema.org\",\n    \"@type\": \"WebPage\",\n    \"name\": \"What is Vaping?\",\n    \"url\": \"https:\\\/\\\/www.narconon.online\\\/glossary\\\/what-is-vaping\\\/\",\n    \"description\": \"Vaping means inhaling vapor from e-cigarettes. Learn how it works, its risks, and why it\\u2019s especially dangerous for teens.\",\n    \"datePublished\": \"2025-07-23\",\n    \"publisher\": {\n        \"@type\": \"Organization\",\n        \"name\": \"Narconon Europe\",\n        \"url\": \"https:\\\/\\\/www.narcononeurope.dk\"\n    },\n    \"mainEntity\": {\n        \"@type\": \"FAQPage\",\n        \"mainEntity\": [\n            {\n                \"@type\": \"Question\",\n                \"name\": \"What is vaping used for?\",\n                \"acceptedAnswer\": {\n                    \"@type\": \"Answer\",\n                    \"text\": \"Originally to help quit smoking, now often used recreationally\\u2014especially by teens.\"\n                }\n            },\n            {\n                \"@type\": \"Question\",\n                \"name\": \"Why is vaping dangerous?\",\n                \"acceptedAnswer\": {\n                    \"@type\": \"Answer\",\n                    \"text\": \"It can cause lung damage, nicotine addiction, and expose users to harmful chemicals.\"\n                }\n            },\n            {\n                \"@type\": \"Question\",\n                \"name\": \"What does it look like?\",\n                \"acceptedAnswer\": {\n                    \"@type\": \"Answer\",\n                    \"text\": \"Small electronic devices that resemble pens, USB sticks, or sleek pods.\"\n                }\n            },\n            {\n                \"@type\": \"Question\",\n                \"name\": \"Can someone vape without knowing?\",\n                \"acceptedAnswer\": {\n                    \"@type\": \"Answer\",\n                    \"text\": \"Yes. Vape pens are discreet and can be used without much smell or smoke.\"\n                }\n            },\n            {\n                \"@type\": \"Question\",\n                \"name\": \"How can someone avoid vaping?\",\n                \"acceptedAnswer\": {\n                    \"@type\": \"Answer\",\n                    \"text\": \"Learn the risks, avoid peer pressure, and choose healthy ways to cope with stress.\"\n                }\n            }\n        ]\n    }\n}<\/script>\r\n\t\t\t\t<\/div>\n\t\t\t\t<\/div>\n\t\t\t\t\t<\/div>\n\t\t\t\t<\/div>\n\t\t\t\t<\/div>","protected":false},"excerpt":{"rendered":"<p>Vaping is the act of inhaling vapor produced by an electronic cigarette or similar device. The vapor usually contains nicotine, [&hellip;]<\/p>","protected":false},"author":43,"featured_media":0,"parent":5868,"menu_order":0,"comment_status":"closed","ping_status":"closed","template":"","meta":{"_acf_changed":false,"site-sidebar-layout":"default","site-content-layout":"","ast-site-content-layout":"default","site-content-style":"default","site-sidebar-style":"default","ast-global-header-display":"","ast-banner-title-visibility":"","ast-main-header-display":"","ast-hfb-above-header-display":"","ast-hfb-below-header-display":"","ast-hfb-mobile-header-display":"","site-post-title":"","ast-breadcrumbs-content":"","ast-featured-img":"","footer-sml-layout":"","ast-disable-related-posts":"","theme-transparent-header-meta":"","adv-header-id-meta":"","stick-header-meta":"","header-above-stick-meta":"","header-main-stick-meta":"","header-below-stick-meta":"","astra-migrate-meta-layouts":"default","ast-page-background-enabled":"default","ast-page-background-meta":{"desktop":{"background-color":"var(--ast-global-color-5)","background-image":"","background-repeat":"repeat","background-position":"center center","background-size":"auto","background-attachment":"scroll","background-type":"","background-media":"","overlay-type":"","overlay-color":"","overlay-opacity":"","overlay-gradient":""},"tablet":{"background-color":"","background-image":"","background-repeat":"repeat","background-position":"center center","background-size":"auto","background-attachment":"scroll","background-type":"","background-media":"","overlay-type":"","overlay-color":"","overlay-opacity":"","overlay-gradient":""},"mobile":{"background-color":"","background-image":"","background-repeat":"repeat","background-position":"center center","background-size":"auto","background-attachment":"scroll","background-type":"","background-media":"","overlay-type":"","overlay-color":"","overlay-opacity":"","overlay-gradient":""}},"ast-content-background-meta":{"desktop":{"background-color":"var(--ast-global-color-4)","background-image":"","background-repeat":"repeat","background-position":"center center","background-size":"auto","background-attachment":"scroll","background-type":"","background-media":"","overlay-type":"","overlay-color":"","overlay-opacity":"","overlay-gradient":""},"tablet":{"background-color":"var(--ast-global-color-4)","background-image":"","background-repeat":"repeat","background-position":"center center","background-size":"auto","background-attachment":"scroll","background-type":"","background-media":"","overlay-type":"","overlay-color":"","overlay-opacity":"","overlay-gradient":""},"mobile":{"background-color":"var(--ast-global-color-4)","background-image":"","background-repeat":"repeat","background-position":"center center","background-size":"auto","background-attachment":"scroll","background-type":"","background-media":"","overlay-type":"","overlay-color":"","overlay-opacity":"","overlay-gradient":""}},"footnotes":""},"class_list":["post-6348","page","type-page","status-publish","hentry"],"acf":[],"yoast_head":"<!-- This site is optimized with the Yoast SEO Premium plugin v26.6 (Yoast SEO v26.6) - https:\/\/yoast.com\/wordpress\/plugins\/seo\/ -->\n<title>What Is Vaping and Its Health Risks?<\/title>\n<meta name=\"description\" content=\"Understand what is vaping and its risks. Explore the truth behind vaping devices and the substances they contain.\" \/>\n<meta name=\"robots\" content=\"index, follow, max-snippet:-1, max-image-preview:large, max-video-preview:-1\" \/>\n<link rel=\"canonical\" href=\"https:\/\/www.narconon.online\/cs\/glosar\/co-je-vaping\/\" \/>\n<meta property=\"og:locale\" content=\"cs_CZ\" \/>\n<meta property=\"og:type\" content=\"article\" \/>\n<meta property=\"og:title\" content=\"What is Vaping?\" \/>\n<meta property=\"og:description\" content=\"Understand what is vaping and its risks. Explore the truth behind vaping devices and the substances they contain.\" \/>\n<meta property=\"og:url\" content=\"https:\/\/www.narconon.online\/cs\/glosar\/co-je-vaping\/\" \/>\n<meta property=\"og:site_name\" content=\"Narconon Europe\" \/>\n<meta property=\"article:publisher\" content=\"https:\/\/www.facebook.com\/narcononeu\" \/>\n<meta property=\"article:modified_time\" content=\"2025-07-24T13:02:54+00:00\" \/>\n<meta property=\"og:image\" content=\"https:\/\/www.narconon.online\/wp-content\/uploads\/2025\/07\/freepik__a-hand-holding-a-sleek-vape-pen-exhaling-dense-whi__80950.webp\" \/>\n\t<meta property=\"og:image:width\" content=\"1392\" \/>\n\t<meta property=\"og:image:height\" content=\"752\" \/>\n\t<meta property=\"og:image:type\" content=\"image\/webp\" \/>\n<meta name=\"twitter:card\" content=\"summary_large_image\" \/>\n<meta name=\"twitter:site\" content=\"@NARCONONEurope\" \/>\n<meta name=\"twitter:label1\" content=\"Odhadovan\u00e1 doba \u010dten\u00ed\" \/>\n\t<meta name=\"twitter:data1\" content=\"2 minuty\" \/>\n<script type=\"application\/ld+json\" class=\"yoast-schema-graph\">{\"@context\":\"https:\/\/schema.org\",\"@graph\":[{\"@type\":\"WebPage\",\"@id\":\"https:\/\/www.narconon.online\/glossary\/what-is-vaping\/\",\"url\":\"https:\/\/www.narconon.online\/glossary\/what-is-vaping\/\",\"name\":\"What Is Vaping and Its Health Risks?\",\"isPartOf\":{\"@id\":\"https:\/\/www.narconon.online\/#website\"},\"primaryImageOfPage\":{\"@id\":\"https:\/\/www.narconon.online\/glossary\/what-is-vaping\/#primaryimage\"},\"image\":{\"@id\":\"https:\/\/www.narconon.online\/glossary\/what-is-vaping\/#primaryimage\"},\"thumbnailUrl\":\"https:\/\/www.narconon.online\/wp-content\/uploads\/2025\/07\/freepik__a-hand-holding-a-sleek-vape-pen-exhaling-dense-whi__80950.webp\",\"datePublished\":\"2025-07-23T20:09:19+00:00\",\"dateModified\":\"2025-07-24T13:02:54+00:00\",\"description\":\"Understand what is vaping and its risks. Explore the truth behind vaping devices and the substances they contain.\",\"breadcrumb\":{\"@id\":\"https:\/\/www.narconon.online\/glossary\/what-is-vaping\/#breadcrumb\"},\"inLanguage\":\"cs\",\"potentialAction\":[{\"@type\":\"ReadAction\",\"target\":[\"https:\/\/www.narconon.online\/glossary\/what-is-vaping\/\"]}]},{\"@type\":\"ImageObject\",\"inLanguage\":\"cs\",\"@id\":\"https:\/\/www.narconon.online\/glossary\/what-is-vaping\/#primaryimage\",\"url\":\"https:\/\/www.narconon.online\/wp-content\/uploads\/2025\/07\/freepik__a-hand-holding-a-sleek-vape-pen-exhaling-dense-whi__80950.webp\",\"contentUrl\":\"https:\/\/www.narconon.online\/wp-content\/uploads\/2025\/07\/freepik__a-hand-holding-a-sleek-vape-pen-exhaling-dense-whi__80950.webp\"},{\"@type\":\"BreadcrumbList\",\"@id\":\"https:\/\/www.narconon.online\/glossary\/what-is-vaping\/#breadcrumb\",\"itemListElement\":[{\"@type\":\"ListItem\",\"position\":1,\"name\":\"Home\",\"item\":\"https:\/\/www.narconon.online\/\"},{\"@type\":\"ListItem\",\"position\":2,\"name\":\"Glossary of Drug Terms and Definitions\",\"item\":\"https:\/\/www.narconon.online\/glossary\/\"},{\"@type\":\"ListItem\",\"position\":3,\"name\":\"What is Vaping?\"}]},{\"@type\":\"WebSite\",\"@id\":\"https:\/\/www.narconon.online\/#website\",\"url\":\"https:\/\/www.narconon.online\/\",\"name\":\"Narconon Europe\",\"description\":\"Drug Free For Good\",\"publisher\":{\"@id\":\"https:\/\/www.narconon.online\/#organization\"},\"potentialAction\":[{\"@type\":\"SearchAction\",\"target\":{\"@type\":\"EntryPoint\",\"urlTemplate\":\"https:\/\/www.narconon.online\/?s={search_term_string}\"},\"query-input\":{\"@type\":\"PropertyValueSpecification\",\"valueRequired\":true,\"valueName\":\"search_term_string\"}}],\"inLanguage\":\"cs\"},{\"@type\":\"Organization\",\"@id\":\"https:\/\/www.narconon.online\/#organization\",\"name\":\"Narconon Europe\",\"url\":\"https:\/\/www.narconon.online\/\",\"logo\":{\"@type\":\"ImageObject\",\"inLanguage\":\"cs\",\"@id\":\"https:\/\/www.narconon.online\/#\/schema\/logo\/image\/\",\"url\":\"https:\/\/www.narconon.online\/wp-content\/uploads\/2025\/03\/Logo-Narconon-Europe-2.png\",\"contentUrl\":\"https:\/\/www.narconon.online\/wp-content\/uploads\/2025\/03\/Logo-Narconon-Europe-2.png\",\"width\":2000,\"height\":707,\"caption\":\"Narconon Europe\"},\"image\":{\"@id\":\"https:\/\/www.narconon.online\/#\/schema\/logo\/image\/\"},\"sameAs\":[\"https:\/\/www.facebook.com\/narcononeu\",\"https:\/\/x.com\/NARCONONEurope\",\"https:\/\/www.instagram.com\/narconon.europe\/\",\"https:\/\/www.youtube.com\/channel\/UCNUxvhoqZZCAxXCYO4K7MvA\",\"https:\/\/www.tiktok.com\/@narconon.europe\"]}]}<\/script>\n<!-- \/ Yoast SEO Premium plugin. -->","yoast_head_json":{"title":"Co je vaping a jak\u00e1 jsou jeho zdravotn\u00ed rizika?","description":"Pochopte, co je vaping a jak\u00e1 jsou jeho rizika. Prozkoumejte pravdu o vapovac\u00edch za\u0159\u00edzen\u00edch a l\u00e1tk\u00e1ch, kter\u00e9 obsahuj\u00ed.","robots":{"index":"index","follow":"follow","max-snippet":"max-snippet:-1","max-image-preview":"max-image-preview:large","max-video-preview":"max-video-preview:-1"},"canonical":"https:\/\/www.narconon.online\/cs\/glosar\/co-je-vaping\/","og_locale":"cs_CZ","og_type":"article","og_title":"What is Vaping?","og_description":"Understand what is vaping and its risks. Explore the truth behind vaping devices and the substances they contain.","og_url":"https:\/\/www.narconon.online\/cs\/glosar\/co-je-vaping\/","og_site_name":"Narconon Europe","article_publisher":"https:\/\/www.facebook.com\/narcononeu","article_modified_time":"2025-07-24T13:02:54+00:00","og_image":[{"width":1392,"height":752,"url":"https:\/\/www.narconon.online\/wp-content\/uploads\/2025\/07\/freepik__a-hand-holding-a-sleek-vape-pen-exhaling-dense-whi__80950.webp","type":"image\/webp"}],"twitter_card":"summary_large_image","twitter_site":"@NARCONONEurope","twitter_misc":{"Odhadovan\u00e1 doba \u010dten\u00ed":"2 minuty"},"schema":{"@context":"https:\/\/schema.org","@graph":[{"@type":"WebPage","@id":"https:\/\/www.narconon.online\/glossary\/what-is-vaping\/","url":"https:\/\/www.narconon.online\/glossary\/what-is-vaping\/","name":"Co je vaping a jak\u00e1 jsou jeho zdravotn\u00ed rizika?","isPartOf":{"@id":"https:\/\/www.narconon.online\/#website"},"primaryImageOfPage":{"@id":"https:\/\/www.narconon.online\/glossary\/what-is-vaping\/#primaryimage"},"image":{"@id":"https:\/\/www.narconon.online\/glossary\/what-is-vaping\/#primaryimage"},"thumbnailUrl":"https:\/\/www.narconon.online\/wp-content\/uploads\/2025\/07\/freepik__a-hand-holding-a-sleek-vape-pen-exhaling-dense-whi__80950.webp","datePublished":"2025-07-23T20:09:19+00:00","dateModified":"2025-07-24T13:02:54+00:00","description":"Pochopte, co je vaping a jak\u00e1 jsou jeho rizika. Prozkoumejte pravdu o vapovac\u00edch za\u0159\u00edzen\u00edch a l\u00e1tk\u00e1ch, kter\u00e9 obsahuj\u00ed.","breadcrumb":{"@id":"https:\/\/www.narconon.online\/glossary\/what-is-vaping\/#breadcrumb"},"inLanguage":"cs","potentialAction":[{"@type":"ReadAction","target":["https:\/\/www.narconon.online\/glossary\/what-is-vaping\/"]}]},{"@type":"ImageObject","inLanguage":"cs","@id":"https:\/\/www.narconon.online\/glossary\/what-is-vaping\/#primaryimage","url":"https:\/\/www.narconon.online\/wp-content\/uploads\/2025\/07\/freepik__a-hand-holding-a-sleek-vape-pen-exhaling-dense-whi__80950.webp","contentUrl":"https:\/\/www.narconon.online\/wp-content\/uploads\/2025\/07\/freepik__a-hand-holding-a-sleek-vape-pen-exhaling-dense-whi__80950.webp"},{"@type":"BreadcrumbList","@id":"https:\/\/www.narconon.online\/glossary\/what-is-vaping\/#breadcrumb","itemListElement":[{"@type":"ListItem","position":1,"name":"Home","item":"https:\/\/www.narconon.online\/"},{"@type":"ListItem","position":2,"name":"Glossary of Drug Terms and Definitions","item":"https:\/\/www.narconon.online\/glossary\/"},{"@type":"ListItem","position":3,"name":"What is Vaping?"}]},{"@type":"WebSite","@id":"https:\/\/www.narconon.online\/#website","url":"https:\/\/www.narconon.online\/","name":"Narconon Evropa","description":"Bez drog napo\u0159\u00e1d","publisher":{"@id":"https:\/\/www.narconon.online\/#organization"},"potentialAction":[{"@type":"SearchAction","target":{"@type":"EntryPoint","urlTemplate":"https:\/\/www.narconon.online\/?s={search_term_string}"},"query-input":{"@type":"PropertyValueSpecification","valueRequired":true,"valueName":"search_term_string"}}],"inLanguage":"cs"},{"@type":"Organization","@id":"https:\/\/www.narconon.online\/#organization","name":"Narconon Evropa","url":"https:\/\/www.narconon.online\/","logo":{"@type":"ImageObject","inLanguage":"cs","@id":"https:\/\/www.narconon.online\/#\/schema\/logo\/image\/","url":"https:\/\/www.narconon.online\/wp-content\/uploads\/2025\/03\/Logo-Narconon-Europe-2.png","contentUrl":"https:\/\/www.narconon.online\/wp-content\/uploads\/2025\/03\/Logo-Narconon-Europe-2.png","width":2000,"height":707,"caption":"Narconon Europe"},"image":{"@id":"https:\/\/www.narconon.online\/#\/schema\/logo\/image\/"},"sameAs":["https:\/\/www.facebook.com\/narcononeu","https:\/\/x.com\/NARCONONEurope","https:\/\/www.instagram.com\/narconon.europe\/","https:\/\/www.youtube.com\/channel\/UCNUxvhoqZZCAxXCYO4K7MvA","https:\/\/www.tiktok.com\/@narconon.europe"]}]}},"_links":{"self":[{"href":"https:\/\/www.narconon.online\/cs\/wp-json\/wp\/v2\/pages\/6348","targetHints":{"allow":["GET"]}}],"collection":[{"href":"https:\/\/www.narconon.online\/cs\/wp-json\/wp\/v2\/pages"}],"about":[{"href":"https:\/\/www.narconon.online\/cs\/wp-json\/wp\/v2\/types\/page"}],"author":[{"embeddable":true,"href":"https:\/\/www.narconon.online\/cs\/wp-json\/wp\/v2\/users\/43"}],"replies":[{"embeddable":true,"href":"https:\/\/www.narconon.online\/cs\/wp-json\/wp\/v2\/comments?post=6348"}],"version-history":[{"count":12,"href":"https:\/\/www.narconon.online\/cs\/wp-json\/wp\/v2\/pages\/6348\/revisions"}],"predecessor-version":[{"id":6560,"href":"https:\/\/www.narconon.online\/cs\/wp-json\/wp\/v2\/pages\/6348\/revisions\/6560"}],"up":[{"embeddable":true,"href":"https:\/\/www.narconon.online\/cs\/wp-json\/wp\/v2\/pages\/5868"}],"wp:attachment":[{"href":"https:\/\/www.narconon.online\/cs\/wp-json\/wp\/v2\/media?parent=6348"}],"curies":[{"name":"wp","href":"https:\/\/api.w.org\/{rel}","templated":true}]}}