{"id":6335,"date":"2025-07-23T22:01:12","date_gmt":"2025-07-23T20:01:12","guid":{"rendered":"https:\/\/www.narconon.online\/?page_id=6335"},"modified":"2025-07-24T16:48:56","modified_gmt":"2025-07-24T14:48:56","slug":"co-je-porucha-uzivani","status":"publish","type":"page","link":"https:\/\/www.narconon.online\/cs\/glosar\/co-je-porucha-uzivani\/","title":{"rendered":"Co je to porucha u\u017e\u00edv\u00e1n\u00ed?"},"content":{"rendered":"<div data-elementor-type=\"wp-page\" data-elementor-id=\"6335\" class=\"elementor elementor-6335\" data-elementor-post-type=\"page\">\n\t\t\t\t<div class=\"elementor-element elementor-element-14d08559 e-flex e-con-boxed e-con e-parent\" data-id=\"14d08559\" data-element_type=\"container\" data-e-type=\"container\">\n\t\t\t\t\t<div class=\"e-con-inner\">\n\t\t<div class=\"elementor-element elementor-element-1cae676 e-grid e-con-full e-con e-child\" data-id=\"1cae676\" data-element_type=\"container\" data-e-type=\"container\">\n\t\t\t\t<div class=\"elementor-element elementor-element-ddfcbba elementor-widget elementor-widget-text-editor\" data-id=\"ddfcbba\" data-element_type=\"widget\" data-e-type=\"widget\" data-widget_type=\"text-editor.default\">\n\t\t\t\t<div class=\"elementor-widget-container\">\n\t\t\t\t\t\t\t\t\t<p data-start=\"314\" data-end=\"553\"><strong data-start=\"314\" data-end=\"400\">Porucha u\u017e\u00edv\u00e1n\u00ed je l\u00e9ka\u0159sk\u00fd term\u00edn pro z\u00e1vislost na l\u00e1tk\u00e1ch, jako jsou drogy nebo alkohol.<\/strong> Popisuje vzorec, kdy osoba pokra\u010duje v u\u017e\u00edv\u00e1n\u00ed l\u00e1tky, p\u0159esto\u017ee v\u00ed, \u017ee to po\u0161kozuje jej\u00ed zdrav\u00ed, vztahy nebo povinnosti.<\/p>\n<p data-start=\"555\" data-end=\"793\">Osoba s poruchou u\u017e\u00edv\u00e1n\u00ed m\u016f\u017ee vykazovat <strong data-start=\"593\" data-end=\"633\">chut\u011b, ztr\u00e1ta kontroly, tolerance<\/strong>a <strong data-start=\"639\" data-end=\"662\">abstinen\u010dn\u00ed p\u0159\u00edznaky<\/strong> kdy\u017e se sna\u017e\u00ed zastavit. Poruchy zp\u016fsoben\u00e9 u\u017e\u00edv\u00e1n\u00edm se mohou pohybovat od <strong data-start=\"715\" data-end=\"733\">m\u00edrn\u00fd a\u017e t\u011b\u017ek\u00fd<\/strong>, v z\u00e1vislosti na tom, jak \u010dasto a v jak\u00e9m mno\u017estv\u00ed se l\u00e1tka pou\u017e\u00edv\u00e1.<\/p>\n<p data-start=\"795\" data-end=\"962\">Mezi prvn\u00ed p\u0159\u00edznaky pat\u0159\u00ed <strong data-start=\"815\" data-end=\"850\">lhan\u00ed o u\u017e\u00edv\u00e1n\u00ed, rizikov\u00e9 chov\u00e1n\u00ed<\/strong>a pokra\u010dov\u00e1n\u00ed v pou\u017e\u00edv\u00e1n\u00ed, i kdy\u017e zp\u016fsobuje probl\u00e9my. S podporou a l\u00e9\u010dbou je zotaven\u00ed mo\u017en\u00e9 v jak\u00e9koli f\u00e1zi.<\/p>\t\t\t\t\t\t\t\t<\/div>\n\t\t\t\t<\/div>\n\t\t\t\t<div class=\"elementor-element elementor-element-8f955ba elementor-widget elementor-widget-image\" data-id=\"8f955ba\" data-element_type=\"widget\" data-e-type=\"widget\" data-widget_type=\"image.default\">\n\t\t\t\t<div class=\"elementor-widget-container\">\n\t\t\t\t\t\t\t\t\t\t\t\t\t\t\t<img fetchpriority=\"high\" decoding=\"async\" width=\"1392\" height=\"752\" src=\"https:\/\/www.narconon.online\/wp-content\/uploads\/2025\/07\/freepik__a-splitscene-concept-on-one-side-a-person-struggli__80949.webp\" class=\"attachment-full size-full wp-image-6338\" alt=\"Rozd\u011blen\u00e1 sc\u00e9na osoby u\u017e\u00edvaj\u00edc\u00ed drogy na jedn\u00e9 stran\u011b a nav\u0161t\u011bvuj\u00edc\u00ed odvykac\u00ed skupinu na stran\u011b druh\u00e9, symbolizuj\u00edc\u00ed poruchu u\u017e\u00edv\u00e1n\u00ed a zotaven\u00ed.\" srcset=\"https:\/\/www.narconon.online\/wp-content\/uploads\/2025\/07\/freepik__a-splitscene-concept-on-one-side-a-person-struggli__80949.webp 1392w, https:\/\/www.narconon.online\/wp-content\/uploads\/2025\/07\/freepik__a-splitscene-concept-on-one-side-a-person-struggli__80949-300x162.webp 300w, https:\/\/www.narconon.online\/wp-content\/uploads\/2025\/07\/freepik__a-splitscene-concept-on-one-side-a-person-struggli__80949-1024x553.webp 1024w, https:\/\/www.narconon.online\/wp-content\/uploads\/2025\/07\/freepik__a-splitscene-concept-on-one-side-a-person-struggli__80949-768x415.webp 768w, https:\/\/www.narconon.online\/wp-content\/uploads\/2025\/07\/freepik__a-splitscene-concept-on-one-side-a-person-struggli__80949-18x10.webp 18w\" sizes=\"(max-width: 1392px) 100vw, 1392px\" \/>\t\t\t\t\t\t\t\t\t\t\t\t\t\t\t<\/div>\n\t\t\t\t<\/div>\n\t\t\t\t<\/div>\n\t\t\t\t\t<\/div>\n\t\t\t\t<\/div>\n\t\t<div class=\"elementor-element elementor-element-064fdba e-flex e-con-boxed e-con e-parent\" data-id=\"064fdba\" data-element_type=\"container\" data-e-type=\"container\">\n\t\t\t\t\t<div class=\"e-con-inner\">\n\t\t<div class=\"elementor-element elementor-element-ecec8f5 e-grid e-con-full e-con e-child\" data-id=\"ecec8f5\" data-element_type=\"container\" data-e-type=\"container\">\n\t\t\t\t<div class=\"elementor-element elementor-element-0f0e55c elementor-widget elementor-widget-text-editor\" data-id=\"0f0e55c\" data-element_type=\"widget\" data-e-type=\"widget\" data-widget_type=\"text-editor.default\">\n\t\t\t\t<div class=\"elementor-widget-container\">\n\t\t\t\t\t\t\t\t\t<h3 id=\"h-related-terms\" class=\"wp-block-heading\">\ud83e\udde0 Souvisej\u00edc\u00ed term\u00edny<\/h3>\n<ul data-spread=\"false\" data-pm-slice=\"3 3 []\">\n<li><a href=\"https:\/\/www.narconon.online\/cs\/glosar\/co-je-odstoupeni-od-smlouvy\/\">Sta\u017een\u00ed<\/a><\/li>\n<li><a href=\"https:\/\/www.narconon.online\/cs\/glosar\/co-jsou-zneuzivane-leky-na-predpis\/\">Zneu\u017e\u00edvan\u00e9 l\u00e9ky na p\u0159edpis<\/a><\/li>\n<li>\n<p><a href=\"https:\/\/www.narconon.online\/cs\/glosar\/\">Glos\u00e1\u0159 Rejst\u0159\u00edk<\/a><\/p>\n<\/li>\n<\/ul>\t\t\t\t\t\t\t\t<\/div>\n\t\t\t\t<\/div>\n\t\t\t\t<div class=\"elementor-element elementor-element-03e5102 elementor-widget elementor-widget-text-editor\" data-id=\"03e5102\" data-element_type=\"widget\" data-e-type=\"widget\" data-widget_type=\"text-editor.default\">\n\t\t\t\t<div class=\"elementor-widget-container\">\n\t\t\t\t\t\t\t\t\t<p id=\"h-related-terms\" class=\"wp-block-heading\">\ud83d\udc49 Zjist\u011bte v\u00edce o prevenci:<br \/><a class=\"\" href=\"https:\/\/www.narcononeurope.dk\/en\/drug-abuse\/\" target=\"_blank\" rel=\"noopener\">Narconon Evropa - Pomoc p\u0159i zneu\u017e\u00edv\u00e1n\u00ed drog<\/a><\/p>\n<p><!-- \/wp:list-item --><\/p>\n<p><!-- \/wp:list --><!-- wp:paragraph --><\/p>\n<p>\ud83d\udc49 Dal\u0161\u00ed vzd\u011bl\u00e1vac\u00ed obsah naleznete v na\u0161em <a class=\"\" href=\"https:\/\/www.narconon.online\/cs\/materialy-pro-protidrogovou-prevenci\/\">Materi\u00e1ly pro protidrogov\u00e9 vzd\u011bl\u00e1v\u00e1n\u00ed a prevenci<\/a><\/p>\t\t\t\t\t\t\t\t<\/div>\n\t\t\t\t<\/div>\n\t\t\t\t<\/div>\n\t\t\t\t<div class=\"elementor-element elementor-element-1497776 elementor-widget elementor-widget-heading\" data-id=\"1497776\" data-element_type=\"widget\" data-e-type=\"widget\" data-widget_type=\"heading.default\">\n\t\t\t\t<div class=\"elementor-widget-container\">\n\t\t\t\t\t<h2 class=\"elementor-heading-title elementor-size-default\">\u2753 \u010casto kladen\u00e9 ot\u00e1zky o poruch\u00e1ch u\u017e\u00edv\u00e1n\u00ed<\/h2>\t\t\t\t<\/div>\n\t\t\t\t<\/div>\n\t\t\t\t<div class=\"elementor-element elementor-element-a24ee80 elementor-widget elementor-widget-text-editor\" data-id=\"a24ee80\" data-element_type=\"widget\" data-e-type=\"widget\" data-widget_type=\"text-editor.default\">\n\t\t\t\t<div class=\"elementor-widget-container\">\n\t\t\t\t\t\t\t\t\t<p data-start=\"1242\" data-end=\"1339\"><strong data-start=\"1242\" data-end=\"1279\">1. K \u010demu se pou\u017e\u00edv\u00e1 porucha u\u017e\u00edv\u00e1n\u00ed?<\/strong><br data-start=\"1279\" data-end=\"1282\" \/>Jedn\u00e1 se o l\u00e9ka\u0159sk\u00fd term\u00edn pou\u017e\u00edvan\u00fd k diagnostice z\u00e1vislosti na n\u00e1vykov\u00fdch l\u00e1tk\u00e1ch.<\/p>\n<p data-start=\"1341\" data-end=\"1457\"><strong data-start=\"1341\" data-end=\"1378\">2. Pro\u010d je porucha u\u017e\u00edv\u00e1n\u00ed nebezpe\u010dn\u00e1?<\/strong><br data-start=\"1378\" data-end=\"1381\" \/>M\u016f\u017ee v\u00e9st ke zhor\u0161en\u00ed zdravotn\u00edho stavu, rozpadu vztah\u016f, ztr\u00e1t\u011b zam\u011bstn\u00e1n\u00ed a p\u0159ed\u00e1vkov\u00e1n\u00ed.<\/p>\n<p data-start=\"1459\" data-end=\"1560\"><strong data-start=\"1459\" data-end=\"1489\">3. Jak vypad\u00e1?<\/strong><br data-start=\"1489\" data-end=\"1492\" \/>Opakovan\u00e9 u\u017e\u00edv\u00e1n\u00ed drog, pop\u00edr\u00e1n\u00ed, abstinen\u010dn\u00ed p\u0159\u00edznaky a ztr\u00e1ta kontroly.<\/p>\n<p data-start=\"1562\" data-end=\"1677\"><strong data-start=\"1562\" data-end=\"1607\">4. M\u016f\u017ee se n\u011bkdo zotavit z poruchy u\u017e\u00edv\u00e1n\u00ed?<\/strong><br data-start=\"1607\" data-end=\"1610\" \/>Ano. Mnoho lid\u00ed se zotav\u00ed, pokud jim je poskytnuta spr\u00e1vn\u00e1 podpora a dlouhodob\u00e1 pomoc.<\/p>\n<p data-start=\"1679\" data-end=\"1801\"><strong data-start=\"1679\" data-end=\"1723\">5. Jak n\u011bkdo pozn\u00e1, \u017ee ji m\u00e1?<\/strong><br data-start=\"1723\" data-end=\"1726\" \/>Pokud u\u017e\u00edv\u00e1n\u00ed drog zp\u016fsobuje probl\u00e9my, ale p\u0159esto pokra\u010duje, m\u016f\u017ee se jednat o poruchu u\u017e\u00edv\u00e1n\u00ed.<\/p>\t\t\t\t\t\t\t\t<\/div>\n\t\t\t\t<\/div>\n\t\t\t\t<div class=\"elementor-element elementor-element-3c88435 elementor-widget elementor-widget-html\" data-id=\"3c88435\" data-element_type=\"widget\" data-e-type=\"widget\" data-widget_type=\"html.default\">\n\t\t\t\t<div class=\"elementor-widget-container\">\n\t\t\t\t\t<script type=\"application\/ld+json\">{\n    \"@context\": \"https:\\\/\\\/schema.org\",\n    \"@type\": \"WebPage\",\n    \"name\": \"What is Use Disorder?\",\n    \"url\": \"https:\\\/\\\/www.narconon.online\\\/glossary\\\/what-is-use-disorder\\\/\",\n    \"description\": \"Use disorder is the medical term for drug or alcohol addiction. Learn the symptoms, dangers, and how to get help and recover.\",\n    \"datePublished\": \"2025-07-23\",\n    \"publisher\": {\n        \"@type\": \"Organization\",\n        \"name\": \"Narconon Europe\",\n        \"url\": \"https:\\\/\\\/www.narcononeurope.dk\"\n    },\n    \"mainEntity\": {\n        \"@type\": \"FAQPage\",\n        \"mainEntity\": [\n            {\n                \"@type\": \"Question\",\n                \"name\": \"What is use disorder used for?\",\n                \"acceptedAnswer\": {\n                    \"@type\": \"Answer\",\n                    \"text\": \"It\\u2019s a medical term used to diagnose substance addiction.\"\n                }\n            },\n            {\n                \"@type\": \"Question\",\n                \"name\": \"Why is use disorder dangerous?\",\n                \"acceptedAnswer\": {\n                    \"@type\": \"Answer\",\n                    \"text\": \"It can lead to health decline, broken relationships, job loss, and overdose.\"\n                }\n            },\n            {\n                \"@type\": \"Question\",\n                \"name\": \"What does it look like?\",\n                \"acceptedAnswer\": {\n                    \"@type\": \"Answer\",\n                    \"text\": \"Repeated drug use, denial, withdrawal symptoms, and loss of control.\"\n                }\n            },\n            {\n                \"@type\": \"Question\",\n                \"name\": \"Can someone recover from use disorder?\",\n                \"acceptedAnswer\": {\n                    \"@type\": \"Answer\",\n                    \"text\": \"Yes. Many people recover with the right support and long-term help.\"\n                }\n            },\n            {\n                \"@type\": \"Question\",\n                \"name\": \"How can someone know if they have it?\",\n                \"acceptedAnswer\": {\n                    \"@type\": \"Answer\",\n                    \"text\": \"If drug use causes problems but continues anyway, it may be a use disorder.\"\n                }\n            }\n        ]\n    }\n}<\/script>\r\n\t\t\t\t<\/div>\n\t\t\t\t<\/div>\n\t\t\t\t\t<\/div>\n\t\t\t\t<\/div>\n\t\t\t\t<\/div>","protected":false},"excerpt":{"rendered":"<p>Use disorder is a medical term for addiction to a substance like drugs or alcohol. It describes a pattern where [&hellip;]<\/p>","protected":false},"author":43,"featured_media":0,"parent":5868,"menu_order":0,"comment_status":"closed","ping_status":"closed","template":"","meta":{"_acf_changed":false,"site-sidebar-layout":"default","site-content-layout":"","ast-site-content-layout":"default","site-content-style":"default","site-sidebar-style":"default","ast-global-header-display":"","ast-banner-title-visibility":"","ast-main-header-display":"","ast-hfb-above-header-display":"","ast-hfb-below-header-display":"","ast-hfb-mobile-header-display":"","site-post-title":"","ast-breadcrumbs-content":"","ast-featured-img":"","footer-sml-layout":"","ast-disable-related-posts":"","theme-transparent-header-meta":"","adv-header-id-meta":"","stick-header-meta":"","header-above-stick-meta":"","header-main-stick-meta":"","header-below-stick-meta":"","astra-migrate-meta-layouts":"default","ast-page-background-enabled":"default","ast-page-background-meta":{"desktop":{"background-color":"var(--ast-global-color-5)","background-image":"","background-repeat":"repeat","background-position":"center center","background-size":"auto","background-attachment":"scroll","background-type":"","background-media":"","overlay-type":"","overlay-color":"","overlay-opacity":"","overlay-gradient":""},"tablet":{"background-color":"","background-image":"","background-repeat":"repeat","background-position":"center center","background-size":"auto","background-attachment":"scroll","background-type":"","background-media":"","overlay-type":"","overlay-color":"","overlay-opacity":"","overlay-gradient":""},"mobile":{"background-color":"","background-image":"","background-repeat":"repeat","background-position":"center center","background-size":"auto","background-attachment":"scroll","background-type":"","background-media":"","overlay-type":"","overlay-color":"","overlay-opacity":"","overlay-gradient":""}},"ast-content-background-meta":{"desktop":{"background-color":"var(--ast-global-color-4)","background-image":"","background-repeat":"repeat","background-position":"center center","background-size":"auto","background-attachment":"scroll","background-type":"","background-media":"","overlay-type":"","overlay-color":"","overlay-opacity":"","overlay-gradient":""},"tablet":{"background-color":"var(--ast-global-color-4)","background-image":"","background-repeat":"repeat","background-position":"center center","background-size":"auto","background-attachment":"scroll","background-type":"","background-media":"","overlay-type":"","overlay-color":"","overlay-opacity":"","overlay-gradient":""},"mobile":{"background-color":"var(--ast-global-color-4)","background-image":"","background-repeat":"repeat","background-position":"center center","background-size":"auto","background-attachment":"scroll","background-type":"","background-media":"","overlay-type":"","overlay-color":"","overlay-opacity":"","overlay-gradient":""}},"footnotes":""},"class_list":["post-6335","page","type-page","status-publish","hentry"],"acf":[],"yoast_head":"<!-- This site is optimized with the Yoast SEO Premium plugin v26.6 (Yoast SEO v26.6) - https:\/\/yoast.com\/wordpress\/plugins\/seo\/ -->\n<title>What Is Use Disorder and Its Impact on Health<\/title>\n<meta name=\"description\" content=\"Uncover what is use disorder and its impact on health. Understand addiction patterns and the path to recovery.\" \/>\n<meta name=\"robots\" content=\"index, follow, max-snippet:-1, max-image-preview:large, max-video-preview:-1\" \/>\n<link rel=\"canonical\" href=\"https:\/\/www.narconon.online\/cs\/glosar\/co-je-porucha-uzivani\/\" \/>\n<meta property=\"og:locale\" content=\"cs_CZ\" \/>\n<meta property=\"og:type\" content=\"article\" \/>\n<meta property=\"og:title\" content=\"What is Use Disorder?\" \/>\n<meta property=\"og:description\" content=\"Uncover what is use disorder and its impact on health. Understand addiction patterns and the path to recovery.\" \/>\n<meta property=\"og:url\" content=\"https:\/\/www.narconon.online\/cs\/glosar\/co-je-porucha-uzivani\/\" \/>\n<meta property=\"og:site_name\" content=\"Narconon Europe\" \/>\n<meta property=\"article:publisher\" content=\"https:\/\/www.facebook.com\/narcononeu\" \/>\n<meta property=\"article:modified_time\" content=\"2025-07-24T14:48:56+00:00\" \/>\n<meta property=\"og:image\" content=\"https:\/\/www.narconon.online\/wp-content\/uploads\/2025\/07\/freepik__a-splitscene-concept-on-one-side-a-person-struggli__80949.webp\" \/>\n\t<meta property=\"og:image:width\" content=\"1392\" \/>\n\t<meta property=\"og:image:height\" content=\"752\" \/>\n\t<meta property=\"og:image:type\" content=\"image\/webp\" \/>\n<meta name=\"twitter:card\" content=\"summary_large_image\" \/>\n<meta name=\"twitter:site\" content=\"@NARCONONEurope\" \/>\n<meta name=\"twitter:label1\" content=\"Odhadovan\u00e1 doba \u010dten\u00ed\" \/>\n\t<meta name=\"twitter:data1\" content=\"2 minuty\" \/>\n<script type=\"application\/ld+json\" class=\"yoast-schema-graph\">{\"@context\":\"https:\/\/schema.org\",\"@graph\":[{\"@type\":\"WebPage\",\"@id\":\"https:\/\/www.narconon.online\/glossary\/what-is-use-disorder\/\",\"url\":\"https:\/\/www.narconon.online\/glossary\/what-is-use-disorder\/\",\"name\":\"What Is Use Disorder and Its Impact on Health\",\"isPartOf\":{\"@id\":\"https:\/\/www.narconon.online\/#website\"},\"primaryImageOfPage\":{\"@id\":\"https:\/\/www.narconon.online\/glossary\/what-is-use-disorder\/#primaryimage\"},\"image\":{\"@id\":\"https:\/\/www.narconon.online\/glossary\/what-is-use-disorder\/#primaryimage\"},\"thumbnailUrl\":\"https:\/\/www.narconon.online\/wp-content\/uploads\/2025\/07\/freepik__a-splitscene-concept-on-one-side-a-person-struggli__80949.webp\",\"datePublished\":\"2025-07-23T20:01:12+00:00\",\"dateModified\":\"2025-07-24T14:48:56+00:00\",\"description\":\"Uncover what is use disorder and its impact on health. Understand addiction patterns and the path to recovery.\",\"breadcrumb\":{\"@id\":\"https:\/\/www.narconon.online\/glossary\/what-is-use-disorder\/#breadcrumb\"},\"inLanguage\":\"cs\",\"potentialAction\":[{\"@type\":\"ReadAction\",\"target\":[\"https:\/\/www.narconon.online\/glossary\/what-is-use-disorder\/\"]}]},{\"@type\":\"ImageObject\",\"inLanguage\":\"cs\",\"@id\":\"https:\/\/www.narconon.online\/glossary\/what-is-use-disorder\/#primaryimage\",\"url\":\"https:\/\/www.narconon.online\/wp-content\/uploads\/2025\/07\/freepik__a-splitscene-concept-on-one-side-a-person-struggli__80949.webp\",\"contentUrl\":\"https:\/\/www.narconon.online\/wp-content\/uploads\/2025\/07\/freepik__a-splitscene-concept-on-one-side-a-person-struggli__80949.webp\"},{\"@type\":\"BreadcrumbList\",\"@id\":\"https:\/\/www.narconon.online\/glossary\/what-is-use-disorder\/#breadcrumb\",\"itemListElement\":[{\"@type\":\"ListItem\",\"position\":1,\"name\":\"Home\",\"item\":\"https:\/\/www.narconon.online\/\"},{\"@type\":\"ListItem\",\"position\":2,\"name\":\"Glossary of Drug Terms and Definitions\",\"item\":\"https:\/\/www.narconon.online\/glossary\/\"},{\"@type\":\"ListItem\",\"position\":3,\"name\":\"What is Use Disorder?\"}]},{\"@type\":\"WebSite\",\"@id\":\"https:\/\/www.narconon.online\/#website\",\"url\":\"https:\/\/www.narconon.online\/\",\"name\":\"Narconon Europe\",\"description\":\"Drug Free For Good\",\"publisher\":{\"@id\":\"https:\/\/www.narconon.online\/#organization\"},\"potentialAction\":[{\"@type\":\"SearchAction\",\"target\":{\"@type\":\"EntryPoint\",\"urlTemplate\":\"https:\/\/www.narconon.online\/?s={search_term_string}\"},\"query-input\":{\"@type\":\"PropertyValueSpecification\",\"valueRequired\":true,\"valueName\":\"search_term_string\"}}],\"inLanguage\":\"cs\"},{\"@type\":\"Organization\",\"@id\":\"https:\/\/www.narconon.online\/#organization\",\"name\":\"Narconon Europe\",\"url\":\"https:\/\/www.narconon.online\/\",\"logo\":{\"@type\":\"ImageObject\",\"inLanguage\":\"cs\",\"@id\":\"https:\/\/www.narconon.online\/#\/schema\/logo\/image\/\",\"url\":\"https:\/\/www.narconon.online\/wp-content\/uploads\/2025\/03\/Logo-Narconon-Europe-2.png\",\"contentUrl\":\"https:\/\/www.narconon.online\/wp-content\/uploads\/2025\/03\/Logo-Narconon-Europe-2.png\",\"width\":2000,\"height\":707,\"caption\":\"Narconon Europe\"},\"image\":{\"@id\":\"https:\/\/www.narconon.online\/#\/schema\/logo\/image\/\"},\"sameAs\":[\"https:\/\/www.facebook.com\/narcononeu\",\"https:\/\/x.com\/NARCONONEurope\",\"https:\/\/www.instagram.com\/narconon.europe\/\",\"https:\/\/www.youtube.com\/channel\/UCNUxvhoqZZCAxXCYO4K7MvA\",\"https:\/\/www.tiktok.com\/@narconon.europe\"]}]}<\/script>\n<!-- \/ Yoast SEO Premium plugin. -->","yoast_head_json":{"title":"Co je porucha u\u017e\u00edv\u00e1n\u00ed a jej\u00ed dopad na zdrav\u00ed","description":"Zjist\u011bte, co je to porucha u\u017e\u00edv\u00e1n\u00ed a jej\u00ed dopad na zdrav\u00ed. Pochopit vzorce z\u00e1vislosti a cestu k uzdraven\u00ed.","robots":{"index":"index","follow":"follow","max-snippet":"max-snippet:-1","max-image-preview":"max-image-preview:large","max-video-preview":"max-video-preview:-1"},"canonical":"https:\/\/www.narconon.online\/cs\/glosar\/co-je-porucha-uzivani\/","og_locale":"cs_CZ","og_type":"article","og_title":"What is Use Disorder?","og_description":"Uncover what is use disorder and its impact on health. Understand addiction patterns and the path to recovery.","og_url":"https:\/\/www.narconon.online\/cs\/glosar\/co-je-porucha-uzivani\/","og_site_name":"Narconon Europe","article_publisher":"https:\/\/www.facebook.com\/narcononeu","article_modified_time":"2025-07-24T14:48:56+00:00","og_image":[{"width":1392,"height":752,"url":"https:\/\/www.narconon.online\/wp-content\/uploads\/2025\/07\/freepik__a-splitscene-concept-on-one-side-a-person-struggli__80949.webp","type":"image\/webp"}],"twitter_card":"summary_large_image","twitter_site":"@NARCONONEurope","twitter_misc":{"Odhadovan\u00e1 doba \u010dten\u00ed":"2 minuty"},"schema":{"@context":"https:\/\/schema.org","@graph":[{"@type":"WebPage","@id":"https:\/\/www.narconon.online\/glossary\/what-is-use-disorder\/","url":"https:\/\/www.narconon.online\/glossary\/what-is-use-disorder\/","name":"Co je porucha u\u017e\u00edv\u00e1n\u00ed a jej\u00ed dopad na zdrav\u00ed","isPartOf":{"@id":"https:\/\/www.narconon.online\/#website"},"primaryImageOfPage":{"@id":"https:\/\/www.narconon.online\/glossary\/what-is-use-disorder\/#primaryimage"},"image":{"@id":"https:\/\/www.narconon.online\/glossary\/what-is-use-disorder\/#primaryimage"},"thumbnailUrl":"https:\/\/www.narconon.online\/wp-content\/uploads\/2025\/07\/freepik__a-splitscene-concept-on-one-side-a-person-struggli__80949.webp","datePublished":"2025-07-23T20:01:12+00:00","dateModified":"2025-07-24T14:48:56+00:00","description":"Zjist\u011bte, co je to porucha u\u017e\u00edv\u00e1n\u00ed a jej\u00ed dopad na zdrav\u00ed. Pochopit vzorce z\u00e1vislosti a cestu k uzdraven\u00ed.","breadcrumb":{"@id":"https:\/\/www.narconon.online\/glossary\/what-is-use-disorder\/#breadcrumb"},"inLanguage":"cs","potentialAction":[{"@type":"ReadAction","target":["https:\/\/www.narconon.online\/glossary\/what-is-use-disorder\/"]}]},{"@type":"ImageObject","inLanguage":"cs","@id":"https:\/\/www.narconon.online\/glossary\/what-is-use-disorder\/#primaryimage","url":"https:\/\/www.narconon.online\/wp-content\/uploads\/2025\/07\/freepik__a-splitscene-concept-on-one-side-a-person-struggli__80949.webp","contentUrl":"https:\/\/www.narconon.online\/wp-content\/uploads\/2025\/07\/freepik__a-splitscene-concept-on-one-side-a-person-struggli__80949.webp"},{"@type":"BreadcrumbList","@id":"https:\/\/www.narconon.online\/glossary\/what-is-use-disorder\/#breadcrumb","itemListElement":[{"@type":"ListItem","position":1,"name":"Home","item":"https:\/\/www.narconon.online\/"},{"@type":"ListItem","position":2,"name":"Glossary of Drug Terms and Definitions","item":"https:\/\/www.narconon.online\/glossary\/"},{"@type":"ListItem","position":3,"name":"What is Use Disorder?"}]},{"@type":"WebSite","@id":"https:\/\/www.narconon.online\/#website","url":"https:\/\/www.narconon.online\/","name":"Narconon Evropa","description":"Bez drog napo\u0159\u00e1d","publisher":{"@id":"https:\/\/www.narconon.online\/#organization"},"potentialAction":[{"@type":"SearchAction","target":{"@type":"EntryPoint","urlTemplate":"https:\/\/www.narconon.online\/?s={search_term_string}"},"query-input":{"@type":"PropertyValueSpecification","valueRequired":true,"valueName":"search_term_string"}}],"inLanguage":"cs"},{"@type":"Organization","@id":"https:\/\/www.narconon.online\/#organization","name":"Narconon Evropa","url":"https:\/\/www.narconon.online\/","logo":{"@type":"ImageObject","inLanguage":"cs","@id":"https:\/\/www.narconon.online\/#\/schema\/logo\/image\/","url":"https:\/\/www.narconon.online\/wp-content\/uploads\/2025\/03\/Logo-Narconon-Europe-2.png","contentUrl":"https:\/\/www.narconon.online\/wp-content\/uploads\/2025\/03\/Logo-Narconon-Europe-2.png","width":2000,"height":707,"caption":"Narconon Europe"},"image":{"@id":"https:\/\/www.narconon.online\/#\/schema\/logo\/image\/"},"sameAs":["https:\/\/www.facebook.com\/narcononeu","https:\/\/x.com\/NARCONONEurope","https:\/\/www.instagram.com\/narconon.europe\/","https:\/\/www.youtube.com\/channel\/UCNUxvhoqZZCAxXCYO4K7MvA","https:\/\/www.tiktok.com\/@narconon.europe"]}]}},"_links":{"self":[{"href":"https:\/\/www.narconon.online\/cs\/wp-json\/wp\/v2\/pages\/6335","targetHints":{"allow":["GET"]}}],"collection":[{"href":"https:\/\/www.narconon.online\/cs\/wp-json\/wp\/v2\/pages"}],"about":[{"href":"https:\/\/www.narconon.online\/cs\/wp-json\/wp\/v2\/types\/page"}],"author":[{"embeddable":true,"href":"https:\/\/www.narconon.online\/cs\/wp-json\/wp\/v2\/users\/43"}],"replies":[{"embeddable":true,"href":"https:\/\/www.narconon.online\/cs\/wp-json\/wp\/v2\/comments?post=6335"}],"version-history":[{"count":13,"href":"https:\/\/www.narconon.online\/cs\/wp-json\/wp\/v2\/pages\/6335\/revisions"}],"predecessor-version":[{"id":6600,"href":"https:\/\/www.narconon.online\/cs\/wp-json\/wp\/v2\/pages\/6335\/revisions\/6600"}],"up":[{"embeddable":true,"href":"https:\/\/www.narconon.online\/cs\/wp-json\/wp\/v2\/pages\/5868"}],"wp:attachment":[{"href":"https:\/\/www.narconon.online\/cs\/wp-json\/wp\/v2\/media?parent=6335"}],"curies":[{"name":"wp","href":"https:\/\/api.w.org\/{rel}","templated":true}]}}