{"id":6324,"date":"2025-07-23T21:50:47","date_gmt":"2025-07-23T19:50:47","guid":{"rendered":"https:\/\/www.narconon.online\/?page_id=6324"},"modified":"2025-07-24T09:37:22","modified_gmt":"2025-07-24T07:37:22","slug":"co-je-to-trankvilizer","status":"publish","type":"page","link":"https:\/\/www.narconon.online\/cs\/glosar\/co-je-to-trankvilizer\/","title":{"rendered":"Co je Tranquilizers?"},"content":{"rendered":"<div data-elementor-type=\"wp-page\" data-elementor-id=\"6324\" class=\"elementor elementor-6324\" data-elementor-post-type=\"page\">\n\t\t\t\t<div class=\"elementor-element elementor-element-14d08559 e-flex e-con-boxed e-con e-parent\" data-id=\"14d08559\" data-element_type=\"container\" data-e-type=\"container\">\n\t\t\t\t\t<div class=\"e-con-inner\">\n\t\t<div class=\"elementor-element elementor-element-1cae676 e-grid e-con-full e-con e-child\" data-id=\"1cae676\" data-element_type=\"container\" data-e-type=\"container\">\n\t\t\t\t<div class=\"elementor-element elementor-element-ddfcbba elementor-widget elementor-widget-text-editor\" data-id=\"ddfcbba\" data-element_type=\"widget\" data-e-type=\"widget\" data-widget_type=\"text-editor.default\">\n\t\t\t\t<div class=\"elementor-widget-container\">\n\t\t\t\t\t\t\t\t\t<p data-start=\"319\" data-end=\"511\"><strong data-start=\"319\" data-end=\"418\">Trankviliz\u00e9ry jsou l\u00e9ky, kter\u00e9 zklid\u0148uj\u00ed nervov\u00fd syst\u00e9m a sni\u017euj\u00ed \u00fazkost, nap\u011bt\u00ed nebo rozru\u0161en\u00ed.<\/strong> Obvykle se p\u0159edepisuj\u00ed ke kr\u00e1tkodob\u00e9 \u00falev\u011b od <strong data-start=\"472\" data-end=\"511\">stres, nespavost nebo z\u00e1chvaty paniky.<\/strong><\/p>\n<p data-start=\"513\" data-end=\"793\">Existuj\u00ed dva hlavn\u00ed typy: <strong data-start=\"539\" data-end=\"579\">hlavn\u00ed trankviliz\u00e9ry (antipsychotika).<\/strong> a <strong data-start=\"584\" data-end=\"630\">lehk\u00e1 sedativa (jako benzodiazepiny).<\/strong>. Mezi b\u011b\u017en\u00e9 p\u0159\u00edklady pat\u0159\u00ed <strong data-start=\"656\" data-end=\"673\">Valium, Xanax<\/strong>a <strong data-start=\"679\" data-end=\"689\">Ativan<\/strong>. Tyto l\u00e9ky se \u010dasto u\u017e\u00edvaj\u00ed v <strong data-start=\"722\" data-end=\"746\">ve form\u011b tablet nebo kapsl\u00ed<\/strong>, n\u011bkdy jako injekce v klinick\u00e9m prost\u0159ed\u00ed.<\/p>\n<p data-start=\"795\" data-end=\"1010\">A\u010dkoli jsou trankviliz\u00e9ry u\u017eite\u010dn\u00e9, pokud jsou u\u017e\u00edv\u00e1ny podle pokyn\u016f, mohou se st\u00e1t <strong data-start=\"857\" data-end=\"877\">vysoce n\u00e1vykov\u00e9<\/strong> p\u0159i nespr\u00e1vn\u00e9m pou\u017eit\u00ed. Nadm\u011brn\u00e9 pou\u017e\u00edv\u00e1n\u00ed m\u016f\u017ee v\u00e9st k <strong data-start=\"910\" data-end=\"964\">nez\u0159eteln\u00e1 \u0159e\u010d, \u0161patn\u00e1 koordinace, probl\u00e9my s pam\u011bt\u00ed.<\/strong>a abstinen\u010dn\u00ed p\u0159\u00edznaky, pokud se n\u00e1hle p\u0159estane u\u017e\u00edvat.<\/p>\t\t\t\t\t\t\t\t<\/div>\n\t\t\t\t<\/div>\n\t\t\t\t<div class=\"elementor-element elementor-element-8f955ba elementor-widget elementor-widget-image\" data-id=\"8f955ba\" data-element_type=\"widget\" data-e-type=\"widget\" data-widget_type=\"image.default\">\n\t\t\t\t<div class=\"elementor-widget-container\">\n\t\t\t\t\t\t\t\t\t\t\t\t\t\t\t<img fetchpriority=\"high\" decoding=\"async\" width=\"1392\" height=\"752\" src=\"https:\/\/www.narconon.online\/wp-content\/uploads\/2025\/07\/freepik__a-prescription-bottle-labeled-xanax-spilling-oval-__43404.webp\" class=\"attachment-full size-full wp-image-6326\" alt=\"P\u0159evr\u00e1cen\u00e1 lahvi\u010dka Xanaxu s tabletami na uklidn\u011bn\u00ed na d\u0159ev\u011bn\u00e9m povrchu\" srcset=\"https:\/\/www.narconon.online\/wp-content\/uploads\/2025\/07\/freepik__a-prescription-bottle-labeled-xanax-spilling-oval-__43404.webp 1392w, https:\/\/www.narconon.online\/wp-content\/uploads\/2025\/07\/freepik__a-prescription-bottle-labeled-xanax-spilling-oval-__43404-300x162.webp 300w, https:\/\/www.narconon.online\/wp-content\/uploads\/2025\/07\/freepik__a-prescription-bottle-labeled-xanax-spilling-oval-__43404-1024x553.webp 1024w, https:\/\/www.narconon.online\/wp-content\/uploads\/2025\/07\/freepik__a-prescription-bottle-labeled-xanax-spilling-oval-__43404-768x415.webp 768w, https:\/\/www.narconon.online\/wp-content\/uploads\/2025\/07\/freepik__a-prescription-bottle-labeled-xanax-spilling-oval-__43404-18x10.webp 18w\" sizes=\"(max-width: 1392px) 100vw, 1392px\" \/>\t\t\t\t\t\t\t\t\t\t\t\t\t\t\t<\/div>\n\t\t\t\t<\/div>\n\t\t\t\t<\/div>\n\t\t\t\t\t<\/div>\n\t\t\t\t<\/div>\n\t\t<div class=\"elementor-element elementor-element-064fdba e-flex e-con-boxed e-con e-parent\" data-id=\"064fdba\" data-element_type=\"container\" data-e-type=\"container\">\n\t\t\t\t\t<div class=\"e-con-inner\">\n\t\t<div class=\"elementor-element elementor-element-ecec8f5 e-grid e-con-full e-con e-child\" data-id=\"ecec8f5\" data-element_type=\"container\" data-e-type=\"container\">\n\t\t\t\t<div class=\"elementor-element elementor-element-0f0e55c elementor-widget elementor-widget-text-editor\" data-id=\"0f0e55c\" data-element_type=\"widget\" data-e-type=\"widget\" data-widget_type=\"text-editor.default\">\n\t\t\t\t<div class=\"elementor-widget-container\">\n\t\t\t\t\t\t\t\t\t<h3 id=\"h-related-terms\" class=\"wp-block-heading\">\ud83e\udde0 Souvisej\u00edc\u00ed term\u00edny<\/h3>\n<ul data-spread=\"false\" data-pm-slice=\"3 3 []\">\n<li><a href=\"https:\/\/www.narconon.online\/cs\/glosar\/co-jsou-benzodiazepiny\/\">Benzodiazepiny<\/a><\/li>\n<li><a href=\"https:\/\/www.narconon.online\/cs\/glosar\/co-jsou-leky-na-predpis\/\">L\u00e9ky na p\u0159edpis<\/a><\/li>\n<li>\n<p><a href=\"https:\/\/www.narconon.online\/cs\/glosar\/co-jsou-to-depresiva\/\">Depresiva<\/a><\/p>\n<\/li>\n<li>\n<p><a href=\"https:\/\/www.narconon.online\/cs\/glosar\/\">Glos\u00e1\u0159 Rejst\u0159\u00edk<\/a><\/p>\n<\/li>\n<\/ul>\t\t\t\t\t\t\t\t<\/div>\n\t\t\t\t<\/div>\n\t\t\t\t<div class=\"elementor-element elementor-element-03e5102 elementor-widget elementor-widget-text-editor\" data-id=\"03e5102\" data-element_type=\"widget\" data-e-type=\"widget\" data-widget_type=\"text-editor.default\">\n\t\t\t\t<div class=\"elementor-widget-container\">\n\t\t\t\t\t\t\t\t\t<p id=\"h-related-terms\" class=\"wp-block-heading\">\ud83d\udc49 Zjist\u011bte v\u00edce o prevenci:<br \/><a class=\"\" href=\"https:\/\/www.narcononeurope.dk\/en\/drug-abuse\/\" target=\"_blank\" rel=\"noopener\">Narconon Evropa - Pomoc p\u0159i zneu\u017e\u00edv\u00e1n\u00ed drog<\/a><\/p>\n<p><!-- \/wp:list-item --><\/p>\n<p><!-- \/wp:list --><!-- wp:paragraph --><\/p>\n<p>\ud83d\udc49 Dal\u0161\u00ed vzd\u011bl\u00e1vac\u00ed obsah naleznete v na\u0161em <a class=\"\" href=\"https:\/\/www.narconon.online\/cs\/materialy-pro-protidrogovou-prevenci\/\">Materi\u00e1ly pro protidrogov\u00e9 vzd\u011bl\u00e1v\u00e1n\u00ed a prevenci<\/a><\/p>\t\t\t\t\t\t\t\t<\/div>\n\t\t\t\t<\/div>\n\t\t\t\t<\/div>\n\t\t\t\t<div class=\"elementor-element elementor-element-1497776 elementor-widget elementor-widget-heading\" data-id=\"1497776\" data-element_type=\"widget\" data-e-type=\"widget\" data-widget_type=\"heading.default\">\n\t\t\t\t<div class=\"elementor-widget-container\">\n\t\t\t\t\t<h2 class=\"elementor-heading-title elementor-size-default\">\u2753 \u010casto kladen\u00e9 ot\u00e1zky o trankviliz\u00e9rech<\/h2>\t\t\t\t<\/div>\n\t\t\t\t<\/div>\n\t\t\t\t<div class=\"elementor-element elementor-element-a24ee80 elementor-widget elementor-widget-text-editor\" data-id=\"a24ee80\" data-element_type=\"widget\" data-e-type=\"widget\" data-widget_type=\"text-editor.default\">\n\t\t\t\t<div class=\"elementor-widget-container\">\n\t\t\t\t\t\t\t\t\t<p data-start=\"1305\" data-end=\"1416\"><strong data-start=\"1305\" data-end=\"1343\">1. K \u010demu se pou\u017e\u00edvaj\u00ed trankviliz\u00e9ry?<\/strong><br data-start=\"1343\" data-end=\"1346\" \/>ke sn\u00ed\u017een\u00ed \u00fazkosti, l\u00e9\u010db\u011b nespavosti nebo zvl\u00e1d\u00e1n\u00ed poruch souvisej\u00edc\u00edch se stresem.<\/p>\n<p data-start=\"1418\" data-end=\"1526\"><strong data-start=\"1418\" data-end=\"1456\">2. Pro\u010d jsou trankviliz\u00e9ry nebezpe\u010dn\u00e9?<\/strong><br data-start=\"1456\" data-end=\"1459\" \/>M\u016f\u017ee v\u00e9st k z\u00e1vislosti, p\u0159ed\u00e1vkov\u00e1n\u00ed nebo z\u00e1va\u017en\u00fdm abstinen\u010dn\u00edm p\u0159\u00edznak\u016fm.<\/p>\n<p data-start=\"1528\" data-end=\"1628\"><strong data-start=\"1528\" data-end=\"1558\">3. Jak vypad\u00e1?<\/strong><br data-start=\"1558\" data-end=\"1561\" \/>\u010casto b\u00edl\u00e9 nebo barevn\u00e9 tablety nebo tobolky v lahvi\u010dk\u00e1ch na p\u0159edpis.<\/p>\n<p data-start=\"1630\" data-end=\"1757\"><strong data-start=\"1630\" data-end=\"1673\">4. M\u016f\u017ee si ji n\u011bkdo vz\u00edt, ani\u017e by o tom v\u011bd\u011bl?<\/strong><br data-start=\"1673\" data-end=\"1676\" \/>Ano, pokud jsou pilulky pod\u00e1v\u00e1ny bez jasn\u00e9ho vysv\u011btlen\u00ed nebo jsou p\u0159im\u00edch\u00e1ny do jin\u00fdch l\u00e1tek.<\/p>\n<p data-start=\"1759\" data-end=\"1900\"><strong data-start=\"1759\" data-end=\"1808\">5. Jak se vyhnout zneu\u017e\u00edv\u00e1n\u00ed sedativ?<\/strong><br data-start=\"1808\" data-end=\"1811\" \/>Pou\u017e\u00edvejte pouze na z\u00e1klad\u011b platn\u00e9ho l\u00e9ka\u0159sk\u00e9ho p\u0159edpisu, nem\u00edchejte s alkoholem a \u0159i\u010fte se doporu\u010den\u00edm l\u00e9ka\u0159e.<\/p>\t\t\t\t\t\t\t\t<\/div>\n\t\t\t\t<\/div>\n\t\t\t\t<div class=\"elementor-element elementor-element-3c88435 elementor-widget elementor-widget-html\" data-id=\"3c88435\" data-element_type=\"widget\" data-e-type=\"widget\" data-widget_type=\"html.default\">\n\t\t\t\t<div class=\"elementor-widget-container\">\n\t\t\t\t\t<script type=\"application\/ld+json\">{\n    \"@context\": \"https:\\\/\\\/schema.org\",\n    \"@type\": \"WebPage\",\n    \"name\": \"What is Tranquilizers?\",\n    \"url\": \"https:\\\/\\\/www.narconon.online\\\/glossary\\\/what-is-tranquilizers\\\/\",\n    \"description\": \"Tranquilizers are calming drugs often prescribed for anxiety or insomnia. Learn how they work, their risks, and how to prevent misuse.\",\n    \"datePublished\": \"2025-07-23\",\n    \"publisher\": {\n        \"@type\": \"Organization\",\n        \"name\": \"Narconon Europe\",\n        \"url\": \"https:\\\/\\\/www.narcononeurope.dk\"\n    },\n    \"mainEntity\": {\n        \"@type\": \"FAQPage\",\n        \"mainEntity\": [\n            {\n                \"@type\": \"Question\",\n                \"name\": \"What is tranquilizers used for?\",\n                \"acceptedAnswer\": {\n                    \"@type\": \"Answer\",\n                    \"text\": \"To reduce anxiety, treat insomnia, or manage stress-related disorders.\"\n                }\n            },\n            {\n                \"@type\": \"Question\",\n                \"name\": \"Why is tranquilizers dangerous?\",\n                \"acceptedAnswer\": {\n                    \"@type\": \"Answer\",\n                    \"text\": \"It can lead to dependence, overdose, or severe withdrawal symptoms.\"\n                }\n            },\n            {\n                \"@type\": \"Question\",\n                \"name\": \"What does it look like?\",\n                \"acceptedAnswer\": {\n                    \"@type\": \"Answer\",\n                    \"text\": \"Often white or colored tablets or capsules in prescription bottles.\"\n                }\n            },\n            {\n                \"@type\": \"Question\",\n                \"name\": \"Can someone take it without knowing?\",\n                \"acceptedAnswer\": {\n                    \"@type\": \"Answer\",\n                    \"text\": \"Yes, if pills are given without clear explanation or mixed into other substances.\"\n                }\n            },\n            {\n                \"@type\": \"Question\",\n                \"name\": \"How can someone avoid tranquilizer misuse?\",\n                \"acceptedAnswer\": {\n                    \"@type\": \"Answer\",\n                    \"text\": \"Use only with a valid prescription, avoid mixing with alcohol, and follow medical advice.\"\n                }\n            }\n        ]\n    }\n}<\/script>\r\n\t\t\t\t<\/div>\n\t\t\t\t<\/div>\n\t\t\t\t\t<\/div>\n\t\t\t\t<\/div>\n\t\t\t\t<\/div>","protected":false},"excerpt":{"rendered":"<p>Tranquilizers are drugs that calm the nervous system and reduce anxiety, tension, or agitation. They are usually prescribed for short-term [&hellip;]<\/p>","protected":false},"author":43,"featured_media":0,"parent":5868,"menu_order":0,"comment_status":"closed","ping_status":"closed","template":"","meta":{"_acf_changed":false,"site-sidebar-layout":"default","site-content-layout":"","ast-site-content-layout":"default","site-content-style":"default","site-sidebar-style":"default","ast-global-header-display":"","ast-banner-title-visibility":"","ast-main-header-display":"","ast-hfb-above-header-display":"","ast-hfb-below-header-display":"","ast-hfb-mobile-header-display":"","site-post-title":"","ast-breadcrumbs-content":"","ast-featured-img":"","footer-sml-layout":"","ast-disable-related-posts":"","theme-transparent-header-meta":"","adv-header-id-meta":"","stick-header-meta":"","header-above-stick-meta":"","header-main-stick-meta":"","header-below-stick-meta":"","astra-migrate-meta-layouts":"default","ast-page-background-enabled":"default","ast-page-background-meta":{"desktop":{"background-color":"var(--ast-global-color-5)","background-image":"","background-repeat":"repeat","background-position":"center center","background-size":"auto","background-attachment":"scroll","background-type":"","background-media":"","overlay-type":"","overlay-color":"","overlay-opacity":"","overlay-gradient":""},"tablet":{"background-color":"","background-image":"","background-repeat":"repeat","background-position":"center center","background-size":"auto","background-attachment":"scroll","background-type":"","background-media":"","overlay-type":"","overlay-color":"","overlay-opacity":"","overlay-gradient":""},"mobile":{"background-color":"","background-image":"","background-repeat":"repeat","background-position":"center center","background-size":"auto","background-attachment":"scroll","background-type":"","background-media":"","overlay-type":"","overlay-color":"","overlay-opacity":"","overlay-gradient":""}},"ast-content-background-meta":{"desktop":{"background-color":"var(--ast-global-color-4)","background-image":"","background-repeat":"repeat","background-position":"center center","background-size":"auto","background-attachment":"scroll","background-type":"","background-media":"","overlay-type":"","overlay-color":"","overlay-opacity":"","overlay-gradient":""},"tablet":{"background-color":"var(--ast-global-color-4)","background-image":"","background-repeat":"repeat","background-position":"center center","background-size":"auto","background-attachment":"scroll","background-type":"","background-media":"","overlay-type":"","overlay-color":"","overlay-opacity":"","overlay-gradient":""},"mobile":{"background-color":"var(--ast-global-color-4)","background-image":"","background-repeat":"repeat","background-position":"center center","background-size":"auto","background-attachment":"scroll","background-type":"","background-media":"","overlay-type":"","overlay-color":"","overlay-opacity":"","overlay-gradient":""}},"footnotes":""},"class_list":["post-6324","page","type-page","status-publish","hentry"],"acf":[],"yoast_head":"<!-- This site is optimized with the Yoast SEO Premium plugin v26.6 (Yoast SEO v26.6) - https:\/\/yoast.com\/wordpress\/plugins\/seo\/ -->\n<title>What Is Tranquilizers and How Do They Work<\/title>\n<meta name=\"description\" content=\"Tranquilizers are calming medications for anxiety or insomnia. Learn how they work and the risks of misuse.\" \/>\n<meta name=\"robots\" content=\"index, follow, max-snippet:-1, max-image-preview:large, max-video-preview:-1\" \/>\n<link rel=\"canonical\" href=\"https:\/\/www.narconon.online\/cs\/glosar\/co-je-to-trankvilizer\/\" \/>\n<meta property=\"og:locale\" content=\"cs_CZ\" \/>\n<meta property=\"og:type\" content=\"article\" \/>\n<meta property=\"og:title\" content=\"What is Tranquilizers?\" \/>\n<meta property=\"og:description\" content=\"Tranquilizers are calming medications for anxiety or insomnia. Learn how they work and the risks of misuse.\" \/>\n<meta property=\"og:url\" content=\"https:\/\/www.narconon.online\/cs\/glosar\/co-je-to-trankvilizer\/\" \/>\n<meta property=\"og:site_name\" content=\"Narconon Europe\" \/>\n<meta property=\"article:publisher\" content=\"https:\/\/www.facebook.com\/narcononeu\" \/>\n<meta property=\"article:modified_time\" content=\"2025-07-24T07:37:22+00:00\" \/>\n<meta property=\"og:image\" content=\"https:\/\/www.narconon.online\/wp-content\/uploads\/2025\/07\/freepik__a-prescription-bottle-labeled-xanax-spilling-oval-__43404.webp\" \/>\n\t<meta property=\"og:image:width\" content=\"1392\" \/>\n\t<meta property=\"og:image:height\" content=\"752\" \/>\n\t<meta property=\"og:image:type\" content=\"image\/webp\" \/>\n<meta name=\"twitter:card\" content=\"summary_large_image\" \/>\n<meta name=\"twitter:site\" content=\"@NARCONONEurope\" \/>\n<meta name=\"twitter:label1\" content=\"Odhadovan\u00e1 doba \u010dten\u00ed\" \/>\n\t<meta name=\"twitter:data1\" content=\"2 minuty\" \/>\n<script type=\"application\/ld+json\" class=\"yoast-schema-graph\">{\"@context\":\"https:\/\/schema.org\",\"@graph\":[{\"@type\":\"WebPage\",\"@id\":\"https:\/\/www.narconon.online\/glossary\/what-is-tranquilizers\/\",\"url\":\"https:\/\/www.narconon.online\/glossary\/what-is-tranquilizers\/\",\"name\":\"What Is Tranquilizers and How Do They Work\",\"isPartOf\":{\"@id\":\"https:\/\/www.narconon.online\/#website\"},\"primaryImageOfPage\":{\"@id\":\"https:\/\/www.narconon.online\/glossary\/what-is-tranquilizers\/#primaryimage\"},\"image\":{\"@id\":\"https:\/\/www.narconon.online\/glossary\/what-is-tranquilizers\/#primaryimage\"},\"thumbnailUrl\":\"https:\/\/www.narconon.online\/wp-content\/uploads\/2025\/07\/freepik__a-prescription-bottle-labeled-xanax-spilling-oval-__43404.webp\",\"datePublished\":\"2025-07-23T19:50:47+00:00\",\"dateModified\":\"2025-07-24T07:37:22+00:00\",\"description\":\"Tranquilizers are calming medications for anxiety or insomnia. Learn how they work and the risks of misuse.\",\"breadcrumb\":{\"@id\":\"https:\/\/www.narconon.online\/glossary\/what-is-tranquilizers\/#breadcrumb\"},\"inLanguage\":\"cs\",\"potentialAction\":[{\"@type\":\"ReadAction\",\"target\":[\"https:\/\/www.narconon.online\/glossary\/what-is-tranquilizers\/\"]}]},{\"@type\":\"ImageObject\",\"inLanguage\":\"cs\",\"@id\":\"https:\/\/www.narconon.online\/glossary\/what-is-tranquilizers\/#primaryimage\",\"url\":\"https:\/\/www.narconon.online\/wp-content\/uploads\/2025\/07\/freepik__a-prescription-bottle-labeled-xanax-spilling-oval-__43404.webp\",\"contentUrl\":\"https:\/\/www.narconon.online\/wp-content\/uploads\/2025\/07\/freepik__a-prescription-bottle-labeled-xanax-spilling-oval-__43404.webp\"},{\"@type\":\"BreadcrumbList\",\"@id\":\"https:\/\/www.narconon.online\/glossary\/what-is-tranquilizers\/#breadcrumb\",\"itemListElement\":[{\"@type\":\"ListItem\",\"position\":1,\"name\":\"Home\",\"item\":\"https:\/\/www.narconon.online\/\"},{\"@type\":\"ListItem\",\"position\":2,\"name\":\"Glossary of Drug Terms and Definitions\",\"item\":\"https:\/\/www.narconon.online\/glossary\/\"},{\"@type\":\"ListItem\",\"position\":3,\"name\":\"What is Tranquilizers?\"}]},{\"@type\":\"WebSite\",\"@id\":\"https:\/\/www.narconon.online\/#website\",\"url\":\"https:\/\/www.narconon.online\/\",\"name\":\"Narconon Europe\",\"description\":\"Drug Free For Good\",\"publisher\":{\"@id\":\"https:\/\/www.narconon.online\/#organization\"},\"potentialAction\":[{\"@type\":\"SearchAction\",\"target\":{\"@type\":\"EntryPoint\",\"urlTemplate\":\"https:\/\/www.narconon.online\/?s={search_term_string}\"},\"query-input\":{\"@type\":\"PropertyValueSpecification\",\"valueRequired\":true,\"valueName\":\"search_term_string\"}}],\"inLanguage\":\"cs\"},{\"@type\":\"Organization\",\"@id\":\"https:\/\/www.narconon.online\/#organization\",\"name\":\"Narconon Europe\",\"url\":\"https:\/\/www.narconon.online\/\",\"logo\":{\"@type\":\"ImageObject\",\"inLanguage\":\"cs\",\"@id\":\"https:\/\/www.narconon.online\/#\/schema\/logo\/image\/\",\"url\":\"https:\/\/www.narconon.online\/wp-content\/uploads\/2025\/03\/Logo-Narconon-Europe-2.png\",\"contentUrl\":\"https:\/\/www.narconon.online\/wp-content\/uploads\/2025\/03\/Logo-Narconon-Europe-2.png\",\"width\":2000,\"height\":707,\"caption\":\"Narconon Europe\"},\"image\":{\"@id\":\"https:\/\/www.narconon.online\/#\/schema\/logo\/image\/\"},\"sameAs\":[\"https:\/\/www.facebook.com\/narcononeu\",\"https:\/\/x.com\/NARCONONEurope\",\"https:\/\/www.instagram.com\/narconon.europe\/\",\"https:\/\/www.youtube.com\/channel\/UCNUxvhoqZZCAxXCYO4K7MvA\",\"https:\/\/www.tiktok.com\/@narconon.europe\"]}]}<\/script>\n<!-- \/ Yoast SEO Premium plugin. -->","yoast_head_json":{"title":"Co je trankviliz\u00e9r a jak funguje","description":"Trankviliz\u00e9ry jsou l\u00e9ky na uklidn\u011bn\u00ed p\u0159i \u00fazkosti nebo nespavosti. P\u0159e\u010dt\u011bte si, jak funguj\u00ed a jak\u00e1 jsou rizika jejich zneu\u017eit\u00ed.","robots":{"index":"index","follow":"follow","max-snippet":"max-snippet:-1","max-image-preview":"max-image-preview:large","max-video-preview":"max-video-preview:-1"},"canonical":"https:\/\/www.narconon.online\/cs\/glosar\/co-je-to-trankvilizer\/","og_locale":"cs_CZ","og_type":"article","og_title":"What is Tranquilizers?","og_description":"Tranquilizers are calming medications for anxiety or insomnia. Learn how they work and the risks of misuse.","og_url":"https:\/\/www.narconon.online\/cs\/glosar\/co-je-to-trankvilizer\/","og_site_name":"Narconon Europe","article_publisher":"https:\/\/www.facebook.com\/narcononeu","article_modified_time":"2025-07-24T07:37:22+00:00","og_image":[{"width":1392,"height":752,"url":"https:\/\/www.narconon.online\/wp-content\/uploads\/2025\/07\/freepik__a-prescription-bottle-labeled-xanax-spilling-oval-__43404.webp","type":"image\/webp"}],"twitter_card":"summary_large_image","twitter_site":"@NARCONONEurope","twitter_misc":{"Odhadovan\u00e1 doba \u010dten\u00ed":"2 minuty"},"schema":{"@context":"https:\/\/schema.org","@graph":[{"@type":"WebPage","@id":"https:\/\/www.narconon.online\/glossary\/what-is-tranquilizers\/","url":"https:\/\/www.narconon.online\/glossary\/what-is-tranquilizers\/","name":"Co je trankviliz\u00e9r a jak funguje","isPartOf":{"@id":"https:\/\/www.narconon.online\/#website"},"primaryImageOfPage":{"@id":"https:\/\/www.narconon.online\/glossary\/what-is-tranquilizers\/#primaryimage"},"image":{"@id":"https:\/\/www.narconon.online\/glossary\/what-is-tranquilizers\/#primaryimage"},"thumbnailUrl":"https:\/\/www.narconon.online\/wp-content\/uploads\/2025\/07\/freepik__a-prescription-bottle-labeled-xanax-spilling-oval-__43404.webp","datePublished":"2025-07-23T19:50:47+00:00","dateModified":"2025-07-24T07:37:22+00:00","description":"Trankviliz\u00e9ry jsou l\u00e9ky na uklidn\u011bn\u00ed p\u0159i \u00fazkosti nebo nespavosti. P\u0159e\u010dt\u011bte si, jak funguj\u00ed a jak\u00e1 jsou rizika jejich zneu\u017eit\u00ed.","breadcrumb":{"@id":"https:\/\/www.narconon.online\/glossary\/what-is-tranquilizers\/#breadcrumb"},"inLanguage":"cs","potentialAction":[{"@type":"ReadAction","target":["https:\/\/www.narconon.online\/glossary\/what-is-tranquilizers\/"]}]},{"@type":"ImageObject","inLanguage":"cs","@id":"https:\/\/www.narconon.online\/glossary\/what-is-tranquilizers\/#primaryimage","url":"https:\/\/www.narconon.online\/wp-content\/uploads\/2025\/07\/freepik__a-prescription-bottle-labeled-xanax-spilling-oval-__43404.webp","contentUrl":"https:\/\/www.narconon.online\/wp-content\/uploads\/2025\/07\/freepik__a-prescription-bottle-labeled-xanax-spilling-oval-__43404.webp"},{"@type":"BreadcrumbList","@id":"https:\/\/www.narconon.online\/glossary\/what-is-tranquilizers\/#breadcrumb","itemListElement":[{"@type":"ListItem","position":1,"name":"Home","item":"https:\/\/www.narconon.online\/"},{"@type":"ListItem","position":2,"name":"Glossary of Drug Terms and Definitions","item":"https:\/\/www.narconon.online\/glossary\/"},{"@type":"ListItem","position":3,"name":"What is Tranquilizers?"}]},{"@type":"WebSite","@id":"https:\/\/www.narconon.online\/#website","url":"https:\/\/www.narconon.online\/","name":"Narconon Evropa","description":"Bez drog napo\u0159\u00e1d","publisher":{"@id":"https:\/\/www.narconon.online\/#organization"},"potentialAction":[{"@type":"SearchAction","target":{"@type":"EntryPoint","urlTemplate":"https:\/\/www.narconon.online\/?s={search_term_string}"},"query-input":{"@type":"PropertyValueSpecification","valueRequired":true,"valueName":"search_term_string"}}],"inLanguage":"cs"},{"@type":"Organization","@id":"https:\/\/www.narconon.online\/#organization","name":"Narconon Evropa","url":"https:\/\/www.narconon.online\/","logo":{"@type":"ImageObject","inLanguage":"cs","@id":"https:\/\/www.narconon.online\/#\/schema\/logo\/image\/","url":"https:\/\/www.narconon.online\/wp-content\/uploads\/2025\/03\/Logo-Narconon-Europe-2.png","contentUrl":"https:\/\/www.narconon.online\/wp-content\/uploads\/2025\/03\/Logo-Narconon-Europe-2.png","width":2000,"height":707,"caption":"Narconon Europe"},"image":{"@id":"https:\/\/www.narconon.online\/#\/schema\/logo\/image\/"},"sameAs":["https:\/\/www.facebook.com\/narcononeu","https:\/\/x.com\/NARCONONEurope","https:\/\/www.instagram.com\/narconon.europe\/","https:\/\/www.youtube.com\/channel\/UCNUxvhoqZZCAxXCYO4K7MvA","https:\/\/www.tiktok.com\/@narconon.europe"]}]}},"_links":{"self":[{"href":"https:\/\/www.narconon.online\/cs\/wp-json\/wp\/v2\/pages\/6324","targetHints":{"allow":["GET"]}}],"collection":[{"href":"https:\/\/www.narconon.online\/cs\/wp-json\/wp\/v2\/pages"}],"about":[{"href":"https:\/\/www.narconon.online\/cs\/wp-json\/wp\/v2\/types\/page"}],"author":[{"embeddable":true,"href":"https:\/\/www.narconon.online\/cs\/wp-json\/wp\/v2\/users\/43"}],"replies":[{"embeddable":true,"href":"https:\/\/www.narconon.online\/cs\/wp-json\/wp\/v2\/comments?post=6324"}],"version-history":[{"count":13,"href":"https:\/\/www.narconon.online\/cs\/wp-json\/wp\/v2\/pages\/6324\/revisions"}],"predecessor-version":[{"id":6457,"href":"https:\/\/www.narconon.online\/cs\/wp-json\/wp\/v2\/pages\/6324\/revisions\/6457"}],"up":[{"embeddable":true,"href":"https:\/\/www.narconon.online\/cs\/wp-json\/wp\/v2\/pages\/5868"}],"wp:attachment":[{"href":"https:\/\/www.narconon.online\/cs\/wp-json\/wp\/v2\/media?parent=6324"}],"curies":[{"name":"wp","href":"https:\/\/api.w.org\/{rel}","templated":true}]}}