{"id":6290,"date":"2025-07-23T21:14:56","date_gmt":"2025-07-23T19:14:56","guid":{"rendered":"https:\/\/www.narconon.online\/?page_id=6290"},"modified":"2025-07-24T16:27:31","modified_gmt":"2025-07-24T14:27:31","slug":"co-jsou-leky-na-predpis","status":"publish","type":"page","link":"https:\/\/www.narconon.online\/cs\/glosar\/co-jsou-leky-na-predpis\/","title":{"rendered":"Co jsou to l\u00e9ky na p\u0159edpis?"},"content":{"rendered":"<div data-elementor-type=\"wp-page\" data-elementor-id=\"6290\" class=\"elementor elementor-6290\" data-elementor-post-type=\"page\">\n\t\t\t\t<div class=\"elementor-element elementor-element-14d08559 e-flex e-con-boxed e-con e-parent\" data-id=\"14d08559\" data-element_type=\"container\" data-e-type=\"container\">\n\t\t\t\t\t<div class=\"e-con-inner\">\n\t\t<div class=\"elementor-element elementor-element-1cae676 e-grid e-con-full e-con e-child\" data-id=\"1cae676\" data-element_type=\"container\" data-e-type=\"container\">\n\t\t\t\t<div class=\"elementor-element elementor-element-ddfcbba elementor-widget elementor-widget-text-editor\" data-id=\"ddfcbba\" data-element_type=\"widget\" data-e-type=\"widget\" data-widget_type=\"text-editor.default\">\n\t\t\t\t<div class=\"elementor-widget-container\">\n\t\t\t\t\t\t\t\t\t<p data-start=\"344\" data-end=\"569\"><strong data-start=\"344\" data-end=\"400\">L\u00e9ky na p\u0159edpis jsou l\u00e9ky, kter\u00e9 pod\u00e1v\u00e1 l\u00e9ka\u0159.<\/strong> k l\u00e9\u010db\u011b konkr\u00e9tn\u00edch zdravotn\u00edch stav\u016f. Mezi tyto l\u00e9ky pat\u0159\u00ed <strong data-start=\"458\" data-end=\"513\">l\u00e9ky proti bolesti, antibiotika, sedativa a stimulanty.<\/strong>a mus\u00ed se u\u017e\u00edvat na l\u00e9ka\u0159sk\u00fd p\u0159edpis.<\/p>\n<p data-start=\"571\" data-end=\"823\">I kdy\u017e jsou l\u00e9ky na p\u0159edpis p\u0159i spr\u00e1vn\u00e9m u\u017e\u00edv\u00e1n\u00ed u\u017eite\u010dn\u00e9, mohou b\u00fdt <strong data-start=\"630\" data-end=\"676\">zneu\u017e\u00edv\u00e1ny k z\u00edsk\u00e1n\u00ed drog nebo zv\u00fd\u0161en\u00ed v\u00fdkonu<\/strong>. Zneu\u017e\u00edv\u00e1n\u00ed zahrnuje u\u017e\u00edv\u00e1n\u00ed ciz\u00edch tablet, u\u017e\u00edv\u00e1n\u00ed p\u0159\u00edli\u0161 velk\u00e9ho mno\u017estv\u00ed nebo u\u017e\u00edv\u00e1n\u00ed l\u00e9ku jinak, ne\u017e je p\u0159edeps\u00e1no (nap\u0159. drcen\u00ed a \u0161\u0148up\u00e1n\u00ed tablet).<\/p>\n<p data-start=\"825\" data-end=\"1039\">Tento druh zneu\u017eit\u00ed m\u016f\u017ee v\u00e9st k <strong data-start=\"857\" data-end=\"908\">z\u00e1vislost, p\u0159ed\u00e1vkov\u00e1n\u00ed nebo v\u00e1\u017en\u00e9 zdravotn\u00ed probl\u00e9my.<\/strong>. Mezi nej\u010dast\u011bji zneu\u017e\u00edvan\u00e9 l\u00e9ky na p\u0159edpis pat\u0159\u00ed <strong data-start=\"954\" data-end=\"1039\">opioidy (nap\u0159. oxykodon), stimulancia (nap\u0159. Adderall) a sedativa (nap\u0159. Xanax).<\/strong><\/p>\t\t\t\t\t\t\t\t<\/div>\n\t\t\t\t<\/div>\n\t\t\t\t<div class=\"elementor-element elementor-element-8f955ba elementor-widget elementor-widget-image\" data-id=\"8f955ba\" data-element_type=\"widget\" data-e-type=\"widget\" data-widget_type=\"image.default\">\n\t\t\t\t<div class=\"elementor-widget-container\">\n\t\t\t\t\t\t\t\t\t\t\t\t\t\t\t<img fetchpriority=\"high\" decoding=\"async\" width=\"1392\" height=\"752\" src=\"https:\/\/www.narconon.online\/wp-content\/uploads\/2025\/07\/freepik__a-countertop-with-several-prescription-pill-bottle__82511.webp\" class=\"attachment-full size-full wp-image-6293\" alt=\"N\u011bkolik lahvi\u010dek s rozsypan\u00fdmi tabletami s r\u016fzn\u00fdmi l\u00e9ky a \u0161t\u00edtky na pracovn\u00ed desce\" srcset=\"https:\/\/www.narconon.online\/wp-content\/uploads\/2025\/07\/freepik__a-countertop-with-several-prescription-pill-bottle__82511.webp 1392w, https:\/\/www.narconon.online\/wp-content\/uploads\/2025\/07\/freepik__a-countertop-with-several-prescription-pill-bottle__82511-300x162.webp 300w, https:\/\/www.narconon.online\/wp-content\/uploads\/2025\/07\/freepik__a-countertop-with-several-prescription-pill-bottle__82511-1024x553.webp 1024w, https:\/\/www.narconon.online\/wp-content\/uploads\/2025\/07\/freepik__a-countertop-with-several-prescription-pill-bottle__82511-768x415.webp 768w, https:\/\/www.narconon.online\/wp-content\/uploads\/2025\/07\/freepik__a-countertop-with-several-prescription-pill-bottle__82511-18x10.webp 18w\" sizes=\"(max-width: 1392px) 100vw, 1392px\" \/>\t\t\t\t\t\t\t\t\t\t\t\t\t\t\t<\/div>\n\t\t\t\t<\/div>\n\t\t\t\t<\/div>\n\t\t\t\t\t<\/div>\n\t\t\t\t<\/div>\n\t\t<div class=\"elementor-element elementor-element-064fdba e-flex e-con-boxed e-con e-parent\" data-id=\"064fdba\" data-element_type=\"container\" data-e-type=\"container\">\n\t\t\t\t\t<div class=\"e-con-inner\">\n\t\t<div class=\"elementor-element elementor-element-ecec8f5 e-grid e-con-full e-con e-child\" data-id=\"ecec8f5\" data-element_type=\"container\" data-e-type=\"container\">\n\t\t\t\t<div class=\"elementor-element elementor-element-0f0e55c elementor-widget elementor-widget-text-editor\" data-id=\"0f0e55c\" data-element_type=\"widget\" data-e-type=\"widget\" data-widget_type=\"text-editor.default\">\n\t\t\t\t<div class=\"elementor-widget-container\">\n\t\t\t\t\t\t\t\t\t<h3 id=\"h-related-terms\" class=\"wp-block-heading\">\ud83e\udde0 Souvisej\u00edc\u00ed term\u00edny<\/h3>\n<ul data-spread=\"false\" data-pm-slice=\"3 3 []\">\n<li><a href=\"https:\/\/www.narconon.online\/cs\/glosar\/co-je-xanax\/\">Xanax<\/a><\/li>\n<li>\n<p><a href=\"https:\/\/www.narconon.online\/cs\/glosar\/co-je-fentanyl\/\">Fentanyl<\/a><\/p>\n<\/li>\n<li><a href=\"https:\/\/www.narconon.online\/cs\/glosar\/co-je-subutex\/\">Subutex<\/a><\/li>\n<li>\n<p><a href=\"https:\/\/www.narconon.online\/cs\/glosar\/\">Glos\u00e1\u0159 Rejst\u0159\u00edk<\/a><\/p>\n<\/li>\n<\/ul>\t\t\t\t\t\t\t\t<\/div>\n\t\t\t\t<\/div>\n\t\t\t\t<div class=\"elementor-element elementor-element-03e5102 elementor-widget elementor-widget-text-editor\" data-id=\"03e5102\" data-element_type=\"widget\" data-e-type=\"widget\" data-widget_type=\"text-editor.default\">\n\t\t\t\t<div class=\"elementor-widget-container\">\n\t\t\t\t\t\t\t\t\t<p id=\"h-related-terms\" class=\"wp-block-heading\">\ud83d\udc49 Zjist\u011bte v\u00edce o prevenci:<br \/><a class=\"\" href=\"https:\/\/www.narcononeurope.dk\/en\/drug-abuse\/\" target=\"_blank\" rel=\"noopener\">Narconon Evropa - Pomoc p\u0159i zneu\u017e\u00edv\u00e1n\u00ed drog<\/a><\/p>\n<p><!-- \/wp:list-item --><\/p>\n<p><!-- \/wp:list --><!-- wp:paragraph --><\/p>\n<p>\ud83d\udc49 Dal\u0161\u00ed vzd\u011bl\u00e1vac\u00ed obsah naleznete v na\u0161em <a class=\"\" href=\"https:\/\/www.narconon.online\/cs\/materialy-pro-protidrogovou-prevenci\/\">Materi\u00e1ly pro protidrogov\u00e9 vzd\u011bl\u00e1v\u00e1n\u00ed a prevenci<\/a><\/p>\t\t\t\t\t\t\t\t<\/div>\n\t\t\t\t<\/div>\n\t\t\t\t<\/div>\n\t\t\t\t<div class=\"elementor-element elementor-element-1497776 elementor-widget elementor-widget-heading\" data-id=\"1497776\" data-element_type=\"widget\" data-e-type=\"widget\" data-widget_type=\"heading.default\">\n\t\t\t\t<div class=\"elementor-widget-container\">\n\t\t\t\t\t<h2 class=\"elementor-heading-title elementor-size-default\">\u2753 \u010casto kladen\u00e9 ot\u00e1zky o l\u00e9c\u00edch na p\u0159edpis<\/h2>\t\t\t\t<\/div>\n\t\t\t\t<\/div>\n\t\t\t\t<div class=\"elementor-element elementor-element-a24ee80 elementor-widget elementor-widget-text-editor\" data-id=\"a24ee80\" data-element_type=\"widget\" data-e-type=\"widget\" data-widget_type=\"text-editor.default\">\n\t\t\t\t<div class=\"elementor-widget-container\">\n\t\t\t\t\t\t\t\t\t<p data-start=\"1323\" data-end=\"1473\"><strong data-start=\"1323\" data-end=\"1366\">1. K \u010demu se pou\u017e\u00edvaj\u00ed l\u00e9ky na p\u0159edpis?<\/strong><br data-start=\"1366\" data-end=\"1369\" \/>Pou\u017e\u00edvaj\u00ed se k l\u00e9\u010db\u011b bolesti, \u00fazkosti, infekc\u00ed a dal\u0161\u00edch zdravotn\u00edch stav\u016f pod dohledem l\u00e9ka\u0159e.<\/p>\n<p data-start=\"1475\" data-end=\"1587\"><strong data-start=\"1475\" data-end=\"1518\">2. Pro\u010d jsou l\u00e9ky na p\u0159edpis nebezpe\u010dn\u00e9?<\/strong><br data-start=\"1518\" data-end=\"1521\" \/>P\u0159i zneu\u017eit\u00ed mohou v\u00e9st k z\u00e1vislosti, po\u0161kozen\u00ed org\u00e1n\u016f nebo p\u0159ed\u00e1vkov\u00e1n\u00ed.<\/p>\n<p data-start=\"1589\" data-end=\"1738\"><strong data-start=\"1589\" data-end=\"1619\">3. Jak vypad\u00e1?<\/strong><br data-start=\"1619\" data-end=\"1622\" \/>L\u00e9ky na p\u0159edpis se dod\u00e1vaj\u00ed v lahvi\u010dk\u00e1ch, blistrech nebo lahvi\u010dk\u00e1ch, \u010dasto s etiketami s d\u00e1vkov\u00e1n\u00edm a jm\u00e9nem pacienta.<\/p>\n<p data-start=\"1740\" data-end=\"1864\"><strong data-start=\"1740\" data-end=\"1783\">4. M\u016f\u017ee si ji n\u011bkdo vz\u00edt, ani\u017e by o tom v\u011bd\u011bl?<\/strong><br data-start=\"1783\" data-end=\"1786\" \/>Ano, pilulky mohou b\u00fdt sd\u00edlen\u00e9 nebo zamaskovan\u00e9 a d\u011bti si je mohou vz\u00edt omylem.<\/p>\n<p data-start=\"1866\" data-end=\"2002\"><strong data-start=\"1866\" data-end=\"1902\">5. Jak m\u016f\u017ee n\u011bkdo zabr\u00e1nit zneu\u017eit\u00ed?<\/strong><br data-start=\"1902\" data-end=\"1905\" \/>Pou\u017e\u00edvejte pouze l\u00e9ky, kter\u00e9 m\u00e1te p\u0159edepsan\u00e9, bezpe\u010dn\u011b je uchov\u00e1vejte a nepou\u017eit\u00e9 tablety \u0159\u00e1dn\u011b zlikvidujte.<\/p>\t\t\t\t\t\t\t\t<\/div>\n\t\t\t\t<\/div>\n\t\t\t\t<div class=\"elementor-element elementor-element-3c88435 elementor-widget elementor-widget-html\" data-id=\"3c88435\" data-element_type=\"widget\" data-e-type=\"widget\" data-widget_type=\"html.default\">\n\t\t\t\t<div class=\"elementor-widget-container\">\n\t\t\t\t\t<script type=\"application\/ld+json\">{\n    \"@context\": \"https:\\\/\\\/schema.org\",\n    \"@type\": \"WebPage\",\n    \"name\": \"What is Prescription Drugs?\",\n    \"url\": \"https:\\\/\\\/www.narconon.online\\\/glossary\\\/what-is-prescription-drugs\\\/\",\n    \"description\": \"Prescription drugs are medications given by doctors to treat illness. Learn how they\\u2019re used, misused, and the risks of abuse or overdose.\",\n    \"datePublished\": \"2025-07-23\",\n    \"publisher\": {\n        \"@type\": \"Organization\",\n        \"name\": \"Narconon Europe\",\n        \"url\": \"https:\\\/\\\/www.narcononeurope.dk\"\n    },\n    \"mainEntity\": {\n        \"@type\": \"FAQPage\",\n        \"mainEntity\": [\n            {\n                \"@type\": \"Question\",\n                \"name\": \"What is prescription drugs used for?\",\n                \"acceptedAnswer\": {\n                    \"@type\": \"Answer\",\n                    \"text\": \"They are used to treat pain, anxiety, infections, and other medical conditions under doctor supervision.\"\n                }\n            },\n            {\n                \"@type\": \"Question\",\n                \"name\": \"Why is prescription drugs dangerous?\",\n                \"acceptedAnswer\": {\n                    \"@type\": \"Answer\",\n                    \"text\": \"If misused, they can lead to addiction, organ damage, or overdose.\"\n                }\n            },\n            {\n                \"@type\": \"Question\",\n                \"name\": \"What does it look like?\",\n                \"acceptedAnswer\": {\n                    \"@type\": \"Answer\",\n                    \"text\": \"Prescription drugs come in pill bottles, blister packs, or vials, often with labels showing dosage and patient name.\"\n                }\n            },\n            {\n                \"@type\": \"Question\",\n                \"name\": \"Can someone take it without knowing?\",\n                \"acceptedAnswer\": {\n                    \"@type\": \"Answer\",\n                    \"text\": \"Yes, pills may be shared or disguised, and children may take them by accident.\"\n                }\n            },\n            {\n                \"@type\": \"Question\",\n                \"name\": \"How can someone avoid misuse?\",\n                \"acceptedAnswer\": {\n                    \"@type\": \"Answer\",\n                    \"text\": \"Only use medications prescribed for you, store them safely, and dispose of unused pills properly.\"\n                }\n            }\n        ]\n    }\n}<\/script>\r\n\t\t\t\t<\/div>\n\t\t\t\t<\/div>\n\t\t\t\t\t<\/div>\n\t\t\t\t<\/div>\n\t\t\t\t<\/div>","protected":false},"excerpt":{"rendered":"<p>Prescription drugs are medications given by a doctor to treat specific health conditions. These drugs include painkillers, antibiotics, sedatives, and [&hellip;]<\/p>","protected":false},"author":43,"featured_media":0,"parent":5868,"menu_order":0,"comment_status":"closed","ping_status":"closed","template":"","meta":{"_acf_changed":false,"site-sidebar-layout":"default","site-content-layout":"","ast-site-content-layout":"default","site-content-style":"default","site-sidebar-style":"default","ast-global-header-display":"","ast-banner-title-visibility":"","ast-main-header-display":"","ast-hfb-above-header-display":"","ast-hfb-below-header-display":"","ast-hfb-mobile-header-display":"","site-post-title":"","ast-breadcrumbs-content":"","ast-featured-img":"","footer-sml-layout":"","ast-disable-related-posts":"","theme-transparent-header-meta":"","adv-header-id-meta":"","stick-header-meta":"","header-above-stick-meta":"","header-main-stick-meta":"","header-below-stick-meta":"","astra-migrate-meta-layouts":"default","ast-page-background-enabled":"default","ast-page-background-meta":{"desktop":{"background-color":"var(--ast-global-color-5)","background-image":"","background-repeat":"repeat","background-position":"center center","background-size":"auto","background-attachment":"scroll","background-type":"","background-media":"","overlay-type":"","overlay-color":"","overlay-opacity":"","overlay-gradient":""},"tablet":{"background-color":"","background-image":"","background-repeat":"repeat","background-position":"center center","background-size":"auto","background-attachment":"scroll","background-type":"","background-media":"","overlay-type":"","overlay-color":"","overlay-opacity":"","overlay-gradient":""},"mobile":{"background-color":"","background-image":"","background-repeat":"repeat","background-position":"center center","background-size":"auto","background-attachment":"scroll","background-type":"","background-media":"","overlay-type":"","overlay-color":"","overlay-opacity":"","overlay-gradient":""}},"ast-content-background-meta":{"desktop":{"background-color":"var(--ast-global-color-4)","background-image":"","background-repeat":"repeat","background-position":"center center","background-size":"auto","background-attachment":"scroll","background-type":"","background-media":"","overlay-type":"","overlay-color":"","overlay-opacity":"","overlay-gradient":""},"tablet":{"background-color":"var(--ast-global-color-4)","background-image":"","background-repeat":"repeat","background-position":"center center","background-size":"auto","background-attachment":"scroll","background-type":"","background-media":"","overlay-type":"","overlay-color":"","overlay-opacity":"","overlay-gradient":""},"mobile":{"background-color":"var(--ast-global-color-4)","background-image":"","background-repeat":"repeat","background-position":"center center","background-size":"auto","background-attachment":"scroll","background-type":"","background-media":"","overlay-type":"","overlay-color":"","overlay-opacity":"","overlay-gradient":""}},"footnotes":""},"class_list":["post-6290","page","type-page","status-publish","hentry"],"acf":[],"yoast_head":"<!-- This site is optimized with the Yoast SEO Premium plugin v26.6 (Yoast SEO v26.6) - https:\/\/yoast.com\/wordpress\/plugins\/seo\/ -->\n<title>What is Prescription Drugs: Understanding Misuse<\/title>\n<meta name=\"description\" content=\"Explore what prescription drugs are and learn about their uses, benefits, and risks associated with misuse and addiction.\" \/>\n<meta name=\"robots\" content=\"index, follow, max-snippet:-1, max-image-preview:large, max-video-preview:-1\" \/>\n<link rel=\"canonical\" href=\"https:\/\/www.narconon.online\/cs\/glosar\/co-jsou-leky-na-predpis\/\" \/>\n<meta property=\"og:locale\" content=\"cs_CZ\" \/>\n<meta property=\"og:type\" content=\"article\" \/>\n<meta property=\"og:title\" content=\"What is Prescription Drugs?\" \/>\n<meta property=\"og:description\" content=\"Explore what prescription drugs are and learn about their uses, benefits, and risks associated with misuse and addiction.\" \/>\n<meta property=\"og:url\" content=\"https:\/\/www.narconon.online\/cs\/glosar\/co-jsou-leky-na-predpis\/\" \/>\n<meta property=\"og:site_name\" content=\"Narconon Europe\" \/>\n<meta property=\"article:publisher\" content=\"https:\/\/www.facebook.com\/narcononeu\" \/>\n<meta property=\"article:modified_time\" content=\"2025-07-24T14:27:31+00:00\" \/>\n<meta property=\"og:image\" content=\"https:\/\/www.narconon.online\/wp-content\/uploads\/2025\/07\/freepik__a-countertop-with-several-prescription-pill-bottle__82511.webp\" \/>\n\t<meta property=\"og:image:width\" content=\"1392\" \/>\n\t<meta property=\"og:image:height\" content=\"752\" \/>\n\t<meta property=\"og:image:type\" content=\"image\/webp\" \/>\n<meta name=\"twitter:card\" content=\"summary_large_image\" \/>\n<meta name=\"twitter:site\" content=\"@NARCONONEurope\" \/>\n<meta name=\"twitter:label1\" content=\"Odhadovan\u00e1 doba \u010dten\u00ed\" \/>\n\t<meta name=\"twitter:data1\" content=\"2 minuty\" \/>\n<script type=\"application\/ld+json\" class=\"yoast-schema-graph\">{\"@context\":\"https:\/\/schema.org\",\"@graph\":[{\"@type\":\"WebPage\",\"@id\":\"https:\/\/www.narconon.online\/glossary\/what-is-prescription-drugs\/\",\"url\":\"https:\/\/www.narconon.online\/glossary\/what-is-prescription-drugs\/\",\"name\":\"What is Prescription Drugs: Understanding Misuse\",\"isPartOf\":{\"@id\":\"https:\/\/www.narconon.online\/#website\"},\"primaryImageOfPage\":{\"@id\":\"https:\/\/www.narconon.online\/glossary\/what-is-prescription-drugs\/#primaryimage\"},\"image\":{\"@id\":\"https:\/\/www.narconon.online\/glossary\/what-is-prescription-drugs\/#primaryimage\"},\"thumbnailUrl\":\"https:\/\/www.narconon.online\/wp-content\/uploads\/2025\/07\/freepik__a-countertop-with-several-prescription-pill-bottle__82511.webp\",\"datePublished\":\"2025-07-23T19:14:56+00:00\",\"dateModified\":\"2025-07-24T14:27:31+00:00\",\"description\":\"Explore what prescription drugs are and learn about their uses, benefits, and risks associated with misuse and addiction.\",\"breadcrumb\":{\"@id\":\"https:\/\/www.narconon.online\/glossary\/what-is-prescription-drugs\/#breadcrumb\"},\"inLanguage\":\"cs\",\"potentialAction\":[{\"@type\":\"ReadAction\",\"target\":[\"https:\/\/www.narconon.online\/glossary\/what-is-prescription-drugs\/\"]}]},{\"@type\":\"ImageObject\",\"inLanguage\":\"cs\",\"@id\":\"https:\/\/www.narconon.online\/glossary\/what-is-prescription-drugs\/#primaryimage\",\"url\":\"https:\/\/www.narconon.online\/wp-content\/uploads\/2025\/07\/freepik__a-countertop-with-several-prescription-pill-bottle__82511.webp\",\"contentUrl\":\"https:\/\/www.narconon.online\/wp-content\/uploads\/2025\/07\/freepik__a-countertop-with-several-prescription-pill-bottle__82511.webp\"},{\"@type\":\"BreadcrumbList\",\"@id\":\"https:\/\/www.narconon.online\/glossary\/what-is-prescription-drugs\/#breadcrumb\",\"itemListElement\":[{\"@type\":\"ListItem\",\"position\":1,\"name\":\"Home\",\"item\":\"https:\/\/www.narconon.online\/\"},{\"@type\":\"ListItem\",\"position\":2,\"name\":\"Glossary of Drug Terms and Definitions\",\"item\":\"https:\/\/www.narconon.online\/glossary\/\"},{\"@type\":\"ListItem\",\"position\":3,\"name\":\"What is Prescription Drugs?\"}]},{\"@type\":\"WebSite\",\"@id\":\"https:\/\/www.narconon.online\/#website\",\"url\":\"https:\/\/www.narconon.online\/\",\"name\":\"Narconon Europe\",\"description\":\"Drug Free For Good\",\"publisher\":{\"@id\":\"https:\/\/www.narconon.online\/#organization\"},\"potentialAction\":[{\"@type\":\"SearchAction\",\"target\":{\"@type\":\"EntryPoint\",\"urlTemplate\":\"https:\/\/www.narconon.online\/?s={search_term_string}\"},\"query-input\":{\"@type\":\"PropertyValueSpecification\",\"valueRequired\":true,\"valueName\":\"search_term_string\"}}],\"inLanguage\":\"cs\"},{\"@type\":\"Organization\",\"@id\":\"https:\/\/www.narconon.online\/#organization\",\"name\":\"Narconon Europe\",\"url\":\"https:\/\/www.narconon.online\/\",\"logo\":{\"@type\":\"ImageObject\",\"inLanguage\":\"cs\",\"@id\":\"https:\/\/www.narconon.online\/#\/schema\/logo\/image\/\",\"url\":\"https:\/\/www.narconon.online\/wp-content\/uploads\/2025\/03\/Logo-Narconon-Europe-2.png\",\"contentUrl\":\"https:\/\/www.narconon.online\/wp-content\/uploads\/2025\/03\/Logo-Narconon-Europe-2.png\",\"width\":2000,\"height\":707,\"caption\":\"Narconon Europe\"},\"image\":{\"@id\":\"https:\/\/www.narconon.online\/#\/schema\/logo\/image\/\"},\"sameAs\":[\"https:\/\/www.facebook.com\/narcononeu\",\"https:\/\/x.com\/NARCONONEurope\",\"https:\/\/www.instagram.com\/narconon.europe\/\",\"https:\/\/www.youtube.com\/channel\/UCNUxvhoqZZCAxXCYO4K7MvA\",\"https:\/\/www.tiktok.com\/@narconon.europe\"]}]}<\/script>\n<!-- \/ Yoast SEO Premium plugin. -->","yoast_head_json":{"title":"Co jsou l\u00e9ky na p\u0159edpis: Co je to zneu\u017e\u00edv\u00e1n\u00ed l\u00e9k\u016f?","description":"Zjist\u011bte, co jsou to l\u00e9ky na p\u0159edpis, a seznamte se s jejich pou\u017eit\u00edm, v\u00fdhodami a riziky spojen\u00fdmi se zneu\u017e\u00edv\u00e1n\u00edm a z\u00e1vislost\u00ed.","robots":{"index":"index","follow":"follow","max-snippet":"max-snippet:-1","max-image-preview":"max-image-preview:large","max-video-preview":"max-video-preview:-1"},"canonical":"https:\/\/www.narconon.online\/cs\/glosar\/co-jsou-leky-na-predpis\/","og_locale":"cs_CZ","og_type":"article","og_title":"What is Prescription Drugs?","og_description":"Explore what prescription drugs are and learn about their uses, benefits, and risks associated with misuse and addiction.","og_url":"https:\/\/www.narconon.online\/cs\/glosar\/co-jsou-leky-na-predpis\/","og_site_name":"Narconon Europe","article_publisher":"https:\/\/www.facebook.com\/narcononeu","article_modified_time":"2025-07-24T14:27:31+00:00","og_image":[{"width":1392,"height":752,"url":"https:\/\/www.narconon.online\/wp-content\/uploads\/2025\/07\/freepik__a-countertop-with-several-prescription-pill-bottle__82511.webp","type":"image\/webp"}],"twitter_card":"summary_large_image","twitter_site":"@NARCONONEurope","twitter_misc":{"Odhadovan\u00e1 doba \u010dten\u00ed":"2 minuty"},"schema":{"@context":"https:\/\/schema.org","@graph":[{"@type":"WebPage","@id":"https:\/\/www.narconon.online\/glossary\/what-is-prescription-drugs\/","url":"https:\/\/www.narconon.online\/glossary\/what-is-prescription-drugs\/","name":"Co jsou l\u00e9ky na p\u0159edpis: Co je to zneu\u017e\u00edv\u00e1n\u00ed l\u00e9k\u016f?","isPartOf":{"@id":"https:\/\/www.narconon.online\/#website"},"primaryImageOfPage":{"@id":"https:\/\/www.narconon.online\/glossary\/what-is-prescription-drugs\/#primaryimage"},"image":{"@id":"https:\/\/www.narconon.online\/glossary\/what-is-prescription-drugs\/#primaryimage"},"thumbnailUrl":"https:\/\/www.narconon.online\/wp-content\/uploads\/2025\/07\/freepik__a-countertop-with-several-prescription-pill-bottle__82511.webp","datePublished":"2025-07-23T19:14:56+00:00","dateModified":"2025-07-24T14:27:31+00:00","description":"Zjist\u011bte, co jsou to l\u00e9ky na p\u0159edpis, a seznamte se s jejich pou\u017eit\u00edm, v\u00fdhodami a riziky spojen\u00fdmi se zneu\u017e\u00edv\u00e1n\u00edm a z\u00e1vislost\u00ed.","breadcrumb":{"@id":"https:\/\/www.narconon.online\/glossary\/what-is-prescription-drugs\/#breadcrumb"},"inLanguage":"cs","potentialAction":[{"@type":"ReadAction","target":["https:\/\/www.narconon.online\/glossary\/what-is-prescription-drugs\/"]}]},{"@type":"ImageObject","inLanguage":"cs","@id":"https:\/\/www.narconon.online\/glossary\/what-is-prescription-drugs\/#primaryimage","url":"https:\/\/www.narconon.online\/wp-content\/uploads\/2025\/07\/freepik__a-countertop-with-several-prescription-pill-bottle__82511.webp","contentUrl":"https:\/\/www.narconon.online\/wp-content\/uploads\/2025\/07\/freepik__a-countertop-with-several-prescription-pill-bottle__82511.webp"},{"@type":"BreadcrumbList","@id":"https:\/\/www.narconon.online\/glossary\/what-is-prescription-drugs\/#breadcrumb","itemListElement":[{"@type":"ListItem","position":1,"name":"Home","item":"https:\/\/www.narconon.online\/"},{"@type":"ListItem","position":2,"name":"Glossary of Drug Terms and Definitions","item":"https:\/\/www.narconon.online\/glossary\/"},{"@type":"ListItem","position":3,"name":"What is Prescription Drugs?"}]},{"@type":"WebSite","@id":"https:\/\/www.narconon.online\/#website","url":"https:\/\/www.narconon.online\/","name":"Narconon Evropa","description":"Bez drog napo\u0159\u00e1d","publisher":{"@id":"https:\/\/www.narconon.online\/#organization"},"potentialAction":[{"@type":"SearchAction","target":{"@type":"EntryPoint","urlTemplate":"https:\/\/www.narconon.online\/?s={search_term_string}"},"query-input":{"@type":"PropertyValueSpecification","valueRequired":true,"valueName":"search_term_string"}}],"inLanguage":"cs"},{"@type":"Organization","@id":"https:\/\/www.narconon.online\/#organization","name":"Narconon Evropa","url":"https:\/\/www.narconon.online\/","logo":{"@type":"ImageObject","inLanguage":"cs","@id":"https:\/\/www.narconon.online\/#\/schema\/logo\/image\/","url":"https:\/\/www.narconon.online\/wp-content\/uploads\/2025\/03\/Logo-Narconon-Europe-2.png","contentUrl":"https:\/\/www.narconon.online\/wp-content\/uploads\/2025\/03\/Logo-Narconon-Europe-2.png","width":2000,"height":707,"caption":"Narconon Europe"},"image":{"@id":"https:\/\/www.narconon.online\/#\/schema\/logo\/image\/"},"sameAs":["https:\/\/www.facebook.com\/narcononeu","https:\/\/x.com\/NARCONONEurope","https:\/\/www.instagram.com\/narconon.europe\/","https:\/\/www.youtube.com\/channel\/UCNUxvhoqZZCAxXCYO4K7MvA","https:\/\/www.tiktok.com\/@narconon.europe"]}]}},"_links":{"self":[{"href":"https:\/\/www.narconon.online\/cs\/wp-json\/wp\/v2\/pages\/6290","targetHints":{"allow":["GET"]}}],"collection":[{"href":"https:\/\/www.narconon.online\/cs\/wp-json\/wp\/v2\/pages"}],"about":[{"href":"https:\/\/www.narconon.online\/cs\/wp-json\/wp\/v2\/types\/page"}],"author":[{"embeddable":true,"href":"https:\/\/www.narconon.online\/cs\/wp-json\/wp\/v2\/users\/43"}],"replies":[{"embeddable":true,"href":"https:\/\/www.narconon.online\/cs\/wp-json\/wp\/v2\/comments?post=6290"}],"version-history":[{"count":9,"href":"https:\/\/www.narconon.online\/cs\/wp-json\/wp\/v2\/pages\/6290\/revisions"}],"predecessor-version":[{"id":6588,"href":"https:\/\/www.narconon.online\/cs\/wp-json\/wp\/v2\/pages\/6290\/revisions\/6588"}],"up":[{"embeddable":true,"href":"https:\/\/www.narconon.online\/cs\/wp-json\/wp\/v2\/pages\/5868"}],"wp:attachment":[{"href":"https:\/\/www.narconon.online\/cs\/wp-json\/wp\/v2\/media?parent=6290"}],"curies":[{"name":"wp","href":"https:\/\/api.w.org\/{rel}","templated":true}]}}