{"id":6113,"date":"2025-07-23T17:09:14","date_gmt":"2025-07-23T15:09:14","guid":{"rendered":"https:\/\/www.narconon.online\/?page_id=6113"},"modified":"2025-07-24T15:05:39","modified_gmt":"2025-07-24T13:05:39","slug":"co-je-to-kloub","status":"publish","type":"page","link":"https:\/\/www.narconon.online\/cs\/glosar\/co-je-to-kloub\/","title":{"rendered":"Co je Joint?"},"content":{"rendered":"<div data-elementor-type=\"wp-page\" data-elementor-id=\"6113\" class=\"elementor elementor-6113\" data-elementor-post-type=\"page\">\n\t\t\t\t<div class=\"elementor-element elementor-element-14d08559 e-flex e-con-boxed e-con e-parent\" data-id=\"14d08559\" data-element_type=\"container\" data-e-type=\"container\">\n\t\t\t\t\t<div class=\"e-con-inner\">\n\t\t<div class=\"elementor-element elementor-element-1cae676 e-grid e-con-full e-con e-child\" data-id=\"1cae676\" data-element_type=\"container\" data-e-type=\"container\">\n\t\t\t\t<div class=\"elementor-element elementor-element-ddfcbba elementor-widget elementor-widget-text-editor\" data-id=\"ddfcbba\" data-element_type=\"widget\" data-e-type=\"widget\" data-widget_type=\"text-editor.default\">\n\t\t\t\t<div class=\"elementor-widget-container\">\n\t\t\t\t\t\t\t\t\t<p data-start=\"283\" data-end=\"478\"><strong data-start=\"283\" data-end=\"343\">Joint je ru\u010dn\u011b ubalen\u00e1 cigareta napln\u011bn\u00e1 marihuanou.<\/strong>, obvykle zabalen\u00e9 v tenk\u00e9m rolovac\u00edm pap\u00edru. Je to nejb\u011b\u017en\u011bj\u0161\u00ed a nejrozpoznateln\u011bj\u0161\u00ed zp\u016fsob kou\u0159en\u00ed konop\u00ed, \u010dasto sd\u00edlen\u00fd ve spole\u010dnosti.<\/p>\n<p data-start=\"480\" data-end=\"712\">Klouby maj\u00ed r\u016fznou velikost a pevnost a mohou obsahovat <strong data-start=\"530\" data-end=\"572\">pouze konop\u00ed nebo sm\u00ed\u0161en\u00e9 s tab\u00e1kem<\/strong> (tzv. spliff). Obvykle se jedn\u00e1 o <strong data-start=\"611\" data-end=\"655\">v\u00e1lcovan\u00e9 ru\u010dn\u011b nebo na v\u00e1lcovac\u00edm stroji<\/strong>a n\u011bkdy maj\u00ed na jednom konci pap\u00edrov\u00fd filtr nebo berli\u010dku.<\/p>\n<p data-start=\"714\" data-end=\"897\">Navzdory sv\u00e9mu neform\u00e1ln\u00edmu vzhledu mohou klouby v\u00e9st k <strong data-start=\"766\" data-end=\"816\">z\u00e1vislost, zhor\u0161en\u00e1 pam\u011b\u0165, probl\u00e9my s d\u00fdch\u00e1n\u00edm.<\/strong>a dlouhodob\u011b <strong data-start=\"832\" data-end=\"856\">probl\u00e9my s du\u0161evn\u00edm zdrav\u00edm<\/strong>, zejm\u00e9na u dosp\u00edvaj\u00edc\u00edch a \u010dast\u00fdch u\u017eivatel\u016f.<\/p>\t\t\t\t\t\t\t\t<\/div>\n\t\t\t\t<\/div>\n\t\t\t\t<div class=\"elementor-element elementor-element-8f955ba elementor-widget elementor-widget-image\" data-id=\"8f955ba\" data-element_type=\"widget\" data-e-type=\"widget\" data-widget_type=\"image.default\">\n\t\t\t\t<div class=\"elementor-widget-container\">\n\t\t\t\t\t\t\t\t\t\t\t\t\t\t\t<img fetchpriority=\"high\" decoding=\"async\" width=\"1392\" height=\"752\" src=\"https:\/\/www.narconon.online\/wp-content\/uploads\/2025\/07\/freepik__joint__94169.webp\" class=\"attachment-full size-full wp-image-6116\" alt=\"Srolovan\u00fd joint marihuany le\u017e\u00edc\u00ed na kostkovan\u00e9m d\u0159ev\u011bn\u00e9m povrchu obklopen\u00fd poupaty konop\u00ed a rozpt\u00fdlen\u00fdm rostlinn\u00fdm materi\u00e1lem.\" srcset=\"https:\/\/www.narconon.online\/wp-content\/uploads\/2025\/07\/freepik__joint__94169.webp 1392w, https:\/\/www.narconon.online\/wp-content\/uploads\/2025\/07\/freepik__joint__94169-300x162.webp 300w, https:\/\/www.narconon.online\/wp-content\/uploads\/2025\/07\/freepik__joint__94169-1024x553.webp 1024w, https:\/\/www.narconon.online\/wp-content\/uploads\/2025\/07\/freepik__joint__94169-768x415.webp 768w, https:\/\/www.narconon.online\/wp-content\/uploads\/2025\/07\/freepik__joint__94169-18x10.webp 18w\" sizes=\"(max-width: 1392px) 100vw, 1392px\" \/>\t\t\t\t\t\t\t\t\t\t\t\t\t\t\t<\/div>\n\t\t\t\t<\/div>\n\t\t\t\t<\/div>\n\t\t\t\t\t<\/div>\n\t\t\t\t<\/div>\n\t\t<div class=\"elementor-element elementor-element-064fdba e-flex e-con-boxed e-con e-parent\" data-id=\"064fdba\" data-element_type=\"container\" data-e-type=\"container\">\n\t\t\t\t\t<div class=\"e-con-inner\">\n\t\t<div class=\"elementor-element elementor-element-ecec8f5 e-grid e-con-full e-con e-child\" data-id=\"ecec8f5\" data-element_type=\"container\" data-e-type=\"container\">\n\t\t\t\t<div class=\"elementor-element elementor-element-0f0e55c elementor-widget elementor-widget-text-editor\" data-id=\"0f0e55c\" data-element_type=\"widget\" data-e-type=\"widget\" data-widget_type=\"text-editor.default\">\n\t\t\t\t<div class=\"elementor-widget-container\">\n\t\t\t\t\t\t\t\t\t<h3 id=\"h-related-terms\" class=\"wp-block-heading\">\ud83e\udde0 Souvisej\u00edc\u00ed term\u00edny<\/h3>\n<ul data-spread=\"false\" data-pm-slice=\"3 3 []\">\n<li><a href=\"https:\/\/www.narconon.online\/cs\/glosar\/co-je-marihuana\/\">Marihuana<\/a><\/li>\n<li><a href=\"https:\/\/www.narconon.online\/cs\/glosar\/co-je-vaping\/\">Vaping<\/a><\/li>\n<li>\n<p><a href=\"https:\/\/www.narconon.online\/cs\/glosar\/co-jsou-kanabinoidy\/\">Kanabinoidy<\/a><\/p>\n<\/li>\n<li>\n<p><a href=\"https:\/\/www.narconon.online\/cs\/glosar\/\">Glos\u00e1\u0159 Rejst\u0159\u00edk<\/a><\/p>\n<\/li>\n<\/ul>\t\t\t\t\t\t\t\t<\/div>\n\t\t\t\t<\/div>\n\t\t\t\t<div class=\"elementor-element elementor-element-03e5102 elementor-widget elementor-widget-text-editor\" data-id=\"03e5102\" data-element_type=\"widget\" data-e-type=\"widget\" data-widget_type=\"text-editor.default\">\n\t\t\t\t<div class=\"elementor-widget-container\">\n\t\t\t\t\t\t\t\t\t<p id=\"h-related-terms\" class=\"wp-block-heading\">\ud83d\udc49 Zjist\u011bte v\u00edce o prevenci:<br \/><a class=\"\" href=\"https:\/\/www.narcononeurope.dk\/en\/drug-abuse\/\" target=\"_blank\" rel=\"noopener\">Narconon Evropa - Pomoc p\u0159i zneu\u017e\u00edv\u00e1n\u00ed drog<\/a><\/p>\n<p><!-- \/wp:list-item --><\/p>\n<p><!-- \/wp:list --><!-- wp:paragraph --><\/p>\n<p>\ud83d\udc49 Dal\u0161\u00ed vzd\u011bl\u00e1vac\u00ed obsah naleznete v na\u0161em <a class=\"\" href=\"https:\/\/www.narconon.online\/cs\/materialy-pro-protidrogovou-prevenci\/\">Materi\u00e1ly pro protidrogov\u00e9 vzd\u011bl\u00e1v\u00e1n\u00ed a prevenci<\/a><\/p>\t\t\t\t\t\t\t\t<\/div>\n\t\t\t\t<\/div>\n\t\t\t\t<\/div>\n\t\t\t\t<div class=\"elementor-element elementor-element-1497776 elementor-widget elementor-widget-heading\" data-id=\"1497776\" data-element_type=\"widget\" data-e-type=\"widget\" data-widget_type=\"heading.default\">\n\t\t\t\t<div class=\"elementor-widget-container\">\n\t\t\t\t\t<h2 class=\"elementor-heading-title elementor-size-default\">\u2753 \u010casto kladen\u00e9 ot\u00e1zky o kloubech<\/h2>\t\t\t\t<\/div>\n\t\t\t\t<\/div>\n\t\t\t\t<div class=\"elementor-element elementor-element-a24ee80 elementor-widget elementor-widget-text-editor\" data-id=\"a24ee80\" data-element_type=\"widget\" data-e-type=\"widget\" data-widget_type=\"text-editor.default\">\n\t\t\t\t<div class=\"elementor-widget-container\">\n\t\t\t\t\t\t\t\t\t<p data-start=\"1166\" data-end=\"1274\"><strong data-start=\"1166\" data-end=\"1196\">1. K \u010demu se kloub pou\u017e\u00edv\u00e1?<\/strong><br data-start=\"1196\" data-end=\"1199\" \/>Marihuana se kou\u0159\u00ed pro relaxaci, euforii nebo spole\u010densk\u00e9 \u00fa\u010dely.<\/p>\n<p data-start=\"1276\" data-end=\"1390\"><strong data-start=\"1276\" data-end=\"1306\">2. Pro\u010d je kloub nebezpe\u010dn\u00fd?<\/strong><br data-start=\"1306\" data-end=\"1309\" \/>M\u016f\u017ee naru\u0161it v\u00fdvoj mozku, ovlivnit pam\u011b\u0165 a \u010dasem v\u00e9st k z\u00e1vislosti.<\/p>\n<p data-start=\"1392\" data-end=\"1519\"><strong data-start=\"1392\" data-end=\"1422\">3. Jak vypad\u00e1?<\/strong><br data-start=\"1422\" data-end=\"1425\" \/>Tenk\u00e1 ubalen\u00e1 cigareta, obvykle s v\u00fdraznou bylinnou v\u016fn\u00ed a \u010dasto bez ozna\u010den\u00ed zna\u010dky.<\/p>\n<p data-start=\"1521\" data-end=\"1651\"><strong data-start=\"1521\" data-end=\"1564\">4. M\u016f\u017ee si ji n\u011bkdo vz\u00edt, ani\u017e by o tom v\u011bd\u011bl?<\/strong><br data-start=\"1564\" data-end=\"1567\" \/>Ano, zejm\u00e9na pokud je marihuana p\u0159im\u00edch\u00e1na do j\u00eddla nebo p\u0159ed\u00e1na bez jasn\u00fdch informac\u00ed.<\/p>\n<p data-start=\"1653\" data-end=\"1791\"><strong data-start=\"1653\" data-end=\"1689\">5. Jak se m\u016f\u017ee n\u011bkdo vyhnout kloub\u016fm?<\/strong><br data-start=\"1689\" data-end=\"1692\" \/>Odm\u00edtejte nezn\u00e1m\u00e9 l\u00e1tky, vyh\u00fdbejte se ku\u0159\u00e1ck\u00e9mu prost\u0159ed\u00ed a bu\u010fte informov\u00e1ni o \u00fa\u010dinc\u00edch konop\u00ed.<\/p>\t\t\t\t\t\t\t\t<\/div>\n\t\t\t\t<\/div>\n\t\t\t\t<div class=\"elementor-element elementor-element-3c88435 elementor-widget elementor-widget-html\" data-id=\"3c88435\" data-element_type=\"widget\" data-e-type=\"widget\" data-widget_type=\"html.default\">\n\t\t\t\t<div class=\"elementor-widget-container\">\n\t\t\t\t\t<script type=\"application\/ld+json\">{\n    \"@context\": \"https:\\\/\\\/schema.org\",\n    \"@type\": \"WebPage\",\n    \"name\": \"What is Joint?\",\n    \"url\": \"https:\\\/\\\/www.narconon.online\\\/glossary\\\/what-is-joint\\\/\",\n    \"description\": \"A joint is a rolled cigarette filled with marijuana. Learn how it\\u2019s used, what it looks like, and the health risks of cannabis smoking.\",\n    \"datePublished\": \"2025-07-23\",\n    \"publisher\": {\n        \"@type\": \"Organization\",\n        \"name\": \"Narconon Europe\",\n        \"url\": \"https:\\\/\\\/www.narcononeurope.dk\"\n    },\n    \"mainEntity\": {\n        \"@type\": \"FAQPage\",\n        \"mainEntity\": [\n            {\n                \"@type\": \"Question\",\n                \"name\": \"What is joint used for?\",\n                \"acceptedAnswer\": {\n                    \"@type\": \"Answer\",\n                    \"text\": \"It is used to smoke marijuana for relaxation, euphoria, or social purposes.\"\n                }\n            },\n            {\n                \"@type\": \"Question\",\n                \"name\": \"Why is joint dangerous?\",\n                \"acceptedAnswer\": {\n                    \"@type\": \"Answer\",\n                    \"text\": \"It can impair brain development, affect memory, and lead to dependency over time.\"\n                }\n            },\n            {\n                \"@type\": \"Question\",\n                \"name\": \"What does it look like?\",\n                \"acceptedAnswer\": {\n                    \"@type\": \"Answer\",\n                    \"text\": \"A slim, rolled cigarette usually with a distinct herbal smell and often without a brand label.\"\n                }\n            },\n            {\n                \"@type\": \"Question\",\n                \"name\": \"Can someone take it without knowing?\",\n                \"acceptedAnswer\": {\n                    \"@type\": \"Answer\",\n                    \"text\": \"Yes, especially if marijuana is mixed into food or passed without clear information.\"\n                }\n            },\n            {\n                \"@type\": \"Question\",\n                \"name\": \"How can someone avoid joints?\",\n                \"acceptedAnswer\": {\n                    \"@type\": \"Answer\",\n                    \"text\": \"Say no to unknown substances, avoid smoking environments, and stay informed about cannabis effects.\"\n                }\n            }\n        ]\n    }\n}<\/script>\r\n\t\t\t\t<\/div>\n\t\t\t\t<\/div>\n\t\t\t\t\t<\/div>\n\t\t\t\t<\/div>\n\t\t\t\t<\/div>","protected":false},"excerpt":{"rendered":"<p>A joint is a hand-rolled cigarette filled with marijuana, usually wrapped in thin rolling paper. It is the most common [&hellip;]<\/p>","protected":false},"author":43,"featured_media":0,"parent":5868,"menu_order":0,"comment_status":"closed","ping_status":"closed","template":"","meta":{"_acf_changed":false,"site-sidebar-layout":"default","site-content-layout":"","ast-site-content-layout":"default","site-content-style":"default","site-sidebar-style":"default","ast-global-header-display":"","ast-banner-title-visibility":"","ast-main-header-display":"","ast-hfb-above-header-display":"","ast-hfb-below-header-display":"","ast-hfb-mobile-header-display":"","site-post-title":"","ast-breadcrumbs-content":"","ast-featured-img":"","footer-sml-layout":"","ast-disable-related-posts":"","theme-transparent-header-meta":"","adv-header-id-meta":"","stick-header-meta":"","header-above-stick-meta":"","header-main-stick-meta":"","header-below-stick-meta":"","astra-migrate-meta-layouts":"default","ast-page-background-enabled":"default","ast-page-background-meta":{"desktop":{"background-color":"var(--ast-global-color-5)","background-image":"","background-repeat":"repeat","background-position":"center center","background-size":"auto","background-attachment":"scroll","background-type":"","background-media":"","overlay-type":"","overlay-color":"","overlay-opacity":"","overlay-gradient":""},"tablet":{"background-color":"","background-image":"","background-repeat":"repeat","background-position":"center center","background-size":"auto","background-attachment":"scroll","background-type":"","background-media":"","overlay-type":"","overlay-color":"","overlay-opacity":"","overlay-gradient":""},"mobile":{"background-color":"","background-image":"","background-repeat":"repeat","background-position":"center center","background-size":"auto","background-attachment":"scroll","background-type":"","background-media":"","overlay-type":"","overlay-color":"","overlay-opacity":"","overlay-gradient":""}},"ast-content-background-meta":{"desktop":{"background-color":"var(--ast-global-color-4)","background-image":"","background-repeat":"repeat","background-position":"center center","background-size":"auto","background-attachment":"scroll","background-type":"","background-media":"","overlay-type":"","overlay-color":"","overlay-opacity":"","overlay-gradient":""},"tablet":{"background-color":"var(--ast-global-color-4)","background-image":"","background-repeat":"repeat","background-position":"center center","background-size":"auto","background-attachment":"scroll","background-type":"","background-media":"","overlay-type":"","overlay-color":"","overlay-opacity":"","overlay-gradient":""},"mobile":{"background-color":"var(--ast-global-color-4)","background-image":"","background-repeat":"repeat","background-position":"center center","background-size":"auto","background-attachment":"scroll","background-type":"","background-media":"","overlay-type":"","overlay-color":"","overlay-opacity":"","overlay-gradient":""}},"footnotes":""},"class_list":["post-6113","page","type-page","status-publish","hentry"],"acf":[],"yoast_head":"<!-- This site is optimized with the Yoast SEO Premium plugin v26.6 (Yoast SEO v26.6) - https:\/\/yoast.com\/wordpress\/plugins\/seo\/ -->\n<title>What is Joint and Its Effects on Health?<\/title>\n<meta name=\"description\" content=\"What is joint? Uncover the definition and details of hand-rolled cigarettes filled with marijuana and their effects on health.\" \/>\n<meta name=\"robots\" content=\"index, follow, max-snippet:-1, max-image-preview:large, max-video-preview:-1\" \/>\n<link rel=\"canonical\" href=\"https:\/\/www.narconon.online\/cs\/glosar\/co-je-to-kloub\/\" \/>\n<meta property=\"og:locale\" content=\"cs_CZ\" \/>\n<meta property=\"og:type\" content=\"article\" \/>\n<meta property=\"og:title\" content=\"What is Joint?\" \/>\n<meta property=\"og:description\" content=\"What is joint? Uncover the definition and details of hand-rolled cigarettes filled with marijuana and their effects on health.\" \/>\n<meta property=\"og:url\" content=\"https:\/\/www.narconon.online\/cs\/glosar\/co-je-to-kloub\/\" \/>\n<meta property=\"og:site_name\" content=\"Narconon Europe\" \/>\n<meta property=\"article:publisher\" content=\"https:\/\/www.facebook.com\/narcononeu\" \/>\n<meta property=\"article:modified_time\" content=\"2025-07-24T13:05:39+00:00\" \/>\n<meta property=\"og:image\" content=\"https:\/\/www.narconon.online\/wp-content\/uploads\/2025\/07\/freepik__joint__94169.webp\" \/>\n\t<meta property=\"og:image:width\" content=\"1392\" \/>\n\t<meta property=\"og:image:height\" content=\"752\" \/>\n\t<meta property=\"og:image:type\" content=\"image\/webp\" \/>\n<meta name=\"twitter:card\" content=\"summary_large_image\" \/>\n<meta name=\"twitter:site\" content=\"@NARCONONEurope\" \/>\n<meta name=\"twitter:label1\" content=\"Odhadovan\u00e1 doba \u010dten\u00ed\" \/>\n\t<meta name=\"twitter:data1\" content=\"2 minuty\" \/>\n<script type=\"application\/ld+json\" class=\"yoast-schema-graph\">{\"@context\":\"https:\/\/schema.org\",\"@graph\":[{\"@type\":\"WebPage\",\"@id\":\"https:\/\/www.narconon.online\/glossary\/what-is-joint\/\",\"url\":\"https:\/\/www.narconon.online\/glossary\/what-is-joint\/\",\"name\":\"What is Joint and Its Effects on Health?\",\"isPartOf\":{\"@id\":\"https:\/\/www.narconon.online\/#website\"},\"primaryImageOfPage\":{\"@id\":\"https:\/\/www.narconon.online\/glossary\/what-is-joint\/#primaryimage\"},\"image\":{\"@id\":\"https:\/\/www.narconon.online\/glossary\/what-is-joint\/#primaryimage\"},\"thumbnailUrl\":\"https:\/\/www.narconon.online\/wp-content\/uploads\/2025\/07\/freepik__joint__94169.webp\",\"datePublished\":\"2025-07-23T15:09:14+00:00\",\"dateModified\":\"2025-07-24T13:05:39+00:00\",\"description\":\"What is joint? Uncover the definition and details of hand-rolled cigarettes filled with marijuana and their effects on health.\",\"breadcrumb\":{\"@id\":\"https:\/\/www.narconon.online\/glossary\/what-is-joint\/#breadcrumb\"},\"inLanguage\":\"cs\",\"potentialAction\":[{\"@type\":\"ReadAction\",\"target\":[\"https:\/\/www.narconon.online\/glossary\/what-is-joint\/\"]}]},{\"@type\":\"ImageObject\",\"inLanguage\":\"cs\",\"@id\":\"https:\/\/www.narconon.online\/glossary\/what-is-joint\/#primaryimage\",\"url\":\"https:\/\/www.narconon.online\/wp-content\/uploads\/2025\/07\/freepik__joint__94169.webp\",\"contentUrl\":\"https:\/\/www.narconon.online\/wp-content\/uploads\/2025\/07\/freepik__joint__94169.webp\"},{\"@type\":\"BreadcrumbList\",\"@id\":\"https:\/\/www.narconon.online\/glossary\/what-is-joint\/#breadcrumb\",\"itemListElement\":[{\"@type\":\"ListItem\",\"position\":1,\"name\":\"Home\",\"item\":\"https:\/\/www.narconon.online\/\"},{\"@type\":\"ListItem\",\"position\":2,\"name\":\"Glossary of Drug Terms and Definitions\",\"item\":\"https:\/\/www.narconon.online\/glossary\/\"},{\"@type\":\"ListItem\",\"position\":3,\"name\":\"What is Joint?\"}]},{\"@type\":\"WebSite\",\"@id\":\"https:\/\/www.narconon.online\/#website\",\"url\":\"https:\/\/www.narconon.online\/\",\"name\":\"Narconon Europe\",\"description\":\"Drug Free For Good\",\"publisher\":{\"@id\":\"https:\/\/www.narconon.online\/#organization\"},\"potentialAction\":[{\"@type\":\"SearchAction\",\"target\":{\"@type\":\"EntryPoint\",\"urlTemplate\":\"https:\/\/www.narconon.online\/?s={search_term_string}\"},\"query-input\":{\"@type\":\"PropertyValueSpecification\",\"valueRequired\":true,\"valueName\":\"search_term_string\"}}],\"inLanguage\":\"cs\"},{\"@type\":\"Organization\",\"@id\":\"https:\/\/www.narconon.online\/#organization\",\"name\":\"Narconon Europe\",\"url\":\"https:\/\/www.narconon.online\/\",\"logo\":{\"@type\":\"ImageObject\",\"inLanguage\":\"cs\",\"@id\":\"https:\/\/www.narconon.online\/#\/schema\/logo\/image\/\",\"url\":\"https:\/\/www.narconon.online\/wp-content\/uploads\/2025\/03\/Logo-Narconon-Europe-2.png\",\"contentUrl\":\"https:\/\/www.narconon.online\/wp-content\/uploads\/2025\/03\/Logo-Narconon-Europe-2.png\",\"width\":2000,\"height\":707,\"caption\":\"Narconon Europe\"},\"image\":{\"@id\":\"https:\/\/www.narconon.online\/#\/schema\/logo\/image\/\"},\"sameAs\":[\"https:\/\/www.facebook.com\/narcononeu\",\"https:\/\/x.com\/NARCONONEurope\",\"https:\/\/www.instagram.com\/narconon.europe\/\",\"https:\/\/www.youtube.com\/channel\/UCNUxvhoqZZCAxXCYO4K7MvA\",\"https:\/\/www.tiktok.com\/@narconon.europe\"]}]}<\/script>\n<!-- \/ Yoast SEO Premium plugin. -->","yoast_head_json":{"title":"Co je to kloub a jeho vliv na zdrav\u00ed?","description":"Co je to kloub? Odhalte definici a podrobnosti o ru\u010dn\u011b balen\u00fdch cigaret\u00e1ch pln\u011bn\u00fdch marihuanou a jejich vlivu na zdrav\u00ed.","robots":{"index":"index","follow":"follow","max-snippet":"max-snippet:-1","max-image-preview":"max-image-preview:large","max-video-preview":"max-video-preview:-1"},"canonical":"https:\/\/www.narconon.online\/cs\/glosar\/co-je-to-kloub\/","og_locale":"cs_CZ","og_type":"article","og_title":"What is Joint?","og_description":"What is joint? Uncover the definition and details of hand-rolled cigarettes filled with marijuana and their effects on health.","og_url":"https:\/\/www.narconon.online\/cs\/glosar\/co-je-to-kloub\/","og_site_name":"Narconon Europe","article_publisher":"https:\/\/www.facebook.com\/narcononeu","article_modified_time":"2025-07-24T13:05:39+00:00","og_image":[{"width":1392,"height":752,"url":"https:\/\/www.narconon.online\/wp-content\/uploads\/2025\/07\/freepik__joint__94169.webp","type":"image\/webp"}],"twitter_card":"summary_large_image","twitter_site":"@NARCONONEurope","twitter_misc":{"Odhadovan\u00e1 doba \u010dten\u00ed":"2 minuty"},"schema":{"@context":"https:\/\/schema.org","@graph":[{"@type":"WebPage","@id":"https:\/\/www.narconon.online\/glossary\/what-is-joint\/","url":"https:\/\/www.narconon.online\/glossary\/what-is-joint\/","name":"Co je to kloub a jeho vliv na zdrav\u00ed?","isPartOf":{"@id":"https:\/\/www.narconon.online\/#website"},"primaryImageOfPage":{"@id":"https:\/\/www.narconon.online\/glossary\/what-is-joint\/#primaryimage"},"image":{"@id":"https:\/\/www.narconon.online\/glossary\/what-is-joint\/#primaryimage"},"thumbnailUrl":"https:\/\/www.narconon.online\/wp-content\/uploads\/2025\/07\/freepik__joint__94169.webp","datePublished":"2025-07-23T15:09:14+00:00","dateModified":"2025-07-24T13:05:39+00:00","description":"Co je to kloub? Odhalte definici a podrobnosti o ru\u010dn\u011b balen\u00fdch cigaret\u00e1ch pln\u011bn\u00fdch marihuanou a jejich vlivu na zdrav\u00ed.","breadcrumb":{"@id":"https:\/\/www.narconon.online\/glossary\/what-is-joint\/#breadcrumb"},"inLanguage":"cs","potentialAction":[{"@type":"ReadAction","target":["https:\/\/www.narconon.online\/glossary\/what-is-joint\/"]}]},{"@type":"ImageObject","inLanguage":"cs","@id":"https:\/\/www.narconon.online\/glossary\/what-is-joint\/#primaryimage","url":"https:\/\/www.narconon.online\/wp-content\/uploads\/2025\/07\/freepik__joint__94169.webp","contentUrl":"https:\/\/www.narconon.online\/wp-content\/uploads\/2025\/07\/freepik__joint__94169.webp"},{"@type":"BreadcrumbList","@id":"https:\/\/www.narconon.online\/glossary\/what-is-joint\/#breadcrumb","itemListElement":[{"@type":"ListItem","position":1,"name":"Home","item":"https:\/\/www.narconon.online\/"},{"@type":"ListItem","position":2,"name":"Glossary of Drug Terms and Definitions","item":"https:\/\/www.narconon.online\/glossary\/"},{"@type":"ListItem","position":3,"name":"What is Joint?"}]},{"@type":"WebSite","@id":"https:\/\/www.narconon.online\/#website","url":"https:\/\/www.narconon.online\/","name":"Narconon Evropa","description":"Bez drog napo\u0159\u00e1d","publisher":{"@id":"https:\/\/www.narconon.online\/#organization"},"potentialAction":[{"@type":"SearchAction","target":{"@type":"EntryPoint","urlTemplate":"https:\/\/www.narconon.online\/?s={search_term_string}"},"query-input":{"@type":"PropertyValueSpecification","valueRequired":true,"valueName":"search_term_string"}}],"inLanguage":"cs"},{"@type":"Organization","@id":"https:\/\/www.narconon.online\/#organization","name":"Narconon Evropa","url":"https:\/\/www.narconon.online\/","logo":{"@type":"ImageObject","inLanguage":"cs","@id":"https:\/\/www.narconon.online\/#\/schema\/logo\/image\/","url":"https:\/\/www.narconon.online\/wp-content\/uploads\/2025\/03\/Logo-Narconon-Europe-2.png","contentUrl":"https:\/\/www.narconon.online\/wp-content\/uploads\/2025\/03\/Logo-Narconon-Europe-2.png","width":2000,"height":707,"caption":"Narconon Europe"},"image":{"@id":"https:\/\/www.narconon.online\/#\/schema\/logo\/image\/"},"sameAs":["https:\/\/www.facebook.com\/narcononeu","https:\/\/x.com\/NARCONONEurope","https:\/\/www.instagram.com\/narconon.europe\/","https:\/\/www.youtube.com\/channel\/UCNUxvhoqZZCAxXCYO4K7MvA","https:\/\/www.tiktok.com\/@narconon.europe"]}]}},"_links":{"self":[{"href":"https:\/\/www.narconon.online\/cs\/wp-json\/wp\/v2\/pages\/6113","targetHints":{"allow":["GET"]}}],"collection":[{"href":"https:\/\/www.narconon.online\/cs\/wp-json\/wp\/v2\/pages"}],"about":[{"href":"https:\/\/www.narconon.online\/cs\/wp-json\/wp\/v2\/types\/page"}],"author":[{"embeddable":true,"href":"https:\/\/www.narconon.online\/cs\/wp-json\/wp\/v2\/users\/43"}],"replies":[{"embeddable":true,"href":"https:\/\/www.narconon.online\/cs\/wp-json\/wp\/v2\/comments?post=6113"}],"version-history":[{"count":9,"href":"https:\/\/www.narconon.online\/cs\/wp-json\/wp\/v2\/pages\/6113\/revisions"}],"predecessor-version":[{"id":6564,"href":"https:\/\/www.narconon.online\/cs\/wp-json\/wp\/v2\/pages\/6113\/revisions\/6564"}],"up":[{"embeddable":true,"href":"https:\/\/www.narconon.online\/cs\/wp-json\/wp\/v2\/pages\/5868"}],"wp:attachment":[{"href":"https:\/\/www.narconon.online\/cs\/wp-json\/wp\/v2\/media?parent=6113"}],"curies":[{"name":"wp","href":"https:\/\/api.w.org\/{rel}","templated":true}]}}