{"id":6043,"date":"2025-07-23T15:03:05","date_gmt":"2025-07-23T13:03:05","guid":{"rendered":"https:\/\/www.narconon.online\/?page_id=6043"},"modified":"2025-07-24T14:52:08","modified_gmt":"2025-07-24T12:52:08","slug":"co-je-koupelova-sul","status":"publish","type":"page","link":"https:\/\/www.narconon.online\/cs\/glosar\/co-je-koupelova-sul\/","title":{"rendered":"Co je koupelov\u00e1 s\u016fl?"},"content":{"rendered":"<div data-elementor-type=\"wp-page\" data-elementor-id=\"6043\" class=\"elementor elementor-6043\" data-elementor-post-type=\"page\">\n\t\t\t\t<div class=\"elementor-element elementor-element-14d08559 e-flex e-con-boxed e-con e-parent\" data-id=\"14d08559\" data-element_type=\"container\" data-e-type=\"container\">\n\t\t\t\t\t<div class=\"e-con-inner\">\n\t\t<div class=\"elementor-element elementor-element-1cae676 e-grid e-con-full e-con e-child\" data-id=\"1cae676\" data-element_type=\"container\" data-e-type=\"container\">\n\t\t\t\t<div class=\"elementor-element elementor-element-ddfcbba elementor-widget elementor-widget-text-editor\" data-id=\"ddfcbba\" data-element_type=\"widget\" data-e-type=\"widget\" data-widget_type=\"text-editor.default\">\n\t\t\t\t<div class=\"elementor-widget-container\">\n\t\t\t\t\t\t\t\t\t<p data-start=\"398\" data-end=\"657\"><strong data-start=\"398\" data-end=\"442\">Koupelov\u00e9 soli jsou syntetick\u00e9 stimula\u010dn\u00ed drogy<\/strong> chemicky p\u0159\u00edbuzn\u00e9 katinon\u016fm, co\u017e jsou slou\u010deniny obsa\u017een\u00e9 v rostlin\u011b khat. Tyto drogy jsou <strong data-start=\"538\" data-end=\"573\">vyr\u00e1b\u011bn\u00e9 v laborato\u0159\u00edch a prod\u00e1van\u00e9 neleg\u00e1ln\u011b<\/strong>, \u010dasto pod zav\u00e1d\u011bj\u00edc\u00edmi ozna\u010den\u00edmi jako \"rostlinn\u00e1 potravina\" nebo \"nen\u00ed ur\u010deno k lidsk\u00e9 spot\u0159eb\u011b\".<\/p>\n<p data-start=\"659\" data-end=\"912\">Obvykle se dod\u00e1vaj\u00ed jako <strong data-start=\"680\" data-end=\"709\">b\u00edl\u00fd nebo t\u00e9m\u011b\u0159 b\u00edl\u00fd pr\u00e1\u0161ek<\/strong>, balen\u00e9 v mal\u00fdch f\u00f3liov\u00fdch s\u00e1\u010dc\u00edch nebo plastov\u00fdch n\u00e1dob\u00e1ch. Koupelov\u00e9 soli mohou b\u00fdt <strong data-start=\"783\" data-end=\"826\">\u0161\u0148up\u00e1n\u00ed, polyk\u00e1n\u00ed, kou\u0159en\u00ed nebo injek\u010dn\u00ed aplikace.<\/strong>. Jejich \u00fa\u010dinky mohou zahrnovat <strong data-start=\"854\" data-end=\"888\">euforie, agrese, paranoia.<\/strong>, nebo <strong data-start=\"893\" data-end=\"911\">halucinace<\/strong>.<\/p>\n<p data-start=\"914\" data-end=\"1109\">Zneu\u017e\u00edv\u00e1n\u00ed koupelov\u00fdch sol\u00ed bylo spojeno s <strong data-start=\"954\" data-end=\"989\">n\u00e1siln\u00e9 chov\u00e1n\u00ed, infarkty<\/strong>a <strong data-start=\"995\" data-end=\"1004\">smrt<\/strong>. Proto\u017ee vzorce se neust\u00e1le m\u011bn\u00ed, aby se zabr\u00e1nilo z\u00e1konn\u00fdm z\u00e1kaz\u016fm, <strong data-start=\"1062\" data-end=\"1108\">u\u017eivatel\u00e9 nikdy nev\u00ed, co skute\u010dn\u011b u\u017e\u00edvaj\u00ed.<\/strong>.<\/p>\t\t\t\t\t\t\t\t<\/div>\n\t\t\t\t<\/div>\n\t\t\t\t<div class=\"elementor-element elementor-element-8f955ba elementor-widget elementor-widget-image\" data-id=\"8f955ba\" data-element_type=\"widget\" data-e-type=\"widget\" data-widget_type=\"image.default\">\n\t\t\t\t<div class=\"elementor-widget-container\">\n\t\t\t\t\t\t\t\t\t\t\t\t\t\t\t<img fetchpriority=\"high\" decoding=\"async\" width=\"1392\" height=\"752\" src=\"https:\/\/www.narconon.online\/wp-content\/uploads\/2025\/07\/freepik__a-clean-reflective-surface-showing-four-lines-of-f__41435.webp\" class=\"attachment-full size-full wp-image-6046\" alt=\"\u0158\u00e1dky b\u00edl\u00e9ho pr\u00e1\u0161ku vedle srolovan\u00e9 bankovky v hodnot\u011b 20 eur a plastov\u00e9 n\u00e1doby s n\u00e1pisem &quot;Koncentrovan\u00e9 koupelov\u00e9 soli&quot; s kv\u011btinov\u00fdm vzorem na reflexn\u00edm povrchu.\" srcset=\"https:\/\/www.narconon.online\/wp-content\/uploads\/2025\/07\/freepik__a-clean-reflective-surface-showing-four-lines-of-f__41435.webp 1392w, https:\/\/www.narconon.online\/wp-content\/uploads\/2025\/07\/freepik__a-clean-reflective-surface-showing-four-lines-of-f__41435-300x162.webp 300w, https:\/\/www.narconon.online\/wp-content\/uploads\/2025\/07\/freepik__a-clean-reflective-surface-showing-four-lines-of-f__41435-1024x553.webp 1024w, https:\/\/www.narconon.online\/wp-content\/uploads\/2025\/07\/freepik__a-clean-reflective-surface-showing-four-lines-of-f__41435-768x415.webp 768w, https:\/\/www.narconon.online\/wp-content\/uploads\/2025\/07\/freepik__a-clean-reflective-surface-showing-four-lines-of-f__41435-18x10.webp 18w\" sizes=\"(max-width: 1392px) 100vw, 1392px\" \/>\t\t\t\t\t\t\t\t\t\t\t\t\t\t\t<\/div>\n\t\t\t\t<\/div>\n\t\t\t\t<\/div>\n\t\t\t\t\t<\/div>\n\t\t\t\t<\/div>\n\t\t<div class=\"elementor-element elementor-element-064fdba e-flex e-con-boxed e-con e-parent\" data-id=\"064fdba\" data-element_type=\"container\" data-e-type=\"container\">\n\t\t\t\t\t<div class=\"e-con-inner\">\n\t\t<div class=\"elementor-element elementor-element-ecec8f5 e-grid e-con-full e-con e-child\" data-id=\"ecec8f5\" data-element_type=\"container\" data-e-type=\"container\">\n\t\t\t\t<div class=\"elementor-element elementor-element-0f0e55c elementor-widget elementor-widget-text-editor\" data-id=\"0f0e55c\" data-element_type=\"widget\" data-e-type=\"widget\" data-widget_type=\"text-editor.default\">\n\t\t\t\t<div class=\"elementor-widget-container\">\n\t\t\t\t\t\t\t\t\t<h3 id=\"h-related-terms\" class=\"wp-block-heading\">\ud83e\udde0 Souvisej\u00edc\u00ed term\u00edny<\/h3>\n<ul data-spread=\"false\" data-pm-slice=\"3 3 []\">\n<li><a href=\"https:\/\/www.narconon.online\/cs\/glosar\/co-jsou-to-nps\/\">NPS<\/a><\/li>\n<li>\n<p><a href=\"https:\/\/www.narconon.online\/cs\/glosar\/co-je-predavkovani\/\">P\u0159ed\u00e1vkov\u00e1n\u00ed<\/a><\/p>\n<\/li>\n<li>\n<p><a href=\"https:\/\/www.narconon.online\/cs\/materialy-pro-protidrogovou-prevenci\/\">Materi\u00e1ly pro protidrogov\u00e9 vzd\u011bl\u00e1v\u00e1n\u00ed a prevenci<\/a><\/p>\n<\/li>\n<li>\n<p><a href=\"https:\/\/www.narconon.online\/cs\/glosar\/\">Glos\u00e1\u0159 Rejst\u0159\u00edk<\/a><\/p>\n<\/li>\n<\/ul>\t\t\t\t\t\t\t\t<\/div>\n\t\t\t\t<\/div>\n\t\t\t\t<div class=\"elementor-element elementor-element-03e5102 elementor-widget elementor-widget-text-editor\" data-id=\"03e5102\" data-element_type=\"widget\" data-e-type=\"widget\" data-widget_type=\"text-editor.default\">\n\t\t\t\t<div class=\"elementor-widget-container\">\n\t\t\t\t\t\t\t\t\t<p id=\"h-related-terms\" class=\"wp-block-heading\">\ud83d\udc49 Zjist\u011bte v\u00edce o prevenci:<br \/><a class=\"\" href=\"https:\/\/www.narcononeurope.dk\/en\/drug-abuse\/\" target=\"_blank\" rel=\"noopener\">Narconon Evropa - Pomoc p\u0159i zneu\u017e\u00edv\u00e1n\u00ed drog<\/a><\/p>\n<p><!-- \/wp:list-item --><\/p>\n<p><!-- \/wp:list --><!-- wp:paragraph --><\/p>\n<p>\ud83d\udc49 Dal\u0161\u00ed vzd\u011bl\u00e1vac\u00ed obsah naleznete v na\u0161em <a class=\"\" href=\"https:\/\/www.narconon.online\/cs\/materialy-pro-protidrogovou-prevenci\/\">Materi\u00e1ly pro protidrogov\u00e9 vzd\u011bl\u00e1v\u00e1n\u00ed a prevenci<\/a><\/p>\t\t\t\t\t\t\t\t<\/div>\n\t\t\t\t<\/div>\n\t\t\t\t<\/div>\n\t\t\t\t<div class=\"elementor-element elementor-element-1497776 elementor-widget elementor-widget-heading\" data-id=\"1497776\" data-element_type=\"widget\" data-e-type=\"widget\" data-widget_type=\"heading.default\">\n\t\t\t\t<div class=\"elementor-widget-container\">\n\t\t\t\t\t<h2 class=\"elementor-heading-title elementor-size-default\">\u2753 \u010casto kladen\u00e9 ot\u00e1zky o koupelov\u00fdch sol\u00edch<\/h2>\t\t\t\t<\/div>\n\t\t\t\t<\/div>\n\t\t\t\t<div class=\"elementor-element elementor-element-a24ee80 elementor-widget elementor-widget-text-editor\" data-id=\"a24ee80\" data-element_type=\"widget\" data-e-type=\"widget\" data-widget_type=\"text-editor.default\">\n\t\t\t\t<div class=\"elementor-widget-container\">\n\t\t\t\t\t\t\t\t\t<p data-start=\"1391\" data-end=\"1514\"><strong data-start=\"1391\" data-end=\"1426\">1. K \u010demu se koupelov\u00e9 soli pou\u017e\u00edvaj\u00ed?<\/strong><br data-start=\"1426\" data-end=\"1429\" \/>Nejsou ur\u010deny k l\u00e9ka\u0159sk\u00e9mu pou\u017eit\u00ed a jsou zneu\u017e\u00edv\u00e1ny jako stimulanty pro do\u010dasn\u00e9 opojen\u00ed.<\/p>\n<p data-start=\"1516\" data-end=\"1629\"><strong data-start=\"1516\" data-end=\"1551\">2. Pro\u010d je koupelov\u00e1 s\u016fl nebezpe\u010dn\u00e1?<\/strong><br data-start=\"1551\" data-end=\"1554\" \/>Mohou zp\u016fsobit paranoiu, halucinace, v\u00fdbuchy n\u00e1sil\u00ed, a dokonce i smrt.<\/p>\n<p data-start=\"1631\" data-end=\"1757\"><strong data-start=\"1631\" data-end=\"1661\">3. Jak vypad\u00e1?<\/strong><br data-start=\"1661\" data-end=\"1664\" \/>Obvykle jemn\u00fd b\u00edl\u00fd nebo hn\u011bd\u00fd pr\u00e1\u0161ek prod\u00e1van\u00fd v plastov\u00fdch s\u00e1\u010dc\u00edch, lahvi\u010dk\u00e1ch nebo balen\u00edch s fale\u0161n\u00fdmi etiketami.<\/p>\n<p data-start=\"1759\" data-end=\"1880\"><strong data-start=\"1759\" data-end=\"1802\">4. M\u016f\u017ee si ji n\u011bkdo vz\u00edt, ani\u017e by o tom v\u011bd\u011bl?<\/strong><br data-start=\"1802\" data-end=\"1805\" \/>Ano, m\u016f\u017ee b\u00fdt p\u0159im\u00edch\u00e1n do jin\u00fdch drog nebo nespr\u00e1vn\u011b vyd\u00e1v\u00e1n za MDMA nebo kokain.<\/p>\n<p data-start=\"1882\" data-end=\"2027\"><strong data-start=\"1882\" data-end=\"1922\">5. Jak se m\u016f\u017ee n\u011bkdo vyhnout koupelov\u00e9 soli?<\/strong><br data-start=\"1922\" data-end=\"1925\" \/>Vyhn\u011bte se pou\u017e\u00edv\u00e1n\u00ed nezn\u00e1m\u00fdch pr\u00e1\u0161k\u016f nebo pilulek a nepou\u017e\u00edvejte v\u00fdrobky s ozna\u010den\u00edm \"nen\u00ed ur\u010deno k lidsk\u00e9 spot\u0159eb\u011b\".<\/p>\t\t\t\t\t\t\t\t<\/div>\n\t\t\t\t<\/div>\n\t\t\t\t<div class=\"elementor-element elementor-element-3c88435 elementor-widget elementor-widget-html\" data-id=\"3c88435\" data-element_type=\"widget\" data-e-type=\"widget\" data-widget_type=\"html.default\">\n\t\t\t\t<div class=\"elementor-widget-container\">\n\t\t\t\t\t<script type=\"application\/ld+json\">{\n    \"@context\": \"https:\\\/\\\/schema.org\",\n    \"@type\": \"WebPage\",\n    \"name\": \"What is Bath Salts?\",\n    \"url\": \"https:\\\/\\\/www.narconon.online\\\/glossary\\\/what-is-bath-salts\\\/\",\n    \"description\": \"Bath salts are synthetic stimulant drugs sold as white powders. Learn their risks, how they\\u2019re disguised, and why they\\u2019re unpredictable.\",\n    \"datePublished\": \"2025-07-23\",\n    \"publisher\": {\n        \"@type\": \"Organization\",\n        \"name\": \"Narconon Europe\",\n        \"url\": \"https:\\\/\\\/www.narcononeurope.dk\"\n    },\n    \"mainEntity\": {\n        \"@type\": \"FAQPage\",\n        \"mainEntity\": [\n            {\n                \"@type\": \"Question\",\n                \"name\": \"What is bath salts used for?\",\n                \"acceptedAnswer\": {\n                    \"@type\": \"Answer\",\n                    \"text\": \"They are not meant for medical use and are abused as stimulants for a temporary high.\"\n                }\n            },\n            {\n                \"@type\": \"Question\",\n                \"name\": \"Why is bath salts dangerous?\",\n                \"acceptedAnswer\": {\n                    \"@type\": \"Answer\",\n                    \"text\": \"They can cause paranoia, hallucinations, violent outbursts, and even death.\"\n                }\n            },\n            {\n                \"@type\": \"Question\",\n                \"name\": \"What does it look like?\",\n                \"acceptedAnswer\": {\n                    \"@type\": \"Answer\",\n                    \"text\": \"Usually a fine white or tan powder sold in plastic bags, vials, or packets with false labels.\"\n                }\n            },\n            {\n                \"@type\": \"Question\",\n                \"name\": \"Can someone take it without knowing?\",\n                \"acceptedAnswer\": {\n                    \"@type\": \"Answer\",\n                    \"text\": \"Yes, it can be mixed into other drugs or misrepresented as MDMA or cocaine.\"\n                }\n            },\n            {\n                \"@type\": \"Question\",\n                \"name\": \"How can someone avoid bath salts?\",\n                \"acceptedAnswer\": {\n                    \"@type\": \"Answer\",\n                    \"text\": \"Avoid using unknown powders or pills, and stay away from products labeled \\u201cnot for human consumption.\\u201d\"\n                }\n            }\n        ]\n    }\n}<\/script>\r\n\t\t\t\t<\/div>\n\t\t\t\t<\/div>\n\t\t\t\t\t<\/div>\n\t\t\t\t<\/div>\n\t\t\t\t<\/div>","protected":false},"excerpt":{"rendered":"<p>Bath salts are synthetic stimulant drugs chemically related to cathinones, which are compounds found in the khat plant. These drugs [&hellip;]<\/p>","protected":false},"author":43,"featured_media":0,"parent":5868,"menu_order":0,"comment_status":"closed","ping_status":"closed","template":"","meta":{"_acf_changed":false,"site-sidebar-layout":"default","site-content-layout":"","ast-site-content-layout":"default","site-content-style":"default","site-sidebar-style":"default","ast-global-header-display":"","ast-banner-title-visibility":"","ast-main-header-display":"","ast-hfb-above-header-display":"","ast-hfb-below-header-display":"","ast-hfb-mobile-header-display":"","site-post-title":"","ast-breadcrumbs-content":"","ast-featured-img":"","footer-sml-layout":"","ast-disable-related-posts":"","theme-transparent-header-meta":"","adv-header-id-meta":"","stick-header-meta":"","header-above-stick-meta":"","header-main-stick-meta":"","header-below-stick-meta":"","astra-migrate-meta-layouts":"default","ast-page-background-enabled":"default","ast-page-background-meta":{"desktop":{"background-color":"var(--ast-global-color-5)","background-image":"","background-repeat":"repeat","background-position":"center center","background-size":"auto","background-attachment":"scroll","background-type":"","background-media":"","overlay-type":"","overlay-color":"","overlay-opacity":"","overlay-gradient":""},"tablet":{"background-color":"","background-image":"","background-repeat":"repeat","background-position":"center center","background-size":"auto","background-attachment":"scroll","background-type":"","background-media":"","overlay-type":"","overlay-color":"","overlay-opacity":"","overlay-gradient":""},"mobile":{"background-color":"","background-image":"","background-repeat":"repeat","background-position":"center center","background-size":"auto","background-attachment":"scroll","background-type":"","background-media":"","overlay-type":"","overlay-color":"","overlay-opacity":"","overlay-gradient":""}},"ast-content-background-meta":{"desktop":{"background-color":"var(--ast-global-color-4)","background-image":"","background-repeat":"repeat","background-position":"center center","background-size":"auto","background-attachment":"scroll","background-type":"","background-media":"","overlay-type":"","overlay-color":"","overlay-opacity":"","overlay-gradient":""},"tablet":{"background-color":"var(--ast-global-color-4)","background-image":"","background-repeat":"repeat","background-position":"center center","background-size":"auto","background-attachment":"scroll","background-type":"","background-media":"","overlay-type":"","overlay-color":"","overlay-opacity":"","overlay-gradient":""},"mobile":{"background-color":"var(--ast-global-color-4)","background-image":"","background-repeat":"repeat","background-position":"center center","background-size":"auto","background-attachment":"scroll","background-type":"","background-media":"","overlay-type":"","overlay-color":"","overlay-opacity":"","overlay-gradient":""}},"footnotes":""},"class_list":["post-6043","page","type-page","status-publish","hentry"],"acf":[],"yoast_head":"<!-- This site is optimized with the Yoast SEO Premium plugin v26.6 (Yoast SEO v26.6) - https:\/\/yoast.com\/wordpress\/plugins\/seo\/ -->\n<title>What Is Bath Salts and Why They Are Dangerous<\/title>\n<meta name=\"description\" content=\"Discover what bath salts really are, their synthetic nature, and the serious health risks involved in their use.\" \/>\n<meta name=\"robots\" content=\"index, follow, max-snippet:-1, max-image-preview:large, max-video-preview:-1\" \/>\n<link rel=\"canonical\" href=\"https:\/\/www.narconon.online\/cs\/glosar\/co-je-koupelova-sul\/\" \/>\n<meta property=\"og:locale\" content=\"cs_CZ\" \/>\n<meta property=\"og:type\" content=\"article\" \/>\n<meta property=\"og:title\" content=\"What is Bath Salts?\" \/>\n<meta property=\"og:description\" content=\"Discover what bath salts really are, their synthetic nature, and the serious health risks involved in their use.\" \/>\n<meta property=\"og:url\" content=\"https:\/\/www.narconon.online\/cs\/glosar\/co-je-koupelova-sul\/\" \/>\n<meta property=\"og:site_name\" content=\"Narconon Europe\" \/>\n<meta property=\"article:publisher\" content=\"https:\/\/www.facebook.com\/narcononeu\" \/>\n<meta property=\"article:modified_time\" content=\"2025-07-24T12:52:08+00:00\" \/>\n<meta property=\"og:image\" content=\"https:\/\/www.narconon.online\/wp-content\/uploads\/2025\/07\/freepik__a-clean-reflective-surface-showing-four-lines-of-f__41435.webp\" \/>\n\t<meta property=\"og:image:width\" content=\"1392\" \/>\n\t<meta property=\"og:image:height\" content=\"752\" \/>\n\t<meta property=\"og:image:type\" content=\"image\/webp\" \/>\n<meta name=\"twitter:card\" content=\"summary_large_image\" \/>\n<meta name=\"twitter:site\" content=\"@NARCONONEurope\" \/>\n<meta name=\"twitter:label1\" content=\"Odhadovan\u00e1 doba \u010dten\u00ed\" \/>\n\t<meta name=\"twitter:data1\" content=\"2 minuty\" \/>\n<script type=\"application\/ld+json\" class=\"yoast-schema-graph\">{\"@context\":\"https:\/\/schema.org\",\"@graph\":[{\"@type\":\"WebPage\",\"@id\":\"https:\/\/www.narconon.online\/glossary\/what-is-bath-salts\/\",\"url\":\"https:\/\/www.narconon.online\/glossary\/what-is-bath-salts\/\",\"name\":\"What Is Bath Salts and Why They Are Dangerous\",\"isPartOf\":{\"@id\":\"https:\/\/www.narconon.online\/#website\"},\"primaryImageOfPage\":{\"@id\":\"https:\/\/www.narconon.online\/glossary\/what-is-bath-salts\/#primaryimage\"},\"image\":{\"@id\":\"https:\/\/www.narconon.online\/glossary\/what-is-bath-salts\/#primaryimage\"},\"thumbnailUrl\":\"https:\/\/www.narconon.online\/wp-content\/uploads\/2025\/07\/freepik__a-clean-reflective-surface-showing-four-lines-of-f__41435.webp\",\"datePublished\":\"2025-07-23T13:03:05+00:00\",\"dateModified\":\"2025-07-24T12:52:08+00:00\",\"description\":\"Discover what bath salts really are, their synthetic nature, and the serious health risks involved in their use.\",\"breadcrumb\":{\"@id\":\"https:\/\/www.narconon.online\/glossary\/what-is-bath-salts\/#breadcrumb\"},\"inLanguage\":\"cs\",\"potentialAction\":[{\"@type\":\"ReadAction\",\"target\":[\"https:\/\/www.narconon.online\/glossary\/what-is-bath-salts\/\"]}]},{\"@type\":\"ImageObject\",\"inLanguage\":\"cs\",\"@id\":\"https:\/\/www.narconon.online\/glossary\/what-is-bath-salts\/#primaryimage\",\"url\":\"https:\/\/www.narconon.online\/wp-content\/uploads\/2025\/07\/freepik__a-clean-reflective-surface-showing-four-lines-of-f__41435.webp\",\"contentUrl\":\"https:\/\/www.narconon.online\/wp-content\/uploads\/2025\/07\/freepik__a-clean-reflective-surface-showing-four-lines-of-f__41435.webp\"},{\"@type\":\"BreadcrumbList\",\"@id\":\"https:\/\/www.narconon.online\/glossary\/what-is-bath-salts\/#breadcrumb\",\"itemListElement\":[{\"@type\":\"ListItem\",\"position\":1,\"name\":\"Home\",\"item\":\"https:\/\/www.narconon.online\/\"},{\"@type\":\"ListItem\",\"position\":2,\"name\":\"Glossary of Drug Terms and Definitions\",\"item\":\"https:\/\/www.narconon.online\/glossary\/\"},{\"@type\":\"ListItem\",\"position\":3,\"name\":\"What is Bath Salts?\"}]},{\"@type\":\"WebSite\",\"@id\":\"https:\/\/www.narconon.online\/#website\",\"url\":\"https:\/\/www.narconon.online\/\",\"name\":\"Narconon Europe\",\"description\":\"Drug Free For Good\",\"publisher\":{\"@id\":\"https:\/\/www.narconon.online\/#organization\"},\"potentialAction\":[{\"@type\":\"SearchAction\",\"target\":{\"@type\":\"EntryPoint\",\"urlTemplate\":\"https:\/\/www.narconon.online\/?s={search_term_string}\"},\"query-input\":{\"@type\":\"PropertyValueSpecification\",\"valueRequired\":true,\"valueName\":\"search_term_string\"}}],\"inLanguage\":\"cs\"},{\"@type\":\"Organization\",\"@id\":\"https:\/\/www.narconon.online\/#organization\",\"name\":\"Narconon Europe\",\"url\":\"https:\/\/www.narconon.online\/\",\"logo\":{\"@type\":\"ImageObject\",\"inLanguage\":\"cs\",\"@id\":\"https:\/\/www.narconon.online\/#\/schema\/logo\/image\/\",\"url\":\"https:\/\/www.narconon.online\/wp-content\/uploads\/2025\/03\/Logo-Narconon-Europe-2.png\",\"contentUrl\":\"https:\/\/www.narconon.online\/wp-content\/uploads\/2025\/03\/Logo-Narconon-Europe-2.png\",\"width\":2000,\"height\":707,\"caption\":\"Narconon Europe\"},\"image\":{\"@id\":\"https:\/\/www.narconon.online\/#\/schema\/logo\/image\/\"},\"sameAs\":[\"https:\/\/www.facebook.com\/narcononeu\",\"https:\/\/x.com\/NARCONONEurope\",\"https:\/\/www.instagram.com\/narconon.europe\/\",\"https:\/\/www.youtube.com\/channel\/UCNUxvhoqZZCAxXCYO4K7MvA\",\"https:\/\/www.tiktok.com\/@narconon.europe\"]}]}<\/script>\n<!-- \/ Yoast SEO Premium plugin. -->","yoast_head_json":{"title":"Co je koupelov\u00e1 s\u016fl a pro\u010d je nebezpe\u010dn\u00e1?","description":"Zjist\u011bte, co to vlastn\u011b koupelov\u00e9 soli jsou, jak\u00e1 je jejich syntetick\u00e1 povaha a jak\u00e1 jsou v\u00e1\u017en\u00e1 zdravotn\u00ed rizika spojen\u00e1 s jejich u\u017e\u00edv\u00e1n\u00edm.","robots":{"index":"index","follow":"follow","max-snippet":"max-snippet:-1","max-image-preview":"max-image-preview:large","max-video-preview":"max-video-preview:-1"},"canonical":"https:\/\/www.narconon.online\/cs\/glosar\/co-je-koupelova-sul\/","og_locale":"cs_CZ","og_type":"article","og_title":"What is Bath Salts?","og_description":"Discover what bath salts really are, their synthetic nature, and the serious health risks involved in their use.","og_url":"https:\/\/www.narconon.online\/cs\/glosar\/co-je-koupelova-sul\/","og_site_name":"Narconon Europe","article_publisher":"https:\/\/www.facebook.com\/narcononeu","article_modified_time":"2025-07-24T12:52:08+00:00","og_image":[{"width":1392,"height":752,"url":"https:\/\/www.narconon.online\/wp-content\/uploads\/2025\/07\/freepik__a-clean-reflective-surface-showing-four-lines-of-f__41435.webp","type":"image\/webp"}],"twitter_card":"summary_large_image","twitter_site":"@NARCONONEurope","twitter_misc":{"Odhadovan\u00e1 doba \u010dten\u00ed":"2 minuty"},"schema":{"@context":"https:\/\/schema.org","@graph":[{"@type":"WebPage","@id":"https:\/\/www.narconon.online\/glossary\/what-is-bath-salts\/","url":"https:\/\/www.narconon.online\/glossary\/what-is-bath-salts\/","name":"Co je koupelov\u00e1 s\u016fl a pro\u010d je nebezpe\u010dn\u00e1?","isPartOf":{"@id":"https:\/\/www.narconon.online\/#website"},"primaryImageOfPage":{"@id":"https:\/\/www.narconon.online\/glossary\/what-is-bath-salts\/#primaryimage"},"image":{"@id":"https:\/\/www.narconon.online\/glossary\/what-is-bath-salts\/#primaryimage"},"thumbnailUrl":"https:\/\/www.narconon.online\/wp-content\/uploads\/2025\/07\/freepik__a-clean-reflective-surface-showing-four-lines-of-f__41435.webp","datePublished":"2025-07-23T13:03:05+00:00","dateModified":"2025-07-24T12:52:08+00:00","description":"Zjist\u011bte, co to vlastn\u011b koupelov\u00e9 soli jsou, jak\u00e1 je jejich syntetick\u00e1 povaha a jak\u00e1 jsou v\u00e1\u017en\u00e1 zdravotn\u00ed rizika spojen\u00e1 s jejich u\u017e\u00edv\u00e1n\u00edm.","breadcrumb":{"@id":"https:\/\/www.narconon.online\/glossary\/what-is-bath-salts\/#breadcrumb"},"inLanguage":"cs","potentialAction":[{"@type":"ReadAction","target":["https:\/\/www.narconon.online\/glossary\/what-is-bath-salts\/"]}]},{"@type":"ImageObject","inLanguage":"cs","@id":"https:\/\/www.narconon.online\/glossary\/what-is-bath-salts\/#primaryimage","url":"https:\/\/www.narconon.online\/wp-content\/uploads\/2025\/07\/freepik__a-clean-reflective-surface-showing-four-lines-of-f__41435.webp","contentUrl":"https:\/\/www.narconon.online\/wp-content\/uploads\/2025\/07\/freepik__a-clean-reflective-surface-showing-four-lines-of-f__41435.webp"},{"@type":"BreadcrumbList","@id":"https:\/\/www.narconon.online\/glossary\/what-is-bath-salts\/#breadcrumb","itemListElement":[{"@type":"ListItem","position":1,"name":"Home","item":"https:\/\/www.narconon.online\/"},{"@type":"ListItem","position":2,"name":"Glossary of Drug Terms and Definitions","item":"https:\/\/www.narconon.online\/glossary\/"},{"@type":"ListItem","position":3,"name":"What is Bath Salts?"}]},{"@type":"WebSite","@id":"https:\/\/www.narconon.online\/#website","url":"https:\/\/www.narconon.online\/","name":"Narconon Evropa","description":"Bez drog napo\u0159\u00e1d","publisher":{"@id":"https:\/\/www.narconon.online\/#organization"},"potentialAction":[{"@type":"SearchAction","target":{"@type":"EntryPoint","urlTemplate":"https:\/\/www.narconon.online\/?s={search_term_string}"},"query-input":{"@type":"PropertyValueSpecification","valueRequired":true,"valueName":"search_term_string"}}],"inLanguage":"cs"},{"@type":"Organization","@id":"https:\/\/www.narconon.online\/#organization","name":"Narconon Evropa","url":"https:\/\/www.narconon.online\/","logo":{"@type":"ImageObject","inLanguage":"cs","@id":"https:\/\/www.narconon.online\/#\/schema\/logo\/image\/","url":"https:\/\/www.narconon.online\/wp-content\/uploads\/2025\/03\/Logo-Narconon-Europe-2.png","contentUrl":"https:\/\/www.narconon.online\/wp-content\/uploads\/2025\/03\/Logo-Narconon-Europe-2.png","width":2000,"height":707,"caption":"Narconon Europe"},"image":{"@id":"https:\/\/www.narconon.online\/#\/schema\/logo\/image\/"},"sameAs":["https:\/\/www.facebook.com\/narcononeu","https:\/\/x.com\/NARCONONEurope","https:\/\/www.instagram.com\/narconon.europe\/","https:\/\/www.youtube.com\/channel\/UCNUxvhoqZZCAxXCYO4K7MvA","https:\/\/www.tiktok.com\/@narconon.europe"]}]}},"_links":{"self":[{"href":"https:\/\/www.narconon.online\/cs\/wp-json\/wp\/v2\/pages\/6043","targetHints":{"allow":["GET"]}}],"collection":[{"href":"https:\/\/www.narconon.online\/cs\/wp-json\/wp\/v2\/pages"}],"about":[{"href":"https:\/\/www.narconon.online\/cs\/wp-json\/wp\/v2\/types\/page"}],"author":[{"embeddable":true,"href":"https:\/\/www.narconon.online\/cs\/wp-json\/wp\/v2\/users\/43"}],"replies":[{"embeddable":true,"href":"https:\/\/www.narconon.online\/cs\/wp-json\/wp\/v2\/comments?post=6043"}],"version-history":[{"count":13,"href":"https:\/\/www.narconon.online\/cs\/wp-json\/wp\/v2\/pages\/6043\/revisions"}],"predecessor-version":[{"id":6545,"href":"https:\/\/www.narconon.online\/cs\/wp-json\/wp\/v2\/pages\/6043\/revisions\/6545"}],"up":[{"embeddable":true,"href":"https:\/\/www.narconon.online\/cs\/wp-json\/wp\/v2\/pages\/5868"}],"wp:attachment":[{"href":"https:\/\/www.narconon.online\/cs\/wp-json\/wp\/v2\/media?parent=6043"}],"curies":[{"name":"wp","href":"https:\/\/api.w.org\/{rel}","templated":true}]}}