{"id":6036,"date":"2025-07-23T14:52:38","date_gmt":"2025-07-23T12:52:38","guid":{"rendered":"https:\/\/www.narconon.online\/?page_id=6036"},"modified":"2025-07-24T15:33:55","modified_gmt":"2025-07-24T13:33:55","slug":"co-jsou-amfetaminy","status":"publish","type":"page","link":"https:\/\/www.narconon.online\/cs\/glosar\/co-jsou-amfetaminy\/","title":{"rendered":"Co jsou amfetaminy?"},"content":{"rendered":"<div data-elementor-type=\"wp-page\" data-elementor-id=\"6036\" class=\"elementor elementor-6036\" data-elementor-post-type=\"page\">\n\t\t\t\t<div class=\"elementor-element elementor-element-14d08559 e-flex e-con-boxed e-con e-parent\" data-id=\"14d08559\" data-element_type=\"container\" data-e-type=\"container\">\n\t\t\t\t\t<div class=\"e-con-inner\">\n\t\t<div class=\"elementor-element elementor-element-1cae676 e-grid e-con-full e-con e-child\" data-id=\"1cae676\" data-element_type=\"container\" data-e-type=\"container\">\n\t\t\t\t<div class=\"elementor-element elementor-element-ddfcbba elementor-widget elementor-widget-text-editor\" data-id=\"ddfcbba\" data-element_type=\"widget\" data-e-type=\"widget\" data-widget_type=\"text-editor.default\">\n\t\t\t\t<div class=\"elementor-widget-container\">\n\t\t\t\t\t\t\t\t\t<p data-start=\"511\" data-end=\"712\"><strong data-start=\"511\" data-end=\"557\">Amfetaminy jsou syntetick\u00e9 stimula\u010dn\u00ed drogy.<\/strong> kter\u00e9 ovliv\u0148uj\u00ed centr\u00e1ln\u00ed nervov\u00fd syst\u00e9m. B\u011b\u017en\u011b se vyskytuj\u00ed <strong data-start=\"616\" data-end=\"653\">p\u0159edepsan\u00e9 pro ADHD nebo narkolepsii.<\/strong>, ale jsou tak\u00e9 <strong data-start=\"668\" data-end=\"711\">zneu\u017e\u00edv\u00e1ny ke zv\u00fd\u0161en\u00ed energie, soust\u0159ed\u011bn\u00ed nebo n\u00e1lady.<\/strong>.<\/p>\n<p data-start=\"714\" data-end=\"974\">Obvykle se objevuj\u00ed jako <strong data-start=\"739\" data-end=\"777\">tablety, kapsle nebo b\u00edl\u00fd pr\u00e1\u0161ek<\/strong>. Neleg\u00e1ln\u00ed amfetaminy se \u010dasto naz\u00fdvaj\u00ed <strong data-start=\"817\" data-end=\"840\">\"speed\" nebo \"uppers\"<\/strong>a m\u016f\u017ee b\u00fdt <strong data-start=\"853\" data-end=\"896\">po\u017eit\u00ed, \u0161\u0148up\u00e1n\u00ed, kou\u0159en\u00ed nebo injek\u010dn\u00ed aplikace.<\/strong>. Zneu\u017eit\u00ed m\u016f\u017ee v\u00e9st k <strong data-start=\"916\" data-end=\"944\">neklid, agresivita<\/strong>a <strong data-start=\"950\" data-end=\"973\">nepravideln\u00fd srde\u010dn\u00ed tep<\/strong>.<\/p>\n<p data-start=\"976\" data-end=\"1143\">Dlouhodob\u00e9 zneu\u017e\u00edv\u00e1n\u00ed zvy\u0161uje riziko <strong data-start=\"1015\" data-end=\"1047\">z\u00e1vislost, \u00fazkost, paranoia<\/strong>a <strong data-start=\"1053\" data-end=\"1086\">z\u00e1va\u017en\u00e9 kardiovaskul\u00e1rn\u00ed probl\u00e9my<\/strong>. I kr\u00e1tkodob\u00e9 zneu\u017e\u00edv\u00e1n\u00ed m\u016f\u017ee zp\u016fsobit nebezpe\u010dn\u00e9 vedlej\u0161\u00ed \u00fa\u010dinky.<\/p>\t\t\t\t\t\t\t\t<\/div>\n\t\t\t\t<\/div>\n\t\t\t\t<div class=\"elementor-element elementor-element-8f955ba elementor-widget elementor-widget-image\" data-id=\"8f955ba\" data-element_type=\"widget\" data-e-type=\"widget\" data-widget_type=\"image.default\">\n\t\t\t\t<div class=\"elementor-widget-container\">\n\t\t\t\t\t\t\t\t\t\t\t\t\t\t\t<img fetchpriority=\"high\" decoding=\"async\" width=\"1392\" height=\"752\" src=\"https:\/\/www.narconon.online\/wp-content\/uploads\/2025\/07\/freepik__a-clean-studio-image-showing-three-common-forms-of__41434.webp\" class=\"attachment-full size-full wp-image-6038\" alt=\"Amfetamin se vyskytuje ve t\u0159ech form\u00e1ch: \u010dir\u00e1 z\u00e1kladn\u00ed kapalina v lahvi\u010dce, b\u00edl\u00fd pr\u00e1\u0161ek v plastov\u00e9m s\u00e1\u010dku a barevn\u00e9 tablety s logem.\" srcset=\"https:\/\/www.narconon.online\/wp-content\/uploads\/2025\/07\/freepik__a-clean-studio-image-showing-three-common-forms-of__41434.webp 1392w, https:\/\/www.narconon.online\/wp-content\/uploads\/2025\/07\/freepik__a-clean-studio-image-showing-three-common-forms-of__41434-300x162.webp 300w, https:\/\/www.narconon.online\/wp-content\/uploads\/2025\/07\/freepik__a-clean-studio-image-showing-three-common-forms-of__41434-1024x553.webp 1024w, https:\/\/www.narconon.online\/wp-content\/uploads\/2025\/07\/freepik__a-clean-studio-image-showing-three-common-forms-of__41434-768x415.webp 768w, https:\/\/www.narconon.online\/wp-content\/uploads\/2025\/07\/freepik__a-clean-studio-image-showing-three-common-forms-of__41434-18x10.webp 18w\" sizes=\"(max-width: 1392px) 100vw, 1392px\" \/>\t\t\t\t\t\t\t\t\t\t\t\t\t\t\t<\/div>\n\t\t\t\t<\/div>\n\t\t\t\t<\/div>\n\t\t\t\t\t<\/div>\n\t\t\t\t<\/div>\n\t\t<div class=\"elementor-element elementor-element-064fdba e-flex e-con-boxed e-con e-parent\" data-id=\"064fdba\" data-element_type=\"container\" data-e-type=\"container\">\n\t\t\t\t\t<div class=\"e-con-inner\">\n\t\t<div class=\"elementor-element elementor-element-ecec8f5 e-grid e-con-full e-con e-child\" data-id=\"ecec8f5\" data-element_type=\"container\" data-e-type=\"container\">\n\t\t\t\t<div class=\"elementor-element elementor-element-0f0e55c elementor-widget elementor-widget-text-editor\" data-id=\"0f0e55c\" data-element_type=\"widget\" data-e-type=\"widget\" data-widget_type=\"text-editor.default\">\n\t\t\t\t<div class=\"elementor-widget-container\">\n\t\t\t\t\t\t\t\t\t<h3 id=\"h-related-terms\" class=\"wp-block-heading\">\ud83e\udde0 Souvisej\u00edc\u00ed term\u00edny<\/h3>\n<ul>\n<li data-start=\"1025\" data-end=\"1074\">\n<p data-start=\"1027\" data-end=\"1074\"><a class=\"cursor-pointer\" href=\"https:\/\/www.narconon.online\/cs\/glosar\/co-jsou-stimulanty\/\" rel=\"noopener\" data-start=\"1027\" data-end=\"1072\">Stimulanty<\/a><\/p>\n<\/li>\n<li data-start=\"1075\" data-end=\"1110\">\n<p data-start=\"1077\" data-end=\"1110\"><a href=\"https:\/\/www.narconon.online\/cs\/glosar\/co-je-metamfetamin\/\">Metamfetaminy<\/a><\/p>\n<\/li>\n<li data-start=\"1194\" data-end=\"1224\">\n<p data-start=\"1196\" data-end=\"1224\"><a class=\"\" href=\"\/cs\/glosar\/\" rel=\"noopener\" data-start=\"1196\" data-end=\"1224\">Glos\u00e1\u0159 Rejst\u0159\u00edk<\/a><\/p>\n<\/li>\n<\/ul>\t\t\t\t\t\t\t\t<\/div>\n\t\t\t\t<\/div>\n\t\t\t\t<div class=\"elementor-element elementor-element-03e5102 elementor-widget elementor-widget-text-editor\" data-id=\"03e5102\" data-element_type=\"widget\" data-e-type=\"widget\" data-widget_type=\"text-editor.default\">\n\t\t\t\t<div class=\"elementor-widget-container\">\n\t\t\t\t\t\t\t\t\t<p id=\"h-related-terms\" class=\"wp-block-heading\">\ud83d\udc49 Zjist\u011bte v\u00edce o prevenci:<br \/><a class=\"\" href=\"https:\/\/www.narcononeurope.dk\/en\/drug-abuse\/\" target=\"_blank\" rel=\"noopener\">Narconon Evropa - Pomoc p\u0159i zneu\u017e\u00edv\u00e1n\u00ed drog<\/a><\/p>\n<p><!-- \/wp:list-item --><\/p>\n<p><!-- \/wp:list --><!-- wp:paragraph --><\/p>\n<p>\ud83d\udc49 Dal\u0161\u00ed vzd\u011bl\u00e1vac\u00ed obsah naleznete v na\u0161em <a class=\"\" href=\"https:\/\/www.narconon.online\/cs\/materialy-pro-protidrogovou-prevenci\/\">Materi\u00e1ly pro protidrogov\u00e9 vzd\u011bl\u00e1v\u00e1n\u00ed a prevenci<\/a><\/p>\t\t\t\t\t\t\t\t<\/div>\n\t\t\t\t<\/div>\n\t\t\t\t<\/div>\n\t\t\t\t<div class=\"elementor-element elementor-element-1497776 elementor-widget elementor-widget-heading\" data-id=\"1497776\" data-element_type=\"widget\" data-e-type=\"widget\" data-widget_type=\"heading.default\">\n\t\t\t\t<div class=\"elementor-widget-container\">\n\t\t\t\t\t<h2 class=\"elementor-heading-title elementor-size-default\">\u2753 \u010casto kladen\u00e9 ot\u00e1zky o amfetaminech<\/h2>\t\t\t\t<\/div>\n\t\t\t\t<\/div>\n\t\t\t\t<div class=\"elementor-element elementor-element-a24ee80 elementor-widget elementor-widget-text-editor\" data-id=\"a24ee80\" data-element_type=\"widget\" data-e-type=\"widget\" data-widget_type=\"text-editor.default\">\n\t\t\t\t<div class=\"elementor-widget-container\">\n\t\t\t\t\t\t\t\t\t<p data-start=\"261\" data-end=\"399\"><strong data-start=\"261\" data-end=\"298\">1. K \u010demu se amfetaminy pou\u017e\u00edvaj\u00ed?<\/strong><br data-start=\"298\" data-end=\"301\" \/>P\u0159edepisuj\u00ed se p\u0159i ADHD nebo narkolepsii, ale jsou tak\u00e9 zneu\u017e\u00edv\u00e1ny pro zv\u00fd\u0161en\u00ed energie nebo bd\u011blosti.<\/p>\n<p data-start=\"401\" data-end=\"516\"><strong data-start=\"401\" data-end=\"438\">2. Pro\u010d jsou amfetaminy nebezpe\u010dn\u00e9?<\/strong><br data-start=\"438\" data-end=\"441\" \/>Mohou v\u00e9st k srde\u010dn\u00edm pot\u00ed\u017e\u00edm, z\u00e1vislosti, paranoie a nevyzpytateln\u00e9mu chov\u00e1n\u00ed.<\/p>\n<p data-start=\"518\" data-end=\"650\"><strong data-start=\"518\" data-end=\"548\">3. Jak vypad\u00e1?<\/strong><br data-start=\"548\" data-end=\"551\" \/>M\u016f\u017ee m\u00edt podobu mal\u00fdch pilulek, kapsl\u00ed nebo pr\u00e1\u0161ku - \u010dasto b\u00edl\u00e9 barvy a prod\u00e1v\u00e1 se v plastov\u00fdch obalech nebo s\u00e1\u010dc\u00edch.<\/p>\n<p data-start=\"652\" data-end=\"770\"><strong data-start=\"652\" data-end=\"695\">4. M\u016f\u017ee si ji n\u011bkdo vz\u00edt, ani\u017e by o tom v\u011bd\u011bl?<\/strong><br data-start=\"695\" data-end=\"698\" \/>Ano, m\u016f\u017ee b\u00fdt p\u0159im\u00edch\u00e1n do jin\u00fdch l\u00e1tek nebo zamaskov\u00e1n jako jin\u00e1 pilulka.<\/p>\n<p data-start=\"772\" data-end=\"915\"><strong data-start=\"772\" data-end=\"814\">5. Jak se m\u016f\u017ee n\u011bkdo vyhnout amfetamin\u016fm?<\/strong><br data-start=\"814\" data-end=\"817\" \/>Pou\u017e\u00edvejte pouze p\u0159edepsan\u00e9 l\u00e9ky, vyhn\u011bte se nezn\u00e1m\u00fdm tablet\u00e1m a pou\u010dte se o rizic\u00edch stimula\u010dn\u00edch drog.<\/p>\t\t\t\t\t\t\t\t<\/div>\n\t\t\t\t<\/div>\n\t\t\t\t<div class=\"elementor-element elementor-element-3c88435 elementor-widget elementor-widget-html\" data-id=\"3c88435\" data-element_type=\"widget\" data-e-type=\"widget\" data-widget_type=\"html.default\">\n\t\t\t\t<div class=\"elementor-widget-container\">\n\t\t\t\t\t<script type=\"application\/ld+json\">{\n    \"@context\": \"https:\\\/\\\/schema.org\",\n    \"@type\": \"WebPage\",\n    \"name\": \"What is Amphetamines?\",\n    \"url\": \"https:\\\/\\\/www.narconon.online\\\/glossary\\\/what-is-amphetamines\\\/\",\n    \"description\": \"Amphetamines are stimulant drugs sometimes prescribed for ADHD or narcolepsy. Learn their risks, forms, and how to avoid misuse.\",\n    \"datePublished\": \"2025-07-23\",\n    \"publisher\": {\n        \"@type\": \"Organization\",\n        \"name\": \"Narconon Europe\",\n        \"url\": \"https:\\\/\\\/www.narcononeurope.dk\"\n    },\n    \"mainEntity\": {\n        \"@type\": \"FAQPage\",\n        \"mainEntity\": [\n            {\n                \"@type\": \"Question\",\n                \"name\": \"What is amphetamines used for?\",\n                \"acceptedAnswer\": {\n                    \"@type\": \"Answer\",\n                    \"text\": \"They are prescribed for ADHD or narcolepsy but are also misused for increased energy or alertness.\"\n                }\n            },\n            {\n                \"@type\": \"Question\",\n                \"name\": \"Why is amphetamines dangerous?\",\n                \"acceptedAnswer\": {\n                    \"@type\": \"Answer\",\n                    \"text\": \"They can lead to heart problems, addiction, paranoia, and erratic behavior.\"\n                }\n            },\n            {\n                \"@type\": \"Question\",\n                \"name\": \"What does it look like?\",\n                \"acceptedAnswer\": {\n                    \"@type\": \"Answer\",\n                    \"text\": \"It can appear as small pills, capsules, or powder\\u2014often white and sold in plastic wraps or baggies.\"\n                }\n            },\n            {\n                \"@type\": \"Question\",\n                \"name\": \"Can someone take it without knowing?\",\n                \"acceptedAnswer\": {\n                    \"@type\": \"Answer\",\n                    \"text\": \"Yes, it may be mixed into other substances or disguised as another pill.\"\n                }\n            },\n            {\n                \"@type\": \"Question\",\n                \"name\": \"How can someone avoid amphetamines?\",\n                \"acceptedAnswer\": {\n                    \"@type\": \"Answer\",\n                    \"text\": \"Use only prescribed medication, avoid unknown pills, and educate yourself on stimulant drug risks.\"\n                }\n            }\n        ]\n    }\n}<\/script>\r\n\t\t\t\t<\/div>\n\t\t\t\t<\/div>\n\t\t\t\t\t<\/div>\n\t\t\t\t<\/div>\n\t\t\t\t<\/div>","protected":false},"excerpt":{"rendered":"<p>Amphetamines are synthetic stimulant drugs that affect the central nervous system. They are commonly prescribed for ADHD or narcolepsy, but [&hellip;]<\/p>","protected":false},"author":43,"featured_media":0,"parent":5868,"menu_order":0,"comment_status":"closed","ping_status":"closed","template":"","meta":{"_acf_changed":false,"site-sidebar-layout":"default","site-content-layout":"","ast-site-content-layout":"default","site-content-style":"default","site-sidebar-style":"default","ast-global-header-display":"","ast-banner-title-visibility":"","ast-main-header-display":"","ast-hfb-above-header-display":"","ast-hfb-below-header-display":"","ast-hfb-mobile-header-display":"","site-post-title":"","ast-breadcrumbs-content":"","ast-featured-img":"","footer-sml-layout":"","ast-disable-related-posts":"","theme-transparent-header-meta":"","adv-header-id-meta":"","stick-header-meta":"","header-above-stick-meta":"","header-main-stick-meta":"","header-below-stick-meta":"","astra-migrate-meta-layouts":"default","ast-page-background-enabled":"default","ast-page-background-meta":{"desktop":{"background-color":"var(--ast-global-color-5)","background-image":"","background-repeat":"repeat","background-position":"center center","background-size":"auto","background-attachment":"scroll","background-type":"","background-media":"","overlay-type":"","overlay-color":"","overlay-opacity":"","overlay-gradient":""},"tablet":{"background-color":"","background-image":"","background-repeat":"repeat","background-position":"center center","background-size":"auto","background-attachment":"scroll","background-type":"","background-media":"","overlay-type":"","overlay-color":"","overlay-opacity":"","overlay-gradient":""},"mobile":{"background-color":"","background-image":"","background-repeat":"repeat","background-position":"center center","background-size":"auto","background-attachment":"scroll","background-type":"","background-media":"","overlay-type":"","overlay-color":"","overlay-opacity":"","overlay-gradient":""}},"ast-content-background-meta":{"desktop":{"background-color":"var(--ast-global-color-4)","background-image":"","background-repeat":"repeat","background-position":"center center","background-size":"auto","background-attachment":"scroll","background-type":"","background-media":"","overlay-type":"","overlay-color":"","overlay-opacity":"","overlay-gradient":""},"tablet":{"background-color":"var(--ast-global-color-4)","background-image":"","background-repeat":"repeat","background-position":"center center","background-size":"auto","background-attachment":"scroll","background-type":"","background-media":"","overlay-type":"","overlay-color":"","overlay-opacity":"","overlay-gradient":""},"mobile":{"background-color":"var(--ast-global-color-4)","background-image":"","background-repeat":"repeat","background-position":"center center","background-size":"auto","background-attachment":"scroll","background-type":"","background-media":"","overlay-type":"","overlay-color":"","overlay-opacity":"","overlay-gradient":""}},"footnotes":""},"class_list":["post-6036","page","type-page","status-publish","hentry"],"acf":[],"yoast_head":"<!-- This site is optimized with the Yoast SEO Premium plugin v26.6 (Yoast SEO v26.6) - https:\/\/yoast.com\/wordpress\/plugins\/seo\/ -->\n<title>What Are Amphetamines: Risks and Effects<\/title>\n<meta name=\"description\" content=\"Explore what are amphetamines, their uses, and the risks of misuse for energy and focus. Learn more about their effects.\" \/>\n<meta name=\"robots\" content=\"index, follow, max-snippet:-1, max-image-preview:large, max-video-preview:-1\" \/>\n<link rel=\"canonical\" href=\"https:\/\/www.narconon.online\/cs\/glosar\/co-jsou-amfetaminy\/\" \/>\n<meta property=\"og:locale\" content=\"cs_CZ\" \/>\n<meta property=\"og:type\" content=\"article\" \/>\n<meta property=\"og:title\" content=\"What are Amphetamines?\" \/>\n<meta property=\"og:description\" content=\"Explore what are amphetamines, their uses, and the risks of misuse for energy and focus. Learn more about their effects.\" \/>\n<meta property=\"og:url\" content=\"https:\/\/www.narconon.online\/cs\/glosar\/co-jsou-amfetaminy\/\" \/>\n<meta property=\"og:site_name\" content=\"Narconon Europe\" \/>\n<meta property=\"article:publisher\" content=\"https:\/\/www.facebook.com\/narcononeu\" \/>\n<meta property=\"article:modified_time\" content=\"2025-07-24T13:33:55+00:00\" \/>\n<meta property=\"og:image\" content=\"https:\/\/www.narconon.online\/wp-content\/uploads\/2025\/07\/freepik__a-clean-studio-image-showing-three-common-forms-of__41434.webp\" \/>\n\t<meta property=\"og:image:width\" content=\"1392\" \/>\n\t<meta property=\"og:image:height\" content=\"752\" \/>\n\t<meta property=\"og:image:type\" content=\"image\/webp\" \/>\n<meta name=\"twitter:card\" content=\"summary_large_image\" \/>\n<meta name=\"twitter:site\" content=\"@NARCONONEurope\" \/>\n<meta name=\"twitter:label1\" content=\"Odhadovan\u00e1 doba \u010dten\u00ed\" \/>\n\t<meta name=\"twitter:data1\" content=\"2 minuty\" \/>\n<script type=\"application\/ld+json\" class=\"yoast-schema-graph\">{\"@context\":\"https:\/\/schema.org\",\"@graph\":[{\"@type\":\"WebPage\",\"@id\":\"https:\/\/www.narconon.online\/glossary\/what-are-amphetamines\/\",\"url\":\"https:\/\/www.narconon.online\/glossary\/what-are-amphetamines\/\",\"name\":\"What Are Amphetamines: Risks and Effects\",\"isPartOf\":{\"@id\":\"https:\/\/www.narconon.online\/#website\"},\"primaryImageOfPage\":{\"@id\":\"https:\/\/www.narconon.online\/glossary\/what-are-amphetamines\/#primaryimage\"},\"image\":{\"@id\":\"https:\/\/www.narconon.online\/glossary\/what-are-amphetamines\/#primaryimage\"},\"thumbnailUrl\":\"https:\/\/www.narconon.online\/wp-content\/uploads\/2025\/07\/freepik__a-clean-studio-image-showing-three-common-forms-of__41434.webp\",\"datePublished\":\"2025-07-23T12:52:38+00:00\",\"dateModified\":\"2025-07-24T13:33:55+00:00\",\"description\":\"Explore what are amphetamines, their uses, and the risks of misuse for energy and focus. Learn more about their effects.\",\"breadcrumb\":{\"@id\":\"https:\/\/www.narconon.online\/glossary\/what-are-amphetamines\/#breadcrumb\"},\"inLanguage\":\"cs\",\"potentialAction\":[{\"@type\":\"ReadAction\",\"target\":[\"https:\/\/www.narconon.online\/glossary\/what-are-amphetamines\/\"]}]},{\"@type\":\"ImageObject\",\"inLanguage\":\"cs\",\"@id\":\"https:\/\/www.narconon.online\/glossary\/what-are-amphetamines\/#primaryimage\",\"url\":\"https:\/\/www.narconon.online\/wp-content\/uploads\/2025\/07\/freepik__a-clean-studio-image-showing-three-common-forms-of__41434.webp\",\"contentUrl\":\"https:\/\/www.narconon.online\/wp-content\/uploads\/2025\/07\/freepik__a-clean-studio-image-showing-three-common-forms-of__41434.webp\"},{\"@type\":\"BreadcrumbList\",\"@id\":\"https:\/\/www.narconon.online\/glossary\/what-are-amphetamines\/#breadcrumb\",\"itemListElement\":[{\"@type\":\"ListItem\",\"position\":1,\"name\":\"Home\",\"item\":\"https:\/\/www.narconon.online\/\"},{\"@type\":\"ListItem\",\"position\":2,\"name\":\"Glossary of Drug Terms and Definitions\",\"item\":\"https:\/\/www.narconon.online\/glossary\/\"},{\"@type\":\"ListItem\",\"position\":3,\"name\":\"What are Amphetamines?\"}]},{\"@type\":\"WebSite\",\"@id\":\"https:\/\/www.narconon.online\/#website\",\"url\":\"https:\/\/www.narconon.online\/\",\"name\":\"Narconon Europe\",\"description\":\"Drug Free For Good\",\"publisher\":{\"@id\":\"https:\/\/www.narconon.online\/#organization\"},\"potentialAction\":[{\"@type\":\"SearchAction\",\"target\":{\"@type\":\"EntryPoint\",\"urlTemplate\":\"https:\/\/www.narconon.online\/?s={search_term_string}\"},\"query-input\":{\"@type\":\"PropertyValueSpecification\",\"valueRequired\":true,\"valueName\":\"search_term_string\"}}],\"inLanguage\":\"cs\"},{\"@type\":\"Organization\",\"@id\":\"https:\/\/www.narconon.online\/#organization\",\"name\":\"Narconon Europe\",\"url\":\"https:\/\/www.narconon.online\/\",\"logo\":{\"@type\":\"ImageObject\",\"inLanguage\":\"cs\",\"@id\":\"https:\/\/www.narconon.online\/#\/schema\/logo\/image\/\",\"url\":\"https:\/\/www.narconon.online\/wp-content\/uploads\/2025\/03\/Logo-Narconon-Europe-2.png\",\"contentUrl\":\"https:\/\/www.narconon.online\/wp-content\/uploads\/2025\/03\/Logo-Narconon-Europe-2.png\",\"width\":2000,\"height\":707,\"caption\":\"Narconon Europe\"},\"image\":{\"@id\":\"https:\/\/www.narconon.online\/#\/schema\/logo\/image\/\"},\"sameAs\":[\"https:\/\/www.facebook.com\/narcononeu\",\"https:\/\/x.com\/NARCONONEurope\",\"https:\/\/www.instagram.com\/narconon.europe\/\",\"https:\/\/www.youtube.com\/channel\/UCNUxvhoqZZCAxXCYO4K7MvA\",\"https:\/\/www.tiktok.com\/@narconon.europe\"]}]}<\/script>\n<!-- \/ Yoast SEO Premium plugin. -->","yoast_head_json":{"title":"Co jsou amfetaminy: Jak\u00e1 jsou rizika a \u00fa\u010dinky amfetaminu?","description":"Prozkoumejte, co jsou amfetaminy, jejich pou\u017eit\u00ed a rizika zneu\u017eit\u00ed pro z\u00edsk\u00e1n\u00ed energie a soust\u0159ed\u011bn\u00ed. Zjist\u011bte v\u00edce o jejich \u00fa\u010dinc\u00edch.","robots":{"index":"index","follow":"follow","max-snippet":"max-snippet:-1","max-image-preview":"max-image-preview:large","max-video-preview":"max-video-preview:-1"},"canonical":"https:\/\/www.narconon.online\/cs\/glosar\/co-jsou-amfetaminy\/","og_locale":"cs_CZ","og_type":"article","og_title":"What are Amphetamines?","og_description":"Explore what are amphetamines, their uses, and the risks of misuse for energy and focus. Learn more about their effects.","og_url":"https:\/\/www.narconon.online\/cs\/glosar\/co-jsou-amfetaminy\/","og_site_name":"Narconon Europe","article_publisher":"https:\/\/www.facebook.com\/narcononeu","article_modified_time":"2025-07-24T13:33:55+00:00","og_image":[{"width":1392,"height":752,"url":"https:\/\/www.narconon.online\/wp-content\/uploads\/2025\/07\/freepik__a-clean-studio-image-showing-three-common-forms-of__41434.webp","type":"image\/webp"}],"twitter_card":"summary_large_image","twitter_site":"@NARCONONEurope","twitter_misc":{"Odhadovan\u00e1 doba \u010dten\u00ed":"2 minuty"},"schema":{"@context":"https:\/\/schema.org","@graph":[{"@type":"WebPage","@id":"https:\/\/www.narconon.online\/glossary\/what-are-amphetamines\/","url":"https:\/\/www.narconon.online\/glossary\/what-are-amphetamines\/","name":"Co jsou amfetaminy: Jak\u00e1 jsou rizika a \u00fa\u010dinky amfetaminu?","isPartOf":{"@id":"https:\/\/www.narconon.online\/#website"},"primaryImageOfPage":{"@id":"https:\/\/www.narconon.online\/glossary\/what-are-amphetamines\/#primaryimage"},"image":{"@id":"https:\/\/www.narconon.online\/glossary\/what-are-amphetamines\/#primaryimage"},"thumbnailUrl":"https:\/\/www.narconon.online\/wp-content\/uploads\/2025\/07\/freepik__a-clean-studio-image-showing-three-common-forms-of__41434.webp","datePublished":"2025-07-23T12:52:38+00:00","dateModified":"2025-07-24T13:33:55+00:00","description":"Prozkoumejte, co jsou amfetaminy, jejich pou\u017eit\u00ed a rizika zneu\u017eit\u00ed pro z\u00edsk\u00e1n\u00ed energie a soust\u0159ed\u011bn\u00ed. Zjist\u011bte v\u00edce o jejich \u00fa\u010dinc\u00edch.","breadcrumb":{"@id":"https:\/\/www.narconon.online\/glossary\/what-are-amphetamines\/#breadcrumb"},"inLanguage":"cs","potentialAction":[{"@type":"ReadAction","target":["https:\/\/www.narconon.online\/glossary\/what-are-amphetamines\/"]}]},{"@type":"ImageObject","inLanguage":"cs","@id":"https:\/\/www.narconon.online\/glossary\/what-are-amphetamines\/#primaryimage","url":"https:\/\/www.narconon.online\/wp-content\/uploads\/2025\/07\/freepik__a-clean-studio-image-showing-three-common-forms-of__41434.webp","contentUrl":"https:\/\/www.narconon.online\/wp-content\/uploads\/2025\/07\/freepik__a-clean-studio-image-showing-three-common-forms-of__41434.webp"},{"@type":"BreadcrumbList","@id":"https:\/\/www.narconon.online\/glossary\/what-are-amphetamines\/#breadcrumb","itemListElement":[{"@type":"ListItem","position":1,"name":"Home","item":"https:\/\/www.narconon.online\/"},{"@type":"ListItem","position":2,"name":"Glossary of Drug Terms and Definitions","item":"https:\/\/www.narconon.online\/glossary\/"},{"@type":"ListItem","position":3,"name":"What are Amphetamines?"}]},{"@type":"WebSite","@id":"https:\/\/www.narconon.online\/#website","url":"https:\/\/www.narconon.online\/","name":"Narconon Evropa","description":"Bez drog napo\u0159\u00e1d","publisher":{"@id":"https:\/\/www.narconon.online\/#organization"},"potentialAction":[{"@type":"SearchAction","target":{"@type":"EntryPoint","urlTemplate":"https:\/\/www.narconon.online\/?s={search_term_string}"},"query-input":{"@type":"PropertyValueSpecification","valueRequired":true,"valueName":"search_term_string"}}],"inLanguage":"cs"},{"@type":"Organization","@id":"https:\/\/www.narconon.online\/#organization","name":"Narconon Evropa","url":"https:\/\/www.narconon.online\/","logo":{"@type":"ImageObject","inLanguage":"cs","@id":"https:\/\/www.narconon.online\/#\/schema\/logo\/image\/","url":"https:\/\/www.narconon.online\/wp-content\/uploads\/2025\/03\/Logo-Narconon-Europe-2.png","contentUrl":"https:\/\/www.narconon.online\/wp-content\/uploads\/2025\/03\/Logo-Narconon-Europe-2.png","width":2000,"height":707,"caption":"Narconon Europe"},"image":{"@id":"https:\/\/www.narconon.online\/#\/schema\/logo\/image\/"},"sameAs":["https:\/\/www.facebook.com\/narcononeu","https:\/\/x.com\/NARCONONEurope","https:\/\/www.instagram.com\/narconon.europe\/","https:\/\/www.youtube.com\/channel\/UCNUxvhoqZZCAxXCYO4K7MvA","https:\/\/www.tiktok.com\/@narconon.europe"]}]}},"_links":{"self":[{"href":"https:\/\/www.narconon.online\/cs\/wp-json\/wp\/v2\/pages\/6036","targetHints":{"allow":["GET"]}}],"collection":[{"href":"https:\/\/www.narconon.online\/cs\/wp-json\/wp\/v2\/pages"}],"about":[{"href":"https:\/\/www.narconon.online\/cs\/wp-json\/wp\/v2\/types\/page"}],"author":[{"embeddable":true,"href":"https:\/\/www.narconon.online\/cs\/wp-json\/wp\/v2\/users\/43"}],"replies":[{"embeddable":true,"href":"https:\/\/www.narconon.online\/cs\/wp-json\/wp\/v2\/comments?post=6036"}],"version-history":[{"count":13,"href":"https:\/\/www.narconon.online\/cs\/wp-json\/wp\/v2\/pages\/6036\/revisions"}],"predecessor-version":[{"id":6573,"href":"https:\/\/www.narconon.online\/cs\/wp-json\/wp\/v2\/pages\/6036\/revisions\/6573"}],"up":[{"embeddable":true,"href":"https:\/\/www.narconon.online\/cs\/wp-json\/wp\/v2\/pages\/5868"}],"wp:attachment":[{"href":"https:\/\/www.narconon.online\/cs\/wp-json\/wp\/v2\/media?parent=6036"}],"curies":[{"name":"wp","href":"https:\/\/api.w.org\/{rel}","templated":true}]}}