{"id":5999,"date":"2025-07-23T13:48:08","date_gmt":"2025-07-23T11:48:08","guid":{"rendered":"https:\/\/www.narconon.online\/?page_id=5999"},"modified":"2025-07-24T16:20:47","modified_gmt":"2025-07-24T14:20:47","slug":"co-je-marihuana","status":"publish","type":"page","link":"https:\/\/www.narconon.online\/cs\/glosar\/co-je-marihuana\/","title":{"rendered":"Co je to marihuana?"},"content":{"rendered":"<div data-elementor-type=\"wp-page\" data-elementor-id=\"5999\" class=\"elementor elementor-5999\" data-elementor-post-type=\"page\">\n\t\t\t\t<div class=\"elementor-element elementor-element-14d08559 e-flex e-con-boxed e-con e-parent\" data-id=\"14d08559\" data-element_type=\"container\" data-e-type=\"container\">\n\t\t\t\t\t<div class=\"e-con-inner\">\n\t\t<div class=\"elementor-element elementor-element-1cae676 e-grid e-con-full e-con e-child\" data-id=\"1cae676\" data-element_type=\"container\" data-e-type=\"container\">\n\t\t\t\t<div class=\"elementor-element elementor-element-ddfcbba elementor-widget elementor-widget-text-editor\" data-id=\"ddfcbba\" data-element_type=\"widget\" data-e-type=\"widget\" data-widget_type=\"text-editor.default\">\n\t\t\t\t<div class=\"elementor-widget-container\">\n\t\t\t\t\t\t\t\t\t<p data-start=\"345\" data-end=\"543\">Marihuana je <strong data-start=\"360\" data-end=\"381\">psychoaktivn\u00ed droga<\/strong> ze su\u0161en\u00fdch kv\u011bt\u016f a list\u016f rostliny konop\u00ed. Obsahuje <strong data-start=\"456\" data-end=\"486\">THC (tetrahydrokanabinol)<\/strong>, chemickou l\u00e1tku, kter\u00e1 je zodpov\u011bdn\u00e1 za jeho \u00fa\u010dinky m\u011bn\u00edc\u00ed mysl.<\/p>\n<p data-start=\"545\" data-end=\"746\">Obvykle je to <strong data-start=\"559\" data-end=\"588\">kou\u0159en\u00e9 v jointech nebo d\u00fdmk\u00e1ch<\/strong>, ale lze je konzumovat i v <strong data-start=\"618\" data-end=\"650\">edibles, oleje nebo vaporiz\u00e9ry.<\/strong>. Marihuana zp\u016fsobuje <strong data-start=\"669\" data-end=\"745\">relaxace, zm\u011bna smysl\u016f, zv\u00fd\u0161en\u00e1 chu\u0165 k j\u00eddlu a zpomalen\u00ed reak\u010dn\u00edho \u010dasu.<\/strong>.<\/p>\n<p data-start=\"748\" data-end=\"971\">P\u0159esto\u017ee v n\u011bkter\u00fdch zem\u00edch byla marihuana legalizov\u00e1na pro l\u00e9ka\u0159sk\u00e9 nebo rekrea\u010dn\u00ed \u00fa\u010dely, jej\u00ed u\u017e\u00edv\u00e1n\u00ed m\u016f\u017ee st\u00e1le zhor\u0161ovat pam\u011b\u0165, koordinaci a \u00fasudek. Pravideln\u00e9 u\u017e\u00edv\u00e1n\u00ed mladistv\u00fdmi je spojeno s probl\u00e9my s u\u010den\u00edm a sn\u00ed\u017eenou motivac\u00ed.<\/p>\t\t\t\t\t\t\t\t<\/div>\n\t\t\t\t<\/div>\n\t\t\t\t<div class=\"elementor-element elementor-element-8f955ba elementor-widget elementor-widget-image\" data-id=\"8f955ba\" data-element_type=\"widget\" data-e-type=\"widget\" data-widget_type=\"image.default\">\n\t\t\t\t<div class=\"elementor-widget-container\">\n\t\t\t\t\t\t\t\t\t\t\t\t\t\t\t<img fetchpriority=\"high\" decoding=\"async\" width=\"1392\" height=\"752\" src=\"https:\/\/www.narconon.online\/wp-content\/uploads\/2025\/07\/freepik__a-clean-tabletop-with-dried-cannabis-buds-a-rolled__82275.webp\" class=\"attachment-full size-full wp-image-6001\" alt=\"Marihuana zobrazen\u00e1 jako su\u0161en\u00e9 zelen\u00e9 pupeny a srolovan\u00fd joint na b\u00edl\u00e9m pozad\u00ed\" srcset=\"https:\/\/www.narconon.online\/wp-content\/uploads\/2025\/07\/freepik__a-clean-tabletop-with-dried-cannabis-buds-a-rolled__82275.webp 1392w, https:\/\/www.narconon.online\/wp-content\/uploads\/2025\/07\/freepik__a-clean-tabletop-with-dried-cannabis-buds-a-rolled__82275-300x162.webp 300w, https:\/\/www.narconon.online\/wp-content\/uploads\/2025\/07\/freepik__a-clean-tabletop-with-dried-cannabis-buds-a-rolled__82275-1024x553.webp 1024w, https:\/\/www.narconon.online\/wp-content\/uploads\/2025\/07\/freepik__a-clean-tabletop-with-dried-cannabis-buds-a-rolled__82275-768x415.webp 768w, https:\/\/www.narconon.online\/wp-content\/uploads\/2025\/07\/freepik__a-clean-tabletop-with-dried-cannabis-buds-a-rolled__82275-18x10.webp 18w\" sizes=\"(max-width: 1392px) 100vw, 1392px\" \/>\t\t\t\t\t\t\t\t\t\t\t\t\t\t\t<\/div>\n\t\t\t\t<\/div>\n\t\t\t\t<\/div>\n\t\t\t\t\t<\/div>\n\t\t\t\t<\/div>\n\t\t<div class=\"elementor-element elementor-element-064fdba e-flex e-con-boxed e-con e-parent\" data-id=\"064fdba\" data-element_type=\"container\" data-e-type=\"container\">\n\t\t\t\t\t<div class=\"e-con-inner\">\n\t\t<div class=\"elementor-element elementor-element-ecec8f5 e-grid e-con-full e-con e-child\" data-id=\"ecec8f5\" data-element_type=\"container\" data-e-type=\"container\">\n\t\t\t\t<div class=\"elementor-element elementor-element-0f0e55c elementor-widget elementor-widget-text-editor\" data-id=\"0f0e55c\" data-element_type=\"widget\" data-e-type=\"widget\" data-widget_type=\"text-editor.default\">\n\t\t\t\t<div class=\"elementor-widget-container\">\n\t\t\t\t\t\t\t\t\t<h3 id=\"h-related-terms\" class=\"wp-block-heading\">\ud83e\udde0 Souvisej\u00edc\u00ed term\u00edny<\/h3>\n<ul>\n<li data-start=\"1000\" data-end=\"1025\">\n<p data-start=\"1002\" data-end=\"1025\"><a class=\"cursor-pointer\" href=\"https:\/\/www.narconon.online\/cs\/glosar\/co-je-to-kloub\/\" rel=\"noopener\" data-start=\"1002\" data-end=\"1023\">Klouby<\/a><\/p>\n<\/li>\n<li data-start=\"1026\" data-end=\"1063\">\n<p data-start=\"1028\" data-end=\"1063\"><a class=\"cursor-pointer\" href=\"https:\/\/www.narconon.online\/cs\/glosar\/co-jsou-kanabinoidy\/\" rel=\"noopener\" data-start=\"1028\" data-end=\"1061\">Kanabinoidy<\/a><\/p>\n<\/li>\n<li data-start=\"1147\" data-end=\"1177\">\n<p data-start=\"1149\" data-end=\"1177\"><a class=\"\" href=\"\/cs\/glosar\/\" rel=\"noopener\" data-start=\"1149\" data-end=\"1177\">Glos\u00e1\u0159 Rejst\u0159\u00edk<\/a><\/p>\n<\/li>\n<\/ul>\t\t\t\t\t\t\t\t<\/div>\n\t\t\t\t<\/div>\n\t\t\t\t<div class=\"elementor-element elementor-element-03e5102 elementor-widget elementor-widget-text-editor\" data-id=\"03e5102\" data-element_type=\"widget\" data-e-type=\"widget\" data-widget_type=\"text-editor.default\">\n\t\t\t\t<div class=\"elementor-widget-container\">\n\t\t\t\t\t\t\t\t\t<p id=\"h-related-terms\" class=\"wp-block-heading\">\ud83d\udc49 Zjist\u011bte v\u00edce o prevenci:<br \/><a class=\"\" href=\"https:\/\/www.narcononeurope.dk\/en\/drug-abuse\/\" target=\"_blank\" rel=\"noopener\">Narconon Evropa - Pomoc p\u0159i zneu\u017e\u00edv\u00e1n\u00ed drog<\/a><\/p>\n<p><!-- \/wp:list-item --><\/p>\n<p><!-- \/wp:list --><!-- wp:paragraph --><\/p>\n<p>\ud83d\udc49 Dal\u0161\u00ed vzd\u011bl\u00e1vac\u00ed obsah naleznete v na\u0161em <a class=\"\" href=\"https:\/\/www.narconon.online\/cs\/materialy-pro-protidrogovou-prevenci\/\">Materi\u00e1ly pro protidrogov\u00e9 vzd\u011bl\u00e1v\u00e1n\u00ed a prevenci<\/a><\/p>\t\t\t\t\t\t\t\t<\/div>\n\t\t\t\t<\/div>\n\t\t\t\t<\/div>\n\t\t\t\t<div class=\"elementor-element elementor-element-1497776 elementor-widget elementor-widget-heading\" data-id=\"1497776\" data-element_type=\"widget\" data-e-type=\"widget\" data-widget_type=\"heading.default\">\n\t\t\t\t<div class=\"elementor-widget-container\">\n\t\t\t\t\t<h2 class=\"elementor-heading-title elementor-size-default\">\u2753 \u010casto kladen\u00e9 ot\u00e1zky o marihuan\u011b<\/h2>\t\t\t\t<\/div>\n\t\t\t\t<\/div>\n\t\t\t\t<div class=\"elementor-element elementor-element-a24ee80 elementor-widget elementor-widget-text-editor\" data-id=\"a24ee80\" data-element_type=\"widget\" data-e-type=\"widget\" data-widget_type=\"text-editor.default\">\n\t\t\t\t<div class=\"elementor-widget-container\">\n\t\t\t\t\t\t\t\t\t<p data-start=\"1333\" data-end=\"1478\"><strong data-start=\"1333\" data-end=\"1367\">1. K \u010demu se marihuana pou\u017e\u00edv\u00e1?<\/strong><br data-start=\"1367\" data-end=\"1370\" \/>N\u011bkte\u0159\u00ed ji u\u017e\u00edvaj\u00ed k l\u00e9ka\u0159sk\u00fdm \u00fa\u010del\u016fm, ale v\u011bt\u0161inou se pou\u017e\u00edv\u00e1 rekrea\u010dn\u011b pro sv\u00e9 relaxa\u010dn\u00ed a euforick\u00e9 \u00fa\u010dinky.<\/p>\n<p data-start=\"1480\" data-end=\"1588\"><strong data-start=\"1480\" data-end=\"1514\">2. Pro\u010d m\u016f\u017ee b\u00fdt marihuana rizikov\u00e1?<\/strong><br data-start=\"1514\" data-end=\"1517\" \/>Ovliv\u0148uje pam\u011b\u0165, pozornost a motivaci - zejm\u00e9na u mlad\u00fdch u\u017eivatel\u016f.<\/p>\n<p data-start=\"1590\" data-end=\"1715\"><strong data-start=\"1590\" data-end=\"1627\">3. Jak vypad\u00e1 marihuana?<\/strong><br data-start=\"1627\" data-end=\"1630\" \/>Su\u0161en\u00e9 nazelenal\u00e9 kv\u011bty nebo poupata, \u010dasto srolovan\u00e9 do cigaret nebo ulo\u017een\u00e9 v mal\u00fdch s\u00e1\u010dc\u00edch.<\/p>\n<p data-start=\"1717\" data-end=\"1834\"><strong data-start=\"1717\" data-end=\"1751\">4. M\u016f\u017ee b\u00fdt marihuana n\u00e1vykov\u00e1?<\/strong><br data-start=\"1751\" data-end=\"1754\" \/>Ano. U pravideln\u00fdch u\u017eivatel\u016f se m\u016f\u017ee vyvinout z\u00e1vislost a abstinen\u010dn\u00ed p\u0159\u00edznaky p\u0159i ukon\u010den\u00ed u\u017e\u00edv\u00e1n\u00ed.<\/p>\n<p data-start=\"1836\" data-end=\"1968\"><strong data-start=\"1836\" data-end=\"1875\">5. Jak se m\u016f\u017ee n\u011bkdo vyhnout marihuan\u011b?<\/strong><br data-start=\"1875\" data-end=\"1878\" \/>Odm\u00edtn\u011bte tlak vrstevn\u00edk\u016f, vyh\u00fdbejte se ve\u010d\u00edrk\u016fm, kde je b\u011b\u017en\u00fd, a poznejte jeho dlouhodob\u00e9 d\u016fsledky.<\/p>\t\t\t\t\t\t\t\t<\/div>\n\t\t\t\t<\/div>\n\t\t\t\t<div class=\"elementor-element elementor-element-3c88435 elementor-widget elementor-widget-html\" data-id=\"3c88435\" data-element_type=\"widget\" data-e-type=\"widget\" data-widget_type=\"html.default\">\n\t\t\t\t<div class=\"elementor-widget-container\">\n\t\t\t\t\t<script type=\"application\/ld+json\">{\n    \"@context\": \"https:\\\/\\\/schema.org\",\n    \"@type\": \"WebPage\",\n    \"name\": \"What is Marijuana?\",\n    \"url\": \"https:\\\/\\\/www.narconon.online\\\/glossary\\\/what-is-marijuana\\\/\",\n    \"description\": \"Marijuana is a drug made from the cannabis plant. Learn what it looks like, how it\\u2019s used, and its risks\\u2014especially for young people.\",\n    \"datePublished\": \"2025-07-23\",\n    \"publisher\": {\n        \"@type\": \"Organization\",\n        \"name\": \"Narconon Europe\",\n        \"url\": \"https:\\\/\\\/www.narcononeurope.dk\"\n    },\n    \"mainEntity\": {\n        \"@type\": \"FAQPage\",\n        \"mainEntity\": [\n            {\n                \"@type\": \"Question\",\n                \"name\": \"What is marijuana used for?\",\n                \"acceptedAnswer\": {\n                    \"@type\": \"Answer\",\n                    \"text\": \"Some use it for medical purposes, but it\\u2019s mostly used recreationally for its relaxing and euphoric effects.\"\n                }\n            },\n            {\n                \"@type\": \"Question\",\n                \"name\": \"Why can marijuana be risky?\",\n                \"acceptedAnswer\": {\n                    \"@type\": \"Answer\",\n                    \"text\": \"It affects memory, attention, and motivation\\u2014especially in young users.\"\n                }\n            },\n            {\n                \"@type\": \"Question\",\n                \"name\": \"What does marijuana look like?\",\n                \"acceptedAnswer\": {\n                    \"@type\": \"Answer\",\n                    \"text\": \"Dried greenish flowers or buds, often rolled into cigarettes or stored in small bags.\"\n                }\n            },\n            {\n                \"@type\": \"Question\",\n                \"name\": \"Can marijuana be addictive?\",\n                \"acceptedAnswer\": {\n                    \"@type\": \"Answer\",\n                    \"text\": \"Yes. Regular users may develop dependence and withdrawal symptoms when stopping.\"\n                }\n            },\n            {\n                \"@type\": \"Question\",\n                \"name\": \"How can someone avoid marijuana?\",\n                \"acceptedAnswer\": {\n                    \"@type\": \"Answer\",\n                    \"text\": \"Say no to peer pressure, avoid parties where it\\u2019s common, and learn the long-term effects.\"\n                }\n            }\n        ]\n    }\n}<\/script>\r\n\t\t\t\t<\/div>\n\t\t\t\t<\/div>\n\t\t\t\t\t<\/div>\n\t\t\t\t<\/div>\n\t\t\t\t<\/div>","protected":false},"excerpt":{"rendered":"<p>Marijuana is a psychoactive drug made from the dried flowers and leaves of the cannabis plant. It contains THC (tetrahydrocannabinol), [&hellip;]<\/p>","protected":false},"author":43,"featured_media":0,"parent":5868,"menu_order":0,"comment_status":"closed","ping_status":"closed","template":"","meta":{"_acf_changed":false,"site-sidebar-layout":"default","site-content-layout":"","ast-site-content-layout":"default","site-content-style":"default","site-sidebar-style":"default","ast-global-header-display":"","ast-banner-title-visibility":"","ast-main-header-display":"","ast-hfb-above-header-display":"","ast-hfb-below-header-display":"","ast-hfb-mobile-header-display":"","site-post-title":"","ast-breadcrumbs-content":"","ast-featured-img":"","footer-sml-layout":"","ast-disable-related-posts":"","theme-transparent-header-meta":"","adv-header-id-meta":"","stick-header-meta":"","header-above-stick-meta":"","header-main-stick-meta":"","header-below-stick-meta":"","astra-migrate-meta-layouts":"default","ast-page-background-enabled":"default","ast-page-background-meta":{"desktop":{"background-color":"var(--ast-global-color-5)","background-image":"","background-repeat":"repeat","background-position":"center center","background-size":"auto","background-attachment":"scroll","background-type":"","background-media":"","overlay-type":"","overlay-color":"","overlay-opacity":"","overlay-gradient":""},"tablet":{"background-color":"","background-image":"","background-repeat":"repeat","background-position":"center center","background-size":"auto","background-attachment":"scroll","background-type":"","background-media":"","overlay-type":"","overlay-color":"","overlay-opacity":"","overlay-gradient":""},"mobile":{"background-color":"","background-image":"","background-repeat":"repeat","background-position":"center center","background-size":"auto","background-attachment":"scroll","background-type":"","background-media":"","overlay-type":"","overlay-color":"","overlay-opacity":"","overlay-gradient":""}},"ast-content-background-meta":{"desktop":{"background-color":"var(--ast-global-color-4)","background-image":"","background-repeat":"repeat","background-position":"center center","background-size":"auto","background-attachment":"scroll","background-type":"","background-media":"","overlay-type":"","overlay-color":"","overlay-opacity":"","overlay-gradient":""},"tablet":{"background-color":"var(--ast-global-color-4)","background-image":"","background-repeat":"repeat","background-position":"center center","background-size":"auto","background-attachment":"scroll","background-type":"","background-media":"","overlay-type":"","overlay-color":"","overlay-opacity":"","overlay-gradient":""},"mobile":{"background-color":"var(--ast-global-color-4)","background-image":"","background-repeat":"repeat","background-position":"center center","background-size":"auto","background-attachment":"scroll","background-type":"","background-media":"","overlay-type":"","overlay-color":"","overlay-opacity":"","overlay-gradient":""}},"footnotes":""},"class_list":["post-5999","page","type-page","status-publish","hentry"],"acf":[],"yoast_head":"<!-- This site is optimized with the Yoast SEO Premium plugin v26.6 (Yoast SEO v26.6) - https:\/\/yoast.com\/wordpress\/plugins\/seo\/ -->\n<title>What Is Marijuana: Uses and Risks Explained<\/title>\n<meta name=\"description\" content=\"What is marijuana? Uncover the characteristics of this psychoactive substance and its impact on relaxation and appetite.\" \/>\n<meta name=\"robots\" content=\"index, follow, max-snippet:-1, max-image-preview:large, max-video-preview:-1\" \/>\n<link rel=\"canonical\" href=\"https:\/\/www.narconon.online\/cs\/glosar\/co-je-marihuana\/\" \/>\n<meta property=\"og:locale\" content=\"cs_CZ\" \/>\n<meta property=\"og:type\" content=\"article\" \/>\n<meta property=\"og:title\" content=\"What is Marijuana?\" \/>\n<meta property=\"og:description\" content=\"What is marijuana? Uncover the characteristics of this psychoactive substance and its impact on relaxation and appetite.\" \/>\n<meta property=\"og:url\" content=\"https:\/\/www.narconon.online\/cs\/glosar\/co-je-marihuana\/\" \/>\n<meta property=\"og:site_name\" content=\"Narconon Europe\" \/>\n<meta property=\"article:publisher\" content=\"https:\/\/www.facebook.com\/narcononeu\" \/>\n<meta property=\"article:modified_time\" content=\"2025-07-24T14:20:47+00:00\" \/>\n<meta property=\"og:image\" content=\"https:\/\/www.narconon.online\/wp-content\/uploads\/2025\/07\/freepik__a-clean-tabletop-with-dried-cannabis-buds-a-rolled__82275.webp\" \/>\n\t<meta property=\"og:image:width\" content=\"1392\" \/>\n\t<meta property=\"og:image:height\" content=\"752\" \/>\n\t<meta property=\"og:image:type\" content=\"image\/webp\" \/>\n<meta name=\"twitter:card\" content=\"summary_large_image\" \/>\n<meta name=\"twitter:site\" content=\"@NARCONONEurope\" \/>\n<meta name=\"twitter:label1\" content=\"Odhadovan\u00e1 doba \u010dten\u00ed\" \/>\n\t<meta name=\"twitter:data1\" content=\"2 minuty\" \/>\n<script type=\"application\/ld+json\" class=\"yoast-schema-graph\">{\"@context\":\"https:\/\/schema.org\",\"@graph\":[{\"@type\":\"WebPage\",\"@id\":\"https:\/\/www.narconon.online\/glossary\/what-is-marijuana\/\",\"url\":\"https:\/\/www.narconon.online\/glossary\/what-is-marijuana\/\",\"name\":\"What Is Marijuana: Uses and Risks Explained\",\"isPartOf\":{\"@id\":\"https:\/\/www.narconon.online\/#website\"},\"primaryImageOfPage\":{\"@id\":\"https:\/\/www.narconon.online\/glossary\/what-is-marijuana\/#primaryimage\"},\"image\":{\"@id\":\"https:\/\/www.narconon.online\/glossary\/what-is-marijuana\/#primaryimage\"},\"thumbnailUrl\":\"https:\/\/www.narconon.online\/wp-content\/uploads\/2025\/07\/freepik__a-clean-tabletop-with-dried-cannabis-buds-a-rolled__82275.webp\",\"datePublished\":\"2025-07-23T11:48:08+00:00\",\"dateModified\":\"2025-07-24T14:20:47+00:00\",\"description\":\"What is marijuana? Uncover the characteristics of this psychoactive substance and its impact on relaxation and appetite.\",\"breadcrumb\":{\"@id\":\"https:\/\/www.narconon.online\/glossary\/what-is-marijuana\/#breadcrumb\"},\"inLanguage\":\"cs\",\"potentialAction\":[{\"@type\":\"ReadAction\",\"target\":[\"https:\/\/www.narconon.online\/glossary\/what-is-marijuana\/\"]}]},{\"@type\":\"ImageObject\",\"inLanguage\":\"cs\",\"@id\":\"https:\/\/www.narconon.online\/glossary\/what-is-marijuana\/#primaryimage\",\"url\":\"https:\/\/www.narconon.online\/wp-content\/uploads\/2025\/07\/freepik__a-clean-tabletop-with-dried-cannabis-buds-a-rolled__82275.webp\",\"contentUrl\":\"https:\/\/www.narconon.online\/wp-content\/uploads\/2025\/07\/freepik__a-clean-tabletop-with-dried-cannabis-buds-a-rolled__82275.webp\"},{\"@type\":\"BreadcrumbList\",\"@id\":\"https:\/\/www.narconon.online\/glossary\/what-is-marijuana\/#breadcrumb\",\"itemListElement\":[{\"@type\":\"ListItem\",\"position\":1,\"name\":\"Home\",\"item\":\"https:\/\/www.narconon.online\/\"},{\"@type\":\"ListItem\",\"position\":2,\"name\":\"Glossary of Drug Terms and Definitions\",\"item\":\"https:\/\/www.narconon.online\/glossary\/\"},{\"@type\":\"ListItem\",\"position\":3,\"name\":\"What is Marijuana?\"}]},{\"@type\":\"WebSite\",\"@id\":\"https:\/\/www.narconon.online\/#website\",\"url\":\"https:\/\/www.narconon.online\/\",\"name\":\"Narconon Europe\",\"description\":\"Drug Free For Good\",\"publisher\":{\"@id\":\"https:\/\/www.narconon.online\/#organization\"},\"potentialAction\":[{\"@type\":\"SearchAction\",\"target\":{\"@type\":\"EntryPoint\",\"urlTemplate\":\"https:\/\/www.narconon.online\/?s={search_term_string}\"},\"query-input\":{\"@type\":\"PropertyValueSpecification\",\"valueRequired\":true,\"valueName\":\"search_term_string\"}}],\"inLanguage\":\"cs\"},{\"@type\":\"Organization\",\"@id\":\"https:\/\/www.narconon.online\/#organization\",\"name\":\"Narconon Europe\",\"url\":\"https:\/\/www.narconon.online\/\",\"logo\":{\"@type\":\"ImageObject\",\"inLanguage\":\"cs\",\"@id\":\"https:\/\/www.narconon.online\/#\/schema\/logo\/image\/\",\"url\":\"https:\/\/www.narconon.online\/wp-content\/uploads\/2025\/03\/Logo-Narconon-Europe-2.png\",\"contentUrl\":\"https:\/\/www.narconon.online\/wp-content\/uploads\/2025\/03\/Logo-Narconon-Europe-2.png\",\"width\":2000,\"height\":707,\"caption\":\"Narconon Europe\"},\"image\":{\"@id\":\"https:\/\/www.narconon.online\/#\/schema\/logo\/image\/\"},\"sameAs\":[\"https:\/\/www.facebook.com\/narcononeu\",\"https:\/\/x.com\/NARCONONEurope\",\"https:\/\/www.instagram.com\/narconon.europe\/\",\"https:\/\/www.youtube.com\/channel\/UCNUxvhoqZZCAxXCYO4K7MvA\",\"https:\/\/www.tiktok.com\/@narconon.europe\"]}]}<\/script>\n<!-- \/ Yoast SEO Premium plugin. -->","yoast_head_json":{"title":"Co je marihuana: Vysv\u011btlen\u00ed pou\u017eit\u00ed a rizik","description":"Co je to marihuana? Objevte vlastnosti t\u00e9to psychoaktivn\u00ed l\u00e1tky a jej\u00ed vliv na relaxaci a chu\u0165 k j\u00eddlu.","robots":{"index":"index","follow":"follow","max-snippet":"max-snippet:-1","max-image-preview":"max-image-preview:large","max-video-preview":"max-video-preview:-1"},"canonical":"https:\/\/www.narconon.online\/cs\/glosar\/co-je-marihuana\/","og_locale":"cs_CZ","og_type":"article","og_title":"What is Marijuana?","og_description":"What is marijuana? Uncover the characteristics of this psychoactive substance and its impact on relaxation and appetite.","og_url":"https:\/\/www.narconon.online\/cs\/glosar\/co-je-marihuana\/","og_site_name":"Narconon Europe","article_publisher":"https:\/\/www.facebook.com\/narcononeu","article_modified_time":"2025-07-24T14:20:47+00:00","og_image":[{"width":1392,"height":752,"url":"https:\/\/www.narconon.online\/wp-content\/uploads\/2025\/07\/freepik__a-clean-tabletop-with-dried-cannabis-buds-a-rolled__82275.webp","type":"image\/webp"}],"twitter_card":"summary_large_image","twitter_site":"@NARCONONEurope","twitter_misc":{"Odhadovan\u00e1 doba \u010dten\u00ed":"2 minuty"},"schema":{"@context":"https:\/\/schema.org","@graph":[{"@type":"WebPage","@id":"https:\/\/www.narconon.online\/glossary\/what-is-marijuana\/","url":"https:\/\/www.narconon.online\/glossary\/what-is-marijuana\/","name":"Co je marihuana: Vysv\u011btlen\u00ed pou\u017eit\u00ed a rizik","isPartOf":{"@id":"https:\/\/www.narconon.online\/#website"},"primaryImageOfPage":{"@id":"https:\/\/www.narconon.online\/glossary\/what-is-marijuana\/#primaryimage"},"image":{"@id":"https:\/\/www.narconon.online\/glossary\/what-is-marijuana\/#primaryimage"},"thumbnailUrl":"https:\/\/www.narconon.online\/wp-content\/uploads\/2025\/07\/freepik__a-clean-tabletop-with-dried-cannabis-buds-a-rolled__82275.webp","datePublished":"2025-07-23T11:48:08+00:00","dateModified":"2025-07-24T14:20:47+00:00","description":"Co je to marihuana? Objevte vlastnosti t\u00e9to psychoaktivn\u00ed l\u00e1tky a jej\u00ed vliv na relaxaci a chu\u0165 k j\u00eddlu.","breadcrumb":{"@id":"https:\/\/www.narconon.online\/glossary\/what-is-marijuana\/#breadcrumb"},"inLanguage":"cs","potentialAction":[{"@type":"ReadAction","target":["https:\/\/www.narconon.online\/glossary\/what-is-marijuana\/"]}]},{"@type":"ImageObject","inLanguage":"cs","@id":"https:\/\/www.narconon.online\/glossary\/what-is-marijuana\/#primaryimage","url":"https:\/\/www.narconon.online\/wp-content\/uploads\/2025\/07\/freepik__a-clean-tabletop-with-dried-cannabis-buds-a-rolled__82275.webp","contentUrl":"https:\/\/www.narconon.online\/wp-content\/uploads\/2025\/07\/freepik__a-clean-tabletop-with-dried-cannabis-buds-a-rolled__82275.webp"},{"@type":"BreadcrumbList","@id":"https:\/\/www.narconon.online\/glossary\/what-is-marijuana\/#breadcrumb","itemListElement":[{"@type":"ListItem","position":1,"name":"Home","item":"https:\/\/www.narconon.online\/"},{"@type":"ListItem","position":2,"name":"Glossary of Drug Terms and Definitions","item":"https:\/\/www.narconon.online\/glossary\/"},{"@type":"ListItem","position":3,"name":"What is Marijuana?"}]},{"@type":"WebSite","@id":"https:\/\/www.narconon.online\/#website","url":"https:\/\/www.narconon.online\/","name":"Narconon Evropa","description":"Bez drog napo\u0159\u00e1d","publisher":{"@id":"https:\/\/www.narconon.online\/#organization"},"potentialAction":[{"@type":"SearchAction","target":{"@type":"EntryPoint","urlTemplate":"https:\/\/www.narconon.online\/?s={search_term_string}"},"query-input":{"@type":"PropertyValueSpecification","valueRequired":true,"valueName":"search_term_string"}}],"inLanguage":"cs"},{"@type":"Organization","@id":"https:\/\/www.narconon.online\/#organization","name":"Narconon Evropa","url":"https:\/\/www.narconon.online\/","logo":{"@type":"ImageObject","inLanguage":"cs","@id":"https:\/\/www.narconon.online\/#\/schema\/logo\/image\/","url":"https:\/\/www.narconon.online\/wp-content\/uploads\/2025\/03\/Logo-Narconon-Europe-2.png","contentUrl":"https:\/\/www.narconon.online\/wp-content\/uploads\/2025\/03\/Logo-Narconon-Europe-2.png","width":2000,"height":707,"caption":"Narconon Europe"},"image":{"@id":"https:\/\/www.narconon.online\/#\/schema\/logo\/image\/"},"sameAs":["https:\/\/www.facebook.com\/narcononeu","https:\/\/x.com\/NARCONONEurope","https:\/\/www.instagram.com\/narconon.europe\/","https:\/\/www.youtube.com\/channel\/UCNUxvhoqZZCAxXCYO4K7MvA","https:\/\/www.tiktok.com\/@narconon.europe"]}]}},"_links":{"self":[{"href":"https:\/\/www.narconon.online\/cs\/wp-json\/wp\/v2\/pages\/5999","targetHints":{"allow":["GET"]}}],"collection":[{"href":"https:\/\/www.narconon.online\/cs\/wp-json\/wp\/v2\/pages"}],"about":[{"href":"https:\/\/www.narconon.online\/cs\/wp-json\/wp\/v2\/types\/page"}],"author":[{"embeddable":true,"href":"https:\/\/www.narconon.online\/cs\/wp-json\/wp\/v2\/users\/43"}],"replies":[{"embeddable":true,"href":"https:\/\/www.narconon.online\/cs\/wp-json\/wp\/v2\/comments?post=5999"}],"version-history":[{"count":19,"href":"https:\/\/www.narconon.online\/cs\/wp-json\/wp\/v2\/pages\/5999\/revisions"}],"predecessor-version":[{"id":6579,"href":"https:\/\/www.narconon.online\/cs\/wp-json\/wp\/v2\/pages\/5999\/revisions\/6579"}],"up":[{"embeddable":true,"href":"https:\/\/www.narconon.online\/cs\/wp-json\/wp\/v2\/pages\/5868"}],"wp:attachment":[{"href":"https:\/\/www.narconon.online\/cs\/wp-json\/wp\/v2\/media?parent=5999"}],"curies":[{"name":"wp","href":"https:\/\/api.w.org\/{rel}","templated":true}]}}