{"id":5975,"date":"2025-07-23T11:51:19","date_gmt":"2025-07-23T09:51:19","guid":{"rendered":"https:\/\/www.narconon.online\/?page_id=5975"},"modified":"2025-07-24T09:18:05","modified_gmt":"2025-07-24T07:18:05","slug":"co-je-metamfetamin","status":"publish","type":"page","link":"https:\/\/www.narconon.online\/cs\/glosar\/co-je-metamfetamin\/","title":{"rendered":"Co je metamfetamin?"},"content":{"rendered":"<div data-elementor-type=\"wp-page\" data-elementor-id=\"5975\" class=\"elementor elementor-5975\" data-elementor-post-type=\"page\">\n\t\t\t\t<div class=\"elementor-element elementor-element-14d08559 e-flex e-con-boxed e-con e-parent\" data-id=\"14d08559\" data-element_type=\"container\" data-e-type=\"container\">\n\t\t\t\t\t<div class=\"e-con-inner\">\n\t\t<div class=\"elementor-element elementor-element-1cae676 e-grid e-con-full e-con e-child\" data-id=\"1cae676\" data-element_type=\"container\" data-e-type=\"container\">\n\t\t\t\t<div class=\"elementor-element elementor-element-ddfcbba elementor-widget elementor-widget-text-editor\" data-id=\"ddfcbba\" data-element_type=\"widget\" data-e-type=\"widget\" data-widget_type=\"text-editor.default\">\n\t\t\t\t<div class=\"elementor-widget-container\">\n\t\t\t\t\t\t\t\t\t<p data-start=\"358\" data-end=\"593\">Metamfetamin, \u010dasto naz\u00fdvan\u00fd <strong data-start=\"388\" data-end=\"396\">metamfetamin<\/strong>, je siln\u00fd a vysoce n\u00e1vykov\u00fd <strong data-start=\"433\" data-end=\"446\">stimulant<\/strong> kter\u00e1 ovliv\u0148uje centr\u00e1ln\u00ed nervov\u00fd syst\u00e9m. Zvy\u0161uje energii, bd\u011blost a sebed\u016fv\u011bru, ale m\u016f\u017ee rychle v\u00e9st k... <strong data-start=\"560\" data-end=\"592\">z\u00e1vislost a fyzick\u00e9 po\u0161kozen\u00ed<\/strong>.<\/p>\n<p data-start=\"595\" data-end=\"732\">Meth se obvykle objevuje jako <strong data-start=\"619\" data-end=\"647\">b\u00edl\u00e9 krystaly nebo pr\u00e1\u0161ek<\/strong>, n\u011bkdy naz\u00fdvan\u00fd \"metamfetamin\". Lze ho polykat, \u0161\u0148upat, kou\u0159it nebo si ho aplikovat injek\u010dn\u011b.<\/p>\n<p data-start=\"734\" data-end=\"978\">Mezi \u00fa\u010dinky pervitinu pat\u0159\u00ed <strong data-start=\"762\" data-end=\"812\">euforie, zrychlen\u00fd srde\u010dn\u00ed tep a sn\u00ed\u017een\u00e1 chu\u0165 k j\u00eddlu.<\/strong> - ale tak\u00e9 \u00fazkost, paranoia a n\u00e1siln\u00e9 chov\u00e1n\u00ed. Dlouhodob\u00e9 u\u017e\u00edv\u00e1n\u00ed \u010dasto vede k z\u00e1va\u017en\u00fdm <strong data-start=\"901\" data-end=\"931\">zubn\u00ed kaz (\"metamfetaminov\u00e1 \u00fasta\").<\/strong>, nespavost, \u00fabytek hmotnosti a zhor\u0161en\u00ed kognitivn\u00edch funkc\u00ed.<\/p>\t\t\t\t\t\t\t\t<\/div>\n\t\t\t\t<\/div>\n\t\t\t\t<div class=\"elementor-element elementor-element-8f955ba elementor-widget elementor-widget-image\" data-id=\"8f955ba\" data-element_type=\"widget\" data-e-type=\"widget\" data-widget_type=\"image.default\">\n\t\t\t\t<div class=\"elementor-widget-container\">\n\t\t\t\t\t\t\t\t\t\t\t\t\t\t\t<img fetchpriority=\"high\" decoding=\"async\" width=\"1392\" height=\"752\" src=\"https:\/\/www.narconon.online\/wp-content\/uploads\/2025\/07\/freepik__a-clean-highresolution-tabletop-image-showing-diff__82273.webp\" class=\"attachment-full size-full wp-image-5980\" alt=\"R\u016fzn\u00e9 formy metamfetaminu v\u010detn\u011b krystalk\u016f ledu, b\u011blav\u00e9ho pr\u00e1\u0161ku a tablet s logem vystaven\u00fdch na \u010dist\u00e9m povrchu.\" srcset=\"https:\/\/www.narconon.online\/wp-content\/uploads\/2025\/07\/freepik__a-clean-highresolution-tabletop-image-showing-diff__82273.webp 1392w, https:\/\/www.narconon.online\/wp-content\/uploads\/2025\/07\/freepik__a-clean-highresolution-tabletop-image-showing-diff__82273-300x162.webp 300w, https:\/\/www.narconon.online\/wp-content\/uploads\/2025\/07\/freepik__a-clean-highresolution-tabletop-image-showing-diff__82273-1024x553.webp 1024w, https:\/\/www.narconon.online\/wp-content\/uploads\/2025\/07\/freepik__a-clean-highresolution-tabletop-image-showing-diff__82273-768x415.webp 768w, https:\/\/www.narconon.online\/wp-content\/uploads\/2025\/07\/freepik__a-clean-highresolution-tabletop-image-showing-diff__82273-18x10.webp 18w\" sizes=\"(max-width: 1392px) 100vw, 1392px\" \/>\t\t\t\t\t\t\t\t\t\t\t\t\t\t\t<\/div>\n\t\t\t\t<\/div>\n\t\t\t\t<\/div>\n\t\t\t\t\t<\/div>\n\t\t\t\t<\/div>\n\t\t<div class=\"elementor-element elementor-element-064fdba e-flex e-con-boxed e-con e-parent\" data-id=\"064fdba\" data-element_type=\"container\" data-e-type=\"container\">\n\t\t\t\t\t<div class=\"e-con-inner\">\n\t\t<div class=\"elementor-element elementor-element-ecec8f5 e-grid e-con-full e-con e-child\" data-id=\"ecec8f5\" data-element_type=\"container\" data-e-type=\"container\">\n\t\t\t\t<div class=\"elementor-element elementor-element-0f0e55c elementor-widget elementor-widget-text-editor\" data-id=\"0f0e55c\" data-element_type=\"widget\" data-e-type=\"widget\" data-widget_type=\"text-editor.default\">\n\t\t\t\t<div class=\"elementor-widget-container\">\n\t\t\t\t\t\t\t\t\t<h3 id=\"h-related-terms\" class=\"wp-block-heading\">\ud83e\udde0 Souvisej\u00edc\u00ed term\u00edny<\/h3>\n<ul>\n<li data-start=\"1007\" data-end=\"1044\"><a href=\"https:\/\/www.narconon.online\/cs\/glosar\/co-je-extaze\/\">Ext\u00e1ze<\/a><\/li>\n<li data-start=\"1007\" data-end=\"1044\">\n<p data-start=\"1009\" data-end=\"1044\"><a href=\"https:\/\/www.narconon.online\/cs\/glosar\/co-jsou-stimulanty\/\">Stimulanty<\/a><\/p>\n<\/li>\n<li data-start=\"1045\" data-end=\"1080\">\n<p data-start=\"1047\" data-end=\"1080\"><a href=\"https:\/\/www.narconon.online\/cs\/glosar\/co-je-predavkovani\/\">P\u0159ed\u00e1vkov\u00e1n\u00ed<\/a><\/p>\n<\/li>\n<li data-start=\"1164\" data-end=\"1194\">\n<p data-start=\"1166\" data-end=\"1194\"><a href=\"https:\/\/www.narconon.online\/cs\/glosar\/\">Glos\u00e1\u0159 Rejst\u0159\u00edk<\/a><\/p>\n<\/li>\n<\/ul>\t\t\t\t\t\t\t\t<\/div>\n\t\t\t\t<\/div>\n\t\t\t\t<div class=\"elementor-element elementor-element-03e5102 elementor-widget elementor-widget-text-editor\" data-id=\"03e5102\" data-element_type=\"widget\" data-e-type=\"widget\" data-widget_type=\"text-editor.default\">\n\t\t\t\t<div class=\"elementor-widget-container\">\n\t\t\t\t\t\t\t\t\t<p id=\"h-related-terms\" class=\"wp-block-heading\">\ud83d\udc49 Zjist\u011bte v\u00edce o prevenci:<br \/><a class=\"\" href=\"https:\/\/www.narcononeurope.dk\/en\/drug-abuse\/\" target=\"_blank\" rel=\"noopener\">Narconon Evropa - Pomoc p\u0159i zneu\u017e\u00edv\u00e1n\u00ed drog<\/a><\/p>\n<p><!-- \/wp:list-item --><\/p>\n<p><!-- \/wp:list --><!-- wp:paragraph --><\/p>\n<p>\ud83d\udc49 Dal\u0161\u00ed vzd\u011bl\u00e1vac\u00ed obsah naleznete v na\u0161em <a class=\"\" href=\"https:\/\/www.narconon.online\/cs\/materialy-pro-protidrogovou-prevenci\/\">Materi\u00e1ly pro protidrogov\u00e9 vzd\u011bl\u00e1v\u00e1n\u00ed a prevenci<\/a><\/p>\t\t\t\t\t\t\t\t<\/div>\n\t\t\t\t<\/div>\n\t\t\t\t<\/div>\n\t\t\t\t<div class=\"elementor-element elementor-element-1497776 elementor-widget elementor-widget-heading\" data-id=\"1497776\" data-element_type=\"widget\" data-e-type=\"widget\" data-widget_type=\"heading.default\">\n\t\t\t\t<div class=\"elementor-widget-container\">\n\t\t\t\t\t<h2 class=\"elementor-heading-title elementor-size-default\">\u2753 \u010casto kladen\u00e9 ot\u00e1zky o metamfetaminu<\/h2>\t\t\t\t<\/div>\n\t\t\t\t<\/div>\n\t\t\t\t<div class=\"elementor-element elementor-element-a24ee80 elementor-widget elementor-widget-text-editor\" data-id=\"a24ee80\" data-element_type=\"widget\" data-e-type=\"widget\" data-widget_type=\"text-editor.default\">\n\t\t\t\t<div class=\"elementor-widget-container\">\n\t\t\t\t\t\t\t\t\t<p data-start=\"1356\" data-end=\"1496\"><strong data-start=\"1356\" data-end=\"1396\">1. K \u010demu se metamfetamin pou\u017e\u00edv\u00e1?<\/strong><br data-start=\"1396\" data-end=\"1399\" \/>Kdysi se p\u0159edepisoval p\u0159i ur\u010dit\u00fdch zdravotn\u00edch pot\u00ed\u017e\u00edch, ale nyn\u00ed se v\u011bt\u0161inou zneu\u017e\u00edv\u00e1 jako pouli\u010dn\u00ed droga.<\/p>\n<p data-start=\"1498\" data-end=\"1620\"><strong data-start=\"1498\" data-end=\"1530\">2. Pro\u010d je pervitin tak nebezpe\u010dn\u00fd?<\/strong><br data-start=\"1530\" data-end=\"1533\" \/>Zp\u016fsobuje extr\u00e9mn\u00ed stimulaci a p\u0159i opakovan\u00e9m pou\u017e\u00edv\u00e1n\u00ed rychle po\u0161kozuje mozek a t\u011blo.<\/p>\n<p data-start=\"1622\" data-end=\"1731\"><strong data-start=\"1622\" data-end=\"1654\">3. Jak vypad\u00e1 pervitin?<\/strong><br data-start=\"1654\" data-end=\"1657\" \/>M\u016f\u017ee vypadat jako b\u00edl\u00fd pr\u00e1\u0161ek nebo \u010dir\u00e9 krystalky zn\u00e1m\u00e9 jako \"metamfetamin\".<\/p>\n<p data-start=\"1733\" data-end=\"1853\"><strong data-start=\"1733\" data-end=\"1771\">4. M\u016f\u017ee z\u00e1vislost na pervitinu vzniknout rychle?<\/strong><br data-start=\"1771\" data-end=\"1774\" \/>Ano. Metamfetamin m\u016f\u017ee kv\u016fli sv\u00fdm siln\u00fdm \u00fa\u010dink\u016fm vyvolat z\u00e1vislost ji\u017e po n\u011bkolika pou\u017eit\u00edch.<\/p>\n<p data-start=\"1855\" data-end=\"1983\"><strong data-start=\"1855\" data-end=\"1889\">5. Jak se m\u016f\u017ee n\u011bkdo vyhnout pervitinu?<\/strong><br data-start=\"1889\" data-end=\"1892\" \/>Vyhn\u011bte se drog\u00e1m na ve\u010d\u00edrky, nezn\u00e1m\u00fdm pr\u00e1\u0161k\u016fm nebo l\u00e1tk\u00e1m prod\u00e1van\u00fdm pod n\u00e1zvy jako \"led\" nebo \"krystal\".<\/p>\t\t\t\t\t\t\t\t<\/div>\n\t\t\t\t<\/div>\n\t\t\t\t<div class=\"elementor-element elementor-element-3c88435 elementor-widget elementor-widget-html\" data-id=\"3c88435\" data-element_type=\"widget\" data-e-type=\"widget\" data-widget_type=\"html.default\">\n\t\t\t\t<div class=\"elementor-widget-container\">\n\t\t\t\t\t<script type=\"application\/ld+json\">{\n    \"@context\": \"https:\\\/\\\/schema.org\",\n    \"@type\": \"WebPage\",\n    \"name\": \"What is Methamphetamine?\",\n    \"url\": \"https:\\\/\\\/www.narconon.online\\\/glossary\\\/what-is-methamphetamine\\\/\",\n    \"description\": \"Methamphetamine is a powerful stimulant drug that can quickly lead to addiction and harm. Learn what it looks like, how it works, and why it's dangerous.\",\n    \"datePublished\": \"2025-07-23\",\n    \"publisher\": {\n        \"@type\": \"Organization\",\n        \"name\": \"Narconon Europe\",\n        \"url\": \"https:\\\/\\\/www.narcononeurope.dk\"\n    },\n    \"mainEntity\": {\n        \"@type\": \"FAQPage\",\n        \"mainEntity\": [\n            {\n                \"@type\": \"Question\",\n                \"name\": \"What is methamphetamine used for?\",\n                \"acceptedAnswer\": {\n                    \"@type\": \"Answer\",\n                    \"text\": \"It was once prescribed for certain medical conditions, but is now mostly abused as a street drug.\"\n                }\n            },\n            {\n                \"@type\": \"Question\",\n                \"name\": \"Why is meth so dangerous?\",\n                \"acceptedAnswer\": {\n                    \"@type\": \"Answer\",\n                    \"text\": \"It causes extreme stimulation and damages the brain and body quickly with repeated use.\"\n                }\n            },\n            {\n                \"@type\": \"Question\",\n                \"name\": \"What does meth look like?\",\n                \"acceptedAnswer\": {\n                    \"@type\": \"Answer\",\n                    \"text\": \"It can appear as a white powder or clear crystals known as \\u201ccrystal meth.\\u201d\"\n                }\n            },\n            {\n                \"@type\": \"Question\",\n                \"name\": \"Can meth addiction happen fast?\",\n                \"acceptedAnswer\": {\n                    \"@type\": \"Answer\",\n                    \"text\": \"Yes. Meth can cause dependence after just a few uses due to its strong effects.\"\n                }\n            },\n            {\n                \"@type\": \"Question\",\n                \"name\": \"How can someone avoid meth?\",\n                \"acceptedAnswer\": {\n                    \"@type\": \"Answer\",\n                    \"text\": \"Avoid party drugs, unknown powders, or substances sold under names like 'ice' or 'crystal.'\"\n                }\n            }\n        ]\n    }\n}<\/script>\r\n\t\t\t\t<\/div>\n\t\t\t\t<\/div>\n\t\t\t\t\t<\/div>\n\t\t\t\t<\/div>\n\t\t\t\t<\/div>","protected":false},"excerpt":{"rendered":"<p>Methamphetamine, often called meth, is a powerful and highly addictive stimulant that affects the central nervous system. It increases energy, [&hellip;]<\/p>","protected":false},"author":43,"featured_media":0,"parent":5868,"menu_order":0,"comment_status":"closed","ping_status":"closed","template":"","meta":{"_acf_changed":false,"site-sidebar-layout":"default","site-content-layout":"","ast-site-content-layout":"default","site-content-style":"default","site-sidebar-style":"default","ast-global-header-display":"","ast-banner-title-visibility":"","ast-main-header-display":"","ast-hfb-above-header-display":"","ast-hfb-below-header-display":"","ast-hfb-mobile-header-display":"","site-post-title":"","ast-breadcrumbs-content":"","ast-featured-img":"","footer-sml-layout":"","ast-disable-related-posts":"","theme-transparent-header-meta":"","adv-header-id-meta":"","stick-header-meta":"","header-above-stick-meta":"","header-main-stick-meta":"","header-below-stick-meta":"","astra-migrate-meta-layouts":"default","ast-page-background-enabled":"default","ast-page-background-meta":{"desktop":{"background-color":"var(--ast-global-color-5)","background-image":"","background-repeat":"repeat","background-position":"center center","background-size":"auto","background-attachment":"scroll","background-type":"","background-media":"","overlay-type":"","overlay-color":"","overlay-opacity":"","overlay-gradient":""},"tablet":{"background-color":"","background-image":"","background-repeat":"repeat","background-position":"center center","background-size":"auto","background-attachment":"scroll","background-type":"","background-media":"","overlay-type":"","overlay-color":"","overlay-opacity":"","overlay-gradient":""},"mobile":{"background-color":"","background-image":"","background-repeat":"repeat","background-position":"center center","background-size":"auto","background-attachment":"scroll","background-type":"","background-media":"","overlay-type":"","overlay-color":"","overlay-opacity":"","overlay-gradient":""}},"ast-content-background-meta":{"desktop":{"background-color":"var(--ast-global-color-4)","background-image":"","background-repeat":"repeat","background-position":"center center","background-size":"auto","background-attachment":"scroll","background-type":"","background-media":"","overlay-type":"","overlay-color":"","overlay-opacity":"","overlay-gradient":""},"tablet":{"background-color":"var(--ast-global-color-4)","background-image":"","background-repeat":"repeat","background-position":"center center","background-size":"auto","background-attachment":"scroll","background-type":"","background-media":"","overlay-type":"","overlay-color":"","overlay-opacity":"","overlay-gradient":""},"mobile":{"background-color":"var(--ast-global-color-4)","background-image":"","background-repeat":"repeat","background-position":"center center","background-size":"auto","background-attachment":"scroll","background-type":"","background-media":"","overlay-type":"","overlay-color":"","overlay-opacity":"","overlay-gradient":""}},"footnotes":""},"class_list":["post-5975","page","type-page","status-publish","hentry"],"acf":[],"yoast_head":"<!-- This site is optimized with the Yoast SEO Premium plugin v26.6 (Yoast SEO v26.6) - https:\/\/yoast.com\/wordpress\/plugins\/seo\/ -->\n<title>What Is Methamphetamine: A Comprehensive Guide<\/title>\n<meta name=\"description\" content=\"Understand what is methamphetamine and its effects on the body. Learn about this powerful and addictive stimulant.\" \/>\n<meta name=\"robots\" content=\"index, follow, max-snippet:-1, max-image-preview:large, max-video-preview:-1\" \/>\n<link rel=\"canonical\" href=\"https:\/\/www.narconon.online\/cs\/glosar\/co-je-metamfetamin\/\" \/>\n<meta property=\"og:locale\" content=\"cs_CZ\" \/>\n<meta property=\"og:type\" content=\"article\" \/>\n<meta property=\"og:title\" content=\"What is Methamphetamine?\" \/>\n<meta property=\"og:description\" content=\"Understand what is methamphetamine and its effects on the body. Learn about this powerful and addictive stimulant.\" \/>\n<meta property=\"og:url\" content=\"https:\/\/www.narconon.online\/cs\/glosar\/co-je-metamfetamin\/\" \/>\n<meta property=\"og:site_name\" content=\"Narconon Europe\" \/>\n<meta property=\"article:publisher\" content=\"https:\/\/www.facebook.com\/narcononeu\" \/>\n<meta property=\"article:modified_time\" content=\"2025-07-24T07:18:05+00:00\" \/>\n<meta property=\"og:image\" content=\"https:\/\/www.narconon.online\/wp-content\/uploads\/2025\/07\/freepik__a-clean-highresolution-tabletop-image-showing-diff__82273.webp\" \/>\n\t<meta property=\"og:image:width\" content=\"1392\" \/>\n\t<meta property=\"og:image:height\" content=\"752\" \/>\n\t<meta property=\"og:image:type\" content=\"image\/webp\" \/>\n<meta name=\"twitter:card\" content=\"summary_large_image\" \/>\n<meta name=\"twitter:site\" content=\"@NARCONONEurope\" \/>\n<meta name=\"twitter:label1\" content=\"Odhadovan\u00e1 doba \u010dten\u00ed\" \/>\n\t<meta name=\"twitter:data1\" content=\"2 minuty\" \/>\n<script type=\"application\/ld+json\" class=\"yoast-schema-graph\">{\"@context\":\"https:\/\/schema.org\",\"@graph\":[{\"@type\":\"WebPage\",\"@id\":\"https:\/\/www.narconon.online\/glossary\/what-is-methamphetamine\/\",\"url\":\"https:\/\/www.narconon.online\/glossary\/what-is-methamphetamine\/\",\"name\":\"What Is Methamphetamine: A Comprehensive Guide\",\"isPartOf\":{\"@id\":\"https:\/\/www.narconon.online\/#website\"},\"primaryImageOfPage\":{\"@id\":\"https:\/\/www.narconon.online\/glossary\/what-is-methamphetamine\/#primaryimage\"},\"image\":{\"@id\":\"https:\/\/www.narconon.online\/glossary\/what-is-methamphetamine\/#primaryimage\"},\"thumbnailUrl\":\"https:\/\/www.narconon.online\/wp-content\/uploads\/2025\/07\/freepik__a-clean-highresolution-tabletop-image-showing-diff__82273.webp\",\"datePublished\":\"2025-07-23T09:51:19+00:00\",\"dateModified\":\"2025-07-24T07:18:05+00:00\",\"description\":\"Understand what is methamphetamine and its effects on the body. Learn about this powerful and addictive stimulant.\",\"breadcrumb\":{\"@id\":\"https:\/\/www.narconon.online\/glossary\/what-is-methamphetamine\/#breadcrumb\"},\"inLanguage\":\"cs\",\"potentialAction\":[{\"@type\":\"ReadAction\",\"target\":[\"https:\/\/www.narconon.online\/glossary\/what-is-methamphetamine\/\"]}]},{\"@type\":\"ImageObject\",\"inLanguage\":\"cs\",\"@id\":\"https:\/\/www.narconon.online\/glossary\/what-is-methamphetamine\/#primaryimage\",\"url\":\"https:\/\/www.narconon.online\/wp-content\/uploads\/2025\/07\/freepik__a-clean-highresolution-tabletop-image-showing-diff__82273.webp\",\"contentUrl\":\"https:\/\/www.narconon.online\/wp-content\/uploads\/2025\/07\/freepik__a-clean-highresolution-tabletop-image-showing-diff__82273.webp\"},{\"@type\":\"BreadcrumbList\",\"@id\":\"https:\/\/www.narconon.online\/glossary\/what-is-methamphetamine\/#breadcrumb\",\"itemListElement\":[{\"@type\":\"ListItem\",\"position\":1,\"name\":\"Home\",\"item\":\"https:\/\/www.narconon.online\/\"},{\"@type\":\"ListItem\",\"position\":2,\"name\":\"Glossary of Drug Terms and Definitions\",\"item\":\"https:\/\/www.narconon.online\/glossary\/\"},{\"@type\":\"ListItem\",\"position\":3,\"name\":\"What is Methamphetamine?\"}]},{\"@type\":\"WebSite\",\"@id\":\"https:\/\/www.narconon.online\/#website\",\"url\":\"https:\/\/www.narconon.online\/\",\"name\":\"Narconon Europe\",\"description\":\"Drug Free For Good\",\"publisher\":{\"@id\":\"https:\/\/www.narconon.online\/#organization\"},\"potentialAction\":[{\"@type\":\"SearchAction\",\"target\":{\"@type\":\"EntryPoint\",\"urlTemplate\":\"https:\/\/www.narconon.online\/?s={search_term_string}\"},\"query-input\":{\"@type\":\"PropertyValueSpecification\",\"valueRequired\":true,\"valueName\":\"search_term_string\"}}],\"inLanguage\":\"cs\"},{\"@type\":\"Organization\",\"@id\":\"https:\/\/www.narconon.online\/#organization\",\"name\":\"Narconon Europe\",\"url\":\"https:\/\/www.narconon.online\/\",\"logo\":{\"@type\":\"ImageObject\",\"inLanguage\":\"cs\",\"@id\":\"https:\/\/www.narconon.online\/#\/schema\/logo\/image\/\",\"url\":\"https:\/\/www.narconon.online\/wp-content\/uploads\/2025\/03\/Logo-Narconon-Europe-2.png\",\"contentUrl\":\"https:\/\/www.narconon.online\/wp-content\/uploads\/2025\/03\/Logo-Narconon-Europe-2.png\",\"width\":2000,\"height\":707,\"caption\":\"Narconon Europe\"},\"image\":{\"@id\":\"https:\/\/www.narconon.online\/#\/schema\/logo\/image\/\"},\"sameAs\":[\"https:\/\/www.facebook.com\/narcononeu\",\"https:\/\/x.com\/NARCONONEurope\",\"https:\/\/www.instagram.com\/narconon.europe\/\",\"https:\/\/www.youtube.com\/channel\/UCNUxvhoqZZCAxXCYO4K7MvA\",\"https:\/\/www.tiktok.com\/@narconon.europe\"]}]}<\/script>\n<!-- \/ Yoast SEO Premium plugin. -->","yoast_head_json":{"title":"Co je metamfetamin: Co je to metamfetamin?","description":"Pochopte, co je metamfetamin a jak\u00e9 m\u00e1 \u00fa\u010dinky na organismus. Zjist\u011bte v\u00edce o tomto siln\u00e9m a n\u00e1vykov\u00e9m stimulantu.","robots":{"index":"index","follow":"follow","max-snippet":"max-snippet:-1","max-image-preview":"max-image-preview:large","max-video-preview":"max-video-preview:-1"},"canonical":"https:\/\/www.narconon.online\/cs\/glosar\/co-je-metamfetamin\/","og_locale":"cs_CZ","og_type":"article","og_title":"What is Methamphetamine?","og_description":"Understand what is methamphetamine and its effects on the body. Learn about this powerful and addictive stimulant.","og_url":"https:\/\/www.narconon.online\/cs\/glosar\/co-je-metamfetamin\/","og_site_name":"Narconon Europe","article_publisher":"https:\/\/www.facebook.com\/narcononeu","article_modified_time":"2025-07-24T07:18:05+00:00","og_image":[{"width":1392,"height":752,"url":"https:\/\/www.narconon.online\/wp-content\/uploads\/2025\/07\/freepik__a-clean-highresolution-tabletop-image-showing-diff__82273.webp","type":"image\/webp"}],"twitter_card":"summary_large_image","twitter_site":"@NARCONONEurope","twitter_misc":{"Odhadovan\u00e1 doba \u010dten\u00ed":"2 minuty"},"schema":{"@context":"https:\/\/schema.org","@graph":[{"@type":"WebPage","@id":"https:\/\/www.narconon.online\/glossary\/what-is-methamphetamine\/","url":"https:\/\/www.narconon.online\/glossary\/what-is-methamphetamine\/","name":"Co je metamfetamin: Co je to metamfetamin?","isPartOf":{"@id":"https:\/\/www.narconon.online\/#website"},"primaryImageOfPage":{"@id":"https:\/\/www.narconon.online\/glossary\/what-is-methamphetamine\/#primaryimage"},"image":{"@id":"https:\/\/www.narconon.online\/glossary\/what-is-methamphetamine\/#primaryimage"},"thumbnailUrl":"https:\/\/www.narconon.online\/wp-content\/uploads\/2025\/07\/freepik__a-clean-highresolution-tabletop-image-showing-diff__82273.webp","datePublished":"2025-07-23T09:51:19+00:00","dateModified":"2025-07-24T07:18:05+00:00","description":"Pochopte, co je metamfetamin a jak\u00e9 m\u00e1 \u00fa\u010dinky na organismus. Zjist\u011bte v\u00edce o tomto siln\u00e9m a n\u00e1vykov\u00e9m stimulantu.","breadcrumb":{"@id":"https:\/\/www.narconon.online\/glossary\/what-is-methamphetamine\/#breadcrumb"},"inLanguage":"cs","potentialAction":[{"@type":"ReadAction","target":["https:\/\/www.narconon.online\/glossary\/what-is-methamphetamine\/"]}]},{"@type":"ImageObject","inLanguage":"cs","@id":"https:\/\/www.narconon.online\/glossary\/what-is-methamphetamine\/#primaryimage","url":"https:\/\/www.narconon.online\/wp-content\/uploads\/2025\/07\/freepik__a-clean-highresolution-tabletop-image-showing-diff__82273.webp","contentUrl":"https:\/\/www.narconon.online\/wp-content\/uploads\/2025\/07\/freepik__a-clean-highresolution-tabletop-image-showing-diff__82273.webp"},{"@type":"BreadcrumbList","@id":"https:\/\/www.narconon.online\/glossary\/what-is-methamphetamine\/#breadcrumb","itemListElement":[{"@type":"ListItem","position":1,"name":"Home","item":"https:\/\/www.narconon.online\/"},{"@type":"ListItem","position":2,"name":"Glossary of Drug Terms and Definitions","item":"https:\/\/www.narconon.online\/glossary\/"},{"@type":"ListItem","position":3,"name":"What is Methamphetamine?"}]},{"@type":"WebSite","@id":"https:\/\/www.narconon.online\/#website","url":"https:\/\/www.narconon.online\/","name":"Narconon Evropa","description":"Bez drog napo\u0159\u00e1d","publisher":{"@id":"https:\/\/www.narconon.online\/#organization"},"potentialAction":[{"@type":"SearchAction","target":{"@type":"EntryPoint","urlTemplate":"https:\/\/www.narconon.online\/?s={search_term_string}"},"query-input":{"@type":"PropertyValueSpecification","valueRequired":true,"valueName":"search_term_string"}}],"inLanguage":"cs"},{"@type":"Organization","@id":"https:\/\/www.narconon.online\/#organization","name":"Narconon Evropa","url":"https:\/\/www.narconon.online\/","logo":{"@type":"ImageObject","inLanguage":"cs","@id":"https:\/\/www.narconon.online\/#\/schema\/logo\/image\/","url":"https:\/\/www.narconon.online\/wp-content\/uploads\/2025\/03\/Logo-Narconon-Europe-2.png","contentUrl":"https:\/\/www.narconon.online\/wp-content\/uploads\/2025\/03\/Logo-Narconon-Europe-2.png","width":2000,"height":707,"caption":"Narconon Europe"},"image":{"@id":"https:\/\/www.narconon.online\/#\/schema\/logo\/image\/"},"sameAs":["https:\/\/www.facebook.com\/narcononeu","https:\/\/x.com\/NARCONONEurope","https:\/\/www.instagram.com\/narconon.europe\/","https:\/\/www.youtube.com\/channel\/UCNUxvhoqZZCAxXCYO4K7MvA","https:\/\/www.tiktok.com\/@narconon.europe"]}]}},"_links":{"self":[{"href":"https:\/\/www.narconon.online\/cs\/wp-json\/wp\/v2\/pages\/5975","targetHints":{"allow":["GET"]}}],"collection":[{"href":"https:\/\/www.narconon.online\/cs\/wp-json\/wp\/v2\/pages"}],"about":[{"href":"https:\/\/www.narconon.online\/cs\/wp-json\/wp\/v2\/types\/page"}],"author":[{"embeddable":true,"href":"https:\/\/www.narconon.online\/cs\/wp-json\/wp\/v2\/users\/43"}],"replies":[{"embeddable":true,"href":"https:\/\/www.narconon.online\/cs\/wp-json\/wp\/v2\/comments?post=5975"}],"version-history":[{"count":19,"href":"https:\/\/www.narconon.online\/cs\/wp-json\/wp\/v2\/pages\/5975\/revisions"}],"predecessor-version":[{"id":6431,"href":"https:\/\/www.narconon.online\/cs\/wp-json\/wp\/v2\/pages\/5975\/revisions\/6431"}],"up":[{"embeddable":true,"href":"https:\/\/www.narconon.online\/cs\/wp-json\/wp\/v2\/pages\/5868"}],"wp:attachment":[{"href":"https:\/\/www.narconon.online\/cs\/wp-json\/wp\/v2\/media?parent=5975"}],"curies":[{"name":"wp","href":"https:\/\/api.w.org\/{rel}","templated":true}]}}