{"id":3159,"date":"2025-06-02T09:11:19","date_gmt":"2025-06-02T09:11:19","guid":{"rendered":"https:\/\/www.narconon.online\/?page_id=3159"},"modified":"2025-07-07T13:54:34","modified_gmt":"2025-07-07T11:54:34","slug":"protidrogova-vzdelavaci-videa","status":"publish","type":"page","link":"https:\/\/www.narconon.online\/cs\/videoteka-narconon\/protidrogova-vzdelavaci-videa\/","title":{"rendered":"V\u00fdukov\u00e1 videa o drog\u00e1ch: Nau\u010dte se, pochopte, p\u0159edch\u00e1zejte"},"content":{"rendered":"<div data-elementor-type=\"wp-page\" data-elementor-id=\"3159\" class=\"elementor elementor-3159\" data-elementor-post-type=\"page\">\n\t\t\t\t<div class=\"elementor-element elementor-element-775816f e-flex e-con-boxed e-con e-parent\" data-id=\"775816f\" data-element_type=\"container\" data-e-type=\"container\">\n\t\t\t\t\t<div class=\"e-con-inner\">\n\t\t\t\t<div class=\"elementor-element elementor-element-632ca38 elementor-widget elementor-widget-text-editor\" data-id=\"632ca38\" data-element_type=\"widget\" data-e-type=\"widget\" data-widget_type=\"text-editor.default\">\n\t\t\t\t<div class=\"elementor-widget-container\">\n\t\t\t\t\t\t\t\t\t<p>Tento seznam skladeb je va\u0161\u00edm prostorem k pochopen\u00ed, zamy\u0161len\u00ed a jedn\u00e1n\u00ed. Prost\u0159ednictv\u00edm kr\u00e1tk\u00fdch, siln\u00fdch vide\u00ed nab\u00edz\u00edme rady a pou\u010den\u00ed z re\u00e1ln\u00e9ho \u017eivota - nejen o u\u017e\u00edv\u00e1n\u00ed n\u00e1vykov\u00fdch l\u00e1tek, ale tak\u00e9 o volb\u00e1ch, tlaku, du\u0161evn\u00ed \u010distot\u011b a o tom, jak z\u016fstat v\u011brn\u00fd s\u00e1m sob\u011b. A\u0165 u\u017e jste dosp\u00edvaj\u00edc\u00ed, rodi\u010d, u\u010ditel nebo n\u011bkdo, kdo se sna\u017e\u00ed pomoci kamar\u00e1dovi, tato poselstv\u00ed jsou tu proto, aby v\u00e1s informovala a pos\u00edlila. Proto\u017ee skute\u010dn\u00e1 prevence za\u010d\u00edn\u00e1 vzd\u011bl\u00e1n\u00edm - a znalost\u00ed toho, co d\u011blat, kdy\u017e na tom z\u00e1le\u017e\u00ed. Nau\u010dte se. Sd\u00edlejte. Zm\u011b\u0148te situaci k lep\u0161\u00edmu. C\u00edlem na\u0161ich vide\u00ed o protidrogov\u00e9m vzd\u011bl\u00e1v\u00e1n\u00ed je skute\u010dn\u011b vybavit v\u00e1s d\u016fle\u017eit\u00fdmi znalostmi.<\/p>\t\t\t\t\t\t\t\t<\/div>\n\t\t\t\t<\/div>\n\t\t<div class=\"elementor-element elementor-element-4938272 e-grid e-con-full e-con e-child\" data-id=\"4938272\" data-element_type=\"container\" data-e-type=\"container\">\n\t\t\t\t<div class=\"elementor-element elementor-element-62f3e4e elementor-widget elementor-widget-html\" data-id=\"62f3e4e\" data-element_type=\"widget\" data-e-type=\"widget\" data-widget_type=\"html.default\">\n\t\t\t\t<div class=\"elementor-widget-container\">\n\t\t\t\t\t<div class=\"video-9-16-container\">\r\n    <iframe\r\n        src=\"https:\/\/www.youtube.com\/embed\/g_kmhvDtUUY?si=uDnPmK9FKG75XKg7\"\r\n        title=\"P\u0159ehr\u00e1va\u010d vide\u00ed YouTube\"\r\n        frameborder=\"0\"\r\n        allow=\"accelerometer; autoplay; clipboard-write; encrypted-media; gyroscope; picture-in-picture; web-share\"\r\n        referrerpolicy=\"strict-origin-when-cross-origin\"\r\n        allowfullscreen\r\n><\/iframe>\r\n<\/div>\t\t\t\t<\/div>\n\t\t\t\t<\/div>\n\t\t\t\t<div class=\"elementor-element elementor-element-9ef6da0 elementor-widget elementor-widget-html\" data-id=\"9ef6da0\" data-element_type=\"widget\" data-e-type=\"widget\" data-widget_type=\"html.default\">\n\t\t\t\t<div class=\"elementor-widget-container\">\n\t\t\t\t\t<div class=\"video-9-16-container\">\r\n    <iframe\r\n        src=\"https:\/\/www.youtube.com\/embed\/tdqv2yWkzp8?si=OdHxUSdeBnnGMqWN\"\r\n        title=\"P\u0159ehr\u00e1va\u010d vide\u00ed YouTube\"\r\n        frameborder=\"0\"\r\n        allow=\"accelerometer; autoplay; clipboard-write; encrypted-media; gyroscope; picture-in-picture; web-share\"\r\n        referrerpolicy=\"strict-origin-when-cross-origin\"\r\n        allowfullscreen\r\n><\/iframe>\r\n<\/div>\t\t\t\t<\/div>\n\t\t\t\t<\/div>\n\t\t\t\t<div class=\"elementor-element elementor-element-412500f elementor-widget elementor-widget-html\" data-id=\"412500f\" data-element_type=\"widget\" data-e-type=\"widget\" data-widget_type=\"html.default\">\n\t\t\t\t<div class=\"elementor-widget-container\">\n\t\t\t\t\t<div class=\"video-9-16-container\">\r\n    <iframe\r\n        src=\"https:\/\/www.youtube.com\/embed\/l54a2dddu6U?si=J9g_qcVDntISO9fk\"\r\n        title=\"P\u0159ehr\u00e1va\u010d vide\u00ed YouTube\"\r\n        frameborder=\"0\"\r\n        allow=\"accelerometer; autoplay; clipboard-write; encrypted-media; gyroscope; picture-in-picture; web-share\"\r\n        referrerpolicy=\"strict-origin-when-cross-origin\"\r\n        allowfullscreen\r\n><\/iframe>\r\n<\/div>\t\t\t\t<\/div>\n\t\t\t\t<\/div>\n\t\t\t\t<div class=\"elementor-element elementor-element-060c8b0 elementor-widget elementor-widget-html\" data-id=\"060c8b0\" data-element_type=\"widget\" data-e-type=\"widget\" data-widget_type=\"html.default\">\n\t\t\t\t<div class=\"elementor-widget-container\">\n\t\t\t\t\t<div class=\"video-9-16-container\">\r\n    <iframe\r\n        src=\"https:\/\/www.youtube.com\/embed\/aW_dL_ncECg?si=zWzHFfYL00HtnICv\"\r\n        title=\"P\u0159ehr\u00e1va\u010d vide\u00ed YouTube\"\r\n        frameborder=\"0\"\r\n        allow=\"accelerometer; autoplay; clipboard-write; encrypted-media; gyroscope; picture-in-picture; web-share\"\r\n        referrerpolicy=\"strict-origin-when-cross-origin\"\r\n        allowfullscreen\r\n><\/iframe>\r\n<\/div>\t\t\t\t<\/div>\n\t\t\t\t<\/div>\n\t\t\t\t<div class=\"elementor-element elementor-element-e120734 elementor-widget elementor-widget-html\" data-id=\"e120734\" data-element_type=\"widget\" data-e-type=\"widget\" data-widget_type=\"html.default\">\n\t\t\t\t<div class=\"elementor-widget-container\">\n\t\t\t\t\t<div class=\"video-9-16-container\">\r\n    <iframe\r\n        src=\"https:\/\/www.youtube.com\/embed\/QwHC2Qr8cig?si=8SNPa3lg5yDNYKGa\"\r\n        title=\"P\u0159ehr\u00e1va\u010d vide\u00ed YouTube\"\r\n        frameborder=\"0\"\r\n        allow=\"accelerometer; autoplay; clipboard-write; encrypted-media; gyroscope; picture-in-picture; web-share\"\r\n        referrerpolicy=\"strict-origin-when-cross-origin\"\r\n        allowfullscreen\r\n><\/iframe>\r\n<\/div>\t\t\t\t<\/div>\n\t\t\t\t<\/div>\n\t\t\t\t<div class=\"elementor-element elementor-element-48786f9 elementor-widget elementor-widget-html\" data-id=\"48786f9\" data-element_type=\"widget\" data-e-type=\"widget\" data-widget_type=\"html.default\">\n\t\t\t\t<div class=\"elementor-widget-container\">\n\t\t\t\t\t<div class=\"video-9-16-container\">\r\n    <iframe\r\n        src=\"https:\/\/www.youtube.com\/embed\/6DTd9cVU_5g?si=csEbvhtlXFPuEWqV\"\r\n        title=\"P\u0159ehr\u00e1va\u010d vide\u00ed YouTube\"\r\n        frameborder=\"0\"\r\n        allow=\"accelerometer; autoplay; clipboard-write; encrypted-media; gyroscope; picture-in-picture; web-share\"\r\n        referrerpolicy=\"strict-origin-when-cross-origin\"\r\n        allowfullscreen\r\n><\/iframe>\r\n<\/div>\t\t\t\t<\/div>\n\t\t\t\t<\/div>\n\t\t\t\t<div class=\"elementor-element elementor-element-9d24f0c elementor-widget elementor-widget-html\" data-id=\"9d24f0c\" data-element_type=\"widget\" data-e-type=\"widget\" data-widget_type=\"html.default\">\n\t\t\t\t<div class=\"elementor-widget-container\">\n\t\t\t\t\t<div class=\"video-9-16-container\">\r\n    <iframe\r\n        src=\"https:\/\/www.youtube.com\/embed\/OIYOzLLulM8?si=2yaUTUCy9vDCPjVO\"\r\n        title=\"P\u0159ehr\u00e1va\u010d vide\u00ed YouTube\"\r\n        frameborder=\"0\"\r\n        allow=\"accelerometer; autoplay; clipboard-write; encrypted-media; gyroscope; picture-in-picture; web-share\"\r\n        referrerpolicy=\"strict-origin-when-cross-origin\"\r\n        allowfullscreen\r\n><\/iframe>\r\n<\/div>\t\t\t\t<\/div>\n\t\t\t\t<\/div>\n\t\t\t\t<div class=\"elementor-element elementor-element-64d39bb elementor-widget elementor-widget-html\" data-id=\"64d39bb\" data-element_type=\"widget\" data-e-type=\"widget\" data-widget_type=\"html.default\">\n\t\t\t\t<div class=\"elementor-widget-container\">\n\t\t\t\t\t<div class=\"video-9-16-container\">\r\n    <iframe\r\n        src=\"https:\/\/www.youtube.com\/embed\/TSOyssagbWo?si=P_xHlYM80D2FTaaX\"\r\n        title=\"P\u0159ehr\u00e1va\u010d vide\u00ed YouTube\"\r\n        frameborder=\"0\"\r\n        allow=\"accelerometer; autoplay; clipboard-write; encrypted-media; gyroscope; picture-in-picture; web-share\"\r\n        referrerpolicy=\"strict-origin-when-cross-origin\"\r\n        allowfullscreen\r\n><\/iframe>\r\n<\/div>\t\t\t\t<\/div>\n\t\t\t\t<\/div>\n\t\t\t\t<div class=\"elementor-element elementor-element-a44d559 elementor-widget elementor-widget-html\" data-id=\"a44d559\" data-element_type=\"widget\" data-e-type=\"widget\" data-widget_type=\"html.default\">\n\t\t\t\t<div class=\"elementor-widget-container\">\n\t\t\t\t\t<div class=\"video-9-16-container\">\r\n    <iframe\r\n        src=\"https:\/\/www.youtube.com\/embed\/TKIobf76QME?si=5V7UFviPk8yOPImd\"\r\n        title=\"P\u0159ehr\u00e1va\u010d vide\u00ed YouTube\"\r\n        frameborder=\"0\"\r\n        allow=\"accelerometer; autoplay; clipboard-write; encrypted-media; gyroscope; picture-in-picture; web-share\"\r\n        referrerpolicy=\"strict-origin-when-cross-origin\"\r\n        allowfullscreen\r\n><\/iframe>\r\n<\/div>\t\t\t\t<\/div>\n\t\t\t\t<\/div>\n\t\t\t\t<div class=\"elementor-element elementor-element-da647de elementor-widget elementor-widget-html\" data-id=\"da647de\" data-element_type=\"widget\" data-e-type=\"widget\" data-widget_type=\"html.default\">\n\t\t\t\t<div class=\"elementor-widget-container\">\n\t\t\t\t\t<div class=\"video-9-16-container\">\r\n    <iframe\r\n        src=\"https:\/\/www.youtube.com\/embed\/kZowbh4p10I?si=d4BglCfufsUZbScm\"\r\n        title=\"P\u0159ehr\u00e1va\u010d vide\u00ed YouTube\"\r\n        frameborder=\"0\"\r\n        allow=\"accelerometer; autoplay; clipboard-write; encrypted-media; gyroscope; picture-in-picture; web-share\"\r\n        referrerpolicy=\"strict-origin-when-cross-origin\"\r\n        allowfullscreen\r\n><\/iframe>\r\n<\/div>\t\t\t\t<\/div>\n\t\t\t\t<\/div>\n\t\t\t\t<div class=\"elementor-element elementor-element-efec862 elementor-widget elementor-widget-html\" data-id=\"efec862\" data-element_type=\"widget\" data-e-type=\"widget\" data-widget_type=\"html.default\">\n\t\t\t\t<div class=\"elementor-widget-container\">\n\t\t\t\t\t<div class=\"video-9-16-container\">\r\n    <iframe\r\n        src=\"https:\/\/www.youtube.com\/embed\/nS4jhnbzmzc?si=AhcTog0fucojqwXo\"\r\n        title=\"P\u0159ehr\u00e1va\u010d vide\u00ed YouTube\"\r\n        frameborder=\"0\"\r\n        allow=\"accelerometer; autoplay; clipboard-write; encrypted-media; gyroscope; picture-in-picture; web-share\"\r\n        referrerpolicy=\"strict-origin-when-cross-origin\"\r\n        allowfullscreen\r\n><\/iframe>\r\n<\/div>\t\t\t\t<\/div>\n\t\t\t\t<\/div>\n\t\t\t\t<div class=\"elementor-element elementor-element-2026c7c elementor-widget elementor-widget-html\" data-id=\"2026c7c\" data-element_type=\"widget\" data-e-type=\"widget\" data-widget_type=\"html.default\">\n\t\t\t\t<div class=\"elementor-widget-container\">\n\t\t\t\t\t<div class=\"video-9-16-container\">\r\n    <iframe\r\n        src=\"https:\/\/www.youtube.com\/embed\/pjB0dV7A0wo?si=HiqlLatoIDcHFbUv\"\r\n        title=\"P\u0159ehr\u00e1va\u010d vide\u00ed YouTube\"\r\n        frameborder=\"0\"\r\n        allow=\"accelerometer; autoplay; clipboard-write; encrypted-media; gyroscope; picture-in-picture; web-share\"\r\n        referrerpolicy=\"strict-origin-when-cross-origin\"\r\n        allowfullscreen\r\n><\/iframe>\r\n<\/div>\t\t\t\t<\/div>\n\t\t\t\t<\/div>\n\t\t\t\t<div class=\"elementor-element elementor-element-c19d805 elementor-widget elementor-widget-html\" data-id=\"c19d805\" data-element_type=\"widget\" data-e-type=\"widget\" data-widget_type=\"html.default\">\n\t\t\t\t<div class=\"elementor-widget-container\">\n\t\t\t\t\t<div class=\"video-9-16-container\">\r\n    <iframe\r\n        src=\"https:\/\/www.youtube.com\/embed\/2PAzTIu2LKE?si=JVZ-vItaUsmXMmZm\"\r\n        title=\"P\u0159ehr\u00e1va\u010d vide\u00ed YouTube\"\r\n        frameborder=\"0\"\r\n        allow=\"accelerometer; autoplay; clipboard-write; encrypted-media; gyroscope; picture-in-picture; web-share\"\r\n        referrerpolicy=\"strict-origin-when-cross-origin\"\r\n        allowfullscreen\r\n><\/iframe>\r\n<\/div>\t\t\t\t<\/div>\n\t\t\t\t<\/div>\n\t\t\t\t<\/div>\n\t\t\t\t\t<\/div>\n\t\t\t\t<\/div>\n\t\t\t\t<\/div>","protected":false},"excerpt":{"rendered":"<p>This playlist is your space to understand, reflect, and act. Through short, powerful videos, we offer real-life advice and education\u2014not [&hellip;]<\/p>","protected":false},"author":2,"featured_media":0,"parent":3179,"menu_order":0,"comment_status":"closed","ping_status":"closed","template":"","meta":{"_acf_changed":false,"site-sidebar-layout":"no-sidebar","site-content-layout":"","ast-site-content-layout":"full-width-container","site-content-style":"default","site-sidebar-style":"default","ast-global-header-display":"","ast-banner-title-visibility":"","ast-main-header-display":"","ast-hfb-above-header-display":"","ast-hfb-below-header-display":"","ast-hfb-mobile-header-display":"","site-post-title":"disabled","ast-breadcrumbs-content":"","ast-featured-img":"disabled","footer-sml-layout":"","ast-disable-related-posts":"","theme-transparent-header-meta":"","adv-header-id-meta":"","stick-header-meta":"","header-above-stick-meta":"","header-main-stick-meta":"","header-below-stick-meta":"","astra-migrate-meta-layouts":"default","ast-page-background-enabled":"default","ast-page-background-meta":{"desktop":{"background-color":"var(--ast-global-color-5)","background-image":"","background-repeat":"repeat","background-position":"center center","background-size":"auto","background-attachment":"scroll","background-type":"","background-media":"","overlay-type":"","overlay-color":"","overlay-opacity":"","overlay-gradient":""},"tablet":{"background-color":"","background-image":"","background-repeat":"repeat","background-position":"center center","background-size":"auto","background-attachment":"scroll","background-type":"","background-media":"","overlay-type":"","overlay-color":"","overlay-opacity":"","overlay-gradient":""},"mobile":{"background-color":"","background-image":"","background-repeat":"repeat","background-position":"center center","background-size":"auto","background-attachment":"scroll","background-type":"","background-media":"","overlay-type":"","overlay-color":"","overlay-opacity":"","overlay-gradient":""}},"ast-content-background-meta":{"desktop":{"background-color":"var(--ast-global-color-4)","background-image":"","background-repeat":"repeat","background-position":"center center","background-size":"auto","background-attachment":"scroll","background-type":"","background-media":"","overlay-type":"","overlay-color":"","overlay-opacity":"","overlay-gradient":""},"tablet":{"background-color":"var(--ast-global-color-4)","background-image":"","background-repeat":"repeat","background-position":"center center","background-size":"auto","background-attachment":"scroll","background-type":"","background-media":"","overlay-type":"","overlay-color":"","overlay-opacity":"","overlay-gradient":""},"mobile":{"background-color":"var(--ast-global-color-4)","background-image":"","background-repeat":"repeat","background-position":"center center","background-size":"auto","background-attachment":"scroll","background-type":"","background-media":"","overlay-type":"","overlay-color":"","overlay-opacity":"","overlay-gradient":""}},"footnotes":""},"class_list":["post-3159","page","type-page","status-publish","hentry"],"acf":[],"yoast_head":"<!-- This site is optimized with the Yoast SEO Premium plugin v26.6 (Yoast SEO v26.6) - https:\/\/yoast.com\/wordpress\/plugins\/seo\/ -->\n<title>Drug Education Videos: Learn, Understand, Prevent<\/title>\n<meta name=\"description\" content=\"Explore our Drug Education Videos for real-life advice on substance use, choices, and prevention. Empower yourself.\" \/>\n<meta name=\"robots\" content=\"index, follow, max-snippet:-1, max-image-preview:large, max-video-preview:-1\" \/>\n<link rel=\"canonical\" href=\"https:\/\/www.narconon.online\/cs\/videoteka-narconon\/protidrogova-vzdelavaci-videa\/\" \/>\n<meta property=\"og:locale\" content=\"cs_CZ\" \/>\n<meta property=\"og:type\" content=\"article\" \/>\n<meta property=\"og:title\" content=\"Drug Education Videos: Learn, Understand, Prevent\" \/>\n<meta property=\"og:description\" content=\"Explore our Drug Education Videos for real-life advice on substance use, choices, and prevention. Empower yourself.\" \/>\n<meta property=\"og:url\" content=\"https:\/\/www.narconon.online\/cs\/videoteka-narconon\/protidrogova-vzdelavaci-videa\/\" \/>\n<meta property=\"og:site_name\" content=\"Narconon Europe\" \/>\n<meta property=\"article:publisher\" content=\"https:\/\/www.facebook.com\/narcononeu\" \/>\n<meta property=\"article:modified_time\" content=\"2025-07-07T11:54:34+00:00\" \/>\n<meta property=\"og:image\" content=\"https:\/\/www.narconon.online\/wp-content\/uploads\/2025\/05\/freepik__a-professional-photorealistic-image-of-a-friendly-__61433.webp\" \/>\n\t<meta property=\"og:image:width\" content=\"1408\" \/>\n\t<meta property=\"og:image:height\" content=\"768\" \/>\n\t<meta property=\"og:image:type\" content=\"image\/webp\" \/>\n<meta name=\"twitter:card\" content=\"summary_large_image\" \/>\n<meta name=\"twitter:site\" content=\"@NARCONONEurope\" \/>\n<meta name=\"twitter:label1\" content=\"Odhadovan\u00e1 doba \u010dten\u00ed\" \/>\n\t<meta name=\"twitter:data1\" content=\"1 minuta\" \/>\n<script type=\"application\/ld+json\" class=\"yoast-schema-graph\">{\"@context\":\"https:\/\/schema.org\",\"@graph\":[{\"@type\":\"WebPage\",\"@id\":\"https:\/\/www.narconon.online\/narconon-video-library\/drug-education-videos\/\",\"url\":\"https:\/\/www.narconon.online\/narconon-video-library\/drug-education-videos\/\",\"name\":\"Drug Education Videos: Learn, Understand, Prevent\",\"isPartOf\":{\"@id\":\"https:\/\/www.narconon.online\/#website\"},\"datePublished\":\"2025-06-02T09:11:19+00:00\",\"dateModified\":\"2025-07-07T11:54:34+00:00\",\"description\":\"Explore our Drug Education Videos for real-life advice on substance use, choices, and prevention. Empower yourself.\",\"breadcrumb\":{\"@id\":\"https:\/\/www.narconon.online\/narconon-video-library\/drug-education-videos\/#breadcrumb\"},\"inLanguage\":\"cs\",\"potentialAction\":[{\"@type\":\"ReadAction\",\"target\":[\"https:\/\/www.narconon.online\/narconon-video-library\/drug-education-videos\/\"]}]},{\"@type\":\"BreadcrumbList\",\"@id\":\"https:\/\/www.narconon.online\/narconon-video-library\/drug-education-videos\/#breadcrumb\",\"itemListElement\":[{\"@type\":\"ListItem\",\"position\":1,\"name\":\"Home\",\"item\":\"https:\/\/www.narconon.online\/\"},{\"@type\":\"ListItem\",\"position\":2,\"name\":\"Narconon Video Library\",\"item\":\"https:\/\/www.narconon.online\/narconon-video-library\/\"},{\"@type\":\"ListItem\",\"position\":3,\"name\":\"Drug Education Videos: Learn, Understand, Prevent\"}]},{\"@type\":\"WebSite\",\"@id\":\"https:\/\/www.narconon.online\/#website\",\"url\":\"https:\/\/www.narconon.online\/\",\"name\":\"Narconon Europe\",\"description\":\"Drug Free For Good\",\"publisher\":{\"@id\":\"https:\/\/www.narconon.online\/#organization\"},\"potentialAction\":[{\"@type\":\"SearchAction\",\"target\":{\"@type\":\"EntryPoint\",\"urlTemplate\":\"https:\/\/www.narconon.online\/?s={search_term_string}\"},\"query-input\":{\"@type\":\"PropertyValueSpecification\",\"valueRequired\":true,\"valueName\":\"search_term_string\"}}],\"inLanguage\":\"cs\"},{\"@type\":\"Organization\",\"@id\":\"https:\/\/www.narconon.online\/#organization\",\"name\":\"Narconon Europe\",\"url\":\"https:\/\/www.narconon.online\/\",\"logo\":{\"@type\":\"ImageObject\",\"inLanguage\":\"cs\",\"@id\":\"https:\/\/www.narconon.online\/#\/schema\/logo\/image\/\",\"url\":\"https:\/\/www.narconon.online\/wp-content\/uploads\/2025\/03\/Logo-Narconon-Europe-2.png\",\"contentUrl\":\"https:\/\/www.narconon.online\/wp-content\/uploads\/2025\/03\/Logo-Narconon-Europe-2.png\",\"width\":2000,\"height\":707,\"caption\":\"Narconon Europe\"},\"image\":{\"@id\":\"https:\/\/www.narconon.online\/#\/schema\/logo\/image\/\"},\"sameAs\":[\"https:\/\/www.facebook.com\/narcononeu\",\"https:\/\/x.com\/NARCONONEurope\",\"https:\/\/www.instagram.com\/narconon.europe\/\",\"https:\/\/www.youtube.com\/channel\/UCNUxvhoqZZCAxXCYO4K7MvA\",\"https:\/\/www.tiktok.com\/@narconon.europe\"]}]}<\/script>\n<!-- \/ Yoast SEO Premium plugin. -->","yoast_head_json":{"title":"V\u00fdukov\u00e1 videa o drog\u00e1ch: Nau\u010dte se, pochopte, p\u0159edch\u00e1zejte","description":"Prohl\u00e9dn\u011bte si na\u0161e videa pro v\u00fduku o drog\u00e1ch, kde najdete rady z re\u00e1ln\u00e9ho \u017eivota t\u00fdkaj\u00edc\u00ed se u\u017e\u00edv\u00e1n\u00ed n\u00e1vykov\u00fdch l\u00e1tek, mo\u017enost\u00ed volby a prevence. Posilte se.","robots":{"index":"index","follow":"follow","max-snippet":"max-snippet:-1","max-image-preview":"max-image-preview:large","max-video-preview":"max-video-preview:-1"},"canonical":"https:\/\/www.narconon.online\/cs\/videoteka-narconon\/protidrogova-vzdelavaci-videa\/","og_locale":"cs_CZ","og_type":"article","og_title":"Drug Education Videos: Learn, Understand, Prevent","og_description":"Explore our Drug Education Videos for real-life advice on substance use, choices, and prevention. Empower yourself.","og_url":"https:\/\/www.narconon.online\/cs\/videoteka-narconon\/protidrogova-vzdelavaci-videa\/","og_site_name":"Narconon Europe","article_publisher":"https:\/\/www.facebook.com\/narcononeu","article_modified_time":"2025-07-07T11:54:34+00:00","og_image":[{"width":1408,"height":768,"url":"https:\/\/www.narconon.online\/wp-content\/uploads\/2025\/05\/freepik__a-professional-photorealistic-image-of-a-friendly-__61433.webp","type":"image\/webp"}],"twitter_card":"summary_large_image","twitter_site":"@NARCONONEurope","twitter_misc":{"Odhadovan\u00e1 doba \u010dten\u00ed":"1 minuta"},"schema":{"@context":"https:\/\/schema.org","@graph":[{"@type":"WebPage","@id":"https:\/\/www.narconon.online\/narconon-video-library\/drug-education-videos\/","url":"https:\/\/www.narconon.online\/narconon-video-library\/drug-education-videos\/","name":"V\u00fdukov\u00e1 videa o drog\u00e1ch: Nau\u010dte se, pochopte, p\u0159edch\u00e1zejte","isPartOf":{"@id":"https:\/\/www.narconon.online\/#website"},"datePublished":"2025-06-02T09:11:19+00:00","dateModified":"2025-07-07T11:54:34+00:00","description":"Prohl\u00e9dn\u011bte si na\u0161e videa pro v\u00fduku o drog\u00e1ch, kde najdete rady z re\u00e1ln\u00e9ho \u017eivota t\u00fdkaj\u00edc\u00ed se u\u017e\u00edv\u00e1n\u00ed n\u00e1vykov\u00fdch l\u00e1tek, mo\u017enost\u00ed volby a prevence. Posilte se.","breadcrumb":{"@id":"https:\/\/www.narconon.online\/narconon-video-library\/drug-education-videos\/#breadcrumb"},"inLanguage":"cs","potentialAction":[{"@type":"ReadAction","target":["https:\/\/www.narconon.online\/narconon-video-library\/drug-education-videos\/"]}]},{"@type":"BreadcrumbList","@id":"https:\/\/www.narconon.online\/narconon-video-library\/drug-education-videos\/#breadcrumb","itemListElement":[{"@type":"ListItem","position":1,"name":"Home","item":"https:\/\/www.narconon.online\/"},{"@type":"ListItem","position":2,"name":"Narconon Video Library","item":"https:\/\/www.narconon.online\/narconon-video-library\/"},{"@type":"ListItem","position":3,"name":"Drug Education Videos: Learn, Understand, Prevent"}]},{"@type":"WebSite","@id":"https:\/\/www.narconon.online\/#website","url":"https:\/\/www.narconon.online\/","name":"Narconon Evropa","description":"Bez drog napo\u0159\u00e1d","publisher":{"@id":"https:\/\/www.narconon.online\/#organization"},"potentialAction":[{"@type":"SearchAction","target":{"@type":"EntryPoint","urlTemplate":"https:\/\/www.narconon.online\/?s={search_term_string}"},"query-input":{"@type":"PropertyValueSpecification","valueRequired":true,"valueName":"search_term_string"}}],"inLanguage":"cs"},{"@type":"Organization","@id":"https:\/\/www.narconon.online\/#organization","name":"Narconon Evropa","url":"https:\/\/www.narconon.online\/","logo":{"@type":"ImageObject","inLanguage":"cs","@id":"https:\/\/www.narconon.online\/#\/schema\/logo\/image\/","url":"https:\/\/www.narconon.online\/wp-content\/uploads\/2025\/03\/Logo-Narconon-Europe-2.png","contentUrl":"https:\/\/www.narconon.online\/wp-content\/uploads\/2025\/03\/Logo-Narconon-Europe-2.png","width":2000,"height":707,"caption":"Narconon Europe"},"image":{"@id":"https:\/\/www.narconon.online\/#\/schema\/logo\/image\/"},"sameAs":["https:\/\/www.facebook.com\/narcononeu","https:\/\/x.com\/NARCONONEurope","https:\/\/www.instagram.com\/narconon.europe\/","https:\/\/www.youtube.com\/channel\/UCNUxvhoqZZCAxXCYO4K7MvA","https:\/\/www.tiktok.com\/@narconon.europe"]}]}},"_links":{"self":[{"href":"https:\/\/www.narconon.online\/cs\/wp-json\/wp\/v2\/pages\/3159","targetHints":{"allow":["GET"]}}],"collection":[{"href":"https:\/\/www.narconon.online\/cs\/wp-json\/wp\/v2\/pages"}],"about":[{"href":"https:\/\/www.narconon.online\/cs\/wp-json\/wp\/v2\/types\/page"}],"author":[{"embeddable":true,"href":"https:\/\/www.narconon.online\/cs\/wp-json\/wp\/v2\/users\/2"}],"replies":[{"embeddable":true,"href":"https:\/\/www.narconon.online\/cs\/wp-json\/wp\/v2\/comments?post=3159"}],"version-history":[{"count":20,"href":"https:\/\/www.narconon.online\/cs\/wp-json\/wp\/v2\/pages\/3159\/revisions"}],"predecessor-version":[{"id":5352,"href":"https:\/\/www.narconon.online\/cs\/wp-json\/wp\/v2\/pages\/3159\/revisions\/5352"}],"up":[{"embeddable":true,"href":"https:\/\/www.narconon.online\/cs\/wp-json\/wp\/v2\/pages\/3179"}],"wp:attachment":[{"href":"https:\/\/www.narconon.online\/cs\/wp-json\/wp\/v2\/media?parent=3159"}],"curies":[{"name":"wp","href":"https:\/\/api.w.org\/{rel}","templated":true}]}}